{"id":10065,"date":"2025-12-20T01:36:18","date_gmt":"2025-12-20T00:36:18","guid":{"rendered":"https:\/\/r-mboutique.com\/?post_type=product&#038;p=10065"},"modified":"2026-01-10T11:34:46","modified_gmt":"2026-01-10T10:34:46","slug":"hugo-boss-candor-chrono-1514250","status":"publish","type":"product","link":"https:\/\/r-mboutique.com\/index.php\/product\/hugo-boss-candor-chrono-1514250\/","title":{"rendered":"Hugo Boss Candor Chrono 1514250"},"content":{"rendered":"<p><span style=\"margin: 0px;padding: 0px;border: 0px;font-style: inherit;font-weight: inherit;line-height: inherit;font-family: inherit;font-size: 14px;vertical-align: baseline\">Cette montre Hugo Boss a un bo\u00eetier acier de 41 mm en diam\u00e8tre et \u00e9quip\u00e9e d\u2019un bracelet en acier. <\/span><\/p>\n<p style=\"margin: 0px 0px 20px;padding: 0px;border: 0px;font-style: normal;font-weight: 400;line-height: inherit;font-family: Karla, Arial, Helvetica, sans-serif;font-size: 14px;vertical-align: baseline;letter-spacing: normal;text-align: start;text-indent: 0px;text-transform: none;text-decoration: none\"><span style=\"margin: 0px;padding: 0px;border: 0px;font-style: inherit;font-weight: inherit;line-height: inherit;font-family: inherit;font-size: 14px;vertical-align: baseline\">Le bo\u00eetier contient un mouvement Seiko Instruments Inc. et la montre est dot\u00e9e d\u2019un cristal Min\u00e9ral..<\/span><\/p>\n<p style=\"margin: 0px 0px 20px;padding: 0px;border: 0px;font-style: normal;font-weight: 400;line-height: inherit;font-family: Karla, Arial, Helvetica, sans-serif;font-size: 14px;vertical-align: baseline;letter-spacing: normal;text-align: start;text-indent: 0px;text-transform: none;text-decoration: none\"><span style=\"margin: 0px;padding: 0px;border: 0px;font-style: inherit;font-weight: inherit;line-height: inherit;font-family: inherit;font-size: 14px;vertical-align: baseline\">La montre est 5 ATM. Cela signifie que la montre est adapt\u00e9e \u00e0 la douche. La montre est livr\u00e9e avec la Garantie de 2 ans.<\/span><\/p>\n","protected":false},"excerpt":{"rendered":"<p>Cette montre Hugo Boss a un bo\u00eetier acier de 41 mm en diam\u00e8tre et \u00e9quip\u00e9e d\u2019un bracelet en acier. Le<\/p>\n","protected":false},"featured_media":10247,"comment_status":"open","ping_status":"closed","template":"","meta":{"om_disable_all_campaigns":false},"product_cat":[37,42,26,28],"product_tag":[],"jetpack-related-posts":[{"id":9713,"url":"https:\/\/r-mboutique.com\/index.php\/product\/hugo-boss-champion-1513871\/","url_meta":{"origin":10065,"position":0},"title":"Hugo Boss Champion 1513871","author":"Ramzi Merabtine","date":"10\/24\/2025","format":false,"excerpt":"Cette montre Hugo Boss \u00e0 un bo\u00eetier en Acier Inoxydable avec un diam\u00e8tre de 44mm et poss\u00e8de un bracelet en acier. Le bo\u00eetier de la montre contient un mouvement et un cristal min\u00e9ral. La montre est \u00e9tanche \u00e0 10ATM. Cela signifie que la montre est \u00e9tanche pour nager. La montre\u2026","rel":"","context":"Article similaire","block_context":{"text":"Article similaire","link":""},"img":{"alt_text":"","src":"https:\/\/i0.wp.com\/r-mboutique.com\/wp-content\/uploads\/2025\/11\/img_0931.jpeg?fit=944%2C944&ssl=1&resize=350%2C200","width":350,"height":200,"srcset":"https:\/\/i0.wp.com\/r-mboutique.com\/wp-content\/uploads\/2025\/11\/img_0931.jpeg?fit=944%2C944&ssl=1&resize=350%2C200 1x, https:\/\/i0.wp.com\/r-mboutique.com\/wp-content\/uploads\/2025\/11\/img_0931.jpeg?fit=944%2C944&ssl=1&resize=525%2C300 1.5x, https:\/\/i0.wp.com\/r-mboutique.com\/wp-content\/uploads\/2025\/11\/img_0931.jpeg?fit=944%2C944&ssl=1&resize=700%2C400 2x"},"classes":[]},{"id":9718,"url":"https:\/\/r-mboutique.com\/index.php\/product\/hugo-boss-champion-1513818\/","url_meta":{"origin":10065,"position":1},"title":"Hugo Boss Champion 1513818","author":"Ramzi Merabtine","date":"10\/24\/2025","format":false,"excerpt":"Cette montre Hugo Boss \u00e0 un bo\u00eetier en Acier Inoxydable avec un diam\u00e8tre de 44mm et poss\u00e8de un bracelet en acier. Le bo\u00eetier de la montre contient un mouvement et un cristal min\u00e9ral. La montre est \u00e9tanche \u00e0 10ATM. Cela signifie que la montre est \u00e9tanche pour nager. La montre\u2026","rel":"","context":"Article similaire","block_context":{"text":"Article similaire","link":""},"img":{"alt_text":"","src":"https:\/\/i0.wp.com\/r-mboutique.com\/wp-content\/uploads\/2025\/11\/img_0932.jpeg?fit=1200%2C1200&ssl=1&resize=350%2C200","width":350,"height":200,"srcset":"https:\/\/i0.wp.com\/r-mboutique.com\/wp-content\/uploads\/2025\/11\/img_0932.jpeg?fit=1200%2C1200&ssl=1&resize=350%2C200 1x, https:\/\/i0.wp.com\/r-mboutique.com\/wp-content\/uploads\/2025\/11\/img_0932.jpeg?fit=1200%2C1200&ssl=1&resize=525%2C300 1.5x, https:\/\/i0.wp.com\/r-mboutique.com\/wp-content\/uploads\/2025\/11\/img_0932.jpeg?fit=1200%2C1200&ssl=1&resize=700%2C400 2x, https:\/\/i0.wp.com\/r-mboutique.com\/wp-content\/uploads\/2025\/11\/img_0932.jpeg?fit=1200%2C1200&ssl=1&resize=1050%2C600 3x"},"classes":[]},{"id":9702,"url":"https:\/\/r-mboutique.com\/index.php\/product\/hugo-boss-champion-1513960\/","url_meta":{"origin":10065,"position":2},"title":"Hugo Boss Champion 1513960","author":"Ramzi Merabtine","date":"10\/24\/2025","format":false,"excerpt":"Cette montre Hugo Boss \u00e0 un bo\u00eetier en Acier Inoxydable Rev\u00eatue en Couleur avec un diam\u00e8tre de 44mm et poss\u00e8de un bracelet en acier. Le bo\u00eetier de la montre contient un mouvement et un cristal min\u00e9ral. La montre est \u00e9tanche \u00e0 10ATM. Cela signifie que la montre est \u00e9tanche pour\u2026","rel":"","context":"Article similaire","block_context":{"text":"Article similaire","link":""},"img":{"alt_text":"","src":"https:\/\/i0.wp.com\/r-mboutique.com\/wp-content\/uploads\/2025\/11\/img_1008-scaled.jpeg?fit=1200%2C1200&ssl=1&resize=350%2C200","width":350,"height":200,"srcset":"https:\/\/i0.wp.com\/r-mboutique.com\/wp-content\/uploads\/2025\/11\/img_1008-scaled.jpeg?fit=1200%2C1200&ssl=1&resize=350%2C200 1x, https:\/\/i0.wp.com\/r-mboutique.com\/wp-content\/uploads\/2025\/11\/img_1008-scaled.jpeg?fit=1200%2C1200&ssl=1&resize=525%2C300 1.5x, https:\/\/i0.wp.com\/r-mboutique.com\/wp-content\/uploads\/2025\/11\/img_1008-scaled.jpeg?fit=1200%2C1200&ssl=1&resize=700%2C400 2x, https:\/\/i0.wp.com\/r-mboutique.com\/wp-content\/uploads\/2025\/11\/img_1008-scaled.jpeg?fit=1200%2C1200&ssl=1&resize=1050%2C600 3x"},"classes":[]},{"id":9708,"url":"https:\/\/r-mboutique.com\/index.php\/product\/hugo-boss-champion-1513848\/","url_meta":{"origin":10065,"position":3},"title":"Hugo Boss Champion 1513848","author":"Ramzi Merabtine","date":"10\/24\/2025","format":false,"excerpt":"Cette montre Hugo Boss \u00e0 un bo\u00eetier en Acier Inoxydable PVD Dor\u00e9 avec un diam\u00e8tre de 44mm et poss\u00e8de un bracelet en acier. Le bo\u00eetier de la montre contient un mouvement et un cristal min\u00e9ral. La montre est \u00e9tanche \u00e0 10ATM. Cela signifie que la montre est \u00e9tanche pour nager.\u2026","rel":"","context":"Article similaire","block_context":{"text":"Article similaire","link":""},"img":{"alt_text":"","src":"https:\/\/i0.wp.com\/r-mboutique.com\/wp-content\/uploads\/2025\/10\/96ba83c2-e085-4121-b5aa-80f523d15447-scaled.jpeg?fit=1200%2C1200&ssl=1&resize=350%2C200","width":350,"height":200,"srcset":"https:\/\/i0.wp.com\/r-mboutique.com\/wp-content\/uploads\/2025\/10\/96ba83c2-e085-4121-b5aa-80f523d15447-scaled.jpeg?fit=1200%2C1200&ssl=1&resize=350%2C200 1x, https:\/\/i0.wp.com\/r-mboutique.com\/wp-content\/uploads\/2025\/10\/96ba83c2-e085-4121-b5aa-80f523d15447-scaled.jpeg?fit=1200%2C1200&ssl=1&resize=525%2C300 1.5x, https:\/\/i0.wp.com\/r-mboutique.com\/wp-content\/uploads\/2025\/10\/96ba83c2-e085-4121-b5aa-80f523d15447-scaled.jpeg?fit=1200%2C1200&ssl=1&resize=700%2C400 2x, https:\/\/i0.wp.com\/r-mboutique.com\/wp-content\/uploads\/2025\/10\/96ba83c2-e085-4121-b5aa-80f523d15447-scaled.jpeg?fit=1200%2C1200&ssl=1&resize=1050%2C600 3x"},"classes":[]},{"id":9983,"url":"https:\/\/r-mboutique.com\/index.php\/product\/hugo-boss-strike-chrono-1514241\/","url_meta":{"origin":10065,"position":4},"title":"Hugo Boss Strike Chrono 1514241","author":"Ramzi Merabtine","date":"12\/18\/2025","format":false,"excerpt":"Cette montre Hugo Boss a un bo\u00eetier acier de 41 mm en diam\u00e8tre et \u00e9quip\u00e9e d\u2019un bracelet en acier. Le bo\u00eetier contient un mouvement Seiko Instruments Inc. et la montre est dot\u00e9e d\u2019un cristal Min\u00e9ral.. La montre est 5 ATM. Cela signifie que la montre est adapt\u00e9e \u00e0 la douche.\u2026","rel":"","context":"Article similaire","block_context":{"text":"Article similaire","link":""},"img":{"alt_text":"","src":"https:\/\/i0.wp.com\/r-mboutique.com\/wp-content\/uploads\/2025\/12\/img_1496.jpeg?fit=1000%2C1000&ssl=1&resize=350%2C200","width":350,"height":200,"srcset":"https:\/\/i0.wp.com\/r-mboutique.com\/wp-content\/uploads\/2025\/12\/img_1496.jpeg?fit=1000%2C1000&ssl=1&resize=350%2C200 1x, https:\/\/i0.wp.com\/r-mboutique.com\/wp-content\/uploads\/2025\/12\/img_1496.jpeg?fit=1000%2C1000&ssl=1&resize=525%2C300 1.5x, https:\/\/i0.wp.com\/r-mboutique.com\/wp-content\/uploads\/2025\/12\/img_1496.jpeg?fit=1000%2C1000&ssl=1&resize=700%2C400 2x"},"classes":[]},{"id":9989,"url":"https:\/\/r-mboutique.com\/index.php\/product\/hugo-boss-strike-chrono-1514240\/","url_meta":{"origin":10065,"position":5},"title":"Hugo Boss Strike Chrono 1514240","author":"Ramzi Merabtine","date":"12\/18\/2025","format":false,"excerpt":"Cette montre Hugo Boss a un bo\u00eetier acier de 41 mm en diam\u00e8tre et \u00e9quip\u00e9e d\u2019un bracelet en acier. Le bo\u00eetier contient un mouvement Seiko Instruments Inc. et la montre est dot\u00e9e d\u2019un cristal Min\u00e9ral.. La montre est 5 ATM. Cela signifie que la montre est adapt\u00e9e \u00e0 la douche.\u2026","rel":"","context":"Article similaire","block_context":{"text":"Article similaire","link":""},"img":{"alt_text":"","src":"https:\/\/i0.wp.com\/r-mboutique.com\/wp-content\/uploads\/2025\/12\/img_1503.jpeg?fit=1000%2C1000&ssl=1&resize=350%2C200","width":350,"height":200,"srcset":"https:\/\/i0.wp.com\/r-mboutique.com\/wp-content\/uploads\/2025\/12\/img_1503.jpeg?fit=1000%2C1000&ssl=1&resize=350%2C200 1x, https:\/\/i0.wp.com\/r-mboutique.com\/wp-content\/uploads\/2025\/12\/img_1503.jpeg?fit=1000%2C1000&ssl=1&resize=525%2C300 1.5x, https:\/\/i0.wp.com\/r-mboutique.com\/wp-content\/uploads\/2025\/12\/img_1503.jpeg?fit=1000%2C1000&ssl=1&resize=700%2C400 2x"},"classes":[]}],"_links":{"self":[{"href":"https:\/\/r-mboutique.com\/index.php\/wp-json\/wp\/v2\/product\/10065"}],"collection":[{"href":"https:\/\/r-mboutique.com\/index.php\/wp-json\/wp\/v2\/product"}],"about":[{"href":"https:\/\/r-mboutique.com\/index.php\/wp-json\/wp\/v2\/types\/product"}],"replies":[{"embeddable":true,"href":"https:\/\/r-mboutique.com\/index.php\/wp-json\/wp\/v2\/comments?post=10065"}],"wp:featuredmedia":[{"embeddable":true,"href":"https:\/\/r-mboutique.com\/index.php\/wp-json\/wp\/v2\/media\/10247"}],"wp:attachment":[{"href":"https:\/\/r-mboutique.com\/index.php\/wp-json\/wp\/v2\/media?parent=10065"}],"wp:term":[{"taxonomy":"product_cat","embeddable":true,"href":"https:\/\/r-mboutique.com\/index.php\/wp-json\/wp\/v2\/product_cat?post=10065"},{"taxonomy":"product_tag","embeddable":true,"href":"https:\/\/r-mboutique.com\/index.php\/wp-json\/wp\/v2\/product_tag?post=10065"}],"curies":[{"name":"wp","href":"https:\/\/api.w.org\/{rel}","templated":true}]}}