{"id":10212,"date":"2026-01-08T02:34:16","date_gmt":"2026-01-08T01:34:16","guid":{"rendered":"https:\/\/r-mboutique.com\/index.php\/product\/emporio-armani-sea-explorer-ar60080\/"},"modified":"2026-01-09T00:10:48","modified_gmt":"2026-01-08T23:10:48","slug":"emporio-armani-sea-explorer-ar60080","status":"publish","type":"product","link":"https:\/\/r-mboutique.com\/index.php\/product\/emporio-armani-sea-explorer-ar60080\/","title":{"rendered":"Emporio Armani Sea Explorer AR60080"},"content":{"rendered":"<p>Cette montre Emporio Armani \u00e0 un bo\u00eetier en acier inoxydable avec un diam\u00e8tre de 42mm et 14mm d&#8217;\u00e9paisseur avec lunette super-luminova, couronne viss\u00e9, et un bracelet en acier avec fermoir en boucle d\u00e9ployante plus s\u00e9curit\u00e9.<\/p>\n<p style=\"margin: 0px 0px 20px;padding: 0px;border: 0px;font-style: normal;font-weight: 400;line-height: inherit;font-family: Karla, Arial, Helvetica, sans-serif;font-size: 14px;vertical-align: baseline;letter-spacing: normal;text-align: start;text-indent: 0px;text-transform: none;text-decoration: none\">Le bo\u00eetier de la montre contient un mouvement automatique avec fond ouvert et un cristal saphir.<\/p>\n<p style=\"margin: 0px 0px 20px;padding: 0px;border: 0px;font-style: normal;font-weight: 400;line-height: inherit;font-family: Karla, Arial, Helvetica, sans-serif;font-size: 14px;vertical-align: baseline;letter-spacing: normal;text-align: start;text-indent: 0px;text-transform: none;text-decoration: none\">La montre est \u00e9tanche \u00e0 20ATM (200 mettre). Cela signifie que la montre est \u00e9tanche pour la douche.<\/p>\n<p style=\"margin: 0px 0px 20px;padding: 0px;border: 0px;font-style: normal;font-weight: 400;line-height: inherit;font-family: Karla, Arial, Helvetica, sans-serif;font-size: 14px;vertical-align: baseline;letter-spacing: normal;text-align: start;text-indent: 0px;text-transform: none;text-decoration: none\">La montre est livr\u00e9e avec 2 ann\u00e9es de garantie.<\/p>\n<p style=\"margin: 0px 0px 20px;padding: 0px;border: 0px;font-style: normal;font-weight: 400;line-height: inherit;font-family: Karla, Arial, Helvetica, sans-serif;font-size: 14px;vertical-align: baseline;letter-spacing: normal;text-align: start;text-indent: 0px;text-transform: none;text-decoration: none\">Collection Emporio Armani \u2013<span class=\"Apple-converted-space\">&nbsp;<\/span><span style=\"margin: 0px;padding: 0px;border: 0px;font-style: inherit;font-weight: inherit;line-height: inherit;font-family: inherit;font-size: 14px;vertical-align: baseline\">Automne \/ Hiver<\/span><span class=\"Apple-converted-space\">&nbsp;<\/span>2023<\/p>\n","protected":false},"excerpt":{"rendered":"<p>Cette montre Emporio Armani \u00e0 un bo\u00eetier en acier inoxydable avec un diam\u00e8tre de 42mm et 14mm d&#8217;\u00e9paisseur avec lunette<\/p>\n","protected":false},"featured_media":10211,"comment_status":"open","ping_status":"closed","template":"","meta":{"om_disable_all_campaigns":false},"product_cat":[37,41,26,28],"product_tag":[],"jetpack-related-posts":[{"id":10295,"url":"https:\/\/r-mboutique.com\/index.php\/product\/emporio-armani-gianni-ar11667\/","url_meta":{"origin":10212,"position":0},"title":"Emporio Armani Gianni AR11667","author":"Ramzi Merabtine","date":"01\/16\/2026","format":false,"excerpt":"Cette montre Emporio Armani \u00e0 un bo\u00eetier en acier inoxydable avec un diam\u00e8tre de 32mm et poss\u00e8de un bracelet en acier.\u00a0 Le bo\u00eetier de la montre contient un mouvement et un cristal min\u00e9ral. La montre est \u00e9tanche \u00e0 3ATM. Cela signifie que la montre est \u00e9tanche \u00e0 des \u00e9claboussures.\u00a0 La\u2026","rel":"","context":"Article similaire","block_context":{"text":"Article similaire","link":""},"img":{"alt_text":"","src":"https:\/\/i0.wp.com\/r-mboutique.com\/wp-content\/uploads\/2026\/01\/dji_20260116_172218_390.jpeg?fit=1200%2C1200&ssl=1&resize=350%2C200","width":350,"height":200,"srcset":"https:\/\/i0.wp.com\/r-mboutique.com\/wp-content\/uploads\/2026\/01\/dji_20260116_172218_390.jpeg?fit=1200%2C1200&ssl=1&resize=350%2C200 1x, https:\/\/i0.wp.com\/r-mboutique.com\/wp-content\/uploads\/2026\/01\/dji_20260116_172218_390.jpeg?fit=1200%2C1200&ssl=1&resize=525%2C300 1.5x, https:\/\/i0.wp.com\/r-mboutique.com\/wp-content\/uploads\/2026\/01\/dji_20260116_172218_390.jpeg?fit=1200%2C1200&ssl=1&resize=700%2C400 2x, https:\/\/i0.wp.com\/r-mboutique.com\/wp-content\/uploads\/2026\/01\/dji_20260116_172218_390.jpeg?fit=1200%2C1200&ssl=1&resize=1050%2C600 3x"},"classes":[]},{"id":10309,"url":"https:\/\/r-mboutique.com\/index.php\/product\/emporio-armani-mia-ar11630\/","url_meta":{"origin":10212,"position":1},"title":"Emporio Armani Mia AR11630","author":"Ramzi Merabtine","date":"01\/16\/2026","format":false,"excerpt":"Cette montre Emporio Armani \u00e0 un bo\u00eetier en acier inoxydable avec un diam\u00e8tre de 32mm et poss\u00e8de un bracelet en acier.\u00a0 Le bo\u00eetier de la montre contient un mouvement et un cristal min\u00e9ral. La montre est \u00e9tanche \u00e0 5ATM. Cela signifie que la montre est \u00e9tanche \u00e0 des \u00e9claboussures.\u00a0 La\u2026","rel":"","context":"Article similaire","block_context":{"text":"Article similaire","link":""},"img":{"alt_text":"","src":"https:\/\/i0.wp.com\/r-mboutique.com\/wp-content\/uploads\/2026\/01\/dji_20260116_171939_082.jpeg?fit=1200%2C1200&ssl=1&resize=350%2C200","width":350,"height":200,"srcset":"https:\/\/i0.wp.com\/r-mboutique.com\/wp-content\/uploads\/2026\/01\/dji_20260116_171939_082.jpeg?fit=1200%2C1200&ssl=1&resize=350%2C200 1x, https:\/\/i0.wp.com\/r-mboutique.com\/wp-content\/uploads\/2026\/01\/dji_20260116_171939_082.jpeg?fit=1200%2C1200&ssl=1&resize=525%2C300 1.5x, https:\/\/i0.wp.com\/r-mboutique.com\/wp-content\/uploads\/2026\/01\/dji_20260116_171939_082.jpeg?fit=1200%2C1200&ssl=1&resize=700%2C400 2x, https:\/\/i0.wp.com\/r-mboutique.com\/wp-content\/uploads\/2026\/01\/dji_20260116_171939_082.jpeg?fit=1200%2C1200&ssl=1&resize=1050%2C600 3x"},"classes":[]},{"id":10302,"url":"https:\/\/r-mboutique.com\/index.php\/product\/emporio-armani-mia-ar11609\/","url_meta":{"origin":10212,"position":2},"title":"Emporio Armani Mia AR11609","author":"Ramzi Merabtine","date":"01\/16\/2026","format":false,"excerpt":"Cette montre Emporio Armani \u00e0 un bo\u00eetier en acier inoxydable PVD avec un diam\u00e8tre de 32mm et poss\u00e8de un bracelet en acier.\u00a0 Le bo\u00eetier de la montre contient un mouvement et un cristal min\u00e9ral. La montre est \u00e9tanche \u00e0 5ATM. Cela signifie que la montre est \u00e9tanche \u00e0 des \u00e9claboussures.\u00a0\u2026","rel":"","context":"Article similaire","block_context":{"text":"Article similaire","link":""},"img":{"alt_text":"","src":"https:\/\/i0.wp.com\/r-mboutique.com\/wp-content\/uploads\/2026\/03\/3ebe42fc-0f75-46e6-bb42-7e23301b2306.jpeg?fit=1024%2C1024&ssl=1&resize=350%2C200","width":350,"height":200,"srcset":"https:\/\/i0.wp.com\/r-mboutique.com\/wp-content\/uploads\/2026\/03\/3ebe42fc-0f75-46e6-bb42-7e23301b2306.jpeg?fit=1024%2C1024&ssl=1&resize=350%2C200 1x, https:\/\/i0.wp.com\/r-mboutique.com\/wp-content\/uploads\/2026\/03\/3ebe42fc-0f75-46e6-bb42-7e23301b2306.jpeg?fit=1024%2C1024&ssl=1&resize=525%2C300 1.5x, https:\/\/i0.wp.com\/r-mboutique.com\/wp-content\/uploads\/2026\/03\/3ebe42fc-0f75-46e6-bb42-7e23301b2306.jpeg?fit=1024%2C1024&ssl=1&resize=700%2C400 2x"},"classes":[]},{"id":1530,"url":"https:\/\/r-mboutique.com\/index.php\/product\/emporio-armani-ar11132\/","url_meta":{"origin":10212,"position":3},"title":"Emporio Armani Luigi Slim Ar11132","author":"Ramzi Merabtine","date":"08\/16\/2020","format":false,"excerpt":"Montre Chronographe Acier Ronde 43mm Fond Bleu Bracelet Acier","rel":"","context":"Article similaire","block_context":{"text":"Article similaire","link":""},"img":{"alt_text":"","src":"https:\/\/i0.wp.com\/r-mboutique.com\/wp-content\/uploads\/2020\/08\/AR11132-1.jpg?fit=1000%2C1000&ssl=1&resize=350%2C200","width":350,"height":200,"srcset":"https:\/\/i0.wp.com\/r-mboutique.com\/wp-content\/uploads\/2020\/08\/AR11132-1.jpg?fit=1000%2C1000&ssl=1&resize=350%2C200 1x, https:\/\/i0.wp.com\/r-mboutique.com\/wp-content\/uploads\/2020\/08\/AR11132-1.jpg?fit=1000%2C1000&ssl=1&resize=525%2C300 1.5x, https:\/\/i0.wp.com\/r-mboutique.com\/wp-content\/uploads\/2020\/08\/AR11132-1.jpg?fit=1000%2C1000&ssl=1&resize=700%2C400 2x"},"classes":[]},{"id":1525,"url":"https:\/\/r-mboutique.com\/index.php\/product\/emporio-armani-ar11215\/","url_meta":{"origin":10212,"position":4},"title":"Emporio Armani Renato Ar11215","author":"Ramzi Merabtine","date":"08\/16\/2020","format":false,"excerpt":"Montre Chronographe Acier Gunmetal Ronde 43mm Fond Bleu Bracelet Acier Gunmetal","rel":"","context":"Article similaire","block_context":{"text":"Article similaire","link":""},"img":{"alt_text":"","src":"https:\/\/i0.wp.com\/r-mboutique.com\/wp-content\/uploads\/2025\/10\/8a99e1e2-6403-4962-94aa-5855f75bd097.jpeg?fit=1200%2C1200&ssl=1&resize=350%2C200","width":350,"height":200,"srcset":"https:\/\/i0.wp.com\/r-mboutique.com\/wp-content\/uploads\/2025\/10\/8a99e1e2-6403-4962-94aa-5855f75bd097.jpeg?fit=1200%2C1200&ssl=1&resize=350%2C200 1x, https:\/\/i0.wp.com\/r-mboutique.com\/wp-content\/uploads\/2025\/10\/8a99e1e2-6403-4962-94aa-5855f75bd097.jpeg?fit=1200%2C1200&ssl=1&resize=525%2C300 1.5x, https:\/\/i0.wp.com\/r-mboutique.com\/wp-content\/uploads\/2025\/10\/8a99e1e2-6403-4962-94aa-5855f75bd097.jpeg?fit=1200%2C1200&ssl=1&resize=700%2C400 2x, https:\/\/i0.wp.com\/r-mboutique.com\/wp-content\/uploads\/2025\/10\/8a99e1e2-6403-4962-94aa-5855f75bd097.jpeg?fit=1200%2C1200&ssl=1&resize=1050%2C600 3x"},"classes":[]},{"id":10274,"url":"https:\/\/r-mboutique.com\/index.php\/product\/emporio-armani-gianni-t-bar-ar11686\/","url_meta":{"origin":10212,"position":5},"title":"Emporio Armani Gianni T-Bar AR11686","author":"Ramzi Merabtine","date":"01\/16\/2026","format":false,"excerpt":"Cette montre Emporio Armani \u00e0 un bo\u00eetier en acier inoxydable avec un diam\u00e8tre de 32mm et poss\u00e8de un bracelet en acier. Le bo\u00eetier de la montre contient un mouvement et un cristal min\u00e9ral. La montre est \u00e9tanche \u00e0 3ATM. Cela signifie que la montre est \u00e9tanche \u00e0 des \u00e9claboussures. La\u2026","rel":"","context":"Article similaire","block_context":{"text":"Article similaire","link":""},"img":{"alt_text":"","src":"https:\/\/i0.wp.com\/r-mboutique.com\/wp-content\/uploads\/2026\/01\/dji_20260116_172811_528.jpeg?fit=1200%2C1200&ssl=1&resize=350%2C200","width":350,"height":200,"srcset":"https:\/\/i0.wp.com\/r-mboutique.com\/wp-content\/uploads\/2026\/01\/dji_20260116_172811_528.jpeg?fit=1200%2C1200&ssl=1&resize=350%2C200 1x, https:\/\/i0.wp.com\/r-mboutique.com\/wp-content\/uploads\/2026\/01\/dji_20260116_172811_528.jpeg?fit=1200%2C1200&ssl=1&resize=525%2C300 1.5x, https:\/\/i0.wp.com\/r-mboutique.com\/wp-content\/uploads\/2026\/01\/dji_20260116_172811_528.jpeg?fit=1200%2C1200&ssl=1&resize=700%2C400 2x, https:\/\/i0.wp.com\/r-mboutique.com\/wp-content\/uploads\/2026\/01\/dji_20260116_172811_528.jpeg?fit=1200%2C1200&ssl=1&resize=1050%2C600 3x"},"classes":[]}],"_links":{"self":[{"href":"https:\/\/r-mboutique.com\/index.php\/wp-json\/wp\/v2\/product\/10212"}],"collection":[{"href":"https:\/\/r-mboutique.com\/index.php\/wp-json\/wp\/v2\/product"}],"about":[{"href":"https:\/\/r-mboutique.com\/index.php\/wp-json\/wp\/v2\/types\/product"}],"replies":[{"embeddable":true,"href":"https:\/\/r-mboutique.com\/index.php\/wp-json\/wp\/v2\/comments?post=10212"}],"wp:featuredmedia":[{"embeddable":true,"href":"https:\/\/r-mboutique.com\/index.php\/wp-json\/wp\/v2\/media\/10211"}],"wp:attachment":[{"href":"https:\/\/r-mboutique.com\/index.php\/wp-json\/wp\/v2\/media?parent=10212"}],"wp:term":[{"taxonomy":"product_cat","embeddable":true,"href":"https:\/\/r-mboutique.com\/index.php\/wp-json\/wp\/v2\/product_cat?post=10212"},{"taxonomy":"product_tag","embeddable":true,"href":"https:\/\/r-mboutique.com\/index.php\/wp-json\/wp\/v2\/product_tag?post=10212"}],"curies":[{"name":"wp","href":"https:\/\/api.w.org\/{rel}","templated":true}]}}