{"id":10332,"date":"2026-01-17T11:16:02","date_gmt":"2026-01-17T10:16:02","guid":{"rendered":"https:\/\/r-mboutique.com\/index.php\/product\/emporio-armani-genni-ar11663\/"},"modified":"2026-01-17T11:16:08","modified_gmt":"2026-01-17T10:16:08","slug":"emporio-armani-genni-ar11663","status":"publish","type":"product","link":"https:\/\/r-mboutique.com\/index.php\/product\/emporio-armani-genni-ar11663\/","title":{"rendered":"Emporio Armani Genni AR11663"},"content":{"rendered":"<p><span style=\"font-family: ui-sans-serif, system-ui, -apple-system, BlinkMacSystemFont,\">Cette montre Emporio Armani a un bo\u00eetier acier <\/span>inoxydable<span style=\"font-family: ui-sans-serif, system-ui, -apple-system, BlinkMacSystemFont,\"> PVD de 22 mm en diam\u00e8tre et <\/span><span>6.4 mm<\/span><span style=\"font-family: ui-sans-serif, system-ui, -apple-system, BlinkMacSystemFont,\"> <\/span>d&#8217;\u00e9paisseur<span style=\"font-family: ui-sans-serif, system-ui, -apple-system, BlinkMacSystemFont,\"> et est \u00e9quip\u00e9e d&#8217;un bracelet acier. <\/span><\/p>\n<p><span style=\"font-family: ui-sans-serif, system-ui, -apple-system, BlinkMacSystemFont,\">Le bo\u00eetier contient un mouvement Miyota et la montre est dot\u00e9e d&#8217;un cristal Min\u00e9ral..<\/span><\/p>\n<p><span style=\"font-family: ui-sans-serif, system-ui, -apple-system, BlinkMacSystemFont,\">La montre est <\/span>\u00e9tanche<span style=\"font-family: ui-sans-serif, system-ui, -apple-system, BlinkMacSystemFont,\"> <\/span>\u00e0<span style=\"font-family: ui-sans-serif, system-ui, -apple-system, BlinkMacSystemFont,\"> 5 ATM. Cela signifie que la montre est adapt\u00e9e \u00e0 la douche. <\/span><\/p>\n<p><span style=\"font-family: ui-sans-serif, system-ui, -apple-system, BlinkMacSystemFont,\">La montre est livr\u00e9e avec la Garantie de 2 ans.<\/span><\/p>\n<p><span style=\"font-family: Karla, Arial, Helvetica, sans-serif;font-size: 14px;font-style: normal;font-weight: 400;letter-spacing: normal;text-align: start;text-indent: 0px;text-transform: none;text-decoration: none;float: none\">Collection<\/span><span style=\"margin: 0px;padding: 0px;border: 0px;font-style: normal;font-weight: 400;line-height: inherit;font-family: Karla, Arial, Helvetica, sans-serif;font-size: 14px;vertical-align: baseline;letter-spacing: normal;text-align: start;text-indent: 0px;text-transform: none;text-decoration: none\"><span class=\"Apple-converted-space\">&nbsp;<\/span><\/span><span style=\"margin: 0px;padding: 0px;border: 0px;font-style: normal;font-weight: 400;line-height: inherit;font-family: Karla, Arial, Helvetica, sans-serif;font-size: 14px;vertical-align: baseline;letter-spacing: normal;text-align: start;text-indent: 0px;text-transform: none;text-decoration: none\">Emporio<\/span><span style=\"margin: 0px;padding: 0px;border: 0px;font-style: normal;font-weight: 400;line-height: inherit;font-family: Karla, Arial, Helvetica, sans-serif;font-size: 14px;vertical-align: baseline;letter-spacing: normal;text-align: start;text-indent: 0px;text-transform: none;text-decoration: none\"><span class=\"Apple-converted-space\">&nbsp;<\/span><\/span><span style=\"font-family: Karla, Arial, Helvetica, sans-serif;font-size: 14px;font-style: normal;font-weight: 400;letter-spacing: normal;text-align: start;text-indent: 0px;text-transform: none;text-decoration: none;float: none\">Armani<\/span><span style=\"margin: 0px;padding: 0px;border: 0px;font-style: normal;font-weight: 400;line-height: inherit;font-family: Karla, Arial, Helvetica, sans-serif;font-size: 14px;vertical-align: baseline;letter-spacing: normal;text-align: start;text-indent: 0px;text-transform: none;text-decoration: none\"><span class=\"Apple-converted-space\">&nbsp;<\/span><\/span><span style=\"margin: 0px;padding: 0px;border: 0px;font-style: normal;font-weight: 400;line-height: inherit;font-family: Karla, Arial, Helvetica, sans-serif;font-size: 14px;vertical-align: baseline;letter-spacing: normal;text-align: start;text-indent: 0px;text-transform: none;text-decoration: none\">\u2013<\/span><span style=\"margin: 0px;padding: 0px;border: 0px;font-style: normal;font-weight: 400;line-height: inherit;font-family: Karla, Arial, Helvetica, sans-serif;font-size: 14px;vertical-align: baseline;letter-spacing: normal;text-align: start;text-indent: 0px;text-transform: none;text-decoration: none\"><span class=\"Apple-converted-space\">&nbsp;<\/span><\/span><span style=\"margin: 0px;padding: 0px;border: 0px;font-style: normal;font-weight: 400;line-height: inherit;font-family: Karla, Arial, Helvetica, sans-serif;font-size: 14px;vertical-align: baseline;letter-spacing: normal;text-align: start;text-indent: 0px;text-transform: none;text-decoration: none\"><span class=\"Apple-converted-space\">&nbsp;<\/span><\/span><span>Automne \/ Hiver<\/span><span style=\"margin: 0px;padding: 0px;border: 0px;font-style: normal;font-weight: 400;line-height: inherit;font-family: Karla, Arial, Helvetica, sans-serif;font-size: 14px;vertical-align: baseline;letter-spacing: normal;text-align: start;text-indent: 0px;text-transform: none;text-decoration: none\"> 2025<\/span><\/p>\n","protected":false},"excerpt":{"rendered":"<p>Cette montre Emporio Armani a un bo\u00eetier acier inoxydable PVD de 22 mm en diam\u00e8tre et 6.4 mm d&#8217;\u00e9paisseur et<\/p>\n","protected":false},"featured_media":10331,"comment_status":"open","ping_status":"closed","template":"","meta":{"om_disable_all_campaigns":false},"product_cat":[37,41,26,30],"product_tag":[],"jetpack-related-posts":[{"id":10366,"url":"https:\/\/r-mboutique.com\/index.php\/product\/emporio-armani-genni-ar11625\/","url_meta":{"origin":10332,"position":0},"title":"Emporio Armani Genni AR11625","author":"Ramzi Merabtine","date":"01\/20\/2026","format":false,"excerpt":"Cette montre Emporio Armani a un bo\u00eetier acier de 22 mm en diam\u00e8tre et\u00a06.4 mm\u00a0d\u2019\u00e9paisseur\u00a0et est \u00e9quip\u00e9e d\u2019un bracelet acier.\u00a0 Le bo\u00eetier contient un mouvement Miyota et la montre est dot\u00e9e d\u2019un cristal Min\u00e9ral.. La montre est\u00a0\u00e9tanche\u00a0\u00e0\u00a05 ATM. Cela signifie que la montre est adapt\u00e9e \u00e0 la douche.\u00a0 La montre\u2026","rel":"","context":"Article similaire","block_context":{"text":"Article similaire","link":""},"img":{"alt_text":"","src":"https:\/\/i0.wp.com\/r-mboutique.com\/wp-content\/uploads\/2026\/01\/39ff2943-c232-4392-9be2-f500cc2b812d-scaled.jpeg?fit=1200%2C1200&ssl=1&resize=350%2C200","width":350,"height":200,"srcset":"https:\/\/i0.wp.com\/r-mboutique.com\/wp-content\/uploads\/2026\/01\/39ff2943-c232-4392-9be2-f500cc2b812d-scaled.jpeg?fit=1200%2C1200&ssl=1&resize=350%2C200 1x, https:\/\/i0.wp.com\/r-mboutique.com\/wp-content\/uploads\/2026\/01\/39ff2943-c232-4392-9be2-f500cc2b812d-scaled.jpeg?fit=1200%2C1200&ssl=1&resize=525%2C300 1.5x, https:\/\/i0.wp.com\/r-mboutique.com\/wp-content\/uploads\/2026\/01\/39ff2943-c232-4392-9be2-f500cc2b812d-scaled.jpeg?fit=1200%2C1200&ssl=1&resize=700%2C400 2x, https:\/\/i0.wp.com\/r-mboutique.com\/wp-content\/uploads\/2026\/01\/39ff2943-c232-4392-9be2-f500cc2b812d-scaled.jpeg?fit=1200%2C1200&ssl=1&resize=1050%2C600 3x"},"classes":[]},{"id":10378,"url":"https:\/\/r-mboutique.com\/index.php\/product\/emporio-armani-genni-ar11642\/","url_meta":{"origin":10332,"position":1},"title":"Emporio Armani Genni AR11642","author":"Ramzi Merabtine","date":"01\/22\/2026","format":false,"excerpt":"Cette montre Emporio Armani a un bo\u00eetier acier de 22 mm en diam\u00e8tre et\u00a06.4 mm\u00a0d\u2019\u00e9paisseur\u00a0et est \u00e9quip\u00e9e d\u2019un bracelet acier.\u00a0 Le bo\u00eetier contient un mouvement Miyota et la montre est dot\u00e9e d\u2019un cristal Min\u00e9ral.. La montre est\u00a0\u00e9tanche\u00a0\u00e0\u00a05 ATM. Cela signifie que la montre est adapt\u00e9e \u00e0 la douche.\u00a0 La montre\u2026","rel":"","context":"Article similaire","block_context":{"text":"Article similaire","link":""},"img":{"alt_text":"","src":"https:\/\/i0.wp.com\/r-mboutique.com\/wp-content\/uploads\/2026\/01\/5afad942-e32b-4f60-8fd8-fbcbc6f512ba-scaled.jpeg?fit=1200%2C1200&ssl=1&resize=350%2C200","width":350,"height":200,"srcset":"https:\/\/i0.wp.com\/r-mboutique.com\/wp-content\/uploads\/2026\/01\/5afad942-e32b-4f60-8fd8-fbcbc6f512ba-scaled.jpeg?fit=1200%2C1200&ssl=1&resize=350%2C200 1x, https:\/\/i0.wp.com\/r-mboutique.com\/wp-content\/uploads\/2026\/01\/5afad942-e32b-4f60-8fd8-fbcbc6f512ba-scaled.jpeg?fit=1200%2C1200&ssl=1&resize=525%2C300 1.5x, https:\/\/i0.wp.com\/r-mboutique.com\/wp-content\/uploads\/2026\/01\/5afad942-e32b-4f60-8fd8-fbcbc6f512ba-scaled.jpeg?fit=1200%2C1200&ssl=1&resize=700%2C400 2x, https:\/\/i0.wp.com\/r-mboutique.com\/wp-content\/uploads\/2026\/01\/5afad942-e32b-4f60-8fd8-fbcbc6f512ba-scaled.jpeg?fit=1200%2C1200&ssl=1&resize=1050%2C600 3x"},"classes":[]},{"id":10388,"url":"https:\/\/r-mboutique.com\/index.php\/product\/emporio-armani-genni-ar11626\/","url_meta":{"origin":10332,"position":2},"title":"Emporio Armani Genni AR11626","author":"Ramzi Merabtine","date":"01\/22\/2026","format":false,"excerpt":"Cette montre Emporio Armani a un bo\u00eetier acier de 22 mm en diam\u00e8tre et\u00a06.4 mm\u00a0d\u2019\u00e9paisseur\u00a0et est \u00e9quip\u00e9e d\u2019un bracelet acier.\u00a0 Le bo\u00eetier contient un mouvement Miyota et la montre est dot\u00e9e d\u2019un cristal Min\u00e9ral.. La montre est\u00a0\u00e9tanche\u00a0\u00e0\u00a05 ATM. Cela signifie que la montre est adapt\u00e9e \u00e0 la douche.\u00a0 La montre\u2026","rel":"","context":"Article similaire","block_context":{"text":"Article similaire","link":""},"img":{"alt_text":"","src":"https:\/\/i0.wp.com\/r-mboutique.com\/wp-content\/uploads\/2026\/01\/565114d9-851b-4d3f-80be-f78e25bfc901-scaled.jpeg?fit=1200%2C1200&ssl=1&resize=350%2C200","width":350,"height":200,"srcset":"https:\/\/i0.wp.com\/r-mboutique.com\/wp-content\/uploads\/2026\/01\/565114d9-851b-4d3f-80be-f78e25bfc901-scaled.jpeg?fit=1200%2C1200&ssl=1&resize=350%2C200 1x, https:\/\/i0.wp.com\/r-mboutique.com\/wp-content\/uploads\/2026\/01\/565114d9-851b-4d3f-80be-f78e25bfc901-scaled.jpeg?fit=1200%2C1200&ssl=1&resize=525%2C300 1.5x, https:\/\/i0.wp.com\/r-mboutique.com\/wp-content\/uploads\/2026\/01\/565114d9-851b-4d3f-80be-f78e25bfc901-scaled.jpeg?fit=1200%2C1200&ssl=1&resize=700%2C400 2x, https:\/\/i0.wp.com\/r-mboutique.com\/wp-content\/uploads\/2026\/01\/565114d9-851b-4d3f-80be-f78e25bfc901-scaled.jpeg?fit=1200%2C1200&ssl=1&resize=1050%2C600 3x"},"classes":[]},{"id":10099,"url":"https:\/\/r-mboutique.com\/index.php\/product\/emporio-armani-genni-ar11704\/","url_meta":{"origin":10332,"position":3},"title":"Emporio Armani Genni AR11704","author":"Ramzi Merabtine","date":"12\/23\/2025","format":false,"excerpt":"Cette montre Emporio Armani a un bo\u00eetier acier de 22 mm en diam\u00e8tre et 6.4 mm d'\u00e9paisseur et est \u00e9quip\u00e9e d'un bracelet acier. Le bo\u00eetier contient un mouvement Miyota et la montre est dot\u00e9e d'un cristal Min\u00e9ral.. La montre est \u00e9tanche \u00e0 5 ATM. Cela signifie que la montre est\u2026","rel":"","context":"Article similaire","block_context":{"text":"Article similaire","link":""},"img":{"alt_text":"","src":"https:\/\/i0.wp.com\/r-mboutique.com\/wp-content\/uploads\/2026\/01\/17b5e7f2-18a3-419b-8978-5a48c44b107c.jpeg?fit=1200%2C1200&ssl=1&resize=350%2C200","width":350,"height":200,"srcset":"https:\/\/i0.wp.com\/r-mboutique.com\/wp-content\/uploads\/2026\/01\/17b5e7f2-18a3-419b-8978-5a48c44b107c.jpeg?fit=1200%2C1200&ssl=1&resize=350%2C200 1x, https:\/\/i0.wp.com\/r-mboutique.com\/wp-content\/uploads\/2026\/01\/17b5e7f2-18a3-419b-8978-5a48c44b107c.jpeg?fit=1200%2C1200&ssl=1&resize=525%2C300 1.5x, https:\/\/i0.wp.com\/r-mboutique.com\/wp-content\/uploads\/2026\/01\/17b5e7f2-18a3-419b-8978-5a48c44b107c.jpeg?fit=1200%2C1200&ssl=1&resize=700%2C400 2x, https:\/\/i0.wp.com\/r-mboutique.com\/wp-content\/uploads\/2026\/01\/17b5e7f2-18a3-419b-8978-5a48c44b107c.jpeg?fit=1200%2C1200&ssl=1&resize=1050%2C600 3x"},"classes":[]},{"id":10322,"url":"https:\/\/r-mboutique.com\/index.php\/product\/emporio-armani-genni-ar11662\/","url_meta":{"origin":10332,"position":4},"title":"Emporio Armani Genni AR11662","author":"Ramzi Merabtine","date":"01\/17\/2026","format":false,"excerpt":"Cette montre Emporio Armani a un bo\u00eetier acier de 22 mm en diam\u00e8tre et 6.4 mm d'\u00e9paisseur et est \u00e9quip\u00e9e d'un bracelet acier. Le bo\u00eetier contient un mouvement Miyota et la montre est dot\u00e9e d'un cristal Min\u00e9ral.. La montre est \u00e9tanche \u00e0 5 ATM. Cela signifie que la montre est\u2026","rel":"","context":"Article similaire","block_context":{"text":"Article similaire","link":""},"img":{"alt_text":"","src":"https:\/\/i0.wp.com\/r-mboutique.com\/wp-content\/uploads\/2026\/01\/fbffa3a8-2209-4f30-8920-4aea5ad98eb6.jpeg?fit=1200%2C1200&ssl=1&resize=350%2C200","width":350,"height":200,"srcset":"https:\/\/i0.wp.com\/r-mboutique.com\/wp-content\/uploads\/2026\/01\/fbffa3a8-2209-4f30-8920-4aea5ad98eb6.jpeg?fit=1200%2C1200&ssl=1&resize=350%2C200 1x, https:\/\/i0.wp.com\/r-mboutique.com\/wp-content\/uploads\/2026\/01\/fbffa3a8-2209-4f30-8920-4aea5ad98eb6.jpeg?fit=1200%2C1200&ssl=1&resize=525%2C300 1.5x, https:\/\/i0.wp.com\/r-mboutique.com\/wp-content\/uploads\/2026\/01\/fbffa3a8-2209-4f30-8920-4aea5ad98eb6.jpeg?fit=1200%2C1200&ssl=1&resize=700%2C400 2x, https:\/\/i0.wp.com\/r-mboutique.com\/wp-content\/uploads\/2026\/01\/fbffa3a8-2209-4f30-8920-4aea5ad98eb6.jpeg?fit=1200%2C1200&ssl=1&resize=1050%2C600 3x"},"classes":[]},{"id":10356,"url":"https:\/\/r-mboutique.com\/index.php\/product\/emporio-armani-genni-ar11669\/","url_meta":{"origin":10332,"position":5},"title":"Emporio Armani Genni AR11659","author":"Ramzi Merabtine","date":"01\/20\/2026","format":false,"excerpt":"Cette montre Emporio Armani a un bo\u00eetier acier\u00a0inoxydable PVD de 22 mm en diam\u00e8tre et\u00a06.4 mm\u00a0d\u2019\u00e9paisseur\u00a0et est \u00e9quip\u00e9e d\u2019un bracelet acier.\u00a0 Le bo\u00eetier contient un mouvement Miyota et la montre est dot\u00e9e d\u2019un cristal Min\u00e9ral.. La montre est\u00a0\u00e9tanche\u00a0\u00e0\u00a05 ATM. Cela signifie que la montre est adapt\u00e9e \u00e0 la douche.\u00a0 La\u2026","rel":"","context":"Article similaire","block_context":{"text":"Article similaire","link":""},"img":{"alt_text":"","src":"https:\/\/i0.wp.com\/r-mboutique.com\/wp-content\/uploads\/2026\/01\/215ba75e-7cc0-4f42-acfa-6b3ff9433506-scaled.jpeg?fit=1200%2C1200&ssl=1&resize=350%2C200","width":350,"height":200,"srcset":"https:\/\/i0.wp.com\/r-mboutique.com\/wp-content\/uploads\/2026\/01\/215ba75e-7cc0-4f42-acfa-6b3ff9433506-scaled.jpeg?fit=1200%2C1200&ssl=1&resize=350%2C200 1x, https:\/\/i0.wp.com\/r-mboutique.com\/wp-content\/uploads\/2026\/01\/215ba75e-7cc0-4f42-acfa-6b3ff9433506-scaled.jpeg?fit=1200%2C1200&ssl=1&resize=525%2C300 1.5x, https:\/\/i0.wp.com\/r-mboutique.com\/wp-content\/uploads\/2026\/01\/215ba75e-7cc0-4f42-acfa-6b3ff9433506-scaled.jpeg?fit=1200%2C1200&ssl=1&resize=700%2C400 2x, https:\/\/i0.wp.com\/r-mboutique.com\/wp-content\/uploads\/2026\/01\/215ba75e-7cc0-4f42-acfa-6b3ff9433506-scaled.jpeg?fit=1200%2C1200&ssl=1&resize=1050%2C600 3x"},"classes":[]}],"_links":{"self":[{"href":"https:\/\/r-mboutique.com\/index.php\/wp-json\/wp\/v2\/product\/10332"}],"collection":[{"href":"https:\/\/r-mboutique.com\/index.php\/wp-json\/wp\/v2\/product"}],"about":[{"href":"https:\/\/r-mboutique.com\/index.php\/wp-json\/wp\/v2\/types\/product"}],"replies":[{"embeddable":true,"href":"https:\/\/r-mboutique.com\/index.php\/wp-json\/wp\/v2\/comments?post=10332"}],"wp:featuredmedia":[{"embeddable":true,"href":"https:\/\/r-mboutique.com\/index.php\/wp-json\/wp\/v2\/media\/10331"}],"wp:attachment":[{"href":"https:\/\/r-mboutique.com\/index.php\/wp-json\/wp\/v2\/media?parent=10332"}],"wp:term":[{"taxonomy":"product_cat","embeddable":true,"href":"https:\/\/r-mboutique.com\/index.php\/wp-json\/wp\/v2\/product_cat?post=10332"},{"taxonomy":"product_tag","embeddable":true,"href":"https:\/\/r-mboutique.com\/index.php\/wp-json\/wp\/v2\/product_tag?post=10332"}],"curies":[{"name":"wp","href":"https:\/\/api.w.org\/{rel}","templated":true}]}}