{"id":10464,"date":"2026-02-02T11:53:40","date_gmt":"2026-02-02T10:53:40","guid":{"rendered":"https:\/\/r-mboutique.com\/?post_type=product&#038;p=10464"},"modified":"2026-02-09T23:48:17","modified_gmt":"2026-02-09T22:48:17","slug":"michael-kors-essex-mk4906","status":"publish","type":"product","link":"https:\/\/r-mboutique.com\/index.php\/product\/michael-kors-essex-mk4906\/","title":{"rendered":"Michael Kors Essex MK4906"},"content":{"rendered":"<p><span>Cette montre Michael Kors a un bo\u00eetier en <\/span>acier<span> inoxydable de 26 mm en diam\u00e8tre et \u00e9quip\u00e9e d&#8217;un bracelet acier. <\/span><\/p>\n<p><span>Le bo\u00eetier contient un mouvement Miyota et la montre est dot\u00e9e d&#8217;un cristal Min\u00e9ral..<\/span><\/p>\n<p><span>La montre est 5 ATM. Cela signifie que la montre est adapt\u00e9e \u00e0 la douche. <\/span><\/p>\n<p><span>La montre est livr\u00e9e avec la Garantie de 2 ans.<\/span><\/p>\n","protected":false},"excerpt":{"rendered":"<p>Cette montre Michael Kors a un bo\u00eetier en acier inoxydable de 26 mm en diam\u00e8tre et \u00e9quip\u00e9e d&#8217;un bracelet acier.<\/p>\n","protected":false},"featured_media":10497,"comment_status":"open","ping_status":"closed","template":"","meta":{"om_disable_all_campaigns":false},"product_cat":[37,47,26,30],"product_tag":[],"jetpack-related-posts":[{"id":10456,"url":"https:\/\/r-mboutique.com\/index.php\/product\/michael-kors-essex-mk4905\/","url_meta":{"origin":10464,"position":0},"title":"Michael Kors Essex MK4905","author":"Ramzi Merabtine","date":"02\/02\/2026","format":false,"excerpt":"Cette montre Michael Kors a un bo\u00eetier acier inoxydable IP Rose de 26 mm en diam\u00e8tre et est \u00e9quip\u00e9e d'un bracelet acier . Le bo\u00eetier contient un mouvement Miyota et la montre est dot\u00e9e d'un cristal Min\u00e9ral.. La montre est 5 ATM. Cela signifie que la montre est adapt\u00e9e \u00e0\u2026","rel":"","context":"Article similaire","block_context":{"text":"Article similaire","link":""},"img":{"alt_text":"","src":"https:\/\/i0.wp.com\/r-mboutique.com\/wp-content\/uploads\/2026\/02\/img_2739.jpeg?fit=1024%2C1024&ssl=1&resize=350%2C200","width":350,"height":200,"srcset":"https:\/\/i0.wp.com\/r-mboutique.com\/wp-content\/uploads\/2026\/02\/img_2739.jpeg?fit=1024%2C1024&ssl=1&resize=350%2C200 1x, https:\/\/i0.wp.com\/r-mboutique.com\/wp-content\/uploads\/2026\/02\/img_2739.jpeg?fit=1024%2C1024&ssl=1&resize=525%2C300 1.5x, https:\/\/i0.wp.com\/r-mboutique.com\/wp-content\/uploads\/2026\/02\/img_2739.jpeg?fit=1024%2C1024&ssl=1&resize=700%2C400 2x"},"classes":[]},{"id":10494,"url":"https:\/\/r-mboutique.com\/index.php\/product\/michael-kors-mini-laney-mko1112\/","url_meta":{"origin":10464,"position":1},"title":"Michael Kors Mini Laney MKO1112","author":"Ramzi Merabtine","date":"02\/08\/2026","format":false,"excerpt":"Cette montre Michael Kors a un bo\u00eetier en\u00a0acier\u00a0inoxydable\u00a0de 30 mm en diam\u00e8tre et \u00e9quip\u00e9e d\u2019un bracelet acier.\u00a0 Le bo\u00eetier contient un mouvement\u00a0Quartz\u00a0et la montre est dot\u00e9e d\u2019un cristal Min\u00e9ral.. La montre est 5 ATM. Cela signifie que la montre est adapt\u00e9e \u00e0 la douche.\u00a0 La montre est livr\u00e9e avec la\u2026","rel":"","context":"Article similaire","block_context":{"text":"Article similaire","link":""},"img":{"alt_text":"","src":"https:\/\/i0.wp.com\/r-mboutique.com\/wp-content\/uploads\/2026\/02\/img_2690.jpeg?fit=1200%2C1200&ssl=1&resize=350%2C200","width":350,"height":200,"srcset":"https:\/\/i0.wp.com\/r-mboutique.com\/wp-content\/uploads\/2026\/02\/img_2690.jpeg?fit=1200%2C1200&ssl=1&resize=350%2C200 1x, https:\/\/i0.wp.com\/r-mboutique.com\/wp-content\/uploads\/2026\/02\/img_2690.jpeg?fit=1200%2C1200&ssl=1&resize=525%2C300 1.5x, https:\/\/i0.wp.com\/r-mboutique.com\/wp-content\/uploads\/2026\/02\/img_2690.jpeg?fit=1200%2C1200&ssl=1&resize=700%2C400 2x, https:\/\/i0.wp.com\/r-mboutique.com\/wp-content\/uploads\/2026\/02\/img_2690.jpeg?fit=1200%2C1200&ssl=1&resize=1050%2C600 3x"},"classes":[]},{"id":10534,"url":"https:\/\/r-mboutique.com\/index.php\/product\/michael-kors-emery-mk4640\/","url_meta":{"origin":10464,"position":2},"title":"Michael Kors Emery MK4640","author":"Ramzi Merabtine","date":"02\/09\/2026","format":false,"excerpt":"Cette montre Michael Kors a un bo\u00eetier acier inoxydable PVD de 27 mm en diam\u00e8tre et \u00e9quip\u00e9e d'un bracelet acier. Le bo\u00eetier contient un mouvement Miyota et la montre est dot\u00e9e d'un cristal Min\u00e9ral.. La montre est 5 ATM. Cela signifie que la montre est adapt\u00e9e \u00e0 la douche. La\u2026","rel":"","context":"Article similaire","block_context":{"text":"Article similaire","link":""},"img":{"alt_text":"","src":"https:\/\/i0.wp.com\/r-mboutique.com\/wp-content\/uploads\/2026\/02\/img_2877.jpeg?fit=807%2C1081&ssl=1&resize=350%2C200","width":350,"height":200,"srcset":"https:\/\/i0.wp.com\/r-mboutique.com\/wp-content\/uploads\/2026\/02\/img_2877.jpeg?fit=807%2C1081&ssl=1&resize=350%2C200 1x, https:\/\/i0.wp.com\/r-mboutique.com\/wp-content\/uploads\/2026\/02\/img_2877.jpeg?fit=807%2C1081&ssl=1&resize=525%2C300 1.5x, https:\/\/i0.wp.com\/r-mboutique.com\/wp-content\/uploads\/2026\/02\/img_2877.jpeg?fit=807%2C1081&ssl=1&resize=700%2C400 2x"},"classes":[]},{"id":10556,"url":"https:\/\/r-mboutique.com\/index.php\/product\/michael-kors-lauryn-mk4737\/","url_meta":{"origin":10464,"position":3},"title":"Michael Kors Lauryn MK4737","author":"Ramzi Merabtine","date":"02\/10\/2026","format":false,"excerpt":"Cette montre Michael Kors a un bo\u00eetier\u00a0acier\u00a0inoxydable\u00a0PVD de 33 mm en diam\u00e8tre et \u00e9quip\u00e9e d\u2019un bracelet acier.\u00a0 Le bo\u00eetier contient un mouvement Miyota et la montre est dot\u00e9e d\u2019un cristal Min\u00e9ral.. La montre est 5 ATM. Cela signifie que la montre est adapt\u00e9e \u00e0 la douche.\u00a0 La montre est livr\u00e9e\u2026","rel":"","context":"Article similaire","block_context":{"text":"Article similaire","link":""},"img":{"alt_text":"","src":"https:\/\/i0.wp.com\/r-mboutique.com\/wp-content\/uploads\/2026\/02\/img_2917.jpeg?fit=896%2C1200&ssl=1&resize=350%2C200","width":350,"height":200,"srcset":"https:\/\/i0.wp.com\/r-mboutique.com\/wp-content\/uploads\/2026\/02\/img_2917.jpeg?fit=896%2C1200&ssl=1&resize=350%2C200 1x, https:\/\/i0.wp.com\/r-mboutique.com\/wp-content\/uploads\/2026\/02\/img_2917.jpeg?fit=896%2C1200&ssl=1&resize=525%2C300 1.5x, https:\/\/i0.wp.com\/r-mboutique.com\/wp-content\/uploads\/2026\/02\/img_2917.jpeg?fit=896%2C1200&ssl=1&resize=700%2C400 2x"},"classes":[]},{"id":10565,"url":"https:\/\/r-mboutique.com\/index.php\/product\/michael-kors-mini-laney-mk4895\/","url_meta":{"origin":10464,"position":4},"title":"Michael Kors Mini Laney MK4895","author":"Ramzi Merabtine","date":"02\/11\/2026","format":false,"excerpt":"Cette montre Michael Kors a un bo\u00eetier en\u00a0acier\u00a0inoxydable\u00a0\u00a0de 30 mm en diam\u00e8tre et \u00e9quip\u00e9e d\u2019un bracelet acier.\u00a0 Le bo\u00eetier contient un mouvement\u00a0Quartz\u00a0et la montre est dot\u00e9e d\u2019un cristal Min\u00e9ral.. La montre est 5 ATM. Cela signifie que la montre est adapt\u00e9e \u00e0 la douche.\u00a0 La montre est livr\u00e9e avec la\u2026","rel":"","context":"Article similaire","block_context":{"text":"Article similaire","link":""},"img":{"alt_text":"","src":"https:\/\/i0.wp.com\/r-mboutique.com\/wp-content\/uploads\/2026\/02\/img_2992.jpeg?fit=1200%2C1200&ssl=1&resize=350%2C200","width":350,"height":200,"srcset":"https:\/\/i0.wp.com\/r-mboutique.com\/wp-content\/uploads\/2026\/02\/img_2992.jpeg?fit=1200%2C1200&ssl=1&resize=350%2C200 1x, https:\/\/i0.wp.com\/r-mboutique.com\/wp-content\/uploads\/2026\/02\/img_2992.jpeg?fit=1200%2C1200&ssl=1&resize=525%2C300 1.5x, https:\/\/i0.wp.com\/r-mboutique.com\/wp-content\/uploads\/2026\/02\/img_2992.jpeg?fit=1200%2C1200&ssl=1&resize=700%2C400 2x, https:\/\/i0.wp.com\/r-mboutique.com\/wp-content\/uploads\/2026\/02\/img_2992.jpeg?fit=1200%2C1200&ssl=1&resize=1050%2C600 3x"},"classes":[]},{"id":10450,"url":"https:\/\/r-mboutique.com\/index.php\/product\/michael-kors-essex-mk4904\/","url_meta":{"origin":10464,"position":5},"title":"Michael Kors Essex MK4904","author":"Ramzi Merabtine","date":"02\/02\/2026","format":false,"excerpt":"Cette montre Michael Kors a un bo\u00eetier en acier inoxydable PVD de 26 mm en diam\u00e8tre et \u00e9quip\u00e9e d'un bracelet acier. Le bo\u00eetier contient un mouvement Miyota et la montre est dot\u00e9e d'un cristal Min\u00e9ral.. La montre est 5 ATM. Cela signifie que la montre est adapt\u00e9e \u00e0 la douche.\u2026","rel":"","context":"Article similaire","block_context":{"text":"Article similaire","link":""},"img":{"alt_text":"","src":"https:\/\/i0.wp.com\/r-mboutique.com\/wp-content\/uploads\/2026\/02\/img_2738.jpeg?fit=1024%2C1024&ssl=1&resize=350%2C200","width":350,"height":200,"srcset":"https:\/\/i0.wp.com\/r-mboutique.com\/wp-content\/uploads\/2026\/02\/img_2738.jpeg?fit=1024%2C1024&ssl=1&resize=350%2C200 1x, https:\/\/i0.wp.com\/r-mboutique.com\/wp-content\/uploads\/2026\/02\/img_2738.jpeg?fit=1024%2C1024&ssl=1&resize=525%2C300 1.5x, https:\/\/i0.wp.com\/r-mboutique.com\/wp-content\/uploads\/2026\/02\/img_2738.jpeg?fit=1024%2C1024&ssl=1&resize=700%2C400 2x"},"classes":[]}],"_links":{"self":[{"href":"https:\/\/r-mboutique.com\/index.php\/wp-json\/wp\/v2\/product\/10464"}],"collection":[{"href":"https:\/\/r-mboutique.com\/index.php\/wp-json\/wp\/v2\/product"}],"about":[{"href":"https:\/\/r-mboutique.com\/index.php\/wp-json\/wp\/v2\/types\/product"}],"replies":[{"embeddable":true,"href":"https:\/\/r-mboutique.com\/index.php\/wp-json\/wp\/v2\/comments?post=10464"}],"wp:featuredmedia":[{"embeddable":true,"href":"https:\/\/r-mboutique.com\/index.php\/wp-json\/wp\/v2\/media\/10497"}],"wp:attachment":[{"href":"https:\/\/r-mboutique.com\/index.php\/wp-json\/wp\/v2\/media?parent=10464"}],"wp:term":[{"taxonomy":"product_cat","embeddable":true,"href":"https:\/\/r-mboutique.com\/index.php\/wp-json\/wp\/v2\/product_cat?post=10464"},{"taxonomy":"product_tag","embeddable":true,"href":"https:\/\/r-mboutique.com\/index.php\/wp-json\/wp\/v2\/product_tag?post=10464"}],"curies":[{"name":"wp","href":"https:\/\/api.w.org\/{rel}","templated":true}]}}