{"id":10599,"date":"2026-02-16T00:51:46","date_gmt":"2026-02-15T23:51:46","guid":{"rendered":"https:\/\/r-mboutique.com\/?post_type=product&#038;p=10599"},"modified":"2026-02-16T02:49:35","modified_gmt":"2026-02-16T01:49:35","slug":"hugo-boss-bossmatic-1514177","status":"publish","type":"product","link":"https:\/\/r-mboutique.com\/index.php\/product\/hugo-boss-bossmatic-1514177\/","title":{"rendered":"Hugo Boss Bossmatic 1514177"},"content":{"rendered":"<p><span>Les montres de la s\u00e9rie Hugo Boss Bossmatic sont \u00e9quip\u00e9es d&#8217;un mouvement Seiko Kinetic de qualit\u00e9. Un mouvement cin\u00e9tique est un hybride entre un mouvement automatique et un mouvement \u00e0 quartz. L&#8217;\u00e9nergie g\u00e9n\u00e9r\u00e9e par les mouvements du porteur est stock\u00e9e dans une batterie, qui alimente \u00e0 son tour le mouvement \u00e0 quartz pr\u00e9cis. Un mouvement que l&#8217;on trouve habituellement dans des montres d&#8217;un niveau de prix beaucoup plus \u00e9lev\u00e9.<\/span><\/p>\n<p><span style=\"margin: 0px;padding: 0px;border: 0px;font-style: inherit;font-weight: inherit;line-height: inherit;font-family: inherit;font-size: 14px;vertical-align: baseline\">Cette montre Hugo Boss a un bo\u00eetier acier de 42 mm en diam\u00e8tre et \u00e9quip\u00e9e d\u2019un bracelet en acier.<\/span><span style=\"margin: 0px;padding: 0px;border: 0px;font-style: inherit;font-weight: inherit;line-height: inherit;font-family: inherit;font-size: 14px;vertical-align: baseline\"><span class=\"Apple-converted-space\">&nbsp;<\/span><\/span><\/p>\n<p><strong>Mouvement Hybride (Kinetic) :<\/strong> Se recharge par le mouvement du poignet.<\/p>\n<p><span style=\"margin: 0px;padding: 0px;border: 0px;font-style: inherit;font-weight: inherit;line-height: inherit;font-family: inherit;font-size: 14px;vertical-align: baseline\"><\/span><\/p>\n<p><strong>R\u00e9serve de Marche ( 6 mois ) :<\/strong> Bouton poussoir \u00e0 2h pour v\u00e9rifier instantan\u00e9ment le niveau de charge de l&#8217;accumulateur.<\/p>\n<p><span style=\"margin: 0px;padding: 0px;border: 0px;font-style: inherit;font-weight: inherit;line-height: inherit;font-family: inherit;font-size: 14px;vertical-align: baseline\"><\/span><\/p>\n<p><strong>Fond de Bo\u00eete :<\/strong> Transparent, permettant d&#8217;observer la masse oscillante en mouvement.<\/p>\n<p style=\"margin: 0px 0px 20px;padding: 0px;border: 0px;font-style: normal;font-weight: 400;line-height: inherit;font-family: Karla, Arial, Helvetica, sans-serif;font-size: 14px;vertical-align: baseline;letter-spacing: normal;text-align: start;text-indent: 0px;text-transform: none;text-decoration: none\"><span style=\"margin: 0px;padding: 0px;border: 0px;font-style: inherit;font-weight: inherit;line-height: inherit;font-family: inherit;font-size: 14px;vertical-align: baseline\">montre est dot\u00e9e d\u2019un cristal Min\u00e9ral..<\/span><\/p>\n<h5><strong>\u00c9tanch\u00e9it\u00e9 :<\/strong> <strong>10 ATM (100 m\u00e8tres)<\/strong> \u2013 Parfaitement adapt\u00e9e pour un usage quotidien sans limites.<\/h5>\n<p><span style=\"margin: 0px;padding: 0px;border: 0px;font-style: inherit;font-weight: inherit;line-height: inherit;font-family: inherit;font-size: 14px;vertical-align: baseline\">La montre est livr\u00e9e avec la Garantie de 2 ans.<\/span><\/p>\n","protected":false},"excerpt":{"rendered":"<p>Les montres de la s\u00e9rie Hugo Boss Bossmatic sont \u00e9quip\u00e9es d&#8217;un mouvement Seiko Kinetic de qualit\u00e9. Un mouvement cin\u00e9tique est<\/p>\n","protected":false},"featured_media":10609,"comment_status":"open","ping_status":"closed","template":"","meta":{"om_disable_all_campaigns":false},"product_cat":[37,42,26,28],"product_tag":[],"jetpack-related-posts":[{"id":10589,"url":"https:\/\/r-mboutique.com\/index.php\/product\/hugo-boss-bossmatic-1514213\/","url_meta":{"origin":10599,"position":0},"title":"Hugo Boss Bossmatic 1514213","author":"Ramzi Merabtine","date":"02\/16\/2026","format":false,"excerpt":"Les montres de la s\u00e9rie Hugo Boss Bossmatic sont \u00e9quip\u00e9es d'un mouvement Seiko Kinetic de qualit\u00e9. Un mouvement cin\u00e9tique est un hybride entre un mouvement automatique et un mouvement \u00e0 quartz. L'\u00e9nergie g\u00e9n\u00e9r\u00e9e par les mouvements du porteur est stock\u00e9e dans une batterie, qui alimente \u00e0 son tour le mouvement\u2026","rel":"","context":"Article similaire","block_context":{"text":"Article similaire","link":""},"img":{"alt_text":"","src":"https:\/\/i0.wp.com\/r-mboutique.com\/wp-content\/uploads\/2026\/02\/img_3280.jpeg?fit=1200%2C1200&ssl=1&resize=350%2C200","width":350,"height":200,"srcset":"https:\/\/i0.wp.com\/r-mboutique.com\/wp-content\/uploads\/2026\/02\/img_3280.jpeg?fit=1200%2C1200&ssl=1&resize=350%2C200 1x, https:\/\/i0.wp.com\/r-mboutique.com\/wp-content\/uploads\/2026\/02\/img_3280.jpeg?fit=1200%2C1200&ssl=1&resize=525%2C300 1.5x, https:\/\/i0.wp.com\/r-mboutique.com\/wp-content\/uploads\/2026\/02\/img_3280.jpeg?fit=1200%2C1200&ssl=1&resize=700%2C400 2x, https:\/\/i0.wp.com\/r-mboutique.com\/wp-content\/uploads\/2026\/02\/img_3280.jpeg?fit=1200%2C1200&ssl=1&resize=1050%2C600 3x"},"classes":[]},{"id":10594,"url":"https:\/\/r-mboutique.com\/index.php\/product\/hugo-boss-bossmatic-1514178\/","url_meta":{"origin":10599,"position":1},"title":"Hugo Boss Bossmatic 1514178","author":"Ramzi Merabtine","date":"02\/16\/2026","format":false,"excerpt":"Les montres de la s\u00e9rie Hugo Boss Bossmatic sont \u00e9quip\u00e9es d'un mouvement Seiko Kinetic de qualit\u00e9. Un mouvement cin\u00e9tique est un hybride entre un mouvement automatique et un mouvement \u00e0 quartz. L'\u00e9nergie g\u00e9n\u00e9r\u00e9e par les mouvements du porteur est stock\u00e9e dans une batterie, qui alimente \u00e0 son tour le mouvement\u2026","rel":"","context":"Article similaire","block_context":{"text":"Article similaire","link":""},"img":{"alt_text":"","src":"https:\/\/i0.wp.com\/r-mboutique.com\/wp-content\/uploads\/2026\/02\/img_3233.jpeg?fit=1200%2C1200&ssl=1&resize=350%2C200","width":350,"height":200,"srcset":"https:\/\/i0.wp.com\/r-mboutique.com\/wp-content\/uploads\/2026\/02\/img_3233.jpeg?fit=1200%2C1200&ssl=1&resize=350%2C200 1x, https:\/\/i0.wp.com\/r-mboutique.com\/wp-content\/uploads\/2026\/02\/img_3233.jpeg?fit=1200%2C1200&ssl=1&resize=525%2C300 1.5x, https:\/\/i0.wp.com\/r-mboutique.com\/wp-content\/uploads\/2026\/02\/img_3233.jpeg?fit=1200%2C1200&ssl=1&resize=700%2C400 2x, https:\/\/i0.wp.com\/r-mboutique.com\/wp-content\/uploads\/2026\/02\/img_3233.jpeg?fit=1200%2C1200&ssl=1&resize=1050%2C600 3x"},"classes":[]},{"id":10639,"url":"https:\/\/r-mboutique.com\/index.php\/product\/hugo-boss-bossmatic-1514212\/","url_meta":{"origin":10599,"position":2},"title":"Hugo Boss Bossmatic 1514212","author":"Ramzi Merabtine","date":"02\/22\/2026","format":false,"excerpt":"Les montres de la s\u00e9rie Hugo Boss Bossmatic sont \u00e9quip\u00e9es d\u2019un mouvement Seiko Kinetic de qualit\u00e9. Un mouvement cin\u00e9tique est un hybride entre un mouvement automatique et un mouvement \u00e0 quartz. L\u2019\u00e9nergie g\u00e9n\u00e9r\u00e9e par les mouvements du porteur est stock\u00e9e dans une batterie, qui alimente \u00e0 son tour le mouvement\u2026","rel":"","context":"Article similaire","block_context":{"text":"Article similaire","link":""},"img":{"alt_text":"","src":"https:\/\/i0.wp.com\/r-mboutique.com\/wp-content\/uploads\/2026\/02\/e6e13e7d-3644-4e10-a4b4-b3ae2d83b4cf.jpeg?fit=1024%2C1024&ssl=1&resize=350%2C200","width":350,"height":200,"srcset":"https:\/\/i0.wp.com\/r-mboutique.com\/wp-content\/uploads\/2026\/02\/e6e13e7d-3644-4e10-a4b4-b3ae2d83b4cf.jpeg?fit=1024%2C1024&ssl=1&resize=350%2C200 1x, https:\/\/i0.wp.com\/r-mboutique.com\/wp-content\/uploads\/2026\/02\/e6e13e7d-3644-4e10-a4b4-b3ae2d83b4cf.jpeg?fit=1024%2C1024&ssl=1&resize=525%2C300 1.5x, https:\/\/i0.wp.com\/r-mboutique.com\/wp-content\/uploads\/2026\/02\/e6e13e7d-3644-4e10-a4b4-b3ae2d83b4cf.jpeg?fit=1024%2C1024&ssl=1&resize=700%2C400 2x"},"classes":[]},{"id":10604,"url":"https:\/\/r-mboutique.com\/index.php\/product\/hugo-boss-bossmatic-1514181\/","url_meta":{"origin":10599,"position":3},"title":"Hugo Boss Bossmatic 1514181","author":"Ramzi Merabtine","date":"02\/16\/2026","format":false,"excerpt":"Les montres de la s\u00e9rie Hugo Boss Bossmatic sont \u00e9quip\u00e9es d'un mouvement Seiko Kinetic de qualit\u00e9. Un mouvement cin\u00e9tique est un hybride entre un mouvement automatique et un mouvement \u00e0 quartz. L'\u00e9nergie g\u00e9n\u00e9r\u00e9e par les mouvements du porteur est stock\u00e9e dans une batterie, qui alimente \u00e0 son tour le mouvement\u2026","rel":"","context":"Article similaire","block_context":{"text":"Article similaire","link":""},"img":{"alt_text":"","src":"https:\/\/i0.wp.com\/r-mboutique.com\/wp-content\/uploads\/2026\/02\/img_3230.jpeg?fit=1200%2C1200&ssl=1&resize=350%2C200","width":350,"height":200,"srcset":"https:\/\/i0.wp.com\/r-mboutique.com\/wp-content\/uploads\/2026\/02\/img_3230.jpeg?fit=1200%2C1200&ssl=1&resize=350%2C200 1x, https:\/\/i0.wp.com\/r-mboutique.com\/wp-content\/uploads\/2026\/02\/img_3230.jpeg?fit=1200%2C1200&ssl=1&resize=525%2C300 1.5x, https:\/\/i0.wp.com\/r-mboutique.com\/wp-content\/uploads\/2026\/02\/img_3230.jpeg?fit=1200%2C1200&ssl=1&resize=700%2C400 2x, https:\/\/i0.wp.com\/r-mboutique.com\/wp-content\/uploads\/2026\/02\/img_3230.jpeg?fit=1200%2C1200&ssl=1&resize=1050%2C600 3x"},"classes":[]},{"id":4383,"url":"https:\/\/r-mboutique.com\/index.php\/product\/hugo-boss-aero-1513771\/","url_meta":{"origin":10599,"position":4},"title":"Hugo Boss Aero 1513771","author":"Ramzi Merabtine","date":"02\/13\/2022","format":false,"excerpt":"Cette montre Hugo Boss \u00e0 un bo\u00eetier en Acier Inoxydable Rev\u00eatue en Couleur noir avec un diam\u00e8tre de 44mm et poss\u00e8de un bracelet en plaqu\u00e9 ionique. Le bo\u00eetier de la montre contient un mouvement \u00e0 Quartz suisse et un cristal min\u00e9ral. Les fonctionnalit\u00e9s inspir\u00e9es du pilote de cette montre comprennent\u2026","rel":"","context":"Article similaire","block_context":{"text":"Article similaire","link":""},"img":{"alt_text":"","src":"https:\/\/i0.wp.com\/r-mboutique.com\/wp-content\/uploads\/2022\/02\/img_6544.jpeg?fit=1000%2C1000&ssl=1&resize=350%2C200","width":350,"height":200,"srcset":"https:\/\/i0.wp.com\/r-mboutique.com\/wp-content\/uploads\/2022\/02\/img_6544.jpeg?fit=1000%2C1000&ssl=1&resize=350%2C200 1x, https:\/\/i0.wp.com\/r-mboutique.com\/wp-content\/uploads\/2022\/02\/img_6544.jpeg?fit=1000%2C1000&ssl=1&resize=525%2C300 1.5x, https:\/\/i0.wp.com\/r-mboutique.com\/wp-content\/uploads\/2022\/02\/img_6544.jpeg?fit=1000%2C1000&ssl=1&resize=700%2C400 2x"},"classes":[]},{"id":9983,"url":"https:\/\/r-mboutique.com\/index.php\/product\/hugo-boss-strike-chrono-1514241\/","url_meta":{"origin":10599,"position":5},"title":"Hugo Boss Strike Chrono 1514241","author":"Ramzi Merabtine","date":"12\/18\/2025","format":false,"excerpt":"Cette montre Hugo Boss a un bo\u00eetier acier de 41 mm en diam\u00e8tre et \u00e9quip\u00e9e d\u2019un bracelet en acier. Le bo\u00eetier contient un mouvement Seiko Instruments Inc. et la montre est dot\u00e9e d\u2019un cristal Min\u00e9ral.. La montre est 5 ATM. Cela signifie que la montre est adapt\u00e9e \u00e0 la douche.\u2026","rel":"","context":"Article similaire","block_context":{"text":"Article similaire","link":""},"img":{"alt_text":"","src":"https:\/\/i0.wp.com\/r-mboutique.com\/wp-content\/uploads\/2025\/12\/img_1496.jpeg?fit=1000%2C1000&ssl=1&resize=350%2C200","width":350,"height":200,"srcset":"https:\/\/i0.wp.com\/r-mboutique.com\/wp-content\/uploads\/2025\/12\/img_1496.jpeg?fit=1000%2C1000&ssl=1&resize=350%2C200 1x, https:\/\/i0.wp.com\/r-mboutique.com\/wp-content\/uploads\/2025\/12\/img_1496.jpeg?fit=1000%2C1000&ssl=1&resize=525%2C300 1.5x, https:\/\/i0.wp.com\/r-mboutique.com\/wp-content\/uploads\/2025\/12\/img_1496.jpeg?fit=1000%2C1000&ssl=1&resize=700%2C400 2x"},"classes":[]}],"_links":{"self":[{"href":"https:\/\/r-mboutique.com\/index.php\/wp-json\/wp\/v2\/product\/10599"}],"collection":[{"href":"https:\/\/r-mboutique.com\/index.php\/wp-json\/wp\/v2\/product"}],"about":[{"href":"https:\/\/r-mboutique.com\/index.php\/wp-json\/wp\/v2\/types\/product"}],"replies":[{"embeddable":true,"href":"https:\/\/r-mboutique.com\/index.php\/wp-json\/wp\/v2\/comments?post=10599"}],"wp:featuredmedia":[{"embeddable":true,"href":"https:\/\/r-mboutique.com\/index.php\/wp-json\/wp\/v2\/media\/10609"}],"wp:attachment":[{"href":"https:\/\/r-mboutique.com\/index.php\/wp-json\/wp\/v2\/media?parent=10599"}],"wp:term":[{"taxonomy":"product_cat","embeddable":true,"href":"https:\/\/r-mboutique.com\/index.php\/wp-json\/wp\/v2\/product_cat?post=10599"},{"taxonomy":"product_tag","embeddable":true,"href":"https:\/\/r-mboutique.com\/index.php\/wp-json\/wp\/v2\/product_tag?post=10599"}],"curies":[{"name":"wp","href":"https:\/\/api.w.org\/{rel}","templated":true}]}}