{"id":10639,"date":"2026-02-22T16:07:50","date_gmt":"2026-02-22T15:07:50","guid":{"rendered":"https:\/\/r-mboutique.com\/index.php\/product\/hugo-boss-bossmatic-1514212\/"},"modified":"2026-02-22T16:07:57","modified_gmt":"2026-02-22T15:07:57","slug":"hugo-boss-bossmatic-1514212","status":"publish","type":"product","link":"https:\/\/r-mboutique.com\/index.php\/product\/hugo-boss-bossmatic-1514212\/","title":{"rendered":"Hugo Boss Bossmatic 1514212"},"content":{"rendered":"<p><span style=\"margin: 0px;padding: 0px;border: 0px;font-style: inherit;font-weight: inherit;line-height: inherit;font-family: inherit;font-size: 14px;vertical-align: baseline\">Les montres de la s\u00e9rie Hugo Boss Bossmatic sont \u00e9quip\u00e9es d\u2019un mouvement Seiko Kinetic de qualit\u00e9. Un mouvement cin\u00e9tique est un hybride entre un mouvement automatique et un mouvement \u00e0 quartz. L\u2019\u00e9nergie g\u00e9n\u00e9r\u00e9e par les mouvements du porteur est stock\u00e9e dans une batterie, qui alimente \u00e0 son tour le mouvement \u00e0 quartz pr\u00e9cis. Un mouvement que l\u2019on trouve habituellement dans des montres d\u2019un niveau de prix beaucoup plus \u00e9lev\u00e9.<\/span><\/p>\n<p style=\"margin: 0px 0px 20px;padding: 0px;border: 0px;font-style: normal;font-weight: 400;line-height: inherit;font-family: Karla, Arial, Helvetica, sans-serif;font-size: 14px;vertical-align: baseline;letter-spacing: normal;text-align: start;text-indent: 0px;text-transform: none;text-decoration: none\"><span style=\"margin: 0px;padding: 0px;border: 0px;font-style: inherit;font-weight: inherit;line-height: inherit;font-family: inherit;font-size: 14px;vertical-align: baseline\">Cette montre Hugo Boss a un bo\u00eetier acier de 42 mm en diam\u00e8tre et \u00e9quip\u00e9e d\u2019un bracelet en acier.<\/span><span style=\"margin: 0px;padding: 0px;border: 0px;font-style: inherit;font-weight: inherit;line-height: inherit;font-family: inherit;font-size: 14px;vertical-align: baseline\"><span class=\"Apple-converted-space\" style=\"margin: 0px;padding: 0px;border: 0px;font-style: inherit;font-weight: inherit;line-height: inherit;font-family: inherit;font-size: 14px;vertical-align: baseline\">&nbsp;<\/span><\/span><\/p>\n<p style=\"margin: 0px 0px 20px;padding: 0px;border: 0px;font-style: normal;font-weight: 400;line-height: inherit;font-family: Karla, Arial, Helvetica, sans-serif;font-size: 14px;vertical-align: baseline;letter-spacing: normal;text-align: start;text-indent: 0px;text-transform: none;text-decoration: none\"><strong style=\"font-weight: bold;margin: 0px;padding: 0px;border: 0px;font-style: inherit;line-height: inherit;font-family: inherit;font-size: 14px;vertical-align: baseline\">Mouvement Hybride (Kinetic) :<\/strong><span class=\"Apple-converted-space\">&nbsp;<\/span>Se recharge par le mouvement du poignet.<\/p>\n<p style=\"margin: 0px 0px 20px;padding: 0px;border: 0px;font-style: normal;font-weight: 400;line-height: inherit;font-family: Karla, Arial, Helvetica, sans-serif;font-size: 14px;vertical-align: baseline;letter-spacing: normal;text-align: start;text-indent: 0px;text-transform: none;text-decoration: none\"><span style=\"margin: 0px;padding: 0px;border: 0px;font-style: inherit;font-weight: inherit;line-height: inherit;font-family: inherit;font-size: 14px;vertical-align: baseline\"><\/span><\/p>\n<p style=\"margin: 0px 0px 20px;padding: 0px;border: 0px;font-style: normal;font-weight: 400;line-height: inherit;font-family: Karla, Arial, Helvetica, sans-serif;font-size: 14px;vertical-align: baseline;letter-spacing: normal;text-align: start;text-indent: 0px;text-transform: none;text-decoration: none\"><strong style=\"font-weight: bold;margin: 0px;padding: 0px;border: 0px;font-style: inherit;line-height: inherit;font-family: inherit;font-size: 14px;vertical-align: baseline\">R\u00e9serve de Marche ( 6 mois ) :<\/strong><span class=\"Apple-converted-space\">&nbsp;<\/span>Bouton poussoir \u00e0 2h pour v\u00e9rifier instantan\u00e9ment le niveau de charge de l\u2019accumulateur.<\/p>\n<p style=\"margin: 0px 0px 20px;padding: 0px;border: 0px;font-style: normal;font-weight: 400;line-height: inherit;font-family: Karla, Arial, Helvetica, sans-serif;font-size: 14px;vertical-align: baseline;letter-spacing: normal;text-align: start;text-indent: 0px;text-transform: none;text-decoration: none\"><span style=\"margin: 0px;padding: 0px;border: 0px;font-style: inherit;font-weight: inherit;line-height: inherit;font-family: inherit;font-size: 14px;vertical-align: baseline\"><\/span><\/p>\n<p style=\"margin: 0px 0px 20px;padding: 0px;border: 0px;font-style: normal;font-weight: 400;line-height: inherit;font-family: Karla, Arial, Helvetica, sans-serif;font-size: 14px;vertical-align: baseline;letter-spacing: normal;text-align: start;text-indent: 0px;text-transform: none;text-decoration: none\"><strong style=\"font-weight: bold;margin: 0px;padding: 0px;border: 0px;font-style: inherit;line-height: inherit;font-family: inherit;font-size: 14px;vertical-align: baseline\">Fond de Bo\u00eete :<\/strong><span class=\"Apple-converted-space\">&nbsp;<\/span>Transparent, permettant d\u2019observer la masse oscillante en mouvement.<\/p>\n<p style=\"margin: 0px 0px 20px;padding: 0px;border: 0px;font-style: normal;font-weight: 400;line-height: inherit;font-family: Karla, Arial, Helvetica, sans-serif;font-size: 14px;vertical-align: baseline;letter-spacing: normal;text-align: start;text-indent: 0px;text-transform: none;text-decoration: none\"><span style=\"margin: 0px;padding: 0px;border: 0px;font-style: inherit;font-weight: inherit;line-height: inherit;font-family: inherit;font-size: 14px;vertical-align: baseline\">montre est dot\u00e9e d\u2019un cristal Min\u00e9ral..<\/span><\/p>\n<h5 style=\"font-family: Karla, Arial, Helvetica, sans-serif;font-weight: inherit;line-height: 1.4;margin: 0px 0px 20px;font-size: 16px;padding: 0px;border: 0px;font-style: normal;vertical-align: baseline;letter-spacing: normal;text-align: start;text-indent: 0px;text-transform: none;text-decoration: none\"><strong style=\"font-weight: bold;margin: 0px;padding: 0px;border: 0px;font-style: inherit;line-height: inherit;font-family: inherit;font-size: 16px;vertical-align: baseline\">\u00c9tanch\u00e9it\u00e9 :<\/strong><span class=\"Apple-converted-space\">&nbsp;<\/span><strong style=\"font-weight: bold;margin: 0px;padding: 0px;border: 0px;font-style: inherit;line-height: inherit;font-family: inherit;font-size: 16px;vertical-align: baseline\">10 ATM (100 m\u00e8tres)<\/strong><span class=\"Apple-converted-space\">&nbsp;<\/span>\u2013 Parfaitement adapt\u00e9e pour un usage quotidien sans limites.<\/h5>\n<p style=\"margin: 0px 0px 20px;padding: 0px;border: 0px;font-style: normal;font-weight: 400;line-height: inherit;font-family: Karla, Arial, Helvetica, sans-serif;font-size: 14px;vertical-align: baseline;letter-spacing: normal;text-align: start;text-indent: 0px;text-transform: none;text-decoration: none\"><span style=\"margin: 0px;padding: 0px;border: 0px;font-style: inherit;font-weight: inherit;line-height: inherit;font-family: inherit;font-size: 14px;vertical-align: baseline\">La montre est livr\u00e9e avec la Garantie de 2 ans.<\/span><\/p>\n","protected":false},"excerpt":{"rendered":"<p>Les montres de la s\u00e9rie Hugo Boss Bossmatic sont \u00e9quip\u00e9es d\u2019un mouvement Seiko Kinetic de qualit\u00e9. Un mouvement cin\u00e9tique est<\/p>\n","protected":false},"featured_media":10637,"comment_status":"open","ping_status":"closed","template":"","meta":{"om_disable_all_campaigns":false},"product_cat":[37,42,26,28],"product_tag":[],"jetpack-related-posts":[{"id":10589,"url":"https:\/\/r-mboutique.com\/index.php\/product\/hugo-boss-bossmatic-1514213\/","url_meta":{"origin":10639,"position":0},"title":"Hugo Boss Bossmatic 1514213","author":"Ramzi Merabtine","date":"02\/16\/2026","format":false,"excerpt":"Les montres de la s\u00e9rie Hugo Boss Bossmatic sont \u00e9quip\u00e9es d'un mouvement Seiko Kinetic de qualit\u00e9. Un mouvement cin\u00e9tique est un hybride entre un mouvement automatique et un mouvement \u00e0 quartz. L'\u00e9nergie g\u00e9n\u00e9r\u00e9e par les mouvements du porteur est stock\u00e9e dans une batterie, qui alimente \u00e0 son tour le mouvement\u2026","rel":"","context":"Article similaire","block_context":{"text":"Article similaire","link":""},"img":{"alt_text":"","src":"https:\/\/i0.wp.com\/r-mboutique.com\/wp-content\/uploads\/2026\/02\/img_3280.jpeg?fit=1200%2C1200&ssl=1&resize=350%2C200","width":350,"height":200,"srcset":"https:\/\/i0.wp.com\/r-mboutique.com\/wp-content\/uploads\/2026\/02\/img_3280.jpeg?fit=1200%2C1200&ssl=1&resize=350%2C200 1x, https:\/\/i0.wp.com\/r-mboutique.com\/wp-content\/uploads\/2026\/02\/img_3280.jpeg?fit=1200%2C1200&ssl=1&resize=525%2C300 1.5x, https:\/\/i0.wp.com\/r-mboutique.com\/wp-content\/uploads\/2026\/02\/img_3280.jpeg?fit=1200%2C1200&ssl=1&resize=700%2C400 2x, https:\/\/i0.wp.com\/r-mboutique.com\/wp-content\/uploads\/2026\/02\/img_3280.jpeg?fit=1200%2C1200&ssl=1&resize=1050%2C600 3x"},"classes":[]},{"id":10594,"url":"https:\/\/r-mboutique.com\/index.php\/product\/hugo-boss-bossmatic-1514178\/","url_meta":{"origin":10639,"position":1},"title":"Hugo Boss Bossmatic 1514178","author":"Ramzi Merabtine","date":"02\/16\/2026","format":false,"excerpt":"Les montres de la s\u00e9rie Hugo Boss Bossmatic sont \u00e9quip\u00e9es d'un mouvement Seiko Kinetic de qualit\u00e9. Un mouvement cin\u00e9tique est un hybride entre un mouvement automatique et un mouvement \u00e0 quartz. L'\u00e9nergie g\u00e9n\u00e9r\u00e9e par les mouvements du porteur est stock\u00e9e dans une batterie, qui alimente \u00e0 son tour le mouvement\u2026","rel":"","context":"Article similaire","block_context":{"text":"Article similaire","link":""},"img":{"alt_text":"","src":"https:\/\/i0.wp.com\/r-mboutique.com\/wp-content\/uploads\/2026\/02\/img_3233.jpeg?fit=1200%2C1200&ssl=1&resize=350%2C200","width":350,"height":200,"srcset":"https:\/\/i0.wp.com\/r-mboutique.com\/wp-content\/uploads\/2026\/02\/img_3233.jpeg?fit=1200%2C1200&ssl=1&resize=350%2C200 1x, https:\/\/i0.wp.com\/r-mboutique.com\/wp-content\/uploads\/2026\/02\/img_3233.jpeg?fit=1200%2C1200&ssl=1&resize=525%2C300 1.5x, https:\/\/i0.wp.com\/r-mboutique.com\/wp-content\/uploads\/2026\/02\/img_3233.jpeg?fit=1200%2C1200&ssl=1&resize=700%2C400 2x, https:\/\/i0.wp.com\/r-mboutique.com\/wp-content\/uploads\/2026\/02\/img_3233.jpeg?fit=1200%2C1200&ssl=1&resize=1050%2C600 3x"},"classes":[]},{"id":10599,"url":"https:\/\/r-mboutique.com\/index.php\/product\/hugo-boss-bossmatic-1514177\/","url_meta":{"origin":10639,"position":2},"title":"Hugo Boss Bossmatic 1514177","author":"Ramzi Merabtine","date":"02\/16\/2026","format":false,"excerpt":"Les montres de la s\u00e9rie Hugo Boss Bossmatic sont \u00e9quip\u00e9es d'un mouvement Seiko Kinetic de qualit\u00e9. Un mouvement cin\u00e9tique est un hybride entre un mouvement automatique et un mouvement \u00e0 quartz. L'\u00e9nergie g\u00e9n\u00e9r\u00e9e par les mouvements du porteur est stock\u00e9e dans une batterie, qui alimente \u00e0 son tour le mouvement\u2026","rel":"","context":"Article similaire","block_context":{"text":"Article similaire","link":""},"img":{"alt_text":"","src":"https:\/\/i0.wp.com\/r-mboutique.com\/wp-content\/uploads\/2026\/02\/e723437f-079a-4ac2-8692-e45652494c8c.jpeg?fit=1200%2C1200&ssl=1&resize=350%2C200","width":350,"height":200,"srcset":"https:\/\/i0.wp.com\/r-mboutique.com\/wp-content\/uploads\/2026\/02\/e723437f-079a-4ac2-8692-e45652494c8c.jpeg?fit=1200%2C1200&ssl=1&resize=350%2C200 1x, https:\/\/i0.wp.com\/r-mboutique.com\/wp-content\/uploads\/2026\/02\/e723437f-079a-4ac2-8692-e45652494c8c.jpeg?fit=1200%2C1200&ssl=1&resize=525%2C300 1.5x, https:\/\/i0.wp.com\/r-mboutique.com\/wp-content\/uploads\/2026\/02\/e723437f-079a-4ac2-8692-e45652494c8c.jpeg?fit=1200%2C1200&ssl=1&resize=700%2C400 2x, https:\/\/i0.wp.com\/r-mboutique.com\/wp-content\/uploads\/2026\/02\/e723437f-079a-4ac2-8692-e45652494c8c.jpeg?fit=1200%2C1200&ssl=1&resize=1050%2C600 3x"},"classes":[]},{"id":10604,"url":"https:\/\/r-mboutique.com\/index.php\/product\/hugo-boss-bossmatic-1514181\/","url_meta":{"origin":10639,"position":3},"title":"Hugo Boss Bossmatic 1514181","author":"Ramzi Merabtine","date":"02\/16\/2026","format":false,"excerpt":"Les montres de la s\u00e9rie Hugo Boss Bossmatic sont \u00e9quip\u00e9es d'un mouvement Seiko Kinetic de qualit\u00e9. Un mouvement cin\u00e9tique est un hybride entre un mouvement automatique et un mouvement \u00e0 quartz. L'\u00e9nergie g\u00e9n\u00e9r\u00e9e par les mouvements du porteur est stock\u00e9e dans une batterie, qui alimente \u00e0 son tour le mouvement\u2026","rel":"","context":"Article similaire","block_context":{"text":"Article similaire","link":""},"img":{"alt_text":"","src":"https:\/\/i0.wp.com\/r-mboutique.com\/wp-content\/uploads\/2026\/02\/img_3230.jpeg?fit=1200%2C1200&ssl=1&resize=350%2C200","width":350,"height":200,"srcset":"https:\/\/i0.wp.com\/r-mboutique.com\/wp-content\/uploads\/2026\/02\/img_3230.jpeg?fit=1200%2C1200&ssl=1&resize=350%2C200 1x, https:\/\/i0.wp.com\/r-mboutique.com\/wp-content\/uploads\/2026\/02\/img_3230.jpeg?fit=1200%2C1200&ssl=1&resize=525%2C300 1.5x, https:\/\/i0.wp.com\/r-mboutique.com\/wp-content\/uploads\/2026\/02\/img_3230.jpeg?fit=1200%2C1200&ssl=1&resize=700%2C400 2x, https:\/\/i0.wp.com\/r-mboutique.com\/wp-content\/uploads\/2026\/02\/img_3230.jpeg?fit=1200%2C1200&ssl=1&resize=1050%2C600 3x"},"classes":[]},{"id":4383,"url":"https:\/\/r-mboutique.com\/index.php\/product\/hugo-boss-aero-1513771\/","url_meta":{"origin":10639,"position":4},"title":"Hugo Boss Aero 1513771","author":"Ramzi Merabtine","date":"02\/13\/2022","format":false,"excerpt":"Cette montre Hugo Boss \u00e0 un bo\u00eetier en Acier Inoxydable Rev\u00eatue en Couleur noir avec un diam\u00e8tre de 44mm et poss\u00e8de un bracelet en plaqu\u00e9 ionique. Le bo\u00eetier de la montre contient un mouvement \u00e0 Quartz suisse et un cristal min\u00e9ral. Les fonctionnalit\u00e9s inspir\u00e9es du pilote de cette montre comprennent\u2026","rel":"","context":"Article similaire","block_context":{"text":"Article similaire","link":""},"img":{"alt_text":"","src":"https:\/\/i0.wp.com\/r-mboutique.com\/wp-content\/uploads\/2022\/02\/img_6544.jpeg?fit=1000%2C1000&ssl=1&resize=350%2C200","width":350,"height":200,"srcset":"https:\/\/i0.wp.com\/r-mboutique.com\/wp-content\/uploads\/2022\/02\/img_6544.jpeg?fit=1000%2C1000&ssl=1&resize=350%2C200 1x, https:\/\/i0.wp.com\/r-mboutique.com\/wp-content\/uploads\/2022\/02\/img_6544.jpeg?fit=1000%2C1000&ssl=1&resize=525%2C300 1.5x, https:\/\/i0.wp.com\/r-mboutique.com\/wp-content\/uploads\/2022\/02\/img_6544.jpeg?fit=1000%2C1000&ssl=1&resize=700%2C400 2x"},"classes":[]},{"id":4316,"url":"https:\/\/r-mboutique.com\/index.php\/product\/hugo-boss-velocity-1513716\/","url_meta":{"origin":10639,"position":5},"title":"Hugo Boss Velocity 1513716","author":"Ramzi Merabtine","date":"02\/11\/2022","format":false,"excerpt":"Cette montre Hugo Boss \u00e0 un bo\u00eetier en acier inoxydable avec un diam\u00e8tre de 44mm et poss\u00e8de un bracelet en caoutchouc. Le bo\u00eetier de la montre contient un mouvement et un cristal min\u00e9ral. La montre est \u00e9tanche \u00e0 5ATM. Cela signifie que la montre est \u00e9tanche pour la douche. La\u2026","rel":"","context":"Article similaire","block_context":{"text":"Article similaire","link":""},"img":{"alt_text":"","src":"https:\/\/i0.wp.com\/r-mboutique.com\/wp-content\/uploads\/2022\/02\/img_6461.jpeg?fit=757%2C757&ssl=1&resize=350%2C200","width":350,"height":200,"srcset":"https:\/\/i0.wp.com\/r-mboutique.com\/wp-content\/uploads\/2022\/02\/img_6461.jpeg?fit=757%2C757&ssl=1&resize=350%2C200 1x, https:\/\/i0.wp.com\/r-mboutique.com\/wp-content\/uploads\/2022\/02\/img_6461.jpeg?fit=757%2C757&ssl=1&resize=525%2C300 1.5x, https:\/\/i0.wp.com\/r-mboutique.com\/wp-content\/uploads\/2022\/02\/img_6461.jpeg?fit=757%2C757&ssl=1&resize=700%2C400 2x"},"classes":[]}],"_links":{"self":[{"href":"https:\/\/r-mboutique.com\/index.php\/wp-json\/wp\/v2\/product\/10639"}],"collection":[{"href":"https:\/\/r-mboutique.com\/index.php\/wp-json\/wp\/v2\/product"}],"about":[{"href":"https:\/\/r-mboutique.com\/index.php\/wp-json\/wp\/v2\/types\/product"}],"replies":[{"embeddable":true,"href":"https:\/\/r-mboutique.com\/index.php\/wp-json\/wp\/v2\/comments?post=10639"}],"wp:featuredmedia":[{"embeddable":true,"href":"https:\/\/r-mboutique.com\/index.php\/wp-json\/wp\/v2\/media\/10637"}],"wp:attachment":[{"href":"https:\/\/r-mboutique.com\/index.php\/wp-json\/wp\/v2\/media?parent=10639"}],"wp:term":[{"taxonomy":"product_cat","embeddable":true,"href":"https:\/\/r-mboutique.com\/index.php\/wp-json\/wp\/v2\/product_cat?post=10639"},{"taxonomy":"product_tag","embeddable":true,"href":"https:\/\/r-mboutique.com\/index.php\/wp-json\/wp\/v2\/product_tag?post=10639"}],"curies":[{"name":"wp","href":"https:\/\/api.w.org\/{rel}","templated":true}]}}