{"id":1525,"date":"2020-08-16T22:03:09","date_gmt":"2020-08-16T21:03:09","guid":{"rendered":"https:\/\/r-mboutique.com\/?post_type=product&#038;p=1525"},"modified":"2025-11-13T23:12:49","modified_gmt":"2025-11-13T22:12:49","slug":"emporio-armani-ar11215","status":"publish","type":"product","link":"https:\/\/r-mboutique.com\/index.php\/product\/emporio-armani-ar11215\/","title":{"rendered":"Emporio Armani Renato Ar11215"},"content":{"rendered":"<p><span>Cette montre Emporio Armani \u00e0 un bo\u00eetier en Acier Inoxydable Rev\u00eatue en Couleur avec un diam\u00e8tre de 43mm et poss\u00e8de un bracelet en m\u00e9tal. Le bo\u00eetier de la montre contient un mouvement et un cristal min\u00e9ral.<\/span><\/p>\n<p><span>La montre est \u00e9tanche \u00e0 5ATM. Cela signifie que la montre est \u00e9tanche pour la douche. La montre est livr\u00e9e avec 2 ann\u00e9es de garantie valable dans le monde entier.<\/span><\/p>\n<p><span>Collection Emporio Armani &#8211; 2019<\/span><\/p>\n","protected":false},"excerpt":{"rendered":"<p>Montre Chronographe Acier Gunmetal Ronde 43mm Fond Bleu Bracelet Acier Gunmetal<\/p>\n","protected":false},"featured_media":9759,"comment_status":"open","ping_status":"closed","template":"","meta":{"om_disable_all_campaigns":false},"product_cat":[37,41,26,28],"product_tag":[],"jetpack-related-posts":[{"id":1530,"url":"https:\/\/r-mboutique.com\/index.php\/product\/emporio-armani-ar11132\/","url_meta":{"origin":1525,"position":0},"title":"Emporio Armani Luigi Slim Ar11132","author":"Ramzi Merabtine","date":"08\/16\/2020","format":false,"excerpt":"Montre Chronographe Acier Ronde 43mm Fond Bleu Bracelet Acier","rel":"","context":"Article similaire","block_context":{"text":"Article similaire","link":""},"img":{"alt_text":"","src":"https:\/\/i0.wp.com\/r-mboutique.com\/wp-content\/uploads\/2020\/08\/AR11132-1.jpg?fit=1000%2C1000&ssl=1&resize=350%2C200","width":350,"height":200,"srcset":"https:\/\/i0.wp.com\/r-mboutique.com\/wp-content\/uploads\/2020\/08\/AR11132-1.jpg?fit=1000%2C1000&ssl=1&resize=350%2C200 1x, https:\/\/i0.wp.com\/r-mboutique.com\/wp-content\/uploads\/2020\/08\/AR11132-1.jpg?fit=1000%2C1000&ssl=1&resize=525%2C300 1.5x, https:\/\/i0.wp.com\/r-mboutique.com\/wp-content\/uploads\/2020\/08\/AR11132-1.jpg?fit=1000%2C1000&ssl=1&resize=700%2C400 2x"},"classes":[]},{"id":1514,"url":"https:\/\/r-mboutique.com\/index.php\/product\/emporio-armani-ar11168\/","url_meta":{"origin":1525,"position":1},"title":"Emporio Armani Aviator Ar11168","author":"Ramzi Merabtine","date":"08\/16\/2020","format":false,"excerpt":"Montre Chronographe Gunmetal Ronde 43mm Fond Gris Bracelet Cuir Noir","rel":"","context":"Article similaire","block_context":{"text":"Article similaire","link":""},"img":{"alt_text":"","src":"https:\/\/i0.wp.com\/r-mboutique.com\/wp-content\/uploads\/2020\/08\/AR11168-1.jpg?fit=1000%2C1000&ssl=1&resize=350%2C200","width":350,"height":200,"srcset":"https:\/\/i0.wp.com\/r-mboutique.com\/wp-content\/uploads\/2020\/08\/AR11168-1.jpg?fit=1000%2C1000&ssl=1&resize=350%2C200 1x, https:\/\/i0.wp.com\/r-mboutique.com\/wp-content\/uploads\/2020\/08\/AR11168-1.jpg?fit=1000%2C1000&ssl=1&resize=525%2C300 1.5x, https:\/\/i0.wp.com\/r-mboutique.com\/wp-content\/uploads\/2020\/08\/AR11168-1.jpg?fit=1000%2C1000&ssl=1&resize=700%2C400 2x"},"classes":[]},{"id":2107,"url":"https:\/\/r-mboutique.com\/index.php\/product\/emporio-armani-aviator-ar11334\/","url_meta":{"origin":1525,"position":2},"title":"Emporio Armani Aviator AR11334","author":"Ramzi Merabtine","date":"09\/17\/2021","format":false,"excerpt":"Cette montre Emporio Armani \u00e0 un bo\u00eetier en acier inoxydable avec un diam\u00e8tre de 43mm et poss\u00e8de un bracelet en cuir. Le bo\u00eetier de la montre contient un mouvement et un cristal . La montre est \u00e9tanche \u00e0 5ATM. Cela signifie que la montre est \u00e9tanche pour la douche. La\u2026","rel":"","context":"Article similaire","block_context":{"text":"Article similaire","link":""},"img":{"alt_text":"","src":"https:\/\/i0.wp.com\/r-mboutique.com\/wp-content\/uploads\/2021\/09\/img_3051-2.jpeg?fit=1200%2C1200&ssl=1&resize=350%2C200","width":350,"height":200,"srcset":"https:\/\/i0.wp.com\/r-mboutique.com\/wp-content\/uploads\/2021\/09\/img_3051-2.jpeg?fit=1200%2C1200&ssl=1&resize=350%2C200 1x, https:\/\/i0.wp.com\/r-mboutique.com\/wp-content\/uploads\/2021\/09\/img_3051-2.jpeg?fit=1200%2C1200&ssl=1&resize=525%2C300 1.5x, https:\/\/i0.wp.com\/r-mboutique.com\/wp-content\/uploads\/2021\/09\/img_3051-2.jpeg?fit=1200%2C1200&ssl=1&resize=700%2C400 2x, https:\/\/i0.wp.com\/r-mboutique.com\/wp-content\/uploads\/2021\/09\/img_3051-2.jpeg?fit=1200%2C1200&ssl=1&resize=1050%2C600 3x"},"classes":[]},{"id":7137,"url":"https:\/\/r-mboutique.com\/index.php\/product\/emporio-armani-renato-ar2448\/","url_meta":{"origin":1525,"position":3},"title":"Emporio Armani Renato AR2448","author":"Ramzi Merabtine","date":"05\/04\/2023","format":false,"excerpt":"Cette montre Emporio Armani \u00e0 un bo\u00eetier en acier inoxydable avec un diam\u00e8tre de 43mm et poss\u00e8de un bracelet en m\u00e9tal. Le bo\u00eetier de la montre contient un mouvement et un cristal min\u00e9ral. La montre est \u00e9tanche \u00e0 5ATM. Cela signifie que la montre est \u00e9tanche pour la douche. La\u2026","rel":"","context":"Article similaire","block_context":{"text":"Article similaire","link":""},"img":{"alt_text":"","src":"https:\/\/i0.wp.com\/r-mboutique.com\/wp-content\/uploads\/2025\/10\/706f50f1-bb4a-4ecd-87a0-3812931c0b03.jpeg?fit=1078%2C1078&ssl=1&resize=350%2C200","width":350,"height":200,"srcset":"https:\/\/i0.wp.com\/r-mboutique.com\/wp-content\/uploads\/2025\/10\/706f50f1-bb4a-4ecd-87a0-3812931c0b03.jpeg?fit=1078%2C1078&ssl=1&resize=350%2C200 1x, https:\/\/i0.wp.com\/r-mboutique.com\/wp-content\/uploads\/2025\/10\/706f50f1-bb4a-4ecd-87a0-3812931c0b03.jpeg?fit=1078%2C1078&ssl=1&resize=525%2C300 1.5x, https:\/\/i0.wp.com\/r-mboutique.com\/wp-content\/uploads\/2025\/10\/706f50f1-bb4a-4ecd-87a0-3812931c0b03.jpeg?fit=1078%2C1078&ssl=1&resize=700%2C400 2x, https:\/\/i0.wp.com\/r-mboutique.com\/wp-content\/uploads\/2025\/10\/706f50f1-bb4a-4ecd-87a0-3812931c0b03.jpeg?fit=1078%2C1078&ssl=1&resize=1050%2C600 3x"},"classes":[]},{"id":2022,"url":"https:\/\/r-mboutique.com\/index.php\/product\/emporio-armani-renato-ar11164\/","url_meta":{"origin":1525,"position":4},"title":"Emporio Armani Renato AR11164","author":"Ramzi Merabtine","date":"09\/14\/2021","format":false,"excerpt":"Cette montre Emporio Armani \u00e0 un bo\u00eetier en acier inoxydable avec un diam\u00e8tre de 43mm et poss\u00e8de un bracelet en m\u00e9tal. Le bo\u00eetier de la montre contient un mouvement et un cristal min\u00e9ral. La montre est \u00e9tanche \u00e0 5ATM. Cela signifie que la montre est \u00e9tanche pour la douche. La\u2026","rel":"","context":"Article similaire","block_context":{"text":"Article similaire","link":""},"img":{"alt_text":"","src":"https:\/\/i0.wp.com\/r-mboutique.com\/wp-content\/uploads\/2025\/11\/img_0914.jpeg?fit=1200%2C1200&ssl=1&resize=350%2C200","width":350,"height":200,"srcset":"https:\/\/i0.wp.com\/r-mboutique.com\/wp-content\/uploads\/2025\/11\/img_0914.jpeg?fit=1200%2C1200&ssl=1&resize=350%2C200 1x, https:\/\/i0.wp.com\/r-mboutique.com\/wp-content\/uploads\/2025\/11\/img_0914.jpeg?fit=1200%2C1200&ssl=1&resize=525%2C300 1.5x, https:\/\/i0.wp.com\/r-mboutique.com\/wp-content\/uploads\/2025\/11\/img_0914.jpeg?fit=1200%2C1200&ssl=1&resize=700%2C400 2x, https:\/\/i0.wp.com\/r-mboutique.com\/wp-content\/uploads\/2025\/11\/img_0914.jpeg?fit=1200%2C1200&ssl=1&resize=1050%2C600 3x"},"classes":[]},{"id":9727,"url":"https:\/\/r-mboutique.com\/index.php\/product\/emporio-armani-renato-ar11507\/","url_meta":{"origin":1525,"position":5},"title":"Emporio Armani Renato AR11507","author":"Ramzi Merabtine","date":"10\/24\/2025","format":false,"excerpt":"Cette montre Emporio Armani \u00e0 un bo\u00eetier en acier inoxydable avec un diam\u00e8tre de 43mm et poss\u00e8de un bracelet en m\u00e9tal. Le bo\u00eetier de la montre contient un mouvement et un cristal min\u00e9ral. La montre est \u00e9tanche \u00e0 5ATM. Cela signifie que la montre est \u00e9tanche pour la douche. La\u2026","rel":"","context":"Article similaire","block_context":{"text":"Article similaire","link":""},"img":{"alt_text":"","src":"https:\/\/i0.wp.com\/r-mboutique.com\/wp-content\/uploads\/2025\/11\/img_0911.jpeg?fit=1200%2C1200&ssl=1&resize=350%2C200","width":350,"height":200,"srcset":"https:\/\/i0.wp.com\/r-mboutique.com\/wp-content\/uploads\/2025\/11\/img_0911.jpeg?fit=1200%2C1200&ssl=1&resize=350%2C200 1x, https:\/\/i0.wp.com\/r-mboutique.com\/wp-content\/uploads\/2025\/11\/img_0911.jpeg?fit=1200%2C1200&ssl=1&resize=525%2C300 1.5x, https:\/\/i0.wp.com\/r-mboutique.com\/wp-content\/uploads\/2025\/11\/img_0911.jpeg?fit=1200%2C1200&ssl=1&resize=700%2C400 2x, https:\/\/i0.wp.com\/r-mboutique.com\/wp-content\/uploads\/2025\/11\/img_0911.jpeg?fit=1200%2C1200&ssl=1&resize=1050%2C600 3x"},"classes":[]}],"_links":{"self":[{"href":"https:\/\/r-mboutique.com\/index.php\/wp-json\/wp\/v2\/product\/1525"}],"collection":[{"href":"https:\/\/r-mboutique.com\/index.php\/wp-json\/wp\/v2\/product"}],"about":[{"href":"https:\/\/r-mboutique.com\/index.php\/wp-json\/wp\/v2\/types\/product"}],"replies":[{"embeddable":true,"href":"https:\/\/r-mboutique.com\/index.php\/wp-json\/wp\/v2\/comments?post=1525"}],"wp:featuredmedia":[{"embeddable":true,"href":"https:\/\/r-mboutique.com\/index.php\/wp-json\/wp\/v2\/media\/9759"}],"wp:attachment":[{"href":"https:\/\/r-mboutique.com\/index.php\/wp-json\/wp\/v2\/media?parent=1525"}],"wp:term":[{"taxonomy":"product_cat","embeddable":true,"href":"https:\/\/r-mboutique.com\/index.php\/wp-json\/wp\/v2\/product_cat?post=1525"},{"taxonomy":"product_tag","embeddable":true,"href":"https:\/\/r-mboutique.com\/index.php\/wp-json\/wp\/v2\/product_tag?post=1525"}],"curies":[{"name":"wp","href":"https:\/\/api.w.org\/{rel}","templated":true}]}}