{"id":1840,"date":"2020-09-08T11:09:32","date_gmt":"2020-09-08T10:09:32","guid":{"rendered":"https:\/\/r-mboutique.com\/?post_type=product&#038;p=1840"},"modified":"2025-09-22T16:05:20","modified_gmt":"2025-09-22T15:05:20","slug":"viceroy-401053","status":"publish","type":"product","link":"https:\/\/r-mboutique.com\/index.php\/product\/viceroy-401053\/","title":{"rendered":"viceroy 401053"},"content":{"rendered":"<div class=\"row\">\n<div class=\"col-sm-6\">\n<div class=\"row product-features-body-container\">\n<div class=\"product-features-body\">\n<div class=\"col-xs-12\">\n<p class=\"product-features-title\">PRODUIT<\/p>\n<\/div>\n<div class=\"col-xs-12\">\n<table class=\"products-specifics-table\">\n<tbody>\n<tr class=\"even\">\n<td>\n<p class=\"product-main-features-key\">Cat\u00e9gorie<\/p>\n<\/td>\n<td>Montre bracelet<\/td>\n<\/tr>\n<tr class=\"\">\n<td>\n<p class=\"product-main-features-key\">Genre<\/p>\n<\/td>\n<td>Homme<\/td>\n<\/tr>\n<tr class=\"even\">\n<td>\n<p class=\"product-main-features-key\">Style<\/p>\n<\/td>\n<td>El\u00e9gant<\/td>\n<\/tr>\n<tr class=\"\">\n<td>\n<p class=\"product-main-features-key\">Marque<\/p>\n<\/td>\n<td>Viceroy<\/td>\n<\/tr>\n<tr class=\"even\">\n<td>\n<p class=\"product-main-features-key\">Code producteur<\/p>\n<\/td>\n<td>401053-37<\/td>\n<\/tr>\n<tr class=\"\">\n<td>\n<p class=\"product-main-features-key\">EAN<\/p>\n<\/td>\n<td>8431283482610<\/td>\n<\/tr>\n<tr class=\"even\">\n<td>\n<p class=\"product-main-features-key\">Type de garantie\u00a0<i class=\"fa fa-info-circle\"><\/i><\/p>\n<\/td>\n<td>D\u00e9taillant<\/td>\n<\/tr>\n<tr class=\"\">\n<td>\n<p class=\"product-main-features-key\">Dur\u00e9e de la garantie<\/p>\n<\/td>\n<td>2 ans<\/td>\n<\/tr>\n<\/tbody>\n<\/table>\n<\/div>\n<\/div>\n<\/div>\n<\/div>\n<div class=\"col-sm-6\">\n<div class=\"row product-features-body-container\">\n<div class=\"product-features-body\">\n<div class=\"col-xs-12\">\n<p class=\"product-features-title\">MOUVEMENT<\/p>\n<\/div>\n<div class=\"col-xs-12\">\n<table class=\"products-specifics-table\">\n<tbody>\n<tr class=\"even\">\n<td>\n<p class=\"product-main-features-key\">Type de mouvement\u00a0<i class=\"fa fa-info-circle\"><\/i><\/p>\n<\/td>\n<td>Quartz<\/td>\n<\/tr>\n<tr class=\"\">\n<td>\n<p class=\"product-main-features-key\">Type d&#8217;allimentation<\/p>\n<\/td>\n<td>Pile<\/td>\n<\/tr>\n<tr class=\"even\">\n<td>\n<p class=\"product-main-features-key\">Type de calendrier<\/p>\n<\/td>\n<td>Jour et date<\/td>\n<\/tr>\n<\/tbody>\n<\/table>\n<\/div>\n<\/div>\n<\/div>\n<\/div>\n<\/div>\n<div class=\"row\">\n<div class=\"col-sm-6\">\n<div class=\"row product-features-body-container\">\n<div class=\"product-features-body\">\n<div class=\"col-xs-12\">\n<p class=\"product-features-title\">BOITIER<\/p>\n<\/div>\n<div class=\"col-xs-12\">\n<table class=\"products-specifics-table\">\n<tbody>\n<tr class=\"even\">\n<td>\n<p class=\"product-main-features-key\">Mat\u00e9riel bo\u00eetier<\/p>\n<\/td>\n<td>Acier inoxydable<\/td>\n<\/tr>\n<tr class=\"\">\n<td>\n<p class=\"product-main-features-key\">Couleur du quadrant<\/p>\n<\/td>\n<td>Noir<\/td>\n<\/tr>\n<tr class=\"even\">\n<td>\n<p class=\"product-main-features-key\">Forme de la caisse<\/p>\n<\/td>\n<td>Rond<\/td>\n<\/tr>\n<tr class=\"\">\n<td>\n<p class=\"product-main-features-key\">Diam\u00e8tre bo\u00eete<\/p>\n<\/td>\n<td>41 mm<\/td>\n<\/tr>\n<tr class=\"even\">\n<td>\n<p class=\"product-main-features-key\">\u00c9paisseur bo\u00eete<\/p>\n<\/td>\n<td>13 mm<\/td>\n<\/tr>\n<tr class=\"\">\n<td>\n<p class=\"product-main-features-key\">Resistance \u00e0 l&#8217;eau\u00a0<i class=\"fa fa-info-circle\"><\/i><\/p>\n<\/td>\n<td>30m | 3 ATM<\/td>\n<\/tr>\n<\/tbody>\n<\/table>\n<\/div>\n<\/div>\n<\/div>\n<\/div>\n<div class=\"col-sm-6\">\n<div class=\"row product-features-body-container\">\n<div class=\"product-features-body\">\n<div class=\"col-xs-12\">\n<p class=\"product-features-title\">QUADRANT<\/p>\n<\/div>\n<div class=\"col-xs-12\">\n<table class=\"products-specifics-table\">\n<tbody>\n<tr class=\"even\">\n<td>\n<p class=\"product-main-features-key\">Type de display<\/p>\n<\/td>\n<td>Analogique<\/td>\n<\/tr>\n<tr class=\"\">\n<td>\n<p class=\"product-main-features-key\">Type de verre\u00a0<i class=\"fa fa-info-circle\"><\/i><\/p>\n<\/td>\n<td>Min\u00e9ral<\/td>\n<\/tr>\n<tr class=\"even\">\n<td>\n<p class=\"product-main-features-key\">Forme du cadran<\/p>\n<\/td>\n<td>Rond<\/td>\n<\/tr>\n<tr class=\"\">\n<td>\n<p class=\"product-main-features-key\">Couleur du cadran<\/p>\n<\/td>\n<td>Bleu<\/td>\n<\/tr>\n<tr class=\"even\">\n<td>\n<p class=\"product-main-features-key\">Index<\/p>\n<\/td>\n<td>G\u00e9om\u00e9trique<\/td>\n<\/tr>\n<tr class=\"\">\n<td>\n<p class=\"product-main-features-key\">Couleur des index<\/p>\n<\/td>\n<td>Or ros\u00e9<\/td>\n<\/tr>\n<\/tbody>\n<\/table>\n<\/div>\n<\/div>\n<\/div>\n<\/div>\n<\/div>\n<div class=\"row\">\n<div class=\"col-sm-6\">\n<div class=\"row product-features-body-container\">\n<div class=\"product-features-body\">\n<div class=\"col-xs-12\">\n<p class=\"product-features-title\">BRACELET<\/p>\n<\/div>\n<div class=\"col-xs-12\">\n<table class=\"products-specifics-table\">\n<tbody>\n<tr class=\"even\">\n<td>\n<p class=\"product-main-features-key\">Mat\u00e9riau du bracelet<\/p>\n<\/td>\n<td>Acier inoxydable<\/td>\n<\/tr>\n<tr class=\"\">\n<td>\n<p class=\"product-main-features-key\">Couleur du bracelet<\/p>\n<\/td>\n<td>Noir<\/td>\n<\/tr>\n<tr class=\"even\">\n<td>\n<p class=\"product-main-features-key\">Type de fermeture<\/p>\n<\/td>\n<td>Boucle avec des boutons poussoirs<\/td>\n<\/tr>\n<\/tbody>\n<\/table>\n<p>&nbsp;<\/p>\n<\/div>\n<\/div>\n<\/div>\n<\/div>\n<\/div>\n","protected":false},"excerpt":{"rendered":"<h2 class=\"product-description-content\">Montre bracelet 401053-37 pour homme \u00e0 quartz, avec une bo\u00eetier de acier inoxydable d\u2019un diam\u00e8tre de 41 mm, avec un cadran bleu et avec un bracelet de acier inoxydable en couleur noir.<\/h2>\n","protected":false},"featured_media":1841,"comment_status":"open","ping_status":"closed","template":"","meta":{"om_disable_all_campaigns":false},"product_cat":[26,28],"product_tag":[],"jetpack-related-posts":[{"id":7374,"url":"https:\/\/r-mboutique.com\/index.php\/product\/viceroy-air-46729-37\/","url_meta":{"origin":1840,"position":0},"title":"Viceroy Air 46729-37","author":"Ramzi Merabtine","date":"06\/21\/2023","format":false,"excerpt":"Cette montre\u00a0Viceroy\u00a0\u00e0 un bo\u00eetier en acier inoxydable avec un diam\u00e8tre de 42mm et poss\u00e8de un bracelet en acier. Le bo\u00eetier de la montre contient un mouvement et un cristal min\u00e9ral. La montre est \u00e9tanche \u00e0 10ATM. Cela signifie que la montre est \u00e9tanche pour nager.\u00a0 La montre est livr\u00e9e avec\u2026","rel":"","context":"Article similaire","block_context":{"text":"Article similaire","link":""},"img":{"alt_text":"","src":"https:\/\/i0.wp.com\/r-mboutique.com\/wp-content\/uploads\/2023\/12\/img_7911.jpeg?fit=1200%2C1200&ssl=1&resize=350%2C200","width":350,"height":200,"srcset":"https:\/\/i0.wp.com\/r-mboutique.com\/wp-content\/uploads\/2023\/12\/img_7911.jpeg?fit=1200%2C1200&ssl=1&resize=350%2C200 1x, https:\/\/i0.wp.com\/r-mboutique.com\/wp-content\/uploads\/2023\/12\/img_7911.jpeg?fit=1200%2C1200&ssl=1&resize=525%2C300 1.5x, https:\/\/i0.wp.com\/r-mboutique.com\/wp-content\/uploads\/2023\/12\/img_7911.jpeg?fit=1200%2C1200&ssl=1&resize=700%2C400 2x, https:\/\/i0.wp.com\/r-mboutique.com\/wp-content\/uploads\/2023\/12\/img_7911.jpeg?fit=1200%2C1200&ssl=1&resize=1050%2C600 3x"},"classes":[]},{"id":4781,"url":"https:\/\/r-mboutique.com\/index.php\/product\/viceroy-antonio-banderas-401051-37\/","url_meta":{"origin":1840,"position":1},"title":"Viceroy Antonio Banderas 401051-37","author":"Ramzi Merabtine","date":"03\/14\/2022","format":false,"excerpt":"Cette montre Viceroy \u00e0 un bo\u00eetier en acier inoxydable\u00a0avec un diam\u00e8tre de 41mm et poss\u00e8de un bracelet en\u00a0acier. Le bo\u00eetier de la montre contient un mouvement et un cristal\u00a0min\u00e9ral. La montre est \u00e9tanche \u00e0 10ATM. Cela signifie que la montre est \u00e9tanche pour nager.\u00a0 La montre est livr\u00e9e avec 2\u2026","rel":"","context":"Article similaire","block_context":{"text":"Article similaire","link":""},"img":{"alt_text":"","src":"https:\/\/i0.wp.com\/r-mboutique.com\/wp-content\/uploads\/2022\/03\/img_7354.jpeg?fit=1200%2C1200&ssl=1&resize=350%2C200","width":350,"height":200,"srcset":"https:\/\/i0.wp.com\/r-mboutique.com\/wp-content\/uploads\/2022\/03\/img_7354.jpeg?fit=1200%2C1200&ssl=1&resize=350%2C200 1x, https:\/\/i0.wp.com\/r-mboutique.com\/wp-content\/uploads\/2022\/03\/img_7354.jpeg?fit=1200%2C1200&ssl=1&resize=525%2C300 1.5x, https:\/\/i0.wp.com\/r-mboutique.com\/wp-content\/uploads\/2022\/03\/img_7354.jpeg?fit=1200%2C1200&ssl=1&resize=700%2C400 2x, https:\/\/i0.wp.com\/r-mboutique.com\/wp-content\/uploads\/2022\/03\/img_7354.jpeg?fit=1200%2C1200&ssl=1&resize=1050%2C600 3x"},"classes":[]},{"id":4793,"url":"https:\/\/r-mboutique.com\/index.php\/product\/viceroy-antonio-banderas-401053-37\/","url_meta":{"origin":1840,"position":2},"title":"Viceroy Antonio Banderas 401053-37","author":"Ramzi Merabtine","date":"03\/14\/2022","format":false,"excerpt":"Cette montre Viceroy \u00e0 un bo\u00eetier en acier inoxydable\u00a0avec un diam\u00e8tre de 41mm et poss\u00e8de un bracelet en\u00a0acier. Le bo\u00eetier de la montre contient un mouvement et un cristal\u00a0min\u00e9ral. La montre est \u00e9tanche \u00e0 10ATM. Cela signifie que la montre est \u00e9tanche pour nager.\u00a0 La montre est livr\u00e9e avec 2\u2026","rel":"","context":"Article similaire","block_context":{"text":"Article similaire","link":""},"img":{"alt_text":"","src":"https:\/\/i0.wp.com\/r-mboutique.com\/wp-content\/uploads\/2022\/03\/img_7369.jpeg?fit=1200%2C1200&ssl=1&resize=350%2C200","width":350,"height":200,"srcset":"https:\/\/i0.wp.com\/r-mboutique.com\/wp-content\/uploads\/2022\/03\/img_7369.jpeg?fit=1200%2C1200&ssl=1&resize=350%2C200 1x, https:\/\/i0.wp.com\/r-mboutique.com\/wp-content\/uploads\/2022\/03\/img_7369.jpeg?fit=1200%2C1200&ssl=1&resize=525%2C300 1.5x, https:\/\/i0.wp.com\/r-mboutique.com\/wp-content\/uploads\/2022\/03\/img_7369.jpeg?fit=1200%2C1200&ssl=1&resize=700%2C400 2x, https:\/\/i0.wp.com\/r-mboutique.com\/wp-content\/uploads\/2022\/03\/img_7369.jpeg?fit=1200%2C1200&ssl=1&resize=1050%2C600 3x"},"classes":[]},{"id":8024,"url":"https:\/\/r-mboutique.com\/index.php\/product\/viceroy-colors-coffret-471143-37\/","url_meta":{"origin":1840,"position":3},"title":"Viceroy Colors Coffret 471143-37","author":"Ramzi Merabtine","date":"11\/28\/2023","format":false,"excerpt":"Cette montre Viceroy \u00e0 un bo\u00eetier en acier inoxydable avec un diam\u00e8tre de 40mm et poss\u00e8de un bracelet en\u00a0Nato cuir plus un bracelet de rechange en silicone. Le bo\u00eetier de la montre contient un mouvement et un cristal min\u00e9ral. La montre est \u00e9tanche \u00e0 5ATM. Cela signifie que la montre\u2026","rel":"","context":"Article similaire","block_context":{"text":"Article similaire","link":""},"img":{"alt_text":"","src":"https:\/\/i0.wp.com\/r-mboutique.com\/wp-content\/uploads\/2023\/11\/img_7857.jpeg?fit=1200%2C1200&ssl=1&resize=350%2C200","width":350,"height":200,"srcset":"https:\/\/i0.wp.com\/r-mboutique.com\/wp-content\/uploads\/2023\/11\/img_7857.jpeg?fit=1200%2C1200&ssl=1&resize=350%2C200 1x, https:\/\/i0.wp.com\/r-mboutique.com\/wp-content\/uploads\/2023\/11\/img_7857.jpeg?fit=1200%2C1200&ssl=1&resize=525%2C300 1.5x, https:\/\/i0.wp.com\/r-mboutique.com\/wp-content\/uploads\/2023\/11\/img_7857.jpeg?fit=1200%2C1200&ssl=1&resize=700%2C400 2x, https:\/\/i0.wp.com\/r-mboutique.com\/wp-content\/uploads\/2023\/11\/img_7857.jpeg?fit=1200%2C1200&ssl=1&resize=1050%2C600 3x"},"classes":[]},{"id":8164,"url":"https:\/\/r-mboutique.com\/index.php\/product\/viceroy-antonio-banderas-471101-37\/","url_meta":{"origin":1840,"position":4},"title":"Viceroy Antonio Banderas 471101-37","author":"Ramzi Merabtine","date":"12\/07\/2023","format":false,"excerpt":"Cette montre Viceroy \u00e0 un bo\u00eetier en acier inoxydable\u00a0avec un diam\u00e8tre de 41mm et poss\u00e8de un bracelet en\u00a0acier. Le bo\u00eetier de la montre contient un mouvement et un cristal\u00a0min\u00e9ral. La montre est \u00e9tanche \u00e0 10ATM. Cela signifie que la montre est \u00e9tanche pour nager.\u00a0 La montre est livr\u00e9e avec 2\u2026","rel":"","context":"Article similaire","block_context":{"text":"Article similaire","link":""},"img":{"alt_text":"","src":"https:\/\/i0.wp.com\/r-mboutique.com\/wp-content\/uploads\/2023\/12\/img_8356.jpeg?fit=1200%2C1200&ssl=1&resize=350%2C200","width":350,"height":200,"srcset":"https:\/\/i0.wp.com\/r-mboutique.com\/wp-content\/uploads\/2023\/12\/img_8356.jpeg?fit=1200%2C1200&ssl=1&resize=350%2C200 1x, https:\/\/i0.wp.com\/r-mboutique.com\/wp-content\/uploads\/2023\/12\/img_8356.jpeg?fit=1200%2C1200&ssl=1&resize=525%2C300 1.5x, https:\/\/i0.wp.com\/r-mboutique.com\/wp-content\/uploads\/2023\/12\/img_8356.jpeg?fit=1200%2C1200&ssl=1&resize=700%2C400 2x, https:\/\/i0.wp.com\/r-mboutique.com\/wp-content\/uploads\/2023\/12\/img_8356.jpeg?fit=1200%2C1200&ssl=1&resize=1050%2C600 3x"},"classes":[]},{"id":8171,"url":"https:\/\/r-mboutique.com\/index.php\/product\/viceroy-antonio-banderas-471103-37\/","url_meta":{"origin":1840,"position":5},"title":"Viceroy Antonio Banderas 471103-37","author":"Ramzi Merabtine","date":"12\/07\/2023","format":false,"excerpt":"Cette montre Viceroy \u00e0 un bo\u00eetier en acier inoxydable\u00a0avec un diam\u00e8tre de 41mm et poss\u00e8de un bracelet en\u00a0acier. Le bo\u00eetier de la montre contient un mouvement et un cristal\u00a0min\u00e9ral. La montre est \u00e9tanche \u00e0 10ATM. Cela signifie que la montre est \u00e9tanche pour nager.\u00a0 La montre est livr\u00e9e avec 2\u2026","rel":"","context":"Article similaire","block_context":{"text":"Article similaire","link":""},"img":{"alt_text":"","src":"https:\/\/i0.wp.com\/r-mboutique.com\/wp-content\/uploads\/2023\/12\/img_8359.jpeg?fit=1200%2C1200&ssl=1&resize=350%2C200","width":350,"height":200,"srcset":"https:\/\/i0.wp.com\/r-mboutique.com\/wp-content\/uploads\/2023\/12\/img_8359.jpeg?fit=1200%2C1200&ssl=1&resize=350%2C200 1x, https:\/\/i0.wp.com\/r-mboutique.com\/wp-content\/uploads\/2023\/12\/img_8359.jpeg?fit=1200%2C1200&ssl=1&resize=525%2C300 1.5x, https:\/\/i0.wp.com\/r-mboutique.com\/wp-content\/uploads\/2023\/12\/img_8359.jpeg?fit=1200%2C1200&ssl=1&resize=700%2C400 2x, https:\/\/i0.wp.com\/r-mboutique.com\/wp-content\/uploads\/2023\/12\/img_8359.jpeg?fit=1200%2C1200&ssl=1&resize=1050%2C600 3x"},"classes":[]}],"_links":{"self":[{"href":"https:\/\/r-mboutique.com\/index.php\/wp-json\/wp\/v2\/product\/1840"}],"collection":[{"href":"https:\/\/r-mboutique.com\/index.php\/wp-json\/wp\/v2\/product"}],"about":[{"href":"https:\/\/r-mboutique.com\/index.php\/wp-json\/wp\/v2\/types\/product"}],"replies":[{"embeddable":true,"href":"https:\/\/r-mboutique.com\/index.php\/wp-json\/wp\/v2\/comments?post=1840"}],"wp:featuredmedia":[{"embeddable":true,"href":"https:\/\/r-mboutique.com\/index.php\/wp-json\/wp\/v2\/media\/1841"}],"wp:attachment":[{"href":"https:\/\/r-mboutique.com\/index.php\/wp-json\/wp\/v2\/media?parent=1840"}],"wp:term":[{"taxonomy":"product_cat","embeddable":true,"href":"https:\/\/r-mboutique.com\/index.php\/wp-json\/wp\/v2\/product_cat?post=1840"},{"taxonomy":"product_tag","embeddable":true,"href":"https:\/\/r-mboutique.com\/index.php\/wp-json\/wp\/v2\/product_tag?post=1840"}],"curies":[{"name":"wp","href":"https:\/\/api.w.org\/{rel}","templated":true}]}}