{"id":1843,"date":"2020-09-08T11:39:44","date_gmt":"2020-09-08T10:39:44","guid":{"rendered":"https:\/\/r-mboutique.com\/?post_type=product&#038;p=1843"},"modified":"2025-09-22T16:05:17","modified_gmt":"2025-09-22T15:05:17","slug":"viceroy-40151-57","status":"publish","type":"product","link":"https:\/\/r-mboutique.com\/index.php\/product\/viceroy-40151-57\/","title":{"rendered":"Viceroy 40151-57"},"content":{"rendered":"<div id=\"technicalSpecifications_feature_div\" class=\"celwidget\" data-feature-name=\"technicalSpecifications\" data-csa-c-id=\"sxkimx-mht9op-5jchpm-r4b7eu\" data-cel-widget=\"technicalSpecifications_feature_div\">\n<h2>Descriptif technique<\/h2>\n<div class=\"a-section a-spacing-micro\"><\/div>\n<div class=\"a-row\">\n<div class=\"a-column a-span6 a-spacing-base a-ws-span6\">\n<h5 class=\"a-spacing-small a-spacing-top-small\">Informations Montres<\/h5>\n<table id=\"technicalSpecifications_section_1\" class=\"a-keyvalue a-spacing-mini\">\n<tbody>\n<tr>\n<th class=\"a-span5 a-size-base\">Marque<\/th>\n<td class=\"a-span7 a-size-base\">Viceroy<\/td>\n<\/tr>\n<tr>\n<th class=\"a-span5 a-size-base\">Num\u00e9ro de pi\u00e8ce<\/th>\n<td class=\"a-span7 a-size-base\">401051-57<\/td>\n<\/tr>\n<tr>\n<th class=\"a-span5 a-size-base\">Forme<\/th>\n<td class=\"a-span7 a-size-base\">Ronde<\/td>\n<\/tr>\n<tr>\n<th class=\"a-span5 a-size-base\"><span class=\"a-declarative\" data-action=\"a-popover\" data-a-popover=\"{&quot;cache&quot;:&quot;true&quot;,&quot;name&quot;:&quot;Type de Verre&quot;,&quot;width&quot;:&quot;500&quot;,&quot;header&quot;:&quot;Type de Verre&quot;,&quot;position&quot;:&quot;triggerRight&quot;,&quot;scrollable&quot;:&quot;true&quot;,&quot;url&quot;:&quot;\/gp\/product\/ajax-handlers\/tech-spec-popover-contents.html\/ref=dp_soft_tech_spec?keyLookUp=watch_help_attr-name_dial_window_material_type&quot;}\"><a class=\"a-link-normal a-popover-trigger\" href=\"https:\/\/www.amazon.fr\/gp\/product\/ajax-handlers\/tech-spec-popover-contents.html\/ref=dp_soft_tech_spec?keyLookUp=\/gp\/product\/ajax-handlers\/tech-spec-popover-contents.html\/ref=dp_soft_tech_spec?keyLookUp=watch_help_attr-name_dial_window_material_type\" target=\"_blank\" rel=\"noopener noreferrer\">Type de Verre<i class=\"a-icon a-icon-popover\"><\/i><\/a><\/span><\/th>\n<td class=\"a-span7 a-size-base\">Min\u00e9ral<\/td>\n<\/tr>\n<tr>\n<th class=\"a-span5 a-size-base\">Type d&#8217;affichage<\/th>\n<td class=\"a-span7 a-size-base\">Analogique<\/td>\n<\/tr>\n<tr>\n<th class=\"a-span5 a-size-base\">Type de fermoir<\/th>\n<td class=\"a-span7 a-size-base\">Boucle D\u00e9ployante avec S\u00fbret\u00e9<\/td>\n<\/tr>\n<tr>\n<th class=\"a-span5 a-size-base\">Mati\u00e8re du bo\u00eetier<\/th>\n<td class=\"a-span7 a-size-base\">Acier Inoxydable<\/td>\n<\/tr>\n<tr>\n<th class=\"a-span5 a-size-base\"><span class=\"a-declarative\" data-action=\"a-popover\" data-a-popover=\"{&quot;cache&quot;:&quot;true&quot;,&quot;name&quot;:&quot;Diam\u00e8tre du bo\u00eetier&quot;,&quot;width&quot;:&quot;500&quot;,&quot;header&quot;:&quot;Diam\u00e8tre du bo\u00eetier&quot;,&quot;position&quot;:&quot;triggerRight&quot;,&quot;scrollable&quot;:&quot;true&quot;,&quot;url&quot;:&quot;\/gp\/product\/ajax-handlers\/tech-spec-popover-contents.html\/ref=dp_soft_tech_spec?keyLookUp=watch_help_attr-name_case_diameter&quot;}\"><a class=\"a-link-normal a-popover-trigger\" href=\"https:\/\/www.amazon.fr\/gp\/product\/ajax-handlers\/tech-spec-popover-contents.html\/ref=dp_soft_tech_spec?keyLookUp=\/gp\/product\/ajax-handlers\/tech-spec-popover-contents.html\/ref=dp_soft_tech_spec?keyLookUp=watch_help_attr-name_case_diameter\" target=\"_blank\" rel=\"noopener noreferrer\">Diam\u00e8tre du bo\u00eetier<i class=\"a-icon a-icon-popover\"><\/i><\/a><\/span><\/th>\n<td class=\"a-span7 a-size-base\">41 millim\u00e8tres<\/td>\n<\/tr>\n<tr>\n<th class=\"a-span5 a-size-base\"><span class=\"a-declarative\" data-action=\"a-popover\" data-a-popover=\"{&quot;cache&quot;:&quot;true&quot;,&quot;name&quot;:&quot;Epaisseur du bo\u00eetier&quot;,&quot;width&quot;:&quot;500&quot;,&quot;header&quot;:&quot;Epaisseur du bo\u00eetier&quot;,&quot;position&quot;:&quot;triggerRight&quot;,&quot;scrollable&quot;:&quot;true&quot;,&quot;url&quot;:&quot;\/gp\/product\/ajax-handlers\/tech-spec-popover-contents.html\/ref=dp_soft_tech_spec?keyLookUp=watch_help_attr-name_case_thickness&quot;}\"><a class=\"a-link-normal a-popover-trigger\" href=\"https:\/\/www.amazon.fr\/gp\/product\/ajax-handlers\/tech-spec-popover-contents.html\/ref=dp_soft_tech_spec?keyLookUp=\/gp\/product\/ajax-handlers\/tech-spec-popover-contents.html\/ref=dp_soft_tech_spec?keyLookUp=watch_help_attr-name_case_thickness\" target=\"_blank\" rel=\"noopener noreferrer\">Epaisseur du bo\u00eetier<i class=\"a-icon a-icon-popover\"><\/i><\/a><\/span><\/th>\n<td class=\"a-span7 a-size-base\">11.00<\/td>\n<\/tr>\n<tr>\n<th class=\"a-span5 a-size-base\">Mati\u00e8re du bracelet<\/th>\n<td class=\"a-span7 a-size-base\">Acier inoxydable<\/td>\n<\/tr>\n<tr>\n<th class=\"a-span5 a-size-base\">Longueur du bracelet<\/th>\n<td class=\"a-span7 a-size-base\">Homme &#8211; Standard<\/td>\n<\/tr>\n<tr>\n<th class=\"a-span5 a-size-base\">Largeur du bracelet<\/th>\n<td class=\"a-span7 a-size-base\">20 millim\u00e8tres<\/td>\n<\/tr>\n<tr>\n<th class=\"a-span5 a-size-base\">Couleur du bracelet<\/th>\n<td class=\"a-span7 a-size-base\">Bleu<\/td>\n<\/tr>\n<tr>\n<th class=\"a-span5 a-size-base\">Couleur du cadran<\/th>\n<td class=\"a-span7 a-size-base\">Gris<\/td>\n<\/tr>\n<tr>\n<th class=\"a-span5 a-size-base\">Caract\u00e9ristiques sp\u00e9ciales<\/th>\n<td class=\"a-span7 a-size-base\">R\u00e9sistance \u00e0 l\u2019eau<\/td>\n<\/tr>\n<tr>\n<th class=\"a-span5 a-size-base\">Poids<\/th>\n<td class=\"a-span7 a-size-base\">300 grammes<\/td>\n<\/tr>\n<tr>\n<th class=\"a-span5 a-size-base\"><span class=\"a-declarative\" data-action=\"a-popover\" data-a-popover=\"{&quot;cache&quot;:&quot;true&quot;,&quot;name&quot;:&quot;Type de Mouvement&quot;,&quot;width&quot;:&quot;500&quot;,&quot;header&quot;:&quot;Type de Mouvement&quot;,&quot;position&quot;:&quot;triggerRight&quot;,&quot;scrollable&quot;:&quot;true&quot;,&quot;url&quot;:&quot;\/gp\/product\/ajax-handlers\/tech-spec-popover-contents.html\/ref=dp_soft_tech_spec?keyLookUp=watch_help_attr-name_watch_movement_type&quot;}\"><a class=\"a-link-normal a-popover-trigger\" href=\"https:\/\/www.amazon.fr\/gp\/product\/ajax-handlers\/tech-spec-popover-contents.html\/ref=dp_soft_tech_spec?keyLookUp=\/gp\/product\/ajax-handlers\/tech-spec-popover-contents.html\/ref=dp_soft_tech_spec?keyLookUp=watch_help_attr-name_watch_movement_type\" target=\"_blank\" rel=\"noopener noreferrer\">Type de Mouvement<i class=\"a-icon a-icon-popover\"><\/i><\/a><\/span><\/th>\n<td class=\"a-span7 a-size-base\">Quartz<\/td>\n<\/tr>\n<tr>\n<th class=\"a-span5 a-size-base\">Garantie<\/th>\n<td class=\"a-span7 a-size-base\">\u00a02 ans<\/td>\n<\/tr>\n<\/tbody>\n<\/table>\n<\/div>\n<div class=\"a-column a-span6 a-spacing-base a-ws-span6 a-span-last a-ws-span-last\"><\/div>\n<\/div>\n<\/div>\n<div id=\"detailBullets\" class=\"celwidget\" data-feature-name=\"detailBullets\" data-csa-c-id=\"yf5dc4-zd08aw-9av5ix-r7l0n9\" data-cel-widget=\"detailBullets\">\n<div id=\"detailBulletsWrapper_feature_div\" class=\"a-section feature detail-bullets-wrapper bucket\" data-feature-name=\"detailBullets\" data-template-name=\"detailBullets\" data-cel-widget=\"detailBulletsWrapper_feature_div\"><\/div>\n<\/div>\n","protected":false},"excerpt":{"rendered":"<p>401051-57 collection de montres homme Viceroy Antonio Banderas design sph\u00e8re en acier IP transparente. Man. Bo\u00eetier: acier inoxydable. Bracelet: Acier inoxydable. Mouvement: Quartz. Crystal: Mineral. Diam\u00e8tre du bo\u00eetier (mm): 41. Bo\u00eete Epaisseur: Largeur 11. Bracelet (mm)<\/p>\n","protected":false},"featured_media":1846,"comment_status":"open","ping_status":"closed","template":"","meta":{"om_disable_all_campaigns":false},"product_cat":[26,28],"product_tag":[],"jetpack-related-posts":[{"id":8772,"url":"https:\/\/r-mboutique.com\/index.php\/product\/viceroy-air-401004-57\/","url_meta":{"origin":1843,"position":0},"title":"Viceroy Air 401004-57","author":"Ramzi Merabtine","date":"06\/30\/2025","format":false,"excerpt":"Cette montre Viceroy \u00e0 un bo\u00eetier en acier inoxydable\u00a0up\u00a0rose avec un diam\u00e8tre de 34mm et poss\u00e8de un bracelet en\u00a0acier. Le bo\u00eetier de la montre contient un mouvement et un cristal min\u00e9ral. La montre est \u00e9tanche \u00e0 3ATM. Cela signifie que la montre est \u00e9tanche pour \u00e9claboussures.\u00a0 La montre est livr\u00e9e\u2026","rel":"","context":"Article similaire","block_context":{"text":"Article similaire","link":""},"img":{"alt_text":"","src":"https:\/\/i0.wp.com\/r-mboutique.com\/wp-content\/uploads\/2025\/06\/23e405e0-1327-4a0d-bdd4-17365a8d8068.jpeg?fit=1200%2C1200&ssl=1&resize=350%2C200","width":350,"height":200,"srcset":"https:\/\/i0.wp.com\/r-mboutique.com\/wp-content\/uploads\/2025\/06\/23e405e0-1327-4a0d-bdd4-17365a8d8068.jpeg?fit=1200%2C1200&ssl=1&resize=350%2C200 1x, https:\/\/i0.wp.com\/r-mboutique.com\/wp-content\/uploads\/2025\/06\/23e405e0-1327-4a0d-bdd4-17365a8d8068.jpeg?fit=1200%2C1200&ssl=1&resize=525%2C300 1.5x, https:\/\/i0.wp.com\/r-mboutique.com\/wp-content\/uploads\/2025\/06\/23e405e0-1327-4a0d-bdd4-17365a8d8068.jpeg?fit=1200%2C1200&ssl=1&resize=700%2C400 2x, https:\/\/i0.wp.com\/r-mboutique.com\/wp-content\/uploads\/2025\/06\/23e405e0-1327-4a0d-bdd4-17365a8d8068.jpeg?fit=1200%2C1200&ssl=1&resize=1050%2C600 3x"},"classes":[]},{"id":4787,"url":"https:\/\/r-mboutique.com\/index.php\/product\/viceroy-antonio-banderas-401053-57\/","url_meta":{"origin":1843,"position":1},"title":"Viceroy Antonio Banderas 401053-57","author":"Ramzi Merabtine","date":"03\/14\/2022","format":false,"excerpt":"Cette montre Viceroy \u00e0 un bo\u00eetier en acier inoxydable\u00a0avec un diam\u00e8tre de 41mm et poss\u00e8de un bracelet en\u00a0acier. Le bo\u00eetier de la montre contient un mouvement et un cristal\u00a0min\u00e9ral. La montre est \u00e9tanche \u00e0 10ATM. Cela signifie que la montre est \u00e9tanche pour nager.\u00a0 La montre est livr\u00e9e avec 2\u2026","rel":"","context":"Article similaire","block_context":{"text":"Article similaire","link":""},"img":{"alt_text":"","src":"https:\/\/i0.wp.com\/r-mboutique.com\/wp-content\/uploads\/2022\/03\/img_7360-1.jpeg?fit=1200%2C1200&ssl=1&resize=350%2C200","width":350,"height":200,"srcset":"https:\/\/i0.wp.com\/r-mboutique.com\/wp-content\/uploads\/2022\/03\/img_7360-1.jpeg?fit=1200%2C1200&ssl=1&resize=350%2C200 1x, https:\/\/i0.wp.com\/r-mboutique.com\/wp-content\/uploads\/2022\/03\/img_7360-1.jpeg?fit=1200%2C1200&ssl=1&resize=525%2C300 1.5x, https:\/\/i0.wp.com\/r-mboutique.com\/wp-content\/uploads\/2022\/03\/img_7360-1.jpeg?fit=1200%2C1200&ssl=1&resize=700%2C400 2x, https:\/\/i0.wp.com\/r-mboutique.com\/wp-content\/uploads\/2022\/03\/img_7360-1.jpeg?fit=1200%2C1200&ssl=1&resize=1050%2C600 3x"},"classes":[]},{"id":4942,"url":"https:\/\/r-mboutique.com\/index.php\/product\/viceroy-chic-461090-57\/","url_meta":{"origin":1843,"position":2},"title":"Viceroy Chic 461090-57","author":"Ramzi Merabtine","date":"03\/17\/2022","format":false,"excerpt":"Cette montre Viceroy \u00e0 un bo\u00eetier en acier inoxydable IP Rose avec un diam\u00e8tre de 36mm et poss\u00e8de un bracelet en\u00a0acier. Le bo\u00eetier de la montre contient un mouvement et un cristal min\u00e9ral. La montre est \u00e9tanche \u00e0 5ATM. Cela signifie que la montre est \u00e9tanche pour la douche.\u00a0 La\u2026","rel":"","context":"Article similaire","block_context":{"text":"Article similaire","link":""},"img":{"alt_text":"","src":"https:\/\/i0.wp.com\/r-mboutique.com\/wp-content\/uploads\/2025\/07\/img_7922.jpeg?fit=1200%2C1200&ssl=1&resize=350%2C200","width":350,"height":200,"srcset":"https:\/\/i0.wp.com\/r-mboutique.com\/wp-content\/uploads\/2025\/07\/img_7922.jpeg?fit=1200%2C1200&ssl=1&resize=350%2C200 1x, https:\/\/i0.wp.com\/r-mboutique.com\/wp-content\/uploads\/2025\/07\/img_7922.jpeg?fit=1200%2C1200&ssl=1&resize=525%2C300 1.5x, https:\/\/i0.wp.com\/r-mboutique.com\/wp-content\/uploads\/2025\/07\/img_7922.jpeg?fit=1200%2C1200&ssl=1&resize=700%2C400 2x, https:\/\/i0.wp.com\/r-mboutique.com\/wp-content\/uploads\/2025\/07\/img_7922.jpeg?fit=1200%2C1200&ssl=1&resize=1050%2C600 3x"},"classes":[]},{"id":8136,"url":"https:\/\/r-mboutique.com\/index.php\/product\/viceroy-antonio-banderas-coffret-471101-57\/","url_meta":{"origin":1843,"position":3},"title":"Viceroy Antonio Banderas coffret 471101-57","author":"Ramzi Merabtine","date":"12\/07\/2023","format":false,"excerpt":"Cette montre Viceroy \u00e0 un bo\u00eetier en acier inoxydable\u00a0avec un diam\u00e8tre de 41mm et poss\u00e8de un bracelet en\u00a0acier. Le bo\u00eetier de la montre contient un mouvement et un cristal\u00a0min\u00e9ral. La montre est \u00e9tanche \u00e0 10ATM. Cela signifie que la montre est \u00e9tanche pour nager.\u00a0 La montre est livr\u00e9e avec 2\u2026","rel":"","context":"Article similaire","block_context":{"text":"Article similaire","link":""},"img":{"alt_text":"","src":"https:\/\/i0.wp.com\/r-mboutique.com\/wp-content\/uploads\/2023\/12\/img_8311.jpeg?fit=1200%2C1200&ssl=1&resize=350%2C200","width":350,"height":200,"srcset":"https:\/\/i0.wp.com\/r-mboutique.com\/wp-content\/uploads\/2023\/12\/img_8311.jpeg?fit=1200%2C1200&ssl=1&resize=350%2C200 1x, https:\/\/i0.wp.com\/r-mboutique.com\/wp-content\/uploads\/2023\/12\/img_8311.jpeg?fit=1200%2C1200&ssl=1&resize=525%2C300 1.5x, https:\/\/i0.wp.com\/r-mboutique.com\/wp-content\/uploads\/2023\/12\/img_8311.jpeg?fit=1200%2C1200&ssl=1&resize=700%2C400 2x, https:\/\/i0.wp.com\/r-mboutique.com\/wp-content\/uploads\/2023\/12\/img_8311.jpeg?fit=1200%2C1200&ssl=1&resize=1050%2C600 3x"},"classes":[]},{"id":4768,"url":"https:\/\/r-mboutique.com\/index.php\/product\/viceroy-antonio-banderas-401049-57\/","url_meta":{"origin":1843,"position":4},"title":"Viceroy Antonio Banderas 401049-57","author":"Ramzi Merabtine","date":"03\/13\/2022","format":false,"excerpt":"Cette montre Viceroy \u00e0 un bo\u00eetier en acier inoxydable\u00a0avec un diam\u00e8tre de 41mm et poss\u00e8de un bracelet en\u00a0cuir. Le bo\u00eetier de la montre contient un mouvement et un cristal\u00a0min\u00e9ral. La montre est \u00e9tanche \u00e0 10ATM. Cela signifie que la montre est \u00e9tanche pour nager.\u00a0 La montre est livr\u00e9e avec 2\u2026","rel":"","context":"Article similaire","block_context":{"text":"Article similaire","link":""},"img":{"alt_text":"","src":"https:\/\/i0.wp.com\/r-mboutique.com\/wp-content\/uploads\/2022\/03\/img_7337.jpeg?fit=1200%2C1200&ssl=1&resize=350%2C200","width":350,"height":200,"srcset":"https:\/\/i0.wp.com\/r-mboutique.com\/wp-content\/uploads\/2022\/03\/img_7337.jpeg?fit=1200%2C1200&ssl=1&resize=350%2C200 1x, https:\/\/i0.wp.com\/r-mboutique.com\/wp-content\/uploads\/2022\/03\/img_7337.jpeg?fit=1200%2C1200&ssl=1&resize=525%2C300 1.5x, https:\/\/i0.wp.com\/r-mboutique.com\/wp-content\/uploads\/2022\/03\/img_7337.jpeg?fit=1200%2C1200&ssl=1&resize=700%2C400 2x, https:\/\/i0.wp.com\/r-mboutique.com\/wp-content\/uploads\/2022\/03\/img_7337.jpeg?fit=1200%2C1200&ssl=1&resize=1050%2C600 3x"},"classes":[]},{"id":8118,"url":"https:\/\/r-mboutique.com\/index.php\/product\/viceroy-magnum-471077-57\/","url_meta":{"origin":1843,"position":5},"title":"Viceroy Magnum 471077-57","author":"Ramzi Merabtine","date":"12\/06\/2023","format":false,"excerpt":"Cette montre Viceroy \u00e0 un bo\u00eetier en acier inoxydable\u00a0avec un diam\u00e8tre de 42mm et poss\u00e8de un bracelet en\u00a0cuir. Le bo\u00eetier de la montre contient un mouvement et un cristal\u00a0min\u00e9ral. La montre est \u00e9tanche \u00e0 10ATM. Cela signifie que la montre est \u00e9tanche pour nager.\u00a0 La montre est livr\u00e9e avec 2\u2026","rel":"","context":"Article similaire","block_context":{"text":"Article similaire","link":""},"img":{"alt_text":"","src":"https:\/\/i0.wp.com\/r-mboutique.com\/wp-content\/uploads\/2023\/12\/img_8281.jpeg?fit=1200%2C1200&ssl=1&resize=350%2C200","width":350,"height":200,"srcset":"https:\/\/i0.wp.com\/r-mboutique.com\/wp-content\/uploads\/2023\/12\/img_8281.jpeg?fit=1200%2C1200&ssl=1&resize=350%2C200 1x, https:\/\/i0.wp.com\/r-mboutique.com\/wp-content\/uploads\/2023\/12\/img_8281.jpeg?fit=1200%2C1200&ssl=1&resize=525%2C300 1.5x, https:\/\/i0.wp.com\/r-mboutique.com\/wp-content\/uploads\/2023\/12\/img_8281.jpeg?fit=1200%2C1200&ssl=1&resize=700%2C400 2x, https:\/\/i0.wp.com\/r-mboutique.com\/wp-content\/uploads\/2023\/12\/img_8281.jpeg?fit=1200%2C1200&ssl=1&resize=1050%2C600 3x"},"classes":[]}],"_links":{"self":[{"href":"https:\/\/r-mboutique.com\/index.php\/wp-json\/wp\/v2\/product\/1843"}],"collection":[{"href":"https:\/\/r-mboutique.com\/index.php\/wp-json\/wp\/v2\/product"}],"about":[{"href":"https:\/\/r-mboutique.com\/index.php\/wp-json\/wp\/v2\/types\/product"}],"replies":[{"embeddable":true,"href":"https:\/\/r-mboutique.com\/index.php\/wp-json\/wp\/v2\/comments?post=1843"}],"wp:featuredmedia":[{"embeddable":true,"href":"https:\/\/r-mboutique.com\/index.php\/wp-json\/wp\/v2\/media\/1846"}],"wp:attachment":[{"href":"https:\/\/r-mboutique.com\/index.php\/wp-json\/wp\/v2\/media?parent=1843"}],"wp:term":[{"taxonomy":"product_cat","embeddable":true,"href":"https:\/\/r-mboutique.com\/index.php\/wp-json\/wp\/v2\/product_cat?post=1843"},{"taxonomy":"product_tag","embeddable":true,"href":"https:\/\/r-mboutique.com\/index.php\/wp-json\/wp\/v2\/product_tag?post=1843"}],"curies":[{"name":"wp","href":"https:\/\/api.w.org\/{rel}","templated":true}]}}