{"id":1861,"date":"2020-09-08T15:41:48","date_gmt":"2020-09-08T14:41:48","guid":{"rendered":"https:\/\/r-mboutique.com\/?post_type=product&#038;p=1861"},"modified":"2025-09-18T06:38:20","modified_gmt":"2025-09-18T05:38:20","slug":"guess-u0764l2","status":"publish","type":"product","link":"https:\/\/r-mboutique.com\/index.php\/product\/guess-u0764l2\/","title":{"rendered":"Guess U0764L2"},"content":{"rendered":"<div class=\"a-column a-span6 a-spacing-base a-ws-span6\">\n<table id=\"technicalSpecifications_section_1\" class=\"a-keyvalue a-spacing-mini\">\n<tbody>\n<tr>\n<th class=\"a-span5 a-size-base\">Marque<\/th>\n<td class=\"a-span7 a-size-base\">Guess<\/td>\n<\/tr>\n<tr>\n<th class=\"a-span5 a-size-base\">Num\u00e9ro du mod\u00e8le<\/th>\n<td class=\"a-span7 a-size-base\">U0764L2<\/td>\n<\/tr>\n<tr>\n<th class=\"a-span5 a-size-base\">Num\u00e9ro de pi\u00e8ce<\/th>\n<td class=\"a-span7 a-size-base\">U0764L2<\/td>\n<\/tr>\n<tr>\n<th class=\"a-span5 a-size-base\">Forme<\/th>\n<td class=\"a-span7 a-size-base\">Ronde<\/td>\n<\/tr>\n<tr>\n<th class=\"a-span5 a-size-base\"><span class=\"a-declarative\" data-action=\"a-popover\" data-a-popover=\"{&quot;cache&quot;:&quot;true&quot;,&quot;name&quot;:&quot;Type de Verre&quot;,&quot;width&quot;:&quot;500&quot;,&quot;header&quot;:&quot;Type de Verre&quot;,&quot;position&quot;:&quot;triggerRight&quot;,&quot;scrollable&quot;:&quot;true&quot;,&quot;url&quot;:&quot;\/gp\/product\/ajax-handlers\/tech-spec-popover-contents.html\/ref=dp_soft_tech_spec?keyLookUp=watch_help_attr-name_dial_window_material_type&quot;}\">Type de Verre<i class=\"a-icon a-icon-popover\"><\/i><\/span><\/th>\n<td class=\"a-span7 a-size-base\">Min\u00e9ral<\/td>\n<\/tr>\n<tr>\n<th class=\"a-span5 a-size-base\">Type d&#8217;affichage<\/th>\n<td class=\"a-span7 a-size-base\">Analogique<\/td>\n<\/tr>\n<tr>\n<th class=\"a-span5 a-size-base\">Mati\u00e8re du bo\u00eetier<\/th>\n<td class=\"a-span7 a-size-base\">Acier Inoxydable<\/td>\n<\/tr>\n<tr>\n<th class=\"a-span5 a-size-base\"><span class=\"a-declarative\" data-action=\"a-popover\" data-a-popover=\"{&quot;cache&quot;:&quot;true&quot;,&quot;name&quot;:&quot;Diam\u00e8tre du bo\u00eetier&quot;,&quot;width&quot;:&quot;500&quot;,&quot;header&quot;:&quot;Diam\u00e8tre du bo\u00eetier&quot;,&quot;position&quot;:&quot;triggerRight&quot;,&quot;scrollable&quot;:&quot;true&quot;,&quot;url&quot;:&quot;\/gp\/product\/ajax-handlers\/tech-spec-popover-contents.html\/ref=dp_soft_tech_spec?keyLookUp=watch_help_attr-name_case_diameter&quot;}\">Diam\u00e8tre du bo\u00eetier<\/span><\/th>\n<td class=\"a-span7 a-size-base\">37 millim\u00e8tres<\/td>\n<\/tr>\n<tr>\n<th class=\"a-span5 a-size-base\"><span class=\"a-declarative\" data-action=\"a-popover\" data-a-popover=\"{&quot;cache&quot;:&quot;true&quot;,&quot;name&quot;:&quot;Epaisseur du bo\u00eetier&quot;,&quot;width&quot;:&quot;500&quot;,&quot;header&quot;:&quot;Epaisseur du bo\u00eetier&quot;,&quot;position&quot;:&quot;triggerRight&quot;,&quot;scrollable&quot;:&quot;true&quot;,&quot;url&quot;:&quot;\/gp\/product\/ajax-handlers\/tech-spec-popover-contents.html\/ref=dp_soft_tech_spec?keyLookUp=watch_help_attr-name_case_thickness&quot;}\">Epaisseur du bo\u00eetier<i class=\"a-icon a-icon-popover\"><\/i><\/span><\/th>\n<td class=\"a-span7 a-size-base\">11 millim\u00e8tres<\/td>\n<\/tr>\n<tr>\n<th class=\"a-span5 a-size-base\">Mati\u00e8re du bracelet<\/th>\n<td class=\"a-span7 a-size-base\">Acier inoxydable<\/td>\n<\/tr>\n<tr>\n<th class=\"a-span5 a-size-base\">Longueur du bracelet<\/th>\n<td class=\"a-span7 a-size-base\">Standard Femme<\/td>\n<\/tr>\n<tr>\n<th class=\"a-span5 a-size-base\">Largeur du bracelet<\/th>\n<td class=\"a-span7 a-size-base\">19.5 millim\u00e8tres<\/td>\n<\/tr>\n<tr>\n<th class=\"a-span5 a-size-base\">Couleur du bracelet<\/th>\n<td class=\"a-span7 a-size-base\">Or<\/td>\n<\/tr>\n<tr>\n<th class=\"a-span5 a-size-base\">Couleur du cadran<\/th>\n<td class=\"a-span7 a-size-base\">Or<\/td>\n<\/tr>\n<tr>\n<th class=\"a-span5 a-size-base\">Mati\u00e8re lunette<\/th>\n<td class=\"a-span7 a-size-base\">Acier Inoxydable<\/td>\n<\/tr>\n<tr>\n<th class=\"a-span5 a-size-base\">Fonction lunette<\/th>\n<td class=\"a-span7 a-size-base\">Stationnaire<\/td>\n<\/tr>\n<tr>\n<th class=\"a-span5 a-size-base\"><span class=\"a-declarative\" data-action=\"a-popover\" data-a-popover=\"{&quot;cache&quot;:&quot;true&quot;,&quot;name&quot;:&quot;Calendrier&quot;,&quot;width&quot;:&quot;500&quot;,&quot;header&quot;:&quot;Calendrier&quot;,&quot;position&quot;:&quot;triggerRight&quot;,&quot;scrollable&quot;:&quot;true&quot;,&quot;url&quot;:&quot;\/gp\/product\/ajax-handlers\/tech-spec-popover-contents.html\/ref=dp_soft_tech_spec?keyLookUp=watch_help_attr-name_calendar_type&quot;}\">Calendrier<\/span><\/th>\n<td class=\"a-span7 a-size-base\">Jour-Date<\/td>\n<\/tr>\n<tr>\n<th class=\"a-span5 a-size-base\">Poids<\/th>\n<td class=\"a-span7 a-size-base\">113 grammes<\/td>\n<\/tr>\n<tr>\n<th class=\"a-span5 a-size-base\"><span class=\"a-declarative\" data-action=\"a-popover\" data-a-popover=\"{&quot;cache&quot;:&quot;true&quot;,&quot;name&quot;:&quot;Type de Mouvement&quot;,&quot;width&quot;:&quot;500&quot;,&quot;header&quot;:&quot;Type de Mouvement&quot;,&quot;position&quot;:&quot;triggerRight&quot;,&quot;scrollable&quot;:&quot;true&quot;,&quot;url&quot;:&quot;\/gp\/product\/ajax-handlers\/tech-spec-popover-contents.html\/ref=dp_soft_tech_spec?keyLookUp=watch_help_attr-name_watch_movement_type&quot;}\">Type de Mouvement<\/span><\/th>\n<td class=\"a-span7 a-size-base\">Quartz<\/td>\n<\/tr>\n<tr>\n<th class=\"a-span5 a-size-base\">Garantie<\/th>\n<td class=\"a-span7 a-size-base\">\u00a02 ans<\/td>\n<\/tr>\n<\/tbody>\n<\/table>\n<\/div>\n","protected":false},"excerpt":{"rendered":"<div id=\"descriptionAndDetails\" class=\"a-section a-spacing-extra-large\">\n<div id=\"dp_productDescription_container_div\" class=\"celwidget\" data-feature-name=\"productDescription\" data-csa-c-id=\"va92gn-eq4nyi-n39sml-6gax9g\" data-cel-widget=\"dp_productDescription_container_div\">\n<div id=\"productDescription_feature_div\" class=\"a-row feature\" data-feature-name=\"productDescription\" data-template-name=\"productDescription\" data-cel-widget=\"productDescription_feature_div\">\n<div id=\"productDescription\" class=\"a-section a-spacing-small\">\n<p>Restez glamour \u00e0 chaque heure avec cette superbe gold-tone garde-temps. Compl\u00e8te avec la fonction jour et date plus un cadre de cristal scintillant, c&#8217;est essentiel pour la Guess Girl lors de vos d\u00e9placements.<\/p>\n<\/div>\n<\/div>\n<\/div>\n<\/div>\n","protected":false},"featured_media":1866,"comment_status":"open","ping_status":"closed","template":"","meta":{"om_disable_all_campaigns":false},"product_cat":[44,26,30],"product_tag":[],"jetpack-related-posts":[{"id":4400,"url":"https:\/\/r-mboutique.com\/index.php\/product\/guess-legacy-w1049g3\/","url_meta":{"origin":1861,"position":0},"title":"Guess Legacy W1049G3","author":"Ramzi Merabtine","date":"02\/14\/2022","format":false,"excerpt":"Cette montre Guess \u00e0 un bo\u00eetier en acier inoxydable avec un diam\u00e8tre de 45mm et poss\u00e8de un bracelet en caoutchouc. Le bo\u00eetier de la montre contient un mouvement et un cristal . La montre est \u00e9tanche \u00e0 10ATM. Cela signifie que la montre est \u00e9tanche pour nager. La montre est\u2026","rel":"","context":"Article similaire","block_context":{"text":"Article similaire","link":""},"img":{"alt_text":"","src":"https:\/\/i0.wp.com\/r-mboutique.com\/wp-content\/uploads\/2022\/02\/img_6565-1.jpeg?fit=1200%2C1200&ssl=1&resize=350%2C200","width":350,"height":200,"srcset":"https:\/\/i0.wp.com\/r-mboutique.com\/wp-content\/uploads\/2022\/02\/img_6565-1.jpeg?fit=1200%2C1200&ssl=1&resize=350%2C200 1x, https:\/\/i0.wp.com\/r-mboutique.com\/wp-content\/uploads\/2022\/02\/img_6565-1.jpeg?fit=1200%2C1200&ssl=1&resize=525%2C300 1.5x, https:\/\/i0.wp.com\/r-mboutique.com\/wp-content\/uploads\/2022\/02\/img_6565-1.jpeg?fit=1200%2C1200&ssl=1&resize=700%2C400 2x, https:\/\/i0.wp.com\/r-mboutique.com\/wp-content\/uploads\/2022\/02\/img_6565-1.jpeg?fit=1200%2C1200&ssl=1&resize=1050%2C600 3x"},"classes":[]},{"id":4408,"url":"https:\/\/r-mboutique.com\/index.php\/product\/guess-legacy-w1049g7\/","url_meta":{"origin":1861,"position":1},"title":"Guess Legacy W1049G7","author":"Ramzi Merabtine","date":"02\/14\/2022","format":false,"excerpt":"Cette montre Guess \u00e0 un bo\u00eetier en Acier Inoxydable Rev\u00eatue en Couleur avec un diam\u00e8tre de 45mm et poss\u00e8de un bracelet en caoutchouc. Le bo\u00eetier de la montre contient un mouvement et un cristal . La montre est \u00e9tanche \u00e0 10ATM. Cela signifie que la montre est \u00e9tanche pour nager.\u2026","rel":"","context":"Article similaire","block_context":{"text":"Article similaire","link":""},"img":{"alt_text":"","src":"https:\/\/i0.wp.com\/r-mboutique.com\/wp-content\/uploads\/2022\/02\/img_6571.jpeg?fit=1004%2C1004&ssl=1&resize=350%2C200","width":350,"height":200,"srcset":"https:\/\/i0.wp.com\/r-mboutique.com\/wp-content\/uploads\/2022\/02\/img_6571.jpeg?fit=1004%2C1004&ssl=1&resize=350%2C200 1x, https:\/\/i0.wp.com\/r-mboutique.com\/wp-content\/uploads\/2022\/02\/img_6571.jpeg?fit=1004%2C1004&ssl=1&resize=525%2C300 1.5x, https:\/\/i0.wp.com\/r-mboutique.com\/wp-content\/uploads\/2022\/02\/img_6571.jpeg?fit=1004%2C1004&ssl=1&resize=700%2C400 2x"},"classes":[]},{"id":3914,"url":"https:\/\/r-mboutique.com\/index.php\/product\/guess-confetti-w0774l6\/","url_meta":{"origin":1861,"position":2},"title":"Guess Confetti W0774L6","author":"Ramzi Merabtine","date":"01\/21\/2022","format":false,"excerpt":"Cette montre Guess \u00e0 un bo\u00eetier en acier inoxydable avec un diam\u00e8tre de 38mm et poss\u00e8de un bracelet en m\u00e9tal. Le bo\u00eetier de la montre contient un mouvement et un cristal min\u00e9ral. La montre est \u00e9tanche \u00e0 5ATM. Cela signifie que la montre est \u00e9tanche pour la douche. La montre\u2026","rel":"","context":"Article similaire","block_context":{"text":"Article similaire","link":""},"img":{"alt_text":"","src":"https:\/\/i0.wp.com\/r-mboutique.com\/wp-content\/uploads\/2022\/01\/img_5839.jpeg?fit=1000%2C1000&ssl=1&resize=350%2C200","width":350,"height":200,"srcset":"https:\/\/i0.wp.com\/r-mboutique.com\/wp-content\/uploads\/2022\/01\/img_5839.jpeg?fit=1000%2C1000&ssl=1&resize=350%2C200 1x, https:\/\/i0.wp.com\/r-mboutique.com\/wp-content\/uploads\/2022\/01\/img_5839.jpeg?fit=1000%2C1000&ssl=1&resize=525%2C300 1.5x, https:\/\/i0.wp.com\/r-mboutique.com\/wp-content\/uploads\/2022\/01\/img_5839.jpeg?fit=1000%2C1000&ssl=1&resize=700%2C400 2x"},"classes":[]},{"id":5469,"url":"https:\/\/r-mboutique.com\/index.php\/product\/guess-zena-w1094l4\/","url_meta":{"origin":1861,"position":3},"title":"Guess Zena W1094L4","author":"Ramzi Merabtine","date":"05\/10\/2022","format":false,"excerpt":"Cette montre Guess \u00e0 un bo\u00eetier en acier inoxydable avec un diam\u00e8tre de 39mm et poss\u00e8de un bracelet en caoutchouc. Le bo\u00eetier de la montre contient un mouvement et un cristal . La montre est \u00e9tanche \u00e0 5ATM. Cela signifie que la montre est \u00e9tanche pour la douche. La montre\u2026","rel":"","context":"Article similaire","block_context":{"text":"Article similaire","link":""},"img":{"alt_text":"","src":"https:\/\/i0.wp.com\/r-mboutique.com\/wp-content\/uploads\/2022\/05\/img_8757.jpeg?fit=1000%2C1000&ssl=1&resize=350%2C200","width":350,"height":200,"srcset":"https:\/\/i0.wp.com\/r-mboutique.com\/wp-content\/uploads\/2022\/05\/img_8757.jpeg?fit=1000%2C1000&ssl=1&resize=350%2C200 1x, https:\/\/i0.wp.com\/r-mboutique.com\/wp-content\/uploads\/2022\/05\/img_8757.jpeg?fit=1000%2C1000&ssl=1&resize=525%2C300 1.5x, https:\/\/i0.wp.com\/r-mboutique.com\/wp-content\/uploads\/2022\/05\/img_8757.jpeg?fit=1000%2C1000&ssl=1&resize=700%2C400 2x"},"classes":[]},{"id":3896,"url":"https:\/\/r-mboutique.com\/index.php\/product\/guess-soho-w0638l4\/","url_meta":{"origin":1861,"position":4},"title":"Guess Soho W0638L4","author":"Ramzi Merabtine","date":"01\/20\/2022","format":false,"excerpt":"Cette montre Guess \u00e0 un bo\u00eetier en acier inoxydable en or rose avec un diam\u00e8tre de 37mm et poss\u00e8de un bracelet en m\u00e9tal. Le bo\u00eetier de la montre contient un mouvement et un cristal min\u00e9ral. La montre est \u00e9tanche \u00e0 3ATM. Cela signifie que la montre est \u00e9tanche \u00e0 des\u2026","rel":"","context":"Article similaire","block_context":{"text":"Article similaire","link":""},"img":{"alt_text":"","src":"https:\/\/i0.wp.com\/r-mboutique.com\/wp-content\/uploads\/2022\/01\/img_5810.jpeg?fit=1000%2C1000&ssl=1&resize=350%2C200","width":350,"height":200,"srcset":"https:\/\/i0.wp.com\/r-mboutique.com\/wp-content\/uploads\/2022\/01\/img_5810.jpeg?fit=1000%2C1000&ssl=1&resize=350%2C200 1x, https:\/\/i0.wp.com\/r-mboutique.com\/wp-content\/uploads\/2022\/01\/img_5810.jpeg?fit=1000%2C1000&ssl=1&resize=525%2C300 1.5x, https:\/\/i0.wp.com\/r-mboutique.com\/wp-content\/uploads\/2022\/01\/img_5810.jpeg?fit=1000%2C1000&ssl=1&resize=700%2C400 2x"},"classes":[]},{"id":3902,"url":"https:\/\/r-mboutique.com\/index.php\/product\/guess-chelsea-w1209l2\/","url_meta":{"origin":1861,"position":5},"title":"Guess Chelsea W1209L2","author":"Ramzi Merabtine","date":"01\/21\/2022","format":false,"excerpt":"Cette montre Guess \u00e0 un bo\u00eetier en acier inoxydable en dor\u00e9 avec un diam\u00e8tre de 30mm et poss\u00e8de un bracelet en m\u00e9tal. Le bo\u00eetier de la montre contient un mouvement et un cristal min\u00e9ral. La montre est \u00e9tanche \u00e0 3ATM. Cela signifie que la montre est \u00e9tanche \u00e0 des \u00e9claboussures.\u2026","rel":"","context":"Article similaire","block_context":{"text":"Article similaire","link":""},"img":{"alt_text":"","src":"https:\/\/i0.wp.com\/r-mboutique.com\/wp-content\/uploads\/2022\/01\/img_5830.jpeg?fit=1000%2C1000&ssl=1&resize=350%2C200","width":350,"height":200,"srcset":"https:\/\/i0.wp.com\/r-mboutique.com\/wp-content\/uploads\/2022\/01\/img_5830.jpeg?fit=1000%2C1000&ssl=1&resize=350%2C200 1x, https:\/\/i0.wp.com\/r-mboutique.com\/wp-content\/uploads\/2022\/01\/img_5830.jpeg?fit=1000%2C1000&ssl=1&resize=525%2C300 1.5x, https:\/\/i0.wp.com\/r-mboutique.com\/wp-content\/uploads\/2022\/01\/img_5830.jpeg?fit=1000%2C1000&ssl=1&resize=700%2C400 2x"},"classes":[]}],"_links":{"self":[{"href":"https:\/\/r-mboutique.com\/index.php\/wp-json\/wp\/v2\/product\/1861"}],"collection":[{"href":"https:\/\/r-mboutique.com\/index.php\/wp-json\/wp\/v2\/product"}],"about":[{"href":"https:\/\/r-mboutique.com\/index.php\/wp-json\/wp\/v2\/types\/product"}],"replies":[{"embeddable":true,"href":"https:\/\/r-mboutique.com\/index.php\/wp-json\/wp\/v2\/comments?post=1861"}],"wp:featuredmedia":[{"embeddable":true,"href":"https:\/\/r-mboutique.com\/index.php\/wp-json\/wp\/v2\/media\/1866"}],"wp:attachment":[{"href":"https:\/\/r-mboutique.com\/index.php\/wp-json\/wp\/v2\/media?parent=1861"}],"wp:term":[{"taxonomy":"product_cat","embeddable":true,"href":"https:\/\/r-mboutique.com\/index.php\/wp-json\/wp\/v2\/product_cat?post=1861"},{"taxonomy":"product_tag","embeddable":true,"href":"https:\/\/r-mboutique.com\/index.php\/wp-json\/wp\/v2\/product_tag?post=1861"}],"curies":[{"name":"wp","href":"https:\/\/api.w.org\/{rel}","templated":true}]}}