{"id":1882,"date":"2021-09-11T14:05:54","date_gmt":"2021-09-11T13:05:54","guid":{"rendered":"https:\/\/r-mboutique.com\/?post_type=product&#038;p=1882"},"modified":"2026-01-26T22:35:04","modified_gmt":"2026-01-26T21:35:04","slug":"michael-kors-darci","status":"publish","type":"product","link":"https:\/\/r-mboutique.com\/index.php\/product\/michael-kors-darci\/","title":{"rendered":"Michael Kors Darci MK3191"},"content":{"rendered":"<p>Cette montre Michael Kors \u00e0 un bo\u00eetier en acier inoxydable PVD avec un diam\u00e8tre de 39mm et poss\u00e8de un bracelet en m\u00e9tal.<\/p>\n<p>Le bo\u00eetier de la montre contient un mouvement et un cristal min\u00e9ral.<\/p>\n<p>La montre est \u00e9tanche \u00e0 5ATM. Cela signifie que la montre est \u00e9tanche pour la douche.<\/p>\n<p>La montre est livr\u00e9e avec 2 ann\u00e9es de garantie.<\/p>\n","protected":false},"excerpt":{"rendered":"<h1>Montre Darci dor\u00e9e avec pav\u00e9s<\/h1>\n","protected":false},"featured_media":10400,"comment_status":"open","ping_status":"closed","template":"","meta":{"om_disable_all_campaigns":true},"product_cat":[37,47,26,30],"product_tag":[],"jetpack-related-posts":[{"id":1891,"url":"https:\/\/r-mboutique.com\/index.php\/product\/michael-kors-darci-mk3218\/","url_meta":{"origin":1882,"position":0},"title":"Michael Kors Darci MK3218","author":"Ramzi Merabtine","date":"09\/11\/2021","format":false,"excerpt":"Cette montre Michael Kors \u00e0 un bo\u00eetier en acier inoxydable avec un diam\u00e8tre de 39mm et poss\u00e8de un bracelet en m\u00e9tal. Le bo\u00eetier de la montre contient un mouvement et un cristal min\u00e9ral. La montre est \u00e9tanche \u00e0 5ATM. Cela signifie que la montre est \u00e9tanche pour la douche. La\u2026","rel":"","context":"Article similaire","block_context":{"text":"Article similaire","link":""},"img":{"alt_text":"","src":"https:\/\/i0.wp.com\/r-mboutique.com\/wp-content\/uploads\/2023\/09\/img_6107.jpeg?fit=1073%2C1073&ssl=1&resize=350%2C200","width":350,"height":200,"srcset":"https:\/\/i0.wp.com\/r-mboutique.com\/wp-content\/uploads\/2023\/09\/img_6107.jpeg?fit=1073%2C1073&ssl=1&resize=350%2C200 1x, https:\/\/i0.wp.com\/r-mboutique.com\/wp-content\/uploads\/2023\/09\/img_6107.jpeg?fit=1073%2C1073&ssl=1&resize=525%2C300 1.5x, https:\/\/i0.wp.com\/r-mboutique.com\/wp-content\/uploads\/2023\/09\/img_6107.jpeg?fit=1073%2C1073&ssl=1&resize=700%2C400 2x, https:\/\/i0.wp.com\/r-mboutique.com\/wp-content\/uploads\/2023\/09\/img_6107.jpeg?fit=1073%2C1073&ssl=1&resize=1050%2C600 3x"},"classes":[]},{"id":1905,"url":"https:\/\/r-mboutique.com\/index.php\/product\/michael-kors-darci-mk3437\/","url_meta":{"origin":1882,"position":1},"title":"Michael Kors Darci MK3437","author":"Ramzi Merabtine","date":"09\/11\/2021","format":false,"excerpt":"Cette montre Michael Kors \u00e0 un bo\u00eetier en acier inoxydable avec un diam\u00e8tre de 39mm et poss\u00e8de un bracelet en m\u00e9tal. Le bo\u00eetier de la montre contient un mouvement et un cristal min\u00e9ral. La montre est \u00e9tanche \u00e0 5ATM. Cela signifie que la montre est \u00e9tanche pour la douche. La\u2026","rel":"","context":"Article similaire","block_context":{"text":"Article similaire","link":""},"img":{"alt_text":"","src":"https:\/\/i0.wp.com\/r-mboutique.com\/wp-content\/uploads\/2021\/09\/MK3437-1.jpg?fit=1000%2C1000&ssl=1&resize=350%2C200","width":350,"height":200,"srcset":"https:\/\/i0.wp.com\/r-mboutique.com\/wp-content\/uploads\/2021\/09\/MK3437-1.jpg?fit=1000%2C1000&ssl=1&resize=350%2C200 1x, https:\/\/i0.wp.com\/r-mboutique.com\/wp-content\/uploads\/2021\/09\/MK3437-1.jpg?fit=1000%2C1000&ssl=1&resize=525%2C300 1.5x, https:\/\/i0.wp.com\/r-mboutique.com\/wp-content\/uploads\/2021\/09\/MK3437-1.jpg?fit=1000%2C1000&ssl=1&resize=700%2C400 2x"},"classes":[]},{"id":2759,"url":"https:\/\/r-mboutique.com\/index.php\/product\/michael-kors-darci-mk4407\/","url_meta":{"origin":1882,"position":2},"title":"Michael Kors Darci MK4407","author":"Ramzi Merabtine","date":"12\/10\/2021","format":false,"excerpt":"Cette montre Michael Kors \u00e0 un bo\u00eetier en acier inoxydable avec un diam\u00e8tre de 39mm et poss\u00e8de un bracelet en m\u00e9tal. Le bo\u00eetier de la montre contient un mouvement et un cristal min\u00e9ral. La montre est \u00e9tanche \u00e0 5ATM. Cela signifie que la montre est \u00e9tanche pour la douche. La\u2026","rel":"","context":"Article similaire","block_context":{"text":"Article similaire","link":""},"img":{"alt_text":"","src":"https:\/\/i0.wp.com\/r-mboutique.com\/wp-content\/uploads\/2021\/12\/img_4477.jpeg?fit=781%2C781&ssl=1&resize=350%2C200","width":350,"height":200,"srcset":"https:\/\/i0.wp.com\/r-mboutique.com\/wp-content\/uploads\/2021\/12\/img_4477.jpeg?fit=781%2C781&ssl=1&resize=350%2C200 1x, https:\/\/i0.wp.com\/r-mboutique.com\/wp-content\/uploads\/2021\/12\/img_4477.jpeg?fit=781%2C781&ssl=1&resize=525%2C300 1.5x, https:\/\/i0.wp.com\/r-mboutique.com\/wp-content\/uploads\/2021\/12\/img_4477.jpeg?fit=781%2C781&ssl=1&resize=700%2C400 2x"},"classes":[]},{"id":4134,"url":"https:\/\/r-mboutique.com\/index.php\/product\/michael-kors-darci-mk4518\/","url_meta":{"origin":1882,"position":3},"title":"Michael Kors Darci MK4518","author":"Ramzi Merabtine","date":"02\/02\/2022","format":false,"excerpt":"Cette montre Michael Kors \u00e0 un bo\u00eetier en acier inoxydable avec un diam\u00e8tre de 39mm et poss\u00e8de un bracelet en m\u00e9tal. Le bo\u00eetier de la montre contient un mouvement et un cristal min\u00e9ral. La montre est \u00e9tanche \u00e0 5ATM. Cela signifie que la montre est \u00e9tanche pour la douche. La\u2026","rel":"","context":"Article similaire","block_context":{"text":"Article similaire","link":""},"img":{"alt_text":"","src":"https:\/\/i0.wp.com\/r-mboutique.com\/wp-content\/uploads\/2022\/02\/img_6168.jpeg?fit=781%2C781&ssl=1&resize=350%2C200","width":350,"height":200,"srcset":"https:\/\/i0.wp.com\/r-mboutique.com\/wp-content\/uploads\/2022\/02\/img_6168.jpeg?fit=781%2C781&ssl=1&resize=350%2C200 1x, https:\/\/i0.wp.com\/r-mboutique.com\/wp-content\/uploads\/2022\/02\/img_6168.jpeg?fit=781%2C781&ssl=1&resize=525%2C300 1.5x, https:\/\/i0.wp.com\/r-mboutique.com\/wp-content\/uploads\/2022\/02\/img_6168.jpeg?fit=781%2C781&ssl=1&resize=700%2C400 2x"},"classes":[]},{"id":10615,"url":"https:\/\/r-mboutique.com\/index.php\/product\/michael-kors-mini-darci-mk3738\/","url_meta":{"origin":1882,"position":4},"title":"Michael Kors Mini Darci MK3738","author":"Ramzi Merabtine","date":"02\/16\/2026","format":false,"excerpt":"Cette montre Michael Kors \u00e0 un bo\u00eetier en acier inoxydable avec un diam\u00e8tre de 33mm et poss\u00e8de un bracelet en m\u00e9tal. Le bo\u00eetier de la montre contient un mouvement et un cristal min\u00e9ral. La montre est \u00e9tanche \u00e0 5ATM. Cela signifie que la montre est \u00e9tanche pour la douche. La\u2026","rel":"","context":"Article similaire","block_context":{"text":"Article similaire","link":""},"img":{"alt_text":"","src":"https:\/\/i0.wp.com\/r-mboutique.com\/wp-content\/uploads\/2026\/02\/img_3244.jpeg?fit=1200%2C1200&ssl=1&resize=350%2C200","width":350,"height":200,"srcset":"https:\/\/i0.wp.com\/r-mboutique.com\/wp-content\/uploads\/2026\/02\/img_3244.jpeg?fit=1200%2C1200&ssl=1&resize=350%2C200 1x, https:\/\/i0.wp.com\/r-mboutique.com\/wp-content\/uploads\/2026\/02\/img_3244.jpeg?fit=1200%2C1200&ssl=1&resize=525%2C300 1.5x, https:\/\/i0.wp.com\/r-mboutique.com\/wp-content\/uploads\/2026\/02\/img_3244.jpeg?fit=1200%2C1200&ssl=1&resize=700%2C400 2x, https:\/\/i0.wp.com\/r-mboutique.com\/wp-content\/uploads\/2026\/02\/img_3244.jpeg?fit=1200%2C1200&ssl=1&resize=1050%2C600 3x"},"classes":[]},{"id":10621,"url":"https:\/\/r-mboutique.com\/index.php\/product\/michael-kors-mini-darci-mk3430\/","url_meta":{"origin":1882,"position":5},"title":"Michael Kors Mini Darci MK3430","author":"Ramzi Merabtine","date":"02\/16\/2026","format":false,"excerpt":"Cette montre Michael Kors \u00e0 un bo\u00eetier en acier inoxydable avec un diam\u00e8tre de 33mm et poss\u00e8de un bracelet en m\u00e9tal. Le bo\u00eetier de la montre contient un mouvement et un cristal min\u00e9ral. La montre est \u00e9tanche \u00e0 5ATM. Cela signifie que la montre est \u00e9tanche pour la douche. La\u2026","rel":"","context":"Article similaire","block_context":{"text":"Article similaire","link":""},"img":{"alt_text":"","src":"https:\/\/i0.wp.com\/r-mboutique.com\/wp-content\/uploads\/2026\/02\/img_3243.jpeg?fit=1200%2C1200&ssl=1&resize=350%2C200","width":350,"height":200,"srcset":"https:\/\/i0.wp.com\/r-mboutique.com\/wp-content\/uploads\/2026\/02\/img_3243.jpeg?fit=1200%2C1200&ssl=1&resize=350%2C200 1x, https:\/\/i0.wp.com\/r-mboutique.com\/wp-content\/uploads\/2026\/02\/img_3243.jpeg?fit=1200%2C1200&ssl=1&resize=525%2C300 1.5x, https:\/\/i0.wp.com\/r-mboutique.com\/wp-content\/uploads\/2026\/02\/img_3243.jpeg?fit=1200%2C1200&ssl=1&resize=700%2C400 2x, https:\/\/i0.wp.com\/r-mboutique.com\/wp-content\/uploads\/2026\/02\/img_3243.jpeg?fit=1200%2C1200&ssl=1&resize=1050%2C600 3x"},"classes":[]}],"_links":{"self":[{"href":"https:\/\/r-mboutique.com\/index.php\/wp-json\/wp\/v2\/product\/1882"}],"collection":[{"href":"https:\/\/r-mboutique.com\/index.php\/wp-json\/wp\/v2\/product"}],"about":[{"href":"https:\/\/r-mboutique.com\/index.php\/wp-json\/wp\/v2\/types\/product"}],"replies":[{"embeddable":true,"href":"https:\/\/r-mboutique.com\/index.php\/wp-json\/wp\/v2\/comments?post=1882"}],"wp:featuredmedia":[{"embeddable":true,"href":"https:\/\/r-mboutique.com\/index.php\/wp-json\/wp\/v2\/media\/10400"}],"wp:attachment":[{"href":"https:\/\/r-mboutique.com\/index.php\/wp-json\/wp\/v2\/media?parent=1882"}],"wp:term":[{"taxonomy":"product_cat","embeddable":true,"href":"https:\/\/r-mboutique.com\/index.php\/wp-json\/wp\/v2\/product_cat?post=1882"},{"taxonomy":"product_tag","embeddable":true,"href":"https:\/\/r-mboutique.com\/index.php\/wp-json\/wp\/v2\/product_tag?post=1882"}],"curies":[{"name":"wp","href":"https:\/\/api.w.org\/{rel}","templated":true}]}}