{"id":2314,"date":"2021-10-12T14:04:13","date_gmt":"2021-10-12T13:04:13","guid":{"rendered":"https:\/\/r-mboutique.com\/index.php\/product\/casio-ltp-1314d-1avdf\/"},"modified":"2025-09-18T06:31:20","modified_gmt":"2025-09-18T05:31:20","slug":"casio-ltp-1314d-1avdf","status":"publish","type":"product","link":"https:\/\/r-mboutique.com\/index.php\/product\/casio-ltp-1314d-1avdf\/","title":{"rendered":"Casio LTP-1314D-1AVDF"},"content":{"rendered":"<p>Bo\u00eetier en acier inoxydable<\/p>\n<p>Bracelet en acier inoxydable<\/p>\n<p>Mouvement \u00e0 quartz<\/p>\n<p>Verre min\u00e9ral<\/p>\n<p>Cadran noir<\/p>\n<p>Affichage de la date \u00e0 3 heures<\/p>\n<p>Grands chiffres arabes faciles \u00e0 lire<\/p>\n<p>Comptabilisation r\u00e9guli\u00e8re du temps<\/p>\n<p>Analogique : 3 mains (heure, minute, seconde)<\/p>\n<p>Pr\u00e9cision : \u00b120 secondes par mois<\/p>\n<p>Fermoir triple pliable<\/p>\n<p>R\u00e9sistance \u00e0 l&#8217;eau 50M<\/p>\n","protected":false},"excerpt":{"rendered":"<p>Bo\u00eetier en acier inoxydable Bracelet en acier inoxydable Mouvement \u00e0 quartz Verre min\u00e9ral Cadran noir Affichage de la date \u00e0<\/p>\n","protected":false},"featured_media":2313,"comment_status":"open","ping_status":"closed","template":"","meta":{"om_disable_all_campaigns":false},"product_cat":[37,46,26,30],"product_tag":[],"jetpack-related-posts":[{"id":8505,"url":"https:\/\/r-mboutique.com\/index.php\/product\/casio-mtp-b145d-9av\/","url_meta":{"origin":2314,"position":0},"title":"Casio MTP-B145D-9AV","author":"Ramzi Merabtine","date":"03\/07\/2024","format":false,"excerpt":"Plongez dans les ann\u00e9es\u00a080 avec un look et des couleurs r\u00e9tro. Le design minimaliste du cadran lui conf\u00e8re un style r\u00e9solument tendance et facilite la lecture de l'heure. Informations de baseTaille du bo\u00eetier (L\u00d7 l\u00d7 H) : 40 \u00d7 35 \u00d7 7.4 mm Poids : 82 g Mat\u00e9riau du bo\u00eetier\u2026","rel":"","context":"Article similaire","block_context":{"text":"Article similaire","link":""},"img":{"alt_text":"","src":"https:\/\/i0.wp.com\/r-mboutique.com\/wp-content\/uploads\/2024\/03\/img_0440-scaled.jpeg?fit=1200%2C1200&ssl=1&resize=350%2C200","width":350,"height":200,"srcset":"https:\/\/i0.wp.com\/r-mboutique.com\/wp-content\/uploads\/2024\/03\/img_0440-scaled.jpeg?fit=1200%2C1200&ssl=1&resize=350%2C200 1x, https:\/\/i0.wp.com\/r-mboutique.com\/wp-content\/uploads\/2024\/03\/img_0440-scaled.jpeg?fit=1200%2C1200&ssl=1&resize=525%2C300 1.5x, https:\/\/i0.wp.com\/r-mboutique.com\/wp-content\/uploads\/2024\/03\/img_0440-scaled.jpeg?fit=1200%2C1200&ssl=1&resize=700%2C400 2x, https:\/\/i0.wp.com\/r-mboutique.com\/wp-content\/uploads\/2024\/03\/img_0440-scaled.jpeg?fit=1200%2C1200&ssl=1&resize=1050%2C600 3x"},"classes":[]},{"id":8509,"url":"https:\/\/r-mboutique.com\/index.php\/product\/casio-mtp-b145d-4a2v\/","url_meta":{"origin":2314,"position":1},"title":"Casio MTP-B145D-4A2V","author":"Ramzi Merabtine","date":"03\/07\/2024","format":false,"excerpt":"Plongez dans les ann\u00e9es\u00a080 avec un look et des couleurs r\u00e9tro. Le design minimaliste du cadran lui conf\u00e8re un style r\u00e9solument tendance et facilite la lecture de l\u2019heure. Informations de base Taille du bo\u00eetier (L\u00d7 l\u00d7 H) : 40 \u00d7 35 \u00d7 7.4 mm Poids : 82 g Mat\u00e9riau du\u2026","rel":"","context":"Article similaire","block_context":{"text":"Article similaire","link":""},"img":{"alt_text":"","src":"https:\/\/i0.wp.com\/r-mboutique.com\/wp-content\/uploads\/2024\/03\/img_0445-scaled.jpeg?fit=1200%2C1200&ssl=1&resize=350%2C200","width":350,"height":200,"srcset":"https:\/\/i0.wp.com\/r-mboutique.com\/wp-content\/uploads\/2024\/03\/img_0445-scaled.jpeg?fit=1200%2C1200&ssl=1&resize=350%2C200 1x, https:\/\/i0.wp.com\/r-mboutique.com\/wp-content\/uploads\/2024\/03\/img_0445-scaled.jpeg?fit=1200%2C1200&ssl=1&resize=525%2C300 1.5x, https:\/\/i0.wp.com\/r-mboutique.com\/wp-content\/uploads\/2024\/03\/img_0445-scaled.jpeg?fit=1200%2C1200&ssl=1&resize=700%2C400 2x, https:\/\/i0.wp.com\/r-mboutique.com\/wp-content\/uploads\/2024\/03\/img_0445-scaled.jpeg?fit=1200%2C1200&ssl=1&resize=1050%2C600 3x"},"classes":[]},{"id":8517,"url":"https:\/\/r-mboutique.com\/index.php\/product\/casio-mtp-b145g-9av\/","url_meta":{"origin":2314,"position":2},"title":"Casio MTP-B145G-9AV","author":"Ramzi Merabtine","date":"03\/07\/2024","format":false,"excerpt":"Plongez dans les ann\u00e9es\u00a080 avec un look et des couleurs r\u00e9tro. Le design minimaliste du cadran lui conf\u00e8re un style r\u00e9solument tendance et facilite la lecture de l\u2019heure. Informations de base Taille du bo\u00eetier (L\u00d7 l\u00d7 H) : 40 \u00d7 35 \u00d7 7.4 mm Poids : 82 g Mat\u00e9riau du\u2026","rel":"","context":"Article similaire","block_context":{"text":"Article similaire","link":""},"img":{"alt_text":"","src":"https:\/\/i0.wp.com\/r-mboutique.com\/wp-content\/uploads\/2024\/03\/img_0454.jpeg?fit=1200%2C1200&ssl=1&resize=350%2C200","width":350,"height":200,"srcset":"https:\/\/i0.wp.com\/r-mboutique.com\/wp-content\/uploads\/2024\/03\/img_0454.jpeg?fit=1200%2C1200&ssl=1&resize=350%2C200 1x, https:\/\/i0.wp.com\/r-mboutique.com\/wp-content\/uploads\/2024\/03\/img_0454.jpeg?fit=1200%2C1200&ssl=1&resize=525%2C300 1.5x, https:\/\/i0.wp.com\/r-mboutique.com\/wp-content\/uploads\/2024\/03\/img_0454.jpeg?fit=1200%2C1200&ssl=1&resize=700%2C400 2x, https:\/\/i0.wp.com\/r-mboutique.com\/wp-content\/uploads\/2024\/03\/img_0454.jpeg?fit=1200%2C1200&ssl=1&resize=1050%2C600 3x"},"classes":[]},{"id":8513,"url":"https:\/\/r-mboutique.com\/index.php\/product\/casio-mtp-b145d-4av\/","url_meta":{"origin":2314,"position":3},"title":"Casio MTP-B145D-4AV","author":"Ramzi Merabtine","date":"03\/07\/2024","format":false,"excerpt":"Plongez dans les ann\u00e9es\u00a080 avec un look et des couleurs r\u00e9tro. Le design minimaliste du cadran lui conf\u00e8re un style r\u00e9solument tendance et facilite la lecture de l\u2019heure. Informations de base Taille du bo\u00eetier (L\u00d7 l\u00d7 H) : 40 \u00d7 35 \u00d7 7.4 mm Poids : 82 g Mat\u00e9riau du\u2026","rel":"","context":"Article similaire","block_context":{"text":"Article similaire","link":""},"img":{"alt_text":"","src":"https:\/\/i0.wp.com\/r-mboutique.com\/wp-content\/uploads\/2024\/03\/img_0450-scaled.jpeg?fit=1200%2C1200&ssl=1&resize=350%2C200","width":350,"height":200,"srcset":"https:\/\/i0.wp.com\/r-mboutique.com\/wp-content\/uploads\/2024\/03\/img_0450-scaled.jpeg?fit=1200%2C1200&ssl=1&resize=350%2C200 1x, https:\/\/i0.wp.com\/r-mboutique.com\/wp-content\/uploads\/2024\/03\/img_0450-scaled.jpeg?fit=1200%2C1200&ssl=1&resize=525%2C300 1.5x, https:\/\/i0.wp.com\/r-mboutique.com\/wp-content\/uploads\/2024\/03\/img_0450-scaled.jpeg?fit=1200%2C1200&ssl=1&resize=700%2C400 2x, https:\/\/i0.wp.com\/r-mboutique.com\/wp-content\/uploads\/2024\/03\/img_0450-scaled.jpeg?fit=1200%2C1200&ssl=1&resize=1050%2C600 3x"},"classes":[]},{"id":7690,"url":"https:\/\/r-mboutique.com\/index.php\/product\/casio-ltp-v005d-1b\/","url_meta":{"origin":2314,"position":4},"title":"Casio LTP-V005D-1B","author":"Ramzi Merabtine","date":"08\/23\/2023","format":false,"excerpt":"Informations de base Taille du bo\u00eetier (L \u00d7 L \u00d7 H): 34 \u00d7 28,2 \u00d7 7,5 mm Poids : 52g Mat\u00e9riau du bo\u00eetier et de la lunette Bande en acier inoxydable Fermoir triple R\u00e9sistant \u00e0 l\u2019eau Alimentation et autonomie de la batterie Environ. Autonomie de la batterie : 3 ans\u2026","rel":"","context":"Article similaire","block_context":{"text":"Article similaire","link":""},"img":{"alt_text":"","src":"https:\/\/i0.wp.com\/r-mboutique.com\/wp-content\/uploads\/2023\/08\/img_5587.jpeg?fit=1153%2C1153&ssl=1&resize=350%2C200","width":350,"height":200,"srcset":"https:\/\/i0.wp.com\/r-mboutique.com\/wp-content\/uploads\/2023\/08\/img_5587.jpeg?fit=1153%2C1153&ssl=1&resize=350%2C200 1x, https:\/\/i0.wp.com\/r-mboutique.com\/wp-content\/uploads\/2023\/08\/img_5587.jpeg?fit=1153%2C1153&ssl=1&resize=525%2C300 1.5x, https:\/\/i0.wp.com\/r-mboutique.com\/wp-content\/uploads\/2023\/08\/img_5587.jpeg?fit=1153%2C1153&ssl=1&resize=700%2C400 2x, https:\/\/i0.wp.com\/r-mboutique.com\/wp-content\/uploads\/2023\/08\/img_5587.jpeg?fit=1153%2C1153&ssl=1&resize=1050%2C600 3x"},"classes":[]},{"id":7694,"url":"https:\/\/r-mboutique.com\/index.php\/product\/casio-ltp-v005d-7b2\/","url_meta":{"origin":2314,"position":5},"title":"Casio LTP-V005D-7B2","author":"Ramzi Merabtine","date":"08\/23\/2023","format":false,"excerpt":"Informations de base Taille du bo\u00eetier (L \u00d7 L \u00d7 H): 34 \u00d7 28,2 \u00d7 7,5 mm Poids : 52g Mat\u00e9riau du bo\u00eetier et de la lunette Bande en acier inoxydable Fermoir triple R\u00e9sistant \u00e0 l\u2019eau Alimentation et autonomie de la batterie Environ. Autonomie de la batterie : 3 ans\u2026","rel":"","context":"Article similaire","block_context":{"text":"Article similaire","link":""},"img":{"alt_text":"","src":"https:\/\/i0.wp.com\/r-mboutique.com\/wp-content\/uploads\/2023\/08\/img_5601.jpeg?fit=1159%2C1159&ssl=1&resize=350%2C200","width":350,"height":200,"srcset":"https:\/\/i0.wp.com\/r-mboutique.com\/wp-content\/uploads\/2023\/08\/img_5601.jpeg?fit=1159%2C1159&ssl=1&resize=350%2C200 1x, https:\/\/i0.wp.com\/r-mboutique.com\/wp-content\/uploads\/2023\/08\/img_5601.jpeg?fit=1159%2C1159&ssl=1&resize=525%2C300 1.5x, https:\/\/i0.wp.com\/r-mboutique.com\/wp-content\/uploads\/2023\/08\/img_5601.jpeg?fit=1159%2C1159&ssl=1&resize=700%2C400 2x, https:\/\/i0.wp.com\/r-mboutique.com\/wp-content\/uploads\/2023\/08\/img_5601.jpeg?fit=1159%2C1159&ssl=1&resize=1050%2C600 3x"},"classes":[]}],"_links":{"self":[{"href":"https:\/\/r-mboutique.com\/index.php\/wp-json\/wp\/v2\/product\/2314"}],"collection":[{"href":"https:\/\/r-mboutique.com\/index.php\/wp-json\/wp\/v2\/product"}],"about":[{"href":"https:\/\/r-mboutique.com\/index.php\/wp-json\/wp\/v2\/types\/product"}],"replies":[{"embeddable":true,"href":"https:\/\/r-mboutique.com\/index.php\/wp-json\/wp\/v2\/comments?post=2314"}],"wp:featuredmedia":[{"embeddable":true,"href":"https:\/\/r-mboutique.com\/index.php\/wp-json\/wp\/v2\/media\/2313"}],"wp:attachment":[{"href":"https:\/\/r-mboutique.com\/index.php\/wp-json\/wp\/v2\/media?parent=2314"}],"wp:term":[{"taxonomy":"product_cat","embeddable":true,"href":"https:\/\/r-mboutique.com\/index.php\/wp-json\/wp\/v2\/product_cat?post=2314"},{"taxonomy":"product_tag","embeddable":true,"href":"https:\/\/r-mboutique.com\/index.php\/wp-json\/wp\/v2\/product_tag?post=2314"}],"curies":[{"name":"wp","href":"https:\/\/api.w.org\/{rel}","templated":true}]}}