{"id":2320,"date":"2021-10-12T15:08:02","date_gmt":"2021-10-12T14:08:02","guid":{"rendered":"https:\/\/r-mboutique.com\/index.php\/product\/casio-ltp-1183q-9adf\/"},"modified":"2025-09-18T06:31:17","modified_gmt":"2025-09-18T05:31:17","slug":"casio-ltp-1183q-9adf","status":"publish","type":"product","link":"https:\/\/r-mboutique.com\/index.php\/product\/casio-ltp-1183q-9adf\/","title":{"rendered":"Casio LTP-1183Q-9ADF"},"content":{"rendered":"<p>Cette montre dispose d&#8217;un superbe bo\u00eetier dor\u00e9 ainsi que d&#8217;un cadran dor\u00e9 associ\u00e9 \u00e0 un bracelet en cuir de haute qualit\u00e9, ce qui la rend id\u00e9ale pour toute tenue sans compromis.<\/p>\n<p>Bracelet en cuir v\u00e9ritable<\/p>\n<p>Verre min\u00e9ral<\/p>\n<p>R\u00e9sistant \u00e0 l&#8217;eau<\/p>\n<p>Affichage de la date<\/p>\n<p>Comptabilisation r\u00e9guli\u00e8re du temps<\/p>\n<p>Analogique : 3 aiguilles (heure, minute, seconde)<\/p>\n<p>Pr\u00e9cision : \u00b120 secondes par mois<\/p>\n<p>Autonomie approximative de la batterie : 3 ans sur SR621SW<\/p>\n","protected":false},"excerpt":{"rendered":"<p>Cette montre dispose d&#8217;un superbe bo\u00eetier dor\u00e9 ainsi que d&#8217;un cadran dor\u00e9 associ\u00e9 \u00e0 un bracelet en cuir de haute<\/p>\n","protected":false},"featured_media":2319,"comment_status":"open","ping_status":"closed","template":"","meta":{"om_disable_all_campaigns":false},"product_cat":[46,26,30],"product_tag":[],"jetpack-related-posts":[{"id":7589,"url":"https:\/\/r-mboutique.com\/index.php\/product\/casio-vintage-mini-la670wega-1\/","url_meta":{"origin":2320,"position":0},"title":"Casio Vintage Mini LA670WEGA-1","author":"Ramzi Merabtine","date":"08\/09\/2023","format":false,"excerpt":"Informations de base : Taille du bo\u00eetier (L\u00d7 l\u00d7 H) 30.3 \u00d7 24.6 \u00d7 7.3 mm Poids 33 g Mat\u00e9riau du bo\u00eetier et du cadre R\u00e9sine\/Dor\u00e9 Bracelet Bracelet en acier inoxydable Fermoir r\u00e9glable \u00c9tanch\u00e9it\u00e9 Etanch\u00e9it\u00e9 Alimentation et autonomie de la batterie Autonomie approximative de la batterie\u00a0: 2\u00a0ans sur CR1216 Verre\u2026","rel":"","context":"Article similaire","block_context":{"text":"Article similaire","link":""},"img":{"alt_text":"","src":"https:\/\/i0.wp.com\/r-mboutique.com\/wp-content\/uploads\/2023\/08\/img_5223-1.jpeg?fit=961%2C961&ssl=1&resize=350%2C200","width":350,"height":200,"srcset":"https:\/\/i0.wp.com\/r-mboutique.com\/wp-content\/uploads\/2023\/08\/img_5223-1.jpeg?fit=961%2C961&ssl=1&resize=350%2C200 1x, https:\/\/i0.wp.com\/r-mboutique.com\/wp-content\/uploads\/2023\/08\/img_5223-1.jpeg?fit=961%2C961&ssl=1&resize=525%2C300 1.5x, https:\/\/i0.wp.com\/r-mboutique.com\/wp-content\/uploads\/2023\/08\/img_5223-1.jpeg?fit=961%2C961&ssl=1&resize=700%2C400 2x"},"classes":[]},{"id":4702,"url":"https:\/\/r-mboutique.com\/index.php\/product\/michael-kors-parker-mk6916\/","url_meta":{"origin":2320,"position":1},"title":"Michael Kors Parker MK6916","author":"Ramzi Merabtine","date":"03\/12\/2022","format":false,"excerpt":"Cette montre Michael Kors \u00e0 un bo\u00eetier en acier inoxydable en dor\u00e9 avec un diam\u00e8tre de 39mm et poss\u00e8de un bracelet en cuir. Le bo\u00eetier de la montre contient un mouvement et un cristal min\u00e9ral. La montre est \u00e9tanche \u00e0 5ATM. Cela signifie que la montre est \u00e9tanche pour la\u2026","rel":"","context":"Article similaire","block_context":{"text":"Article similaire","link":""},"img":{"alt_text":"","src":"https:\/\/i0.wp.com\/r-mboutique.com\/wp-content\/uploads\/2022\/03\/img_7248.jpeg?fit=800%2C800&ssl=1&resize=350%2C200","width":350,"height":200,"srcset":"https:\/\/i0.wp.com\/r-mboutique.com\/wp-content\/uploads\/2022\/03\/img_7248.jpeg?fit=800%2C800&ssl=1&resize=350%2C200 1x, https:\/\/i0.wp.com\/r-mboutique.com\/wp-content\/uploads\/2022\/03\/img_7248.jpeg?fit=800%2C800&ssl=1&resize=525%2C300 1.5x, https:\/\/i0.wp.com\/r-mboutique.com\/wp-content\/uploads\/2022\/03\/img_7248.jpeg?fit=800%2C800&ssl=1&resize=700%2C400 2x"},"classes":[]},{"id":4599,"url":"https:\/\/r-mboutique.com\/index.php\/product\/viceroy-penelope-cruz-471050-35\/","url_meta":{"origin":2320,"position":2},"title":"Viceroy Pen\u00e9lope Cruz 471050-35","author":"Ramzi Merabtine","date":"03\/09\/2022","format":false,"excerpt":"Cette montre Viceroy \u00e0 un bo\u00eetier en acier inoxydable IP dor\u00e9 avec un diam\u00e8tre de 33mm et poss\u00e8de un bracelet en cuir. Le bo\u00eetier de la montre contient un mouvement et un cristal min\u00e9ral. La montre est \u00e9tanche \u00e0 5ATM. Cela signifie que la montre est \u00e9tanche pour la douche.\u00a0\u2026","rel":"","context":"Article similaire","block_context":{"text":"Article similaire","link":""},"img":{"alt_text":"","src":"https:\/\/i0.wp.com\/r-mboutique.com\/wp-content\/uploads\/2022\/03\/img_7144.jpeg?fit=1200%2C1200&ssl=1&resize=350%2C200","width":350,"height":200,"srcset":"https:\/\/i0.wp.com\/r-mboutique.com\/wp-content\/uploads\/2022\/03\/img_7144.jpeg?fit=1200%2C1200&ssl=1&resize=350%2C200 1x, https:\/\/i0.wp.com\/r-mboutique.com\/wp-content\/uploads\/2022\/03\/img_7144.jpeg?fit=1200%2C1200&ssl=1&resize=525%2C300 1.5x, https:\/\/i0.wp.com\/r-mboutique.com\/wp-content\/uploads\/2022\/03\/img_7144.jpeg?fit=1200%2C1200&ssl=1&resize=700%2C400 2x, https:\/\/i0.wp.com\/r-mboutique.com\/wp-content\/uploads\/2022\/03\/img_7144.jpeg?fit=1200%2C1200&ssl=1&resize=1050%2C600 3x"},"classes":[]},{"id":8245,"url":"https:\/\/r-mboutique.com\/index.php\/product\/casio-retro-vintage-a168wg-9w\/","url_meta":{"origin":2320,"position":3},"title":"Casio r\u00e9tro Vintage A168WG-9W","author":"Ramzi Merabtine","date":"12\/26\/2023","format":false,"excerpt":"la fusion de la nostalgie r\u00e9tro et du style de la mode. Bien plus qu\u2019une simple d\u00e9claration de mode, cette montre offre des fonctions pratiques telles que le chronom\u00e8tre et l\u2019alarme, ainsi que l\u2019\u00e9tanch\u00e9it\u00e9 pour une utilisation quotidienne afin de vous lib\u00e9rer de toute inqui\u00e9tude, m\u00eame les jours de pluie.\u2026","rel":"","context":"Article similaire","block_context":{"text":"Article similaire","link":""},"img":{"alt_text":"","src":"https:\/\/i0.wp.com\/r-mboutique.com\/wp-content\/uploads\/2023\/12\/img_9112.jpeg?fit=1200%2C1200&ssl=1&resize=350%2C200","width":350,"height":200,"srcset":"https:\/\/i0.wp.com\/r-mboutique.com\/wp-content\/uploads\/2023\/12\/img_9112.jpeg?fit=1200%2C1200&ssl=1&resize=350%2C200 1x, https:\/\/i0.wp.com\/r-mboutique.com\/wp-content\/uploads\/2023\/12\/img_9112.jpeg?fit=1200%2C1200&ssl=1&resize=525%2C300 1.5x, https:\/\/i0.wp.com\/r-mboutique.com\/wp-content\/uploads\/2023\/12\/img_9112.jpeg?fit=1200%2C1200&ssl=1&resize=700%2C400 2x, https:\/\/i0.wp.com\/r-mboutique.com\/wp-content\/uploads\/2023\/12\/img_9112.jpeg?fit=1200%2C1200&ssl=1&resize=1050%2C600 3x"},"classes":[]},{"id":2652,"url":"https:\/\/r-mboutique.com\/index.php\/product\/casio-mtp-1314l-7av\/","url_meta":{"origin":2320,"position":4},"title":"Casio MTP-1314L-7AV","author":"Ramzi Merabtine","date":"12\/01\/2021","format":false,"excerpt":"Sp\u00e9cifications Bo\u00eetier \/ lunette : Plaqu\u00e9 ionique Bracelet en cuir v\u00e9ritable Verre min\u00e9ral R\u00e9sistance \u00e0 l'eau de 50 m\u00e8tres Affichage de la date Comptabilisation r\u00e9guli\u00e8re du temps Analogique : 3 aiguilles (heure, minute, seconde) Pr\u00e9cision : \u00b120 secondes par mois Autonomie approximative de la batterie : 3 ans sur SR626SW","rel":"","context":"Article similaire","block_context":{"text":"Article similaire","link":""},"img":{"alt_text":"","src":"https:\/\/i0.wp.com\/r-mboutique.com\/wp-content\/uploads\/2021\/12\/61d54169-0d96-4976-b862-3d6b4cde51c5.jpeg?fit=1137%2C1137&ssl=1&resize=350%2C200","width":350,"height":200,"srcset":"https:\/\/i0.wp.com\/r-mboutique.com\/wp-content\/uploads\/2021\/12\/61d54169-0d96-4976-b862-3d6b4cde51c5.jpeg?fit=1137%2C1137&ssl=1&resize=350%2C200 1x, https:\/\/i0.wp.com\/r-mboutique.com\/wp-content\/uploads\/2021\/12\/61d54169-0d96-4976-b862-3d6b4cde51c5.jpeg?fit=1137%2C1137&ssl=1&resize=525%2C300 1.5x, https:\/\/i0.wp.com\/r-mboutique.com\/wp-content\/uploads\/2021\/12\/61d54169-0d96-4976-b862-3d6b4cde51c5.jpeg?fit=1137%2C1137&ssl=1&resize=700%2C400 2x, https:\/\/i0.wp.com\/r-mboutique.com\/wp-content\/uploads\/2021\/12\/61d54169-0d96-4976-b862-3d6b4cde51c5.jpeg?fit=1137%2C1137&ssl=1&resize=1050%2C600 3x"},"classes":[]},{"id":7594,"url":"https:\/\/r-mboutique.com\/index.php\/product\/casio-vintage-mini-la670wea-1\/","url_meta":{"origin":2320,"position":5},"title":"Casio Vintage Mini LA670WEA-1","author":"Ramzi Merabtine","date":"08\/09\/2023","format":false,"excerpt":"Informations de\u00a0base\u00a0: Taille du bo\u00eetier (L\u00d7 l\u00d7 H) 30.3 \u00d7 24.6 \u00d7 7.3 mm Poids 33 g Mat\u00e9riau du bo\u00eetier et du cadre R\u00e9sine\/Dor\u00e9 Bracelet Bracelet en acier inoxydable Fermoir r\u00e9glable \u00c9tanch\u00e9it\u00e9 Etanch\u00e9it\u00e9 Alimentation et autonomie de la batterie Autonomie approximative de la batterie\u00a0: 2\u00a0ans sur CR1216 Verre Verre en\u2026","rel":"","context":"Article similaire","block_context":{"text":"Article similaire","link":""},"img":{"alt_text":"","src":"https:\/\/i0.wp.com\/r-mboutique.com\/wp-content\/uploads\/2023\/08\/img_5225.jpeg?fit=951%2C951&ssl=1&resize=350%2C200","width":350,"height":200,"srcset":"https:\/\/i0.wp.com\/r-mboutique.com\/wp-content\/uploads\/2023\/08\/img_5225.jpeg?fit=951%2C951&ssl=1&resize=350%2C200 1x, https:\/\/i0.wp.com\/r-mboutique.com\/wp-content\/uploads\/2023\/08\/img_5225.jpeg?fit=951%2C951&ssl=1&resize=525%2C300 1.5x, https:\/\/i0.wp.com\/r-mboutique.com\/wp-content\/uploads\/2023\/08\/img_5225.jpeg?fit=951%2C951&ssl=1&resize=700%2C400 2x"},"classes":[]}],"_links":{"self":[{"href":"https:\/\/r-mboutique.com\/index.php\/wp-json\/wp\/v2\/product\/2320"}],"collection":[{"href":"https:\/\/r-mboutique.com\/index.php\/wp-json\/wp\/v2\/product"}],"about":[{"href":"https:\/\/r-mboutique.com\/index.php\/wp-json\/wp\/v2\/types\/product"}],"replies":[{"embeddable":true,"href":"https:\/\/r-mboutique.com\/index.php\/wp-json\/wp\/v2\/comments?post=2320"}],"wp:featuredmedia":[{"embeddable":true,"href":"https:\/\/r-mboutique.com\/index.php\/wp-json\/wp\/v2\/media\/2319"}],"wp:attachment":[{"href":"https:\/\/r-mboutique.com\/index.php\/wp-json\/wp\/v2\/media?parent=2320"}],"wp:term":[{"taxonomy":"product_cat","embeddable":true,"href":"https:\/\/r-mboutique.com\/index.php\/wp-json\/wp\/v2\/product_cat?post=2320"},{"taxonomy":"product_tag","embeddable":true,"href":"https:\/\/r-mboutique.com\/index.php\/wp-json\/wp\/v2\/product_tag?post=2320"}],"curies":[{"name":"wp","href":"https:\/\/api.w.org\/{rel}","templated":true}]}}