{"id":2326,"date":"2021-10-14T17:01:56","date_gmt":"2021-10-14T16:01:56","guid":{"rendered":"https:\/\/r-mboutique.com\/index.php\/product\/casio-retro-vintage\/"},"modified":"2025-09-18T06:31:14","modified_gmt":"2025-09-18T05:31:14","slug":"casio-retro-vintage","status":"publish","type":"product","link":"https:\/\/r-mboutique.com\/index.php\/product\/casio-retro-vintage\/","title":{"rendered":"Casio r\u00e9tro Vintage A168WG-9"},"content":{"rendered":"<p>Sp\u00e9cifications techniques<\/p>\n<p>Illuminateur<\/p>\n<p>Un panneau \u00e9lectroluminescent fait briller tout le visage pour une lecture facile.<\/p>\n<p>Fonction chronom\u00e8tre &#8211; 1\/100 sec. &#8211; 1 heure<\/p>\n<p>Le temps \u00e9coul\u00e9, le temps interm\u00e9diaire et le temps final sont mesur\u00e9s avec une pr\u00e9cision de 1\/100 s. La montre peut mesurer des temps allant jusqu&#8217;\u00e0 1 heure.<\/p>\n<p>Alarme<\/p>\n<p>quotidienne L&#8217; alarme quotidienne vous rappelle les \u00e9v\u00e9nements qui se r\u00e9p\u00e8tent chaque jour, en \u00e9mettant un signal sonore \u00e0 l&#8217;heure d\u00e9finie.<\/p>\n<p>Calendrier automatique avec Date, Jour et Mois<\/p>\n<p>Une fois r\u00e9gl\u00e9, le calendrier automatique affiche toujours la bonne date.<\/p>\n<p>Chronom\u00e9trage 12\/24 heures Les heures<\/p>\n<p>peuvent \u00eatre affich\u00e9es au format 12 heures ou 24 heures.<\/p>\n<p>Verre<\/p>\n<p>acrylique L&#8217;acrylique est facile et relativement incassable.<\/p>\n<p>Bo\u00eetier en<\/p>\n<p>r\u00e9sine Le bo\u00eetier en r\u00e9sine est le compagnon id\u00e9al au quotidien. Il est durable, l\u00e9ger et relativement insensible au froid, \u00e0 la chaleur ou \u00e0 d&#8217;autres influences ext\u00e9rieures.<\/p>\n<p>Bracelet en acier inoxydable<\/p>\n<p>Robuste, durable et \u00e9l\u00e9gant : le bracelet en acier inoxydable donne \u00e0 votre montre une allure classique.<\/p>\n<p>Fermeture r\u00e9glable<\/p>\n<p>Le fermoir peut \u00eatre r\u00e9gl\u00e9 individuellement tr\u00e8s facilement pour un confort maximal.<\/p>\n<p>7 ans &#8211; 1 pile<\/p>\n<p>La pile fournit \u00e0 la montre suffisamment d&#8217;\u00e9nergie pendant env. sept ans.<\/p>\n<p>Classification de r\u00e9sistance \u00e0 l&#8217;eau (WR) selon ISO 22810<\/p>\n<p>Ce mod\u00e8le est r\u00e9sistant \u00e0 l&#8217;eau selon DIN 8310 \/ ISO 22810, et est donc r\u00e9sistant aux \u00e9claboussures mineures. Tout contact plus important avec l&#8217;eau doit \u00eatre \u00e9vit\u00e9.<\/p>\n<p>Dimensions (H x L x P)<\/p>\n<p>38,60 mm x 36,30 mm x 9,60 mm<\/p>\n<p>Poids<\/p>\n<p>env. 51,00 g<\/p>\n","protected":false},"excerpt":{"rendered":"<p>Sp\u00e9cifications techniques Illuminateur Un panneau \u00e9lectroluminescent fait briller tout le visage pour une lecture facile. Fonction chronom\u00e8tre &#8211; 1\/100 sec.<\/p>\n","protected":false},"featured_media":2322,"comment_status":"open","ping_status":"closed","template":"","meta":{"om_disable_all_campaigns":false},"product_cat":[37,46,26,30,28],"product_tag":[],"jetpack-related-posts":[{"id":2333,"url":"https:\/\/r-mboutique.com\/index.php\/product\/casio-edgy-vintage\/","url_meta":{"origin":2326,"position":0},"title":"Casio Edgy Vintage B640WB-1A","author":"Ramzi Merabtine","date":"10\/14\/2021","format":false,"excerpt":"D\u00c9TAILS \/ SP\u00c9CIFICATIONS Alarme multiple, bip horaire Vous pouvez programmer une alarme quotidienne (r\u00e9glage de l'heure uniquement) ou une alarme pour un jour et une heure sp\u00e9cifiques (r\u00e9glage du mois, du jour et de l'heure). La valeur indiqu\u00e9e correspond au nombre d'alarmes multiples disponibles. Si la fonction de bip horaire\u2026","rel":"","context":"Article similaire","block_context":{"text":"Article similaire","link":""},"img":{"alt_text":"","src":"https:\/\/i0.wp.com\/r-mboutique.com\/wp-content\/uploads\/2021\/10\/img_3686.jpeg?fit=500%2C500&ssl=1&resize=350%2C200","width":350,"height":200},"classes":[]},{"id":7583,"url":"https:\/\/r-mboutique.com\/index.php\/product\/casio-edgy-vintage-b640wcg-5\/","url_meta":{"origin":2326,"position":1},"title":"Casio Edgy Vintage B640WCG-5","author":"Ramzi Merabtine","date":"08\/09\/2023","format":false,"excerpt":"D\u00c9TAILS \/ SP\u00c9CIFICATIONS Alarme multiple, bip horaire Vous pouvez programmer une alarme quotidienne (r\u00e9glage de l\u2019heure uniquement) ou une alarme pour un jour et une heure sp\u00e9cifiques (r\u00e9glage du mois, du jour et de l\u2019heure). La valeur indiqu\u00e9e correspond au nombre d\u2019alarmes multiples disponibles. Si la fonction de bip horaire\u2026","rel":"","context":"Article similaire","block_context":{"text":"Article similaire","link":""},"img":{"alt_text":"","src":"https:\/\/i0.wp.com\/r-mboutique.com\/wp-content\/uploads\/2023\/08\/img_5213.jpeg?fit=525%2C525&ssl=1&resize=350%2C200","width":350,"height":200,"srcset":"https:\/\/i0.wp.com\/r-mboutique.com\/wp-content\/uploads\/2023\/08\/img_5213.jpeg?fit=525%2C525&ssl=1&resize=350%2C200 1x, https:\/\/i0.wp.com\/r-mboutique.com\/wp-content\/uploads\/2023\/08\/img_5213.jpeg?fit=525%2C525&ssl=1&resize=525%2C300 1.5x"},"classes":[]},{"id":6074,"url":"https:\/\/r-mboutique.com\/index.php\/product\/casio-w-219h-1avef\/","url_meta":{"origin":2326,"position":2},"title":"Casio W-219H-1AVEF","author":"Ramzi Merabtine","date":"08\/05\/2022","format":false,"excerpt":"SP\u00c9CIFICATIONS Alarme quotidienne Une alarme sonore vous rappelle quotidiennement vos \u00e9ch\u00e9ances \u00e0 l'heure programm\u00e9e.\u00a0 Bracelet en r\u00e9sine Gr\u00e2ce \u00e0 son extr\u00eame durabilit\u00e9 et sa souplesse, la r\u00e9sine synth\u00e9tique constitue un mat\u00e9riau id\u00e9al pour les bracelets.\u00a0 7\u00a0ans - 1\u00a0pile La pile procure \u00e0 la montre l'\u00e9nergie n\u00e9cessaire pendant env. 7\u00a0ans.\u00a0 \u00c9clairage\u2026","rel":"","context":"Article similaire","block_context":{"text":"Article similaire","link":""},"img":{"alt_text":"","src":"https:\/\/i0.wp.com\/r-mboutique.com\/wp-content\/uploads\/2022\/08\/img_0374.jpeg?fit=1140%2C1140&ssl=1&resize=350%2C200","width":350,"height":200,"srcset":"https:\/\/i0.wp.com\/r-mboutique.com\/wp-content\/uploads\/2022\/08\/img_0374.jpeg?fit=1140%2C1140&ssl=1&resize=350%2C200 1x, https:\/\/i0.wp.com\/r-mboutique.com\/wp-content\/uploads\/2022\/08\/img_0374.jpeg?fit=1140%2C1140&ssl=1&resize=525%2C300 1.5x, https:\/\/i0.wp.com\/r-mboutique.com\/wp-content\/uploads\/2022\/08\/img_0374.jpeg?fit=1140%2C1140&ssl=1&resize=700%2C400 2x, https:\/\/i0.wp.com\/r-mboutique.com\/wp-content\/uploads\/2022\/08\/img_0374.jpeg?fit=1140%2C1140&ssl=1&resize=1050%2C600 3x"},"classes":[]},{"id":6056,"url":"https:\/\/r-mboutique.com\/index.php\/product\/casio-w-219h-2a2vef\/","url_meta":{"origin":2326,"position":3},"title":"Casio W-219H-2A2VEF","author":"Ramzi Merabtine","date":"08\/05\/2022","format":false,"excerpt":"SP\u00c9CIFICATIONS Alarme quotidienne Une alarme sonore vous rappelle quotidiennement vos \u00e9ch\u00e9ances \u00e0 l'heure programm\u00e9e.\u00a0 Bracelet en r\u00e9sine Gr\u00e2ce \u00e0 son extr\u00eame durabilit\u00e9 et sa souplesse, la r\u00e9sine synth\u00e9tique constitue un mat\u00e9riau id\u00e9al pour les bracelets.\u00a0 7\u00a0ans - 1\u00a0pile La pile procure \u00e0 la montre l'\u00e9nergie n\u00e9cessaire pendant env. 7\u00a0ans.\u00a0 \u00c9clairage\u2026","rel":"","context":"Article similaire","block_context":{"text":"Article similaire","link":""},"img":{"alt_text":"","src":"https:\/\/i0.wp.com\/r-mboutique.com\/wp-content\/uploads\/2022\/08\/img_0376-1-3.jpeg?fit=1182%2C1182&ssl=1&resize=350%2C200","width":350,"height":200,"srcset":"https:\/\/i0.wp.com\/r-mboutique.com\/wp-content\/uploads\/2022\/08\/img_0376-1-3.jpeg?fit=1182%2C1182&ssl=1&resize=350%2C200 1x, https:\/\/i0.wp.com\/r-mboutique.com\/wp-content\/uploads\/2022\/08\/img_0376-1-3.jpeg?fit=1182%2C1182&ssl=1&resize=525%2C300 1.5x, https:\/\/i0.wp.com\/r-mboutique.com\/wp-content\/uploads\/2022\/08\/img_0376-1-3.jpeg?fit=1182%2C1182&ssl=1&resize=700%2C400 2x, https:\/\/i0.wp.com\/r-mboutique.com\/wp-content\/uploads\/2022\/08\/img_0376-1-3.jpeg?fit=1182%2C1182&ssl=1&resize=1050%2C600 3x"},"classes":[]},{"id":6062,"url":"https:\/\/r-mboutique.com\/index.php\/product\/casio-w-219h-4avef\/","url_meta":{"origin":2326,"position":4},"title":"Casio W-219H-4AVEF","author":"Ramzi Merabtine","date":"08\/05\/2022","format":false,"excerpt":"SP\u00c9CIFICATIONS Alarme quotidienne Une alarme sonore vous rappelle quotidiennement vos \u00e9ch\u00e9ances \u00e0 l'heure programm\u00e9e.\u00a0 Bracelet en r\u00e9sine Gr\u00e2ce \u00e0 son extr\u00eame durabilit\u00e9 et sa souplesse, la r\u00e9sine synth\u00e9tique constitue un mat\u00e9riau id\u00e9al pour les bracelets.\u00a0 7\u00a0ans - 1\u00a0pile La pile procure \u00e0 la montre l'\u00e9nergie n\u00e9cessaire pendant env. 7\u00a0ans.\u00a0 \u00c9clairage\u2026","rel":"","context":"Article similaire","block_context":{"text":"Article similaire","link":""},"img":{"alt_text":"","src":"https:\/\/i0.wp.com\/r-mboutique.com\/wp-content\/uploads\/2022\/08\/img_0377.jpeg?fit=531%2C531&ssl=1&resize=350%2C200","width":350,"height":200,"srcset":"https:\/\/i0.wp.com\/r-mboutique.com\/wp-content\/uploads\/2022\/08\/img_0377.jpeg?fit=531%2C531&ssl=1&resize=350%2C200 1x, https:\/\/i0.wp.com\/r-mboutique.com\/wp-content\/uploads\/2022\/08\/img_0377.jpeg?fit=531%2C531&ssl=1&resize=525%2C300 1.5x"},"classes":[]},{"id":6068,"url":"https:\/\/r-mboutique.com\/index.php\/product\/casio-w-219h-2avef\/","url_meta":{"origin":2326,"position":5},"title":"Casio W-219H-2AVEF","author":"Ramzi Merabtine","date":"08\/05\/2022","format":false,"excerpt":"SP\u00c9CIFICATIONS Alarme quotidienne Une alarme sonore vous rappelle quotidiennement vos \u00e9ch\u00e9ances \u00e0 l'heure programm\u00e9e.\u00a0 Bracelet en r\u00e9sine Gr\u00e2ce \u00e0 son extr\u00eame durabilit\u00e9 et sa souplesse, la r\u00e9sine synth\u00e9tique constitue un mat\u00e9riau id\u00e9al pour les bracelets.\u00a0 7\u00a0ans - 1\u00a0pile La pile procure \u00e0 la montre l'\u00e9nergie n\u00e9cessaire pendant env. 7\u00a0ans.\u00a0 \u00c9clairage\u2026","rel":"","context":"Article similaire","block_context":{"text":"Article similaire","link":""},"img":{"alt_text":"","src":"https:\/\/i0.wp.com\/r-mboutique.com\/wp-content\/uploads\/2022\/08\/img_0375.jpeg?fit=1141%2C1141&ssl=1&resize=350%2C200","width":350,"height":200,"srcset":"https:\/\/i0.wp.com\/r-mboutique.com\/wp-content\/uploads\/2022\/08\/img_0375.jpeg?fit=1141%2C1141&ssl=1&resize=350%2C200 1x, https:\/\/i0.wp.com\/r-mboutique.com\/wp-content\/uploads\/2022\/08\/img_0375.jpeg?fit=1141%2C1141&ssl=1&resize=525%2C300 1.5x, https:\/\/i0.wp.com\/r-mboutique.com\/wp-content\/uploads\/2022\/08\/img_0375.jpeg?fit=1141%2C1141&ssl=1&resize=700%2C400 2x, https:\/\/i0.wp.com\/r-mboutique.com\/wp-content\/uploads\/2022\/08\/img_0375.jpeg?fit=1141%2C1141&ssl=1&resize=1050%2C600 3x"},"classes":[]}],"_links":{"self":[{"href":"https:\/\/r-mboutique.com\/index.php\/wp-json\/wp\/v2\/product\/2326"}],"collection":[{"href":"https:\/\/r-mboutique.com\/index.php\/wp-json\/wp\/v2\/product"}],"about":[{"href":"https:\/\/r-mboutique.com\/index.php\/wp-json\/wp\/v2\/types\/product"}],"replies":[{"embeddable":true,"href":"https:\/\/r-mboutique.com\/index.php\/wp-json\/wp\/v2\/comments?post=2326"}],"wp:featuredmedia":[{"embeddable":true,"href":"https:\/\/r-mboutique.com\/index.php\/wp-json\/wp\/v2\/media\/2322"}],"wp:attachment":[{"href":"https:\/\/r-mboutique.com\/index.php\/wp-json\/wp\/v2\/media?parent=2326"}],"wp:term":[{"taxonomy":"product_cat","embeddable":true,"href":"https:\/\/r-mboutique.com\/index.php\/wp-json\/wp\/v2\/product_cat?post=2326"},{"taxonomy":"product_tag","embeddable":true,"href":"https:\/\/r-mboutique.com\/index.php\/wp-json\/wp\/v2\/product_tag?post=2326"}],"curies":[{"name":"wp","href":"https:\/\/api.w.org\/{rel}","templated":true}]}}