{"id":2376,"date":"2021-10-31T08:59:07","date_gmt":"2021-10-31T07:59:07","guid":{"rendered":"https:\/\/r-mboutique.com\/index.php\/product\/casio-mtp-1314d-7av\/"},"modified":"2025-09-18T06:30:44","modified_gmt":"2025-09-18T05:30:44","slug":"casio-mtp-1314d-7av","status":"publish","type":"product","link":"https:\/\/r-mboutique.com\/index.php\/product\/casio-mtp-1314d-7av\/","title":{"rendered":"Casio MTP-1314D-7AV"},"content":{"rendered":"<p><span style=\"margin: 0px;padding: 0px;border: 0px;font-family: Poppins, sans-serif;font-style: normal;font-weight: normal;line-height: inherit;font-size: 12px;vertical-align: baseline;text-align: start;text-indent: 0px;text-transform: none;text-decoration: none;letter-spacing: 0.800000011920929px;float: none\">Montre Homme \u2013 Dimensions (HxLxD):&nbsp;<\/span><span style=\"margin: 0px;padding: 0px;border: 0px;font-family: Poppins, sans-serif;font-style: normal;font-weight: normal;line-height: inherit;font-size: 12px;vertical-align: baseline;text-align: start;text-indent: 0px;text-transform: none;text-decoration: none;letter-spacing: 0.800000011920929px\"><span style=\"margin: 0px;padding: 0px;border: 0px;font-family: inherit;font-style: inherit;font-weight: inherit;line-height: inherit;font-size: 12px;vertical-align: baseline\">50 x 44.9 x 9.4 mm<\/span><\/span><span style=\"margin: 0px;padding: 0px;border: 0px;font-family: Poppins, sans-serif;font-style: normal;font-weight: normal;line-height: inherit;font-size: 12px;vertical-align: baseline;text-align: start;text-indent: 0px;text-transform: none;text-decoration: none;letter-spacing: 0.800000011920929px\"><span class=\"Apple-converted-space\" style=\"margin: 0px;padding: 0px;border: 0px;font-family: inherit;font-style: inherit;font-weight: inherit;line-height: inherit;font-size: 12px;vertical-align: baseline\">&nbsp;<\/span><\/span><span style=\"margin: 0px;padding: 0px;border: 0px;font-family: Poppins, sans-serif;font-style: normal;font-weight: normal;line-height: inherit;font-size: 12px;vertical-align: baseline;text-align: start;text-indent: 0px;text-transform: none;text-decoration: none;letter-spacing: 0.800000011920929px\">\u2013 Affichage de la date<\/span><span style=\"margin: 0px;padding: 0px;border: 0px;font-family: Poppins, sans-serif;font-style: normal;font-weight: normal;line-height: inherit;font-size: 12px;vertical-align: baseline;text-align: start;text-indent: 0px;text-transform: none;text-decoration: none;letter-spacing: 0.800000011920929px;float: none\">&nbsp;\u2013<\/span><span style=\"margin: 0px;padding: 0px;border: 0px;font-family: Poppins, sans-serif;font-style: normal;font-weight: normal;line-height: inherit;font-size: 12px;vertical-align: baseline;text-align: start;text-indent: 0px;text-transform: none;text-decoration: none;letter-spacing: 0.800000011920929px;float: none\"><span class=\"Apple-converted-space\" style=\"margin: 0px;padding: 0px;border: 0px;font-family: inherit;font-style: inherit;font-weight: inherit;line-height: inherit;font-size: 12px;vertical-align: baseline\">&nbsp;<\/span><\/span><span style=\"margin: 0px;padding: 0px;border: 0px;font-family: Poppins, sans-serif;font-style: normal;font-weight: normal;line-height: inherit;font-size: 12px;vertical-align: baseline;text-align: start;text-indent: 0px;text-transform: none;text-decoration: none;letter-spacing: 0.800000011920929px\"><span style=\"margin: 0px;padding: 0px;border: 0px;font-family: inherit;font-style: inherit;font-weight: inherit;line-height: inherit;font-size: 12px;vertical-align: baseline\">Pile dur\u00e9 de vie:&nbsp;<\/span><\/span><span style=\"margin: 0px;padding: 0px;border: 0px;font-family: Poppins, sans-serif;font-style: normal;font-weight: normal;line-height: inherit;font-size: 12px;vertical-align: baseline;text-align: start;text-indent: 0px;text-transform: none;text-decoration: none;letter-spacing: 0.800000011920929px\"><span style=\"margin: 0px;padding: 0px;border: 0px;font-family: inherit;font-style: inherit;font-weight: inherit;line-height: inherit;font-size: 12px;vertical-align: baseline\">3 Ans \u2013 R\u00e9sistance \u00e0 l\u2019eau de 50 m\u00e8tres \u2013<\/span><\/span><span style=\"margin: 0px;padding: 0px;border: 0px;font-family: Poppins, sans-serif;font-style: normal;font-weight: normal;line-height: inherit;font-size: 12px;vertical-align: baseline;text-align: start;text-indent: 0px;text-transform: none;text-decoration: none;letter-spacing: 0.800000011920929px\"><span style=\"margin: 0px;padding: 0px;border: 0px;font-family: inherit;font-style: inherit;font-weight: inherit;line-height: inherit;font-size: 12px;vertical-align: baseline\">&nbsp;<\/span><\/span><span style=\"margin: 0px;padding: 0px;border: 0px;font-family: Poppins, sans-serif;font-style: normal;font-weight: normal;line-height: inherit;font-size: 12px;vertical-align: baseline;text-align: start;text-indent: 0px;text-transform: none;text-decoration: none;letter-spacing: 0.800000011920929px\"><span style=\"margin: 0px;padding: 0px;border: 0px;font-family: inherit;font-style: inherit;font-weight: inherit;line-height: inherit;font-size: 12px;vertical-align: baseline\">Bo\u00eetier en laiton<\/span><\/span><span style=\"margin: 0px;padding: 0px;border: 0px;font-family: Poppins, sans-serif;font-style: normal;font-weight: normal;line-height: inherit;font-size: 12px;vertical-align: baseline;text-align: start;text-indent: 0px;text-transform: none;text-decoration: none;letter-spacing: 0.800000011920929px\"><span style=\"margin: 0px;padding: 0px;border: 0px;font-family: inherit;font-style: inherit;font-weight: inherit;line-height: inherit;font-size: 12px;vertical-align: baseline\"><span class=\"Apple-converted-space\" style=\"margin: 0px;padding: 0px;border: 0px;font-family: inherit;font-style: inherit;font-weight: inherit;line-height: inherit;font-size: 12px;vertical-align: baseline\">&nbsp;<\/span><\/span><\/span><span style=\"margin: 0px;padding: 0px;border: 0px;font-family: Poppins, sans-serif;font-style: normal;font-weight: normal;line-height: inherit;font-size: 12px;vertical-align: baseline;text-align: start;text-indent: 0px;text-transform: none;text-decoration: none;letter-spacing: 0.800000011920929px\"><span style=\"margin: 0px;padding: 0px;border: 0px;font-family: inherit;font-style: inherit;font-weight: inherit;line-height: inherit;font-size: 12px;vertical-align: baseline\">\u2013 Bracelet en&nbsp;<\/span><\/span><span style=\"margin: 0px;padding: 0px;border: 0px;font-family: Poppins, sans-serif;font-style: normal;font-weight: normal;line-height: inherit;font-size: 12px;vertical-align: baseline;text-align: start;text-indent: 0px;text-transform: none;text-decoration: none;letter-spacing: 0.800000011920929px\"><span style=\"margin: 0px;padding: 0px;border: 0px;font-family: inherit;font-style: inherit;font-weight: inherit;line-height: inherit;font-size: 12px;vertical-align: baseline\">Acier inoxydable \u2013&nbsp;<\/span><\/span><span style=\"margin: 0px;padding: 0px;border: 0px;font-family: Poppins, sans-serif;font-style: normal;font-weight: normal;line-height: inherit;font-size: 12px;vertical-align: baseline;text-align: start;text-indent: 0px;text-transform: none;text-decoration: none;letter-spacing: 0.800000011920929px\"><span style=\"margin: 0px;padding: 0px;border: 0px;font-family: inherit;font-style: inherit;font-weight: inherit;line-height: inherit;font-size: 12px;vertical-align: baseline\">Verre min\u00e9ral \u2013&nbsp;<\/span><\/span><span style=\"margin: 0px;padding: 0px;border: 0px;font-family: Poppins, sans-serif;font-style: normal;font-weight: normal;line-height: inherit;font-size: 12px;vertical-align: baseline;text-align: start;text-indent: 0px;text-transform: none;text-decoration: none;letter-spacing: 0.800000011920929px\"><span style=\"margin: 0px;padding: 0px;border: 0px;font-family: inherit;font-style: inherit;font-weight: inherit;line-height: inherit;font-size: 12px;vertical-align: baseline\">Fermoir \u00e0 cliquet<\/span><\/span><span style=\"margin: 0px;padding: 0px;border: 0px;font-family: Poppins, sans-serif;font-style: normal;font-weight: normal;line-height: inherit;font-size: 12px;vertical-align: baseline;text-align: start;text-indent: 0px;text-transform: none;text-decoration: none;letter-spacing: 0.800000011920929px;float: none\">&nbsp;\u2013 Poids: 126 g<\/span><\/p>\n","protected":false},"excerpt":{"rendered":"<p>Montre Homme \u2013 Dimensions (HxLxD):&nbsp;50 x 44.9 x 9.4 mm&nbsp;\u2013 Affichage de la date&nbsp;\u2013&nbsp;Pile dur\u00e9 de vie:&nbsp;3 Ans \u2013 R\u00e9sistance<\/p>\n","protected":false},"featured_media":2374,"comment_status":"open","ping_status":"closed","template":"","meta":{"om_disable_all_campaigns":false},"product_cat":[37,46,26,28],"product_tag":[],"jetpack-related-posts":[{"id":2366,"url":"https:\/\/r-mboutique.com\/index.php\/product\/casio-mtp-1314d-1av\/","url_meta":{"origin":2376,"position":0},"title":"Casio MTP-1314D-1AV","author":"Ramzi Merabtine","date":"10\/31\/2021","format":false,"excerpt":"Montre Homme - Dimensions (HxLxD):\u00a050 x 44.9 x 9.4 mm\u00a0- Affichage de la date\u00a0-\u00a0Pile dur\u00e9 de vie:\u00a03 Ans - R\u00e9sistance \u00e0 l'eau de 50 m\u00e8tres -\u00a0Bo\u00eetier en laiton\u00a0- Bracelet en\u00a0Acier inoxydable -\u00a0Verre min\u00e9ral -\u00a0Fermoir \u00e0 cliquet\u00a0- Poids: 126 g","rel":"","context":"Article similaire","block_context":{"text":"Article similaire","link":""},"img":{"alt_text":"","src":"https:\/\/i0.wp.com\/r-mboutique.com\/wp-content\/uploads\/2021\/10\/img_3933.jpeg?fit=1200%2C1200&ssl=1&resize=350%2C200","width":350,"height":200,"srcset":"https:\/\/i0.wp.com\/r-mboutique.com\/wp-content\/uploads\/2021\/10\/img_3933.jpeg?fit=1200%2C1200&ssl=1&resize=350%2C200 1x, https:\/\/i0.wp.com\/r-mboutique.com\/wp-content\/uploads\/2021\/10\/img_3933.jpeg?fit=1200%2C1200&ssl=1&resize=525%2C300 1.5x, https:\/\/i0.wp.com\/r-mboutique.com\/wp-content\/uploads\/2021\/10\/img_3933.jpeg?fit=1200%2C1200&ssl=1&resize=700%2C400 2x, https:\/\/i0.wp.com\/r-mboutique.com\/wp-content\/uploads\/2021\/10\/img_3933.jpeg?fit=1200%2C1200&ssl=1&resize=1050%2C600 3x"},"classes":[]},{"id":2371,"url":"https:\/\/r-mboutique.com\/index.php\/product\/casio-mtp-1314d-2av\/","url_meta":{"origin":2376,"position":1},"title":"Casio MTP-1314D-2AV","author":"Ramzi Merabtine","date":"10\/31\/2021","format":false,"excerpt":"Montre Homme - Dimensions (HxLxD):\u00a050 x 44.9 x 9.4 mm\u00a0- Affichage de la date\u00a0-\u00a0Pile dur\u00e9 de vie:\u00a03 Ans - R\u00e9sistance \u00e0 l'eau de 50 m\u00e8tres -\u00a0Bo\u00eetier en laiton\u00a0- Bracelet en\u00a0Acier inoxydable -\u00a0Verre min\u00e9ral -\u00a0Fermoir \u00e0 cliquet\u00a0- Poids: 126 g","rel":"","context":"Article similaire","block_context":{"text":"Article similaire","link":""},"img":{"alt_text":"","src":"https:\/\/i0.wp.com\/r-mboutique.com\/wp-content\/uploads\/2021\/10\/img_3941.jpeg?fit=1200%2C1200&ssl=1&resize=350%2C200","width":350,"height":200,"srcset":"https:\/\/i0.wp.com\/r-mboutique.com\/wp-content\/uploads\/2021\/10\/img_3941.jpeg?fit=1200%2C1200&ssl=1&resize=350%2C200 1x, https:\/\/i0.wp.com\/r-mboutique.com\/wp-content\/uploads\/2021\/10\/img_3941.jpeg?fit=1200%2C1200&ssl=1&resize=525%2C300 1.5x, https:\/\/i0.wp.com\/r-mboutique.com\/wp-content\/uploads\/2021\/10\/img_3941.jpeg?fit=1200%2C1200&ssl=1&resize=700%2C400 2x, https:\/\/i0.wp.com\/r-mboutique.com\/wp-content\/uploads\/2021\/10\/img_3941.jpeg?fit=1200%2C1200&ssl=1&resize=1050%2C600 3x"},"classes":[]},{"id":2652,"url":"https:\/\/r-mboutique.com\/index.php\/product\/casio-mtp-1314l-7av\/","url_meta":{"origin":2376,"position":2},"title":"Casio MTP-1314L-7AV","author":"Ramzi Merabtine","date":"12\/01\/2021","format":false,"excerpt":"Sp\u00e9cifications Bo\u00eetier \/ lunette : Plaqu\u00e9 ionique Bracelet en cuir v\u00e9ritable Verre min\u00e9ral R\u00e9sistance \u00e0 l'eau de 50 m\u00e8tres Affichage de la date Comptabilisation r\u00e9guli\u00e8re du temps Analogique : 3 aiguilles (heure, minute, seconde) Pr\u00e9cision : \u00b120 secondes par mois Autonomie approximative de la batterie : 3 ans sur SR626SW","rel":"","context":"Article similaire","block_context":{"text":"Article similaire","link":""},"img":{"alt_text":"","src":"https:\/\/i0.wp.com\/r-mboutique.com\/wp-content\/uploads\/2021\/12\/61d54169-0d96-4976-b862-3d6b4cde51c5.jpeg?fit=1137%2C1137&ssl=1&resize=350%2C200","width":350,"height":200,"srcset":"https:\/\/i0.wp.com\/r-mboutique.com\/wp-content\/uploads\/2021\/12\/61d54169-0d96-4976-b862-3d6b4cde51c5.jpeg?fit=1137%2C1137&ssl=1&resize=350%2C200 1x, https:\/\/i0.wp.com\/r-mboutique.com\/wp-content\/uploads\/2021\/12\/61d54169-0d96-4976-b862-3d6b4cde51c5.jpeg?fit=1137%2C1137&ssl=1&resize=525%2C300 1.5x, https:\/\/i0.wp.com\/r-mboutique.com\/wp-content\/uploads\/2021\/12\/61d54169-0d96-4976-b862-3d6b4cde51c5.jpeg?fit=1137%2C1137&ssl=1&resize=700%2C400 2x, https:\/\/i0.wp.com\/r-mboutique.com\/wp-content\/uploads\/2021\/12\/61d54169-0d96-4976-b862-3d6b4cde51c5.jpeg?fit=1137%2C1137&ssl=1&resize=1050%2C600 3x"},"classes":[]},{"id":4516,"url":"https:\/\/r-mboutique.com\/index.php\/product\/casio-mtp-1374l-7av\/","url_meta":{"origin":2376,"position":3},"title":"Casio MTP-1374L-7AV","author":"Ramzi Merabtine","date":"03\/06\/2022","format":false,"excerpt":"Cette montre Casio \u00e0 un bo\u00eetier en acier inoxydable avec un diam\u00e8tre de 43,5mm et poss\u00e8de un bracelet en cuir. Le bo\u00eetier de la montre contient un mouvement et un cristal min\u00e9ral. La montre est \u00e9tanche \u00e0 5ATM. Cela signifie que la montre est \u00e9tanche pour la douche. La montre\u2026","rel":"","context":"Article similaire","block_context":{"text":"Article similaire","link":""},"img":{"alt_text":"","src":"https:\/\/i0.wp.com\/r-mboutique.com\/wp-content\/uploads\/2022\/03\/0b277dd5-d69f-457d-9227-6eeddbcf886e.jpeg?fit=1111%2C1111&ssl=1&resize=350%2C200","width":350,"height":200,"srcset":"https:\/\/i0.wp.com\/r-mboutique.com\/wp-content\/uploads\/2022\/03\/0b277dd5-d69f-457d-9227-6eeddbcf886e.jpeg?fit=1111%2C1111&ssl=1&resize=350%2C200 1x, https:\/\/i0.wp.com\/r-mboutique.com\/wp-content\/uploads\/2022\/03\/0b277dd5-d69f-457d-9227-6eeddbcf886e.jpeg?fit=1111%2C1111&ssl=1&resize=525%2C300 1.5x, https:\/\/i0.wp.com\/r-mboutique.com\/wp-content\/uploads\/2022\/03\/0b277dd5-d69f-457d-9227-6eeddbcf886e.jpeg?fit=1111%2C1111&ssl=1&resize=700%2C400 2x, https:\/\/i0.wp.com\/r-mboutique.com\/wp-content\/uploads\/2022\/03\/0b277dd5-d69f-457d-9227-6eeddbcf886e.jpeg?fit=1111%2C1111&ssl=1&resize=1050%2C600 3x"},"classes":[]},{"id":5069,"url":"https:\/\/r-mboutique.com\/index.php\/product\/casio-mtp-e500-7av\/","url_meta":{"origin":2376,"position":4},"title":"Casio MTP-E500-7AV","author":"Ramzi Merabtine","date":"03\/28\/2022","format":false,"excerpt":"Cette montre casio \u00e0 un bo\u00eetier en acier inoxydable avec un diam\u00e8tre de 44mm et poss\u00e8de un bracelet en silicone. Le bo\u00eetier de la montre contient un mouvement et un cristal min\u00e9ral. La montre est \u00e9tanche \u00e0 5ATM. Cela signifie que la montre est \u00e9tanche pour la douche. La montre\u2026","rel":"","context":"Article similaire","block_context":{"text":"Article similaire","link":""},"img":{"alt_text":"","src":"https:\/\/i0.wp.com\/r-mboutique.com\/wp-content\/uploads\/2022\/03\/6d20466b-97d8-423d-a9c6-834002709577.jpeg?fit=1200%2C1200&ssl=1&resize=350%2C200","width":350,"height":200,"srcset":"https:\/\/i0.wp.com\/r-mboutique.com\/wp-content\/uploads\/2022\/03\/6d20466b-97d8-423d-a9c6-834002709577.jpeg?fit=1200%2C1200&ssl=1&resize=350%2C200 1x, https:\/\/i0.wp.com\/r-mboutique.com\/wp-content\/uploads\/2022\/03\/6d20466b-97d8-423d-a9c6-834002709577.jpeg?fit=1200%2C1200&ssl=1&resize=525%2C300 1.5x, https:\/\/i0.wp.com\/r-mboutique.com\/wp-content\/uploads\/2022\/03\/6d20466b-97d8-423d-a9c6-834002709577.jpeg?fit=1200%2C1200&ssl=1&resize=700%2C400 2x, https:\/\/i0.wp.com\/r-mboutique.com\/wp-content\/uploads\/2022\/03\/6d20466b-97d8-423d-a9c6-834002709577.jpeg?fit=1200%2C1200&ssl=1&resize=1050%2C600 3x"},"classes":[]},{"id":7756,"url":"https:\/\/r-mboutique.com\/index.php\/product\/casio-mtp-1303d-7av\/","url_meta":{"origin":2376,"position":5},"title":"Casio MTP-1303D-7AV","author":"Ramzi Merabtine","date":"08\/29\/2023","format":false,"excerpt":"Cette montre\u00a0Casio\u00a0\u00e0 un bo\u00eetier en acier inoxydable avec un diam\u00e8tre de 40mm et poss\u00e8de un bracelet en\u00a0acier.Le bo\u00eetier de la montre contient un mouvement et un cristal min\u00e9ral. La montre est \u00e9tanche \u00e0 5ATM. Cela signifie que la montre est \u00e9tanche pour la douche.\u00a0 La montre est livr\u00e9e avec 1\u2026","rel":"","context":"Article similaire","block_context":{"text":"Article similaire","link":""},"img":{"alt_text":"","src":"https:\/\/i0.wp.com\/r-mboutique.com\/wp-content\/uploads\/2023\/08\/img_5807.jpeg?fit=1133%2C1133&ssl=1&resize=350%2C200","width":350,"height":200,"srcset":"https:\/\/i0.wp.com\/r-mboutique.com\/wp-content\/uploads\/2023\/08\/img_5807.jpeg?fit=1133%2C1133&ssl=1&resize=350%2C200 1x, https:\/\/i0.wp.com\/r-mboutique.com\/wp-content\/uploads\/2023\/08\/img_5807.jpeg?fit=1133%2C1133&ssl=1&resize=525%2C300 1.5x, https:\/\/i0.wp.com\/r-mboutique.com\/wp-content\/uploads\/2023\/08\/img_5807.jpeg?fit=1133%2C1133&ssl=1&resize=700%2C400 2x, https:\/\/i0.wp.com\/r-mboutique.com\/wp-content\/uploads\/2023\/08\/img_5807.jpeg?fit=1133%2C1133&ssl=1&resize=1050%2C600 3x"},"classes":[]}],"_links":{"self":[{"href":"https:\/\/r-mboutique.com\/index.php\/wp-json\/wp\/v2\/product\/2376"}],"collection":[{"href":"https:\/\/r-mboutique.com\/index.php\/wp-json\/wp\/v2\/product"}],"about":[{"href":"https:\/\/r-mboutique.com\/index.php\/wp-json\/wp\/v2\/types\/product"}],"replies":[{"embeddable":true,"href":"https:\/\/r-mboutique.com\/index.php\/wp-json\/wp\/v2\/comments?post=2376"}],"wp:featuredmedia":[{"embeddable":true,"href":"https:\/\/r-mboutique.com\/index.php\/wp-json\/wp\/v2\/media\/2374"}],"wp:attachment":[{"href":"https:\/\/r-mboutique.com\/index.php\/wp-json\/wp\/v2\/media?parent=2376"}],"wp:term":[{"taxonomy":"product_cat","embeddable":true,"href":"https:\/\/r-mboutique.com\/index.php\/wp-json\/wp\/v2\/product_cat?post=2376"},{"taxonomy":"product_tag","embeddable":true,"href":"https:\/\/r-mboutique.com\/index.php\/wp-json\/wp\/v2\/product_tag?post=2376"}],"curies":[{"name":"wp","href":"https:\/\/api.w.org\/{rel}","templated":true}]}}