{"id":2476,"date":"2021-11-15T19:44:09","date_gmt":"2021-11-15T18:44:09","guid":{"rendered":"https:\/\/r-mboutique.com\/index.php\/product\/boite-de-rangement-2\/"},"modified":"2026-01-24T09:53:31","modified_gmt":"2026-01-24T08:53:31","slug":"boite-de-rangement-2","status":"publish","type":"product","link":"https:\/\/r-mboutique.com\/index.php\/product\/boite-de-rangement-2\/","title":{"rendered":"Bo\u00eete de Rangement"},"content":{"rendered":"<p>Coffret de rangement en similicuir<\/p>\n<p>Longueur de la bo\u00eete : 32 cm<\/p>\n<p>Largeur de la bo\u00eete : 20 cm<\/p>\n","protected":false},"excerpt":{"rendered":"<p>Coffret de rangement en similicuir Longueur de la bo\u00eete : 32 cm Largeur de la bo\u00eete : 20 cm<\/p>\n","protected":false},"featured_media":2474,"comment_status":"open","ping_status":"closed","template":"","meta":{"om_disable_all_campaigns":false},"product_cat":[29],"product_tag":[],"jetpack-related-posts":[{"id":2471,"url":"https:\/\/r-mboutique.com\/index.php\/product\/boite-de-rangement\/","url_meta":{"origin":2476,"position":0},"title":"Bo\u00eete de Rangement","author":"Ramzi Merabtine","date":"11\/15\/2021","format":false,"excerpt":"Coffret de rangement en similicuir Longueur de la bo\u00eete : 32 cm Largeur de la bo\u00eete : 11 cm","rel":"","context":"Article similaire","block_context":{"text":"Article similaire","link":""},"img":{"alt_text":"","src":"https:\/\/i0.wp.com\/r-mboutique.com\/wp-content\/uploads\/2021\/11\/img_4136.jpeg?fit=500%2C500&ssl=1&resize=350%2C200","width":350,"height":200},"classes":[]},{"id":1843,"url":"https:\/\/r-mboutique.com\/index.php\/product\/viceroy-40151-57\/","url_meta":{"origin":2476,"position":1},"title":"Viceroy 40151-57","author":"Ramzi Merabtine","date":"09\/08\/2020","format":false,"excerpt":"401051-57 collection de montres homme Viceroy Antonio Banderas design sph\u00e8re en acier IP transparente. Man. Bo\u00eetier: acier inoxydable. Bracelet: Acier inoxydable. Mouvement: Quartz. Crystal: Mineral. Diam\u00e8tre du bo\u00eetier (mm): 41. Bo\u00eete Epaisseur: Largeur 11. Bracelet (mm)","rel":"","context":"Article similaire","block_context":{"text":"Article similaire","link":""},"img":{"alt_text":"","src":"https:\/\/i0.wp.com\/r-mboutique.com\/wp-content\/uploads\/2020\/09\/viceroy-401051-5701.jpg?fit=735%2C735&ssl=1&resize=350%2C200","width":350,"height":200,"srcset":"https:\/\/i0.wp.com\/r-mboutique.com\/wp-content\/uploads\/2020\/09\/viceroy-401051-5701.jpg?fit=735%2C735&ssl=1&resize=350%2C200 1x, https:\/\/i0.wp.com\/r-mboutique.com\/wp-content\/uploads\/2020\/09\/viceroy-401051-5701.jpg?fit=735%2C735&ssl=1&resize=525%2C300 1.5x, https:\/\/i0.wp.com\/r-mboutique.com\/wp-content\/uploads\/2020\/09\/viceroy-401051-5701.jpg?fit=735%2C735&ssl=1&resize=700%2C400 2x"},"classes":[]},{"id":2288,"url":"https:\/\/r-mboutique.com\/index.php\/product\/bracelets-a-strass-de-zirconium\/","url_meta":{"origin":2476,"position":2},"title":"Bracelets a\u0300 Strass de Zirconium","author":"Ramzi Merabtine","date":"10\/11\/2021","format":false,"excerpt":"Bracelets a\u0300 Strass de Zirconium pour embellir vos poignets \u2728 Longueur : 17 Cm Composition : acier inoxydable","rel":"","context":"Article similaire","block_context":{"text":"Article similaire","link":""},"img":{"alt_text":"","src":"https:\/\/i0.wp.com\/r-mboutique.com\/wp-content\/uploads\/2021\/10\/img_3614.jpeg?fit=1200%2C1200&ssl=1&resize=350%2C200","width":350,"height":200,"srcset":"https:\/\/i0.wp.com\/r-mboutique.com\/wp-content\/uploads\/2021\/10\/img_3614.jpeg?fit=1200%2C1200&ssl=1&resize=350%2C200 1x, https:\/\/i0.wp.com\/r-mboutique.com\/wp-content\/uploads\/2021\/10\/img_3614.jpeg?fit=1200%2C1200&ssl=1&resize=525%2C300 1.5x, https:\/\/i0.wp.com\/r-mboutique.com\/wp-content\/uploads\/2021\/10\/img_3614.jpeg?fit=1200%2C1200&ssl=1&resize=700%2C400 2x, https:\/\/i0.wp.com\/r-mboutique.com\/wp-content\/uploads\/2021\/10\/img_3614.jpeg?fit=1200%2C1200&ssl=1&resize=1050%2C600 3x"},"classes":[]},{"id":2282,"url":"https:\/\/r-mboutique.com\/index.php\/product\/bracelets-a-stass-de-zirconium\/","url_meta":{"origin":2476,"position":3},"title":"Bracelets a\u0300 Strass de Zirconium","author":"Ramzi Merabtine","date":"10\/11\/2021","format":false,"excerpt":"Les bracelets a\u0300 Stass de Zirconium pour embellir vos poignets \u2728\u2764\ufe0f Longueur : 17 Cm Composition : acier inoxydable","rel":"","context":"Article similaire","block_context":{"text":"Article similaire","link":""},"img":{"alt_text":"","src":"https:\/\/i0.wp.com\/r-mboutique.com\/wp-content\/uploads\/2021\/10\/img_3617.jpeg?fit=1200%2C1200&ssl=1&resize=350%2C200","width":350,"height":200,"srcset":"https:\/\/i0.wp.com\/r-mboutique.com\/wp-content\/uploads\/2021\/10\/img_3617.jpeg?fit=1200%2C1200&ssl=1&resize=350%2C200 1x, https:\/\/i0.wp.com\/r-mboutique.com\/wp-content\/uploads\/2021\/10\/img_3617.jpeg?fit=1200%2C1200&ssl=1&resize=525%2C300 1.5x, https:\/\/i0.wp.com\/r-mboutique.com\/wp-content\/uploads\/2021\/10\/img_3617.jpeg?fit=1200%2C1200&ssl=1&resize=700%2C400 2x, https:\/\/i0.wp.com\/r-mboutique.com\/wp-content\/uploads\/2021\/10\/img_3617.jpeg?fit=1200%2C1200&ssl=1&resize=1050%2C600 3x"},"classes":[]},{"id":2290,"url":"https:\/\/r-mboutique.com\/index.php\/product\/bracelets-a-strass-de-zirconium-2\/","url_meta":{"origin":2476,"position":4},"title":"Bracelets a\u0300 Strass de Zirconium","author":"Ramzi Merabtine","date":"10\/11\/2021","format":false,"excerpt":"Bracelets a\u0300 Strass de Zirconium pour embellir vos poignets \u2728 Longueur : 17 Cm Composition : acier inoxydable","rel":"","context":"Article similaire","block_context":{"text":"Article similaire","link":""},"img":{"alt_text":"","src":"https:\/\/i0.wp.com\/r-mboutique.com\/wp-content\/uploads\/2021\/10\/img_3592.jpeg?fit=1200%2C1200&ssl=1&resize=350%2C200","width":350,"height":200,"srcset":"https:\/\/i0.wp.com\/r-mboutique.com\/wp-content\/uploads\/2021\/10\/img_3592.jpeg?fit=1200%2C1200&ssl=1&resize=350%2C200 1x, https:\/\/i0.wp.com\/r-mboutique.com\/wp-content\/uploads\/2021\/10\/img_3592.jpeg?fit=1200%2C1200&ssl=1&resize=525%2C300 1.5x, https:\/\/i0.wp.com\/r-mboutique.com\/wp-content\/uploads\/2021\/10\/img_3592.jpeg?fit=1200%2C1200&ssl=1&resize=700%2C400 2x, https:\/\/i0.wp.com\/r-mboutique.com\/wp-content\/uploads\/2021\/10\/img_3592.jpeg?fit=1200%2C1200&ssl=1&resize=1050%2C600 3x"},"classes":[]},{"id":2292,"url":"https:\/\/r-mboutique.com\/index.php\/product\/bracelets-a-strass-de-zirconium-3\/","url_meta":{"origin":2476,"position":5},"title":"Bracelets a\u0300 Strass de Zirconium","author":"Ramzi Merabtine","date":"10\/11\/2021","format":false,"excerpt":"Bracelets a\u0300 Strass de Zirconium pour embellir vos poignets \u2728 Longueur : 17 Cm Composition : acier inoxydable","rel":"","context":"Article similaire","block_context":{"text":"Article similaire","link":""},"img":{"alt_text":"","src":"https:\/\/i0.wp.com\/r-mboutique.com\/wp-content\/uploads\/2021\/10\/img_3608.jpeg?fit=1200%2C1200&ssl=1&resize=350%2C200","width":350,"height":200,"srcset":"https:\/\/i0.wp.com\/r-mboutique.com\/wp-content\/uploads\/2021\/10\/img_3608.jpeg?fit=1200%2C1200&ssl=1&resize=350%2C200 1x, https:\/\/i0.wp.com\/r-mboutique.com\/wp-content\/uploads\/2021\/10\/img_3608.jpeg?fit=1200%2C1200&ssl=1&resize=525%2C300 1.5x, https:\/\/i0.wp.com\/r-mboutique.com\/wp-content\/uploads\/2021\/10\/img_3608.jpeg?fit=1200%2C1200&ssl=1&resize=700%2C400 2x, https:\/\/i0.wp.com\/r-mboutique.com\/wp-content\/uploads\/2021\/10\/img_3608.jpeg?fit=1200%2C1200&ssl=1&resize=1050%2C600 3x"},"classes":[]}],"_links":{"self":[{"href":"https:\/\/r-mboutique.com\/index.php\/wp-json\/wp\/v2\/product\/2476"}],"collection":[{"href":"https:\/\/r-mboutique.com\/index.php\/wp-json\/wp\/v2\/product"}],"about":[{"href":"https:\/\/r-mboutique.com\/index.php\/wp-json\/wp\/v2\/types\/product"}],"replies":[{"embeddable":true,"href":"https:\/\/r-mboutique.com\/index.php\/wp-json\/wp\/v2\/comments?post=2476"}],"wp:featuredmedia":[{"embeddable":true,"href":"https:\/\/r-mboutique.com\/index.php\/wp-json\/wp\/v2\/media\/2474"}],"wp:attachment":[{"href":"https:\/\/r-mboutique.com\/index.php\/wp-json\/wp\/v2\/media?parent=2476"}],"wp:term":[{"taxonomy":"product_cat","embeddable":true,"href":"https:\/\/r-mboutique.com\/index.php\/wp-json\/wp\/v2\/product_cat?post=2476"},{"taxonomy":"product_tag","embeddable":true,"href":"https:\/\/r-mboutique.com\/index.php\/wp-json\/wp\/v2\/product_tag?post=2476"}],"curies":[{"name":"wp","href":"https:\/\/api.w.org\/{rel}","templated":true}]}}