{"id":2652,"date":"2021-12-01T21:10:58","date_gmt":"2021-12-01T20:10:58","guid":{"rendered":"https:\/\/r-mboutique.com\/index.php\/product\/casio-mtp-1314l-7av\/"},"modified":"2025-09-18T06:30:41","modified_gmt":"2025-09-18T05:30:41","slug":"casio-mtp-1314l-7av","status":"publish","type":"product","link":"https:\/\/r-mboutique.com\/index.php\/product\/casio-mtp-1314l-7av\/","title":{"rendered":"Casio MTP-1314L-7AV"},"content":{"rendered":"<p>Sp\u00e9cifications<\/p>\n<p>Bo\u00eetier \/ lunette : Plaqu\u00e9 ionique<\/p>\n<p>Bracelet en cuir v\u00e9ritable<\/p>\n<p>Verre min\u00e9ral<\/p>\n<p>R\u00e9sistance \u00e0 l&#8217;eau de 50 m\u00e8tres<\/p>\n<p>Affichage de la date<\/p>\n<p>Comptabilisation r\u00e9guli\u00e8re du temps<\/p>\n<p>Analogique : 3 aiguilles (heure, minute, seconde)<\/p>\n<p>Pr\u00e9cision : \u00b120 secondes par mois<\/p>\n<p>Autonomie approximative de la batterie : 3 ans sur SR626SW<\/p>\n","protected":false},"excerpt":{"rendered":"<p>Sp\u00e9cifications Bo\u00eetier \/ lunette : Plaqu\u00e9 ionique Bracelet en cuir v\u00e9ritable Verre min\u00e9ral R\u00e9sistance \u00e0 l&#8217;eau de 50 m\u00e8tres Affichage<\/p>\n","protected":false},"featured_media":2650,"comment_status":"open","ping_status":"closed","template":"","meta":{"om_disable_all_campaigns":false},"product_cat":[37,46,26,28],"product_tag":[],"jetpack-related-posts":[{"id":7769,"url":"https:\/\/r-mboutique.com\/index.php\/product\/casio-lws-2200h-4av\/","url_meta":{"origin":2652,"position":0},"title":"Casio LWS-2200H-4AV","author":"Ramzi Merabtine","date":"08\/29\/2023","format":false,"excerpt":"Restez en phase et sur la bonne voie avec fonctionnalit\u00e9 et style. Prenez le contr\u00f4le avec le soutien dont vous avez besoin pour rester en bonne sant\u00e9 et g\u00e9rer votre exercice. Le tracker de pas compte automatiquement les pas d\u00e8s que vous commencez \u00e0 bouger, gr\u00e2ce \u00e0 l'acc\u00e9l\u00e9rom\u00e8tre \u00e0 3\u2026","rel":"","context":"Article similaire","block_context":{"text":"Article similaire","link":""},"img":{"alt_text":"","src":"https:\/\/i0.wp.com\/r-mboutique.com\/wp-content\/uploads\/2023\/08\/img_5821.jpeg?fit=1134%2C1134&ssl=1&resize=350%2C200","width":350,"height":200,"srcset":"https:\/\/i0.wp.com\/r-mboutique.com\/wp-content\/uploads\/2023\/08\/img_5821.jpeg?fit=1134%2C1134&ssl=1&resize=350%2C200 1x, https:\/\/i0.wp.com\/r-mboutique.com\/wp-content\/uploads\/2023\/08\/img_5821.jpeg?fit=1134%2C1134&ssl=1&resize=525%2C300 1.5x, https:\/\/i0.wp.com\/r-mboutique.com\/wp-content\/uploads\/2023\/08\/img_5821.jpeg?fit=1134%2C1134&ssl=1&resize=700%2C400 2x, https:\/\/i0.wp.com\/r-mboutique.com\/wp-content\/uploads\/2023\/08\/img_5821.jpeg?fit=1134%2C1134&ssl=1&resize=1050%2C600 3x"},"classes":[]},{"id":7773,"url":"https:\/\/r-mboutique.com\/index.php\/product\/casio-lws-2200h-8av\/","url_meta":{"origin":2652,"position":1},"title":"Casio LWS-2200H-8AV","author":"Ramzi Merabtine","date":"08\/29\/2023","format":false,"excerpt":"Restez en phase et sur la bonne voie avec fonctionnalit\u00e9 et style. Prenez le contr\u00f4le avec le soutien dont vous avez besoin pour rester en bonne sant\u00e9 et g\u00e9rer votre exercice. Le tracker de pas compte automatiquement les pas d\u00e8s que vous commencez \u00e0 bouger, gr\u00e2ce \u00e0 l\u2019acc\u00e9l\u00e9rom\u00e8tre \u00e0 3\u2026","rel":"","context":"Article similaire","block_context":{"text":"Article similaire","link":""},"img":{"alt_text":"","src":"https:\/\/i0.wp.com\/r-mboutique.com\/wp-content\/uploads\/2023\/08\/img_5822.jpeg?fit=1161%2C1161&ssl=1&resize=350%2C200","width":350,"height":200,"srcset":"https:\/\/i0.wp.com\/r-mboutique.com\/wp-content\/uploads\/2023\/08\/img_5822.jpeg?fit=1161%2C1161&ssl=1&resize=350%2C200 1x, https:\/\/i0.wp.com\/r-mboutique.com\/wp-content\/uploads\/2023\/08\/img_5822.jpeg?fit=1161%2C1161&ssl=1&resize=525%2C300 1.5x, https:\/\/i0.wp.com\/r-mboutique.com\/wp-content\/uploads\/2023\/08\/img_5822.jpeg?fit=1161%2C1161&ssl=1&resize=700%2C400 2x, https:\/\/i0.wp.com\/r-mboutique.com\/wp-content\/uploads\/2023\/08\/img_5822.jpeg?fit=1161%2C1161&ssl=1&resize=1050%2C600 3x"},"classes":[]},{"id":2314,"url":"https:\/\/r-mboutique.com\/index.php\/product\/casio-ltp-1314d-1avdf\/","url_meta":{"origin":2652,"position":2},"title":"Casio LTP-1314D-1AVDF","author":"Ramzi Merabtine","date":"10\/12\/2021","format":false,"excerpt":"Bo\u00eetier en acier inoxydable Bracelet en acier inoxydable Mouvement \u00e0 quartz Verre min\u00e9ral Cadran noir Affichage de la date \u00e0 3 heures Grands chiffres arabes faciles \u00e0 lire Comptabilisation r\u00e9guli\u00e8re du temps Analogique : 3 mains (heure, minute, seconde) Pr\u00e9cision : \u00b120 secondes par mois Fermoir triple pliable R\u00e9sistance \u00e0\u2026","rel":"","context":"Article similaire","block_context":{"text":"Article similaire","link":""},"img":{"alt_text":"","src":"https:\/\/i0.wp.com\/r-mboutique.com\/wp-content\/uploads\/2021\/10\/img_3641.jpeg?fit=1200%2C1200&ssl=1&resize=350%2C200","width":350,"height":200,"srcset":"https:\/\/i0.wp.com\/r-mboutique.com\/wp-content\/uploads\/2021\/10\/img_3641.jpeg?fit=1200%2C1200&ssl=1&resize=350%2C200 1x, https:\/\/i0.wp.com\/r-mboutique.com\/wp-content\/uploads\/2021\/10\/img_3641.jpeg?fit=1200%2C1200&ssl=1&resize=525%2C300 1.5x, https:\/\/i0.wp.com\/r-mboutique.com\/wp-content\/uploads\/2021\/10\/img_3641.jpeg?fit=1200%2C1200&ssl=1&resize=700%2C400 2x, https:\/\/i0.wp.com\/r-mboutique.com\/wp-content\/uploads\/2021\/10\/img_3641.jpeg?fit=1200%2C1200&ssl=1&resize=1050%2C600 3x"},"classes":[]},{"id":2320,"url":"https:\/\/r-mboutique.com\/index.php\/product\/casio-ltp-1183q-9adf\/","url_meta":{"origin":2652,"position":3},"title":"Casio LTP-1183Q-9ADF","author":"Ramzi Merabtine","date":"10\/12\/2021","format":false,"excerpt":"Cette montre dispose d'un superbe bo\u00eetier dor\u00e9 ainsi que d'un cadran dor\u00e9 associ\u00e9 \u00e0 un bracelet en cuir de haute qualit\u00e9, ce qui la rend id\u00e9ale pour toute tenue sans compromis. Bracelet en cuir v\u00e9ritable Verre min\u00e9ral R\u00e9sistant \u00e0 l'eau Affichage de la date Comptabilisation r\u00e9guli\u00e8re du temps Analogique :\u2026","rel":"","context":"Article similaire","block_context":{"text":"Article similaire","link":""},"img":{"alt_text":"","src":"https:\/\/i0.wp.com\/r-mboutique.com\/wp-content\/uploads\/2021\/10\/img_3655.jpeg?fit=1200%2C1200&ssl=1&resize=350%2C200","width":350,"height":200,"srcset":"https:\/\/i0.wp.com\/r-mboutique.com\/wp-content\/uploads\/2021\/10\/img_3655.jpeg?fit=1200%2C1200&ssl=1&resize=350%2C200 1x, https:\/\/i0.wp.com\/r-mboutique.com\/wp-content\/uploads\/2021\/10\/img_3655.jpeg?fit=1200%2C1200&ssl=1&resize=525%2C300 1.5x, https:\/\/i0.wp.com\/r-mboutique.com\/wp-content\/uploads\/2021\/10\/img_3655.jpeg?fit=1200%2C1200&ssl=1&resize=700%2C400 2x, https:\/\/i0.wp.com\/r-mboutique.com\/wp-content\/uploads\/2021\/10\/img_3655.jpeg?fit=1200%2C1200&ssl=1&resize=1050%2C600 3x"},"classes":[]},{"id":5779,"url":"https:\/\/r-mboutique.com\/index.php\/product\/casio-ltp-v002l-2b3\/","url_meta":{"origin":2652,"position":4},"title":"Casio LTP-V002L-2B3","author":"Ramzi Merabtine","date":"06\/10\/2022","format":false,"excerpt":"Caract\u00e9ristiques Taille du bo\u00eetier (L \u00d7 W \u00d7 H) : 31 \u00d7 25 \u00d7 9,2 mm Poids : 24 g Bracelet en cuir R\u00e9sistant \u00e0 l'eau Alimentation \u00e9lectrique et dur\u00e9e de vie de la batterie Dur\u00e9e de vie approximative de la batterie : 3 ans sur SR626SW Ext\u00e9rieur Verre min\u00e9ral\u2026","rel":"","context":"Article similaire","block_context":{"text":"Article similaire","link":""},"img":{"alt_text":"","src":"https:\/\/i0.wp.com\/r-mboutique.com\/wp-content\/uploads\/2022\/06\/img_9697.jpeg?fit=671%2C671&ssl=1&resize=350%2C200","width":350,"height":200,"srcset":"https:\/\/i0.wp.com\/r-mboutique.com\/wp-content\/uploads\/2022\/06\/img_9697.jpeg?fit=671%2C671&ssl=1&resize=350%2C200 1x, https:\/\/i0.wp.com\/r-mboutique.com\/wp-content\/uploads\/2022\/06\/img_9697.jpeg?fit=671%2C671&ssl=1&resize=525%2C300 1.5x"},"classes":[]},{"id":8272,"url":"https:\/\/r-mboutique.com\/index.php\/product\/casio-ltp-v005gl-9a\/","url_meta":{"origin":2652,"position":5},"title":"Casio LTP-V005GL-9A","author":"Ramzi Merabtine","date":"01\/04\/2024","format":false,"excerpt":"Description Informations de base Taille du bo\u00eetier (L \u00d7 L \u00d7 H): 34 \u00d7 28,2 \u00d7 7,5 mm Poids : 52g Mat\u00e9riau du bo\u00eetier et de la lunette Bande en cuir Fermoir a boucle R\u00e9sistant \u00e0 l\u2019eau Alimentation et autonomie de la batterie Environ. Autonomie de la batterie : 3\u2026","rel":"","context":"Avec 1 commentaire","block_context":{"text":"Avec 1 commentaire","link":"https:\/\/r-mboutique.com\/index.php\/product\/casio-ltp-v005gl-9a\/#comments"},"img":{"alt_text":"","src":"https:\/\/i0.wp.com\/r-mboutique.com\/wp-content\/uploads\/2024\/01\/7aa9998b-7c85-4910-9e93-a5b92aa419ca.jpeg?fit=1200%2C1200&ssl=1&resize=350%2C200","width":350,"height":200,"srcset":"https:\/\/i0.wp.com\/r-mboutique.com\/wp-content\/uploads\/2024\/01\/7aa9998b-7c85-4910-9e93-a5b92aa419ca.jpeg?fit=1200%2C1200&ssl=1&resize=350%2C200 1x, https:\/\/i0.wp.com\/r-mboutique.com\/wp-content\/uploads\/2024\/01\/7aa9998b-7c85-4910-9e93-a5b92aa419ca.jpeg?fit=1200%2C1200&ssl=1&resize=525%2C300 1.5x, https:\/\/i0.wp.com\/r-mboutique.com\/wp-content\/uploads\/2024\/01\/7aa9998b-7c85-4910-9e93-a5b92aa419ca.jpeg?fit=1200%2C1200&ssl=1&resize=700%2C400 2x, https:\/\/i0.wp.com\/r-mboutique.com\/wp-content\/uploads\/2024\/01\/7aa9998b-7c85-4910-9e93-a5b92aa419ca.jpeg?fit=1200%2C1200&ssl=1&resize=1050%2C600 3x"},"classes":[]}],"_links":{"self":[{"href":"https:\/\/r-mboutique.com\/index.php\/wp-json\/wp\/v2\/product\/2652"}],"collection":[{"href":"https:\/\/r-mboutique.com\/index.php\/wp-json\/wp\/v2\/product"}],"about":[{"href":"https:\/\/r-mboutique.com\/index.php\/wp-json\/wp\/v2\/types\/product"}],"replies":[{"embeddable":true,"href":"https:\/\/r-mboutique.com\/index.php\/wp-json\/wp\/v2\/comments?post=2652"}],"wp:featuredmedia":[{"embeddable":true,"href":"https:\/\/r-mboutique.com\/index.php\/wp-json\/wp\/v2\/media\/2650"}],"wp:attachment":[{"href":"https:\/\/r-mboutique.com\/index.php\/wp-json\/wp\/v2\/media?parent=2652"}],"wp:term":[{"taxonomy":"product_cat","embeddable":true,"href":"https:\/\/r-mboutique.com\/index.php\/wp-json\/wp\/v2\/product_cat?post=2652"},{"taxonomy":"product_tag","embeddable":true,"href":"https:\/\/r-mboutique.com\/index.php\/wp-json\/wp\/v2\/product_tag?post=2652"}],"curies":[{"name":"wp","href":"https:\/\/api.w.org\/{rel}","templated":true}]}}