{"id":3896,"date":"2022-01-20T09:50:09","date_gmt":"2022-01-20T08:50:09","guid":{"rendered":"https:\/\/r-mboutique.com\/index.php\/product\/guess-soho-w0638l4\/"},"modified":"2025-09-18T06:38:17","modified_gmt":"2025-09-18T05:38:17","slug":"guess-soho-w0638l4","status":"publish","type":"product","link":"https:\/\/r-mboutique.com\/index.php\/product\/guess-soho-w0638l4\/","title":{"rendered":"Guess Soho W0638L4"},"content":{"rendered":"<p><span>Cette montre Guess \u00e0 un bo\u00eetier en acier inoxydable en or rose avec un diam\u00e8tre de 37mm et poss\u00e8de un bracelet en m\u00e9tal. Le bo\u00eetier de la montre contient un mouvement et un cristal min\u00e9ral.<\/span><\/p>\n<p><span>La montre est \u00e9tanche \u00e0 3ATM. Cela signifie que la montre est \u00e9tanche \u00e0 des \u00e9claboussures. La montre est livr\u00e9e avec 2 ann\u00e9es de garantie<\/span><\/p>\n","protected":false},"excerpt":{"rendered":"<p>Cette montre Guess \u00e0 un bo\u00eetier en acier inoxydable en or rose avec un diam\u00e8tre de 37mm et poss\u00e8de un<\/p>\n","protected":false},"featured_media":3894,"comment_status":"open","ping_status":"closed","template":"","meta":{"om_disable_all_campaigns":false},"product_cat":[44,26,30],"product_tag":[],"jetpack-related-posts":[{"id":4400,"url":"https:\/\/r-mboutique.com\/index.php\/product\/guess-legacy-w1049g3\/","url_meta":{"origin":3896,"position":0},"title":"Guess Legacy W1049G3","author":"Ramzi Merabtine","date":"02\/14\/2022","format":false,"excerpt":"Cette montre Guess \u00e0 un bo\u00eetier en acier inoxydable avec un diam\u00e8tre de 45mm et poss\u00e8de un bracelet en caoutchouc. Le bo\u00eetier de la montre contient un mouvement et un cristal . La montre est \u00e9tanche \u00e0 10ATM. Cela signifie que la montre est \u00e9tanche pour nager. La montre est\u2026","rel":"","context":"Article similaire","block_context":{"text":"Article similaire","link":""},"img":{"alt_text":"","src":"https:\/\/i0.wp.com\/r-mboutique.com\/wp-content\/uploads\/2022\/02\/img_6565-1.jpeg?fit=1200%2C1200&ssl=1&resize=350%2C200","width":350,"height":200,"srcset":"https:\/\/i0.wp.com\/r-mboutique.com\/wp-content\/uploads\/2022\/02\/img_6565-1.jpeg?fit=1200%2C1200&ssl=1&resize=350%2C200 1x, https:\/\/i0.wp.com\/r-mboutique.com\/wp-content\/uploads\/2022\/02\/img_6565-1.jpeg?fit=1200%2C1200&ssl=1&resize=525%2C300 1.5x, https:\/\/i0.wp.com\/r-mboutique.com\/wp-content\/uploads\/2022\/02\/img_6565-1.jpeg?fit=1200%2C1200&ssl=1&resize=700%2C400 2x, https:\/\/i0.wp.com\/r-mboutique.com\/wp-content\/uploads\/2022\/02\/img_6565-1.jpeg?fit=1200%2C1200&ssl=1&resize=1050%2C600 3x"},"classes":[]},{"id":4408,"url":"https:\/\/r-mboutique.com\/index.php\/product\/guess-legacy-w1049g7\/","url_meta":{"origin":3896,"position":1},"title":"Guess Legacy W1049G7","author":"Ramzi Merabtine","date":"02\/14\/2022","format":false,"excerpt":"Cette montre Guess \u00e0 un bo\u00eetier en Acier Inoxydable Rev\u00eatue en Couleur avec un diam\u00e8tre de 45mm et poss\u00e8de un bracelet en caoutchouc. Le bo\u00eetier de la montre contient un mouvement et un cristal . La montre est \u00e9tanche \u00e0 10ATM. Cela signifie que la montre est \u00e9tanche pour nager.\u2026","rel":"","context":"Article similaire","block_context":{"text":"Article similaire","link":""},"img":{"alt_text":"","src":"https:\/\/i0.wp.com\/r-mboutique.com\/wp-content\/uploads\/2022\/02\/img_6571.jpeg?fit=1004%2C1004&ssl=1&resize=350%2C200","width":350,"height":200,"srcset":"https:\/\/i0.wp.com\/r-mboutique.com\/wp-content\/uploads\/2022\/02\/img_6571.jpeg?fit=1004%2C1004&ssl=1&resize=350%2C200 1x, https:\/\/i0.wp.com\/r-mboutique.com\/wp-content\/uploads\/2022\/02\/img_6571.jpeg?fit=1004%2C1004&ssl=1&resize=525%2C300 1.5x, https:\/\/i0.wp.com\/r-mboutique.com\/wp-content\/uploads\/2022\/02\/img_6571.jpeg?fit=1004%2C1004&ssl=1&resize=700%2C400 2x"},"classes":[]},{"id":3914,"url":"https:\/\/r-mboutique.com\/index.php\/product\/guess-confetti-w0774l6\/","url_meta":{"origin":3896,"position":2},"title":"Guess Confetti W0774L6","author":"Ramzi Merabtine","date":"01\/21\/2022","format":false,"excerpt":"Cette montre Guess \u00e0 un bo\u00eetier en acier inoxydable avec un diam\u00e8tre de 38mm et poss\u00e8de un bracelet en m\u00e9tal. Le bo\u00eetier de la montre contient un mouvement et un cristal min\u00e9ral. La montre est \u00e9tanche \u00e0 5ATM. Cela signifie que la montre est \u00e9tanche pour la douche. La montre\u2026","rel":"","context":"Article similaire","block_context":{"text":"Article similaire","link":""},"img":{"alt_text":"","src":"https:\/\/i0.wp.com\/r-mboutique.com\/wp-content\/uploads\/2022\/01\/img_5839.jpeg?fit=1000%2C1000&ssl=1&resize=350%2C200","width":350,"height":200,"srcset":"https:\/\/i0.wp.com\/r-mboutique.com\/wp-content\/uploads\/2022\/01\/img_5839.jpeg?fit=1000%2C1000&ssl=1&resize=350%2C200 1x, https:\/\/i0.wp.com\/r-mboutique.com\/wp-content\/uploads\/2022\/01\/img_5839.jpeg?fit=1000%2C1000&ssl=1&resize=525%2C300 1.5x, https:\/\/i0.wp.com\/r-mboutique.com\/wp-content\/uploads\/2022\/01\/img_5839.jpeg?fit=1000%2C1000&ssl=1&resize=700%2C400 2x"},"classes":[]},{"id":5469,"url":"https:\/\/r-mboutique.com\/index.php\/product\/guess-zena-w1094l4\/","url_meta":{"origin":3896,"position":3},"title":"Guess Zena W1094L4","author":"Ramzi Merabtine","date":"05\/10\/2022","format":false,"excerpt":"Cette montre Guess \u00e0 un bo\u00eetier en acier inoxydable avec un diam\u00e8tre de 39mm et poss\u00e8de un bracelet en caoutchouc. Le bo\u00eetier de la montre contient un mouvement et un cristal . La montre est \u00e9tanche \u00e0 5ATM. Cela signifie que la montre est \u00e9tanche pour la douche. La montre\u2026","rel":"","context":"Article similaire","block_context":{"text":"Article similaire","link":""},"img":{"alt_text":"","src":"https:\/\/i0.wp.com\/r-mboutique.com\/wp-content\/uploads\/2022\/05\/img_8757.jpeg?fit=1000%2C1000&ssl=1&resize=350%2C200","width":350,"height":200,"srcset":"https:\/\/i0.wp.com\/r-mboutique.com\/wp-content\/uploads\/2022\/05\/img_8757.jpeg?fit=1000%2C1000&ssl=1&resize=350%2C200 1x, https:\/\/i0.wp.com\/r-mboutique.com\/wp-content\/uploads\/2022\/05\/img_8757.jpeg?fit=1000%2C1000&ssl=1&resize=525%2C300 1.5x, https:\/\/i0.wp.com\/r-mboutique.com\/wp-content\/uploads\/2022\/05\/img_8757.jpeg?fit=1000%2C1000&ssl=1&resize=700%2C400 2x"},"classes":[]},{"id":3902,"url":"https:\/\/r-mboutique.com\/index.php\/product\/guess-chelsea-w1209l2\/","url_meta":{"origin":3896,"position":4},"title":"Guess Chelsea W1209L2","author":"Ramzi Merabtine","date":"01\/21\/2022","format":false,"excerpt":"Cette montre Guess \u00e0 un bo\u00eetier en acier inoxydable en dor\u00e9 avec un diam\u00e8tre de 30mm et poss\u00e8de un bracelet en m\u00e9tal. Le bo\u00eetier de la montre contient un mouvement et un cristal min\u00e9ral. La montre est \u00e9tanche \u00e0 3ATM. Cela signifie que la montre est \u00e9tanche \u00e0 des \u00e9claboussures.\u2026","rel":"","context":"Article similaire","block_context":{"text":"Article similaire","link":""},"img":{"alt_text":"","src":"https:\/\/i0.wp.com\/r-mboutique.com\/wp-content\/uploads\/2022\/01\/img_5830.jpeg?fit=1000%2C1000&ssl=1&resize=350%2C200","width":350,"height":200,"srcset":"https:\/\/i0.wp.com\/r-mboutique.com\/wp-content\/uploads\/2022\/01\/img_5830.jpeg?fit=1000%2C1000&ssl=1&resize=350%2C200 1x, https:\/\/i0.wp.com\/r-mboutique.com\/wp-content\/uploads\/2022\/01\/img_5830.jpeg?fit=1000%2C1000&ssl=1&resize=525%2C300 1.5x, https:\/\/i0.wp.com\/r-mboutique.com\/wp-content\/uploads\/2022\/01\/img_5830.jpeg?fit=1000%2C1000&ssl=1&resize=700%2C400 2x"},"classes":[]},{"id":3908,"url":"https:\/\/r-mboutique.com\/index.php\/product\/guess-soho-w0638l2\/","url_meta":{"origin":3896,"position":5},"title":"Guess Soho W0638L2","author":"Ramzi Merabtine","date":"01\/21\/2022","format":false,"excerpt":"Cette montre Guess \u00e0 un bo\u00eetier en acier inoxydable enduit d'or avec un diam\u00e8tre de 37mm et poss\u00e8de un bracelet en m\u00e9tal. Le bo\u00eetier de la montre contient un mouvement et un cristal min\u00e9ral. La montre est \u00e9tanche \u00e0 3ATM. Cela signifie que la montre est \u00e9tanche \u00e0 des \u00e9claboussures.\u2026","rel":"","context":"Article similaire","block_context":{"text":"Article similaire","link":""},"img":{"alt_text":"","src":"https:\/\/i0.wp.com\/r-mboutique.com\/wp-content\/uploads\/2022\/01\/img_5835.jpeg?fit=1000%2C1000&ssl=1&resize=350%2C200","width":350,"height":200,"srcset":"https:\/\/i0.wp.com\/r-mboutique.com\/wp-content\/uploads\/2022\/01\/img_5835.jpeg?fit=1000%2C1000&ssl=1&resize=350%2C200 1x, https:\/\/i0.wp.com\/r-mboutique.com\/wp-content\/uploads\/2022\/01\/img_5835.jpeg?fit=1000%2C1000&ssl=1&resize=525%2C300 1.5x, https:\/\/i0.wp.com\/r-mboutique.com\/wp-content\/uploads\/2022\/01\/img_5835.jpeg?fit=1000%2C1000&ssl=1&resize=700%2C400 2x"},"classes":[]}],"_links":{"self":[{"href":"https:\/\/r-mboutique.com\/index.php\/wp-json\/wp\/v2\/product\/3896"}],"collection":[{"href":"https:\/\/r-mboutique.com\/index.php\/wp-json\/wp\/v2\/product"}],"about":[{"href":"https:\/\/r-mboutique.com\/index.php\/wp-json\/wp\/v2\/types\/product"}],"replies":[{"embeddable":true,"href":"https:\/\/r-mboutique.com\/index.php\/wp-json\/wp\/v2\/comments?post=3896"}],"wp:featuredmedia":[{"embeddable":true,"href":"https:\/\/r-mboutique.com\/index.php\/wp-json\/wp\/v2\/media\/3894"}],"wp:attachment":[{"href":"https:\/\/r-mboutique.com\/index.php\/wp-json\/wp\/v2\/media?parent=3896"}],"wp:term":[{"taxonomy":"product_cat","embeddable":true,"href":"https:\/\/r-mboutique.com\/index.php\/wp-json\/wp\/v2\/product_cat?post=3896"},{"taxonomy":"product_tag","embeddable":true,"href":"https:\/\/r-mboutique.com\/index.php\/wp-json\/wp\/v2\/product_tag?post=3896"}],"curies":[{"name":"wp","href":"https:\/\/api.w.org\/{rel}","templated":true}]}}