{"id":4383,"date":"2022-02-13T21:51:32","date_gmt":"2022-02-13T20:51:32","guid":{"rendered":"https:\/\/r-mboutique.com\/index.php\/product\/hugo-boss-aero-1513771\/"},"modified":"2025-09-18T06:07:23","modified_gmt":"2025-09-18T05:07:23","slug":"hugo-boss-aero-1513771","status":"publish","type":"product","link":"https:\/\/r-mboutique.com\/index.php\/product\/hugo-boss-aero-1513771\/","title":{"rendered":"Hugo Boss Aero 1513771"},"content":{"rendered":"<p><span style=\"margin: 0px;padding: 0px;border: 0px;font-family: inherit;font-style: inherit;font-weight: inherit;line-height: inherit;font-size: 14px;vertical-align: baseline\">Cette montre Hugo Boss \u00e0 un bo\u00eetier en Acier Inoxydable Rev\u00eatue en Couleur noir avec un diam\u00e8tre de 44mm et poss\u00e8de un bracelet en plaqu\u00e9 <\/span>ionique<span style=\"margin: 0px;padding: 0px;border: 0px;font-family: inherit;font-style: inherit;font-weight: inherit;line-height: inherit;font-size: 14px;vertical-align: baseline\">. Le bo\u00eetier de la montre contient un mouvement <\/span>\u00e0<span style=\"margin: 0px;padding: 0px;border: 0px;font-family: inherit;font-style: inherit;font-weight: inherit;line-height: inherit;font-size: 14px;vertical-align: baseline\"> <\/span>Quartz<span style=\"margin: 0px;padding: 0px;border: 0px;font-family: inherit;font-style: inherit;font-weight: inherit;line-height: inherit;font-size: 14px;vertical-align: baseline\"> suisse et un cristal min\u00e9ral.<\/span><\/p>\n<p>Les fonctionnalit\u00e9s inspir\u00e9es du pilote de cette montre comprennent une lunette \u00e0 r\u00e8gle coulissante et deux \u00e9chelles logarithmiques correspondantes &#8211; l&#8217;une stationnaire, l&#8217;autre tournante &#8211; pour permettre une foule de calculs de multiplication, de division et de conversion. Un mouvement chronographe r\u00e9trograde comprenant un affichage de la date.<\/p>\n<p style=\"margin: 0px 0px 20px;padding: 0px;border: 0px;font-family: Karla, Arial, Helvetica, sans-serif;font-style: normal;font-weight: normal;line-height: inherit;font-size: 14px;vertical-align: baseline;letter-spacing: normal;text-align: start;text-indent: 0px;text-transform: none;text-decoration: none\"><span style=\"margin: 0px;padding: 0px;border: 0px;font-family: inherit;font-style: inherit;font-weight: inherit;line-height: inherit;font-size: 14px;vertical-align: baseline\">La montre est \u00e9tanche \u00e0 20ATM. Cela signifie que la montre est \u00e9tanche pour la plong\u00e9e. La montre est livr\u00e9e avec 2 ann\u00e9es de garantie<\/span>.<\/p>\n<p style=\"margin: 0px;padding: 0px;border: 0px;font-family: Karla, Arial, Helvetica, sans-serif;font-style: normal;font-weight: normal;line-height: inherit;font-size: 14px;vertical-align: baseline;letter-spacing: normal;text-align: start;text-indent: 0px;text-transform: none;text-decoration: none\"><span style=\"margin: 0px;padding: 0px;border: 0px;font-family: inherit;font-style: inherit;font-weight: inherit;line-height: inherit;font-size: 14px;vertical-align: baseline\">Collection Hugo Boss \u2013 2019<\/span><\/p>\n","protected":false},"excerpt":{"rendered":"<p>Cette montre Hugo Boss \u00e0 un bo\u00eetier en Acier Inoxydable Rev\u00eatue en Couleur noir avec un diam\u00e8tre de 44mm et<\/p>\n","protected":false},"featured_media":4381,"comment_status":"open","ping_status":"closed","template":"","meta":{"om_disable_all_campaigns":false},"product_cat":[42,26,28],"product_tag":[],"jetpack-related-posts":[{"id":4316,"url":"https:\/\/r-mboutique.com\/index.php\/product\/hugo-boss-velocity-1513716\/","url_meta":{"origin":4383,"position":0},"title":"Hugo Boss Velocity 1513716","author":"Ramzi Merabtine","date":"02\/11\/2022","format":false,"excerpt":"Cette montre Hugo Boss \u00e0 un bo\u00eetier en acier inoxydable avec un diam\u00e8tre de 44mm et poss\u00e8de un bracelet en caoutchouc. Le bo\u00eetier de la montre contient un mouvement et un cristal min\u00e9ral. La montre est \u00e9tanche \u00e0 5ATM. Cela signifie que la montre est \u00e9tanche pour la douche. La\u2026","rel":"","context":"Article similaire","block_context":{"text":"Article similaire","link":""},"img":{"alt_text":"","src":"https:\/\/i0.wp.com\/r-mboutique.com\/wp-content\/uploads\/2022\/02\/img_6461.jpeg?fit=757%2C757&ssl=1&resize=350%2C200","width":350,"height":200,"srcset":"https:\/\/i0.wp.com\/r-mboutique.com\/wp-content\/uploads\/2022\/02\/img_6461.jpeg?fit=757%2C757&ssl=1&resize=350%2C200 1x, https:\/\/i0.wp.com\/r-mboutique.com\/wp-content\/uploads\/2022\/02\/img_6461.jpeg?fit=757%2C757&ssl=1&resize=525%2C300 1.5x, https:\/\/i0.wp.com\/r-mboutique.com\/wp-content\/uploads\/2022\/02\/img_6461.jpeg?fit=757%2C757&ssl=1&resize=700%2C400 2x"},"classes":[]},{"id":4330,"url":"https:\/\/r-mboutique.com\/index.php\/product\/hugo-boss-globetrotter-1513824\/","url_meta":{"origin":4383,"position":1},"title":"Hugo Boss Globetrotter 1513824","author":"Ramzi Merabtine","date":"02\/12\/2022","format":false,"excerpt":"Cette montre Hugo Boss \u00e0 un bo\u00eetier en Acier Inoxydable Rev\u00eatue en Couleur avec un diam\u00e8tre de 46mm et poss\u00e8de un bracelet en m\u00e9tal. Le bo\u00eetier de la montre contient un mouvement et un cristal min\u00e9ral. La montre est \u00e9tanche \u00e0 10ATM. Cela signifie que la montre est \u00e9tanche pour\u2026","rel":"","context":"Article similaire","block_context":{"text":"Article similaire","link":""},"img":{"alt_text":"","src":"https:\/\/i0.wp.com\/r-mboutique.com\/wp-content\/uploads\/2022\/02\/img_6493.jpeg?fit=1000%2C1000&ssl=1&resize=350%2C200","width":350,"height":200,"srcset":"https:\/\/i0.wp.com\/r-mboutique.com\/wp-content\/uploads\/2022\/02\/img_6493.jpeg?fit=1000%2C1000&ssl=1&resize=350%2C200 1x, https:\/\/i0.wp.com\/r-mboutique.com\/wp-content\/uploads\/2022\/02\/img_6493.jpeg?fit=1000%2C1000&ssl=1&resize=525%2C300 1.5x, https:\/\/i0.wp.com\/r-mboutique.com\/wp-content\/uploads\/2022\/02\/img_6493.jpeg?fit=1000%2C1000&ssl=1&resize=700%2C400 2x"},"classes":[]},{"id":4336,"url":"https:\/\/r-mboutique.com\/index.php\/product\/hugo-boss-globertrotter-1513825\/","url_meta":{"origin":4383,"position":2},"title":"Hugo Boss Globertrotter 1513825","author":"Ramzi Merabtine","date":"02\/12\/2022","format":false,"excerpt":"Cette montre Hugo Boss \u00e0 un bo\u00eetier en acier inoxydable avec un diam\u00e8tre de 46mm et poss\u00e8de un bracelet en m\u00e9tal. Le bo\u00eetier de la montre contient un mouvement et un cristal min\u00e9ral. La montre est \u00e9tanche \u00e0 10ATM. Cela signifie que la montre est \u00e9tanche pour nager. La montre\u2026","rel":"","context":"Article similaire","block_context":{"text":"Article similaire","link":""},"img":{"alt_text":"","src":"https:\/\/i0.wp.com\/r-mboutique.com\/wp-content\/uploads\/2022\/02\/img_6487.jpeg?fit=1000%2C1000&ssl=1&resize=350%2C200","width":350,"height":200,"srcset":"https:\/\/i0.wp.com\/r-mboutique.com\/wp-content\/uploads\/2022\/02\/img_6487.jpeg?fit=1000%2C1000&ssl=1&resize=350%2C200 1x, https:\/\/i0.wp.com\/r-mboutique.com\/wp-content\/uploads\/2022\/02\/img_6487.jpeg?fit=1000%2C1000&ssl=1&resize=525%2C300 1.5x, https:\/\/i0.wp.com\/r-mboutique.com\/wp-content\/uploads\/2022\/02\/img_6487.jpeg?fit=1000%2C1000&ssl=1&resize=700%2C400 2x"},"classes":[]},{"id":4362,"url":"https:\/\/r-mboutique.com\/index.php\/product\/hugo-boss-trophy-1513631\/","url_meta":{"origin":4383,"position":3},"title":"Hugo Boss Trophy 1513631","author":"Ramzi Merabtine","date":"02\/12\/2022","format":false,"excerpt":"Cette montre Hugo Boss \u00e0 un bo\u00eetier en acier inoxydable enduit d'or avec un diam\u00e8tre de 44mm et poss\u00e8de un bracelet en m\u00e9tal. Le bo\u00eetier de la montre contient un mouvement et un cristal min\u00e9ral. La montre est \u00e9tanche \u00e0 5ATM. Cela signifie que la montre est \u00e9tanche pour la\u2026","rel":"","context":"Article similaire","block_context":{"text":"Article similaire","link":""},"img":{"alt_text":"","src":"https:\/\/i0.wp.com\/r-mboutique.com\/wp-content\/uploads\/2023\/12\/img_6117.jpeg?fit=1200%2C1200&ssl=1&resize=350%2C200","width":350,"height":200,"srcset":"https:\/\/i0.wp.com\/r-mboutique.com\/wp-content\/uploads\/2023\/12\/img_6117.jpeg?fit=1200%2C1200&ssl=1&resize=350%2C200 1x, https:\/\/i0.wp.com\/r-mboutique.com\/wp-content\/uploads\/2023\/12\/img_6117.jpeg?fit=1200%2C1200&ssl=1&resize=525%2C300 1.5x, https:\/\/i0.wp.com\/r-mboutique.com\/wp-content\/uploads\/2023\/12\/img_6117.jpeg?fit=1200%2C1200&ssl=1&resize=700%2C400 2x, https:\/\/i0.wp.com\/r-mboutique.com\/wp-content\/uploads\/2023\/12\/img_6117.jpeg?fit=1200%2C1200&ssl=1&resize=1050%2C600 3x"},"classes":[]},{"id":4369,"url":"https:\/\/r-mboutique.com\/index.php\/product\/hugo-boss-associate-1513811\/","url_meta":{"origin":4383,"position":4},"title":"Hugo Boss Associate 1513811","author":"Ramzi Merabtine","date":"02\/13\/2022","format":false,"excerpt":"Cette montre Hugo Boss \u00e0 un bo\u00eetier en Acier Inoxydable Rev\u00eatue en Couleur avec un diam\u00e8tre de 42mm et poss\u00e8de un bracelet en m\u00e9tal. Le bo\u00eetier de la montre contient un mouvement et un cristal min\u00e9ral. La montre est \u00e9tanche \u00e0 5ATM. Cela signifie que la montre est \u00e9tanche pour\u2026","rel":"","context":"Article similaire","block_context":{"text":"Article similaire","link":""},"img":{"alt_text":"","src":"https:\/\/i0.wp.com\/r-mboutique.com\/wp-content\/uploads\/2022\/02\/img_6525.jpeg?fit=1000%2C1000&ssl=1&resize=350%2C200","width":350,"height":200,"srcset":"https:\/\/i0.wp.com\/r-mboutique.com\/wp-content\/uploads\/2022\/02\/img_6525.jpeg?fit=1000%2C1000&ssl=1&resize=350%2C200 1x, https:\/\/i0.wp.com\/r-mboutique.com\/wp-content\/uploads\/2022\/02\/img_6525.jpeg?fit=1000%2C1000&ssl=1&resize=525%2C300 1.5x, https:\/\/i0.wp.com\/r-mboutique.com\/wp-content\/uploads\/2022\/02\/img_6525.jpeg?fit=1000%2C1000&ssl=1&resize=700%2C400 2x"},"classes":[]},{"id":5012,"url":"https:\/\/r-mboutique.com\/index.php\/product\/hugo-boss-distinct-1513856\/","url_meta":{"origin":4383,"position":5},"title":"Hugo Boss Distinct 1513856","author":"Ramzi Merabtine","date":"03\/25\/2022","format":false,"excerpt":"Cette montre Hugo Boss \u00e0 un bo\u00eetier en acier inoxydable avec un diam\u00e8tre de 46mm et poss\u00e8de un bracelet en caoutchouc. Le bo\u00eetier de la montre contient un mouvement et un cristal min\u00e9ral. La montre est \u00e9tanche \u00e0 5ATM. Cela signifie que la montre est \u00e9tanche pour la douche. La\u2026","rel":"","context":"Article similaire","block_context":{"text":"Article similaire","link":""},"img":{"alt_text":"","src":"https:\/\/i0.wp.com\/r-mboutique.com\/wp-content\/uploads\/2022\/03\/img_7670.jpeg?fit=1000%2C1000&ssl=1&resize=350%2C200","width":350,"height":200,"srcset":"https:\/\/i0.wp.com\/r-mboutique.com\/wp-content\/uploads\/2022\/03\/img_7670.jpeg?fit=1000%2C1000&ssl=1&resize=350%2C200 1x, https:\/\/i0.wp.com\/r-mboutique.com\/wp-content\/uploads\/2022\/03\/img_7670.jpeg?fit=1000%2C1000&ssl=1&resize=525%2C300 1.5x, https:\/\/i0.wp.com\/r-mboutique.com\/wp-content\/uploads\/2022\/03\/img_7670.jpeg?fit=1000%2C1000&ssl=1&resize=700%2C400 2x"},"classes":[]}],"_links":{"self":[{"href":"https:\/\/r-mboutique.com\/index.php\/wp-json\/wp\/v2\/product\/4383"}],"collection":[{"href":"https:\/\/r-mboutique.com\/index.php\/wp-json\/wp\/v2\/product"}],"about":[{"href":"https:\/\/r-mboutique.com\/index.php\/wp-json\/wp\/v2\/types\/product"}],"replies":[{"embeddable":true,"href":"https:\/\/r-mboutique.com\/index.php\/wp-json\/wp\/v2\/comments?post=4383"}],"wp:featuredmedia":[{"embeddable":true,"href":"https:\/\/r-mboutique.com\/index.php\/wp-json\/wp\/v2\/media\/4381"}],"wp:attachment":[{"href":"https:\/\/r-mboutique.com\/index.php\/wp-json\/wp\/v2\/media?parent=4383"}],"wp:term":[{"taxonomy":"product_cat","embeddable":true,"href":"https:\/\/r-mboutique.com\/index.php\/wp-json\/wp\/v2\/product_cat?post=4383"},{"taxonomy":"product_tag","embeddable":true,"href":"https:\/\/r-mboutique.com\/index.php\/wp-json\/wp\/v2\/product_tag?post=4383"}],"curies":[{"name":"wp","href":"https:\/\/api.w.org\/{rel}","templated":true}]}}