{"id":4484,"date":"2022-03-05T15:03:41","date_gmt":"2022-03-05T14:03:41","guid":{"rendered":"https:\/\/r-mboutique.com\/index.php\/product\/casio-mtp-vd01bl-1bv\/"},"modified":"2025-09-18T06:30:19","modified_gmt":"2025-09-18T05:30:19","slug":"casio-mtp-vd01bl-1bv","status":"publish","type":"product","link":"https:\/\/r-mboutique.com\/index.php\/product\/casio-mtp-vd01bl-1bv\/","title":{"rendered":"Casio MTP-VD01BL-1BV"},"content":{"rendered":"<p><span style=\"margin: 0px;padding: 0px;border: 0px;font-family: inherit;font-style: inherit;font-weight: inherit;line-height: inherit;font-size: 14px;vertical-align: baseline\">Cette montre Casio \u00e0 un bo\u00eetier en acier inoxydable avec un diam\u00e8tre de 45mm et poss\u00e8de un bracelet en cuir. Le bo\u00eetier de la montre contient un mouvement et un cristal min\u00e9ral.<\/span><\/p>\n<p style=\"margin: 0px;padding: 0px;border: 0px;font-family: Karla, Arial, Helvetica, sans-serif;font-style: normal;font-weight: normal;line-height: inherit;font-size: 14px;vertical-align: baseline;letter-spacing: normal;text-align: start;text-indent: 0px;text-transform: none;text-decoration: none\"><span style=\"margin: 0px;padding: 0px;border: 0px;font-family: inherit;font-style: inherit;font-weight: inherit;line-height: inherit;font-size: 14px;vertical-align: baseline\">La montre est \u00e9tanche \u00e0 5ATM. Cela signifie que la montre est \u00e9tanche pour la douche. La montre est livr\u00e9e avec 1 ann\u00e9e de garantie valable dans le monde entier.<\/span><\/p>\n","protected":false},"excerpt":{"rendered":"<p>Cette montre Casio \u00e0 un bo\u00eetier en acier inoxydable avec un diam\u00e8tre de 45mm et poss\u00e8de un bracelet en cuir.<\/p>\n","protected":false},"featured_media":4482,"comment_status":"open","ping_status":"closed","template":"","meta":{"om_disable_all_campaigns":false},"product_cat":[46,26,28],"product_tag":[],"jetpack-related-posts":[{"id":8378,"url":"https:\/\/r-mboutique.com\/index.php\/product\/casio-mtp-v300b-1a\/","url_meta":{"origin":4484,"position":0},"title":"Casio MTP-V300B-1A","author":"Ramzi Merabtine","date":"02\/04\/2024","format":false,"excerpt":"Cette montre Casio \u00e0 un bo\u00eetier en acier inoxydable avec un diam\u00e8tre de 41,5mm et poss\u00e8de un bracelet en m\u00e9tal. Le bo\u00eetier de la montre contient un mouvement et un cristal min\u00e9ral. La montre est \u00e9tanche \u00e0 3ATM. Cela signifie que la montre est \u00e9tanche \u00e0 des \u00e9claboussures. La montre\u2026","rel":"","context":"Article similaire","block_context":{"text":"Article similaire","link":""},"img":{"alt_text":"","src":"https:\/\/i0.wp.com\/r-mboutique.com\/wp-content\/uploads\/2024\/02\/img_0356.jpeg?fit=1200%2C1200&ssl=1&resize=350%2C200","width":350,"height":200,"srcset":"https:\/\/i0.wp.com\/r-mboutique.com\/wp-content\/uploads\/2024\/02\/img_0356.jpeg?fit=1200%2C1200&ssl=1&resize=350%2C200 1x, https:\/\/i0.wp.com\/r-mboutique.com\/wp-content\/uploads\/2024\/02\/img_0356.jpeg?fit=1200%2C1200&ssl=1&resize=525%2C300 1.5x, https:\/\/i0.wp.com\/r-mboutique.com\/wp-content\/uploads\/2024\/02\/img_0356.jpeg?fit=1200%2C1200&ssl=1&resize=700%2C400 2x, https:\/\/i0.wp.com\/r-mboutique.com\/wp-content\/uploads\/2024\/02\/img_0356.jpeg?fit=1200%2C1200&ssl=1&resize=1050%2C600 3x"},"classes":[]},{"id":5681,"url":"https:\/\/r-mboutique.com\/index.php\/product\/casio-ltp-v300d-4audf\/","url_meta":{"origin":4484,"position":1},"title":"Casio LTP-V300D-4AUDF","author":"Ramzi Merabtine","date":"06\/05\/2022","format":false,"excerpt":"Cette montre Casio \u00e0 un bo\u00eetier en acier inoxydable avec un diam\u00e8tre de 33mm et poss\u00e8de un bracelet en m\u00e9tal. Le bo\u00eetier de la montre contient un mouvement et un cristal min\u00e9ral. La montre est \u00e9tanche \u00e0 3ATM. Cela signifie que la montre est \u00e9tanche \u00e0 des \u00e9claboussures. La montre\u2026","rel":"","context":"Article similaire","block_context":{"text":"Article similaire","link":""},"img":{"alt_text":"","src":"https:\/\/i0.wp.com\/r-mboutique.com\/wp-content\/uploads\/2022\/06\/97dad8b2-abed-4bcc-82c3-2d8d299c50b1.jpeg?fit=1200%2C1200&ssl=1&resize=350%2C200","width":350,"height":200,"srcset":"https:\/\/i0.wp.com\/r-mboutique.com\/wp-content\/uploads\/2022\/06\/97dad8b2-abed-4bcc-82c3-2d8d299c50b1.jpeg?fit=1200%2C1200&ssl=1&resize=350%2C200 1x, https:\/\/i0.wp.com\/r-mboutique.com\/wp-content\/uploads\/2022\/06\/97dad8b2-abed-4bcc-82c3-2d8d299c50b1.jpeg?fit=1200%2C1200&ssl=1&resize=525%2C300 1.5x, https:\/\/i0.wp.com\/r-mboutique.com\/wp-content\/uploads\/2022\/06\/97dad8b2-abed-4bcc-82c3-2d8d299c50b1.jpeg?fit=1200%2C1200&ssl=1&resize=700%2C400 2x, https:\/\/i0.wp.com\/r-mboutique.com\/wp-content\/uploads\/2022\/06\/97dad8b2-abed-4bcc-82c3-2d8d299c50b1.jpeg?fit=1200%2C1200&ssl=1&resize=1050%2C600 3x"},"classes":[]},{"id":5687,"url":"https:\/\/r-mboutique.com\/index.php\/product\/casio-ltp-v300d-2audf\/","url_meta":{"origin":4484,"position":2},"title":"Casio LTP-V300D-2AUDF","author":"Ramzi Merabtine","date":"06\/05\/2022","format":false,"excerpt":"Cette montre Casio \u00e0 un bo\u00eetier en acier inoxydable avec un diam\u00e8tre de 33mm et poss\u00e8de un bracelet en m\u00e9tal. Le bo\u00eetier de la montre contient un mouvement et un cristal min\u00e9ral. La montre est \u00e9tanche \u00e0 3ATM. Cela signifie que la montre est \u00e9tanche \u00e0 des \u00e9claboussures. La montre\u2026","rel":"","context":"Article similaire","block_context":{"text":"Article similaire","link":""},"img":{"alt_text":"","src":"https:\/\/i0.wp.com\/r-mboutique.com\/wp-content\/uploads\/2022\/06\/ltp-v300d-2audf-2.jpeg?fit=818%2C818&ssl=1&resize=350%2C200","width":350,"height":200,"srcset":"https:\/\/i0.wp.com\/r-mboutique.com\/wp-content\/uploads\/2022\/06\/ltp-v300d-2audf-2.jpeg?fit=818%2C818&ssl=1&resize=350%2C200 1x, https:\/\/i0.wp.com\/r-mboutique.com\/wp-content\/uploads\/2022\/06\/ltp-v300d-2audf-2.jpeg?fit=818%2C818&ssl=1&resize=525%2C300 1.5x, https:\/\/i0.wp.com\/r-mboutique.com\/wp-content\/uploads\/2022\/06\/ltp-v300d-2audf-2.jpeg?fit=818%2C818&ssl=1&resize=700%2C400 2x"},"classes":[]},{"id":5693,"url":"https:\/\/r-mboutique.com\/index.php\/product\/casio-ltp-v300d-7audf\/","url_meta":{"origin":4484,"position":3},"title":"Casio LTP-V300D-7AUDF","author":"Ramzi Merabtine","date":"06\/05\/2022","format":false,"excerpt":"Cette montre Casio \u00e0 un bo\u00eetier en acier inoxydable avec un diam\u00e8tre de 33mm et poss\u00e8de un bracelet en m\u00e9tal. Le bo\u00eetier de la montre contient un mouvement et un cristal min\u00e9ral. La montre est \u00e9tanche \u00e0 3ATM. Cela signifie que la montre est \u00e9tanche \u00e0 des \u00e9claboussures. La montre\u2026","rel":"","context":"Article similaire","block_context":{"text":"Article similaire","link":""},"img":{"alt_text":"","src":"https:\/\/i0.wp.com\/r-mboutique.com\/wp-content\/uploads\/2022\/06\/ltp-v300d-7audf-1.jpeg?fit=700%2C700&ssl=1&resize=350%2C200","width":350,"height":200,"srcset":"https:\/\/i0.wp.com\/r-mboutique.com\/wp-content\/uploads\/2022\/06\/ltp-v300d-7audf-1.jpeg?fit=700%2C700&ssl=1&resize=350%2C200 1x, https:\/\/i0.wp.com\/r-mboutique.com\/wp-content\/uploads\/2022\/06\/ltp-v300d-7audf-1.jpeg?fit=700%2C700&ssl=1&resize=525%2C300 1.5x, https:\/\/i0.wp.com\/r-mboutique.com\/wp-content\/uploads\/2022\/06\/ltp-v300d-7audf-1.jpeg?fit=700%2C700&ssl=1&resize=700%2C400 2x"},"classes":[]},{"id":5700,"url":"https:\/\/r-mboutique.com\/index.php\/product\/casio-ltp-v300d-1audf\/","url_meta":{"origin":4484,"position":4},"title":"Casio LTP-V300D-1AUDF","author":"Ramzi Merabtine","date":"06\/05\/2022","format":false,"excerpt":"Cette montre Casio \u00e0 un bo\u00eetier en acier inoxydable avec un diam\u00e8tre de 33mm et poss\u00e8de un bracelet en m\u00e9tal. Le bo\u00eetier de la montre contient un mouvement et un cristal min\u00e9ral. La montre est \u00e9tanche \u00e0 3ATM. Cela signifie que la montre est \u00e9tanche \u00e0 des \u00e9claboussures. La montre\u2026","rel":"","context":"Article similaire","block_context":{"text":"Article similaire","link":""},"img":{"alt_text":"","src":"https:\/\/i0.wp.com\/r-mboutique.com\/wp-content\/uploads\/2022\/06\/ltp-v300d-1aaa.jpeg?fit=1198%2C1198&ssl=1&resize=350%2C200","width":350,"height":200,"srcset":"https:\/\/i0.wp.com\/r-mboutique.com\/wp-content\/uploads\/2022\/06\/ltp-v300d-1aaa.jpeg?fit=1198%2C1198&ssl=1&resize=350%2C200 1x, https:\/\/i0.wp.com\/r-mboutique.com\/wp-content\/uploads\/2022\/06\/ltp-v300d-1aaa.jpeg?fit=1198%2C1198&ssl=1&resize=525%2C300 1.5x, https:\/\/i0.wp.com\/r-mboutique.com\/wp-content\/uploads\/2022\/06\/ltp-v300d-1aaa.jpeg?fit=1198%2C1198&ssl=1&resize=700%2C400 2x, https:\/\/i0.wp.com\/r-mboutique.com\/wp-content\/uploads\/2022\/06\/ltp-v300d-1aaa.jpeg?fit=1198%2C1198&ssl=1&resize=1050%2C600 3x"},"classes":[]},{"id":5706,"url":"https:\/\/r-mboutique.com\/index.php\/product\/casio-ltp-v300d-1a2udf\/","url_meta":{"origin":4484,"position":5},"title":"Casio LTP-V300D-1A2UDF","author":"Ramzi Merabtine","date":"06\/05\/2022","format":false,"excerpt":"Cette montre Casio \u00e0 un bo\u00eetier en acier inoxydable avec un diam\u00e8tre de 33mm et poss\u00e8de un bracelet en m\u00e9tal. Le bo\u00eetier de la montre contient un mouvement et un cristal min\u00e9ral. La montre est \u00e9tanche \u00e0 3ATM. Cela signifie que la montre est \u00e9tanche \u00e0 des \u00e9claboussures. La montre\u2026","rel":"","context":"Article similaire","block_context":{"text":"Article similaire","link":""},"img":{"alt_text":"","src":"https:\/\/i0.wp.com\/r-mboutique.com\/wp-content\/uploads\/2022\/06\/ltp-v300d-1a2udf.jpeg?fit=1200%2C1200&ssl=1&resize=350%2C200","width":350,"height":200,"srcset":"https:\/\/i0.wp.com\/r-mboutique.com\/wp-content\/uploads\/2022\/06\/ltp-v300d-1a2udf.jpeg?fit=1200%2C1200&ssl=1&resize=350%2C200 1x, https:\/\/i0.wp.com\/r-mboutique.com\/wp-content\/uploads\/2022\/06\/ltp-v300d-1a2udf.jpeg?fit=1200%2C1200&ssl=1&resize=525%2C300 1.5x, https:\/\/i0.wp.com\/r-mboutique.com\/wp-content\/uploads\/2022\/06\/ltp-v300d-1a2udf.jpeg?fit=1200%2C1200&ssl=1&resize=700%2C400 2x, https:\/\/i0.wp.com\/r-mboutique.com\/wp-content\/uploads\/2022\/06\/ltp-v300d-1a2udf.jpeg?fit=1200%2C1200&ssl=1&resize=1050%2C600 3x"},"classes":[]}],"_links":{"self":[{"href":"https:\/\/r-mboutique.com\/index.php\/wp-json\/wp\/v2\/product\/4484"}],"collection":[{"href":"https:\/\/r-mboutique.com\/index.php\/wp-json\/wp\/v2\/product"}],"about":[{"href":"https:\/\/r-mboutique.com\/index.php\/wp-json\/wp\/v2\/types\/product"}],"replies":[{"embeddable":true,"href":"https:\/\/r-mboutique.com\/index.php\/wp-json\/wp\/v2\/comments?post=4484"}],"wp:featuredmedia":[{"embeddable":true,"href":"https:\/\/r-mboutique.com\/index.php\/wp-json\/wp\/v2\/media\/4482"}],"wp:attachment":[{"href":"https:\/\/r-mboutique.com\/index.php\/wp-json\/wp\/v2\/media?parent=4484"}],"wp:term":[{"taxonomy":"product_cat","embeddable":true,"href":"https:\/\/r-mboutique.com\/index.php\/wp-json\/wp\/v2\/product_cat?post=4484"},{"taxonomy":"product_tag","embeddable":true,"href":"https:\/\/r-mboutique.com\/index.php\/wp-json\/wp\/v2\/product_tag?post=4484"}],"curies":[{"name":"wp","href":"https:\/\/api.w.org\/{rel}","templated":true}]}}