{"id":4814,"date":"2022-03-14T23:18:55","date_gmt":"2022-03-14T22:18:55","guid":{"rendered":"https:\/\/r-mboutique.com\/index.php\/product\/viceroy-ceramic-47794-05\/"},"modified":"2025-08-03T17:20:22","modified_gmt":"2025-08-03T16:20:22","slug":"viceroy-ceramic-47794-05","status":"publish","type":"product","link":"https:\/\/r-mboutique.com\/index.php\/product\/viceroy-ceramic-47794-05\/","title":{"rendered":"Viceroy Ceramic 47794-05"},"content":{"rendered":"<p><span style=\"margin: 0px;padding: 0px;border: 0px;font-family: inherit;font-style: inherit;font-weight: inherit;line-height: inherit;font-size: 14px;vertical-align: baseline\">Cette montre Viceroy \u00e0 un bo\u00eetier en<\/span><span style=\"margin: 0px;padding: 0px;border: 0px;font-family: inherit;font-style: inherit;font-weight: inherit;line-height: inherit;font-size: 14px;vertical-align: baseline\"><span class=\"Apple-converted-space\">&nbsp;<\/span><\/span>c\u00e9ramique<span style=\"margin: 0px;padding: 0px;border: 0px;font-family: inherit;font-style: inherit;font-weight: inherit;line-height: inherit;font-size: 14px;vertical-align: baseline\"><span class=\"Apple-converted-space\" style=\"margin: 0px;padding: 0px;border: 0px;font-family: inherit;font-style: inherit;font-weight: inherit;line-height: inherit;font-size: 14px;vertical-align: baseline\">&nbsp;<\/span><\/span><span style=\"margin: 0px;padding: 0px;border: 0px;font-family: inherit;font-style: inherit;font-weight: inherit;line-height: inherit;font-size: 14px;vertical-align: baseline\">avec un diam\u00e8tre de 37mm et poss\u00e8de un bracelet en<\/span><span style=\"margin: 0px;padding: 0px;border: 0px;font-family: inherit;font-style: inherit;font-weight: inherit;line-height: inherit;font-size: 14px;vertical-align: baseline\"><span class=\"Apple-converted-space\" style=\"margin: 0px;padding: 0px;border: 0px;font-family: inherit;font-style: inherit;font-weight: inherit;line-height: inherit;font-size: 14px;vertical-align: baseline\">&nbsp;<\/span><\/span>c\u00e9ramique<span style=\"margin: 0px;padding: 0px;border: 0px;font-family: inherit;font-style: inherit;font-weight: inherit;line-height: inherit;font-size: 14px;vertical-align: baseline\">. Le bo\u00eetier de la montre contient un mouvement et un cristal<\/span><span style=\"margin: 0px;padding: 0px;border: 0px;font-family: inherit;font-style: inherit;font-weight: inherit;line-height: inherit;font-size: 14px;vertical-align: baseline\"><span class=\"Apple-converted-space\" style=\"margin: 0px;padding: 0px;border: 0px;font-family: inherit;font-style: inherit;font-weight: inherit;line-height: inherit;font-size: 14px;vertical-align: baseline\">&nbsp;<\/span><\/span>min\u00e9ral<span style=\"margin: 0px;padding: 0px;border: 0px;font-family: inherit;font-style: inherit;font-weight: inherit;line-height: inherit;font-size: 14px;vertical-align: baseline\">.<\/span><\/p>\n<p style=\"margin: 0px;padding: 0px;border: 0px;font-family: Karla, Arial, Helvetica, sans-serif;font-style: normal;font-weight: normal;line-height: inherit;font-size: 14px;vertical-align: baseline;letter-spacing: normal;text-align: start;text-indent: 0px;text-transform: none;text-decoration: none\"><span style=\"margin: 0px;padding: 0px;border: 0px;font-family: inherit;font-style: inherit;font-weight: inherit;line-height: inherit;font-size: 14px;vertical-align: baseline\">La montre est \u00e9tanche \u00e0 3ATM. Cela signifie que la montre est \u00e9tanche pour les<\/span><span style=\"margin: 0px;padding: 0px;border: 0px;font-family: inherit;font-style: inherit;font-weight: inherit;line-height: inherit;font-size: 14px;vertical-align: baseline\"><span class=\"Apple-converted-space\">&nbsp;<\/span><\/span>\u00e9claboussures<span style=\"margin: 0px;padding: 0px;border: 0px;font-family: inherit;font-style: inherit;font-weight: inherit;line-height: inherit;font-size: 14px;vertical-align: baseline\">.<\/span><span style=\"margin: 0px;padding: 0px;border: 0px;font-family: inherit;font-style: inherit;font-weight: inherit;line-height: inherit;font-size: 14px;vertical-align: baseline\"><span class=\"Apple-converted-space\" style=\"margin: 0px;padding: 0px;border: 0px;font-family: inherit;font-style: inherit;font-weight: inherit;line-height: inherit;font-size: 14px;vertical-align: baseline\">&nbsp;<\/span><\/span><\/p>\n<p style=\"margin: 0px;padding: 0px;border: 0px;font-family: Karla, Arial, Helvetica, sans-serif;font-style: normal;font-weight: normal;line-height: inherit;font-size: 14px;vertical-align: baseline;letter-spacing: normal;text-align: start;text-indent: 0px;text-transform: none;text-decoration: none\"><span style=\"margin: 0px;padding: 0px;border: 0px;font-family: inherit;font-style: inherit;font-weight: inherit;line-height: inherit;font-size: 14px;vertical-align: baseline\">La montre est livr\u00e9e avec 2 ann\u00e9es de garantie valable dans le monde entier.<\/span><\/p>\n","protected":false},"excerpt":{"rendered":"<p>Cette montre Viceroy \u00e0 un bo\u00eetier en&nbsp;c\u00e9ramique&nbsp;avec un diam\u00e8tre de 37mm et poss\u00e8de un bracelet en&nbsp;c\u00e9ramique. Le bo\u00eetier de la<\/p>\n","protected":false},"featured_media":8687,"comment_status":"open","ping_status":"closed","template":"","meta":{"om_disable_all_campaigns":false},"product_cat":[37,45,26,30],"product_tag":[],"jetpack-related-posts":[{"id":4820,"url":"https:\/\/r-mboutique.com\/index.php\/product\/viceroy-ceramic-47686-07\/","url_meta":{"origin":4814,"position":0},"title":"Viceroy Ceramic 47686-07","author":"Ramzi Merabtine","date":"03\/14\/2022","format":false,"excerpt":"Cette montre Viceroy \u00e0 un bo\u00eetier en\u00a0c\u00e9ramique\u00a0avec un diam\u00e8tre de 34mm et poss\u00e8de un bracelet en\u00a0c\u00e9ramique. Le bo\u00eetier de la montre contient un mouvement et un cristal\u00a0min\u00e9ral. La montre est \u00e9tanche \u00e0 3ATM. Cela signifie que la montre est \u00e9tanche pour les\u00a0\u00e9claboussures.\u00a0 La montre est livr\u00e9e avec 2 ann\u00e9es de\u2026","rel":"","context":"Article similaire","block_context":{"text":"Article similaire","link":""},"img":{"alt_text":"","src":"https:\/\/i0.wp.com\/r-mboutique.com\/wp-content\/uploads\/2023\/12\/843340e2-8592-45ca-aadf-2b4d6a2dd584-1-scaled.jpeg?fit=1200%2C1200&ssl=1&resize=350%2C200","width":350,"height":200,"srcset":"https:\/\/i0.wp.com\/r-mboutique.com\/wp-content\/uploads\/2023\/12\/843340e2-8592-45ca-aadf-2b4d6a2dd584-1-scaled.jpeg?fit=1200%2C1200&ssl=1&resize=350%2C200 1x, https:\/\/i0.wp.com\/r-mboutique.com\/wp-content\/uploads\/2023\/12\/843340e2-8592-45ca-aadf-2b4d6a2dd584-1-scaled.jpeg?fit=1200%2C1200&ssl=1&resize=525%2C300 1.5x, https:\/\/i0.wp.com\/r-mboutique.com\/wp-content\/uploads\/2023\/12\/843340e2-8592-45ca-aadf-2b4d6a2dd584-1-scaled.jpeg?fit=1200%2C1200&ssl=1&resize=700%2C400 2x, https:\/\/i0.wp.com\/r-mboutique.com\/wp-content\/uploads\/2023\/12\/843340e2-8592-45ca-aadf-2b4d6a2dd584-1-scaled.jpeg?fit=1200%2C1200&ssl=1&resize=1050%2C600 3x"},"classes":[]},{"id":4802,"url":"https:\/\/r-mboutique.com\/index.php\/product\/viceroy-ceramic-47816-07\/","url_meta":{"origin":4814,"position":1},"title":"Viceroy Ceramic 47816-07","author":"Ramzi Merabtine","date":"03\/14\/2022","format":false,"excerpt":"Cette montre Viceroy \u00e0 un bo\u00eetier en c\u00e9ramique\u00a0avec un diam\u00e8tre de 35mm et poss\u00e8de un bracelet en\u00a0c\u00e9ramique. Le bo\u00eetier de la montre contient un mouvement et un cristal\u00a0min\u00e9ral. La montre est \u00e9tanche \u00e0 3ATM. Cela signifie que la montre est \u00e9tanche pour les \u00e9claboussures.\u00a0 La montre est livr\u00e9e avec 2\u2026","rel":"","context":"Article similaire","block_context":{"text":"Article similaire","link":""},"img":{"alt_text":"","src":"https:\/\/i0.wp.com\/r-mboutique.com\/wp-content\/uploads\/2025\/07\/img_7924.jpeg?fit=1200%2C1200&ssl=1&resize=350%2C200","width":350,"height":200,"srcset":"https:\/\/i0.wp.com\/r-mboutique.com\/wp-content\/uploads\/2025\/07\/img_7924.jpeg?fit=1200%2C1200&ssl=1&resize=350%2C200 1x, https:\/\/i0.wp.com\/r-mboutique.com\/wp-content\/uploads\/2025\/07\/img_7924.jpeg?fit=1200%2C1200&ssl=1&resize=525%2C300 1.5x, https:\/\/i0.wp.com\/r-mboutique.com\/wp-content\/uploads\/2025\/07\/img_7924.jpeg?fit=1200%2C1200&ssl=1&resize=700%2C400 2x, https:\/\/i0.wp.com\/r-mboutique.com\/wp-content\/uploads\/2025\/07\/img_7924.jpeg?fit=1200%2C1200&ssl=1&resize=1050%2C600 3x"},"classes":[]},{"id":8671,"url":"https:\/\/r-mboutique.com\/index.php\/product\/viceroy-lady-46302-05\/","url_meta":{"origin":4814,"position":2},"title":"Viceroy Lady 46302-05","author":"Ramzi Merabtine","date":"04\/21\/2025","format":false,"excerpt":"Cette montre Viceroy \u00e0 un bo\u00eetier en acier inoxydable\u00a0\u00a0avec un diam\u00e8tre de 18mm et poss\u00e8de un bracelet en\u00a0acier. Le bo\u00eetier de la montre contient un mouvement et un cristal min\u00e9ral. La montre est \u00e9tanche \u00e0 3ATM. Cela signifie que la montre est \u00e9tanche pour lavage des mains.\u00a0 La montre est\u2026","rel":"","context":"Article similaire","block_context":{"text":"Article similaire","link":""},"img":{"alt_text":"","src":"https:\/\/i0.wp.com\/r-mboutique.com\/wp-content\/uploads\/2025\/04\/img_6613.jpeg?fit=1200%2C1200&ssl=1&resize=350%2C200","width":350,"height":200,"srcset":"https:\/\/i0.wp.com\/r-mboutique.com\/wp-content\/uploads\/2025\/04\/img_6613.jpeg?fit=1200%2C1200&ssl=1&resize=350%2C200 1x, https:\/\/i0.wp.com\/r-mboutique.com\/wp-content\/uploads\/2025\/04\/img_6613.jpeg?fit=1200%2C1200&ssl=1&resize=525%2C300 1.5x, https:\/\/i0.wp.com\/r-mboutique.com\/wp-content\/uploads\/2025\/04\/img_6613.jpeg?fit=1200%2C1200&ssl=1&resize=700%2C400 2x, https:\/\/i0.wp.com\/r-mboutique.com\/wp-content\/uploads\/2025\/04\/img_6613.jpeg?fit=1200%2C1200&ssl=1&resize=1050%2C600 3x"},"classes":[]},{"id":4881,"url":"https:\/\/r-mboutique.com\/index.php\/product\/viceroy-42232-05\/","url_meta":{"origin":4814,"position":3},"title":"Viceroy 42232-05","author":"Ramzi Merabtine","date":"03\/17\/2022","format":false,"excerpt":"Cette montre Viceroy \u00e0 un bo\u00eetier en acier inoxydable avec un diam\u00e8tre de 32mm et poss\u00e8de un bracelet en\u00a0acier. Le bo\u00eetier de la montre contient un mouvement et un cristal min\u00e9ral. La montre est \u00e9tanche \u00e0 5ATM. Cela signifie que la montre est \u00e9tanche pour la douche.\u00a0 La montre est\u2026","rel":"","context":"Article similaire","block_context":{"text":"Article similaire","link":""},"img":{"alt_text":"","src":"https:\/\/i0.wp.com\/r-mboutique.com\/wp-content\/uploads\/2022\/03\/img_7460.jpeg?fit=1200%2C1200&ssl=1&resize=350%2C200","width":350,"height":200,"srcset":"https:\/\/i0.wp.com\/r-mboutique.com\/wp-content\/uploads\/2022\/03\/img_7460.jpeg?fit=1200%2C1200&ssl=1&resize=350%2C200 1x, https:\/\/i0.wp.com\/r-mboutique.com\/wp-content\/uploads\/2022\/03\/img_7460.jpeg?fit=1200%2C1200&ssl=1&resize=525%2C300 1.5x, https:\/\/i0.wp.com\/r-mboutique.com\/wp-content\/uploads\/2022\/03\/img_7460.jpeg?fit=1200%2C1200&ssl=1&resize=700%2C400 2x, https:\/\/i0.wp.com\/r-mboutique.com\/wp-content\/uploads\/2022\/03\/img_7460.jpeg?fit=1200%2C1200&ssl=1&resize=1050%2C600 3x"},"classes":[]},{"id":4851,"url":"https:\/\/r-mboutique.com\/index.php\/product\/viceroy-40868-05\/","url_meta":{"origin":4814,"position":4},"title":"Viceroy 40868-05","author":"Ramzi Merabtine","date":"03\/17\/2022","format":false,"excerpt":"Cette montre Viceroy \u00e0 un bo\u00eetier en acier inoxydable avec un diam\u00e8tre de 34mm et poss\u00e8de un bracelet en\u00a0acier. Le bo\u00eetier de la montre contient un mouvement et un cristal min\u00e9ral. La montre est \u00e9tanche \u00e0 5ATM. Cela signifie que la montre est \u00e9tanche pour la douche.\u00a0 La montre est\u2026","rel":"","context":"Article similaire","block_context":{"text":"Article similaire","link":""},"img":{"alt_text":"","src":"https:\/\/i0.wp.com\/r-mboutique.com\/wp-content\/uploads\/2022\/03\/img_7439.jpeg?fit=1200%2C1200&ssl=1&resize=350%2C200","width":350,"height":200,"srcset":"https:\/\/i0.wp.com\/r-mboutique.com\/wp-content\/uploads\/2022\/03\/img_7439.jpeg?fit=1200%2C1200&ssl=1&resize=350%2C200 1x, https:\/\/i0.wp.com\/r-mboutique.com\/wp-content\/uploads\/2022\/03\/img_7439.jpeg?fit=1200%2C1200&ssl=1&resize=525%2C300 1.5x, https:\/\/i0.wp.com\/r-mboutique.com\/wp-content\/uploads\/2022\/03\/img_7439.jpeg?fit=1200%2C1200&ssl=1&resize=700%2C400 2x, https:\/\/i0.wp.com\/r-mboutique.com\/wp-content\/uploads\/2022\/03\/img_7439.jpeg?fit=1200%2C1200&ssl=1&resize=1050%2C600 3x"},"classes":[]},{"id":8640,"url":"https:\/\/r-mboutique.com\/index.php\/product\/viceroy-43542-05\/","url_meta":{"origin":4814,"position":5},"title":"Viceroy 43542-05","author":"Ramzi Merabtine","date":"04\/13\/2025","format":false,"excerpt":"Cette montre Viceroy \u00e0 un bo\u00eetier en acier inoxydable avec un diam\u00e8tre de 21mm et poss\u00e8de un bracelet en\u00a0acier. Le bo\u00eetier de la montre contient un mouvement et un cristal min\u00e9ral. La montre est \u00e9tanche \u00e0 3ATM. Cela signifie que la montre est \u00e9tanche pour lavage de\u00a0mains.\u00a0 La montre est\u2026","rel":"","context":"Article similaire","block_context":{"text":"Article similaire","link":""},"img":{"alt_text":"","src":"https:\/\/i0.wp.com\/r-mboutique.com\/wp-content\/uploads\/2025\/04\/af478472-c6e3-43d2-a596-0a0ae154deb6-scaled.jpeg?fit=1200%2C1200&ssl=1&resize=350%2C200","width":350,"height":200,"srcset":"https:\/\/i0.wp.com\/r-mboutique.com\/wp-content\/uploads\/2025\/04\/af478472-c6e3-43d2-a596-0a0ae154deb6-scaled.jpeg?fit=1200%2C1200&ssl=1&resize=350%2C200 1x, https:\/\/i0.wp.com\/r-mboutique.com\/wp-content\/uploads\/2025\/04\/af478472-c6e3-43d2-a596-0a0ae154deb6-scaled.jpeg?fit=1200%2C1200&ssl=1&resize=525%2C300 1.5x, https:\/\/i0.wp.com\/r-mboutique.com\/wp-content\/uploads\/2025\/04\/af478472-c6e3-43d2-a596-0a0ae154deb6-scaled.jpeg?fit=1200%2C1200&ssl=1&resize=700%2C400 2x, https:\/\/i0.wp.com\/r-mboutique.com\/wp-content\/uploads\/2025\/04\/af478472-c6e3-43d2-a596-0a0ae154deb6-scaled.jpeg?fit=1200%2C1200&ssl=1&resize=1050%2C600 3x"},"classes":[]}],"_links":{"self":[{"href":"https:\/\/r-mboutique.com\/index.php\/wp-json\/wp\/v2\/product\/4814"}],"collection":[{"href":"https:\/\/r-mboutique.com\/index.php\/wp-json\/wp\/v2\/product"}],"about":[{"href":"https:\/\/r-mboutique.com\/index.php\/wp-json\/wp\/v2\/types\/product"}],"replies":[{"embeddable":true,"href":"https:\/\/r-mboutique.com\/index.php\/wp-json\/wp\/v2\/comments?post=4814"}],"wp:featuredmedia":[{"embeddable":true,"href":"https:\/\/r-mboutique.com\/index.php\/wp-json\/wp\/v2\/media\/8687"}],"wp:attachment":[{"href":"https:\/\/r-mboutique.com\/index.php\/wp-json\/wp\/v2\/media?parent=4814"}],"wp:term":[{"taxonomy":"product_cat","embeddable":true,"href":"https:\/\/r-mboutique.com\/index.php\/wp-json\/wp\/v2\/product_cat?post=4814"},{"taxonomy":"product_tag","embeddable":true,"href":"https:\/\/r-mboutique.com\/index.php\/wp-json\/wp\/v2\/product_tag?post=4814"}],"curies":[{"name":"wp","href":"https:\/\/api.w.org\/{rel}","templated":true}]}}