{"id":5438,"date":"2022-05-07T00:16:22","date_gmt":"2022-05-06T23:16:22","guid":{"rendered":"https:\/\/r-mboutique.com\/index.php\/product\/emporio-armani-luigi-ar1808\/"},"modified":"2025-10-18T14:06:48","modified_gmt":"2025-10-18T13:06:48","slug":"emporio-armani-luigi-ar1808","status":"publish","type":"product","link":"https:\/\/r-mboutique.com\/index.php\/product\/emporio-armani-luigi-ar1808\/","title":{"rendered":"Emporio Armani Luigi AR1808"},"content":{"rendered":"<p><span>Cette montre Emporio Armani \u00e0 un bo\u00eetier en acier inoxydable avec un diam\u00e8tre de 46mm et poss\u00e8de un bracelet en m\u00e9tal. Le bo\u00eetier de la montre contient un mouvement et un cristal min\u00e9ral.<\/span><\/p>\n<p><span>La montre est \u00e9tanche \u00e0 5ATM. Cela signifie que la montre est \u00e9tanche pour la douche. La montre est livr\u00e9e avec 2 ann\u00e9es de garantie valable dans le monde entier.<\/span><\/p>\n<p><span style=\"font-family: Karla, Arial, Helvetica, sans-serif;font-size: 14px;font-style: normal;font-weight: normal;letter-spacing: normal;text-align: start;text-indent: 0px;text-transform: none;text-decoration: none;float: none\">Collection Emporio Armani \u2013 20<\/span><span>14<\/span><\/p>\n","protected":false},"excerpt":{"rendered":"<p>Cette montre Emporio Armani \u00e0 un bo\u00eetier en acier inoxydable avec un diam\u00e8tre de 46mm et poss\u00e8de un bracelet en<\/p>\n","protected":false},"featured_media":5436,"comment_status":"open","ping_status":"closed","template":"","meta":{"om_disable_all_campaigns":false},"product_cat":[41,26,28],"product_tag":[],"jetpack-related-posts":[{"id":10295,"url":"https:\/\/r-mboutique.com\/index.php\/product\/emporio-armani-gianni-ar11667\/","url_meta":{"origin":5438,"position":0},"title":"Emporio Armani Gianni AR11667","author":"Ramzi Merabtine","date":"01\/16\/2026","format":false,"excerpt":"Cette montre Emporio Armani \u00e0 un bo\u00eetier en acier inoxydable avec un diam\u00e8tre de 32mm et poss\u00e8de un bracelet en acier.\u00a0 Le bo\u00eetier de la montre contient un mouvement et un cristal min\u00e9ral. La montre est \u00e9tanche \u00e0 3ATM. Cela signifie que la montre est \u00e9tanche \u00e0 des \u00e9claboussures.\u00a0 La\u2026","rel":"","context":"Article similaire","block_context":{"text":"Article similaire","link":""},"img":{"alt_text":"","src":"https:\/\/i0.wp.com\/r-mboutique.com\/wp-content\/uploads\/2026\/01\/dji_20260116_172218_390.jpeg?fit=1200%2C1200&ssl=1&resize=350%2C200","width":350,"height":200,"srcset":"https:\/\/i0.wp.com\/r-mboutique.com\/wp-content\/uploads\/2026\/01\/dji_20260116_172218_390.jpeg?fit=1200%2C1200&ssl=1&resize=350%2C200 1x, https:\/\/i0.wp.com\/r-mboutique.com\/wp-content\/uploads\/2026\/01\/dji_20260116_172218_390.jpeg?fit=1200%2C1200&ssl=1&resize=525%2C300 1.5x, https:\/\/i0.wp.com\/r-mboutique.com\/wp-content\/uploads\/2026\/01\/dji_20260116_172218_390.jpeg?fit=1200%2C1200&ssl=1&resize=700%2C400 2x, https:\/\/i0.wp.com\/r-mboutique.com\/wp-content\/uploads\/2026\/01\/dji_20260116_172218_390.jpeg?fit=1200%2C1200&ssl=1&resize=1050%2C600 3x"},"classes":[]},{"id":10309,"url":"https:\/\/r-mboutique.com\/index.php\/product\/emporio-armani-mia-ar11630\/","url_meta":{"origin":5438,"position":1},"title":"Emporio Armani Mia AR11630","author":"Ramzi Merabtine","date":"01\/16\/2026","format":false,"excerpt":"Cette montre Emporio Armani \u00e0 un bo\u00eetier en acier inoxydable avec un diam\u00e8tre de 32mm et poss\u00e8de un bracelet en acier.\u00a0 Le bo\u00eetier de la montre contient un mouvement et un cristal min\u00e9ral. La montre est \u00e9tanche \u00e0 5ATM. Cela signifie que la montre est \u00e9tanche \u00e0 des \u00e9claboussures.\u00a0 La\u2026","rel":"","context":"Article similaire","block_context":{"text":"Article similaire","link":""},"img":{"alt_text":"","src":"https:\/\/i0.wp.com\/r-mboutique.com\/wp-content\/uploads\/2026\/01\/dji_20260116_171939_082.jpeg?fit=1200%2C1200&ssl=1&resize=350%2C200","width":350,"height":200,"srcset":"https:\/\/i0.wp.com\/r-mboutique.com\/wp-content\/uploads\/2026\/01\/dji_20260116_171939_082.jpeg?fit=1200%2C1200&ssl=1&resize=350%2C200 1x, https:\/\/i0.wp.com\/r-mboutique.com\/wp-content\/uploads\/2026\/01\/dji_20260116_171939_082.jpeg?fit=1200%2C1200&ssl=1&resize=525%2C300 1.5x, https:\/\/i0.wp.com\/r-mboutique.com\/wp-content\/uploads\/2026\/01\/dji_20260116_171939_082.jpeg?fit=1200%2C1200&ssl=1&resize=700%2C400 2x, https:\/\/i0.wp.com\/r-mboutique.com\/wp-content\/uploads\/2026\/01\/dji_20260116_171939_082.jpeg?fit=1200%2C1200&ssl=1&resize=1050%2C600 3x"},"classes":[]},{"id":10302,"url":"https:\/\/r-mboutique.com\/index.php\/product\/emporio-armani-mia-ar11609\/","url_meta":{"origin":5438,"position":2},"title":"Emporio Armani Mia AR11609","author":"Ramzi Merabtine","date":"01\/16\/2026","format":false,"excerpt":"Cette montre Emporio Armani \u00e0 un bo\u00eetier en acier inoxydable PVD avec un diam\u00e8tre de 32mm et poss\u00e8de un bracelet en acier.\u00a0 Le bo\u00eetier de la montre contient un mouvement et un cristal min\u00e9ral. La montre est \u00e9tanche \u00e0 5ATM. Cela signifie que la montre est \u00e9tanche \u00e0 des \u00e9claboussures.\u00a0\u2026","rel":"","context":"Article similaire","block_context":{"text":"Article similaire","link":""},"img":{"alt_text":"","src":"https:\/\/i0.wp.com\/r-mboutique.com\/wp-content\/uploads\/2026\/03\/3ebe42fc-0f75-46e6-bb42-7e23301b2306.jpeg?fit=1024%2C1024&ssl=1&resize=350%2C200","width":350,"height":200,"srcset":"https:\/\/i0.wp.com\/r-mboutique.com\/wp-content\/uploads\/2026\/03\/3ebe42fc-0f75-46e6-bb42-7e23301b2306.jpeg?fit=1024%2C1024&ssl=1&resize=350%2C200 1x, https:\/\/i0.wp.com\/r-mboutique.com\/wp-content\/uploads\/2026\/03\/3ebe42fc-0f75-46e6-bb42-7e23301b2306.jpeg?fit=1024%2C1024&ssl=1&resize=525%2C300 1.5x, https:\/\/i0.wp.com\/r-mboutique.com\/wp-content\/uploads\/2026\/03\/3ebe42fc-0f75-46e6-bb42-7e23301b2306.jpeg?fit=1024%2C1024&ssl=1&resize=700%2C400 2x"},"classes":[]},{"id":10083,"url":"https:\/\/r-mboutique.com\/index.php\/product\/emporio-armani-racer-ar11637\/","url_meta":{"origin":5438,"position":3},"title":"Emporio Armani Racer AR11637","author":"Ramzi Merabtine","date":"12\/22\/2025","format":false,"excerpt":"Cette montre Emporio Armani \u00e0 un bo\u00eetier en acier inoxydable avec un diam\u00e8tre de 42mm et poss\u00e8de un bracelet en m\u00e9tal. Le bo\u00eetier de la montre contient un mouvement Miyota et un cristal min\u00e9ral. La montre est \u00e9tanche \u00e0 5ATM. Cela signifie que la montre est \u00e9tanche pour la douche.\u2026","rel":"","context":"Article similaire","block_context":{"text":"Article similaire","link":""},"img":{"alt_text":"","src":"https:\/\/i0.wp.com\/r-mboutique.com\/wp-content\/uploads\/2026\/01\/2e0fae30-2112-4472-9bda-b3a6b5f86945-scaled.jpeg?fit=1200%2C1200&ssl=1&resize=350%2C200","width":350,"height":200,"srcset":"https:\/\/i0.wp.com\/r-mboutique.com\/wp-content\/uploads\/2026\/01\/2e0fae30-2112-4472-9bda-b3a6b5f86945-scaled.jpeg?fit=1200%2C1200&ssl=1&resize=350%2C200 1x, https:\/\/i0.wp.com\/r-mboutique.com\/wp-content\/uploads\/2026\/01\/2e0fae30-2112-4472-9bda-b3a6b5f86945-scaled.jpeg?fit=1200%2C1200&ssl=1&resize=525%2C300 1.5x, https:\/\/i0.wp.com\/r-mboutique.com\/wp-content\/uploads\/2026\/01\/2e0fae30-2112-4472-9bda-b3a6b5f86945-scaled.jpeg?fit=1200%2C1200&ssl=1&resize=700%2C400 2x, https:\/\/i0.wp.com\/r-mboutique.com\/wp-content\/uploads\/2026\/01\/2e0fae30-2112-4472-9bda-b3a6b5f86945-scaled.jpeg?fit=1200%2C1200&ssl=1&resize=1050%2C600 3x"},"classes":[]},{"id":10240,"url":"https:\/\/r-mboutique.com\/index.php\/product\/emporio-armani-racer-ar11676\/","url_meta":{"origin":5438,"position":4},"title":"Emporio Armani Racer AR11676","author":"Ramzi Merabtine","date":"01\/08\/2026","format":false,"excerpt":"Cette montre Emporio Armani \u00e0 un bo\u00eetier en acier inoxydable avec un diam\u00e8tre de 42mm et poss\u00e8de un bracelet en m\u00e9tal. Le bo\u00eetier de la montre contient un mouvement Miyota et un cristal min\u00e9ral. La montre est \u00e9tanche \u00e0 5ATM. Cela signifie que la montre est \u00e9tanche pour la douche.\u2026","rel":"","context":"Article similaire","block_context":{"text":"Article similaire","link":""},"img":{"alt_text":"","src":"https:\/\/i0.wp.com\/r-mboutique.com\/wp-content\/uploads\/2026\/01\/40f6f2b0-3ec4-4c26-8274-1751fa32572f-scaled.jpeg?fit=1200%2C1200&ssl=1&resize=350%2C200","width":350,"height":200,"srcset":"https:\/\/i0.wp.com\/r-mboutique.com\/wp-content\/uploads\/2026\/01\/40f6f2b0-3ec4-4c26-8274-1751fa32572f-scaled.jpeg?fit=1200%2C1200&ssl=1&resize=350%2C200 1x, https:\/\/i0.wp.com\/r-mboutique.com\/wp-content\/uploads\/2026\/01\/40f6f2b0-3ec4-4c26-8274-1751fa32572f-scaled.jpeg?fit=1200%2C1200&ssl=1&resize=525%2C300 1.5x, https:\/\/i0.wp.com\/r-mboutique.com\/wp-content\/uploads\/2026\/01\/40f6f2b0-3ec4-4c26-8274-1751fa32572f-scaled.jpeg?fit=1200%2C1200&ssl=1&resize=700%2C400 2x, https:\/\/i0.wp.com\/r-mboutique.com\/wp-content\/uploads\/2026\/01\/40f6f2b0-3ec4-4c26-8274-1751fa32572f-scaled.jpeg?fit=1200%2C1200&ssl=1&resize=1050%2C600 3x"},"classes":[]},{"id":2077,"url":"https:\/\/r-mboutique.com\/index.php\/product\/emporio-armani-tazio-ar6012\/","url_meta":{"origin":5438,"position":5},"title":"Emporio Armani Tazio AR6012","author":"Ramzi Merabtine","date":"09\/17\/2021","format":false,"excerpt":"Cette montre Emporio Armani \u00e0 un bo\u00eetier en acier inoxydable enduit d'or avec un diam\u00e8tre de 39mm et poss\u00e8de un bracelet en cuir. Le bo\u00eetier de la montre contient un mouvement et un cristal min\u00e9ral. La montre est \u00e9tanche \u00e0 5ATM. Cela signifie que la montre est \u00e9tanche pour la\u2026","rel":"","context":"Article similaire","block_context":{"text":"Article similaire","link":""},"img":{"alt_text":"","src":"https:\/\/i0.wp.com\/r-mboutique.com\/wp-content\/uploads\/2021\/09\/c9de4640-73fc-4fab-972b-561f7b46e41a-1.jpeg?fit=1200%2C1200&ssl=1&resize=350%2C200","width":350,"height":200,"srcset":"https:\/\/i0.wp.com\/r-mboutique.com\/wp-content\/uploads\/2021\/09\/c9de4640-73fc-4fab-972b-561f7b46e41a-1.jpeg?fit=1200%2C1200&ssl=1&resize=350%2C200 1x, https:\/\/i0.wp.com\/r-mboutique.com\/wp-content\/uploads\/2021\/09\/c9de4640-73fc-4fab-972b-561f7b46e41a-1.jpeg?fit=1200%2C1200&ssl=1&resize=525%2C300 1.5x, https:\/\/i0.wp.com\/r-mboutique.com\/wp-content\/uploads\/2021\/09\/c9de4640-73fc-4fab-972b-561f7b46e41a-1.jpeg?fit=1200%2C1200&ssl=1&resize=700%2C400 2x, https:\/\/i0.wp.com\/r-mboutique.com\/wp-content\/uploads\/2021\/09\/c9de4640-73fc-4fab-972b-561f7b46e41a-1.jpeg?fit=1200%2C1200&ssl=1&resize=1050%2C600 3x"},"classes":[]}],"_links":{"self":[{"href":"https:\/\/r-mboutique.com\/index.php\/wp-json\/wp\/v2\/product\/5438"}],"collection":[{"href":"https:\/\/r-mboutique.com\/index.php\/wp-json\/wp\/v2\/product"}],"about":[{"href":"https:\/\/r-mboutique.com\/index.php\/wp-json\/wp\/v2\/types\/product"}],"replies":[{"embeddable":true,"href":"https:\/\/r-mboutique.com\/index.php\/wp-json\/wp\/v2\/comments?post=5438"}],"wp:featuredmedia":[{"embeddable":true,"href":"https:\/\/r-mboutique.com\/index.php\/wp-json\/wp\/v2\/media\/5436"}],"wp:attachment":[{"href":"https:\/\/r-mboutique.com\/index.php\/wp-json\/wp\/v2\/media?parent=5438"}],"wp:term":[{"taxonomy":"product_cat","embeddable":true,"href":"https:\/\/r-mboutique.com\/index.php\/wp-json\/wp\/v2\/product_cat?post=5438"},{"taxonomy":"product_tag","embeddable":true,"href":"https:\/\/r-mboutique.com\/index.php\/wp-json\/wp\/v2\/product_tag?post=5438"}],"curies":[{"name":"wp","href":"https:\/\/api.w.org\/{rel}","templated":true}]}}