{"id":5504,"date":"2022-05-16T23:42:47","date_gmt":"2022-05-16T22:42:47","guid":{"rendered":"https:\/\/r-mboutique.com\/index.php\/product\/diesel-mega-chief-xl-dz4534\/"},"modified":"2025-09-18T06:33:14","modified_gmt":"2025-09-18T05:33:14","slug":"diesel-mega-chief-xl-dz4534","status":"publish","type":"product","link":"https:\/\/r-mboutique.com\/index.php\/product\/diesel-mega-chief-xl-dz4534\/","title":{"rendered":"Diesel Mega Chief XL DZ4534"},"content":{"rendered":"<p><span>Cette montre Diesel \u00e0 un bo\u00eetier en plastique avec un diam\u00e8tre de 51mm et poss\u00e8de un bracelet en Plastique \/ r\u00e9sine. Le bo\u00eetier de la montre contient un mouvement et un cristal min\u00e9ral.<\/span><\/p>\n<p><span>La montre est \u00e9tanche \u00e0 5ATM. Cela signifie que la montre est \u00e9tanche pour la douche. La montre est livr\u00e9e avec 2 ann\u00e9es de garantie valable dans le monde entier.<\/span><\/p>\n","protected":false},"excerpt":{"rendered":"<p>Cette montre Diesel \u00e0 un bo\u00eetier en plastique avec un diam\u00e8tre de 51mm et poss\u00e8de un bracelet en Plastique \/<\/p>\n","protected":false},"featured_media":5501,"comment_status":"open","ping_status":"closed","template":"","meta":{"om_disable_all_campaigns":false},"product_cat":[48,57,26,28],"product_tag":[],"jetpack-related-posts":[{"id":5100,"url":"https:\/\/r-mboutique.com\/index.php\/product\/diesel-mr-daddy-2-0-dz7427\/","url_meta":{"origin":5504,"position":0},"title":"Diesel Mr Daddy 2.0 DZ7427","author":"Ramzi Merabtine","date":"03\/31\/2022","format":false,"excerpt":"Cette montre Diesel \u00e0 un bo\u00eetier en plastique avec un diam\u00e8tre de 61mm et poss\u00e8de un bracelet en Plastique \/ r\u00e9sine. Le bo\u00eetier de la montre contient un mouvement et un cristal min\u00e9ral. La montre est \u00e9tanche \u00e0 3ATM. Cela signifie que la montre est \u00e9tanche \u00e0 des \u00e9claboussures. La\u2026","rel":"","context":"Avec 1 commentaire","block_context":{"text":"Avec 1 commentaire","link":"https:\/\/r-mboutique.com\/index.php\/product\/diesel-mr-daddy-2-0-dz7427\/#comments"},"img":{"alt_text":"","src":"https:\/\/i0.wp.com\/r-mboutique.com\/wp-content\/uploads\/2022\/03\/img_7822.jpeg?fit=1000%2C1000&ssl=1&resize=350%2C200","width":350,"height":200,"srcset":"https:\/\/i0.wp.com\/r-mboutique.com\/wp-content\/uploads\/2022\/03\/img_7822.jpeg?fit=1000%2C1000&ssl=1&resize=350%2C200 1x, https:\/\/i0.wp.com\/r-mboutique.com\/wp-content\/uploads\/2022\/03\/img_7822.jpeg?fit=1000%2C1000&ssl=1&resize=525%2C300 1.5x, https:\/\/i0.wp.com\/r-mboutique.com\/wp-content\/uploads\/2022\/03\/img_7822.jpeg?fit=1000%2C1000&ssl=1&resize=700%2C400 2x"},"classes":[]},{"id":5112,"url":"https:\/\/r-mboutique.com\/index.php\/product\/diesel-mega-chief-xl-dz4515\/","url_meta":{"origin":5504,"position":1},"title":"Diesel Mega Chief XL DZ4515","author":"Ramzi Merabtine","date":"03\/31\/2022","format":false,"excerpt":"Cette montre Diesel \u00e0 un bo\u00eetier en plastique avec un diam\u00e8tre de 51mm et poss\u00e8de un bracelet en Plastique \/ r\u00e9sine. Le bo\u00eetier de la montre contient un mouvement et un cristal min\u00e9ral. La montre est \u00e9tanche \u00e0 5ATM. Cela signifie que la montre est \u00e9tanche pour la douche. La\u2026","rel":"","context":"Article similaire","block_context":{"text":"Article similaire","link":""},"img":{"alt_text":"","src":"https:\/\/i0.wp.com\/r-mboutique.com\/wp-content\/uploads\/2022\/03\/img_7832.jpeg?fit=1000%2C1000&ssl=1&resize=350%2C200","width":350,"height":200,"srcset":"https:\/\/i0.wp.com\/r-mboutique.com\/wp-content\/uploads\/2022\/03\/img_7832.jpeg?fit=1000%2C1000&ssl=1&resize=350%2C200 1x, https:\/\/i0.wp.com\/r-mboutique.com\/wp-content\/uploads\/2022\/03\/img_7832.jpeg?fit=1000%2C1000&ssl=1&resize=525%2C300 1.5x, https:\/\/i0.wp.com\/r-mboutique.com\/wp-content\/uploads\/2022\/03\/img_7832.jpeg?fit=1000%2C1000&ssl=1&resize=700%2C400 2x"},"classes":[]},{"id":5456,"url":"https:\/\/r-mboutique.com\/index.php\/product\/diesel-mega-chief-xl-dz4487\/","url_meta":{"origin":5504,"position":2},"title":"Diesel Mega Chief XL DZ4487","author":"Ramzi Merabtine","date":"05\/10\/2022","format":false,"excerpt":"Cette montre Diesel \u00e0 un bo\u00eetier en plastique avec un diam\u00e8tre de 51mm et poss\u00e8de un bracelet en caoutchouc. Le bo\u00eetier de la montre contient un mouvement et un cristal min\u00e9ral. La montre est \u00e9tanche \u00e0 5ATM. Cela signifie que la montre est \u00e9tanche pour la douche. La montre est\u2026","rel":"","context":"Avec 1 commentaire","block_context":{"text":"Avec 1 commentaire","link":"https:\/\/r-mboutique.com\/index.php\/product\/diesel-mega-chief-xl-dz4487\/#comments"},"img":{"alt_text":"","src":"https:\/\/i0.wp.com\/r-mboutique.com\/wp-content\/uploads\/2022\/05\/img_8765.jpeg?fit=1000%2C1000&ssl=1&resize=350%2C200","width":350,"height":200,"srcset":"https:\/\/i0.wp.com\/r-mboutique.com\/wp-content\/uploads\/2022\/05\/img_8765.jpeg?fit=1000%2C1000&ssl=1&resize=350%2C200 1x, https:\/\/i0.wp.com\/r-mboutique.com\/wp-content\/uploads\/2022\/05\/img_8765.jpeg?fit=1000%2C1000&ssl=1&resize=525%2C300 1.5x, https:\/\/i0.wp.com\/r-mboutique.com\/wp-content\/uploads\/2022\/05\/img_8765.jpeg?fit=1000%2C1000&ssl=1&resize=700%2C400 2x"},"classes":[]},{"id":3560,"url":"https:\/\/r-mboutique.com\/index.php\/product\/diesel-mega-chief-dz4421\/","url_meta":{"origin":5504,"position":3},"title":"Diesel Mega Chief DZ4421","author":"Ramzi Merabtine","date":"01\/04\/2022","format":false,"excerpt":"Cette montre Diesel \u00e0 un bo\u00eetier en Acier Inoxydable Rev\u00eatue en Couleur avec un diam\u00e8tre de 51mm et poss\u00e8de un bracelet en m\u00e9tal. Le bo\u00eetier de la montre contient un mouvement et un cristal min\u00e9ral. La montre est \u00e9tanche \u00e0 10ATM. Cela signifie que la montre est \u00e9tanche pour nager.\u2026","rel":"","context":"Article similaire","block_context":{"text":"Article similaire","link":""},"img":{"alt_text":"","src":"https:\/\/i0.wp.com\/r-mboutique.com\/wp-content\/uploads\/2022\/01\/img_5364.jpeg?fit=1000%2C1000&ssl=1&resize=350%2C200","width":350,"height":200,"srcset":"https:\/\/i0.wp.com\/r-mboutique.com\/wp-content\/uploads\/2022\/01\/img_5364.jpeg?fit=1000%2C1000&ssl=1&resize=350%2C200 1x, https:\/\/i0.wp.com\/r-mboutique.com\/wp-content\/uploads\/2022\/01\/img_5364.jpeg?fit=1000%2C1000&ssl=1&resize=525%2C300 1.5x, https:\/\/i0.wp.com\/r-mboutique.com\/wp-content\/uploads\/2022\/01\/img_5364.jpeg?fit=1000%2C1000&ssl=1&resize=700%2C400 2x"},"classes":[]},{"id":3622,"url":"https:\/\/r-mboutique.com\/index.php\/product\/diesel-overflow-dz4297\/","url_meta":{"origin":5504,"position":4},"title":"Diesel Overflow DZ4297","author":"Ramzi Merabtine","date":"01\/04\/2022","format":false,"excerpt":"Cette montre Diesel \u00e0 un bo\u00eetier en acier inoxydable en or rose avec un diam\u00e8tre de 49mm et poss\u00e8de un bracelet en cuir. Le bo\u00eetier de la montre contient un mouvement et un cristal min\u00e9ral. La montre est \u00e9tanche \u00e0 10ATM. Cela signifie que la montre est \u00e9tanche pour nager.\u2026","rel":"","context":"Article similaire","block_context":{"text":"Article similaire","link":""},"img":{"alt_text":"","src":"https:\/\/i0.wp.com\/r-mboutique.com\/wp-content\/uploads\/2022\/01\/img_5395.jpeg?fit=1000%2C1000&ssl=1&resize=350%2C200","width":350,"height":200,"srcset":"https:\/\/i0.wp.com\/r-mboutique.com\/wp-content\/uploads\/2022\/01\/img_5395.jpeg?fit=1000%2C1000&ssl=1&resize=350%2C200 1x, https:\/\/i0.wp.com\/r-mboutique.com\/wp-content\/uploads\/2022\/01\/img_5395.jpeg?fit=1000%2C1000&ssl=1&resize=525%2C300 1.5x, https:\/\/i0.wp.com\/r-mboutique.com\/wp-content\/uploads\/2022\/01\/img_5395.jpeg?fit=1000%2C1000&ssl=1&resize=700%2C400 2x"},"classes":[]},{"id":3663,"url":"https:\/\/r-mboutique.com\/index.php\/product\/diesel-baby-chief-dz4564\/","url_meta":{"origin":5504,"position":5},"title":"Diesel Baby Chief DZ4564","author":"Ramzi Merabtine","date":"01\/05\/2022","format":false,"excerpt":"Cette montre Diesel \u00e0 un bo\u00eetier en acier inoxydable avec un diam\u00e8tre de 43mm et poss\u00e8de un bracelet en . Le bo\u00eetier de la montre contient un mouvement et un cristal min\u00e9ral. La montre est \u00e9tanche \u00e0 10ATM. Cela signifie que la montre est \u00e9tanche pour nager. La montre est\u2026","rel":"","context":"Article similaire","block_context":{"text":"Article similaire","link":""},"img":{"alt_text":"","src":"https:\/\/i0.wp.com\/r-mboutique.com\/wp-content\/uploads\/2022\/01\/img_5430.jpeg?fit=1000%2C1000&ssl=1&resize=350%2C200","width":350,"height":200,"srcset":"https:\/\/i0.wp.com\/r-mboutique.com\/wp-content\/uploads\/2022\/01\/img_5430.jpeg?fit=1000%2C1000&ssl=1&resize=350%2C200 1x, https:\/\/i0.wp.com\/r-mboutique.com\/wp-content\/uploads\/2022\/01\/img_5430.jpeg?fit=1000%2C1000&ssl=1&resize=525%2C300 1.5x, https:\/\/i0.wp.com\/r-mboutique.com\/wp-content\/uploads\/2022\/01\/img_5430.jpeg?fit=1000%2C1000&ssl=1&resize=700%2C400 2x"},"classes":[]}],"_links":{"self":[{"href":"https:\/\/r-mboutique.com\/index.php\/wp-json\/wp\/v2\/product\/5504"}],"collection":[{"href":"https:\/\/r-mboutique.com\/index.php\/wp-json\/wp\/v2\/product"}],"about":[{"href":"https:\/\/r-mboutique.com\/index.php\/wp-json\/wp\/v2\/types\/product"}],"replies":[{"embeddable":true,"href":"https:\/\/r-mboutique.com\/index.php\/wp-json\/wp\/v2\/comments?post=5504"}],"wp:featuredmedia":[{"embeddable":true,"href":"https:\/\/r-mboutique.com\/index.php\/wp-json\/wp\/v2\/media\/5501"}],"wp:attachment":[{"href":"https:\/\/r-mboutique.com\/index.php\/wp-json\/wp\/v2\/media?parent=5504"}],"wp:term":[{"taxonomy":"product_cat","embeddable":true,"href":"https:\/\/r-mboutique.com\/index.php\/wp-json\/wp\/v2\/product_cat?post=5504"},{"taxonomy":"product_tag","embeddable":true,"href":"https:\/\/r-mboutique.com\/index.php\/wp-json\/wp\/v2\/product_tag?post=5504"}],"curies":[{"name":"wp","href":"https:\/\/api.w.org\/{rel}","templated":true}]}}