{"id":5738,"date":"2022-06-08T08:42:13","date_gmt":"2022-06-08T07:42:13","guid":{"rendered":"https:\/\/r-mboutique.com\/index.php\/product\/casio-vintage-f-105w-1adf\/"},"modified":"2025-09-18T06:28:17","modified_gmt":"2025-09-18T05:28:17","slug":"casio-vintage-f-105w-1adf","status":"publish","type":"product","link":"https:\/\/r-mboutique.com\/index.php\/product\/casio-vintage-f-105w-1adf\/","title":{"rendered":"Casio Vintage F-105W-1ADF"},"content":{"rendered":"<p>Chronom\u00e8tre<\/p>\n<p>Chronom\u00e8tre (1\/100 seconde, compteur de 60 minutes, avec fractionnement)<\/p>\n<p>Rapport d&#8217;alarme\/d&#8217;heure<\/p>\n<p>Alarmes de temps et rapports de temps<\/p>\n<p>Lumi\u00e8re S.A.<\/p>\n<p>R\u00e9tro\u00e9clairage EL<\/p>\n<p>Couleur claire<\/p>\n<p>EL: Bleu Vert<\/p>\n<p>Un calendrier<\/p>\n<p>Calendrier automatique<\/p>\n<p>Justesse<\/p>\n<p>Diff\u00e9rence mensuelle moyenne: \u00b130 secondes<\/p>\n<p>Autres fonctions<\/p>\n<p>Commutation d&#8217;affichage 12\/24 heures<\/p>\n","protected":false},"excerpt":{"rendered":"<p>Chronom\u00e8tre Chronom\u00e8tre (1\/100 seconde, compteur de 60 minutes, avec fractionnement) Rapport d&#8217;alarme\/d&#8217;heure Alarmes de temps et rapports de temps Lumi\u00e8re<\/p>\n","protected":false},"featured_media":5737,"comment_status":"open","ping_status":"closed","template":"","meta":{"om_disable_all_campaigns":false},"product_cat":[46,26,30,28],"product_tag":[],"jetpack-related-posts":[{"id":8237,"url":"https:\/\/r-mboutique.com\/index.php\/product\/casio-retro-vintage-a168wgg-1b\/","url_meta":{"origin":5738,"position":0},"title":"Casio r\u00e9tro Vintage A168WGG-1B","author":"Ramzi Merabtine","date":"12\/26\/2023","format":false,"excerpt":"la fusion de la nostalgie r\u00e9tro et du style de la mode. Bien plus qu\u2019une simple d\u00e9claration de mode, cette montre offre des fonctions pratiques telles que le chronom\u00e8tre et l\u2019alarme, ainsi que l\u2019\u00e9tanch\u00e9it\u00e9 pour une utilisation quotidienne afin de vous lib\u00e9rer de toute inqui\u00e9tude, m\u00eame les jours de pluie.\u2026","rel":"","context":"Article similaire","block_context":{"text":"Article similaire","link":""},"img":{"alt_text":"","src":"https:\/\/i0.wp.com\/r-mboutique.com\/wp-content\/uploads\/2023\/12\/img_9092.jpeg?fit=1200%2C1200&ssl=1&resize=350%2C200","width":350,"height":200,"srcset":"https:\/\/i0.wp.com\/r-mboutique.com\/wp-content\/uploads\/2023\/12\/img_9092.jpeg?fit=1200%2C1200&ssl=1&resize=350%2C200 1x, https:\/\/i0.wp.com\/r-mboutique.com\/wp-content\/uploads\/2023\/12\/img_9092.jpeg?fit=1200%2C1200&ssl=1&resize=525%2C300 1.5x, https:\/\/i0.wp.com\/r-mboutique.com\/wp-content\/uploads\/2023\/12\/img_9092.jpeg?fit=1200%2C1200&ssl=1&resize=700%2C400 2x, https:\/\/i0.wp.com\/r-mboutique.com\/wp-content\/uploads\/2023\/12\/img_9092.jpeg?fit=1200%2C1200&ssl=1&resize=1050%2C600 3x"},"classes":[]},{"id":8245,"url":"https:\/\/r-mboutique.com\/index.php\/product\/casio-retro-vintage-a168wg-9w\/","url_meta":{"origin":5738,"position":1},"title":"Casio r\u00e9tro Vintage A168WG-9W","author":"Ramzi Merabtine","date":"12\/26\/2023","format":false,"excerpt":"la fusion de la nostalgie r\u00e9tro et du style de la mode. Bien plus qu\u2019une simple d\u00e9claration de mode, cette montre offre des fonctions pratiques telles que le chronom\u00e8tre et l\u2019alarme, ainsi que l\u2019\u00e9tanch\u00e9it\u00e9 pour une utilisation quotidienne afin de vous lib\u00e9rer de toute inqui\u00e9tude, m\u00eame les jours de pluie.\u2026","rel":"","context":"Article similaire","block_context":{"text":"Article similaire","link":""},"img":{"alt_text":"","src":"https:\/\/i0.wp.com\/r-mboutique.com\/wp-content\/uploads\/2023\/12\/img_9112.jpeg?fit=1200%2C1200&ssl=1&resize=350%2C200","width":350,"height":200,"srcset":"https:\/\/i0.wp.com\/r-mboutique.com\/wp-content\/uploads\/2023\/12\/img_9112.jpeg?fit=1200%2C1200&ssl=1&resize=350%2C200 1x, https:\/\/i0.wp.com\/r-mboutique.com\/wp-content\/uploads\/2023\/12\/img_9112.jpeg?fit=1200%2C1200&ssl=1&resize=525%2C300 1.5x, https:\/\/i0.wp.com\/r-mboutique.com\/wp-content\/uploads\/2023\/12\/img_9112.jpeg?fit=1200%2C1200&ssl=1&resize=700%2C400 2x, https:\/\/i0.wp.com\/r-mboutique.com\/wp-content\/uploads\/2023\/12\/img_9112.jpeg?fit=1200%2C1200&ssl=1&resize=1050%2C600 3x"},"classes":[]},{"id":7622,"url":"https:\/\/r-mboutique.com\/index.php\/product\/casio-retro-vintage-a168werg-2a\/","url_meta":{"origin":5738,"position":2},"title":"Casio r\u00e9tro Vintage A168WERG-2A","author":"Ramzi Merabtine","date":"08\/21\/2023","format":false,"excerpt":"la fusion de la nostalgie r\u00e9tro et du style de la mode avec un cadran de montre aux teintes d\u00e9grad\u00e9es. Bien plus qu'une simple d\u00e9claration de mode, cette montre offre des fonctions pratiques telles que le chronom\u00e8tre et l'alarme, ainsi que l'\u00e9tanch\u00e9it\u00e9 pour une utilisation quotidienne afin de vous lib\u00e9rer\u2026","rel":"","context":"Article similaire","block_context":{"text":"Article similaire","link":""},"img":{"alt_text":"","src":"https:\/\/i0.wp.com\/r-mboutique.com\/wp-content\/uploads\/2023\/08\/img_5399.jpeg?fit=1079%2C1079&ssl=1&resize=350%2C200","width":350,"height":200,"srcset":"https:\/\/i0.wp.com\/r-mboutique.com\/wp-content\/uploads\/2023\/08\/img_5399.jpeg?fit=1079%2C1079&ssl=1&resize=350%2C200 1x, https:\/\/i0.wp.com\/r-mboutique.com\/wp-content\/uploads\/2023\/08\/img_5399.jpeg?fit=1079%2C1079&ssl=1&resize=525%2C300 1.5x, https:\/\/i0.wp.com\/r-mboutique.com\/wp-content\/uploads\/2023\/08\/img_5399.jpeg?fit=1079%2C1079&ssl=1&resize=700%2C400 2x, https:\/\/i0.wp.com\/r-mboutique.com\/wp-content\/uploads\/2023\/08\/img_5399.jpeg?fit=1079%2C1079&ssl=1&resize=1050%2C600 3x"},"classes":[]},{"id":7632,"url":"https:\/\/r-mboutique.com\/index.php\/product\/casio-retro-vintage-a168werb-2a\/","url_meta":{"origin":5738,"position":3},"title":"Casio r\u00e9tro Vintage A168WERB-2A","author":"Ramzi Merabtine","date":"08\/21\/2023","format":false,"excerpt":"la fusion de la nostalgie r\u00e9tro et du style de la mode avec un cadran de montre aux teintes d\u00e9grad\u00e9es. Bien plus qu\u2019une simple d\u00e9claration de mode, cette montre offre des fonctions pratiques telles que le chronom\u00e8tre et l\u2019alarme, ainsi que l\u2019\u00e9tanch\u00e9it\u00e9 pour une utilisation quotidienne afin de vous lib\u00e9rer\u2026","rel":"","context":"Article similaire","block_context":{"text":"Article similaire","link":""},"img":{"alt_text":"","src":"https:\/\/i0.wp.com\/r-mboutique.com\/wp-content\/uploads\/2023\/08\/img_5405.jpeg?fit=1078%2C1078&ssl=1&resize=350%2C200","width":350,"height":200,"srcset":"https:\/\/i0.wp.com\/r-mboutique.com\/wp-content\/uploads\/2023\/08\/img_5405.jpeg?fit=1078%2C1078&ssl=1&resize=350%2C200 1x, https:\/\/i0.wp.com\/r-mboutique.com\/wp-content\/uploads\/2023\/08\/img_5405.jpeg?fit=1078%2C1078&ssl=1&resize=525%2C300 1.5x, https:\/\/i0.wp.com\/r-mboutique.com\/wp-content\/uploads\/2023\/08\/img_5405.jpeg?fit=1078%2C1078&ssl=1&resize=700%2C400 2x, https:\/\/i0.wp.com\/r-mboutique.com\/wp-content\/uploads\/2023\/08\/img_5405.jpeg?fit=1078%2C1078&ssl=1&resize=1050%2C600 3x"},"classes":[]},{"id":7641,"url":"https:\/\/r-mboutique.com\/index.php\/product\/casio-retro-vintage-a168wgg-1a\/","url_meta":{"origin":5738,"position":4},"title":"Casio r\u00e9tro Vintage A168WGG-1A","author":"Ramzi Merabtine","date":"08\/21\/2023","format":false,"excerpt":"la fusion de la nostalgie r\u00e9tro et du style de la mode. Bien plus qu\u2019une simple d\u00e9claration de mode, cette montre offre des fonctions pratiques telles que le chronom\u00e8tre et l\u2019alarme, ainsi que l\u2019\u00e9tanch\u00e9it\u00e9 pour une utilisation quotidienne afin de vous lib\u00e9rer de toute inqui\u00e9tude, m\u00eame les jours de pluie.\u2026","rel":"","context":"Article similaire","block_context":{"text":"Article similaire","link":""},"img":{"alt_text":"","src":"https:\/\/i0.wp.com\/r-mboutique.com\/wp-content\/uploads\/2023\/08\/1ca0a2cc-003b-4387-90a2-5cd3cc0e7c3a.jpeg?fit=1200%2C1200&ssl=1&resize=350%2C200","width":350,"height":200,"srcset":"https:\/\/i0.wp.com\/r-mboutique.com\/wp-content\/uploads\/2023\/08\/1ca0a2cc-003b-4387-90a2-5cd3cc0e7c3a.jpeg?fit=1200%2C1200&ssl=1&resize=350%2C200 1x, https:\/\/i0.wp.com\/r-mboutique.com\/wp-content\/uploads\/2023\/08\/1ca0a2cc-003b-4387-90a2-5cd3cc0e7c3a.jpeg?fit=1200%2C1200&ssl=1&resize=525%2C300 1.5x, https:\/\/i0.wp.com\/r-mboutique.com\/wp-content\/uploads\/2023\/08\/1ca0a2cc-003b-4387-90a2-5cd3cc0e7c3a.jpeg?fit=1200%2C1200&ssl=1&resize=700%2C400 2x, https:\/\/i0.wp.com\/r-mboutique.com\/wp-content\/uploads\/2023\/08\/1ca0a2cc-003b-4387-90a2-5cd3cc0e7c3a.jpeg?fit=1200%2C1200&ssl=1&resize=1050%2C600 3x"},"classes":[]},{"id":8555,"url":"https:\/\/r-mboutique.com\/index.php\/product\/casio-ae-1200whb-3bv\/","url_meta":{"origin":5738,"position":5},"title":"Casio AE-1200WHB-3BV","author":"Ramzi Merabtine","date":"03\/13\/2024","format":false,"excerpt":"Description DUR\u00c9E DE VIE DE LA BATTERIE DE 10\u00a0ANS \u2022 Chronom\u00e8tre au 1\/100e\u00a0de seconde \u2022 Carte du monde pour l\u2019heure mondiale \u2022 5\u00a0alarmes \u2022 \u00c9clairage LED \u2022 \u00c9tanche jusqu\u2019\u00e0 100\u00a0m\u00e8tres Informations de base : Taille du bo\u00eetier (L\u00d7 l\u00d7 H)\u00a0: 45 \u00d7 42.1 \u00d7 12.5 mm Poids\u00a0: 91 g Mat\u00e9riau\u2026","rel":"","context":"Article similaire","block_context":{"text":"Article similaire","link":""},"img":{"alt_text":"","src":"https:\/\/i0.wp.com\/r-mboutique.com\/wp-content\/uploads\/2024\/03\/img_0391-scaled.jpeg?fit=1200%2C1200&ssl=1&resize=350%2C200","width":350,"height":200,"srcset":"https:\/\/i0.wp.com\/r-mboutique.com\/wp-content\/uploads\/2024\/03\/img_0391-scaled.jpeg?fit=1200%2C1200&ssl=1&resize=350%2C200 1x, https:\/\/i0.wp.com\/r-mboutique.com\/wp-content\/uploads\/2024\/03\/img_0391-scaled.jpeg?fit=1200%2C1200&ssl=1&resize=525%2C300 1.5x, https:\/\/i0.wp.com\/r-mboutique.com\/wp-content\/uploads\/2024\/03\/img_0391-scaled.jpeg?fit=1200%2C1200&ssl=1&resize=700%2C400 2x, https:\/\/i0.wp.com\/r-mboutique.com\/wp-content\/uploads\/2024\/03\/img_0391-scaled.jpeg?fit=1200%2C1200&ssl=1&resize=1050%2C600 3x"},"classes":[]}],"_links":{"self":[{"href":"https:\/\/r-mboutique.com\/index.php\/wp-json\/wp\/v2\/product\/5738"}],"collection":[{"href":"https:\/\/r-mboutique.com\/index.php\/wp-json\/wp\/v2\/product"}],"about":[{"href":"https:\/\/r-mboutique.com\/index.php\/wp-json\/wp\/v2\/types\/product"}],"replies":[{"embeddable":true,"href":"https:\/\/r-mboutique.com\/index.php\/wp-json\/wp\/v2\/comments?post=5738"}],"wp:featuredmedia":[{"embeddable":true,"href":"https:\/\/r-mboutique.com\/index.php\/wp-json\/wp\/v2\/media\/5737"}],"wp:attachment":[{"href":"https:\/\/r-mboutique.com\/index.php\/wp-json\/wp\/v2\/media?parent=5738"}],"wp:term":[{"taxonomy":"product_cat","embeddable":true,"href":"https:\/\/r-mboutique.com\/index.php\/wp-json\/wp\/v2\/product_cat?post=5738"},{"taxonomy":"product_tag","embeddable":true,"href":"https:\/\/r-mboutique.com\/index.php\/wp-json\/wp\/v2\/product_tag?post=5738"}],"curies":[{"name":"wp","href":"https:\/\/api.w.org\/{rel}","templated":true}]}}