{"id":5742,"date":"2022-06-08T08:48:57","date_gmt":"2022-06-08T07:48:57","guid":{"rendered":"https:\/\/r-mboutique.com\/index.php\/product\/casio-vintage-f-91wm-7adf\/"},"modified":"2025-09-18T06:28:13","modified_gmt":"2025-09-18T05:28:13","slug":"casio-vintage-f-91wm-7adf","status":"publish","type":"product","link":"https:\/\/r-mboutique.com\/index.php\/product\/casio-vintage-f-91wm-7adf\/","title":{"rendered":"Casio Vintage F-91WM-7ADF"},"content":{"rendered":"<p>Il s&#8217;agit d&#8217;un mod\u00e8le LCD num\u00e9rique l\u00e9ger et fin. Il est \u00e9quip\u00e9 de fonctions pratiques telles que l&#8217;affichage de la date et du jour, l&#8217;alarme et le chronom\u00e8tre.<\/p>\n<p>Informations de base<\/p>\n<p>Taille du bo\u00eetier (longueur x largeur x \u00e9paisseur)<\/p>\n<p>38,2 \u00d7 35,2 \u00d7 8,5 mm<\/p>\n<p>Messe.<\/p>\n<p>21 g<\/p>\n<p>Mat\u00e9riau du bo\u00eetier et de la lunette<\/p>\n<p>R\u00e9sines<\/p>\n<p>Un groupe<\/p>\n<p>Bande de r\u00e9sine<\/p>\n<p>Imperm\u00e9abilisation<\/p>\n<p>Imperm\u00e9able pour la vie quotidienne<\/p>\n<p>Alimentation \u00e9lectrique et dur\u00e9e de vie de la batterie<\/p>\n<p>Autonomie de la batterie: environ 7 ans<\/p>\n","protected":false},"excerpt":{"rendered":"<p>Il s&#8217;agit d&#8217;un mod\u00e8le LCD num\u00e9rique l\u00e9ger et fin. Il est \u00e9quip\u00e9 de fonctions pratiques telles que l&#8217;affichage de la<\/p>\n","protected":false},"featured_media":5740,"comment_status":"open","ping_status":"closed","template":"","meta":{"om_disable_all_campaigns":false},"product_cat":[46,26,30,28],"product_tag":[],"jetpack-related-posts":[{"id":5746,"url":"https:\/\/r-mboutique.com\/index.php\/product\/casio-mq-24mg-1edf\/","url_meta":{"origin":5742,"position":0},"title":"Casio MQ-24MG-1EDF","author":"Ramzi Merabtine","date":"06\/08\/2022","format":false,"excerpt":"Il s'agit d'un mod\u00e8le de groupe en m\u00e9tal dor\u00e9 et noir. Le cadran utilise des index \u00e0 barres pour donner une impression \u00e9l\u00e9gante. De plus, le groupe milanais est adopt\u00e9 pour donner une impression simple et \u00e0 la mode. Il est lisse et agr\u00e9able au toucher, et s'adapte bien \u00e0\u2026","rel":"","context":"Article similaire","block_context":{"text":"Article similaire","link":""},"img":{"alt_text":"","src":"https:\/\/i0.wp.com\/r-mboutique.com\/wp-content\/uploads\/2022\/06\/2a83e0a6-13de-449e-bfe6-34efd02eb6a7.jpeg?fit=1200%2C1200&ssl=1&resize=350%2C200","width":350,"height":200,"srcset":"https:\/\/i0.wp.com\/r-mboutique.com\/wp-content\/uploads\/2022\/06\/2a83e0a6-13de-449e-bfe6-34efd02eb6a7.jpeg?fit=1200%2C1200&ssl=1&resize=350%2C200 1x, https:\/\/i0.wp.com\/r-mboutique.com\/wp-content\/uploads\/2022\/06\/2a83e0a6-13de-449e-bfe6-34efd02eb6a7.jpeg?fit=1200%2C1200&ssl=1&resize=525%2C300 1.5x, https:\/\/i0.wp.com\/r-mboutique.com\/wp-content\/uploads\/2022\/06\/2a83e0a6-13de-449e-bfe6-34efd02eb6a7.jpeg?fit=1200%2C1200&ssl=1&resize=700%2C400 2x, https:\/\/i0.wp.com\/r-mboutique.com\/wp-content\/uploads\/2022\/06\/2a83e0a6-13de-449e-bfe6-34efd02eb6a7.jpeg?fit=1200%2C1200&ssl=1&resize=1050%2C600 3x"},"classes":[]},{"id":5734,"url":"https:\/\/r-mboutique.com\/index.php\/product\/casio-mq-24g-9edf\/","url_meta":{"origin":5742,"position":1},"title":"Casio MQ-24G-9EDF","author":"Ramzi Merabtine","date":"06\/08\/2022","format":false,"excerpt":"Il s'agit d'un mod\u00e8le en m\u00e9tal dor\u00e9. Le cadran utilise des index \u00e0 barres pour donner une impression \u00e9l\u00e9gante. De plus, il est combin\u00e9 en un seul ton de la m\u00eame couleur, et des formes et des couleurs sophistiqu\u00e9es cr\u00e9ent un look \u00e0 la mode. Il est lisse et agr\u00e9able\u2026","rel":"","context":"Article similaire","block_context":{"text":"Article similaire","link":""},"img":{"alt_text":"","src":"https:\/\/i0.wp.com\/r-mboutique.com\/wp-content\/uploads\/2022\/06\/4af80f9f-05b6-4787-8ce6-598362143084.jpeg?fit=1200%2C1200&ssl=1&resize=350%2C200","width":350,"height":200,"srcset":"https:\/\/i0.wp.com\/r-mboutique.com\/wp-content\/uploads\/2022\/06\/4af80f9f-05b6-4787-8ce6-598362143084.jpeg?fit=1200%2C1200&ssl=1&resize=350%2C200 1x, https:\/\/i0.wp.com\/r-mboutique.com\/wp-content\/uploads\/2022\/06\/4af80f9f-05b6-4787-8ce6-598362143084.jpeg?fit=1200%2C1200&ssl=1&resize=525%2C300 1.5x, https:\/\/i0.wp.com\/r-mboutique.com\/wp-content\/uploads\/2022\/06\/4af80f9f-05b6-4787-8ce6-598362143084.jpeg?fit=1200%2C1200&ssl=1&resize=700%2C400 2x, https:\/\/i0.wp.com\/r-mboutique.com\/wp-content\/uploads\/2022\/06\/4af80f9f-05b6-4787-8ce6-598362143084.jpeg?fit=1200%2C1200&ssl=1&resize=1050%2C600 3x"},"classes":[]},{"id":5764,"url":"https:\/\/r-mboutique.com\/index.php\/product\/casio-ws-1300h-8av\/","url_meta":{"origin":5742,"position":2},"title":"Casio WS-1300H-8AV","author":"Ramzi Merabtine","date":"06\/10\/2022","format":false,"excerpt":"Les amateurs d'eau en prennent note ! Le compagnon id\u00e9al pour tous ceux qui pratiquent les sports nautiques. Ces montres commencent par un design ext\u00e9rieur durable, une r\u00e9sistance \u00e0 l'eau de 100 m\u00e8tres et une autonomie de batterie de 10 ans. Ajoutez ensuite un graphique des mar\u00e9es int\u00e9gr\u00e9, des donn\u00e9es\u2026","rel":"","context":"Article similaire","block_context":{"text":"Article similaire","link":""},"img":{"alt_text":"","src":"https:\/\/i0.wp.com\/r-mboutique.com\/wp-content\/uploads\/2022\/06\/img_9689.jpeg?fit=620%2C620&ssl=1&resize=350%2C200","width":350,"height":200,"srcset":"https:\/\/i0.wp.com\/r-mboutique.com\/wp-content\/uploads\/2022\/06\/img_9689.jpeg?fit=620%2C620&ssl=1&resize=350%2C200 1x, https:\/\/i0.wp.com\/r-mboutique.com\/wp-content\/uploads\/2022\/06\/img_9689.jpeg?fit=620%2C620&ssl=1&resize=525%2C300 1.5x"},"classes":[]},{"id":5769,"url":"https:\/\/r-mboutique.com\/index.php\/product\/casio-ws-1300h-2av\/","url_meta":{"origin":5742,"position":3},"title":"Casio WS-1300H-2AV","author":"Ramzi Merabtine","date":"06\/10\/2022","format":false,"excerpt":"Les amateurs d'eau en prennent note ! Le compagnon id\u00e9al pour tous ceux qui pratiquent les sports nautiques. Ces montres commencent par un design ext\u00e9rieur durable, une r\u00e9sistance \u00e0 l'eau de 100 m\u00e8tres et une autonomie de batterie de 10 ans. Ajoutez ensuite un graphique des mar\u00e9es int\u00e9gr\u00e9, des donn\u00e9es\u2026","rel":"","context":"Article similaire","block_context":{"text":"Article similaire","link":""},"img":{"alt_text":"","src":"https:\/\/i0.wp.com\/r-mboutique.com\/wp-content\/uploads\/2022\/06\/img_9691.jpeg?fit=624%2C624&ssl=1&resize=350%2C200","width":350,"height":200,"srcset":"https:\/\/i0.wp.com\/r-mboutique.com\/wp-content\/uploads\/2022\/06\/img_9691.jpeg?fit=624%2C624&ssl=1&resize=350%2C200 1x, https:\/\/i0.wp.com\/r-mboutique.com\/wp-content\/uploads\/2022\/06\/img_9691.jpeg?fit=624%2C624&ssl=1&resize=525%2C300 1.5x"},"classes":[]},{"id":5774,"url":"https:\/\/r-mboutique.com\/index.php\/product\/casio-ws-1300h-1av\/","url_meta":{"origin":5742,"position":4},"title":"Casio WS-1300H-1AV","author":"Ramzi Merabtine","date":"06\/10\/2022","format":false,"excerpt":"Les amateurs d'eau en prennent note ! Le compagnon id\u00e9al pour tous ceux qui pratiquent les sports nautiques. Ces montres commencent par un design ext\u00e9rieur durable, une r\u00e9sistance \u00e0 l'eau de 100 m\u00e8tres et une autonomie de batterie de 10 ans. Ajoutez ensuite un graphique des mar\u00e9es int\u00e9gr\u00e9, des donn\u00e9es\u2026","rel":"","context":"Article similaire","block_context":{"text":"Article similaire","link":""},"img":{"alt_text":"","src":"https:\/\/i0.wp.com\/r-mboutique.com\/wp-content\/uploads\/2022\/06\/img_9695.jpeg?fit=619%2C619&ssl=1&resize=350%2C200","width":350,"height":200,"srcset":"https:\/\/i0.wp.com\/r-mboutique.com\/wp-content\/uploads\/2022\/06\/img_9695.jpeg?fit=619%2C619&ssl=1&resize=350%2C200 1x, https:\/\/i0.wp.com\/r-mboutique.com\/wp-content\/uploads\/2022\/06\/img_9695.jpeg?fit=619%2C619&ssl=1&resize=525%2C300 1.5x"},"classes":[]},{"id":5750,"url":"https:\/\/r-mboutique.com\/index.php\/product\/casio-mwa-100h-1a2v\/","url_meta":{"origin":5742,"position":5},"title":"Casio MWA-100H-1A2V","author":"Ramzi Merabtine","date":"06\/08\/2022","format":false,"excerpt":"Une version sportive d'un design classique pour une montre \u00e0 la fois fonctionnelle et \u00e9l\u00e9gante. Complet avec une r\u00e9sistance \u00e0 l'eau de 100 m\u00e8tres pour une douche et une baignade sans tracas et une lumi\u00e8re LED pour assurer une lecture facile dans les espaces clairs ou sombres. Pratique et \u00e9l\u00e9gant\u2026","rel":"","context":"Article similaire","block_context":{"text":"Article similaire","link":""},"img":{"alt_text":"","src":"https:\/\/i0.wp.com\/r-mboutique.com\/wp-content\/uploads\/2022\/06\/img_9631.jpeg?fit=684%2C684&ssl=1&resize=350%2C200","width":350,"height":200,"srcset":"https:\/\/i0.wp.com\/r-mboutique.com\/wp-content\/uploads\/2022\/06\/img_9631.jpeg?fit=684%2C684&ssl=1&resize=350%2C200 1x, https:\/\/i0.wp.com\/r-mboutique.com\/wp-content\/uploads\/2022\/06\/img_9631.jpeg?fit=684%2C684&ssl=1&resize=525%2C300 1.5x"},"classes":[]}],"_links":{"self":[{"href":"https:\/\/r-mboutique.com\/index.php\/wp-json\/wp\/v2\/product\/5742"}],"collection":[{"href":"https:\/\/r-mboutique.com\/index.php\/wp-json\/wp\/v2\/product"}],"about":[{"href":"https:\/\/r-mboutique.com\/index.php\/wp-json\/wp\/v2\/types\/product"}],"replies":[{"embeddable":true,"href":"https:\/\/r-mboutique.com\/index.php\/wp-json\/wp\/v2\/comments?post=5742"}],"wp:featuredmedia":[{"embeddable":true,"href":"https:\/\/r-mboutique.com\/index.php\/wp-json\/wp\/v2\/media\/5740"}],"wp:attachment":[{"href":"https:\/\/r-mboutique.com\/index.php\/wp-json\/wp\/v2\/media?parent=5742"}],"wp:term":[{"taxonomy":"product_cat","embeddable":true,"href":"https:\/\/r-mboutique.com\/index.php\/wp-json\/wp\/v2\/product_cat?post=5742"},{"taxonomy":"product_tag","embeddable":true,"href":"https:\/\/r-mboutique.com\/index.php\/wp-json\/wp\/v2\/product_tag?post=5742"}],"curies":[{"name":"wp","href":"https:\/\/api.w.org\/{rel}","templated":true}]}}