{"id":5750,"date":"2022-06-08T09:05:12","date_gmt":"2022-06-08T08:05:12","guid":{"rendered":"https:\/\/r-mboutique.com\/index.php\/product\/casio-mwa-100h-1a2v\/"},"modified":"2025-09-18T06:28:04","modified_gmt":"2025-09-18T05:28:04","slug":"casio-mwa-100h-1a2v","status":"publish","type":"product","link":"https:\/\/r-mboutique.com\/index.php\/product\/casio-mwa-100h-1a2v\/","title":{"rendered":"Casio MWA-100H-1A2V"},"content":{"rendered":"<p>Une version sportive d&#8217;un design classique pour une montre \u00e0 la fois fonctionnelle et \u00e9l\u00e9gante.<\/p>\n<p>Complet avec une r\u00e9sistance \u00e0 l&#8217;eau de 100 m\u00e8tres pour une douche et une baignade sans tracas et une lumi\u00e8re LED pour assurer une lecture facile dans les espaces clairs ou sombres. Pratique et \u00e9l\u00e9gant pour vous garder sur la bonne voie quoi que votre journ\u00e9e vous apporte.<\/p>\n<p>Informations de base<\/p>\n<p>Taille du bo\u00eetier (L \u00d7 W \u00d7 H)<\/p>\n<p>50,6 \u00d7 49,6 \u00d7 13,5 mm<\/p>\n<p>Poids<\/p>\n<p>53 g<\/p>\n<p>Mat\u00e9riau du bo\u00eetier et de la lunette<\/p>\n<p>Mat\u00e9riau du bo\u00eetier \/ de la lunette : r\u00e9sine \/ acier inoxydable<\/p>\n<p>Groupe (de rock)<\/p>\n<p>Bande de r\u00e9sine<\/p>\n<p>R\u00e9sistance \u00e0 l&#8217;eau<\/p>\n<p>R\u00e9sistance \u00e0 l&#8217;eau de 100 m\u00e8tres<\/p>\n<p>Alimentation \u00e9lectrique et dur\u00e9e de vie de la batterie<\/p>\n<p>Dur\u00e9e de vie approximative de la batterie :<\/p>\n<p>3 ans sur SR626SW (Analog)<\/p>\n<p>3 ans sur CR1616 (Lumi\u00e8re 9 [sec\/jour])<\/p>\n<p>Quantit\u00e9 nette<\/p>\n<p>1 pi\u00e8ce<\/p>\n<p>Code des produits indiens<\/p>\n<p>AD256<\/p>\n","protected":false},"excerpt":{"rendered":"<p>Une version sportive d&#8217;un design classique pour une montre \u00e0 la fois fonctionnelle et \u00e9l\u00e9gante. Complet avec une r\u00e9sistance \u00e0<\/p>\n","protected":false},"featured_media":5748,"comment_status":"open","ping_status":"closed","template":"","meta":{"om_disable_all_campaigns":false},"product_cat":[46,26,28],"product_tag":[],"jetpack-related-posts":[{"id":5754,"url":"https:\/\/r-mboutique.com\/index.php\/product\/casio-mwa-100h-7av\/","url_meta":{"origin":5750,"position":0},"title":"Casio MWA-100H-7AV","author":"Ramzi Merabtine","date":"06\/08\/2022","format":false,"excerpt":"Une version sportive d'un design classique pour une montre \u00e0 la fois fonctionnelle et \u00e9l\u00e9gante. Complet avec une r\u00e9sistance \u00e0 l'eau de 100 m\u00e8tres pour une douche et une baignade sans tracas et une lumi\u00e8re LED pour assurer une lecture facile dans les espaces clairs ou sombres. Pratique et \u00e9l\u00e9gant\u2026","rel":"","context":"Article similaire","block_context":{"text":"Article similaire","link":""},"img":{"alt_text":"","src":"https:\/\/i0.wp.com\/r-mboutique.com\/wp-content\/uploads\/2022\/06\/img_9632.jpeg?fit=683%2C683&ssl=1&resize=350%2C200","width":350,"height":200,"srcset":"https:\/\/i0.wp.com\/r-mboutique.com\/wp-content\/uploads\/2022\/06\/img_9632.jpeg?fit=683%2C683&ssl=1&resize=350%2C200 1x, https:\/\/i0.wp.com\/r-mboutique.com\/wp-content\/uploads\/2022\/06\/img_9632.jpeg?fit=683%2C683&ssl=1&resize=525%2C300 1.5x"},"classes":[]},{"id":5764,"url":"https:\/\/r-mboutique.com\/index.php\/product\/casio-ws-1300h-8av\/","url_meta":{"origin":5750,"position":1},"title":"Casio WS-1300H-8AV","author":"Ramzi Merabtine","date":"06\/10\/2022","format":false,"excerpt":"Les amateurs d'eau en prennent note ! Le compagnon id\u00e9al pour tous ceux qui pratiquent les sports nautiques. Ces montres commencent par un design ext\u00e9rieur durable, une r\u00e9sistance \u00e0 l'eau de 100 m\u00e8tres et une autonomie de batterie de 10 ans. Ajoutez ensuite un graphique des mar\u00e9es int\u00e9gr\u00e9, des donn\u00e9es\u2026","rel":"","context":"Article similaire","block_context":{"text":"Article similaire","link":""},"img":{"alt_text":"","src":"https:\/\/i0.wp.com\/r-mboutique.com\/wp-content\/uploads\/2022\/06\/img_9689.jpeg?fit=620%2C620&ssl=1&resize=350%2C200","width":350,"height":200,"srcset":"https:\/\/i0.wp.com\/r-mboutique.com\/wp-content\/uploads\/2022\/06\/img_9689.jpeg?fit=620%2C620&ssl=1&resize=350%2C200 1x, https:\/\/i0.wp.com\/r-mboutique.com\/wp-content\/uploads\/2022\/06\/img_9689.jpeg?fit=620%2C620&ssl=1&resize=525%2C300 1.5x"},"classes":[]},{"id":5769,"url":"https:\/\/r-mboutique.com\/index.php\/product\/casio-ws-1300h-2av\/","url_meta":{"origin":5750,"position":2},"title":"Casio WS-1300H-2AV","author":"Ramzi Merabtine","date":"06\/10\/2022","format":false,"excerpt":"Les amateurs d'eau en prennent note ! Le compagnon id\u00e9al pour tous ceux qui pratiquent les sports nautiques. Ces montres commencent par un design ext\u00e9rieur durable, une r\u00e9sistance \u00e0 l'eau de 100 m\u00e8tres et une autonomie de batterie de 10 ans. Ajoutez ensuite un graphique des mar\u00e9es int\u00e9gr\u00e9, des donn\u00e9es\u2026","rel":"","context":"Article similaire","block_context":{"text":"Article similaire","link":""},"img":{"alt_text":"","src":"https:\/\/i0.wp.com\/r-mboutique.com\/wp-content\/uploads\/2022\/06\/img_9691.jpeg?fit=624%2C624&ssl=1&resize=350%2C200","width":350,"height":200,"srcset":"https:\/\/i0.wp.com\/r-mboutique.com\/wp-content\/uploads\/2022\/06\/img_9691.jpeg?fit=624%2C624&ssl=1&resize=350%2C200 1x, https:\/\/i0.wp.com\/r-mboutique.com\/wp-content\/uploads\/2022\/06\/img_9691.jpeg?fit=624%2C624&ssl=1&resize=525%2C300 1.5x"},"classes":[]},{"id":5774,"url":"https:\/\/r-mboutique.com\/index.php\/product\/casio-ws-1300h-1av\/","url_meta":{"origin":5750,"position":3},"title":"Casio WS-1300H-1AV","author":"Ramzi Merabtine","date":"06\/10\/2022","format":false,"excerpt":"Les amateurs d'eau en prennent note ! Le compagnon id\u00e9al pour tous ceux qui pratiquent les sports nautiques. Ces montres commencent par un design ext\u00e9rieur durable, une r\u00e9sistance \u00e0 l'eau de 100 m\u00e8tres et une autonomie de batterie de 10 ans. Ajoutez ensuite un graphique des mar\u00e9es int\u00e9gr\u00e9, des donn\u00e9es\u2026","rel":"","context":"Article similaire","block_context":{"text":"Article similaire","link":""},"img":{"alt_text":"","src":"https:\/\/i0.wp.com\/r-mboutique.com\/wp-content\/uploads\/2022\/06\/img_9695.jpeg?fit=619%2C619&ssl=1&resize=350%2C200","width":350,"height":200,"srcset":"https:\/\/i0.wp.com\/r-mboutique.com\/wp-content\/uploads\/2022\/06\/img_9695.jpeg?fit=619%2C619&ssl=1&resize=350%2C200 1x, https:\/\/i0.wp.com\/r-mboutique.com\/wp-content\/uploads\/2022\/06\/img_9695.jpeg?fit=619%2C619&ssl=1&resize=525%2C300 1.5x"},"classes":[]},{"id":5758,"url":"https:\/\/r-mboutique.com\/index.php\/product\/casio-mwd-100h-1bv\/","url_meta":{"origin":5750,"position":4},"title":"Casio MWD-100H-1BV","author":"Ramzi Merabtine","date":"06\/08\/2022","format":false,"excerpt":"Un design sportif et \u00e9l\u00e9gant pour satisfaire \u00e0 la fois vos c\u00f4t\u00e9s \u00e9l\u00e9gants et pratiques. Complet avec une batterie de 10 ans \u00e0 laquelle vous n'aurez pas \u00e0 penser pendant des lustres, ainsi qu'une r\u00e9sistance \u00e0 l'eau de 100 m\u00e8tres pour se doucher et nager sans tracas. La lumi\u00e8re LED\u2026","rel":"","context":"Article similaire","block_context":{"text":"Article similaire","link":""},"img":{"alt_text":"","src":"https:\/\/i0.wp.com\/r-mboutique.com\/wp-content\/uploads\/2022\/06\/img_9633.jpeg?fit=684%2C684&ssl=1&resize=350%2C200","width":350,"height":200,"srcset":"https:\/\/i0.wp.com\/r-mboutique.com\/wp-content\/uploads\/2022\/06\/img_9633.jpeg?fit=684%2C684&ssl=1&resize=350%2C200 1x, https:\/\/i0.wp.com\/r-mboutique.com\/wp-content\/uploads\/2022\/06\/img_9633.jpeg?fit=684%2C684&ssl=1&resize=525%2C300 1.5x"},"classes":[]},{"id":5726,"url":"https:\/\/r-mboutique.com\/index.php\/product\/casio-vintage-f-91wg-9qdf\/","url_meta":{"origin":5750,"position":5},"title":"Casio Vintage F-91WG-9QDF","author":"Ramzi Merabtine","date":"06\/07\/2022","format":false,"excerpt":"Mat\u00e9riau du bo\u00eetier \/ de la lunette : r\u00e9sine Bande de r\u00e9sine Verre en r\u00e9sine R\u00e9sistant \u00e0 l'eau Lumi\u00e8re LED Chronom\u00e8tre de 1\/100 seconde Capacit\u00e9 de mesure: 59'59.99\" Modes de mesure : temps net, temps fractionn\u00e9, temps de la 1re \u00e0 la 2e place Alarme quotidienne Signal horaire horaire Auto-calendrier\u2026","rel":"","context":"Article similaire","block_context":{"text":"Article similaire","link":""},"img":{"alt_text":"","src":"https:\/\/i0.wp.com\/r-mboutique.com\/wp-content\/uploads\/2022\/06\/img_9621.jpeg?fit=700%2C700&ssl=1&resize=350%2C200","width":350,"height":200,"srcset":"https:\/\/i0.wp.com\/r-mboutique.com\/wp-content\/uploads\/2022\/06\/img_9621.jpeg?fit=700%2C700&ssl=1&resize=350%2C200 1x, https:\/\/i0.wp.com\/r-mboutique.com\/wp-content\/uploads\/2022\/06\/img_9621.jpeg?fit=700%2C700&ssl=1&resize=525%2C300 1.5x, https:\/\/i0.wp.com\/r-mboutique.com\/wp-content\/uploads\/2022\/06\/img_9621.jpeg?fit=700%2C700&ssl=1&resize=700%2C400 2x"},"classes":[]}],"_links":{"self":[{"href":"https:\/\/r-mboutique.com\/index.php\/wp-json\/wp\/v2\/product\/5750"}],"collection":[{"href":"https:\/\/r-mboutique.com\/index.php\/wp-json\/wp\/v2\/product"}],"about":[{"href":"https:\/\/r-mboutique.com\/index.php\/wp-json\/wp\/v2\/types\/product"}],"replies":[{"embeddable":true,"href":"https:\/\/r-mboutique.com\/index.php\/wp-json\/wp\/v2\/comments?post=5750"}],"wp:featuredmedia":[{"embeddable":true,"href":"https:\/\/r-mboutique.com\/index.php\/wp-json\/wp\/v2\/media\/5748"}],"wp:attachment":[{"href":"https:\/\/r-mboutique.com\/index.php\/wp-json\/wp\/v2\/media?parent=5750"}],"wp:term":[{"taxonomy":"product_cat","embeddable":true,"href":"https:\/\/r-mboutique.com\/index.php\/wp-json\/wp\/v2\/product_cat?post=5750"},{"taxonomy":"product_tag","embeddable":true,"href":"https:\/\/r-mboutique.com\/index.php\/wp-json\/wp\/v2\/product_tag?post=5750"}],"curies":[{"name":"wp","href":"https:\/\/api.w.org\/{rel}","templated":true}]}}