{"id":5758,"date":"2022-06-08T09:18:55","date_gmt":"2022-06-08T08:18:55","guid":{"rendered":"https:\/\/r-mboutique.com\/index.php\/product\/casio-mwd-100h-1bv\/"},"modified":"2025-09-18T06:27:58","modified_gmt":"2025-09-18T05:27:58","slug":"casio-mwd-100h-1bv","status":"publish","type":"product","link":"https:\/\/r-mboutique.com\/index.php\/product\/casio-mwd-100h-1bv\/","title":{"rendered":"Casio MWD-100H-1BV"},"content":{"rendered":"<p>Un design sportif et \u00e9l\u00e9gant pour satisfaire \u00e0 la fois vos c\u00f4t\u00e9s \u00e9l\u00e9gants et pratiques.<\/p>\n<p>Complet avec une batterie de 10 ans \u00e0 laquelle vous n&#8217;aurez pas \u00e0 penser pendant des lustres, ainsi qu&#8217;une r\u00e9sistance \u00e0 l&#8217;eau de 100 m\u00e8tres pour se doucher et nager sans tracas. La lumi\u00e8re LED assure une lecture facile dans les espaces clairs ou sombres. Et les fonctions pratiques d&#8217;alarme, de chronom\u00e8tre, de calendrier et de double temps vous permettent de rester sur votre jeu toute la journ\u00e9e.<\/p>\n<p>Caract\u00e9ristiques<\/p>\n<p>Informations de base<\/p>\n<p>Taille du bo\u00eetier (L \u00d7 W \u00d7 H) : 51,8 \u00d7 50,7 \u00d7 13,7 mm<\/p>\n<p>Poids : 55 g<\/p>\n<p>Mat\u00e9riau du bo\u00eetier \/ de la lunette : r\u00e9sine \/ acier inoxydable<\/p>\n<p>Bande de r\u00e9sine<\/p>\n<p>R\u00e9sistance \u00e0 l&#8217;eau de 100 m\u00e8tres<\/p>\n<p>Dur\u00e9e de vie approximative de la batterie : 10 ans sur CR2025<\/p>\n<p>Ext\u00e9rieur<\/p>\n<p>Verre en r\u00e9sine<\/p>\n<p>Caract\u00e9ristiques de la montre<\/p>\n<p>Heure mondiale<\/p>\n<p>Double temps<\/p>\n<p>Chronom\u00e8tre de 1\/100 seconde<\/p>\n<p>Capacit\u00e9 de mesure: 23:59&#8217;59.99&#8221;<\/p>\n<p>Modes de mesure : temps \u00e9coul\u00e9, temps fractionn\u00e9, temps de la 1re \u00e0 la 2e place<\/p>\n<p>Minuteur<\/p>\n<p>Compte \u00e0 rebours<\/p>\n<p>Unit\u00e9 de mesure: 1 seconde<\/p>\n<p>Plage de compte \u00e0 rebours: 24 heures<\/p>\n<p>Plage de r\u00e9glage de l&#8217;heure de d\u00e9but du compte \u00e0 rebours : 1 minute \u00e0 24 heures (incr\u00e9ments de 1 minute et incr\u00e9ments de 1 heure)<\/p>\n<p>Autre: R\u00e9p\u00e9tition automatique<\/p>\n<p>Alarme\/signal horaire<\/p>\n<p>Signal horaire horaire<\/p>\n<p>5 alarmes multifonctions (avec alarme de sieste)<\/p>\n<p>Lumi\u00e8re<\/p>\n<p>R\u00e9tro\u00e9clairage LED<\/p>\n<p>Derni\u00e8res lueurs du jour<\/p>\n<p>Couleur claire<\/p>\n<p>LED:Ambre<\/p>\n<p>Calendrier<\/p>\n<p>Auto-calendrier complet (jusqu&#8217;en 2099)<\/p>\n<p>Justesse<\/p>\n<p>Pr\u00e9cision: \u00b130 secondes par mois<\/p>\n<p>Autres caract\u00e9ristiques<\/p>\n<p>Format 12\/24 heures<\/p>\n<p>Chronom\u00e9trage r\u00e9gulier:<\/p>\n<p>Heure, minute, seconde, pm, mois, date, jour<\/p>\n","protected":false},"excerpt":{"rendered":"<p>Un design sportif et \u00e9l\u00e9gant pour satisfaire \u00e0 la fois vos c\u00f4t\u00e9s \u00e9l\u00e9gants et pratiques. Complet avec une batterie de<\/p>\n","protected":false},"featured_media":5757,"comment_status":"open","ping_status":"closed","template":"","meta":{"om_disable_all_campaigns":false},"product_cat":[46,26,28],"product_tag":[],"jetpack-related-posts":[{"id":5764,"url":"https:\/\/r-mboutique.com\/index.php\/product\/casio-ws-1300h-8av\/","url_meta":{"origin":5758,"position":0},"title":"Casio WS-1300H-8AV","author":"Ramzi Merabtine","date":"06\/10\/2022","format":false,"excerpt":"Les amateurs d'eau en prennent note ! Le compagnon id\u00e9al pour tous ceux qui pratiquent les sports nautiques. Ces montres commencent par un design ext\u00e9rieur durable, une r\u00e9sistance \u00e0 l'eau de 100 m\u00e8tres et une autonomie de batterie de 10 ans. Ajoutez ensuite un graphique des mar\u00e9es int\u00e9gr\u00e9, des donn\u00e9es\u2026","rel":"","context":"Article similaire","block_context":{"text":"Article similaire","link":""},"img":{"alt_text":"","src":"https:\/\/i0.wp.com\/r-mboutique.com\/wp-content\/uploads\/2022\/06\/img_9689.jpeg?fit=620%2C620&ssl=1&resize=350%2C200","width":350,"height":200,"srcset":"https:\/\/i0.wp.com\/r-mboutique.com\/wp-content\/uploads\/2022\/06\/img_9689.jpeg?fit=620%2C620&ssl=1&resize=350%2C200 1x, https:\/\/i0.wp.com\/r-mboutique.com\/wp-content\/uploads\/2022\/06\/img_9689.jpeg?fit=620%2C620&ssl=1&resize=525%2C300 1.5x"},"classes":[]},{"id":5769,"url":"https:\/\/r-mboutique.com\/index.php\/product\/casio-ws-1300h-2av\/","url_meta":{"origin":5758,"position":1},"title":"Casio WS-1300H-2AV","author":"Ramzi Merabtine","date":"06\/10\/2022","format":false,"excerpt":"Les amateurs d'eau en prennent note ! Le compagnon id\u00e9al pour tous ceux qui pratiquent les sports nautiques. Ces montres commencent par un design ext\u00e9rieur durable, une r\u00e9sistance \u00e0 l'eau de 100 m\u00e8tres et une autonomie de batterie de 10 ans. Ajoutez ensuite un graphique des mar\u00e9es int\u00e9gr\u00e9, des donn\u00e9es\u2026","rel":"","context":"Article similaire","block_context":{"text":"Article similaire","link":""},"img":{"alt_text":"","src":"https:\/\/i0.wp.com\/r-mboutique.com\/wp-content\/uploads\/2022\/06\/img_9691.jpeg?fit=624%2C624&ssl=1&resize=350%2C200","width":350,"height":200,"srcset":"https:\/\/i0.wp.com\/r-mboutique.com\/wp-content\/uploads\/2022\/06\/img_9691.jpeg?fit=624%2C624&ssl=1&resize=350%2C200 1x, https:\/\/i0.wp.com\/r-mboutique.com\/wp-content\/uploads\/2022\/06\/img_9691.jpeg?fit=624%2C624&ssl=1&resize=525%2C300 1.5x"},"classes":[]},{"id":5774,"url":"https:\/\/r-mboutique.com\/index.php\/product\/casio-ws-1300h-1av\/","url_meta":{"origin":5758,"position":2},"title":"Casio WS-1300H-1AV","author":"Ramzi Merabtine","date":"06\/10\/2022","format":false,"excerpt":"Les amateurs d'eau en prennent note ! Le compagnon id\u00e9al pour tous ceux qui pratiquent les sports nautiques. Ces montres commencent par un design ext\u00e9rieur durable, une r\u00e9sistance \u00e0 l'eau de 100 m\u00e8tres et une autonomie de batterie de 10 ans. Ajoutez ensuite un graphique des mar\u00e9es int\u00e9gr\u00e9, des donn\u00e9es\u2026","rel":"","context":"Article similaire","block_context":{"text":"Article similaire","link":""},"img":{"alt_text":"","src":"https:\/\/i0.wp.com\/r-mboutique.com\/wp-content\/uploads\/2022\/06\/img_9695.jpeg?fit=619%2C619&ssl=1&resize=350%2C200","width":350,"height":200,"srcset":"https:\/\/i0.wp.com\/r-mboutique.com\/wp-content\/uploads\/2022\/06\/img_9695.jpeg?fit=619%2C619&ssl=1&resize=350%2C200 1x, https:\/\/i0.wp.com\/r-mboutique.com\/wp-content\/uploads\/2022\/06\/img_9695.jpeg?fit=619%2C619&ssl=1&resize=525%2C300 1.5x"},"classes":[]},{"id":5754,"url":"https:\/\/r-mboutique.com\/index.php\/product\/casio-mwa-100h-7av\/","url_meta":{"origin":5758,"position":3},"title":"Casio MWA-100H-7AV","author":"Ramzi Merabtine","date":"06\/08\/2022","format":false,"excerpt":"Une version sportive d'un design classique pour une montre \u00e0 la fois fonctionnelle et \u00e9l\u00e9gante. Complet avec une r\u00e9sistance \u00e0 l'eau de 100 m\u00e8tres pour une douche et une baignade sans tracas et une lumi\u00e8re LED pour assurer une lecture facile dans les espaces clairs ou sombres. Pratique et \u00e9l\u00e9gant\u2026","rel":"","context":"Article similaire","block_context":{"text":"Article similaire","link":""},"img":{"alt_text":"","src":"https:\/\/i0.wp.com\/r-mboutique.com\/wp-content\/uploads\/2022\/06\/img_9632.jpeg?fit=683%2C683&ssl=1&resize=350%2C200","width":350,"height":200,"srcset":"https:\/\/i0.wp.com\/r-mboutique.com\/wp-content\/uploads\/2022\/06\/img_9632.jpeg?fit=683%2C683&ssl=1&resize=350%2C200 1x, https:\/\/i0.wp.com\/r-mboutique.com\/wp-content\/uploads\/2022\/06\/img_9632.jpeg?fit=683%2C683&ssl=1&resize=525%2C300 1.5x"},"classes":[]},{"id":7491,"url":"https:\/\/r-mboutique.com\/index.php\/product\/casio-w-737h-2av\/","url_meta":{"origin":5758,"position":4},"title":"Casio W-737H-2AV","author":"Ramzi Merabtine","date":"07\/20\/2023","format":false,"excerpt":"Cette montre Casio a un bo\u00eetier plastique 45 mm en diam\u00e8tre et est \u00e9quip\u00e9e d\u2019un bracelet R\u00e9sine. Le bo\u00eetier contient un mouvement Casio et la montre est dot\u00e9e d\u2019un cristal Plexi.. La montre est 10 ATM. Cela signifie que la montre est adapt\u00e9e \u00e0 la natation.\u00a0La montre est livr\u00e9e avec\u2026","rel":"","context":"Article similaire","block_context":{"text":"Article similaire","link":""},"img":{"alt_text":"","src":"https:\/\/i0.wp.com\/r-mboutique.com\/wp-content\/uploads\/2023\/07\/38946095-ac4f-4acc-a006-00d14dd7e23e.jpeg?fit=1200%2C1200&ssl=1&resize=350%2C200","width":350,"height":200,"srcset":"https:\/\/i0.wp.com\/r-mboutique.com\/wp-content\/uploads\/2023\/07\/38946095-ac4f-4acc-a006-00d14dd7e23e.jpeg?fit=1200%2C1200&ssl=1&resize=350%2C200 1x, https:\/\/i0.wp.com\/r-mboutique.com\/wp-content\/uploads\/2023\/07\/38946095-ac4f-4acc-a006-00d14dd7e23e.jpeg?fit=1200%2C1200&ssl=1&resize=525%2C300 1.5x, https:\/\/i0.wp.com\/r-mboutique.com\/wp-content\/uploads\/2023\/07\/38946095-ac4f-4acc-a006-00d14dd7e23e.jpeg?fit=1200%2C1200&ssl=1&resize=700%2C400 2x, https:\/\/i0.wp.com\/r-mboutique.com\/wp-content\/uploads\/2023\/07\/38946095-ac4f-4acc-a006-00d14dd7e23e.jpeg?fit=1200%2C1200&ssl=1&resize=1050%2C600 3x"},"classes":[]},{"id":5750,"url":"https:\/\/r-mboutique.com\/index.php\/product\/casio-mwa-100h-1a2v\/","url_meta":{"origin":5758,"position":5},"title":"Casio MWA-100H-1A2V","author":"Ramzi Merabtine","date":"06\/08\/2022","format":false,"excerpt":"Une version sportive d'un design classique pour une montre \u00e0 la fois fonctionnelle et \u00e9l\u00e9gante. Complet avec une r\u00e9sistance \u00e0 l'eau de 100 m\u00e8tres pour une douche et une baignade sans tracas et une lumi\u00e8re LED pour assurer une lecture facile dans les espaces clairs ou sombres. Pratique et \u00e9l\u00e9gant\u2026","rel":"","context":"Article similaire","block_context":{"text":"Article similaire","link":""},"img":{"alt_text":"","src":"https:\/\/i0.wp.com\/r-mboutique.com\/wp-content\/uploads\/2022\/06\/img_9631.jpeg?fit=684%2C684&ssl=1&resize=350%2C200","width":350,"height":200,"srcset":"https:\/\/i0.wp.com\/r-mboutique.com\/wp-content\/uploads\/2022\/06\/img_9631.jpeg?fit=684%2C684&ssl=1&resize=350%2C200 1x, https:\/\/i0.wp.com\/r-mboutique.com\/wp-content\/uploads\/2022\/06\/img_9631.jpeg?fit=684%2C684&ssl=1&resize=525%2C300 1.5x"},"classes":[]}],"_links":{"self":[{"href":"https:\/\/r-mboutique.com\/index.php\/wp-json\/wp\/v2\/product\/5758"}],"collection":[{"href":"https:\/\/r-mboutique.com\/index.php\/wp-json\/wp\/v2\/product"}],"about":[{"href":"https:\/\/r-mboutique.com\/index.php\/wp-json\/wp\/v2\/types\/product"}],"replies":[{"embeddable":true,"href":"https:\/\/r-mboutique.com\/index.php\/wp-json\/wp\/v2\/comments?post=5758"}],"wp:featuredmedia":[{"embeddable":true,"href":"https:\/\/r-mboutique.com\/index.php\/wp-json\/wp\/v2\/media\/5757"}],"wp:attachment":[{"href":"https:\/\/r-mboutique.com\/index.php\/wp-json\/wp\/v2\/media?parent=5758"}],"wp:term":[{"taxonomy":"product_cat","embeddable":true,"href":"https:\/\/r-mboutique.com\/index.php\/wp-json\/wp\/v2\/product_cat?post=5758"},{"taxonomy":"product_tag","embeddable":true,"href":"https:\/\/r-mboutique.com\/index.php\/wp-json\/wp\/v2\/product_tag?post=5758"}],"curies":[{"name":"wp","href":"https:\/\/api.w.org\/{rel}","templated":true}]}}