{"id":5769,"date":"2022-06-10T09:51:42","date_gmt":"2022-06-10T08:51:42","guid":{"rendered":"https:\/\/r-mboutique.com\/index.php\/product\/casio-ws-1300h-2av\/"},"modified":"2025-09-18T06:27:12","modified_gmt":"2025-09-18T05:27:12","slug":"casio-ws-1300h-2av","status":"publish","type":"product","link":"https:\/\/r-mboutique.com\/index.php\/product\/casio-ws-1300h-2av\/","title":{"rendered":"Casio WS-1300H-2AV"},"content":{"rendered":"<p>Les amateurs d&#8217;eau en prennent note ! Le compagnon id\u00e9al pour tous ceux qui pratiquent les sports nautiques.<\/p>\n<p>Ces montres commencent par un design ext\u00e9rieur durable, une r\u00e9sistance \u00e0 l&#8217;eau de 100 m\u00e8tres et une autonomie de batterie de 10 ans. Ajoutez ensuite un graphique des mar\u00e9es int\u00e9gr\u00e9, des donn\u00e9es de lune et de la lumi\u00e8re LED pour vous assurer une lecture facile, m\u00eame dans l&#8217;obscurit\u00e9, pour fournir tout ce dont un amateur de sports nautiques a besoin, \u00e0 port\u00e9e de main.<\/p>\n<p>Avec chronom\u00e8tre, minuterie et alarme, ces montres polyvalentes vous emm\u00e8nent en toute transparence de la maison ou du bureau \u00e0 la piscine ou \u00e0 l&#8217;oc\u00e9an.<\/p>\n<p>Caract\u00e9ristiques<\/p>\n<p>Informations de base<\/p>\n<p>Taille du bo\u00eetier (L \u00d7 W \u00d7 H) : 51,3 \u00d7 51,1 \u00d7 14,8 mm<\/p>\n<p>Poids : 49 g<\/p>\n<p>Mat\u00e9riau du bo\u00eetier \/ de la lunette : r\u00e9sine<\/p>\n<p>Bande de r\u00e9sine<\/p>\n<p>R\u00e9sistance \u00e0 l&#8217;eau de 100 m\u00e8tres<\/p>\n<p>Alimentation \u00e9lectrique et dur\u00e9e de vie de la batterie<\/p>\n<p>Dur\u00e9e de vie approximative de la batterie : 10 ans sur CR2025<\/p>\n","protected":false},"excerpt":{"rendered":"<p>Les amateurs d&#8217;eau en prennent note ! Le compagnon id\u00e9al pour tous ceux qui pratiquent les sports nautiques. Ces montres<\/p>\n","protected":false},"featured_media":5768,"comment_status":"open","ping_status":"closed","template":"","meta":{"om_disable_all_campaigns":false},"product_cat":[46,26,28],"product_tag":[],"jetpack-related-posts":[{"id":5764,"url":"https:\/\/r-mboutique.com\/index.php\/product\/casio-ws-1300h-8av\/","url_meta":{"origin":5769,"position":0},"title":"Casio WS-1300H-8AV","author":"Ramzi Merabtine","date":"06\/10\/2022","format":false,"excerpt":"Les amateurs d'eau en prennent note ! Le compagnon id\u00e9al pour tous ceux qui pratiquent les sports nautiques. Ces montres commencent par un design ext\u00e9rieur durable, une r\u00e9sistance \u00e0 l'eau de 100 m\u00e8tres et une autonomie de batterie de 10 ans. Ajoutez ensuite un graphique des mar\u00e9es int\u00e9gr\u00e9, des donn\u00e9es\u2026","rel":"","context":"Article similaire","block_context":{"text":"Article similaire","link":""},"img":{"alt_text":"","src":"https:\/\/i0.wp.com\/r-mboutique.com\/wp-content\/uploads\/2022\/06\/img_9689.jpeg?fit=620%2C620&ssl=1&resize=350%2C200","width":350,"height":200,"srcset":"https:\/\/i0.wp.com\/r-mboutique.com\/wp-content\/uploads\/2022\/06\/img_9689.jpeg?fit=620%2C620&ssl=1&resize=350%2C200 1x, https:\/\/i0.wp.com\/r-mboutique.com\/wp-content\/uploads\/2022\/06\/img_9689.jpeg?fit=620%2C620&ssl=1&resize=525%2C300 1.5x"},"classes":[]},{"id":5774,"url":"https:\/\/r-mboutique.com\/index.php\/product\/casio-ws-1300h-1av\/","url_meta":{"origin":5769,"position":1},"title":"Casio WS-1300H-1AV","author":"Ramzi Merabtine","date":"06\/10\/2022","format":false,"excerpt":"Les amateurs d'eau en prennent note ! Le compagnon id\u00e9al pour tous ceux qui pratiquent les sports nautiques. Ces montres commencent par un design ext\u00e9rieur durable, une r\u00e9sistance \u00e0 l'eau de 100 m\u00e8tres et une autonomie de batterie de 10 ans. Ajoutez ensuite un graphique des mar\u00e9es int\u00e9gr\u00e9, des donn\u00e9es\u2026","rel":"","context":"Article similaire","block_context":{"text":"Article similaire","link":""},"img":{"alt_text":"","src":"https:\/\/i0.wp.com\/r-mboutique.com\/wp-content\/uploads\/2022\/06\/img_9695.jpeg?fit=619%2C619&ssl=1&resize=350%2C200","width":350,"height":200,"srcset":"https:\/\/i0.wp.com\/r-mboutique.com\/wp-content\/uploads\/2022\/06\/img_9695.jpeg?fit=619%2C619&ssl=1&resize=350%2C200 1x, https:\/\/i0.wp.com\/r-mboutique.com\/wp-content\/uploads\/2022\/06\/img_9695.jpeg?fit=619%2C619&ssl=1&resize=525%2C300 1.5x"},"classes":[]},{"id":5750,"url":"https:\/\/r-mboutique.com\/index.php\/product\/casio-mwa-100h-1a2v\/","url_meta":{"origin":5769,"position":2},"title":"Casio MWA-100H-1A2V","author":"Ramzi Merabtine","date":"06\/08\/2022","format":false,"excerpt":"Une version sportive d'un design classique pour une montre \u00e0 la fois fonctionnelle et \u00e9l\u00e9gante. Complet avec une r\u00e9sistance \u00e0 l'eau de 100 m\u00e8tres pour une douche et une baignade sans tracas et une lumi\u00e8re LED pour assurer une lecture facile dans les espaces clairs ou sombres. Pratique et \u00e9l\u00e9gant\u2026","rel":"","context":"Article similaire","block_context":{"text":"Article similaire","link":""},"img":{"alt_text":"","src":"https:\/\/i0.wp.com\/r-mboutique.com\/wp-content\/uploads\/2022\/06\/img_9631.jpeg?fit=684%2C684&ssl=1&resize=350%2C200","width":350,"height":200,"srcset":"https:\/\/i0.wp.com\/r-mboutique.com\/wp-content\/uploads\/2022\/06\/img_9631.jpeg?fit=684%2C684&ssl=1&resize=350%2C200 1x, https:\/\/i0.wp.com\/r-mboutique.com\/wp-content\/uploads\/2022\/06\/img_9631.jpeg?fit=684%2C684&ssl=1&resize=525%2C300 1.5x"},"classes":[]},{"id":5754,"url":"https:\/\/r-mboutique.com\/index.php\/product\/casio-mwa-100h-7av\/","url_meta":{"origin":5769,"position":3},"title":"Casio MWA-100H-7AV","author":"Ramzi Merabtine","date":"06\/08\/2022","format":false,"excerpt":"Une version sportive d'un design classique pour une montre \u00e0 la fois fonctionnelle et \u00e9l\u00e9gante. Complet avec une r\u00e9sistance \u00e0 l'eau de 100 m\u00e8tres pour une douche et une baignade sans tracas et une lumi\u00e8re LED pour assurer une lecture facile dans les espaces clairs ou sombres. Pratique et \u00e9l\u00e9gant\u2026","rel":"","context":"Article similaire","block_context":{"text":"Article similaire","link":""},"img":{"alt_text":"","src":"https:\/\/i0.wp.com\/r-mboutique.com\/wp-content\/uploads\/2022\/06\/img_9632.jpeg?fit=683%2C683&ssl=1&resize=350%2C200","width":350,"height":200,"srcset":"https:\/\/i0.wp.com\/r-mboutique.com\/wp-content\/uploads\/2022\/06\/img_9632.jpeg?fit=683%2C683&ssl=1&resize=350%2C200 1x, https:\/\/i0.wp.com\/r-mboutique.com\/wp-content\/uploads\/2022\/06\/img_9632.jpeg?fit=683%2C683&ssl=1&resize=525%2C300 1.5x"},"classes":[]},{"id":7491,"url":"https:\/\/r-mboutique.com\/index.php\/product\/casio-w-737h-2av\/","url_meta":{"origin":5769,"position":4},"title":"Casio W-737H-2AV","author":"Ramzi Merabtine","date":"07\/20\/2023","format":false,"excerpt":"Cette montre Casio a un bo\u00eetier plastique 45 mm en diam\u00e8tre et est \u00e9quip\u00e9e d\u2019un bracelet R\u00e9sine. Le bo\u00eetier contient un mouvement Casio et la montre est dot\u00e9e d\u2019un cristal Plexi.. La montre est 10 ATM. Cela signifie que la montre est adapt\u00e9e \u00e0 la natation.\u00a0La montre est livr\u00e9e avec\u2026","rel":"","context":"Article similaire","block_context":{"text":"Article similaire","link":""},"img":{"alt_text":"","src":"https:\/\/i0.wp.com\/r-mboutique.com\/wp-content\/uploads\/2023\/07\/38946095-ac4f-4acc-a006-00d14dd7e23e.jpeg?fit=1200%2C1200&ssl=1&resize=350%2C200","width":350,"height":200,"srcset":"https:\/\/i0.wp.com\/r-mboutique.com\/wp-content\/uploads\/2023\/07\/38946095-ac4f-4acc-a006-00d14dd7e23e.jpeg?fit=1200%2C1200&ssl=1&resize=350%2C200 1x, https:\/\/i0.wp.com\/r-mboutique.com\/wp-content\/uploads\/2023\/07\/38946095-ac4f-4acc-a006-00d14dd7e23e.jpeg?fit=1200%2C1200&ssl=1&resize=525%2C300 1.5x, https:\/\/i0.wp.com\/r-mboutique.com\/wp-content\/uploads\/2023\/07\/38946095-ac4f-4acc-a006-00d14dd7e23e.jpeg?fit=1200%2C1200&ssl=1&resize=700%2C400 2x, https:\/\/i0.wp.com\/r-mboutique.com\/wp-content\/uploads\/2023\/07\/38946095-ac4f-4acc-a006-00d14dd7e23e.jpeg?fit=1200%2C1200&ssl=1&resize=1050%2C600 3x"},"classes":[]},{"id":7470,"url":"https:\/\/r-mboutique.com\/index.php\/product\/casio-ws-1400h-1bvef\/","url_meta":{"origin":5769,"position":5},"title":"Casio WS-1400H-1BVEF","author":"Ramzi Merabtine","date":"07\/20\/2023","format":false,"excerpt":"Cette montre Casio a un bo\u00eetier plastique 44 mm en diam\u00e8tre et est \u00e9quip\u00e9e d'un bracelet R\u00e9sine. Le bo\u00eetier contient un mouvement Casio et la montre est dot\u00e9e d'un cristal Plexi.. La montre est 10 ATM. Cela signifie que la montre est adapt\u00e9e \u00e0 la natation. La montre est livr\u00e9e\u2026","rel":"","context":"Article similaire","block_context":{"text":"Article similaire","link":""},"img":{"alt_text":"","src":"https:\/\/i0.wp.com\/r-mboutique.com\/wp-content\/uploads\/2023\/07\/img_4720.jpeg?fit=1090%2C1090&ssl=1&resize=350%2C200","width":350,"height":200,"srcset":"https:\/\/i0.wp.com\/r-mboutique.com\/wp-content\/uploads\/2023\/07\/img_4720.jpeg?fit=1090%2C1090&ssl=1&resize=350%2C200 1x, https:\/\/i0.wp.com\/r-mboutique.com\/wp-content\/uploads\/2023\/07\/img_4720.jpeg?fit=1090%2C1090&ssl=1&resize=525%2C300 1.5x, https:\/\/i0.wp.com\/r-mboutique.com\/wp-content\/uploads\/2023\/07\/img_4720.jpeg?fit=1090%2C1090&ssl=1&resize=700%2C400 2x, https:\/\/i0.wp.com\/r-mboutique.com\/wp-content\/uploads\/2023\/07\/img_4720.jpeg?fit=1090%2C1090&ssl=1&resize=1050%2C600 3x"},"classes":[]}],"_links":{"self":[{"href":"https:\/\/r-mboutique.com\/index.php\/wp-json\/wp\/v2\/product\/5769"}],"collection":[{"href":"https:\/\/r-mboutique.com\/index.php\/wp-json\/wp\/v2\/product"}],"about":[{"href":"https:\/\/r-mboutique.com\/index.php\/wp-json\/wp\/v2\/types\/product"}],"replies":[{"embeddable":true,"href":"https:\/\/r-mboutique.com\/index.php\/wp-json\/wp\/v2\/comments?post=5769"}],"wp:featuredmedia":[{"embeddable":true,"href":"https:\/\/r-mboutique.com\/index.php\/wp-json\/wp\/v2\/media\/5768"}],"wp:attachment":[{"href":"https:\/\/r-mboutique.com\/index.php\/wp-json\/wp\/v2\/media?parent=5769"}],"wp:term":[{"taxonomy":"product_cat","embeddable":true,"href":"https:\/\/r-mboutique.com\/index.php\/wp-json\/wp\/v2\/product_cat?post=5769"},{"taxonomy":"product_tag","embeddable":true,"href":"https:\/\/r-mboutique.com\/index.php\/wp-json\/wp\/v2\/product_tag?post=5769"}],"curies":[{"name":"wp","href":"https:\/\/api.w.org\/{rel}","templated":true}]}}