{"id":5786,"date":"2022-06-15T21:00:18","date_gmt":"2022-06-15T20:00:18","guid":{"rendered":"https:\/\/r-mboutique.com\/index.php\/product\/casio-vintage-a159wa-n1df\/"},"modified":"2025-09-18T06:26:56","modified_gmt":"2025-09-18T05:26:56","slug":"casio-vintage-a159wa-n1df","status":"publish","type":"product","link":"https:\/\/r-mboutique.com\/index.php\/product\/casio-vintage-a159wa-n1df\/","title":{"rendered":"Casio Vintage A159WA-N1DF"},"content":{"rendered":"<p>Caract\u00e9ristiques<\/p>\n<p>Taille du bo\u00eetier (L \u00d7 W \u00d7 H) : 36,8 \u00d7 33,2 \u00d7 8,2 mm<\/p>\n<p>Poids : 44 g<\/p>\n<p>Mat\u00e9riau du bo\u00eetier \/ de la lunette : r\u00e9sine \/ chrom\u00e9<\/p>\n<p>Bande en acier inoxydable<\/p>\n<p>Fermoir r\u00e9glable<\/p>\n<p>R\u00e9sistant \u00e0 l&#8217;eau<\/p>\n<p>Alimentation \u00e9lectrique et dur\u00e9e de vie de la batterie<\/p>\n<p>Dur\u00e9e de vie approximative de la batterie : 7 ans sur CR2016<\/p>\n<p>Caract\u00e9ristiques de la montre<\/p>\n<p>Chronom\u00e8tre de 1\/100 seconde<\/p>\n<p>Capacit\u00e9 de mesure: 59&#8217;59.99&#8243;<\/p>\n<p>Modes de mesure : temps net, temps fractionn\u00e9, temps de la 1re \u00e0 la 2e place<\/p>\n<p>Alarme\/signal horaire<\/p>\n<p>Alarme quotidienne<\/p>\n<p>Signal horaire<\/p>\n<p>Lumi\u00e8re LED<\/p>\n<p>Calendrier<\/p>\n<p>Auto-calendrier (fix\u00e9 \u00e0 28 jours pour f\u00e9vrier)<\/p>\n<p>Justesse<\/p>\n<p>Pr\u00e9cision: \u00b130 secondes par mois<\/p>\n<p>Autres caract\u00e9ristiques<\/p>\n<p>Format 12\/24 heures<\/p>\n<p>Chronom\u00e9trage r\u00e9gulier:<\/p>\n<p>Heure, minute, seconde, pm, date, jour<\/p>\n","protected":false},"excerpt":{"rendered":"<p>Caract\u00e9ristiques Taille du bo\u00eetier (L \u00d7 W \u00d7 H) : 36,8 \u00d7 33,2 \u00d7 8,2 mm Poids : 44 g<\/p>\n","protected":false},"featured_media":5785,"comment_status":"open","ping_status":"closed","template":"","meta":{"om_disable_all_campaigns":false},"product_cat":[46,26,30,28],"product_tag":[],"jetpack-related-posts":[{"id":5758,"url":"https:\/\/r-mboutique.com\/index.php\/product\/casio-mwd-100h-1bv\/","url_meta":{"origin":5786,"position":0},"title":"Casio MWD-100H-1BV","author":"Ramzi Merabtine","date":"06\/08\/2022","format":false,"excerpt":"Un design sportif et \u00e9l\u00e9gant pour satisfaire \u00e0 la fois vos c\u00f4t\u00e9s \u00e9l\u00e9gants et pratiques. Complet avec une batterie de 10 ans \u00e0 laquelle vous n'aurez pas \u00e0 penser pendant des lustres, ainsi qu'une r\u00e9sistance \u00e0 l'eau de 100 m\u00e8tres pour se doucher et nager sans tracas. La lumi\u00e8re LED\u2026","rel":"","context":"Article similaire","block_context":{"text":"Article similaire","link":""},"img":{"alt_text":"","src":"https:\/\/i0.wp.com\/r-mboutique.com\/wp-content\/uploads\/2022\/06\/img_9633.jpeg?fit=684%2C684&ssl=1&resize=350%2C200","width":350,"height":200,"srcset":"https:\/\/i0.wp.com\/r-mboutique.com\/wp-content\/uploads\/2022\/06\/img_9633.jpeg?fit=684%2C684&ssl=1&resize=350%2C200 1x, https:\/\/i0.wp.com\/r-mboutique.com\/wp-content\/uploads\/2022\/06\/img_9633.jpeg?fit=684%2C684&ssl=1&resize=525%2C300 1.5x"},"classes":[]},{"id":8546,"url":"https:\/\/r-mboutique.com\/index.php\/product\/casio-ae-1200whd-1av\/","url_meta":{"origin":5786,"position":1},"title":"Casio AE-1200WHD-1AV","author":"Ramzi Merabtine","date":"03\/11\/2024","format":false,"excerpt":"DUR\u00c9E DE VIE DE LA BATTERIE DE 10\u00a0ANS \u2022 Chronom\u00e8tre au 1\/100e\u00a0de seconde \u2022 Carte du monde pour l'heure mondiale \u2022 5\u00a0alarmes \u2022 \u00c9clairage LED \u2022 \u00c9tanche jusqu'\u00e0 100\u00a0m\u00e8tres Informations de base : Taille du bo\u00eetier (L\u00d7 l\u00d7 H) : 45 \u00d7 42.1 \u00d7 12.5 mm Poids : 91 g\u2026","rel":"","context":"Article similaire","block_context":{"text":"Article similaire","link":""},"img":{"alt_text":"","src":"https:\/\/i0.wp.com\/r-mboutique.com\/wp-content\/uploads\/2024\/03\/img_1132.jpeg?fit=1200%2C1200&ssl=1&resize=350%2C200","width":350,"height":200,"srcset":"https:\/\/i0.wp.com\/r-mboutique.com\/wp-content\/uploads\/2024\/03\/img_1132.jpeg?fit=1200%2C1200&ssl=1&resize=350%2C200 1x, https:\/\/i0.wp.com\/r-mboutique.com\/wp-content\/uploads\/2024\/03\/img_1132.jpeg?fit=1200%2C1200&ssl=1&resize=525%2C300 1.5x, https:\/\/i0.wp.com\/r-mboutique.com\/wp-content\/uploads\/2024\/03\/img_1132.jpeg?fit=1200%2C1200&ssl=1&resize=700%2C400 2x, https:\/\/i0.wp.com\/r-mboutique.com\/wp-content\/uploads\/2024\/03\/img_1132.jpeg?fit=1200%2C1200&ssl=1&resize=1050%2C600 3x"},"classes":[]},{"id":5726,"url":"https:\/\/r-mboutique.com\/index.php\/product\/casio-vintage-f-91wg-9qdf\/","url_meta":{"origin":5786,"position":2},"title":"Casio Vintage F-91WG-9QDF","author":"Ramzi Merabtine","date":"06\/07\/2022","format":false,"excerpt":"Mat\u00e9riau du bo\u00eetier \/ de la lunette : r\u00e9sine Bande de r\u00e9sine Verre en r\u00e9sine R\u00e9sistant \u00e0 l'eau Lumi\u00e8re LED Chronom\u00e8tre de 1\/100 seconde Capacit\u00e9 de mesure: 59'59.99\" Modes de mesure : temps net, temps fractionn\u00e9, temps de la 1re \u00e0 la 2e place Alarme quotidienne Signal horaire horaire Auto-calendrier\u2026","rel":"","context":"Article similaire","block_context":{"text":"Article similaire","link":""},"img":{"alt_text":"","src":"https:\/\/i0.wp.com\/r-mboutique.com\/wp-content\/uploads\/2022\/06\/img_9621.jpeg?fit=700%2C700&ssl=1&resize=350%2C200","width":350,"height":200,"srcset":"https:\/\/i0.wp.com\/r-mboutique.com\/wp-content\/uploads\/2022\/06\/img_9621.jpeg?fit=700%2C700&ssl=1&resize=350%2C200 1x, https:\/\/i0.wp.com\/r-mboutique.com\/wp-content\/uploads\/2022\/06\/img_9621.jpeg?fit=700%2C700&ssl=1&resize=525%2C300 1.5x, https:\/\/i0.wp.com\/r-mboutique.com\/wp-content\/uploads\/2022\/06\/img_9621.jpeg?fit=700%2C700&ssl=1&resize=700%2C400 2x"},"classes":[]},{"id":5730,"url":"https:\/\/r-mboutique.com\/index.php\/product\/casio-vintage-f-94wa-8dg\/","url_meta":{"origin":5786,"position":3},"title":"CASIO Vintage F-94WA-8DG","author":"Ramzi Merabtine","date":"06\/07\/2022","format":false,"excerpt":"Mat\u00e9riau du bo\u00eetier \/ de la lunette : r\u00e9sine Bande de r\u00e9sine Verre en r\u00e9sine R\u00e9sistant \u00e0 l'eau Lumi\u00e8re LED Chronom\u00e8tre de 1\/100 seconde Capacit\u00e9 de mesure: 59'59.99\" Modes de mesure : temps net, temps fractionn\u00e9, temps de la 1re \u00e0 la 2e place Alarme quotidienne Signal horaire horaire Auto-calendrier\u2026","rel":"","context":"Article similaire","block_context":{"text":"Article similaire","link":""},"img":{"alt_text":"","src":"https:\/\/i0.wp.com\/r-mboutique.com\/wp-content\/uploads\/2022\/06\/img_9622.jpeg?fit=700%2C700&ssl=1&resize=350%2C200","width":350,"height":200,"srcset":"https:\/\/i0.wp.com\/r-mboutique.com\/wp-content\/uploads\/2022\/06\/img_9622.jpeg?fit=700%2C700&ssl=1&resize=350%2C200 1x, https:\/\/i0.wp.com\/r-mboutique.com\/wp-content\/uploads\/2022\/06\/img_9622.jpeg?fit=700%2C700&ssl=1&resize=525%2C300 1.5x, https:\/\/i0.wp.com\/r-mboutique.com\/wp-content\/uploads\/2022\/06\/img_9622.jpeg?fit=700%2C700&ssl=1&resize=700%2C400 2x"},"classes":[]},{"id":8555,"url":"https:\/\/r-mboutique.com\/index.php\/product\/casio-ae-1200whb-3bv\/","url_meta":{"origin":5786,"position":4},"title":"Casio AE-1200WHB-3BV","author":"Ramzi Merabtine","date":"03\/13\/2024","format":false,"excerpt":"Description DUR\u00c9E DE VIE DE LA BATTERIE DE 10\u00a0ANS \u2022 Chronom\u00e8tre au 1\/100e\u00a0de seconde \u2022 Carte du monde pour l\u2019heure mondiale \u2022 5\u00a0alarmes \u2022 \u00c9clairage LED \u2022 \u00c9tanche jusqu\u2019\u00e0 100\u00a0m\u00e8tres Informations de base : Taille du bo\u00eetier (L\u00d7 l\u00d7 H)\u00a0: 45 \u00d7 42.1 \u00d7 12.5 mm Poids\u00a0: 91 g Mat\u00e9riau\u2026","rel":"","context":"Article similaire","block_context":{"text":"Article similaire","link":""},"img":{"alt_text":"","src":"https:\/\/i0.wp.com\/r-mboutique.com\/wp-content\/uploads\/2024\/03\/img_0391-scaled.jpeg?fit=1200%2C1200&ssl=1&resize=350%2C200","width":350,"height":200,"srcset":"https:\/\/i0.wp.com\/r-mboutique.com\/wp-content\/uploads\/2024\/03\/img_0391-scaled.jpeg?fit=1200%2C1200&ssl=1&resize=350%2C200 1x, https:\/\/i0.wp.com\/r-mboutique.com\/wp-content\/uploads\/2024\/03\/img_0391-scaled.jpeg?fit=1200%2C1200&ssl=1&resize=525%2C300 1.5x, https:\/\/i0.wp.com\/r-mboutique.com\/wp-content\/uploads\/2024\/03\/img_0391-scaled.jpeg?fit=1200%2C1200&ssl=1&resize=700%2C400 2x, https:\/\/i0.wp.com\/r-mboutique.com\/wp-content\/uploads\/2024\/03\/img_0391-scaled.jpeg?fit=1200%2C1200&ssl=1&resize=1050%2C600 3x"},"classes":[]},{"id":8561,"url":"https:\/\/r-mboutique.com\/index.php\/product\/casio-ae-1200wh-1bv\/","url_meta":{"origin":5786,"position":5},"title":"Casio AE-1200WH-1BV","author":"Ramzi Merabtine","date":"03\/13\/2024","format":false,"excerpt":"Description DUR\u00c9E DE VIE DE LA BATTERIE DE 10\u00a0ANS \u2022 Chronom\u00e8tre au 1\/100e\u00a0de seconde \u2022 Carte du monde pour l\u2019heure mondiale \u2022 5\u00a0alarmes \u2022 \u00c9clairage LED \u2022 \u00c9tanche jusqu\u2019\u00e0 100\u00a0m\u00e8tres Informations de base : Taille du bo\u00eetier (L\u00d7 l\u00d7 H)\u00a0: 45 \u00d7 42.1 \u00d7 12.5 mm Poids\u00a0: 91 g Mat\u00e9riau\u2026","rel":"","context":"Article similaire","block_context":{"text":"Article similaire","link":""},"img":{"alt_text":"","src":"https:\/\/i0.wp.com\/r-mboutique.com\/wp-content\/uploads\/2024\/03\/img_0395-scaled.jpeg?fit=1200%2C1200&ssl=1&resize=350%2C200","width":350,"height":200,"srcset":"https:\/\/i0.wp.com\/r-mboutique.com\/wp-content\/uploads\/2024\/03\/img_0395-scaled.jpeg?fit=1200%2C1200&ssl=1&resize=350%2C200 1x, https:\/\/i0.wp.com\/r-mboutique.com\/wp-content\/uploads\/2024\/03\/img_0395-scaled.jpeg?fit=1200%2C1200&ssl=1&resize=525%2C300 1.5x, https:\/\/i0.wp.com\/r-mboutique.com\/wp-content\/uploads\/2024\/03\/img_0395-scaled.jpeg?fit=1200%2C1200&ssl=1&resize=700%2C400 2x, https:\/\/i0.wp.com\/r-mboutique.com\/wp-content\/uploads\/2024\/03\/img_0395-scaled.jpeg?fit=1200%2C1200&ssl=1&resize=1050%2C600 3x"},"classes":[]}],"_links":{"self":[{"href":"https:\/\/r-mboutique.com\/index.php\/wp-json\/wp\/v2\/product\/5786"}],"collection":[{"href":"https:\/\/r-mboutique.com\/index.php\/wp-json\/wp\/v2\/product"}],"about":[{"href":"https:\/\/r-mboutique.com\/index.php\/wp-json\/wp\/v2\/types\/product"}],"replies":[{"embeddable":true,"href":"https:\/\/r-mboutique.com\/index.php\/wp-json\/wp\/v2\/comments?post=5786"}],"wp:featuredmedia":[{"embeddable":true,"href":"https:\/\/r-mboutique.com\/index.php\/wp-json\/wp\/v2\/media\/5785"}],"wp:attachment":[{"href":"https:\/\/r-mboutique.com\/index.php\/wp-json\/wp\/v2\/media?parent=5786"}],"wp:term":[{"taxonomy":"product_cat","embeddable":true,"href":"https:\/\/r-mboutique.com\/index.php\/wp-json\/wp\/v2\/product_cat?post=5786"},{"taxonomy":"product_tag","embeddable":true,"href":"https:\/\/r-mboutique.com\/index.php\/wp-json\/wp\/v2\/product_tag?post=5786"}],"curies":[{"name":"wp","href":"https:\/\/api.w.org\/{rel}","templated":true}]}}