{"id":6068,"date":"2022-08-05T19:28:27","date_gmt":"2022-08-05T18:28:27","guid":{"rendered":"https:\/\/r-mboutique.com\/index.php\/product\/casio-w-219h-2avef\/"},"modified":"2025-09-18T06:26:46","modified_gmt":"2025-09-18T05:26:46","slug":"casio-w-219h-2avef","status":"publish","type":"product","link":"https:\/\/r-mboutique.com\/index.php\/product\/casio-w-219h-2avef\/","title":{"rendered":"Casio W-219H-2AVEF"},"content":{"rendered":"<p>SP\u00c9CIFICATIONS<\/p>\n<div id=\"product-description-2\" class=\"c-product-description__description2\" style=\"font-family: Roboto, sans-serif;font-size: 16px;font-style: normal;font-weight: normal;letter-spacing: 1.1200000047683716px;text-align: start;text-indent: 0px;text-transform: none;text-decoration: none\">\n<div class=\"medium-6 large-6 columns\">\n<h3>Alarme quotidienne<\/h3>\n<p style=\"margin: 0px 0px 1.5rem;padding: 0px;font-size: calc(14px + 0vw)\">Une alarme sonore vous rappelle quotidiennement vos \u00e9ch\u00e9ances \u00e0 l&#8217;heure programm\u00e9e.<span class=\"Apple-converted-space\">&nbsp;<\/span><\/p>\n<h3>Bracelet en r\u00e9sine<\/h3>\n<p style=\"margin: 0px 0px 1.5rem;padding: 0px;font-size: calc(14px + 0vw)\">Gr\u00e2ce \u00e0 son extr\u00eame durabilit\u00e9 et sa souplesse, la r\u00e9sine synth\u00e9tique constitue un mat\u00e9riau id\u00e9al pour les bracelets.<span class=\"Apple-converted-space\">&nbsp;<\/span><\/p>\n<h3>7&nbsp;ans &#8211; 1&nbsp;pile<\/h3>\n<p style=\"margin: 0px 0px 1.5rem;padding: 0px;font-size: calc(14px + 0vw)\">La pile procure \u00e0 la montre l&#8217;\u00e9nergie n\u00e9cessaire pendant env. 7&nbsp;ans.<span class=\"Apple-converted-space\">&nbsp;<\/span><\/p>\n<h3>\u00c9clairage LED<\/h3>\n<p style=\"margin: 0px 0px 1.5rem;padding: 0px;font-size: calc(14px + 0vw)\">Le cadran de la montre est \u00e9clair\u00e9 par une diode \u00e9lectroluminescente.<span class=\"Apple-converted-space\">&nbsp;<\/span><\/p>\n<h3>Bo\u00eetier en r\u00e9sine<\/h3>\n<p style=\"margin: 0px 0px 1.5rem;padding: 0px;font-size: calc(14px + 0vw)\">Le bo\u00eetier en r\u00e9sine est id\u00e9al au quotidien. Il est durable, l\u00e9ger et relativement insensible au froid, \u00e0 la chaleur ou d&#8217;autres influences ext\u00e9rieures.<span class=\"Apple-converted-space\">&nbsp;<\/span><\/p>\n<\/div>\n<div class=\"medium-6 large-6 columns\">\n<h3>Verre acrylique<\/h3>\n<p style=\"margin: 0px 0px 1.5rem;padding: 0px;font-size: calc(14px + 0vw)\">L&#8217;acrylique est tr\u00e8s r\u00e9sistant aux chocs.<span class=\"Apple-converted-space\">&nbsp;<\/span><\/p>\n<h3>Calendrier automatique<\/h3>\n<p style=\"margin: 0px 0px 1.5rem;padding: 0px;font-size: calc(14px + 0vw)\">Une fois programm\u00e9, le calendrier automatique affiche toujours la date correcte.<span class=\"Apple-converted-space\">&nbsp;<\/span><\/p>\n<h3>Format de l&#8217;heure 12\/24&nbsp;heures<\/h3>\n<p style=\"margin: 0px 0px 1.5rem;padding: 0px;font-size: calc(14px + 0vw)\">Vous pouvez afficher l&#8217;heure au format 12&nbsp;heures ou 24&nbsp;heures.<span class=\"Apple-converted-space\">&nbsp;<\/span><\/p>\n<h3>Fonction de chronom\u00e9trage &#8211; 1\/100&nbsp;sec &#8211; 1&nbsp;h<\/h3>\n<p style=\"margin: 0px 0px 1.5rem;padding: 0px;font-size: calc(14px + 0vw)\">Le temps \u00e9coul\u00e9, les temps interm\u00e9diaires et le temps total sont calcul\u00e9s avec une pr\u00e9cision au 1\/100\u00e8me de seconde, sur une dur\u00e9e maximale d&#8217;une heure.<span class=\"Apple-converted-space\">&nbsp;<\/span><\/p>\n<h3>Boucle<\/h3>\n<p style=\"margin: 0px 0px 1.5rem;padding: 0px;font-size: calc(14px + 0vw)\">Le bracelet est \u00e9quip\u00e9 d&#8217;une boucle ardillon.<span class=\"Apple-converted-space\">&nbsp;<\/span><\/p>\n<h3>Classe d&#8217;\u00e9tanch\u00e9it\u00e9 (5 bars)<\/h3>\n<p style=\"margin: 0px 0px 1.5rem;padding: 0px;font-size: calc(14px + 0vw)\">Il est possible de prendre une douche et un bain avec cette montre &#8211; son \u00e9tanch\u00e9it\u00e9 a \u00e9t\u00e9 test\u00e9e jusqu&#8217;\u00e0 5 bars (ISO 22810).<\/p>\n<\/div>\n<\/div>\n","protected":false},"excerpt":{"rendered":"<p>SP\u00c9CIFICATIONS Alarme quotidienne Une alarme sonore vous rappelle quotidiennement vos \u00e9ch\u00e9ances \u00e0 l&#8217;heure programm\u00e9e.&nbsp; Bracelet en r\u00e9sine Gr\u00e2ce \u00e0 son<\/p>\n","protected":false},"featured_media":6066,"comment_status":"open","ping_status":"closed","template":"","meta":{"om_disable_all_campaigns":false},"product_cat":[37,46,26,28],"product_tag":[],"jetpack-related-posts":[{"id":6074,"url":"https:\/\/r-mboutique.com\/index.php\/product\/casio-w-219h-1avef\/","url_meta":{"origin":6068,"position":0},"title":"Casio W-219H-1AVEF","author":"Ramzi Merabtine","date":"08\/05\/2022","format":false,"excerpt":"SP\u00c9CIFICATIONS Alarme quotidienne Une alarme sonore vous rappelle quotidiennement vos \u00e9ch\u00e9ances \u00e0 l'heure programm\u00e9e.\u00a0 Bracelet en r\u00e9sine Gr\u00e2ce \u00e0 son extr\u00eame durabilit\u00e9 et sa souplesse, la r\u00e9sine synth\u00e9tique constitue un mat\u00e9riau id\u00e9al pour les bracelets.\u00a0 7\u00a0ans - 1\u00a0pile La pile procure \u00e0 la montre l'\u00e9nergie n\u00e9cessaire pendant env. 7\u00a0ans.\u00a0 \u00c9clairage\u2026","rel":"","context":"Article similaire","block_context":{"text":"Article similaire","link":""},"img":{"alt_text":"","src":"https:\/\/i0.wp.com\/r-mboutique.com\/wp-content\/uploads\/2022\/08\/img_0374.jpeg?fit=1140%2C1140&ssl=1&resize=350%2C200","width":350,"height":200,"srcset":"https:\/\/i0.wp.com\/r-mboutique.com\/wp-content\/uploads\/2022\/08\/img_0374.jpeg?fit=1140%2C1140&ssl=1&resize=350%2C200 1x, https:\/\/i0.wp.com\/r-mboutique.com\/wp-content\/uploads\/2022\/08\/img_0374.jpeg?fit=1140%2C1140&ssl=1&resize=525%2C300 1.5x, https:\/\/i0.wp.com\/r-mboutique.com\/wp-content\/uploads\/2022\/08\/img_0374.jpeg?fit=1140%2C1140&ssl=1&resize=700%2C400 2x, https:\/\/i0.wp.com\/r-mboutique.com\/wp-content\/uploads\/2022\/08\/img_0374.jpeg?fit=1140%2C1140&ssl=1&resize=1050%2C600 3x"},"classes":[]},{"id":6056,"url":"https:\/\/r-mboutique.com\/index.php\/product\/casio-w-219h-2a2vef\/","url_meta":{"origin":6068,"position":1},"title":"Casio W-219H-2A2VEF","author":"Ramzi Merabtine","date":"08\/05\/2022","format":false,"excerpt":"SP\u00c9CIFICATIONS Alarme quotidienne Une alarme sonore vous rappelle quotidiennement vos \u00e9ch\u00e9ances \u00e0 l'heure programm\u00e9e.\u00a0 Bracelet en r\u00e9sine Gr\u00e2ce \u00e0 son extr\u00eame durabilit\u00e9 et sa souplesse, la r\u00e9sine synth\u00e9tique constitue un mat\u00e9riau id\u00e9al pour les bracelets.\u00a0 7\u00a0ans - 1\u00a0pile La pile procure \u00e0 la montre l'\u00e9nergie n\u00e9cessaire pendant env. 7\u00a0ans.\u00a0 \u00c9clairage\u2026","rel":"","context":"Article similaire","block_context":{"text":"Article similaire","link":""},"img":{"alt_text":"","src":"https:\/\/i0.wp.com\/r-mboutique.com\/wp-content\/uploads\/2022\/08\/img_0376-1-3.jpeg?fit=1182%2C1182&ssl=1&resize=350%2C200","width":350,"height":200,"srcset":"https:\/\/i0.wp.com\/r-mboutique.com\/wp-content\/uploads\/2022\/08\/img_0376-1-3.jpeg?fit=1182%2C1182&ssl=1&resize=350%2C200 1x, https:\/\/i0.wp.com\/r-mboutique.com\/wp-content\/uploads\/2022\/08\/img_0376-1-3.jpeg?fit=1182%2C1182&ssl=1&resize=525%2C300 1.5x, https:\/\/i0.wp.com\/r-mboutique.com\/wp-content\/uploads\/2022\/08\/img_0376-1-3.jpeg?fit=1182%2C1182&ssl=1&resize=700%2C400 2x, https:\/\/i0.wp.com\/r-mboutique.com\/wp-content\/uploads\/2022\/08\/img_0376-1-3.jpeg?fit=1182%2C1182&ssl=1&resize=1050%2C600 3x"},"classes":[]},{"id":6062,"url":"https:\/\/r-mboutique.com\/index.php\/product\/casio-w-219h-4avef\/","url_meta":{"origin":6068,"position":2},"title":"Casio W-219H-4AVEF","author":"Ramzi Merabtine","date":"08\/05\/2022","format":false,"excerpt":"SP\u00c9CIFICATIONS Alarme quotidienne Une alarme sonore vous rappelle quotidiennement vos \u00e9ch\u00e9ances \u00e0 l'heure programm\u00e9e.\u00a0 Bracelet en r\u00e9sine Gr\u00e2ce \u00e0 son extr\u00eame durabilit\u00e9 et sa souplesse, la r\u00e9sine synth\u00e9tique constitue un mat\u00e9riau id\u00e9al pour les bracelets.\u00a0 7\u00a0ans - 1\u00a0pile La pile procure \u00e0 la montre l'\u00e9nergie n\u00e9cessaire pendant env. 7\u00a0ans.\u00a0 \u00c9clairage\u2026","rel":"","context":"Article similaire","block_context":{"text":"Article similaire","link":""},"img":{"alt_text":"","src":"https:\/\/i0.wp.com\/r-mboutique.com\/wp-content\/uploads\/2022\/08\/img_0377.jpeg?fit=531%2C531&ssl=1&resize=350%2C200","width":350,"height":200,"srcset":"https:\/\/i0.wp.com\/r-mboutique.com\/wp-content\/uploads\/2022\/08\/img_0377.jpeg?fit=531%2C531&ssl=1&resize=350%2C200 1x, https:\/\/i0.wp.com\/r-mboutique.com\/wp-content\/uploads\/2022\/08\/img_0377.jpeg?fit=531%2C531&ssl=1&resize=525%2C300 1.5x"},"classes":[]},{"id":2326,"url":"https:\/\/r-mboutique.com\/index.php\/product\/casio-retro-vintage\/","url_meta":{"origin":6068,"position":3},"title":"Casio r\u00e9tro Vintage A168WG-9","author":"Ramzi Merabtine","date":"10\/14\/2021","format":false,"excerpt":"Sp\u00e9cifications techniques Illuminateur Un panneau \u00e9lectroluminescent fait briller tout le visage pour une lecture facile. Fonction chronom\u00e8tre - 1\/100 sec. - 1 heure Le temps \u00e9coul\u00e9, le temps interm\u00e9diaire et le temps final sont mesur\u00e9s avec une pr\u00e9cision de 1\/100 s. La montre peut mesurer des temps allant jusqu'\u00e0 1\u2026","rel":"","context":"Article similaire","block_context":{"text":"Article similaire","link":""},"img":{"alt_text":"","src":"https:\/\/i0.wp.com\/r-mboutique.com\/wp-content\/uploads\/2021\/10\/img_3672.jpeg?fit=500%2C500&ssl=1&resize=350%2C200","width":350,"height":200},"classes":[]},{"id":2333,"url":"https:\/\/r-mboutique.com\/index.php\/product\/casio-edgy-vintage\/","url_meta":{"origin":6068,"position":4},"title":"Casio Edgy Vintage B640WB-1A","author":"Ramzi Merabtine","date":"10\/14\/2021","format":false,"excerpt":"D\u00c9TAILS \/ SP\u00c9CIFICATIONS Alarme multiple, bip horaire Vous pouvez programmer une alarme quotidienne (r\u00e9glage de l'heure uniquement) ou une alarme pour un jour et une heure sp\u00e9cifiques (r\u00e9glage du mois, du jour et de l'heure). La valeur indiqu\u00e9e correspond au nombre d'alarmes multiples disponibles. Si la fonction de bip horaire\u2026","rel":"","context":"Article similaire","block_context":{"text":"Article similaire","link":""},"img":{"alt_text":"","src":"https:\/\/i0.wp.com\/r-mboutique.com\/wp-content\/uploads\/2021\/10\/img_3686.jpeg?fit=500%2C500&ssl=1&resize=350%2C200","width":350,"height":200},"classes":[]},{"id":7583,"url":"https:\/\/r-mboutique.com\/index.php\/product\/casio-edgy-vintage-b640wcg-5\/","url_meta":{"origin":6068,"position":5},"title":"Casio Edgy Vintage B640WCG-5","author":"Ramzi Merabtine","date":"08\/09\/2023","format":false,"excerpt":"D\u00c9TAILS \/ SP\u00c9CIFICATIONS Alarme multiple, bip horaire Vous pouvez programmer une alarme quotidienne (r\u00e9glage de l\u2019heure uniquement) ou une alarme pour un jour et une heure sp\u00e9cifiques (r\u00e9glage du mois, du jour et de l\u2019heure). La valeur indiqu\u00e9e correspond au nombre d\u2019alarmes multiples disponibles. Si la fonction de bip horaire\u2026","rel":"","context":"Article similaire","block_context":{"text":"Article similaire","link":""},"img":{"alt_text":"","src":"https:\/\/i0.wp.com\/r-mboutique.com\/wp-content\/uploads\/2023\/08\/img_5213.jpeg?fit=525%2C525&ssl=1&resize=350%2C200","width":350,"height":200,"srcset":"https:\/\/i0.wp.com\/r-mboutique.com\/wp-content\/uploads\/2023\/08\/img_5213.jpeg?fit=525%2C525&ssl=1&resize=350%2C200 1x, https:\/\/i0.wp.com\/r-mboutique.com\/wp-content\/uploads\/2023\/08\/img_5213.jpeg?fit=525%2C525&ssl=1&resize=525%2C300 1.5x"},"classes":[]}],"_links":{"self":[{"href":"https:\/\/r-mboutique.com\/index.php\/wp-json\/wp\/v2\/product\/6068"}],"collection":[{"href":"https:\/\/r-mboutique.com\/index.php\/wp-json\/wp\/v2\/product"}],"about":[{"href":"https:\/\/r-mboutique.com\/index.php\/wp-json\/wp\/v2\/types\/product"}],"replies":[{"embeddable":true,"href":"https:\/\/r-mboutique.com\/index.php\/wp-json\/wp\/v2\/comments?post=6068"}],"wp:featuredmedia":[{"embeddable":true,"href":"https:\/\/r-mboutique.com\/index.php\/wp-json\/wp\/v2\/media\/6066"}],"wp:attachment":[{"href":"https:\/\/r-mboutique.com\/index.php\/wp-json\/wp\/v2\/media?parent=6068"}],"wp:term":[{"taxonomy":"product_cat","embeddable":true,"href":"https:\/\/r-mboutique.com\/index.php\/wp-json\/wp\/v2\/product_cat?post=6068"},{"taxonomy":"product_tag","embeddable":true,"href":"https:\/\/r-mboutique.com\/index.php\/wp-json\/wp\/v2\/product_tag?post=6068"}],"curies":[{"name":"wp","href":"https:\/\/api.w.org\/{rel}","templated":true}]}}