{"id":6598,"date":"2022-11-02T16:40:16","date_gmt":"2022-11-02T15:40:16","guid":{"rendered":"https:\/\/r-mboutique.com\/index.php\/product\/daniel-klein-dk12176-7\/"},"modified":"2024-01-27T11:02:40","modified_gmt":"2024-01-27T10:02:40","slug":"daniel-klein-dk12176-7","status":"publish","type":"product","link":"https:\/\/r-mboutique.com\/index.php\/product\/daniel-klein-dk12176-7\/","title":{"rendered":"Daniel klein DK12176-7"},"content":{"rendered":"<p><span style=\"margin: 0px;padding: 0px;border: 0px;font-family: inherit;font-style: inherit;font-weight: inherit;line-height: inherit;font-size: 14px;vertical-align: baseline\">Cette montre Daniel Klein \u00e0 un bo\u00eetier en acier inoxydable avec un diam\u00e8tre de 32mm et poss\u00e8de un bracelet en m\u00e9tal. Le bo\u00eetier de la montre contient un mouvement et un cristal min\u00e9ral.<\/span><\/p>\n<p style=\"margin: 0px 0px 20px;padding: 0px;border: 0px;font-family: Karla, Arial, Helvetica, sans-serif;font-style: normal;font-weight: normal;line-height: inherit;font-size: 14px;vertical-align: baseline;letter-spacing: normal;text-align: start;text-indent: 0px;text-transform: none;text-decoration: none\"><span style=\"margin: 0px;padding: 0px;border: 0px;font-family: inherit;font-style: inherit;font-weight: inherit;line-height: inherit;font-size: 14px;vertical-align: baseline\">La montre est \u00e9tanche \u00e0 3ATM. Cela signifie que la montre est \u00e9tanche pour les<\/span><span style=\"margin: 0px;padding: 0px;border: 0px;font-family: inherit;font-style: inherit;font-weight: inherit;line-height: inherit;font-size: 14px;vertical-align: baseline\"><span class=\"Apple-converted-space\" style=\"margin: 0px;padding: 0px;border: 0px;font-family: inherit;font-style: inherit;font-weight: inherit;line-height: inherit;font-size: 14px;vertical-align: baseline\">&nbsp;<\/span><\/span>\u00e9claboussures<span style=\"margin: 0px;padding: 0px;border: 0px;font-family: inherit;font-style: inherit;font-weight: inherit;line-height: inherit;font-size: 14px;vertical-align: baseline\">. La montre est livr\u00e9e avec 1 ann\u00e9e de garantie<\/span><\/p>\n","protected":false},"excerpt":{"rendered":"<p>Cette montre Daniel Klein \u00e0 un bo\u00eetier en acier inoxydable avec un diam\u00e8tre de 32mm et poss\u00e8de un bracelet en<\/p>\n","protected":false},"featured_media":6596,"comment_status":"open","ping_status":"closed","template":"","meta":{"om_disable_all_campaigns":false},"product_cat":[37,49,26,30],"product_tag":[],"jetpack-related-posts":[{"id":6582,"url":"https:\/\/r-mboutique.com\/index.php\/product\/daniel-klein-fiord-dk12075-3\/","url_meta":{"origin":6598,"position":0},"title":"Daniel klein Fiord DK12075-3","author":"Ramzi Merabtine","date":"11\/02\/2022","format":false,"excerpt":"Cette montre Daniel Klein \u00e0 un bo\u00eetier en acier inoxydable avec un diam\u00e8tre de 32mm et poss\u00e8de un bracelet en m\u00e9tal. Le bo\u00eetier de la montre contient un mouvement et un cristal min\u00e9ral. La montre est \u00e9tanche \u00e0 3ATM. Cela signifie que la montre est \u00e9tanche pour les\u00a0\u00e9claboussures. La montre\u2026","rel":"","context":"Article similaire","block_context":{"text":"Article similaire","link":""},"img":{"alt_text":"","src":"https:\/\/i0.wp.com\/r-mboutique.com\/wp-content\/uploads\/2022\/11\/feebcbf2-ab96-4077-988d-49f81b859563.jpeg?fit=1200%2C1200&ssl=1&resize=350%2C200","width":350,"height":200,"srcset":"https:\/\/i0.wp.com\/r-mboutique.com\/wp-content\/uploads\/2022\/11\/feebcbf2-ab96-4077-988d-49f81b859563.jpeg?fit=1200%2C1200&ssl=1&resize=350%2C200 1x, https:\/\/i0.wp.com\/r-mboutique.com\/wp-content\/uploads\/2022\/11\/feebcbf2-ab96-4077-988d-49f81b859563.jpeg?fit=1200%2C1200&ssl=1&resize=525%2C300 1.5x, https:\/\/i0.wp.com\/r-mboutique.com\/wp-content\/uploads\/2022\/11\/feebcbf2-ab96-4077-988d-49f81b859563.jpeg?fit=1200%2C1200&ssl=1&resize=700%2C400 2x, https:\/\/i0.wp.com\/r-mboutique.com\/wp-content\/uploads\/2022\/11\/feebcbf2-ab96-4077-988d-49f81b859563.jpeg?fit=1200%2C1200&ssl=1&resize=1050%2C600 3x"},"classes":[]},{"id":6594,"url":"https:\/\/r-mboutique.com\/index.php\/product\/daniel-klein-dk-1-12271-1\/","url_meta":{"origin":6598,"position":1},"title":"Daniel klein DK.1.12271.1","author":"Ramzi Merabtine","date":"11\/02\/2022","format":false,"excerpt":"Cette montre Daniel Klein \u00e0 un bo\u00eetier en acier inoxydable avec un diam\u00e8tre de 34mm et poss\u00e8de un bracelet en m\u00e9tal. Le bo\u00eetier de la montre contient un mouvement et un cristal min\u00e9ral. La montre est \u00e9tanche \u00e0 3ATM. Cela signifie que la montre est \u00e9tanche pour les\u00a0\u00e9claboussures. La montre\u2026","rel":"","context":"Article similaire","block_context":{"text":"Article similaire","link":""},"img":{"alt_text":"","src":"https:\/\/i0.wp.com\/r-mboutique.com\/wp-content\/uploads\/2022\/11\/img_2320.jpeg?fit=915%2C915&ssl=1&resize=350%2C200","width":350,"height":200,"srcset":"https:\/\/i0.wp.com\/r-mboutique.com\/wp-content\/uploads\/2022\/11\/img_2320.jpeg?fit=915%2C915&ssl=1&resize=350%2C200 1x, https:\/\/i0.wp.com\/r-mboutique.com\/wp-content\/uploads\/2022\/11\/img_2320.jpeg?fit=915%2C915&ssl=1&resize=525%2C300 1.5x, https:\/\/i0.wp.com\/r-mboutique.com\/wp-content\/uploads\/2022\/11\/img_2320.jpeg?fit=915%2C915&ssl=1&resize=700%2C400 2x"},"classes":[]},{"id":6480,"url":"https:\/\/r-mboutique.com\/index.php\/product\/daniel-klein-dk-1-12326-3\/","url_meta":{"origin":6598,"position":2},"title":"Daniel klein DK.1.12326.3","author":"Ramzi Merabtine","date":"10\/30\/2022","format":false,"excerpt":"Cette montre Daniel Klein \u00e0 un bo\u00eetier en acier inoxydable avec un diam\u00e8tre de 45mm et poss\u00e8de un bracelet en m\u00e9tal. Le bo\u00eetier de la montre contient un mouvement et un cristal min\u00e9ral. La montre est \u00e9tanche \u00e0 5ATM. Cela signifie que la montre est \u00e9tanche pour la douche. La\u2026","rel":"","context":"Article similaire","block_context":{"text":"Article similaire","link":""},"img":{"alt_text":"","src":"https:\/\/i0.wp.com\/r-mboutique.com\/wp-content\/uploads\/2022\/10\/img_2144-1.jpeg?fit=1200%2C1200&ssl=1&resize=350%2C200","width":350,"height":200,"srcset":"https:\/\/i0.wp.com\/r-mboutique.com\/wp-content\/uploads\/2022\/10\/img_2144-1.jpeg?fit=1200%2C1200&ssl=1&resize=350%2C200 1x, https:\/\/i0.wp.com\/r-mboutique.com\/wp-content\/uploads\/2022\/10\/img_2144-1.jpeg?fit=1200%2C1200&ssl=1&resize=525%2C300 1.5x, https:\/\/i0.wp.com\/r-mboutique.com\/wp-content\/uploads\/2022\/10\/img_2144-1.jpeg?fit=1200%2C1200&ssl=1&resize=700%2C400 2x, https:\/\/i0.wp.com\/r-mboutique.com\/wp-content\/uploads\/2022\/10\/img_2144-1.jpeg?fit=1200%2C1200&ssl=1&resize=1050%2C600 3x"},"classes":[]},{"id":6487,"url":"https:\/\/r-mboutique.com\/index.php\/product\/daniel-klein-dk-1-12326-5\/","url_meta":{"origin":6598,"position":3},"title":"Daniel klein DK.1.12326.5","author":"Ramzi Merabtine","date":"10\/30\/2022","format":false,"excerpt":"Cette montre Daniel Klein \u00e0 un bo\u00eetier en acier inoxydable avec un diam\u00e8tre de 45mm et poss\u00e8de un bracelet en m\u00e9tal. Le bo\u00eetier de la montre contient un mouvement et un cristal min\u00e9ral. La montre est \u00e9tanche \u00e0 5ATM. Cela signifie que la montre est \u00e9tanche pour la douche. La\u2026","rel":"","context":"Article similaire","block_context":{"text":"Article similaire","link":""},"img":{"alt_text":"","src":"https:\/\/i0.wp.com\/r-mboutique.com\/wp-content\/uploads\/2022\/10\/img_2161.jpeg?fit=1200%2C1200&ssl=1&resize=350%2C200","width":350,"height":200,"srcset":"https:\/\/i0.wp.com\/r-mboutique.com\/wp-content\/uploads\/2022\/10\/img_2161.jpeg?fit=1200%2C1200&ssl=1&resize=350%2C200 1x, https:\/\/i0.wp.com\/r-mboutique.com\/wp-content\/uploads\/2022\/10\/img_2161.jpeg?fit=1200%2C1200&ssl=1&resize=525%2C300 1.5x, https:\/\/i0.wp.com\/r-mboutique.com\/wp-content\/uploads\/2022\/10\/img_2161.jpeg?fit=1200%2C1200&ssl=1&resize=700%2C400 2x, https:\/\/i0.wp.com\/r-mboutique.com\/wp-content\/uploads\/2022\/10\/img_2161.jpeg?fit=1200%2C1200&ssl=1&resize=1050%2C600 3x"},"classes":[]},{"id":7519,"url":"https:\/\/r-mboutique.com\/index.php\/product\/daniel-klein-dk12048-5\/","url_meta":{"origin":6598,"position":4},"title":"Daniel klein DK12048-5","author":"Ramzi Merabtine","date":"07\/31\/2023","format":false,"excerpt":"Cette montre Daniel Klein \u00e0 un bo\u00eetier en acier inoxydable avec un diam\u00e8tre de 36mm et poss\u00e8de un bracelet en m\u00e9tal. Le bo\u00eetier de la montre contient un mouvement et un cristal min\u00e9ral. La montre est \u00e9tanche \u00e0 3ATM. Cela signifie que la montre est \u00e9tanche pour les\u00a0\u00e9claboussures. La montre\u2026","rel":"","context":"Article similaire","block_context":{"text":"Article similaire","link":""},"img":{"alt_text":"","src":"https:\/\/i0.wp.com\/r-mboutique.com\/wp-content\/uploads\/2023\/07\/img_5005.jpeg?fit=1000%2C1000&ssl=1&resize=350%2C200","width":350,"height":200,"srcset":"https:\/\/i0.wp.com\/r-mboutique.com\/wp-content\/uploads\/2023\/07\/img_5005.jpeg?fit=1000%2C1000&ssl=1&resize=350%2C200 1x, https:\/\/i0.wp.com\/r-mboutique.com\/wp-content\/uploads\/2023\/07\/img_5005.jpeg?fit=1000%2C1000&ssl=1&resize=525%2C300 1.5x, https:\/\/i0.wp.com\/r-mboutique.com\/wp-content\/uploads\/2023\/07\/img_5005.jpeg?fit=1000%2C1000&ssl=1&resize=700%2C400 2x"},"classes":[]},{"id":7523,"url":"https:\/\/r-mboutique.com\/index.php\/product\/daniel-klein-dk12048-3\/","url_meta":{"origin":6598,"position":5},"title":"Daniel klein DK12048-3","author":"Ramzi Merabtine","date":"07\/31\/2023","format":false,"excerpt":"Cette montre Daniel Klein \u00e0 un bo\u00eetier en acier inoxydable avec un diam\u00e8tre de 36mm et poss\u00e8de un bracelet en m\u00e9tal. Le bo\u00eetier de la montre contient un mouvement et un cristal min\u00e9ral. La montre est \u00e9tanche \u00e0 3ATM. Cela signifie que la montre est \u00e9tanche pour les\u00a0\u00e9claboussures. La montre\u2026","rel":"","context":"Article similaire","block_context":{"text":"Article similaire","link":""},"img":{"alt_text":"","src":"https:\/\/i0.wp.com\/r-mboutique.com\/wp-content\/uploads\/2023\/07\/img_5009.jpeg?fit=495%2C495&ssl=1&resize=350%2C200","width":350,"height":200},"classes":[]}],"_links":{"self":[{"href":"https:\/\/r-mboutique.com\/index.php\/wp-json\/wp\/v2\/product\/6598"}],"collection":[{"href":"https:\/\/r-mboutique.com\/index.php\/wp-json\/wp\/v2\/product"}],"about":[{"href":"https:\/\/r-mboutique.com\/index.php\/wp-json\/wp\/v2\/types\/product"}],"replies":[{"embeddable":true,"href":"https:\/\/r-mboutique.com\/index.php\/wp-json\/wp\/v2\/comments?post=6598"}],"wp:featuredmedia":[{"embeddable":true,"href":"https:\/\/r-mboutique.com\/index.php\/wp-json\/wp\/v2\/media\/6596"}],"wp:attachment":[{"href":"https:\/\/r-mboutique.com\/index.php\/wp-json\/wp\/v2\/media?parent=6598"}],"wp:term":[{"taxonomy":"product_cat","embeddable":true,"href":"https:\/\/r-mboutique.com\/index.php\/wp-json\/wp\/v2\/product_cat?post=6598"},{"taxonomy":"product_tag","embeddable":true,"href":"https:\/\/r-mboutique.com\/index.php\/wp-json\/wp\/v2\/product_tag?post=6598"}],"curies":[{"name":"wp","href":"https:\/\/api.w.org\/{rel}","templated":true}]}}