{"id":6825,"date":"2023-03-05T14:45:55","date_gmt":"2023-03-05T13:45:55","guid":{"rendered":"https:\/\/r-mboutique.com\/index.php\/product\/yema-rallygraf-ymhf1479c\/"},"modified":"2025-09-22T16:09:23","modified_gmt":"2025-09-22T15:09:23","slug":"yema-rallygraf-ymhf1479c","status":"publish","type":"product","link":"https:\/\/r-mboutique.com\/index.php\/product\/yema-rallygraf-ymhf1479c\/","title":{"rendered":"Yema Rallygraf YMHF1479C"},"content":{"rendered":"<p><span style=\"margin: 0px;padding: 0px;border: 0px;font-family: inherit;font-style: inherit;font-weight: inherit;line-height: inherit;font-size: 14px;vertical-align: baseline\">Cette montre Yema Rallygraf \u00e0 un bo\u00eetier en acier inoxydable avec un diam\u00e8tre de 42mm et poss\u00e8de un bracelet en cuir. Le bo\u00eetier de la montre contient un mouvement et un cristal min\u00e9ral.<\/span><\/p>\n<p><span data-pf-type=\"Text\" class=\"sc-jKTccl dCeBIC pf-1243_\" style=\"margin: 0px;padding: 0px;border: 0px;font-family: inherit;font-size: inherit;font-style: inherit;font-weight: inherit;line-height: inherit\">MONTRES CHRONOGRAPHES<\/span><\/p>\n<p class=\"sc-jtXEFf jydWoQ pf-1244_\" data-pf-type=\"Paragraph\" style=\"margin: 0px 0px 15px;padding: 0px;border: 0px;font-family: Montserrat;font-size: 10px;font-style: normal;font-weight: 500;line-height: 1.5em;max-width: 100%;text-align: right;letter-spacing: normal;text-indent: 0px;text-transform: none;text-decoration: none\"><span data-pf-type=\"Text\" class=\"sc-jKTccl dCeBIC pf-1246_\" style=\"margin-top: 0px;margin-right: 0px !important;margin-bottom: 0px;margin-left: 0px;padding: 0px;border: 0px;font-family: inherit;font-size: inherit;font-style: inherit;font-weight: inherit;line-height: inherit\">Port\u00e9s par des h\u00e9ros du sport automobile, les chronographes YEMA sont pr\u00e9sents sur la plupart des circuits embl\u00e9matiques depuis les ann\u00e9es 1960.<\/span><\/p>\n<p style=\"margin: 0px 0px 20px;padding: 0px;border: 0px;font-family: Karla, Arial, Helvetica, sans-serif;font-style: normal;font-weight: 400;line-height: inherit;font-size: 14px;vertical-align: baseline;letter-spacing: normal;text-align: start;text-indent: 0px;text-transform: none;text-decoration: none\"><span style=\"margin: 0px;padding: 0px;border: 0px;font-family: inherit;font-style: inherit;font-weight: inherit;line-height: inherit;font-size: 14px;vertical-align: baseline\">La montre est \u00e9tanche \u00e0 10ATM. Cela signifie que la montre est \u00e9tanche pour nager. La montre est livr\u00e9e avec 2 ann\u00e9es <\/span>de<span style=\"margin: 0px;padding: 0px;border: 0px;font-family: inherit;font-style: inherit;font-weight: inherit;line-height: inherit;font-size: 14px;vertical-align: baseline\"> <\/span>garantie<span style=\"margin: 0px;padding: 0px;border: 0px;font-family: inherit;font-style: inherit;font-weight: inherit;line-height: inherit;font-size: 14px;vertical-align: baseline\">.<\/span><\/p>\n","protected":false},"excerpt":{"rendered":"<p>Cette montre Yema Rallygraf \u00e0 un bo\u00eetier en acier inoxydable avec un diam\u00e8tre de 42mm et poss\u00e8de un bracelet en<\/p>\n","protected":false},"featured_media":6823,"comment_status":"open","ping_status":"closed","template":"","meta":{"om_disable_all_campaigns":false},"product_cat":[37,51,26,28],"product_tag":[],"jetpack-related-posts":[{"id":6836,"url":"https:\/\/r-mboutique.com\/index.php\/product\/yema-automatique-yeau-008-au\/","url_meta":{"origin":6825,"position":0},"title":"Yema Automatique YEAU 008\/AU","author":"Ramzi Merabtine","date":"03\/05\/2023","format":false,"excerpt":"Cette montre Yema \u00e0 un bo\u00eetier en acier inoxydable avec un diam\u00e8tre de 40mm et poss\u00e8de un bracelet en cuir. Le bo\u00eetier de la montre contient un mouvement automatique et un cristal min\u00e9ral. La montre est \u00e9tanche \u00e0 5ATM. Cela signifie que la montre est \u00e9tanche pour pour la douche.\u2026","rel":"","context":"Article similaire","block_context":{"text":"Article similaire","link":""},"img":{"alt_text":"","src":"https:\/\/i0.wp.com\/r-mboutique.com\/wp-content\/uploads\/2023\/03\/img_1362.jpeg?fit=1200%2C1200&ssl=1&resize=350%2C200","width":350,"height":200,"srcset":"https:\/\/i0.wp.com\/r-mboutique.com\/wp-content\/uploads\/2023\/03\/img_1362.jpeg?fit=1200%2C1200&ssl=1&resize=350%2C200 1x, https:\/\/i0.wp.com\/r-mboutique.com\/wp-content\/uploads\/2023\/03\/img_1362.jpeg?fit=1200%2C1200&ssl=1&resize=525%2C300 1.5x, https:\/\/i0.wp.com\/r-mboutique.com\/wp-content\/uploads\/2023\/03\/img_1362.jpeg?fit=1200%2C1200&ssl=1&resize=700%2C400 2x, https:\/\/i0.wp.com\/r-mboutique.com\/wp-content\/uploads\/2023\/03\/img_1362.jpeg?fit=1200%2C1200&ssl=1&resize=1050%2C600 3x"},"classes":[]},{"id":6843,"url":"https:\/\/r-mboutique.com\/index.php\/product\/yema-ymhf1290\/","url_meta":{"origin":6825,"position":1},"title":"Yema YMHF1290","author":"Ramzi Merabtine","date":"03\/06\/2023","format":false,"excerpt":"Cette montre Yema \u00e0 un bo\u00eetier en acier avec un diam\u00e8tre de 44mm et poss\u00e8de un bracelet en cuir noir fa\u00e7on croco. Le bo\u00eetier de la montre contient un mouvement \u00e0 Quartz VD53 et un cristal min\u00e9ral. La montre est \u00e9tanche \u00e0 5ATM. Cela signifie que la montre est \u00e9tanche\u2026","rel":"","context":"Article similaire","block_context":{"text":"Article similaire","link":""},"img":{"alt_text":"","src":"https:\/\/i0.wp.com\/r-mboutique.com\/wp-content\/uploads\/2023\/03\/img_1398.jpeg?fit=1200%2C1200&ssl=1&resize=350%2C200","width":350,"height":200,"srcset":"https:\/\/i0.wp.com\/r-mboutique.com\/wp-content\/uploads\/2023\/03\/img_1398.jpeg?fit=1200%2C1200&ssl=1&resize=350%2C200 1x, https:\/\/i0.wp.com\/r-mboutique.com\/wp-content\/uploads\/2023\/03\/img_1398.jpeg?fit=1200%2C1200&ssl=1&resize=525%2C300 1.5x, https:\/\/i0.wp.com\/r-mboutique.com\/wp-content\/uploads\/2023\/03\/img_1398.jpeg?fit=1200%2C1200&ssl=1&resize=700%2C400 2x, https:\/\/i0.wp.com\/r-mboutique.com\/wp-content\/uploads\/2023\/03\/img_1398.jpeg?fit=1200%2C1200&ssl=1&resize=1050%2C600 3x"},"classes":[]},{"id":6850,"url":"https:\/\/r-mboutique.com\/index.php\/product\/yema-ymhf1246\/","url_meta":{"origin":6825,"position":2},"title":"Yema YMHF1246","author":"Ramzi Merabtine","date":"03\/07\/2023","format":false,"excerpt":"Cette montre Yema \u00e0 un bo\u00eetier en acier avec un diam\u00e8tre de 44mm et poss\u00e8de un bracelet en cuir noir\u00a0fa\u00e7on\u00a0croco. Le bo\u00eetier de la montre contient un mouvement\u00a0\u00e0\u00a0Quartz\u00a0VX9JE et un cristal min\u00e9ral. La montre est \u00e9tanche \u00e0 5ATM. Cela signifie que la montre est \u00e9tanche pour la douche. La montre\u2026","rel":"","context":"Article similaire","block_context":{"text":"Article similaire","link":""},"img":{"alt_text":"","src":"https:\/\/i0.wp.com\/r-mboutique.com\/wp-content\/uploads\/2023\/03\/img_1435.jpeg?fit=1200%2C1200&ssl=1&resize=350%2C200","width":350,"height":200,"srcset":"https:\/\/i0.wp.com\/r-mboutique.com\/wp-content\/uploads\/2023\/03\/img_1435.jpeg?fit=1200%2C1200&ssl=1&resize=350%2C200 1x, https:\/\/i0.wp.com\/r-mboutique.com\/wp-content\/uploads\/2023\/03\/img_1435.jpeg?fit=1200%2C1200&ssl=1&resize=525%2C300 1.5x, https:\/\/i0.wp.com\/r-mboutique.com\/wp-content\/uploads\/2023\/03\/img_1435.jpeg?fit=1200%2C1200&ssl=1&resize=700%2C400 2x, https:\/\/i0.wp.com\/r-mboutique.com\/wp-content\/uploads\/2023\/03\/img_1435.jpeg?fit=1200%2C1200&ssl=1&resize=1050%2C600 3x"},"classes":[]},{"id":6857,"url":"https:\/\/r-mboutique.com\/index.php\/product\/yema-ymhf1289\/","url_meta":{"origin":6825,"position":3},"title":"Yema YMHF1289","author":"Ramzi Merabtine","date":"03\/07\/2023","format":false,"excerpt":"Cette montre Yema \u00e0 un bo\u00eetier en acier avec un diam\u00e8tre de 44mm et poss\u00e8de un bracelet en cuir noir\u00a0fa\u00e7on\u00a0croco. Le bo\u00eetier de la montre contient un mouvement\u00a0\u00e0\u00a0Quartz\u00a0VD53 et un cristal min\u00e9ral. La montre est \u00e9tanche \u00e0 5ATM. Cela signifie que la montre est \u00e9tanche pour la douche. La montre\u2026","rel":"","context":"Article similaire","block_context":{"text":"Article similaire","link":""},"img":{"alt_text":"","src":"https:\/\/i0.wp.com\/r-mboutique.com\/wp-content\/uploads\/2023\/03\/img_1454.jpeg?fit=1200%2C1200&ssl=1&resize=350%2C200","width":350,"height":200,"srcset":"https:\/\/i0.wp.com\/r-mboutique.com\/wp-content\/uploads\/2023\/03\/img_1454.jpeg?fit=1200%2C1200&ssl=1&resize=350%2C200 1x, https:\/\/i0.wp.com\/r-mboutique.com\/wp-content\/uploads\/2023\/03\/img_1454.jpeg?fit=1200%2C1200&ssl=1&resize=525%2C300 1.5x, https:\/\/i0.wp.com\/r-mboutique.com\/wp-content\/uploads\/2023\/03\/img_1454.jpeg?fit=1200%2C1200&ssl=1&resize=700%2C400 2x, https:\/\/i0.wp.com\/r-mboutique.com\/wp-content\/uploads\/2023\/03\/img_1454.jpeg?fit=1200%2C1200&ssl=1&resize=1050%2C600 3x"},"classes":[]},{"id":6864,"url":"https:\/\/r-mboutique.com\/index.php\/product\/yema-ymhf1286\/","url_meta":{"origin":6825,"position":4},"title":"Yema YMHF1286","author":"Ramzi Merabtine","date":"03\/07\/2023","format":false,"excerpt":"Cette montre Yema \u00e0 un bo\u00eetier en acier avec un diam\u00e8tre de 44mm et poss\u00e8de un bracelet en cuir noir\u00a0fa\u00e7on\u00a0croco. Le bo\u00eetier de la montre contient un mouvement\u00a0\u00e0\u00a0Quartz\u00a0VD53 et un cristal min\u00e9ral. La montre est \u00e9tanche \u00e0 5ATM. Cela signifie que la montre est \u00e9tanche pour la douche. La montre\u2026","rel":"","context":"Article similaire","block_context":{"text":"Article similaire","link":""},"img":{"alt_text":"","src":"https:\/\/i0.wp.com\/r-mboutique.com\/wp-content\/uploads\/2023\/03\/img_1462.jpeg?fit=1200%2C1200&ssl=1&resize=350%2C200","width":350,"height":200,"srcset":"https:\/\/i0.wp.com\/r-mboutique.com\/wp-content\/uploads\/2023\/03\/img_1462.jpeg?fit=1200%2C1200&ssl=1&resize=350%2C200 1x, https:\/\/i0.wp.com\/r-mboutique.com\/wp-content\/uploads\/2023\/03\/img_1462.jpeg?fit=1200%2C1200&ssl=1&resize=525%2C300 1.5x, https:\/\/i0.wp.com\/r-mboutique.com\/wp-content\/uploads\/2023\/03\/img_1462.jpeg?fit=1200%2C1200&ssl=1&resize=700%2C400 2x, https:\/\/i0.wp.com\/r-mboutique.com\/wp-content\/uploads\/2023\/03\/img_1462.jpeg?fit=1200%2C1200&ssl=1&resize=1050%2C600 3x"},"classes":[]},{"id":6883,"url":"https:\/\/r-mboutique.com\/index.php\/product\/yema-ymhf1227\/","url_meta":{"origin":6825,"position":5},"title":"Yema YMHF1227","author":"Ramzi Merabtine","date":"03\/11\/2023","format":false,"excerpt":"Cette montre Yema \u00e0 un bo\u00eetier en acier avec un diam\u00e8tre de 44mm et poss\u00e8de un bracelet en cuir noir. Le bo\u00eetier de la montre contient un mouvement\u00a0\u00e0\u00a0Quartz\u00a0VD53 et un cristal min\u00e9ral. La montre est \u00e9tanche \u00e0 5ATM. Cela signifie que la montre est \u00e9tanche pour la douche. La montre\u2026","rel":"","context":"Article similaire","block_context":{"text":"Article similaire","link":""},"img":{"alt_text":"","src":"https:\/\/i0.wp.com\/r-mboutique.com\/wp-content\/uploads\/2023\/03\/img_1614-1.jpeg?fit=1200%2C1200&ssl=1&resize=350%2C200","width":350,"height":200,"srcset":"https:\/\/i0.wp.com\/r-mboutique.com\/wp-content\/uploads\/2023\/03\/img_1614-1.jpeg?fit=1200%2C1200&ssl=1&resize=350%2C200 1x, https:\/\/i0.wp.com\/r-mboutique.com\/wp-content\/uploads\/2023\/03\/img_1614-1.jpeg?fit=1200%2C1200&ssl=1&resize=525%2C300 1.5x, https:\/\/i0.wp.com\/r-mboutique.com\/wp-content\/uploads\/2023\/03\/img_1614-1.jpeg?fit=1200%2C1200&ssl=1&resize=700%2C400 2x, https:\/\/i0.wp.com\/r-mboutique.com\/wp-content\/uploads\/2023\/03\/img_1614-1.jpeg?fit=1200%2C1200&ssl=1&resize=1050%2C600 3x"},"classes":[]}],"_links":{"self":[{"href":"https:\/\/r-mboutique.com\/index.php\/wp-json\/wp\/v2\/product\/6825"}],"collection":[{"href":"https:\/\/r-mboutique.com\/index.php\/wp-json\/wp\/v2\/product"}],"about":[{"href":"https:\/\/r-mboutique.com\/index.php\/wp-json\/wp\/v2\/types\/product"}],"replies":[{"embeddable":true,"href":"https:\/\/r-mboutique.com\/index.php\/wp-json\/wp\/v2\/comments?post=6825"}],"wp:featuredmedia":[{"embeddable":true,"href":"https:\/\/r-mboutique.com\/index.php\/wp-json\/wp\/v2\/media\/6823"}],"wp:attachment":[{"href":"https:\/\/r-mboutique.com\/index.php\/wp-json\/wp\/v2\/media?parent=6825"}],"wp:term":[{"taxonomy":"product_cat","embeddable":true,"href":"https:\/\/r-mboutique.com\/index.php\/wp-json\/wp\/v2\/product_cat?post=6825"},{"taxonomy":"product_tag","embeddable":true,"href":"https:\/\/r-mboutique.com\/index.php\/wp-json\/wp\/v2\/product_tag?post=6825"}],"curies":[{"name":"wp","href":"https:\/\/api.w.org\/{rel}","templated":true}]}}