{"id":7024,"date":"2023-04-06T16:59:08","date_gmt":"2023-04-06T15:59:08","guid":{"rendered":"https:\/\/r-mboutique.com\/?post_type=product&#038;p=7024"},"modified":"2026-02-22T17:08:01","modified_gmt":"2026-02-22T16:08:01","slug":"hoodie-with-logo-16-2","status":"publish","type":"product","link":"https:\/\/r-mboutique.com\/index.php\/product\/hoodie-with-logo-16-2\/","title":{"rendered":"Festina Timeless Chronograph F20561\/2"},"content":{"rendered":"<p><span>Cette montre Festina a un bo\u00eetier Inox 45 mm en diam\u00e8tre et est \u00e9quip\u00e9e d&#8217;un bracelet cuir. Le bo\u00eetier contient un mouvement Miyota et la montre est dot\u00e9e d&#8217;un cristal Min\u00e9ral..<\/span><\/p>\n<p><span>La montre est 10 ATM. Cela signifie que la montre est adapt\u00e9e \u00e0 la natation. La montre est livr\u00e9e avec la Garantie de 2 ans.<\/span><\/p>\n","protected":false},"excerpt":{"rendered":"<p>This is a simple product.<\/p>\n","protected":false},"featured_media":7022,"comment_status":"open","ping_status":"closed","template":"","meta":{"om_disable_all_campaigns":false},"product_cat":[37,50,26,28],"product_tag":[],"jetpack-related-posts":[{"id":1806,"url":"https:\/\/r-mboutique.com\/index.php\/product\/festina-the-originals-f20330-2\/","url_meta":{"origin":7024,"position":0},"title":"Festina The Originals F20330\/2","author":"Ramzi Merabtine","date":"08\/28\/2020","format":false,"excerpt":"Cette montre Festina \u00e0 un bo\u00eetier en acier inoxydable avec un diam\u00e8tre de 47mm et poss\u00e8de un bracelet en Plastique \/ r\u00e9sine. Le bo\u00eetier de la montre contient un mouvement et un cristal min\u00e9ral. La montre est \u00e9tanche \u00e0 10ATM. Cela signifie que la montre est \u00e9tanche pour nager. La\u2026","rel":"","context":"Article similaire","block_context":{"text":"Article similaire","link":""},"img":{"alt_text":"","src":"https:\/\/i0.wp.com\/r-mboutique.com\/wp-content\/uploads\/2025\/04\/img_6373.jpeg?fit=1153%2C1153&ssl=1&resize=350%2C200","width":350,"height":200,"srcset":"https:\/\/i0.wp.com\/r-mboutique.com\/wp-content\/uploads\/2025\/04\/img_6373.jpeg?fit=1153%2C1153&ssl=1&resize=350%2C200 1x, https:\/\/i0.wp.com\/r-mboutique.com\/wp-content\/uploads\/2025\/04\/img_6373.jpeg?fit=1153%2C1153&ssl=1&resize=525%2C300 1.5x, https:\/\/i0.wp.com\/r-mboutique.com\/wp-content\/uploads\/2025\/04\/img_6373.jpeg?fit=1153%2C1153&ssl=1&resize=700%2C400 2x, https:\/\/i0.wp.com\/r-mboutique.com\/wp-content\/uploads\/2025\/04\/img_6373.jpeg?fit=1153%2C1153&ssl=1&resize=1050%2C600 3x"},"classes":[]},{"id":2662,"url":"https:\/\/r-mboutique.com\/index.php\/product\/festina-boyfriend-f20475-2\/","url_meta":{"origin":7024,"position":1},"title":"Festina Boyfriend F20475\/2","author":"Ramzi Merabtine","date":"12\/01\/2021","format":false,"excerpt":"Cette montre Festina \u00e0 un bo\u00eetier en caoutchouc avec un diam\u00e8tre de 38mm et poss\u00e8de un bracelet en m\u00e9tal. Le bo\u00eetier de la montre contient un mouvement et un cristal min\u00e9ral. La montre est \u00e9tanche \u00e0 3ATM. Cela signifie que la montre est \u00e9tanche \u00e0 des \u00e9claboussures. La montre est\u2026","rel":"","context":"Article similaire","block_context":{"text":"Article similaire","link":""},"img":{"alt_text":"","src":"https:\/\/i0.wp.com\/r-mboutique.com\/wp-content\/uploads\/2021\/12\/img_4353.jpeg?fit=1000%2C1000&ssl=1&resize=350%2C200","width":350,"height":200,"srcset":"https:\/\/i0.wp.com\/r-mboutique.com\/wp-content\/uploads\/2021\/12\/img_4353.jpeg?fit=1000%2C1000&ssl=1&resize=350%2C200 1x, https:\/\/i0.wp.com\/r-mboutique.com\/wp-content\/uploads\/2021\/12\/img_4353.jpeg?fit=1000%2C1000&ssl=1&resize=525%2C300 1.5x, https:\/\/i0.wp.com\/r-mboutique.com\/wp-content\/uploads\/2021\/12\/img_4353.jpeg?fit=1000%2C1000&ssl=1&resize=700%2C400 2x"},"classes":[]},{"id":6613,"url":"https:\/\/r-mboutique.com\/index.php\/product\/festina-boyfriend-f20640-2\/","url_meta":{"origin":7024,"position":2},"title":"Festina Boyfriend F20640\/2","author":"Ramzi Merabtine","date":"11\/06\/2022","format":false,"excerpt":"Cette montre Festina \u00e0 un bo\u00eetier en acier inoxydable avec un diam\u00e8tre de 36mm et poss\u00e8de un bracelet en m\u00e9tal. Le bo\u00eetier de la montre contient un mouvement et un cristal min\u00e9ral. La montre est \u00e9tanche \u00e0 5ATM. Cela signifie que la montre est \u00e9tanche pour nager. La montre est\u2026","rel":"","context":"Article similaire","block_context":{"text":"Article similaire","link":""},"img":{"alt_text":"","src":"https:\/\/i0.wp.com\/r-mboutique.com\/wp-content\/uploads\/2022\/11\/img_2375.png?fit=548%2C548&ssl=1&resize=350%2C200","width":350,"height":200,"srcset":"https:\/\/i0.wp.com\/r-mboutique.com\/wp-content\/uploads\/2022\/11\/img_2375.png?fit=548%2C548&ssl=1&resize=350%2C200 1x, https:\/\/i0.wp.com\/r-mboutique.com\/wp-content\/uploads\/2022\/11\/img_2375.png?fit=548%2C548&ssl=1&resize=525%2C300 1.5x"},"classes":[]},{"id":2432,"url":"https:\/\/r-mboutique.com\/index.php\/product\/festina-glitz-f20496-2\/","url_meta":{"origin":7024,"position":3},"title":"Festina Glitz F20496\/2","author":"Ramzi Merabtine","date":"11\/06\/2021","format":false,"excerpt":"Cette montre Festina \u00e0 un bo\u00eetier en acier inoxydable en or rose avec un diam\u00e8tre de 30mm et poss\u00e8de un bracelet en m\u00e9tal. Le bo\u00eetier de la montre contient un mouvement et un cristal min\u00e9ral. La montre est \u00e9tanche \u00e0 5ATM. Cela signifie que la montre est \u00e9tanche pour la\u2026","rel":"","context":"Article similaire","block_context":{"text":"Article similaire","link":""},"img":{"alt_text":"","src":"https:\/\/i0.wp.com\/r-mboutique.com\/wp-content\/uploads\/2021\/11\/img_4021.png?fit=548%2C548&ssl=1&resize=350%2C200","width":350,"height":200,"srcset":"https:\/\/i0.wp.com\/r-mboutique.com\/wp-content\/uploads\/2021\/11\/img_4021.png?fit=548%2C548&ssl=1&resize=350%2C200 1x, https:\/\/i0.wp.com\/r-mboutique.com\/wp-content\/uploads\/2021\/11\/img_4021.png?fit=548%2C548&ssl=1&resize=525%2C300 1.5x"},"classes":[]},{"id":2442,"url":"https:\/\/r-mboutique.com\/index.php\/product\/festina-glitz-f20494-2\/","url_meta":{"origin":7024,"position":4},"title":"Festina Glitz F20494\/2","author":"Ramzi Merabtine","date":"11\/06\/2021","format":false,"excerpt":"Cette montre Festina \u00e0 un bo\u00eetier en acier inoxydable avec un diam\u00e8tre de 30mm et poss\u00e8de un bracelet en m\u00e9tal. Le bo\u00eetier de la montre contient un mouvement et un cristal min\u00e9ral. La montre est \u00e9tanche \u00e0 5ATM. Cela signifie que la montre est \u00e9tanche pour la douche. La montre\u2026","rel":"","context":"Article similaire","block_context":{"text":"Article similaire","link":""},"img":{"alt_text":"","src":"https:\/\/i0.wp.com\/r-mboutique.com\/wp-content\/uploads\/2021\/11\/img_4029.png?fit=548%2C548&ssl=1&resize=350%2C200","width":350,"height":200,"srcset":"https:\/\/i0.wp.com\/r-mboutique.com\/wp-content\/uploads\/2021\/11\/img_4029.png?fit=548%2C548&ssl=1&resize=350%2C200 1x, https:\/\/i0.wp.com\/r-mboutique.com\/wp-content\/uploads\/2021\/11\/img_4029.png?fit=548%2C548&ssl=1&resize=525%2C300 1.5x"},"classes":[]},{"id":2685,"url":"https:\/\/r-mboutique.com\/index.php\/product\/festina-mademoiselle-f16868-2\/","url_meta":{"origin":7024,"position":5},"title":"Festina Mademoiselle F16868\/2","author":"Ramzi Merabtine","date":"12\/01\/2021","format":false,"excerpt":"Cette montre Festina \u00e0 un bo\u00eetier en acier inoxydable avec un diam\u00e8tre de 33mm et poss\u00e8de un bracelet en m\u00e9tal. Le bo\u00eetier de la montre contient un mouvement et un cristal min\u00e9ral. La montre est \u00e9tanche \u00e0 5ATM. Cela signifie que la montre est \u00e9tanche pour la douche. La montre\u2026","rel":"","context":"Article similaire","block_context":{"text":"Article similaire","link":""},"img":{"alt_text":"","src":"https:\/\/i0.wp.com\/r-mboutique.com\/wp-content\/uploads\/2021\/12\/img_4373.jpeg?fit=1000%2C1000&ssl=1&resize=350%2C200","width":350,"height":200,"srcset":"https:\/\/i0.wp.com\/r-mboutique.com\/wp-content\/uploads\/2021\/12\/img_4373.jpeg?fit=1000%2C1000&ssl=1&resize=350%2C200 1x, https:\/\/i0.wp.com\/r-mboutique.com\/wp-content\/uploads\/2021\/12\/img_4373.jpeg?fit=1000%2C1000&ssl=1&resize=525%2C300 1.5x, https:\/\/i0.wp.com\/r-mboutique.com\/wp-content\/uploads\/2021\/12\/img_4373.jpeg?fit=1000%2C1000&ssl=1&resize=700%2C400 2x"},"classes":[]}],"_links":{"self":[{"href":"https:\/\/r-mboutique.com\/index.php\/wp-json\/wp\/v2\/product\/7024"}],"collection":[{"href":"https:\/\/r-mboutique.com\/index.php\/wp-json\/wp\/v2\/product"}],"about":[{"href":"https:\/\/r-mboutique.com\/index.php\/wp-json\/wp\/v2\/types\/product"}],"replies":[{"embeddable":true,"href":"https:\/\/r-mboutique.com\/index.php\/wp-json\/wp\/v2\/comments?post=7024"}],"wp:featuredmedia":[{"embeddable":true,"href":"https:\/\/r-mboutique.com\/index.php\/wp-json\/wp\/v2\/media\/7022"}],"wp:attachment":[{"href":"https:\/\/r-mboutique.com\/index.php\/wp-json\/wp\/v2\/media?parent=7024"}],"wp:term":[{"taxonomy":"product_cat","embeddable":true,"href":"https:\/\/r-mboutique.com\/index.php\/wp-json\/wp\/v2\/product_cat?post=7024"},{"taxonomy":"product_tag","embeddable":true,"href":"https:\/\/r-mboutique.com\/index.php\/wp-json\/wp\/v2\/product_tag?post=7024"}],"curies":[{"name":"wp","href":"https:\/\/api.w.org\/{rel}","templated":true}]}}