{"id":7374,"date":"2023-06-21T22:55:13","date_gmt":"2023-06-21T21:55:13","guid":{"rendered":"https:\/\/r-mboutique.com\/index.php\/product\/viceroy-air-46729-37\/"},"modified":"2025-07-12T23:06:54","modified_gmt":"2025-07-12T22:06:54","slug":"viceroy-air-46729-37","status":"publish","type":"product","link":"https:\/\/r-mboutique.com\/index.php\/product\/viceroy-air-46729-37\/","title":{"rendered":"Viceroy Air 46729-37"},"content":{"rendered":"<p><span style=\"margin: 0px;padding: 0px;border: 0px;font-family: inherit;font-style: inherit;font-weight: inherit;line-height: inherit;font-size: 14px;vertical-align: baseline\">Cette montre<\/span><span style=\"margin: 0px;padding: 0px;border: 0px;font-family: inherit;font-style: inherit;font-weight: inherit;line-height: inherit;font-size: 14px;vertical-align: baseline\"><span class=\"Apple-converted-space\" style=\"margin: 0px;padding: 0px;border: 0px;font-family: inherit;font-style: inherit;font-weight: inherit;line-height: inherit;font-size: 14px;vertical-align: baseline\">&nbsp;<\/span><\/span>Viceroy<span style=\"margin: 0px;padding: 0px;border: 0px;font-family: inherit;font-style: inherit;font-weight: inherit;line-height: inherit;font-size: 14px;vertical-align: baseline\"><span class=\"Apple-converted-space\" style=\"margin: 0px;padding: 0px;border: 0px;font-family: inherit;font-style: inherit;font-weight: inherit;line-height: inherit;font-size: 14px;vertical-align: baseline\">&nbsp;<\/span><\/span><span style=\"margin: 0px;padding: 0px;border: 0px;font-family: inherit;font-style: inherit;font-weight: inherit;line-height: inherit;font-size: 14px;vertical-align: baseline\">\u00e0 un bo\u00eetier en acier inoxydable avec un diam\u00e8tre de 42mm et poss\u00e8de un bracelet en acier. Le bo\u00eetier de la montre contient un mouvement et un cristal min\u00e9ral.<\/span><\/p>\n<p style=\"margin: 0px 0px 20px;padding: 0px;border: 0px;font-family: Karla, Arial, Helvetica, sans-serif;font-style: normal;font-weight: 400;line-height: inherit;font-size: 14px;vertical-align: baseline;letter-spacing: normal;text-align: start;text-indent: 0px;text-transform: none;text-decoration: none\"><span style=\"margin: 0px;padding: 0px;border: 0px;font-family: inherit;font-style: inherit;font-weight: inherit;line-height: inherit;font-size: 14px;vertical-align: baseline\">La montre est \u00e9tanche \u00e0 10ATM. Cela signifie que la montre est \u00e9tanche pour nager.<\/span><span style=\"margin: 0px;padding: 0px;border: 0px;font-family: inherit;font-style: inherit;font-weight: inherit;line-height: inherit;font-size: 14px;vertical-align: baseline\"><span class=\"Apple-converted-space\" style=\"margin: 0px;padding: 0px;border: 0px;font-family: inherit;font-style: inherit;font-weight: inherit;line-height: inherit;font-size: 14px;vertical-align: baseline\">&nbsp;<\/span><\/span><\/p>\n<p style=\"margin: 0px;padding: 0px;border: 0px;font-family: Karla, Arial, Helvetica, sans-serif;font-style: normal;font-weight: normal;line-height: inherit;font-size: 14px;vertical-align: baseline;letter-spacing: normal;text-align: start;text-indent: 0px;text-transform: none;text-decoration: none\"><span style=\"margin: 0px;padding: 0px;border: 0px;font-family: inherit;font-style: inherit;font-weight: inherit;line-height: inherit;font-size: 14px;vertical-align: baseline\">La montre est livr\u00e9e avec 2 ann\u00e9es de garantie valable dans le monde entier.<\/span><\/p>\n","protected":false},"excerpt":{"rendered":"<p>Cette montre&nbsp;Viceroy&nbsp;\u00e0 un bo\u00eetier en acier inoxydable avec un diam\u00e8tre de 42mm et poss\u00e8de un bracelet en acier. Le bo\u00eetier<\/p>\n","protected":false},"featured_media":8055,"comment_status":"open","ping_status":"closed","template":"","meta":{"om_disable_all_campaigns":false},"product_cat":[37,45,26,28],"product_tag":[],"jetpack-related-posts":[{"id":8757,"url":"https:\/\/r-mboutique.com\/index.php\/product\/viceroy-air-401089-37\/","url_meta":{"origin":7374,"position":0},"title":"Viceroy Air 401089-37","author":"Ramzi Merabtine","date":"05\/20\/2025","format":false,"excerpt":"Cette montre \u00e0 un bo\u00eetier en acier inoxydable avec un diam\u00e8tre de 39mm et poss\u00e8de un bracelet en acier.Le bo\u00eetier de la montre contient un mouvement et un cristal\u00a0min\u00e9ral. La montre est \u00e9tanche \u00e0 3ATM. Cela signifie que la montre est \u00e9tanche pour les \u00e9claboussures. La montre est livr\u00e9e avec\u2026","rel":"","context":"Article similaire","block_context":{"text":"Article similaire","link":""},"img":{"alt_text":"","src":"https:\/\/i0.wp.com\/r-mboutique.com\/wp-content\/uploads\/2025\/05\/img_7208.jpeg?fit=1200%2C1200&ssl=1&resize=350%2C200","width":350,"height":200,"srcset":"https:\/\/i0.wp.com\/r-mboutique.com\/wp-content\/uploads\/2025\/05\/img_7208.jpeg?fit=1200%2C1200&ssl=1&resize=350%2C200 1x, https:\/\/i0.wp.com\/r-mboutique.com\/wp-content\/uploads\/2025\/05\/img_7208.jpeg?fit=1200%2C1200&ssl=1&resize=525%2C300 1.5x, https:\/\/i0.wp.com\/r-mboutique.com\/wp-content\/uploads\/2025\/05\/img_7208.jpeg?fit=1200%2C1200&ssl=1&resize=700%2C400 2x, https:\/\/i0.wp.com\/r-mboutique.com\/wp-content\/uploads\/2025\/05\/img_7208.jpeg?fit=1200%2C1200&ssl=1&resize=1050%2C600 3x"},"classes":[]},{"id":8790,"url":"https:\/\/r-mboutique.com\/index.php\/product\/viceroy-antonio-banderas-40934-37\/","url_meta":{"origin":7374,"position":1},"title":"Viceroy Antonio Banderas 40934-37","author":"Ramzi Merabtine","date":"07\/02\/2025","format":false,"excerpt":"Cette montre Viceroy \u00e0 un bo\u00eetier en acier inoxydable\u00a0avec un diam\u00e8tre de 34mm et poss\u00e8de un bracelet en\u00a0acier. Le bo\u00eetier de la montre contient un mouvement et un cristal min\u00e9ral. La montre est \u00e9tanche \u00e0 5ATM. Cela signifie que la montre est \u00e9tanche pour\u00a0\u00e9claboussures.\u00a0 La montre est livr\u00e9e avec 2\u2026","rel":"","context":"Article similaire","block_context":{"text":"Article similaire","link":""},"img":{"alt_text":"","src":"https:\/\/i0.wp.com\/r-mboutique.com\/wp-content\/uploads\/2025\/07\/img_7744.jpeg?fit=1059%2C1059&ssl=1&resize=350%2C200","width":350,"height":200,"srcset":"https:\/\/i0.wp.com\/r-mboutique.com\/wp-content\/uploads\/2025\/07\/img_7744.jpeg?fit=1059%2C1059&ssl=1&resize=350%2C200 1x, https:\/\/i0.wp.com\/r-mboutique.com\/wp-content\/uploads\/2025\/07\/img_7744.jpeg?fit=1059%2C1059&ssl=1&resize=525%2C300 1.5x, https:\/\/i0.wp.com\/r-mboutique.com\/wp-content\/uploads\/2025\/07\/img_7744.jpeg?fit=1059%2C1059&ssl=1&resize=700%2C400 2x, https:\/\/i0.wp.com\/r-mboutique.com\/wp-content\/uploads\/2025\/07\/img_7744.jpeg?fit=1059%2C1059&ssl=1&resize=1050%2C600 3x"},"classes":[]},{"id":4936,"url":"https:\/\/r-mboutique.com\/index.php\/product\/viceroy-chic-461090-37\/","url_meta":{"origin":7374,"position":2},"title":"Viceroy Chic 461090-37","author":"Ramzi Merabtine","date":"03\/17\/2022","format":false,"excerpt":"Cette montre Viceroy \u00e0 un bo\u00eetier en acier inoxydable avec un diam\u00e8tre de 36mm et poss\u00e8de un bracelet en\u00a0acier. Le bo\u00eetier de la montre contient un mouvement et un cristal min\u00e9ral. La montre est \u00e9tanche \u00e0 5ATM. Cela signifie que la montre est \u00e9tanche pour la douche.\u00a0 La montre est\u2026","rel":"","context":"Article similaire","block_context":{"text":"Article similaire","link":""},"img":{"alt_text":"","src":"https:\/\/i0.wp.com\/r-mboutique.com\/wp-content\/uploads\/2025\/07\/img_7921.jpeg?fit=1200%2C1200&ssl=1&resize=350%2C200","width":350,"height":200,"srcset":"https:\/\/i0.wp.com\/r-mboutique.com\/wp-content\/uploads\/2025\/07\/img_7921.jpeg?fit=1200%2C1200&ssl=1&resize=350%2C200 1x, https:\/\/i0.wp.com\/r-mboutique.com\/wp-content\/uploads\/2025\/07\/img_7921.jpeg?fit=1200%2C1200&ssl=1&resize=525%2C300 1.5x, https:\/\/i0.wp.com\/r-mboutique.com\/wp-content\/uploads\/2025\/07\/img_7921.jpeg?fit=1200%2C1200&ssl=1&resize=700%2C400 2x, https:\/\/i0.wp.com\/r-mboutique.com\/wp-content\/uploads\/2025\/07\/img_7921.jpeg?fit=1200%2C1200&ssl=1&resize=1050%2C600 3x"},"classes":[]},{"id":4781,"url":"https:\/\/r-mboutique.com\/index.php\/product\/viceroy-antonio-banderas-401051-37\/","url_meta":{"origin":7374,"position":3},"title":"Viceroy Antonio Banderas 401051-37","author":"Ramzi Merabtine","date":"03\/14\/2022","format":false,"excerpt":"Cette montre Viceroy \u00e0 un bo\u00eetier en acier inoxydable\u00a0avec un diam\u00e8tre de 41mm et poss\u00e8de un bracelet en\u00a0acier. Le bo\u00eetier de la montre contient un mouvement et un cristal\u00a0min\u00e9ral. La montre est \u00e9tanche \u00e0 10ATM. Cela signifie que la montre est \u00e9tanche pour nager.\u00a0 La montre est livr\u00e9e avec 2\u2026","rel":"","context":"Article similaire","block_context":{"text":"Article similaire","link":""},"img":{"alt_text":"","src":"https:\/\/i0.wp.com\/r-mboutique.com\/wp-content\/uploads\/2022\/03\/img_7354.jpeg?fit=1200%2C1200&ssl=1&resize=350%2C200","width":350,"height":200,"srcset":"https:\/\/i0.wp.com\/r-mboutique.com\/wp-content\/uploads\/2022\/03\/img_7354.jpeg?fit=1200%2C1200&ssl=1&resize=350%2C200 1x, https:\/\/i0.wp.com\/r-mboutique.com\/wp-content\/uploads\/2022\/03\/img_7354.jpeg?fit=1200%2C1200&ssl=1&resize=525%2C300 1.5x, https:\/\/i0.wp.com\/r-mboutique.com\/wp-content\/uploads\/2022\/03\/img_7354.jpeg?fit=1200%2C1200&ssl=1&resize=700%2C400 2x, https:\/\/i0.wp.com\/r-mboutique.com\/wp-content\/uploads\/2022\/03\/img_7354.jpeg?fit=1200%2C1200&ssl=1&resize=1050%2C600 3x"},"classes":[]},{"id":4774,"url":"https:\/\/r-mboutique.com\/index.php\/product\/viceroy-antonio-banderas-401049-37\/","url_meta":{"origin":7374,"position":4},"title":"Viceroy Antonio Banderas 401049-37","author":"Ramzi Merabtine","date":"03\/13\/2022","format":false,"excerpt":"Cette montre Viceroy \u00e0 un bo\u00eetier en acier inoxydable\u00a0avec un diam\u00e8tre de 41mm et poss\u00e8de un bracelet en\u00a0cuir. Le bo\u00eetier de la montre contient un mouvement et un cristal\u00a0min\u00e9ral. La montre est \u00e9tanche \u00e0 10ATM. Cela signifie que la montre est \u00e9tanche pour nager.\u00a0 La montre est livr\u00e9e avec 2\u2026","rel":"","context":"Article similaire","block_context":{"text":"Article similaire","link":""},"img":{"alt_text":"","src":"https:\/\/i0.wp.com\/r-mboutique.com\/wp-content\/uploads\/2022\/03\/img_7345.jpeg?fit=1200%2C1200&ssl=1&resize=350%2C200","width":350,"height":200,"srcset":"https:\/\/i0.wp.com\/r-mboutique.com\/wp-content\/uploads\/2022\/03\/img_7345.jpeg?fit=1200%2C1200&ssl=1&resize=350%2C200 1x, https:\/\/i0.wp.com\/r-mboutique.com\/wp-content\/uploads\/2022\/03\/img_7345.jpeg?fit=1200%2C1200&ssl=1&resize=525%2C300 1.5x, https:\/\/i0.wp.com\/r-mboutique.com\/wp-content\/uploads\/2022\/03\/img_7345.jpeg?fit=1200%2C1200&ssl=1&resize=700%2C400 2x, https:\/\/i0.wp.com\/r-mboutique.com\/wp-content\/uploads\/2022\/03\/img_7345.jpeg?fit=1200%2C1200&ssl=1&resize=1050%2C600 3x"},"classes":[]},{"id":4793,"url":"https:\/\/r-mboutique.com\/index.php\/product\/viceroy-antonio-banderas-401053-37\/","url_meta":{"origin":7374,"position":5},"title":"Viceroy Antonio Banderas 401053-37","author":"Ramzi Merabtine","date":"03\/14\/2022","format":false,"excerpt":"Cette montre Viceroy \u00e0 un bo\u00eetier en acier inoxydable\u00a0avec un diam\u00e8tre de 41mm et poss\u00e8de un bracelet en\u00a0acier. Le bo\u00eetier de la montre contient un mouvement et un cristal\u00a0min\u00e9ral. La montre est \u00e9tanche \u00e0 10ATM. Cela signifie que la montre est \u00e9tanche pour nager.\u00a0 La montre est livr\u00e9e avec 2\u2026","rel":"","context":"Article similaire","block_context":{"text":"Article similaire","link":""},"img":{"alt_text":"","src":"https:\/\/i0.wp.com\/r-mboutique.com\/wp-content\/uploads\/2022\/03\/img_7369.jpeg?fit=1200%2C1200&ssl=1&resize=350%2C200","width":350,"height":200,"srcset":"https:\/\/i0.wp.com\/r-mboutique.com\/wp-content\/uploads\/2022\/03\/img_7369.jpeg?fit=1200%2C1200&ssl=1&resize=350%2C200 1x, https:\/\/i0.wp.com\/r-mboutique.com\/wp-content\/uploads\/2022\/03\/img_7369.jpeg?fit=1200%2C1200&ssl=1&resize=525%2C300 1.5x, https:\/\/i0.wp.com\/r-mboutique.com\/wp-content\/uploads\/2022\/03\/img_7369.jpeg?fit=1200%2C1200&ssl=1&resize=700%2C400 2x, https:\/\/i0.wp.com\/r-mboutique.com\/wp-content\/uploads\/2022\/03\/img_7369.jpeg?fit=1200%2C1200&ssl=1&resize=1050%2C600 3x"},"classes":[]}],"_links":{"self":[{"href":"https:\/\/r-mboutique.com\/index.php\/wp-json\/wp\/v2\/product\/7374"}],"collection":[{"href":"https:\/\/r-mboutique.com\/index.php\/wp-json\/wp\/v2\/product"}],"about":[{"href":"https:\/\/r-mboutique.com\/index.php\/wp-json\/wp\/v2\/types\/product"}],"replies":[{"embeddable":true,"href":"https:\/\/r-mboutique.com\/index.php\/wp-json\/wp\/v2\/comments?post=7374"}],"wp:featuredmedia":[{"embeddable":true,"href":"https:\/\/r-mboutique.com\/index.php\/wp-json\/wp\/v2\/media\/8055"}],"wp:attachment":[{"href":"https:\/\/r-mboutique.com\/index.php\/wp-json\/wp\/v2\/media?parent=7374"}],"wp:term":[{"taxonomy":"product_cat","embeddable":true,"href":"https:\/\/r-mboutique.com\/index.php\/wp-json\/wp\/v2\/product_cat?post=7374"},{"taxonomy":"product_tag","embeddable":true,"href":"https:\/\/r-mboutique.com\/index.php\/wp-json\/wp\/v2\/product_tag?post=7374"}],"curies":[{"name":"wp","href":"https:\/\/api.w.org\/{rel}","templated":true}]}}