{"id":7470,"date":"2023-07-20T16:54:04","date_gmt":"2023-07-20T15:54:04","guid":{"rendered":"https:\/\/r-mboutique.com\/index.php\/product\/casio-ws-1400h-1bvef\/"},"modified":"2025-09-18T06:25:54","modified_gmt":"2025-09-18T05:25:54","slug":"casio-ws-1400h-1bvef","status":"publish","type":"product","link":"https:\/\/r-mboutique.com\/index.php\/product\/casio-ws-1400h-1bvef\/","title":{"rendered":"Casio WS-1400H-1BVEF"},"content":{"rendered":"<p><span style=\"font-family: ui-sans-serif, system-ui, -apple-system, BlinkMacSystemFont,\">Cette montre Casio a un bo\u00eetier plastique 44 mm en diam\u00e8tre et est \u00e9quip\u00e9e d&#8217;un bracelet R\u00e9sine. Le bo\u00eetier contient un mouvement Casio et la montre est dot\u00e9e d&#8217;un cristal Plexi..<\/span><\/p>\n<p><span style=\"font-family: ui-sans-serif, system-ui, -apple-system, BlinkMacSystemFont,\">La montre est 10 ATM. Cela signifie que la montre est adapt\u00e9e \u00e0 la natation.<\/span><span style=\"font-family: ui-sans-serif, system-ui, -apple-system, BlinkMacSystemFont,\"> La montre est livr\u00e9e avec la Garantie de 1 ans.<\/span><\/p>\n<p><span style=\"font-family: din-2014,\">Tirez le meilleur parti de vos s\u00e9ances d&#8217;entra\u00eenement gr\u00e2ce \u00e0 la m\u00e9moire de 60 temps par tour de la montre \u00e0 votre poignet. Profitez d&#8217;un \u00e9cran LCD, tr\u00e8s lisible, m\u00eame en courant, ainsi que du bouton de chronom\u00e8tre pratique situ\u00e9 \u00e0 l&#8217;avant, le tout int\u00e9gr\u00e9 dans un bo\u00eetier angulaire tr\u00e8s r\u00e9sistant. R\u00e9sistance \u00e0 l&#8217;eau de 100 m\u00e8tres pour vous lib\u00e9rer de toute inqui\u00e9tude sous la pluie, \u00e9clairage LED pour faciliter la lecture dans les espaces aussi bien \u00e9clair\u00e9s que sombres et autonomie de la pile de 10 ans. Les fonctions d&#8217;entra\u00eenement incorpor\u00e9es vous permettent de vous concentrer sur la r\u00e9alisation de vos objectifs de course.<\/span><\/p>\n","protected":false},"excerpt":{"rendered":"<p>Cette montre Casio a un bo\u00eetier plastique 44 mm en diam\u00e8tre et est \u00e9quip\u00e9e d&#8217;un bracelet R\u00e9sine. Le bo\u00eetier contient<\/p>\n","protected":false},"featured_media":7468,"comment_status":"open","ping_status":"closed","template":"","meta":{"om_disable_all_campaigns":false},"product_cat":[37,46,26,28],"product_tag":[],"jetpack-related-posts":[{"id":7475,"url":"https:\/\/r-mboutique.com\/index.php\/product\/casio-ws-1400h-3av\/","url_meta":{"origin":7470,"position":0},"title":"Casio WS-1400H-3AV","author":"Ramzi Merabtine","date":"07\/20\/2023","format":false,"excerpt":"Cette montre Casio a un bo\u00eetier plastique 44 mm en diam\u00e8tre et est \u00e9quip\u00e9e d\u2019un bracelet R\u00e9sine. Le bo\u00eetier contient un mouvement Casio et la montre est dot\u00e9e d\u2019un cristal Plexi.. La montre est 10 ATM. Cela signifie que la montre est adapt\u00e9e \u00e0 la natation.\u00a0La montre est livr\u00e9e avec\u2026","rel":"","context":"Article similaire","block_context":{"text":"Article similaire","link":""},"img":{"alt_text":"","src":"https:\/\/i0.wp.com\/r-mboutique.com\/wp-content\/uploads\/2023\/07\/img_4722.jpeg?fit=1087%2C1087&ssl=1&resize=350%2C200","width":350,"height":200,"srcset":"https:\/\/i0.wp.com\/r-mboutique.com\/wp-content\/uploads\/2023\/07\/img_4722.jpeg?fit=1087%2C1087&ssl=1&resize=350%2C200 1x, https:\/\/i0.wp.com\/r-mboutique.com\/wp-content\/uploads\/2023\/07\/img_4722.jpeg?fit=1087%2C1087&ssl=1&resize=525%2C300 1.5x, https:\/\/i0.wp.com\/r-mboutique.com\/wp-content\/uploads\/2023\/07\/img_4722.jpeg?fit=1087%2C1087&ssl=1&resize=700%2C400 2x, https:\/\/i0.wp.com\/r-mboutique.com\/wp-content\/uploads\/2023\/07\/img_4722.jpeg?fit=1087%2C1087&ssl=1&resize=1050%2C600 3x"},"classes":[]},{"id":7483,"url":"https:\/\/r-mboutique.com\/index.php\/product\/casio-ws-2100h-1avdf\/","url_meta":{"origin":7470,"position":1},"title":"Casio WS-2100H-1AVDF","author":"Ramzi Merabtine","date":"07\/20\/2023","format":false,"excerpt":"Cette montre Casio a un bo\u00eetier plastique 50 mm en diam\u00e8tre et est \u00e9quip\u00e9e d\u2019un bracelet R\u00e9sine. Le bo\u00eetier contient un mouvement Casio et la montre est dot\u00e9e d\u2019un cristal Plexi.. La montre est 10 ATM. Cela signifie que la montre est adapt\u00e9e \u00e0 la natation.\u00a0La montre est livr\u00e9e avec\u2026","rel":"","context":"Article similaire","block_context":{"text":"Article similaire","link":""},"img":{"alt_text":"","src":"https:\/\/i0.wp.com\/r-mboutique.com\/wp-content\/uploads\/2023\/07\/img_4731.jpeg?fit=1085%2C1085&ssl=1&resize=350%2C200","width":350,"height":200,"srcset":"https:\/\/i0.wp.com\/r-mboutique.com\/wp-content\/uploads\/2023\/07\/img_4731.jpeg?fit=1085%2C1085&ssl=1&resize=350%2C200 1x, https:\/\/i0.wp.com\/r-mboutique.com\/wp-content\/uploads\/2023\/07\/img_4731.jpeg?fit=1085%2C1085&ssl=1&resize=525%2C300 1.5x, https:\/\/i0.wp.com\/r-mboutique.com\/wp-content\/uploads\/2023\/07\/img_4731.jpeg?fit=1085%2C1085&ssl=1&resize=700%2C400 2x, https:\/\/i0.wp.com\/r-mboutique.com\/wp-content\/uploads\/2023\/07\/img_4731.jpeg?fit=1085%2C1085&ssl=1&resize=1050%2C600 3x"},"classes":[]},{"id":7487,"url":"https:\/\/r-mboutique.com\/index.php\/product\/casio-ws-2100h-8av\/","url_meta":{"origin":7470,"position":2},"title":"Casio WS-2100H-8AV","author":"Ramzi Merabtine","date":"07\/20\/2023","format":false,"excerpt":"Cette montre Casio a un bo\u00eetier plastique 50 mm en diam\u00e8tre et est \u00e9quip\u00e9e d\u2019un bracelet R\u00e9sine. Le bo\u00eetier contient un mouvement Casio et la montre est dot\u00e9e d\u2019un cristal Plexi.. La montre est 10 ATM. Cela signifie que la montre est adapt\u00e9e \u00e0 la natation.\u00a0La montre est livr\u00e9e avec\u2026","rel":"","context":"Article similaire","block_context":{"text":"Article similaire","link":""},"img":{"alt_text":"","src":"https:\/\/i0.wp.com\/r-mboutique.com\/wp-content\/uploads\/2023\/07\/img_4730.jpeg?fit=1090%2C1090&ssl=1&resize=350%2C200","width":350,"height":200,"srcset":"https:\/\/i0.wp.com\/r-mboutique.com\/wp-content\/uploads\/2023\/07\/img_4730.jpeg?fit=1090%2C1090&ssl=1&resize=350%2C200 1x, https:\/\/i0.wp.com\/r-mboutique.com\/wp-content\/uploads\/2023\/07\/img_4730.jpeg?fit=1090%2C1090&ssl=1&resize=525%2C300 1.5x, https:\/\/i0.wp.com\/r-mboutique.com\/wp-content\/uploads\/2023\/07\/img_4730.jpeg?fit=1090%2C1090&ssl=1&resize=700%2C400 2x, https:\/\/i0.wp.com\/r-mboutique.com\/wp-content\/uploads\/2023\/07\/img_4730.jpeg?fit=1090%2C1090&ssl=1&resize=1050%2C600 3x"},"classes":[]},{"id":2326,"url":"https:\/\/r-mboutique.com\/index.php\/product\/casio-retro-vintage\/","url_meta":{"origin":7470,"position":3},"title":"Casio r\u00e9tro Vintage A168WG-9","author":"Ramzi Merabtine","date":"10\/14\/2021","format":false,"excerpt":"Sp\u00e9cifications techniques Illuminateur Un panneau \u00e9lectroluminescent fait briller tout le visage pour une lecture facile. Fonction chronom\u00e8tre - 1\/100 sec. - 1 heure Le temps \u00e9coul\u00e9, le temps interm\u00e9diaire et le temps final sont mesur\u00e9s avec une pr\u00e9cision de 1\/100 s. La montre peut mesurer des temps allant jusqu'\u00e0 1\u2026","rel":"","context":"Article similaire","block_context":{"text":"Article similaire","link":""},"img":{"alt_text":"","src":"https:\/\/i0.wp.com\/r-mboutique.com\/wp-content\/uploads\/2021\/10\/img_3672.jpeg?fit=500%2C500&ssl=1&resize=350%2C200","width":350,"height":200},"classes":[]},{"id":7491,"url":"https:\/\/r-mboutique.com\/index.php\/product\/casio-w-737h-2av\/","url_meta":{"origin":7470,"position":4},"title":"Casio W-737H-2AV","author":"Ramzi Merabtine","date":"07\/20\/2023","format":false,"excerpt":"Cette montre Casio a un bo\u00eetier plastique 45 mm en diam\u00e8tre et est \u00e9quip\u00e9e d\u2019un bracelet R\u00e9sine. Le bo\u00eetier contient un mouvement Casio et la montre est dot\u00e9e d\u2019un cristal Plexi.. La montre est 10 ATM. Cela signifie que la montre est adapt\u00e9e \u00e0 la natation.\u00a0La montre est livr\u00e9e avec\u2026","rel":"","context":"Article similaire","block_context":{"text":"Article similaire","link":""},"img":{"alt_text":"","src":"https:\/\/i0.wp.com\/r-mboutique.com\/wp-content\/uploads\/2023\/07\/38946095-ac4f-4acc-a006-00d14dd7e23e.jpeg?fit=1200%2C1200&ssl=1&resize=350%2C200","width":350,"height":200,"srcset":"https:\/\/i0.wp.com\/r-mboutique.com\/wp-content\/uploads\/2023\/07\/38946095-ac4f-4acc-a006-00d14dd7e23e.jpeg?fit=1200%2C1200&ssl=1&resize=350%2C200 1x, https:\/\/i0.wp.com\/r-mboutique.com\/wp-content\/uploads\/2023\/07\/38946095-ac4f-4acc-a006-00d14dd7e23e.jpeg?fit=1200%2C1200&ssl=1&resize=525%2C300 1.5x, https:\/\/i0.wp.com\/r-mboutique.com\/wp-content\/uploads\/2023\/07\/38946095-ac4f-4acc-a006-00d14dd7e23e.jpeg?fit=1200%2C1200&ssl=1&resize=700%2C400 2x, https:\/\/i0.wp.com\/r-mboutique.com\/wp-content\/uploads\/2023\/07\/38946095-ac4f-4acc-a006-00d14dd7e23e.jpeg?fit=1200%2C1200&ssl=1&resize=1050%2C600 3x"},"classes":[]},{"id":6074,"url":"https:\/\/r-mboutique.com\/index.php\/product\/casio-w-219h-1avef\/","url_meta":{"origin":7470,"position":5},"title":"Casio W-219H-1AVEF","author":"Ramzi Merabtine","date":"08\/05\/2022","format":false,"excerpt":"SP\u00c9CIFICATIONS Alarme quotidienne Une alarme sonore vous rappelle quotidiennement vos \u00e9ch\u00e9ances \u00e0 l'heure programm\u00e9e.\u00a0 Bracelet en r\u00e9sine Gr\u00e2ce \u00e0 son extr\u00eame durabilit\u00e9 et sa souplesse, la r\u00e9sine synth\u00e9tique constitue un mat\u00e9riau id\u00e9al pour les bracelets.\u00a0 7\u00a0ans - 1\u00a0pile La pile procure \u00e0 la montre l'\u00e9nergie n\u00e9cessaire pendant env. 7\u00a0ans.\u00a0 \u00c9clairage\u2026","rel":"","context":"Article similaire","block_context":{"text":"Article similaire","link":""},"img":{"alt_text":"","src":"https:\/\/i0.wp.com\/r-mboutique.com\/wp-content\/uploads\/2022\/08\/img_0374.jpeg?fit=1140%2C1140&ssl=1&resize=350%2C200","width":350,"height":200,"srcset":"https:\/\/i0.wp.com\/r-mboutique.com\/wp-content\/uploads\/2022\/08\/img_0374.jpeg?fit=1140%2C1140&ssl=1&resize=350%2C200 1x, https:\/\/i0.wp.com\/r-mboutique.com\/wp-content\/uploads\/2022\/08\/img_0374.jpeg?fit=1140%2C1140&ssl=1&resize=525%2C300 1.5x, https:\/\/i0.wp.com\/r-mboutique.com\/wp-content\/uploads\/2022\/08\/img_0374.jpeg?fit=1140%2C1140&ssl=1&resize=700%2C400 2x, https:\/\/i0.wp.com\/r-mboutique.com\/wp-content\/uploads\/2022\/08\/img_0374.jpeg?fit=1140%2C1140&ssl=1&resize=1050%2C600 3x"},"classes":[]}],"_links":{"self":[{"href":"https:\/\/r-mboutique.com\/index.php\/wp-json\/wp\/v2\/product\/7470"}],"collection":[{"href":"https:\/\/r-mboutique.com\/index.php\/wp-json\/wp\/v2\/product"}],"about":[{"href":"https:\/\/r-mboutique.com\/index.php\/wp-json\/wp\/v2\/types\/product"}],"replies":[{"embeddable":true,"href":"https:\/\/r-mboutique.com\/index.php\/wp-json\/wp\/v2\/comments?post=7470"}],"wp:featuredmedia":[{"embeddable":true,"href":"https:\/\/r-mboutique.com\/index.php\/wp-json\/wp\/v2\/media\/7468"}],"wp:attachment":[{"href":"https:\/\/r-mboutique.com\/index.php\/wp-json\/wp\/v2\/media?parent=7470"}],"wp:term":[{"taxonomy":"product_cat","embeddable":true,"href":"https:\/\/r-mboutique.com\/index.php\/wp-json\/wp\/v2\/product_cat?post=7470"},{"taxonomy":"product_tag","embeddable":true,"href":"https:\/\/r-mboutique.com\/index.php\/wp-json\/wp\/v2\/product_tag?post=7470"}],"curies":[{"name":"wp","href":"https:\/\/api.w.org\/{rel}","templated":true}]}}