{"id":7491,"date":"2023-07-20T17:46:39","date_gmt":"2023-07-20T16:46:39","guid":{"rendered":"https:\/\/r-mboutique.com\/index.php\/product\/casio-w-737h-2av\/"},"modified":"2025-09-18T06:25:17","modified_gmt":"2025-09-18T05:25:17","slug":"casio-w-737h-2av","status":"publish","type":"product","link":"https:\/\/r-mboutique.com\/index.php\/product\/casio-w-737h-2av\/","title":{"rendered":"Casio W-737H-2AV"},"content":{"rendered":"<p><span style=\"margin: 0px;padding: 0px;border: 0px;font-style: inherit;font-weight: inherit;line-height: inherit;font-family: inherit;font-size: 14px;vertical-align: baseline\">Cette montre Casio a un bo\u00eetier plastique 45 mm en diam\u00e8tre et est \u00e9quip\u00e9e d\u2019un bracelet R\u00e9sine. Le bo\u00eetier contient un mouvement Casio et la montre est dot\u00e9e d\u2019un cristal Plexi..<\/span><\/p>\n<p style=\"margin: 0px 0px 20px;padding: 0px;border: 0px;font-style: normal;font-weight: 400;line-height: inherit;font-family: Karla, Arial, Helvetica, sans-serif;font-size: 14px;vertical-align: baseline;letter-spacing: normal;text-align: start;text-indent: 0px;text-transform: none;text-decoration: none\"><span style=\"margin: 0px;padding: 0px;border: 0px;font-style: inherit;font-weight: inherit;line-height: inherit;font-family: inherit;font-size: 14px;vertical-align: baseline\">La montre est 10 ATM. Cela signifie que la montre est adapt\u00e9e \u00e0 la natation.<\/span><span style=\"margin: 0px;padding: 0px;border: 0px;font-style: inherit;font-weight: inherit;line-height: inherit;font-family: inherit;font-size: 14px;vertical-align: baseline\"><span class=\"Apple-converted-space\" style=\"margin: 0px;padding: 0px;border: 0px;font-style: inherit;font-weight: inherit;line-height: inherit;font-family: inherit;font-size: 14px;vertical-align: baseline\">&nbsp;<\/span><\/span><span style=\"margin: 0px;padding: 0px;border: 0px;font-style: inherit;font-weight: inherit;line-height: inherit;font-family: inherit;font-size: 14px;vertical-align: baseline\">La montre est livr\u00e9e avec la Garantie de 1 ans.<\/span><\/p>\n<p><span>DUR\u00c9E DE VIE DE LA BATTERIE DE 10 ANS \u2022 R\u00e9sistance \u00e0 l&#8217;eau de 100 m\u00e8tres \u2022 R\u00e9tro\u00e9clairage LED \u2022 Chronom\u00e8tre 1\/100 seconde \u2022 Double fuseau horaire \u2022 Alarme quotidienne<\/span><\/p>\n","protected":false},"excerpt":{"rendered":"<p>Cette montre Casio a un bo\u00eetier plastique 45 mm en diam\u00e8tre et est \u00e9quip\u00e9e d\u2019un bracelet R\u00e9sine. Le bo\u00eetier contient<\/p>\n","protected":false},"featured_media":7489,"comment_status":"open","ping_status":"closed","template":"","meta":{"om_disable_all_campaigns":false},"product_cat":[37,46,26,28],"product_tag":[],"jetpack-related-posts":[{"id":8378,"url":"https:\/\/r-mboutique.com\/index.php\/product\/casio-mtp-v300b-1a\/","url_meta":{"origin":7491,"position":0},"title":"Casio MTP-V300B-1A","author":"Ramzi Merabtine","date":"02\/04\/2024","format":false,"excerpt":"Cette montre Casio \u00e0 un bo\u00eetier en acier inoxydable avec un diam\u00e8tre de 41,5mm et poss\u00e8de un bracelet en m\u00e9tal. Le bo\u00eetier de la montre contient un mouvement et un cristal min\u00e9ral. La montre est \u00e9tanche \u00e0 3ATM. Cela signifie que la montre est \u00e9tanche \u00e0 des \u00e9claboussures. La montre\u2026","rel":"","context":"Article similaire","block_context":{"text":"Article similaire","link":""},"img":{"alt_text":"","src":"https:\/\/i0.wp.com\/r-mboutique.com\/wp-content\/uploads\/2024\/02\/img_0356.jpeg?fit=1200%2C1200&ssl=1&resize=350%2C200","width":350,"height":200,"srcset":"https:\/\/i0.wp.com\/r-mboutique.com\/wp-content\/uploads\/2024\/02\/img_0356.jpeg?fit=1200%2C1200&ssl=1&resize=350%2C200 1x, https:\/\/i0.wp.com\/r-mboutique.com\/wp-content\/uploads\/2024\/02\/img_0356.jpeg?fit=1200%2C1200&ssl=1&resize=525%2C300 1.5x, https:\/\/i0.wp.com\/r-mboutique.com\/wp-content\/uploads\/2024\/02\/img_0356.jpeg?fit=1200%2C1200&ssl=1&resize=700%2C400 2x, https:\/\/i0.wp.com\/r-mboutique.com\/wp-content\/uploads\/2024\/02\/img_0356.jpeg?fit=1200%2C1200&ssl=1&resize=1050%2C600 3x"},"classes":[]},{"id":5681,"url":"https:\/\/r-mboutique.com\/index.php\/product\/casio-ltp-v300d-4audf\/","url_meta":{"origin":7491,"position":1},"title":"Casio LTP-V300D-4AUDF","author":"Ramzi Merabtine","date":"06\/05\/2022","format":false,"excerpt":"Cette montre Casio \u00e0 un bo\u00eetier en acier inoxydable avec un diam\u00e8tre de 33mm et poss\u00e8de un bracelet en m\u00e9tal. Le bo\u00eetier de la montre contient un mouvement et un cristal min\u00e9ral. La montre est \u00e9tanche \u00e0 3ATM. Cela signifie que la montre est \u00e9tanche \u00e0 des \u00e9claboussures. La montre\u2026","rel":"","context":"Article similaire","block_context":{"text":"Article similaire","link":""},"img":{"alt_text":"","src":"https:\/\/i0.wp.com\/r-mboutique.com\/wp-content\/uploads\/2022\/06\/97dad8b2-abed-4bcc-82c3-2d8d299c50b1.jpeg?fit=1200%2C1200&ssl=1&resize=350%2C200","width":350,"height":200,"srcset":"https:\/\/i0.wp.com\/r-mboutique.com\/wp-content\/uploads\/2022\/06\/97dad8b2-abed-4bcc-82c3-2d8d299c50b1.jpeg?fit=1200%2C1200&ssl=1&resize=350%2C200 1x, https:\/\/i0.wp.com\/r-mboutique.com\/wp-content\/uploads\/2022\/06\/97dad8b2-abed-4bcc-82c3-2d8d299c50b1.jpeg?fit=1200%2C1200&ssl=1&resize=525%2C300 1.5x, https:\/\/i0.wp.com\/r-mboutique.com\/wp-content\/uploads\/2022\/06\/97dad8b2-abed-4bcc-82c3-2d8d299c50b1.jpeg?fit=1200%2C1200&ssl=1&resize=700%2C400 2x, https:\/\/i0.wp.com\/r-mboutique.com\/wp-content\/uploads\/2022\/06\/97dad8b2-abed-4bcc-82c3-2d8d299c50b1.jpeg?fit=1200%2C1200&ssl=1&resize=1050%2C600 3x"},"classes":[]},{"id":5687,"url":"https:\/\/r-mboutique.com\/index.php\/product\/casio-ltp-v300d-2audf\/","url_meta":{"origin":7491,"position":2},"title":"Casio LTP-V300D-2AUDF","author":"Ramzi Merabtine","date":"06\/05\/2022","format":false,"excerpt":"Cette montre Casio \u00e0 un bo\u00eetier en acier inoxydable avec un diam\u00e8tre de 33mm et poss\u00e8de un bracelet en m\u00e9tal. Le bo\u00eetier de la montre contient un mouvement et un cristal min\u00e9ral. La montre est \u00e9tanche \u00e0 3ATM. Cela signifie que la montre est \u00e9tanche \u00e0 des \u00e9claboussures. La montre\u2026","rel":"","context":"Article similaire","block_context":{"text":"Article similaire","link":""},"img":{"alt_text":"","src":"https:\/\/i0.wp.com\/r-mboutique.com\/wp-content\/uploads\/2022\/06\/ltp-v300d-2audf-2.jpeg?fit=818%2C818&ssl=1&resize=350%2C200","width":350,"height":200,"srcset":"https:\/\/i0.wp.com\/r-mboutique.com\/wp-content\/uploads\/2022\/06\/ltp-v300d-2audf-2.jpeg?fit=818%2C818&ssl=1&resize=350%2C200 1x, https:\/\/i0.wp.com\/r-mboutique.com\/wp-content\/uploads\/2022\/06\/ltp-v300d-2audf-2.jpeg?fit=818%2C818&ssl=1&resize=525%2C300 1.5x, https:\/\/i0.wp.com\/r-mboutique.com\/wp-content\/uploads\/2022\/06\/ltp-v300d-2audf-2.jpeg?fit=818%2C818&ssl=1&resize=700%2C400 2x"},"classes":[]},{"id":5693,"url":"https:\/\/r-mboutique.com\/index.php\/product\/casio-ltp-v300d-7audf\/","url_meta":{"origin":7491,"position":3},"title":"Casio LTP-V300D-7AUDF","author":"Ramzi Merabtine","date":"06\/05\/2022","format":false,"excerpt":"Cette montre Casio \u00e0 un bo\u00eetier en acier inoxydable avec un diam\u00e8tre de 33mm et poss\u00e8de un bracelet en m\u00e9tal. Le bo\u00eetier de la montre contient un mouvement et un cristal min\u00e9ral. La montre est \u00e9tanche \u00e0 3ATM. Cela signifie que la montre est \u00e9tanche \u00e0 des \u00e9claboussures. La montre\u2026","rel":"","context":"Article similaire","block_context":{"text":"Article similaire","link":""},"img":{"alt_text":"","src":"https:\/\/i0.wp.com\/r-mboutique.com\/wp-content\/uploads\/2022\/06\/ltp-v300d-7audf-1.jpeg?fit=700%2C700&ssl=1&resize=350%2C200","width":350,"height":200,"srcset":"https:\/\/i0.wp.com\/r-mboutique.com\/wp-content\/uploads\/2022\/06\/ltp-v300d-7audf-1.jpeg?fit=700%2C700&ssl=1&resize=350%2C200 1x, https:\/\/i0.wp.com\/r-mboutique.com\/wp-content\/uploads\/2022\/06\/ltp-v300d-7audf-1.jpeg?fit=700%2C700&ssl=1&resize=525%2C300 1.5x, https:\/\/i0.wp.com\/r-mboutique.com\/wp-content\/uploads\/2022\/06\/ltp-v300d-7audf-1.jpeg?fit=700%2C700&ssl=1&resize=700%2C400 2x"},"classes":[]},{"id":5700,"url":"https:\/\/r-mboutique.com\/index.php\/product\/casio-ltp-v300d-1audf\/","url_meta":{"origin":7491,"position":4},"title":"Casio LTP-V300D-1AUDF","author":"Ramzi Merabtine","date":"06\/05\/2022","format":false,"excerpt":"Cette montre Casio \u00e0 un bo\u00eetier en acier inoxydable avec un diam\u00e8tre de 33mm et poss\u00e8de un bracelet en m\u00e9tal. Le bo\u00eetier de la montre contient un mouvement et un cristal min\u00e9ral. La montre est \u00e9tanche \u00e0 3ATM. Cela signifie que la montre est \u00e9tanche \u00e0 des \u00e9claboussures. La montre\u2026","rel":"","context":"Article similaire","block_context":{"text":"Article similaire","link":""},"img":{"alt_text":"","src":"https:\/\/i0.wp.com\/r-mboutique.com\/wp-content\/uploads\/2022\/06\/ltp-v300d-1aaa.jpeg?fit=1198%2C1198&ssl=1&resize=350%2C200","width":350,"height":200,"srcset":"https:\/\/i0.wp.com\/r-mboutique.com\/wp-content\/uploads\/2022\/06\/ltp-v300d-1aaa.jpeg?fit=1198%2C1198&ssl=1&resize=350%2C200 1x, https:\/\/i0.wp.com\/r-mboutique.com\/wp-content\/uploads\/2022\/06\/ltp-v300d-1aaa.jpeg?fit=1198%2C1198&ssl=1&resize=525%2C300 1.5x, https:\/\/i0.wp.com\/r-mboutique.com\/wp-content\/uploads\/2022\/06\/ltp-v300d-1aaa.jpeg?fit=1198%2C1198&ssl=1&resize=700%2C400 2x, https:\/\/i0.wp.com\/r-mboutique.com\/wp-content\/uploads\/2022\/06\/ltp-v300d-1aaa.jpeg?fit=1198%2C1198&ssl=1&resize=1050%2C600 3x"},"classes":[]},{"id":5706,"url":"https:\/\/r-mboutique.com\/index.php\/product\/casio-ltp-v300d-1a2udf\/","url_meta":{"origin":7491,"position":5},"title":"Casio LTP-V300D-1A2UDF","author":"Ramzi Merabtine","date":"06\/05\/2022","format":false,"excerpt":"Cette montre Casio \u00e0 un bo\u00eetier en acier inoxydable avec un diam\u00e8tre de 33mm et poss\u00e8de un bracelet en m\u00e9tal. Le bo\u00eetier de la montre contient un mouvement et un cristal min\u00e9ral. La montre est \u00e9tanche \u00e0 3ATM. Cela signifie que la montre est \u00e9tanche \u00e0 des \u00e9claboussures. La montre\u2026","rel":"","context":"Article similaire","block_context":{"text":"Article similaire","link":""},"img":{"alt_text":"","src":"https:\/\/i0.wp.com\/r-mboutique.com\/wp-content\/uploads\/2022\/06\/ltp-v300d-1a2udf.jpeg?fit=1200%2C1200&ssl=1&resize=350%2C200","width":350,"height":200,"srcset":"https:\/\/i0.wp.com\/r-mboutique.com\/wp-content\/uploads\/2022\/06\/ltp-v300d-1a2udf.jpeg?fit=1200%2C1200&ssl=1&resize=350%2C200 1x, https:\/\/i0.wp.com\/r-mboutique.com\/wp-content\/uploads\/2022\/06\/ltp-v300d-1a2udf.jpeg?fit=1200%2C1200&ssl=1&resize=525%2C300 1.5x, https:\/\/i0.wp.com\/r-mboutique.com\/wp-content\/uploads\/2022\/06\/ltp-v300d-1a2udf.jpeg?fit=1200%2C1200&ssl=1&resize=700%2C400 2x, https:\/\/i0.wp.com\/r-mboutique.com\/wp-content\/uploads\/2022\/06\/ltp-v300d-1a2udf.jpeg?fit=1200%2C1200&ssl=1&resize=1050%2C600 3x"},"classes":[]}],"_links":{"self":[{"href":"https:\/\/r-mboutique.com\/index.php\/wp-json\/wp\/v2\/product\/7491"}],"collection":[{"href":"https:\/\/r-mboutique.com\/index.php\/wp-json\/wp\/v2\/product"}],"about":[{"href":"https:\/\/r-mboutique.com\/index.php\/wp-json\/wp\/v2\/types\/product"}],"replies":[{"embeddable":true,"href":"https:\/\/r-mboutique.com\/index.php\/wp-json\/wp\/v2\/comments?post=7491"}],"wp:featuredmedia":[{"embeddable":true,"href":"https:\/\/r-mboutique.com\/index.php\/wp-json\/wp\/v2\/media\/7489"}],"wp:attachment":[{"href":"https:\/\/r-mboutique.com\/index.php\/wp-json\/wp\/v2\/media?parent=7491"}],"wp:term":[{"taxonomy":"product_cat","embeddable":true,"href":"https:\/\/r-mboutique.com\/index.php\/wp-json\/wp\/v2\/product_cat?post=7491"},{"taxonomy":"product_tag","embeddable":true,"href":"https:\/\/r-mboutique.com\/index.php\/wp-json\/wp\/v2\/product_tag?post=7491"}],"curies":[{"name":"wp","href":"https:\/\/api.w.org\/{rel}","templated":true}]}}