{"id":7578,"date":"2023-08-06T20:54:07","date_gmt":"2023-08-06T19:54:07","guid":{"rendered":"https:\/\/r-mboutique.com\/index.php\/product\/casio-mtp-e715c-3av\/"},"modified":"2025-09-18T06:24:28","modified_gmt":"2025-09-18T05:24:28","slug":"casio-mtp-e715c-3av","status":"publish","type":"product","link":"https:\/\/r-mboutique.com\/index.php\/product\/casio-mtp-e715c-3av\/","title":{"rendered":"Casio MTP-E715C-3AV"},"content":{"rendered":"<p><span style=\"margin: 0px;padding: 0px;border: 0px;font-style: inherit;font-weight: inherit;line-height: inherit;font-family: inherit;font-size: 14px;vertical-align: baseline\">La batterie de 10 ans, la r\u00e9sistance \u00e0 l\u2019eau jusqu\u2019\u00e0 50 m\u00e8tres et l\u2019affichage pratique de la date vous permettent de vous concentrer sur ce que vous aimez faire.<\/span><\/p>\n<p style=\"margin: 0px 0px 20px;padding: 0px;border: 0px;font-style: normal;font-weight: 400;line-height: inherit;font-family: Karla, Arial, Helvetica, sans-serif;font-size: 14px;vertical-align: baseline;letter-spacing: normal;text-align: start;text-indent: 0px;text-transform: none;text-decoration: none\">Informations de base<\/p>\n<p style=\"margin: 0px 0px 20px;padding: 0px;border: 0px;font-style: normal;font-weight: 400;line-height: inherit;font-family: Karla, Arial, Helvetica, sans-serif;font-size: 14px;vertical-align: baseline;letter-spacing: normal;text-align: start;text-indent: 0px;text-transform: none;text-decoration: none\">Taille du bo\u00eetier (L \u00d7 L \u00d7 H) : 48 \u00d7 43,4 \u00d7 8,8 mm<\/p>\n<p style=\"margin: 0px 0px 20px;padding: 0px;border: 0px;font-style: normal;font-weight: 400;line-height: inherit;font-family: Karla, Arial, Helvetica, sans-serif;font-size: 14px;vertical-align: baseline;letter-spacing: normal;text-align: start;text-indent: 0px;text-transform: none;text-decoration: none\">Lester : 67 g<\/p>\n<p style=\"margin: 0px 0px 20px;padding: 0px;border: 0px;font-style: normal;font-weight: 400;line-height: inherit;font-family: Karla, Arial, Helvetica, sans-serif;font-size: 14px;vertical-align: baseline;letter-spacing: normal;text-align: start;text-indent: 0px;text-transform: none;text-decoration: none\">Mat\u00e9riau du bo\u00eetier\/lunette : Acier inoxydable<\/p>\n<p style=\"margin: 0px 0px 20px;padding: 0px;border: 0px;font-style: normal;font-weight: 400;line-height: inherit;font-family: Karla, Arial, Helvetica, sans-serif;font-size: 14px;vertical-align: baseline;letter-spacing: normal;text-align: start;text-indent: 0px;text-transform: none;text-decoration: none\">Bracelet en nato<\/p>\n<p style=\"margin: 0px 0px 20px;padding: 0px;border: 0px;font-style: normal;font-weight: 400;line-height: inherit;font-family: Karla, Arial, Helvetica, sans-serif;font-size: 14px;vertical-align: baseline;letter-spacing: normal;text-align: start;text-indent: 0px;text-transform: none;text-decoration: none\">R\u00e9sistance \u00e0 l\u2019eau de 50 m\u00e8tres<\/p>\n<p style=\"margin: 0px 0px 20px;padding: 0px;border: 0px;font-style: normal;font-weight: 400;line-height: inherit;font-family: Karla, Arial, Helvetica, sans-serif;font-size: 14px;vertical-align: baseline;letter-spacing: normal;text-align: start;text-indent: 0px;text-transform: none;text-decoration: none\">autonomie de la pile : 10 ans sur CR2012<\/p>\n<p style=\"margin: 0px 0px 20px;padding: 0px;border: 0px;font-style: normal;font-weight: 400;line-height: inherit;font-family: Karla, Arial, Helvetica, sans-serif;font-size: 14px;vertical-align: baseline;letter-spacing: normal;text-align: start;text-indent: 0px;text-transform: none;text-decoration: none\">Ext\u00e9rieur<\/p>\n<p style=\"margin: 0px 0px 20px;padding: 0px;border: 0px;font-style: normal;font-weight: 400;line-height: inherit;font-family: Karla, Arial, Helvetica, sans-serif;font-size: 14px;vertical-align: baseline;letter-spacing: normal;text-align: start;text-indent: 0px;text-transform: none;text-decoration: none\">verre min\u00e9ral<\/p>\n<p style=\"margin: 0px 0px 20px;padding: 0px;border: 0px;font-style: normal;font-weight: 400;line-height: inherit;font-family: Karla, Arial, Helvetica, sans-serif;font-size: 14px;vertical-align: baseline;letter-spacing: normal;text-align: start;text-indent: 0px;text-transform: none;text-decoration: none\">Bo\u00eetier plaqu\u00e9 ion noir<\/p>\n<p style=\"margin: 0px 0px 20px;padding: 0px;border: 0px;font-style: normal;font-weight: 400;line-height: inherit;font-family: Karla, Arial, Helvetica, sans-serif;font-size: 14px;vertical-align: baseline;letter-spacing: normal;text-align: start;text-indent: 0px;text-transform: none;text-decoration: none\">Taille de bande compatible : 175 \u00e0 215 mm<\/p>\n<p style=\"margin: 0px 0px 20px;padding: 0px;border: 0px;font-style: normal;font-weight: 400;line-height: inherit;font-family: Karla, Arial, Helvetica, sans-serif;font-size: 14px;vertical-align: baseline;letter-spacing: normal;text-align: start;text-indent: 0px;text-transform: none;text-decoration: none\">Caract\u00e9ristiques de la montre<\/p>\n<p style=\"margin: 0px 0px 20px;padding: 0px;border: 0px;font-style: normal;font-weight: 400;line-height: inherit;font-family: Karla, Arial, Helvetica, sans-serif;font-size: 14px;vertical-align: baseline;letter-spacing: normal;text-align: start;text-indent: 0px;text-transform: none;text-decoration: none\">Pr\u00e9cision : \u00b120 secondes par mois<\/p>\n<p style=\"margin: 0px 0px 20px;padding: 0px;border: 0px;font-style: normal;font-weight: 400;line-height: inherit;font-family: Karla, Arial, Helvetica, sans-serif;font-size: 14px;vertical-align: baseline;letter-spacing: normal;text-align: start;text-indent: 0px;text-transform: none;text-decoration: none\">Autres caract\u00e9ristiques<\/p>\n<p style=\"margin: 0px 0px 20px;padding: 0px;border: 0px;font-style: normal;font-weight: 400;line-height: inherit;font-family: Karla, Arial, Helvetica, sans-serif;font-size: 14px;vertical-align: baseline;letter-spacing: normal;text-align: start;text-indent: 0px;text-transform: none;text-decoration: none\">Chronom\u00e9trage r\u00e9gulier : Analogique : 3 aiguilles (heure, minute, seconde)<\/p>\n<p style=\"margin: 0px 0px 20px;padding: 0px;border: 0px;font-style: normal;font-weight: 400;line-height: inherit;font-family: Karla, Arial, Helvetica, sans-serif;font-size: 14px;vertical-align: baseline;letter-spacing: normal;text-align: start;text-indent: 0px;text-transform: none;text-decoration: none\">Affichage de la date<\/p>\n","protected":false},"excerpt":{"rendered":"<p>La batterie de 10 ans, la r\u00e9sistance \u00e0 l\u2019eau jusqu\u2019\u00e0 50 m\u00e8tres et l\u2019affichage pratique de la date vous permettent<\/p>\n","protected":false},"featured_media":8319,"comment_status":"open","ping_status":"closed","template":"","meta":{"om_disable_all_campaigns":false},"product_cat":[37,46,26,28],"product_tag":[],"jetpack-related-posts":[{"id":7769,"url":"https:\/\/r-mboutique.com\/index.php\/product\/casio-lws-2200h-4av\/","url_meta":{"origin":7578,"position":0},"title":"Casio LWS-2200H-4AV","author":"Ramzi Merabtine","date":"08\/29\/2023","format":false,"excerpt":"Restez en phase et sur la bonne voie avec fonctionnalit\u00e9 et style. Prenez le contr\u00f4le avec le soutien dont vous avez besoin pour rester en bonne sant\u00e9 et g\u00e9rer votre exercice. Le tracker de pas compte automatiquement les pas d\u00e8s que vous commencez \u00e0 bouger, gr\u00e2ce \u00e0 l'acc\u00e9l\u00e9rom\u00e8tre \u00e0 3\u2026","rel":"","context":"Article similaire","block_context":{"text":"Article similaire","link":""},"img":{"alt_text":"","src":"https:\/\/i0.wp.com\/r-mboutique.com\/wp-content\/uploads\/2023\/08\/img_5821.jpeg?fit=1134%2C1134&ssl=1&resize=350%2C200","width":350,"height":200,"srcset":"https:\/\/i0.wp.com\/r-mboutique.com\/wp-content\/uploads\/2023\/08\/img_5821.jpeg?fit=1134%2C1134&ssl=1&resize=350%2C200 1x, https:\/\/i0.wp.com\/r-mboutique.com\/wp-content\/uploads\/2023\/08\/img_5821.jpeg?fit=1134%2C1134&ssl=1&resize=525%2C300 1.5x, https:\/\/i0.wp.com\/r-mboutique.com\/wp-content\/uploads\/2023\/08\/img_5821.jpeg?fit=1134%2C1134&ssl=1&resize=700%2C400 2x, https:\/\/i0.wp.com\/r-mboutique.com\/wp-content\/uploads\/2023\/08\/img_5821.jpeg?fit=1134%2C1134&ssl=1&resize=1050%2C600 3x"},"classes":[]},{"id":7773,"url":"https:\/\/r-mboutique.com\/index.php\/product\/casio-lws-2200h-8av\/","url_meta":{"origin":7578,"position":1},"title":"Casio LWS-2200H-8AV","author":"Ramzi Merabtine","date":"08\/29\/2023","format":false,"excerpt":"Restez en phase et sur la bonne voie avec fonctionnalit\u00e9 et style. Prenez le contr\u00f4le avec le soutien dont vous avez besoin pour rester en bonne sant\u00e9 et g\u00e9rer votre exercice. Le tracker de pas compte automatiquement les pas d\u00e8s que vous commencez \u00e0 bouger, gr\u00e2ce \u00e0 l\u2019acc\u00e9l\u00e9rom\u00e8tre \u00e0 3\u2026","rel":"","context":"Article similaire","block_context":{"text":"Article similaire","link":""},"img":{"alt_text":"","src":"https:\/\/i0.wp.com\/r-mboutique.com\/wp-content\/uploads\/2023\/08\/img_5822.jpeg?fit=1161%2C1161&ssl=1&resize=350%2C200","width":350,"height":200,"srcset":"https:\/\/i0.wp.com\/r-mboutique.com\/wp-content\/uploads\/2023\/08\/img_5822.jpeg?fit=1161%2C1161&ssl=1&resize=350%2C200 1x, https:\/\/i0.wp.com\/r-mboutique.com\/wp-content\/uploads\/2023\/08\/img_5822.jpeg?fit=1161%2C1161&ssl=1&resize=525%2C300 1.5x, https:\/\/i0.wp.com\/r-mboutique.com\/wp-content\/uploads\/2023\/08\/img_5822.jpeg?fit=1161%2C1161&ssl=1&resize=700%2C400 2x, https:\/\/i0.wp.com\/r-mboutique.com\/wp-content\/uploads\/2023\/08\/img_5822.jpeg?fit=1161%2C1161&ssl=1&resize=1050%2C600 3x"},"classes":[]},{"id":7646,"url":"https:\/\/r-mboutique.com\/index.php\/product\/casio-pop-lf-20w-8a\/","url_meta":{"origin":7578,"position":2},"title":"Casio POP LF-20W-8A","author":"Ramzi Merabtine","date":"08\/21\/2023","format":false,"excerpt":"Jouez la carte de l'originalit\u00e9 avec des mod\u00e8les charmants et intemporels, dot\u00e9s d'une horloge de type analogique et d'un affichage num\u00e9rique de l'heure. Gr\u00e2ce \u00e0 son confort compact et \u00e0 ses couleurs naturelles toujours \u00e0 la mode, cette montre s'adapte \u00e0 tous les poignets. Le bracelet est fabriqu\u00e9 en r\u00e9sine\u2026","rel":"","context":"Article similaire","block_context":{"text":"Article similaire","link":""},"img":{"alt_text":"","src":"https:\/\/i0.wp.com\/r-mboutique.com\/wp-content\/uploads\/2023\/08\/img_5415.jpeg?fit=980%2C980&ssl=1&resize=350%2C200","width":350,"height":200,"srcset":"https:\/\/i0.wp.com\/r-mboutique.com\/wp-content\/uploads\/2023\/08\/img_5415.jpeg?fit=980%2C980&ssl=1&resize=350%2C200 1x, https:\/\/i0.wp.com\/r-mboutique.com\/wp-content\/uploads\/2023\/08\/img_5415.jpeg?fit=980%2C980&ssl=1&resize=525%2C300 1.5x, https:\/\/i0.wp.com\/r-mboutique.com\/wp-content\/uploads\/2023\/08\/img_5415.jpeg?fit=980%2C980&ssl=1&resize=700%2C400 2x"},"classes":[]},{"id":2333,"url":"https:\/\/r-mboutique.com\/index.php\/product\/casio-edgy-vintage\/","url_meta":{"origin":7578,"position":3},"title":"Casio Edgy Vintage B640WB-1A","author":"Ramzi Merabtine","date":"10\/14\/2021","format":false,"excerpt":"D\u00c9TAILS \/ SP\u00c9CIFICATIONS Alarme multiple, bip horaire Vous pouvez programmer une alarme quotidienne (r\u00e9glage de l'heure uniquement) ou une alarme pour un jour et une heure sp\u00e9cifiques (r\u00e9glage du mois, du jour et de l'heure). La valeur indiqu\u00e9e correspond au nombre d'alarmes multiples disponibles. Si la fonction de bip horaire\u2026","rel":"","context":"Article similaire","block_context":{"text":"Article similaire","link":""},"img":{"alt_text":"","src":"https:\/\/i0.wp.com\/r-mboutique.com\/wp-content\/uploads\/2021\/10\/img_3686.jpeg?fit=500%2C500&ssl=1&resize=350%2C200","width":350,"height":200},"classes":[]},{"id":7583,"url":"https:\/\/r-mboutique.com\/index.php\/product\/casio-edgy-vintage-b640wcg-5\/","url_meta":{"origin":7578,"position":4},"title":"Casio Edgy Vintage B640WCG-5","author":"Ramzi Merabtine","date":"08\/09\/2023","format":false,"excerpt":"D\u00c9TAILS \/ SP\u00c9CIFICATIONS Alarme multiple, bip horaire Vous pouvez programmer une alarme quotidienne (r\u00e9glage de l\u2019heure uniquement) ou une alarme pour un jour et une heure sp\u00e9cifiques (r\u00e9glage du mois, du jour et de l\u2019heure). La valeur indiqu\u00e9e correspond au nombre d\u2019alarmes multiples disponibles. Si la fonction de bip horaire\u2026","rel":"","context":"Article similaire","block_context":{"text":"Article similaire","link":""},"img":{"alt_text":"","src":"https:\/\/i0.wp.com\/r-mboutique.com\/wp-content\/uploads\/2023\/08\/img_5213.jpeg?fit=525%2C525&ssl=1&resize=350%2C200","width":350,"height":200,"srcset":"https:\/\/i0.wp.com\/r-mboutique.com\/wp-content\/uploads\/2023\/08\/img_5213.jpeg?fit=525%2C525&ssl=1&resize=350%2C200 1x, https:\/\/i0.wp.com\/r-mboutique.com\/wp-content\/uploads\/2023\/08\/img_5213.jpeg?fit=525%2C525&ssl=1&resize=525%2C300 1.5x"},"classes":[]},{"id":2418,"url":"https:\/\/r-mboutique.com\/index.php\/product\/festina-boyfriend-f16790-a\/","url_meta":{"origin":7578,"position":5},"title":"Festina Boyfriend F16790\/A","author":"Ramzi Merabtine","date":"11\/01\/2021","format":false,"excerpt":"Cette montre Festina \u00e0 un bo\u00eetier en acier inoxydable avec un diam\u00e8tre de 36mm et poss\u00e8de un bracelet en m\u00e9tal. Le bo\u00eetier de la montre contient un mouvement et un cristal min\u00e9ral. La montre est \u00e9tanche \u00e0 5ATM. Cela signifie que la montre est \u00e9tanche pour nager. La montre est\u2026","rel":"","context":"Article similaire","block_context":{"text":"Article similaire","link":""},"img":{"alt_text":"","src":"https:\/\/i0.wp.com\/r-mboutique.com\/wp-content\/uploads\/2021\/11\/img_3988.png?fit=548%2C548&ssl=1&resize=350%2C200","width":350,"height":200,"srcset":"https:\/\/i0.wp.com\/r-mboutique.com\/wp-content\/uploads\/2021\/11\/img_3988.png?fit=548%2C548&ssl=1&resize=350%2C200 1x, https:\/\/i0.wp.com\/r-mboutique.com\/wp-content\/uploads\/2021\/11\/img_3988.png?fit=548%2C548&ssl=1&resize=525%2C300 1.5x"},"classes":[]}],"_links":{"self":[{"href":"https:\/\/r-mboutique.com\/index.php\/wp-json\/wp\/v2\/product\/7578"}],"collection":[{"href":"https:\/\/r-mboutique.com\/index.php\/wp-json\/wp\/v2\/product"}],"about":[{"href":"https:\/\/r-mboutique.com\/index.php\/wp-json\/wp\/v2\/types\/product"}],"replies":[{"embeddable":true,"href":"https:\/\/r-mboutique.com\/index.php\/wp-json\/wp\/v2\/comments?post=7578"}],"wp:featuredmedia":[{"embeddable":true,"href":"https:\/\/r-mboutique.com\/index.php\/wp-json\/wp\/v2\/media\/8319"}],"wp:attachment":[{"href":"https:\/\/r-mboutique.com\/index.php\/wp-json\/wp\/v2\/media?parent=7578"}],"wp:term":[{"taxonomy":"product_cat","embeddable":true,"href":"https:\/\/r-mboutique.com\/index.php\/wp-json\/wp\/v2\/product_cat?post=7578"},{"taxonomy":"product_tag","embeddable":true,"href":"https:\/\/r-mboutique.com\/index.php\/wp-json\/wp\/v2\/product_tag?post=7578"}],"curies":[{"name":"wp","href":"https:\/\/api.w.org\/{rel}","templated":true}]}}