{"id":7583,"date":"2023-08-09T21:29:56","date_gmt":"2023-08-09T20:29:56","guid":{"rendered":"https:\/\/r-mboutique.com\/index.php\/product\/casio-edgy-vintage-b640wcg-5\/"},"modified":"2025-09-18T06:24:22","modified_gmt":"2025-09-18T05:24:22","slug":"casio-edgy-vintage-b640wcg-5","status":"publish","type":"product","link":"https:\/\/r-mboutique.com\/index.php\/product\/casio-edgy-vintage-b640wcg-5\/","title":{"rendered":"Casio Edgy Vintage B640WCG-5"},"content":{"rendered":"<p>D\u00c9TAILS \/ SP\u00c9CIFICATIONS<\/p>\n<p style=\"margin: 0px 0px 20px;padding: 0px;border: 0px;font-style: normal;font-weight: 400;line-height: inherit;font-family: Karla, Arial, Helvetica, sans-serif;font-size: 14px;vertical-align: baseline;letter-spacing: normal;text-align: start;text-indent: 0px;text-transform: none;text-decoration: none\">Alarme multiple, bip horaire<\/p>\n<p style=\"margin: 0px 0px 20px;padding: 0px;border: 0px;font-style: normal;font-weight: 400;line-height: inherit;font-family: Karla, Arial, Helvetica, sans-serif;font-size: 14px;vertical-align: baseline;letter-spacing: normal;text-align: start;text-indent: 0px;text-transform: none;text-decoration: none\">Vous pouvez programmer une alarme quotidienne (r\u00e9glage de l\u2019heure uniquement) ou une alarme pour un jour et une heure sp\u00e9cifiques (r\u00e9glage du mois, du jour et de l\u2019heure). La valeur indiqu\u00e9e correspond au nombre d\u2019alarmes multiples disponibles. Si la fonction de bip horaire est activ\u00e9e, la montre \u00e9met un bip \u00e0 chaque changement d\u2019heure.<\/p>\n<p style=\"margin: 0px 0px 20px;padding: 0px;border: 0px;font-style: normal;font-weight: 400;line-height: inherit;font-family: Karla, Arial, Helvetica, sans-serif;font-size: 14px;vertical-align: baseline;letter-spacing: normal;text-align: start;text-indent: 0px;text-transform: none;text-decoration: none\">Bracelet en acier inoxydable<\/p>\n<p style=\"margin: 0px 0px 20px;padding: 0px;border: 0px;font-style: normal;font-weight: 400;line-height: inherit;font-family: Karla, Arial, Helvetica, sans-serif;font-size: 14px;vertical-align: baseline;letter-spacing: normal;text-align: start;text-indent: 0px;text-transform: none;text-decoration: none\">Solide, durable et \u00e9l\u00e9gant : le bracelet en acier inoxydable est un classique horloger incontournable.<\/p>\n<p style=\"margin: 0px 0px 20px;padding: 0px;border: 0px;font-style: normal;font-weight: 400;line-height: inherit;font-family: Karla, Arial, Helvetica, sans-serif;font-size: 14px;vertical-align: baseline;letter-spacing: normal;text-align: start;text-indent: 0px;text-transform: none;text-decoration: none\">3 ans \u2013 1 pile<\/p>\n<p style=\"margin: 0px 0px 20px;padding: 0px;border: 0px;font-style: normal;font-weight: 400;line-height: inherit;font-family: Karla, Arial, Helvetica, sans-serif;font-size: 14px;vertical-align: baseline;letter-spacing: normal;text-align: start;text-indent: 0px;text-transform: none;text-decoration: none\">La pile procure \u00e0 la montre l\u2019\u00e9nergie n\u00e9cessaire pendant env. 3 ans.<\/p>\n<p style=\"margin: 0px 0px 20px;padding: 0px;border: 0px;font-style: normal;font-weight: 400;line-height: inherit;font-family: Karla, Arial, Helvetica, sans-serif;font-size: 14px;vertical-align: baseline;letter-spacing: normal;text-align: start;text-indent: 0px;text-transform: none;text-decoration: none\">\u00c9clairage LED<\/p>\n<p style=\"margin: 0px 0px 20px;padding: 0px;border: 0px;font-style: normal;font-weight: 400;line-height: inherit;font-family: Karla, Arial, Helvetica, sans-serif;font-size: 14px;vertical-align: baseline;letter-spacing: normal;text-align: start;text-indent: 0px;text-transform: none;text-decoration: none\">Le cadran de la montre est \u00e9clair\u00e9 par une diode \u00e9lectroluminescente.<\/p>\n<p style=\"margin: 0px 0px 20px;padding: 0px;border: 0px;font-style: normal;font-weight: 400;line-height: inherit;font-family: Karla, Arial, Helvetica, sans-serif;font-size: 14px;vertical-align: baseline;letter-spacing: normal;text-align: start;text-indent: 0px;text-transform: none;text-decoration: none\">Bo\u00eetier en r\u00e9sine<\/p>\n<p style=\"margin: 0px 0px 20px;padding: 0px;border: 0px;font-style: normal;font-weight: 400;line-height: inherit;font-family: Karla, Arial, Helvetica, sans-serif;font-size: 14px;vertical-align: baseline;letter-spacing: normal;text-align: start;text-indent: 0px;text-transform: none;text-decoration: none\">Le bo\u00eetier en r\u00e9sine est id\u00e9al au quotidien. Il est durable, l\u00e9ger et relativement insensible au froid, \u00e0 la chaleur ou d\u2019autres influences ext\u00e9rieures.<\/p>\n<p style=\"margin: 0px 0px 20px;padding: 0px;border: 0px;font-style: normal;font-weight: 400;line-height: inherit;font-family: Karla, Arial, Helvetica, sans-serif;font-size: 14px;vertical-align: baseline;letter-spacing: normal;text-align: start;text-indent: 0px;text-transform: none;text-decoration: none\">Indicateur LED (clignotant)<\/p>\n<p style=\"margin: 0px 0px 20px;padding: 0px;border: 0px;font-style: normal;font-weight: 400;line-height: inherit;font-family: Karla, Arial, Helvetica, sans-serif;font-size: 14px;vertical-align: baseline;letter-spacing: normal;text-align: start;text-indent: 0px;text-transform: none;text-decoration: none\">Une diode \u00e9lectroluminescente clignote d\u00e8s que l\u2019alarme, le compte \u00e0 rebours ou le signal horaire programm\u00e9s ont \u00e9t\u00e9 atteints.<\/p>\n<p style=\"margin: 0px 0px 20px;padding: 0px;border: 0px;font-style: normal;font-weight: 400;line-height: inherit;font-family: Karla, Arial, Helvetica, sans-serif;font-size: 14px;vertical-align: baseline;letter-spacing: normal;text-align: start;text-indent: 0px;text-transform: none;text-decoration: none\">Verre acrylique<\/p>\n<p style=\"margin: 0px 0px 20px;padding: 0px;border: 0px;font-style: normal;font-weight: 400;line-height: inherit;font-family: Karla, Arial, Helvetica, sans-serif;font-size: 14px;vertical-align: baseline;letter-spacing: normal;text-align: start;text-indent: 0px;text-transform: none;text-decoration: none\">L\u2019acrylique est tr\u00e8s r\u00e9sistant aux chocs.<\/p>\n<p style=\"margin: 0px 0px 20px;padding: 0px;border: 0px;font-style: normal;font-weight: 400;line-height: inherit;font-family: Karla, Arial, Helvetica, sans-serif;font-size: 14px;vertical-align: baseline;letter-spacing: normal;text-align: start;text-indent: 0px;text-transform: none;text-decoration: none\">Calendrier automatique<\/p>\n<p style=\"margin: 0px 0px 20px;padding: 0px;border: 0px;font-style: normal;font-weight: 400;line-height: inherit;font-family: Karla, Arial, Helvetica, sans-serif;font-size: 14px;vertical-align: baseline;letter-spacing: normal;text-align: start;text-indent: 0px;text-transform: none;text-decoration: none\">Une fois programm\u00e9, le calendrier automatique affiche toujours la date correcte.<\/p>\n<p style=\"margin: 0px 0px 20px;padding: 0px;border: 0px;font-style: normal;font-weight: 400;line-height: inherit;font-family: Karla, Arial, Helvetica, sans-serif;font-size: 14px;vertical-align: baseline;letter-spacing: normal;text-align: start;text-indent: 0px;text-transform: none;text-decoration: none\">Format de l\u2019heure 12\/24 heures<\/p>\n<p style=\"margin: 0px 0px 20px;padding: 0px;border: 0px;font-style: normal;font-weight: 400;line-height: inherit;font-family: Karla, Arial, Helvetica, sans-serif;font-size: 14px;vertical-align: baseline;letter-spacing: normal;text-align: start;text-indent: 0px;text-transform: none;text-decoration: none\">Vous pouvez afficher l\u2019heure au format 12 heures ou 24 heures.<\/p>\n<p style=\"margin: 0px 0px 20px;padding: 0px;border: 0px;font-style: normal;font-weight: 400;line-height: inherit;font-family: Karla, Arial, Helvetica, sans-serif;font-size: 14px;vertical-align: baseline;letter-spacing: normal;text-align: start;text-indent: 0px;text-transform: none;text-decoration: none\">Chronom\u00e8tre 1\/100 s \u2013 24 heures<\/p>\n<p style=\"margin: 0px 0px 20px;padding: 0px;border: 0px;font-style: normal;font-weight: 400;line-height: inherit;font-family: Karla, Arial, Helvetica, sans-serif;font-size: 14px;vertical-align: baseline;letter-spacing: normal;text-align: start;text-indent: 0px;text-transform: none;text-decoration: none\">Mesure le temps \u00e9coul\u00e9 avec une pr\u00e9cision au 1\/100\u00e8me de seconde sur une dur\u00e9e maximale de 24 heures. Le signal sonore confirme le lancement et l\u2019arr\u00eat du chronom\u00e8tre.<\/p>\n<p style=\"margin: 0px 0px 20px;padding: 0px;border: 0px;font-style: normal;font-weight: 400;line-height: inherit;font-family: Karla, Arial, Helvetica, sans-serif;font-size: 14px;vertical-align: baseline;letter-spacing: normal;text-align: start;text-indent: 0px;text-transform: none;text-decoration: none\">Comptes \u00e0 rebours \u2013 1\/1 sec \u2013 24 heures (avec r\u00e9p\u00e9tition autom.)<\/p>\n<p style=\"margin: 0px 0px 20px;padding: 0px;border: 0px;font-style: normal;font-weight: 400;line-height: inherit;font-family: Karla, Arial, Helvetica, sans-serif;font-size: 14px;vertical-align: baseline;letter-spacing: normal;text-align: start;text-indent: 0px;text-transform: none;text-decoration: none\">Pour tous ceux qui aiment la pr\u00e9cision : les comptes \u00e0 rebours vous rappellent les \u00e9v\u00e8nements importants ou r\u00e9currents en \u00e9mettant un signal acoustique \u00e0 la date et l\u2019heure r\u00e9gl\u00e9es \u2013 ensuite, ils comptent automatiquement \u00e0 rebours \u00e0 partir du temps pr\u00e9programm\u00e9. Le temps peut \u00eatre programm\u00e9 en secondes, 24 heures maximum \u00e0 l\u2019avance \u2013 un atout particuli\u00e8rement appr\u00e9ciable pour la prise quotidienne de m\u00e9dicaments ou les entra\u00eenements r\u00e9p\u00e9t\u00e9s.<\/p>\n<p style=\"margin: 0px 0px 20px;padding: 0px;border: 0px;font-style: normal;font-weight: 400;line-height: inherit;font-family: Karla, Arial, Helvetica, sans-serif;font-size: 14px;vertical-align: baseline;letter-spacing: normal;text-align: start;text-indent: 0px;text-transform: none;text-decoration: none\">Fermeture r\u00e9glable<\/p>\n<p style=\"margin: 0px 0px 20px;padding: 0px;border: 0px;font-style: normal;font-weight: 400;line-height: inherit;font-family: Karla, Arial, Helvetica, sans-serif;font-size: 14px;vertical-align: baseline;letter-spacing: normal;text-align: start;text-indent: 0px;text-transform: none;text-decoration: none\">La fermeture est facile \u00e0 ajuster \u00e0 votre poignet pour un confort maximal.<\/p>\n<p style=\"margin: 0px 0px 20px;padding: 0px;border: 0px;font-style: normal;font-weight: 400;line-height: inherit;font-family: Karla, Arial, Helvetica, sans-serif;font-size: 14px;vertical-align: baseline;letter-spacing: normal;text-align: start;text-indent: 0px;text-transform: none;text-decoration: none\">Classe d\u2019\u00e9tanch\u00e9it\u00e9 (5 bars)<\/p>\n<p style=\"margin: 0px 0px 20px;padding: 0px;border: 0px;font-style: normal;font-weight: 400;line-height: inherit;font-family: Karla, Arial, Helvetica, sans-serif;font-size: 14px;vertical-align: baseline;letter-spacing: normal;text-align: start;text-indent: 0px;text-transform: none;text-decoration: none\">Il est possible de prendre une douche et un bain avec cette montre \u2013 son \u00e9tanch\u00e9it\u00e9 a \u00e9t\u00e9 test\u00e9e jusqu\u2019\u00e0 5 bars (ISO 22810).<\/p>\n","protected":false},"excerpt":{"rendered":"<p>D\u00c9TAILS \/ SP\u00c9CIFICATIONS Alarme multiple, bip horaire Vous pouvez programmer une alarme quotidienne (r\u00e9glage de l\u2019heure uniquement) ou une alarme<\/p>\n","protected":false},"featured_media":7581,"comment_status":"open","ping_status":"closed","template":"","meta":{"om_disable_all_campaigns":false},"product_cat":[37,46,26,30],"product_tag":[],"jetpack-related-posts":[{"id":2333,"url":"https:\/\/r-mboutique.com\/index.php\/product\/casio-edgy-vintage\/","url_meta":{"origin":7583,"position":0},"title":"Casio Edgy Vintage B640WB-1A","author":"Ramzi Merabtine","date":"10\/14\/2021","format":false,"excerpt":"D\u00c9TAILS \/ SP\u00c9CIFICATIONS Alarme multiple, bip horaire Vous pouvez programmer une alarme quotidienne (r\u00e9glage de l'heure uniquement) ou une alarme pour un jour et une heure sp\u00e9cifiques (r\u00e9glage du mois, du jour et de l'heure). La valeur indiqu\u00e9e correspond au nombre d'alarmes multiples disponibles. Si la fonction de bip horaire\u2026","rel":"","context":"Article similaire","block_context":{"text":"Article similaire","link":""},"img":{"alt_text":"","src":"https:\/\/i0.wp.com\/r-mboutique.com\/wp-content\/uploads\/2021\/10\/img_3686.jpeg?fit=500%2C500&ssl=1&resize=350%2C200","width":350,"height":200},"classes":[]},{"id":5758,"url":"https:\/\/r-mboutique.com\/index.php\/product\/casio-mwd-100h-1bv\/","url_meta":{"origin":7583,"position":1},"title":"Casio MWD-100H-1BV","author":"Ramzi Merabtine","date":"06\/08\/2022","format":false,"excerpt":"Un design sportif et \u00e9l\u00e9gant pour satisfaire \u00e0 la fois vos c\u00f4t\u00e9s \u00e9l\u00e9gants et pratiques. Complet avec une batterie de 10 ans \u00e0 laquelle vous n'aurez pas \u00e0 penser pendant des lustres, ainsi qu'une r\u00e9sistance \u00e0 l'eau de 100 m\u00e8tres pour se doucher et nager sans tracas. La lumi\u00e8re LED\u2026","rel":"","context":"Article similaire","block_context":{"text":"Article similaire","link":""},"img":{"alt_text":"","src":"https:\/\/i0.wp.com\/r-mboutique.com\/wp-content\/uploads\/2022\/06\/img_9633.jpeg?fit=684%2C684&ssl=1&resize=350%2C200","width":350,"height":200,"srcset":"https:\/\/i0.wp.com\/r-mboutique.com\/wp-content\/uploads\/2022\/06\/img_9633.jpeg?fit=684%2C684&ssl=1&resize=350%2C200 1x, https:\/\/i0.wp.com\/r-mboutique.com\/wp-content\/uploads\/2022\/06\/img_9633.jpeg?fit=684%2C684&ssl=1&resize=525%2C300 1.5x"},"classes":[]},{"id":7769,"url":"https:\/\/r-mboutique.com\/index.php\/product\/casio-lws-2200h-4av\/","url_meta":{"origin":7583,"position":2},"title":"Casio LWS-2200H-4AV","author":"Ramzi Merabtine","date":"08\/29\/2023","format":false,"excerpt":"Restez en phase et sur la bonne voie avec fonctionnalit\u00e9 et style. Prenez le contr\u00f4le avec le soutien dont vous avez besoin pour rester en bonne sant\u00e9 et g\u00e9rer votre exercice. Le tracker de pas compte automatiquement les pas d\u00e8s que vous commencez \u00e0 bouger, gr\u00e2ce \u00e0 l'acc\u00e9l\u00e9rom\u00e8tre \u00e0 3\u2026","rel":"","context":"Article similaire","block_context":{"text":"Article similaire","link":""},"img":{"alt_text":"","src":"https:\/\/i0.wp.com\/r-mboutique.com\/wp-content\/uploads\/2023\/08\/img_5821.jpeg?fit=1134%2C1134&ssl=1&resize=350%2C200","width":350,"height":200,"srcset":"https:\/\/i0.wp.com\/r-mboutique.com\/wp-content\/uploads\/2023\/08\/img_5821.jpeg?fit=1134%2C1134&ssl=1&resize=350%2C200 1x, https:\/\/i0.wp.com\/r-mboutique.com\/wp-content\/uploads\/2023\/08\/img_5821.jpeg?fit=1134%2C1134&ssl=1&resize=525%2C300 1.5x, https:\/\/i0.wp.com\/r-mboutique.com\/wp-content\/uploads\/2023\/08\/img_5821.jpeg?fit=1134%2C1134&ssl=1&resize=700%2C400 2x, https:\/\/i0.wp.com\/r-mboutique.com\/wp-content\/uploads\/2023\/08\/img_5821.jpeg?fit=1134%2C1134&ssl=1&resize=1050%2C600 3x"},"classes":[]},{"id":7773,"url":"https:\/\/r-mboutique.com\/index.php\/product\/casio-lws-2200h-8av\/","url_meta":{"origin":7583,"position":3},"title":"Casio LWS-2200H-8AV","author":"Ramzi Merabtine","date":"08\/29\/2023","format":false,"excerpt":"Restez en phase et sur la bonne voie avec fonctionnalit\u00e9 et style. Prenez le contr\u00f4le avec le soutien dont vous avez besoin pour rester en bonne sant\u00e9 et g\u00e9rer votre exercice. Le tracker de pas compte automatiquement les pas d\u00e8s que vous commencez \u00e0 bouger, gr\u00e2ce \u00e0 l\u2019acc\u00e9l\u00e9rom\u00e8tre \u00e0 3\u2026","rel":"","context":"Article similaire","block_context":{"text":"Article similaire","link":""},"img":{"alt_text":"","src":"https:\/\/i0.wp.com\/r-mboutique.com\/wp-content\/uploads\/2023\/08\/img_5822.jpeg?fit=1161%2C1161&ssl=1&resize=350%2C200","width":350,"height":200,"srcset":"https:\/\/i0.wp.com\/r-mboutique.com\/wp-content\/uploads\/2023\/08\/img_5822.jpeg?fit=1161%2C1161&ssl=1&resize=350%2C200 1x, https:\/\/i0.wp.com\/r-mboutique.com\/wp-content\/uploads\/2023\/08\/img_5822.jpeg?fit=1161%2C1161&ssl=1&resize=525%2C300 1.5x, https:\/\/i0.wp.com\/r-mboutique.com\/wp-content\/uploads\/2023\/08\/img_5822.jpeg?fit=1161%2C1161&ssl=1&resize=700%2C400 2x, https:\/\/i0.wp.com\/r-mboutique.com\/wp-content\/uploads\/2023\/08\/img_5822.jpeg?fit=1161%2C1161&ssl=1&resize=1050%2C600 3x"},"classes":[]},{"id":7646,"url":"https:\/\/r-mboutique.com\/index.php\/product\/casio-pop-lf-20w-8a\/","url_meta":{"origin":7583,"position":4},"title":"Casio POP LF-20W-8A","author":"Ramzi Merabtine","date":"08\/21\/2023","format":false,"excerpt":"Jouez la carte de l'originalit\u00e9 avec des mod\u00e8les charmants et intemporels, dot\u00e9s d'une horloge de type analogique et d'un affichage num\u00e9rique de l'heure. Gr\u00e2ce \u00e0 son confort compact et \u00e0 ses couleurs naturelles toujours \u00e0 la mode, cette montre s'adapte \u00e0 tous les poignets. Le bracelet est fabriqu\u00e9 en r\u00e9sine\u2026","rel":"","context":"Article similaire","block_context":{"text":"Article similaire","link":""},"img":{"alt_text":"","src":"https:\/\/i0.wp.com\/r-mboutique.com\/wp-content\/uploads\/2023\/08\/img_5415.jpeg?fit=980%2C980&ssl=1&resize=350%2C200","width":350,"height":200,"srcset":"https:\/\/i0.wp.com\/r-mboutique.com\/wp-content\/uploads\/2023\/08\/img_5415.jpeg?fit=980%2C980&ssl=1&resize=350%2C200 1x, https:\/\/i0.wp.com\/r-mboutique.com\/wp-content\/uploads\/2023\/08\/img_5415.jpeg?fit=980%2C980&ssl=1&resize=525%2C300 1.5x, https:\/\/i0.wp.com\/r-mboutique.com\/wp-content\/uploads\/2023\/08\/img_5415.jpeg?fit=980%2C980&ssl=1&resize=700%2C400 2x"},"classes":[]},{"id":7500,"url":"https:\/\/r-mboutique.com\/index.php\/product\/casio-edgy-lw-204-1a\/","url_meta":{"origin":7583,"position":5},"title":"Casio Edgy LW-204-1A","author":"Ramzi Merabtine","date":"07\/24\/2023","format":false,"excerpt":"\u2022 \u00c9tanch\u00e9it\u00e9 jusqu'\u00e0 50 m\u00e8tres \u2022 Chronom\u00e8tre \u00e0 1\/100e de seconde \u2022 Alarme quotidienne \u2022 R\u00e9tro\u00e9clairage LED \u2022 Style sportif et d\u00e9contract\u00e9 Informations de base : Taille du bo\u00eetier (L\u00d7 l\u00d7 H) 38.9 \u00d7 35 \u00d7 9.4 mm Poids 24 g Mat\u00e9riau du bo\u00eetier et du cadre R\u00e9sine Bracelet Bracelet\u2026","rel":"","context":"Article similaire","block_context":{"text":"Article similaire","link":""},"img":{"alt_text":"","src":"https:\/\/i0.wp.com\/r-mboutique.com\/wp-content\/uploads\/2023\/07\/img_4798-1.jpeg?fit=1174%2C1174&ssl=1&resize=350%2C200","width":350,"height":200,"srcset":"https:\/\/i0.wp.com\/r-mboutique.com\/wp-content\/uploads\/2023\/07\/img_4798-1.jpeg?fit=1174%2C1174&ssl=1&resize=350%2C200 1x, https:\/\/i0.wp.com\/r-mboutique.com\/wp-content\/uploads\/2023\/07\/img_4798-1.jpeg?fit=1174%2C1174&ssl=1&resize=525%2C300 1.5x, https:\/\/i0.wp.com\/r-mboutique.com\/wp-content\/uploads\/2023\/07\/img_4798-1.jpeg?fit=1174%2C1174&ssl=1&resize=700%2C400 2x, https:\/\/i0.wp.com\/r-mboutique.com\/wp-content\/uploads\/2023\/07\/img_4798-1.jpeg?fit=1174%2C1174&ssl=1&resize=1050%2C600 3x"},"classes":[]}],"_links":{"self":[{"href":"https:\/\/r-mboutique.com\/index.php\/wp-json\/wp\/v2\/product\/7583"}],"collection":[{"href":"https:\/\/r-mboutique.com\/index.php\/wp-json\/wp\/v2\/product"}],"about":[{"href":"https:\/\/r-mboutique.com\/index.php\/wp-json\/wp\/v2\/types\/product"}],"replies":[{"embeddable":true,"href":"https:\/\/r-mboutique.com\/index.php\/wp-json\/wp\/v2\/comments?post=7583"}],"wp:featuredmedia":[{"embeddable":true,"href":"https:\/\/r-mboutique.com\/index.php\/wp-json\/wp\/v2\/media\/7581"}],"wp:attachment":[{"href":"https:\/\/r-mboutique.com\/index.php\/wp-json\/wp\/v2\/media?parent=7583"}],"wp:term":[{"taxonomy":"product_cat","embeddable":true,"href":"https:\/\/r-mboutique.com\/index.php\/wp-json\/wp\/v2\/product_cat?post=7583"},{"taxonomy":"product_tag","embeddable":true,"href":"https:\/\/r-mboutique.com\/index.php\/wp-json\/wp\/v2\/product_tag?post=7583"}],"curies":[{"name":"wp","href":"https:\/\/api.w.org\/{rel}","templated":true}]}}