{"id":7622,"date":"2023-08-21T00:16:10","date_gmt":"2023-08-20T23:16:10","guid":{"rendered":"https:\/\/r-mboutique.com\/index.php\/product\/casio-retro-vintage-a168werg-2a\/"},"modified":"2025-09-18T06:23:07","modified_gmt":"2025-09-18T05:23:07","slug":"casio-retro-vintage-a168werg-2a","status":"publish","type":"product","link":"https:\/\/r-mboutique.com\/index.php\/product\/casio-retro-vintage-a168werg-2a\/","title":{"rendered":"Casio r\u00e9tro Vintage A168WERG-2A"},"content":{"rendered":"<p><span style=\"font-family: din-2014,\">la fusion de la nostalgie r\u00e9tro et du style de la mode avec un cadran de montre aux teintes d\u00e9grad\u00e9es. Bien plus qu&#8217;une simple d\u00e9claration de mode, cette montre offre des fonctions pratiques telles que le chronom\u00e8tre et l&#8217;alarme, ainsi que l&#8217;\u00e9tanch\u00e9it\u00e9 pour une utilisation quotidienne afin de vous lib\u00e9rer de toute inqui\u00e9tude, m\u00eame les jours de pluie.<\/span><\/p>\n<h2>Informations de base :<\/h2>\n<p>Taille du bo\u00eetier (L\u00d7 l\u00d7 H) : 38.6 \u00d7 36.3 \u00d7 9.6 mm<\/p>\n<p>Poids : 49 g<\/p>\n<p>Mat\u00e9riau du bo\u00eetier et du cadre : R\u00e9sine\/Dor\u00e9<\/p>\n<p>Bracelet en acier inoxydable<\/p>\n<p>Fermoir r\u00e9glable<\/p>\n<h3>Alimentation et autonomie de la batterie :<\/h3>\n<p>Autonomie approximative de la batterie&nbsp;: 7&nbsp;ans sur CR2016<\/p>\n<h3>Ext\u00e9rieur :<\/h3>\n<p>Verre en r\u00e9sine<\/p>\n<p>Traitement de surface<\/p>\n<p>Bracelet \u00e0 rev\u00eatement ionique de couleur or<\/p>\n<h3>Fonctions de la montre :<\/h3>\n<p>Chronom\u00e8tre \u00e0 1\/100e de seconde Capacit\u00e9 de mesure&nbsp;: 59&#8217;59,99&#8221; Modes de mesure&nbsp;: Temps \u00e9coul\u00e9, temps interm\u00e9diaire, temps des 1re et 2e&nbsp;places<\/p>\n<p>Signal d&#8217;alarme\/des heures<\/p>\n<p>Alarme quotidienne<\/p>\n<p>Signal des heures<\/p>\n<p>\u00c9clairage<\/p>\n<p>R\u00e9tro\u00e9clairage \u00e9lectroluminescent<\/p>\n<p>Couleur de la lumi\u00e8re<\/p>\n<p>EL&nbsp;: bleu vert<\/p>\n<p>Calendrier<\/p>\n<p>Calendrier automatique (28&nbsp;jours pour f\u00e9vrier)<\/p>\n<p>Pr\u00e9cision<\/p>\n<p>Pr\u00e9cision&nbsp;: \u00b130&nbsp;secondes par mois<\/p>\n<p>Autres fonctions<\/p>\n<p>Format 12\/24&nbsp;heures<\/p>\n<p>Indication de l&#8217;heure standard&nbsp;: Num\u00e9rique&nbsp;: Heure, minute, seconde, format 12&nbsp;heures, date, jour<\/p>\n","protected":false},"excerpt":{"rendered":"<p>la fusion de la nostalgie r\u00e9tro et du style de la mode avec un cadran de montre aux teintes d\u00e9grad\u00e9es.<\/p>\n","protected":false},"featured_media":7621,"comment_status":"open","ping_status":"closed","template":"","meta":{"om_disable_all_campaigns":false},"product_cat":[37,46,26,30,28],"product_tag":[],"jetpack-related-posts":[{"id":7632,"url":"https:\/\/r-mboutique.com\/index.php\/product\/casio-retro-vintage-a168werb-2a\/","url_meta":{"origin":7622,"position":0},"title":"Casio r\u00e9tro Vintage A168WERB-2A","author":"Ramzi Merabtine","date":"08\/21\/2023","format":false,"excerpt":"la fusion de la nostalgie r\u00e9tro et du style de la mode avec un cadran de montre aux teintes d\u00e9grad\u00e9es. Bien plus qu\u2019une simple d\u00e9claration de mode, cette montre offre des fonctions pratiques telles que le chronom\u00e8tre et l\u2019alarme, ainsi que l\u2019\u00e9tanch\u00e9it\u00e9 pour une utilisation quotidienne afin de vous lib\u00e9rer\u2026","rel":"","context":"Article similaire","block_context":{"text":"Article similaire","link":""},"img":{"alt_text":"","src":"https:\/\/i0.wp.com\/r-mboutique.com\/wp-content\/uploads\/2023\/08\/img_5405.jpeg?fit=1078%2C1078&ssl=1&resize=350%2C200","width":350,"height":200,"srcset":"https:\/\/i0.wp.com\/r-mboutique.com\/wp-content\/uploads\/2023\/08\/img_5405.jpeg?fit=1078%2C1078&ssl=1&resize=350%2C200 1x, https:\/\/i0.wp.com\/r-mboutique.com\/wp-content\/uploads\/2023\/08\/img_5405.jpeg?fit=1078%2C1078&ssl=1&resize=525%2C300 1.5x, https:\/\/i0.wp.com\/r-mboutique.com\/wp-content\/uploads\/2023\/08\/img_5405.jpeg?fit=1078%2C1078&ssl=1&resize=700%2C400 2x, https:\/\/i0.wp.com\/r-mboutique.com\/wp-content\/uploads\/2023\/08\/img_5405.jpeg?fit=1078%2C1078&ssl=1&resize=1050%2C600 3x"},"classes":[]},{"id":8237,"url":"https:\/\/r-mboutique.com\/index.php\/product\/casio-retro-vintage-a168wgg-1b\/","url_meta":{"origin":7622,"position":1},"title":"Casio r\u00e9tro Vintage A168WGG-1B","author":"Ramzi Merabtine","date":"12\/26\/2023","format":false,"excerpt":"la fusion de la nostalgie r\u00e9tro et du style de la mode. Bien plus qu\u2019une simple d\u00e9claration de mode, cette montre offre des fonctions pratiques telles que le chronom\u00e8tre et l\u2019alarme, ainsi que l\u2019\u00e9tanch\u00e9it\u00e9 pour une utilisation quotidienne afin de vous lib\u00e9rer de toute inqui\u00e9tude, m\u00eame les jours de pluie.\u2026","rel":"","context":"Article similaire","block_context":{"text":"Article similaire","link":""},"img":{"alt_text":"","src":"https:\/\/i0.wp.com\/r-mboutique.com\/wp-content\/uploads\/2023\/12\/img_9092.jpeg?fit=1200%2C1200&ssl=1&resize=350%2C200","width":350,"height":200,"srcset":"https:\/\/i0.wp.com\/r-mboutique.com\/wp-content\/uploads\/2023\/12\/img_9092.jpeg?fit=1200%2C1200&ssl=1&resize=350%2C200 1x, https:\/\/i0.wp.com\/r-mboutique.com\/wp-content\/uploads\/2023\/12\/img_9092.jpeg?fit=1200%2C1200&ssl=1&resize=525%2C300 1.5x, https:\/\/i0.wp.com\/r-mboutique.com\/wp-content\/uploads\/2023\/12\/img_9092.jpeg?fit=1200%2C1200&ssl=1&resize=700%2C400 2x, https:\/\/i0.wp.com\/r-mboutique.com\/wp-content\/uploads\/2023\/12\/img_9092.jpeg?fit=1200%2C1200&ssl=1&resize=1050%2C600 3x"},"classes":[]},{"id":8245,"url":"https:\/\/r-mboutique.com\/index.php\/product\/casio-retro-vintage-a168wg-9w\/","url_meta":{"origin":7622,"position":2},"title":"Casio r\u00e9tro Vintage A168WG-9W","author":"Ramzi Merabtine","date":"12\/26\/2023","format":false,"excerpt":"la fusion de la nostalgie r\u00e9tro et du style de la mode. Bien plus qu\u2019une simple d\u00e9claration de mode, cette montre offre des fonctions pratiques telles que le chronom\u00e8tre et l\u2019alarme, ainsi que l\u2019\u00e9tanch\u00e9it\u00e9 pour une utilisation quotidienne afin de vous lib\u00e9rer de toute inqui\u00e9tude, m\u00eame les jours de pluie.\u2026","rel":"","context":"Article similaire","block_context":{"text":"Article similaire","link":""},"img":{"alt_text":"","src":"https:\/\/i0.wp.com\/r-mboutique.com\/wp-content\/uploads\/2023\/12\/img_9112.jpeg?fit=1200%2C1200&ssl=1&resize=350%2C200","width":350,"height":200,"srcset":"https:\/\/i0.wp.com\/r-mboutique.com\/wp-content\/uploads\/2023\/12\/img_9112.jpeg?fit=1200%2C1200&ssl=1&resize=350%2C200 1x, https:\/\/i0.wp.com\/r-mboutique.com\/wp-content\/uploads\/2023\/12\/img_9112.jpeg?fit=1200%2C1200&ssl=1&resize=525%2C300 1.5x, https:\/\/i0.wp.com\/r-mboutique.com\/wp-content\/uploads\/2023\/12\/img_9112.jpeg?fit=1200%2C1200&ssl=1&resize=700%2C400 2x, https:\/\/i0.wp.com\/r-mboutique.com\/wp-content\/uploads\/2023\/12\/img_9112.jpeg?fit=1200%2C1200&ssl=1&resize=1050%2C600 3x"},"classes":[]},{"id":7641,"url":"https:\/\/r-mboutique.com\/index.php\/product\/casio-retro-vintage-a168wgg-1a\/","url_meta":{"origin":7622,"position":3},"title":"Casio r\u00e9tro Vintage A168WGG-1A","author":"Ramzi Merabtine","date":"08\/21\/2023","format":false,"excerpt":"la fusion de la nostalgie r\u00e9tro et du style de la mode. Bien plus qu\u2019une simple d\u00e9claration de mode, cette montre offre des fonctions pratiques telles que le chronom\u00e8tre et l\u2019alarme, ainsi que l\u2019\u00e9tanch\u00e9it\u00e9 pour une utilisation quotidienne afin de vous lib\u00e9rer de toute inqui\u00e9tude, m\u00eame les jours de pluie.\u2026","rel":"","context":"Article similaire","block_context":{"text":"Article similaire","link":""},"img":{"alt_text":"","src":"https:\/\/i0.wp.com\/r-mboutique.com\/wp-content\/uploads\/2023\/08\/1ca0a2cc-003b-4387-90a2-5cd3cc0e7c3a.jpeg?fit=1200%2C1200&ssl=1&resize=350%2C200","width":350,"height":200,"srcset":"https:\/\/i0.wp.com\/r-mboutique.com\/wp-content\/uploads\/2023\/08\/1ca0a2cc-003b-4387-90a2-5cd3cc0e7c3a.jpeg?fit=1200%2C1200&ssl=1&resize=350%2C200 1x, https:\/\/i0.wp.com\/r-mboutique.com\/wp-content\/uploads\/2023\/08\/1ca0a2cc-003b-4387-90a2-5cd3cc0e7c3a.jpeg?fit=1200%2C1200&ssl=1&resize=525%2C300 1.5x, https:\/\/i0.wp.com\/r-mboutique.com\/wp-content\/uploads\/2023\/08\/1ca0a2cc-003b-4387-90a2-5cd3cc0e7c3a.jpeg?fit=1200%2C1200&ssl=1&resize=700%2C400 2x, https:\/\/i0.wp.com\/r-mboutique.com\/wp-content\/uploads\/2023\/08\/1ca0a2cc-003b-4387-90a2-5cd3cc0e7c3a.jpeg?fit=1200%2C1200&ssl=1&resize=1050%2C600 3x"},"classes":[]},{"id":7646,"url":"https:\/\/r-mboutique.com\/index.php\/product\/casio-pop-lf-20w-8a\/","url_meta":{"origin":7622,"position":4},"title":"Casio POP LF-20W-8A","author":"Ramzi Merabtine","date":"08\/21\/2023","format":false,"excerpt":"Jouez la carte de l'originalit\u00e9 avec des mod\u00e8les charmants et intemporels, dot\u00e9s d'une horloge de type analogique et d'un affichage num\u00e9rique de l'heure. Gr\u00e2ce \u00e0 son confort compact et \u00e0 ses couleurs naturelles toujours \u00e0 la mode, cette montre s'adapte \u00e0 tous les poignets. Le bracelet est fabriqu\u00e9 en r\u00e9sine\u2026","rel":"","context":"Article similaire","block_context":{"text":"Article similaire","link":""},"img":{"alt_text":"","src":"https:\/\/i0.wp.com\/r-mboutique.com\/wp-content\/uploads\/2023\/08\/img_5415.jpeg?fit=980%2C980&ssl=1&resize=350%2C200","width":350,"height":200,"srcset":"https:\/\/i0.wp.com\/r-mboutique.com\/wp-content\/uploads\/2023\/08\/img_5415.jpeg?fit=980%2C980&ssl=1&resize=350%2C200 1x, https:\/\/i0.wp.com\/r-mboutique.com\/wp-content\/uploads\/2023\/08\/img_5415.jpeg?fit=980%2C980&ssl=1&resize=525%2C300 1.5x, https:\/\/i0.wp.com\/r-mboutique.com\/wp-content\/uploads\/2023\/08\/img_5415.jpeg?fit=980%2C980&ssl=1&resize=700%2C400 2x"},"classes":[]},{"id":7505,"url":"https:\/\/r-mboutique.com\/index.php\/product\/casio-edgy-lw-204-4a\/","url_meta":{"origin":7622,"position":5},"title":"Casio Edgy LW-204-4A","author":"Ramzi Merabtine","date":"07\/24\/2023","format":false,"excerpt":"\u2022 \u00c9tanch\u00e9it\u00e9 jusqu\u2019\u00e0 50 m\u00e8tres \u2022 Chronom\u00e8tre \u00e0 1\/100e de seconde \u2022 Alarme quotidienne \u2022 R\u00e9tro\u00e9clairage LED \u2022 Style sportif et d\u00e9contract\u00e9 Informations de base : Taille du bo\u00eetier (L\u00d7 l\u00d7 H) 38.9 \u00d7 35 \u00d7 9.4 mm Poids 24 g Mat\u00e9riau du bo\u00eetier et du cadre R\u00e9sine Bracelet Bracelet\u2026","rel":"","context":"Article similaire","block_context":{"text":"Article similaire","link":""},"img":{"alt_text":"","src":"https:\/\/i0.wp.com\/r-mboutique.com\/wp-content\/uploads\/2023\/07\/img_4803.jpeg?fit=1171%2C1171&ssl=1&resize=350%2C200","width":350,"height":200,"srcset":"https:\/\/i0.wp.com\/r-mboutique.com\/wp-content\/uploads\/2023\/07\/img_4803.jpeg?fit=1171%2C1171&ssl=1&resize=350%2C200 1x, https:\/\/i0.wp.com\/r-mboutique.com\/wp-content\/uploads\/2023\/07\/img_4803.jpeg?fit=1171%2C1171&ssl=1&resize=525%2C300 1.5x, https:\/\/i0.wp.com\/r-mboutique.com\/wp-content\/uploads\/2023\/07\/img_4803.jpeg?fit=1171%2C1171&ssl=1&resize=700%2C400 2x, https:\/\/i0.wp.com\/r-mboutique.com\/wp-content\/uploads\/2023\/07\/img_4803.jpeg?fit=1171%2C1171&ssl=1&resize=1050%2C600 3x"},"classes":[]}],"_links":{"self":[{"href":"https:\/\/r-mboutique.com\/index.php\/wp-json\/wp\/v2\/product\/7622"}],"collection":[{"href":"https:\/\/r-mboutique.com\/index.php\/wp-json\/wp\/v2\/product"}],"about":[{"href":"https:\/\/r-mboutique.com\/index.php\/wp-json\/wp\/v2\/types\/product"}],"replies":[{"embeddable":true,"href":"https:\/\/r-mboutique.com\/index.php\/wp-json\/wp\/v2\/comments?post=7622"}],"wp:featuredmedia":[{"embeddable":true,"href":"https:\/\/r-mboutique.com\/index.php\/wp-json\/wp\/v2\/media\/7621"}],"wp:attachment":[{"href":"https:\/\/r-mboutique.com\/index.php\/wp-json\/wp\/v2\/media?parent=7622"}],"wp:term":[{"taxonomy":"product_cat","embeddable":true,"href":"https:\/\/r-mboutique.com\/index.php\/wp-json\/wp\/v2\/product_cat?post=7622"},{"taxonomy":"product_tag","embeddable":true,"href":"https:\/\/r-mboutique.com\/index.php\/wp-json\/wp\/v2\/product_tag?post=7622"}],"curies":[{"name":"wp","href":"https:\/\/api.w.org\/{rel}","templated":true}]}}