{"id":7651,"date":"2023-08-21T23:19:33","date_gmt":"2023-08-21T22:19:33","guid":{"rendered":"https:\/\/r-mboutique.com\/index.php\/product\/casio-pop-mq-38uc-2a2\/"},"modified":"2025-10-10T10:35:35","modified_gmt":"2025-10-10T09:35:35","slug":"casio-pop-mq-38uc-2a2","status":"publish","type":"product","link":"https:\/\/r-mboutique.com\/index.php\/product\/casio-pop-mq-38uc-2a2\/","title":{"rendered":"Casio POP MQ-38UC-2A2"},"content":{"rendered":"<p><span style=\"font-family: din-2014,\">Affirmez votre style. Obtenez une montre analogique l\u00e9g\u00e8re au design fin avec un cadran compact. Cet accessoire tendance aux couleurs naturelles mattes est \u00e0 la fois pratique et styl\u00e9.<\/span><\/p>\n<h3><strong>Informations de base<\/strong><\/h3>\n<p>Taille du bo\u00eetier (L\u00d7 l\u00d7 H): 37.2 \u00d7 26.5 \u00d7 8.1 mm<\/p>\n<p>Poids : 19 g<\/p>\n<p>Mat\u00e9riau du bo\u00eetier et du cadre : R\u00e9sine<\/p>\n<p>Bracelet en r\u00e9sine<\/p>\n<p>Etanch\u00e9it\u00e9<\/p>\n<p>Autonomie approximative de la batterie&nbsp;: 3&nbsp;ans sur SR626SW<\/p>\n<h3><strong>Ext\u00e9rieur<\/strong><\/h3>\n<p>Verre en r\u00e9sine<\/p>\n<h3><strong>Fonctions de la montre<\/strong><\/h3>\n<p>Pr\u00e9cision&nbsp;: \u00b120&nbsp;secondes par mois<\/p>\n<p>Autres fonctions<\/p>\n<p>Indication de l&#8217;heure standard&nbsp;:<\/p>\n<p>Analogique&nbsp;: 3&nbsp;aiguilles (heure, minute, seconde)<\/p>\n","protected":false},"excerpt":{"rendered":"<p>Affirmez votre style. Obtenez une montre analogique l\u00e9g\u00e8re au design fin avec un cadran compact. Cet accessoire tendance aux couleurs<\/p>\n","protected":false},"featured_media":8841,"comment_status":"open","ping_status":"closed","template":"","meta":{"om_disable_all_campaigns":false},"product_cat":[37,46,26,30],"product_tag":[],"jetpack-related-posts":[{"id":7656,"url":"https:\/\/r-mboutique.com\/index.php\/product\/casio-pop-mq-38uc-4a\/","url_meta":{"origin":7651,"position":0},"title":"Casio POP MQ-38UC-4A","author":"Ramzi Merabtine","date":"08\/21\/2023","format":false,"excerpt":"Affirmez votre style. Obtenez une montre analogique l\u00e9g\u00e8re au design fin avec un cadran compact. Cet accessoire tendance aux couleurs naturelles mattes est \u00e0 la fois pratique et styl\u00e9. Informations de base Taille du bo\u00eetier (L\u00d7 l\u00d7 H): 37.2 \u00d7 26.5 \u00d7 8.1 mm Poids : 19 g Mat\u00e9riau du\u2026","rel":"","context":"Article similaire","block_context":{"text":"Article similaire","link":""},"img":{"alt_text":"","src":"https:\/\/i0.wp.com\/r-mboutique.com\/wp-content\/uploads\/2025\/07\/img_7932.jpeg?fit=1200%2C1200&ssl=1&resize=350%2C200","width":350,"height":200,"srcset":"https:\/\/i0.wp.com\/r-mboutique.com\/wp-content\/uploads\/2025\/07\/img_7932.jpeg?fit=1200%2C1200&ssl=1&resize=350%2C200 1x, https:\/\/i0.wp.com\/r-mboutique.com\/wp-content\/uploads\/2025\/07\/img_7932.jpeg?fit=1200%2C1200&ssl=1&resize=525%2C300 1.5x, https:\/\/i0.wp.com\/r-mboutique.com\/wp-content\/uploads\/2025\/07\/img_7932.jpeg?fit=1200%2C1200&ssl=1&resize=700%2C400 2x, https:\/\/i0.wp.com\/r-mboutique.com\/wp-content\/uploads\/2025\/07\/img_7932.jpeg?fit=1200%2C1200&ssl=1&resize=1050%2C600 3x"},"classes":[]},{"id":7661,"url":"https:\/\/r-mboutique.com\/index.php\/product\/casio-pop-mq-38uc-8a\/","url_meta":{"origin":7651,"position":1},"title":"Casio POP MQ-38UC-8A","author":"Ramzi Merabtine","date":"08\/21\/2023","format":false,"excerpt":"Affirmez votre style. Obtenez une montre analogique l\u00e9g\u00e8re au design fin avec un cadran compact. Cet accessoire tendance aux couleurs naturelles mattes est \u00e0 la fois pratique et styl\u00e9. Informations de base Taille du bo\u00eetier (L\u00d7 l\u00d7 H): 37.2 \u00d7 26.5 \u00d7 8.1 mm Poids : 19 g Mat\u00e9riau du\u2026","rel":"","context":"Article similaire","block_context":{"text":"Article similaire","link":""},"img":{"alt_text":"","src":"https:\/\/i0.wp.com\/r-mboutique.com\/wp-content\/uploads\/2023\/08\/img_5457.jpeg?fit=1082%2C1082&ssl=1&resize=350%2C200","width":350,"height":200,"srcset":"https:\/\/i0.wp.com\/r-mboutique.com\/wp-content\/uploads\/2023\/08\/img_5457.jpeg?fit=1082%2C1082&ssl=1&resize=350%2C200 1x, https:\/\/i0.wp.com\/r-mboutique.com\/wp-content\/uploads\/2023\/08\/img_5457.jpeg?fit=1082%2C1082&ssl=1&resize=525%2C300 1.5x, https:\/\/i0.wp.com\/r-mboutique.com\/wp-content\/uploads\/2023\/08\/img_5457.jpeg?fit=1082%2C1082&ssl=1&resize=700%2C400 2x, https:\/\/i0.wp.com\/r-mboutique.com\/wp-content\/uploads\/2023\/08\/img_5457.jpeg?fit=1082%2C1082&ssl=1&resize=1050%2C600 3x"},"classes":[]},{"id":7666,"url":"https:\/\/r-mboutique.com\/index.php\/product\/casio-pop-mq-38uc-2a1\/","url_meta":{"origin":7651,"position":2},"title":"Casio POP MQ-38UC-2A1","author":"Ramzi Merabtine","date":"08\/21\/2023","format":false,"excerpt":"Affirmez votre style. Obtenez une montre analogique l\u00e9g\u00e8re au design fin avec un cadran compact. Cet accessoire tendance aux couleurs naturelles mattes est \u00e0 la fois pratique et styl\u00e9. Informations de base Taille du bo\u00eetier (L\u00d7 l\u00d7 H): 37.2 \u00d7 26.5 \u00d7 8.1 mm Poids : 19 g Mat\u00e9riau du\u2026","rel":"","context":"Article similaire","block_context":{"text":"Article similaire","link":""},"img":{"alt_text":"","src":"https:\/\/i0.wp.com\/r-mboutique.com\/wp-content\/uploads\/2025\/07\/img_7933.jpeg?fit=1200%2C1200&ssl=1&resize=350%2C200","width":350,"height":200,"srcset":"https:\/\/i0.wp.com\/r-mboutique.com\/wp-content\/uploads\/2025\/07\/img_7933.jpeg?fit=1200%2C1200&ssl=1&resize=350%2C200 1x, https:\/\/i0.wp.com\/r-mboutique.com\/wp-content\/uploads\/2025\/07\/img_7933.jpeg?fit=1200%2C1200&ssl=1&resize=525%2C300 1.5x, https:\/\/i0.wp.com\/r-mboutique.com\/wp-content\/uploads\/2025\/07\/img_7933.jpeg?fit=1200%2C1200&ssl=1&resize=700%2C400 2x, https:\/\/i0.wp.com\/r-mboutique.com\/wp-content\/uploads\/2025\/07\/img_7933.jpeg?fit=1200%2C1200&ssl=1&resize=1050%2C600 3x"},"classes":[]},{"id":7646,"url":"https:\/\/r-mboutique.com\/index.php\/product\/casio-pop-lf-20w-8a\/","url_meta":{"origin":7651,"position":3},"title":"Casio POP LF-20W-8A","author":"Ramzi Merabtine","date":"08\/21\/2023","format":false,"excerpt":"Jouez la carte de l'originalit\u00e9 avec des mod\u00e8les charmants et intemporels, dot\u00e9s d'une horloge de type analogique et d'un affichage num\u00e9rique de l'heure. Gr\u00e2ce \u00e0 son confort compact et \u00e0 ses couleurs naturelles toujours \u00e0 la mode, cette montre s'adapte \u00e0 tous les poignets. Le bracelet est fabriqu\u00e9 en r\u00e9sine\u2026","rel":"","context":"Article similaire","block_context":{"text":"Article similaire","link":""},"img":{"alt_text":"","src":"https:\/\/i0.wp.com\/r-mboutique.com\/wp-content\/uploads\/2023\/08\/img_5415.jpeg?fit=980%2C980&ssl=1&resize=350%2C200","width":350,"height":200,"srcset":"https:\/\/i0.wp.com\/r-mboutique.com\/wp-content\/uploads\/2023\/08\/img_5415.jpeg?fit=980%2C980&ssl=1&resize=350%2C200 1x, https:\/\/i0.wp.com\/r-mboutique.com\/wp-content\/uploads\/2023\/08\/img_5415.jpeg?fit=980%2C980&ssl=1&resize=525%2C300 1.5x, https:\/\/i0.wp.com\/r-mboutique.com\/wp-content\/uploads\/2023\/08\/img_5415.jpeg?fit=980%2C980&ssl=1&resize=700%2C400 2x"},"classes":[]},{"id":7674,"url":"https:\/\/r-mboutique.com\/index.php\/product\/casio-mq-24uc-4b\/","url_meta":{"origin":7651,"position":4},"title":"Casio MQ-24UC-4B","author":"Ramzi Merabtine","date":"08\/23\/2023","format":false,"excerpt":"Un mod\u00e8le classique et d\u00e9contract\u00e9 au profil fin et \u00e0 la tenue l\u00e9g\u00e8re et confortable, dot\u00e9e de trois aiguilles, une pour les heures, une pour les minutes et une trotteuse. Cet accessoire tendance aux couleurs naturelles mattes est \u00e0 la fois pratique et styl\u00e9. Informations de base Taille du bo\u00eetier\u2026","rel":"","context":"Article similaire","block_context":{"text":"Article similaire","link":""},"img":{"alt_text":"","src":"https:\/\/i0.wp.com\/r-mboutique.com\/wp-content\/uploads\/2023\/08\/img_5461.jpeg?fit=1078%2C1078&ssl=1&resize=350%2C200","width":350,"height":200,"srcset":"https:\/\/i0.wp.com\/r-mboutique.com\/wp-content\/uploads\/2023\/08\/img_5461.jpeg?fit=1078%2C1078&ssl=1&resize=350%2C200 1x, https:\/\/i0.wp.com\/r-mboutique.com\/wp-content\/uploads\/2023\/08\/img_5461.jpeg?fit=1078%2C1078&ssl=1&resize=525%2C300 1.5x, https:\/\/i0.wp.com\/r-mboutique.com\/wp-content\/uploads\/2023\/08\/img_5461.jpeg?fit=1078%2C1078&ssl=1&resize=700%2C400 2x, https:\/\/i0.wp.com\/r-mboutique.com\/wp-content\/uploads\/2023\/08\/img_5461.jpeg?fit=1078%2C1078&ssl=1&resize=1050%2C600 3x"},"classes":[]},{"id":7868,"url":"https:\/\/r-mboutique.com\/index.php\/product\/casio-mrw-210h-5av\/","url_meta":{"origin":7651,"position":5},"title":"Casio MRW-210H-5AV","author":"Ramzi Merabtine","date":"09\/27\/2023","format":false,"excerpt":"Cette montre simple et sportive au design audacieux et aux fonctionnalit\u00e9s pratiques que vous recherchez. Gr\u00e2ce \u00e0 sa r\u00e9sistance \u00e0 l'eau jusqu'\u00e0 100 m\u00e8tres, lib\u00e9rez-vous de toutes vos inqui\u00e9tudes lorsque vous \u00eates sous la pluie ou que vous faites la vaisselle. L'affichage du jour et de la date, tr\u00e8s lisible,\u2026","rel":"","context":"Article similaire","block_context":{"text":"Article similaire","link":""},"img":{"alt_text":"","src":"https:\/\/i0.wp.com\/r-mboutique.com\/wp-content\/uploads\/2023\/09\/img_5419.png?fit=1200%2C1200&ssl=1&resize=350%2C200","width":350,"height":200,"srcset":"https:\/\/i0.wp.com\/r-mboutique.com\/wp-content\/uploads\/2023\/09\/img_5419.png?fit=1200%2C1200&ssl=1&resize=350%2C200 1x, https:\/\/i0.wp.com\/r-mboutique.com\/wp-content\/uploads\/2023\/09\/img_5419.png?fit=1200%2C1200&ssl=1&resize=525%2C300 1.5x, https:\/\/i0.wp.com\/r-mboutique.com\/wp-content\/uploads\/2023\/09\/img_5419.png?fit=1200%2C1200&ssl=1&resize=700%2C400 2x, https:\/\/i0.wp.com\/r-mboutique.com\/wp-content\/uploads\/2023\/09\/img_5419.png?fit=1200%2C1200&ssl=1&resize=1050%2C600 3x"},"classes":[]}],"_links":{"self":[{"href":"https:\/\/r-mboutique.com\/index.php\/wp-json\/wp\/v2\/product\/7651"}],"collection":[{"href":"https:\/\/r-mboutique.com\/index.php\/wp-json\/wp\/v2\/product"}],"about":[{"href":"https:\/\/r-mboutique.com\/index.php\/wp-json\/wp\/v2\/types\/product"}],"replies":[{"embeddable":true,"href":"https:\/\/r-mboutique.com\/index.php\/wp-json\/wp\/v2\/comments?post=7651"}],"wp:featuredmedia":[{"embeddable":true,"href":"https:\/\/r-mboutique.com\/index.php\/wp-json\/wp\/v2\/media\/8841"}],"wp:attachment":[{"href":"https:\/\/r-mboutique.com\/index.php\/wp-json\/wp\/v2\/media?parent=7651"}],"wp:term":[{"taxonomy":"product_cat","embeddable":true,"href":"https:\/\/r-mboutique.com\/index.php\/wp-json\/wp\/v2\/product_cat?post=7651"},{"taxonomy":"product_tag","embeddable":true,"href":"https:\/\/r-mboutique.com\/index.php\/wp-json\/wp\/v2\/product_tag?post=7651"}],"curies":[{"name":"wp","href":"https:\/\/api.w.org\/{rel}","templated":true}]}}