{"id":7666,"date":"2023-08-21T23:30:57","date_gmt":"2023-08-21T22:30:57","guid":{"rendered":"https:\/\/r-mboutique.com\/index.php\/product\/casio-pop-mq-38uc-2a1\/"},"modified":"2025-09-18T06:22:36","modified_gmt":"2025-09-18T05:22:36","slug":"casio-pop-mq-38uc-2a1","status":"publish","type":"product","link":"https:\/\/r-mboutique.com\/index.php\/product\/casio-pop-mq-38uc-2a1\/","title":{"rendered":"Casio POP MQ-38UC-2A1"},"content":{"rendered":"<p><span style=\"margin: 0px;padding: 0px;border: 0px;font-style: inherit;font-weight: inherit;line-height: inherit;font-family: inherit;font-size: 14px;vertical-align: baseline\">Affirmez votre style. Obtenez une montre analogique l\u00e9g\u00e8re au design fin avec un cadran compact. Cet accessoire tendance aux couleurs naturelles mattes est \u00e0 la fois pratique et styl\u00e9.<\/span><\/p>\n<h3 style=\"font-family: Karla, Arial, Helvetica, sans-serif;font-weight: inherit;line-height: 1.4;margin: 0px 0px 20px;font-size: 22px;padding: 0px;border: 0px;font-style: normal;vertical-align: baseline;letter-spacing: normal;text-align: start;text-indent: 0px;text-transform: none;text-decoration: none\"><strong style=\"font-weight: bold;margin: 0px;padding: 0px;border: 0px;font-style: inherit;line-height: inherit;font-family: inherit;font-size: 22px;vertical-align: baseline\">Informations de base<\/strong><\/h3>\n<p style=\"margin: 0px 0px 20px;padding: 0px;border: 0px;font-style: normal;font-weight: 400;line-height: inherit;font-family: Karla, Arial, Helvetica, sans-serif;font-size: 14px;vertical-align: baseline;letter-spacing: normal;text-align: start;text-indent: 0px;text-transform: none;text-decoration: none\">Taille du bo\u00eetier (L\u00d7 l\u00d7 H): 37.2 \u00d7 26.5 \u00d7 8.1 mm<\/p>\n<p style=\"margin: 0px 0px 20px;padding: 0px;border: 0px;font-style: normal;font-weight: 400;line-height: inherit;font-family: Karla, Arial, Helvetica, sans-serif;font-size: 14px;vertical-align: baseline;letter-spacing: normal;text-align: start;text-indent: 0px;text-transform: none;text-decoration: none\">Poids : 19 g<\/p>\n<p style=\"margin: 0px 0px 20px;padding: 0px;border: 0px;font-style: normal;font-weight: 400;line-height: inherit;font-family: Karla, Arial, Helvetica, sans-serif;font-size: 14px;vertical-align: baseline;letter-spacing: normal;text-align: start;text-indent: 0px;text-transform: none;text-decoration: none\">Mat\u00e9riau du bo\u00eetier et du cadre : R\u00e9sine<\/p>\n<p style=\"margin: 0px 0px 20px;padding: 0px;border: 0px;font-style: normal;font-weight: 400;line-height: inherit;font-family: Karla, Arial, Helvetica, sans-serif;font-size: 14px;vertical-align: baseline;letter-spacing: normal;text-align: start;text-indent: 0px;text-transform: none;text-decoration: none\">Bracelet en r\u00e9sine<\/p>\n<p style=\"margin: 0px 0px 20px;padding: 0px;border: 0px;font-style: normal;font-weight: 400;line-height: inherit;font-family: Karla, Arial, Helvetica, sans-serif;font-size: 14px;vertical-align: baseline;letter-spacing: normal;text-align: start;text-indent: 0px;text-transform: none;text-decoration: none\">Etanch\u00e9it\u00e9<\/p>\n<p style=\"margin: 0px 0px 20px;padding: 0px;border: 0px;font-style: normal;font-weight: 400;line-height: inherit;font-family: Karla, Arial, Helvetica, sans-serif;font-size: 14px;vertical-align: baseline;letter-spacing: normal;text-align: start;text-indent: 0px;text-transform: none;text-decoration: none\">Autonomie approximative de la batterie&nbsp;: 3&nbsp;ans sur SR626SW<\/p>\n<h3 style=\"font-family: Karla, Arial, Helvetica, sans-serif;font-weight: inherit;line-height: 1.4;margin: 0px 0px 20px;font-size: 22px;padding: 0px;border: 0px;font-style: normal;vertical-align: baseline;letter-spacing: normal;text-align: start;text-indent: 0px;text-transform: none;text-decoration: none\"><strong style=\"font-weight: bold;margin: 0px;padding: 0px;border: 0px;font-style: inherit;line-height: inherit;font-family: inherit;font-size: 22px;vertical-align: baseline\">Ext\u00e9rieur<\/strong><\/h3>\n<p style=\"margin: 0px 0px 20px;padding: 0px;border: 0px;font-style: normal;font-weight: 400;line-height: inherit;font-family: Karla, Arial, Helvetica, sans-serif;font-size: 14px;vertical-align: baseline;letter-spacing: normal;text-align: start;text-indent: 0px;text-transform: none;text-decoration: none\">Verre en r\u00e9sine<\/p>\n<h3 style=\"font-family: Karla, Arial, Helvetica, sans-serif;font-weight: inherit;line-height: 1.4;margin: 0px 0px 20px;font-size: 22px;padding: 0px;border: 0px;font-style: normal;vertical-align: baseline;letter-spacing: normal;text-align: start;text-indent: 0px;text-transform: none;text-decoration: none\"><strong style=\"font-weight: bold;margin: 0px;padding: 0px;border: 0px;font-style: inherit;line-height: inherit;font-family: inherit;font-size: 22px;vertical-align: baseline\">Fonctions de la montre<\/strong><\/h3>\n<p style=\"margin: 0px 0px 20px;padding: 0px;border: 0px;font-style: normal;font-weight: 400;line-height: inherit;font-family: Karla, Arial, Helvetica, sans-serif;font-size: 14px;vertical-align: baseline;letter-spacing: normal;text-align: start;text-indent: 0px;text-transform: none;text-decoration: none\">Pr\u00e9cision&nbsp;: \u00b120&nbsp;secondes par mois<\/p>\n<p style=\"margin: 0px 0px 20px;padding: 0px;border: 0px;font-style: normal;font-weight: 400;line-height: inherit;font-family: Karla, Arial, Helvetica, sans-serif;font-size: 14px;vertical-align: baseline;letter-spacing: normal;text-align: start;text-indent: 0px;text-transform: none;text-decoration: none\">Autres fonctions<\/p>\n<p style=\"margin: 0px 0px 20px;padding: 0px;border: 0px;font-style: normal;font-weight: 400;line-height: inherit;font-family: Karla, Arial, Helvetica, sans-serif;font-size: 14px;vertical-align: baseline;letter-spacing: normal;text-align: start;text-indent: 0px;text-transform: none;text-decoration: none\">Indication de l\u2019heure standard&nbsp;:<\/p>\n<p style=\"margin: 0px 0px 20px;padding: 0px;border: 0px;font-style: normal;font-weight: 400;line-height: inherit;font-family: Karla, Arial, Helvetica, sans-serif;font-size: 14px;vertical-align: baseline;letter-spacing: normal;text-align: start;text-indent: 0px;text-transform: none;text-decoration: none\">Analogique&nbsp;: 3&nbsp;aiguilles (heure, minute, seconde)<\/p>\n","protected":false},"excerpt":{"rendered":"<p>Affirmez votre style. Obtenez une montre analogique l\u00e9g\u00e8re au design fin avec un cadran compact. Cet accessoire tendance aux couleurs<\/p>\n","protected":false},"featured_media":8842,"comment_status":"open","ping_status":"closed","template":"","meta":{"om_disable_all_campaigns":false},"product_cat":[37,46,26,30,28],"product_tag":[],"jetpack-related-posts":[{"id":7656,"url":"https:\/\/r-mboutique.com\/index.php\/product\/casio-pop-mq-38uc-4a\/","url_meta":{"origin":7666,"position":0},"title":"Casio POP MQ-38UC-4A","author":"Ramzi Merabtine","date":"08\/21\/2023","format":false,"excerpt":"Affirmez votre style. Obtenez une montre analogique l\u00e9g\u00e8re au design fin avec un cadran compact. Cet accessoire tendance aux couleurs naturelles mattes est \u00e0 la fois pratique et styl\u00e9. Informations de base Taille du bo\u00eetier (L\u00d7 l\u00d7 H): 37.2 \u00d7 26.5 \u00d7 8.1 mm Poids : 19 g Mat\u00e9riau du\u2026","rel":"","context":"Article similaire","block_context":{"text":"Article similaire","link":""},"img":{"alt_text":"","src":"https:\/\/i0.wp.com\/r-mboutique.com\/wp-content\/uploads\/2025\/07\/img_7932.jpeg?fit=1200%2C1200&ssl=1&resize=350%2C200","width":350,"height":200,"srcset":"https:\/\/i0.wp.com\/r-mboutique.com\/wp-content\/uploads\/2025\/07\/img_7932.jpeg?fit=1200%2C1200&ssl=1&resize=350%2C200 1x, https:\/\/i0.wp.com\/r-mboutique.com\/wp-content\/uploads\/2025\/07\/img_7932.jpeg?fit=1200%2C1200&ssl=1&resize=525%2C300 1.5x, https:\/\/i0.wp.com\/r-mboutique.com\/wp-content\/uploads\/2025\/07\/img_7932.jpeg?fit=1200%2C1200&ssl=1&resize=700%2C400 2x, https:\/\/i0.wp.com\/r-mboutique.com\/wp-content\/uploads\/2025\/07\/img_7932.jpeg?fit=1200%2C1200&ssl=1&resize=1050%2C600 3x"},"classes":[]},{"id":7661,"url":"https:\/\/r-mboutique.com\/index.php\/product\/casio-pop-mq-38uc-8a\/","url_meta":{"origin":7666,"position":1},"title":"Casio POP MQ-38UC-8A","author":"Ramzi Merabtine","date":"08\/21\/2023","format":false,"excerpt":"Affirmez votre style. Obtenez une montre analogique l\u00e9g\u00e8re au design fin avec un cadran compact. Cet accessoire tendance aux couleurs naturelles mattes est \u00e0 la fois pratique et styl\u00e9. Informations de base Taille du bo\u00eetier (L\u00d7 l\u00d7 H): 37.2 \u00d7 26.5 \u00d7 8.1 mm Poids : 19 g Mat\u00e9riau du\u2026","rel":"","context":"Article similaire","block_context":{"text":"Article similaire","link":""},"img":{"alt_text":"","src":"https:\/\/i0.wp.com\/r-mboutique.com\/wp-content\/uploads\/2023\/08\/img_5457.jpeg?fit=1082%2C1082&ssl=1&resize=350%2C200","width":350,"height":200,"srcset":"https:\/\/i0.wp.com\/r-mboutique.com\/wp-content\/uploads\/2023\/08\/img_5457.jpeg?fit=1082%2C1082&ssl=1&resize=350%2C200 1x, https:\/\/i0.wp.com\/r-mboutique.com\/wp-content\/uploads\/2023\/08\/img_5457.jpeg?fit=1082%2C1082&ssl=1&resize=525%2C300 1.5x, https:\/\/i0.wp.com\/r-mboutique.com\/wp-content\/uploads\/2023\/08\/img_5457.jpeg?fit=1082%2C1082&ssl=1&resize=700%2C400 2x, https:\/\/i0.wp.com\/r-mboutique.com\/wp-content\/uploads\/2023\/08\/img_5457.jpeg?fit=1082%2C1082&ssl=1&resize=1050%2C600 3x"},"classes":[]},{"id":7651,"url":"https:\/\/r-mboutique.com\/index.php\/product\/casio-pop-mq-38uc-2a2\/","url_meta":{"origin":7666,"position":2},"title":"Casio POP MQ-38UC-2A2","author":"Ramzi Merabtine","date":"08\/21\/2023","format":false,"excerpt":"Affirmez votre style. Obtenez une montre analogique l\u00e9g\u00e8re au design fin avec un cadran compact. Cet accessoire tendance aux couleurs naturelles mattes est \u00e0 la fois pratique et styl\u00e9. Informations de base Taille du bo\u00eetier (L\u00d7 l\u00d7 H): 37.2 \u00d7 26.5 \u00d7 8.1 mm Poids : 19 g Mat\u00e9riau du\u2026","rel":"","context":"Article similaire","block_context":{"text":"Article similaire","link":""},"img":{"alt_text":"","src":"https:\/\/i0.wp.com\/r-mboutique.com\/wp-content\/uploads\/2025\/07\/img_7934.jpeg?fit=1200%2C1200&ssl=1&resize=350%2C200","width":350,"height":200,"srcset":"https:\/\/i0.wp.com\/r-mboutique.com\/wp-content\/uploads\/2025\/07\/img_7934.jpeg?fit=1200%2C1200&ssl=1&resize=350%2C200 1x, https:\/\/i0.wp.com\/r-mboutique.com\/wp-content\/uploads\/2025\/07\/img_7934.jpeg?fit=1200%2C1200&ssl=1&resize=525%2C300 1.5x, https:\/\/i0.wp.com\/r-mboutique.com\/wp-content\/uploads\/2025\/07\/img_7934.jpeg?fit=1200%2C1200&ssl=1&resize=700%2C400 2x, https:\/\/i0.wp.com\/r-mboutique.com\/wp-content\/uploads\/2025\/07\/img_7934.jpeg?fit=1200%2C1200&ssl=1&resize=1050%2C600 3x"},"classes":[]},{"id":2309,"url":"https:\/\/r-mboutique.com\/index.php\/product\/casio-w-218h-2avdf\/","url_meta":{"origin":7666,"position":3},"title":"Casio W-218H-2AVDF","author":"Ramzi Merabtine","date":"10\/12\/2021","format":false,"excerpt":"Longueur de la bande : 22 cm Style : Sport Mouvement : QUARTZ Certification : AUCUNE Profondeur de r\u00e9sistance \u00e0 l'eau : 3 bars Type de fermoir : Boucle Origine : JP (Origine) Mat\u00e9riau du bo\u00eetier : R\u00e9sine","rel":"","context":"Article similaire","block_context":{"text":"Article similaire","link":""},"img":{"alt_text":"","src":"https:\/\/i0.wp.com\/r-mboutique.com\/wp-content\/uploads\/2021\/10\/img_3633.jpeg?fit=500%2C500&ssl=1&resize=350%2C200","width":350,"height":200},"classes":[]},{"id":2152,"url":"https:\/\/r-mboutique.com\/index.php\/product\/emporio-armani-renato-ar2434\/","url_meta":{"origin":7666,"position":4},"title":"Emporio Armani Renato AR2434","author":"Ramzi Merabtine","date":"09\/22\/2021","format":false,"excerpt":"Retrouvez le style dynamique et de\u0301cide\u0301 de la collection pre\u0302t-a\u0300-porter, dans un mode\u0300le au charme inde\u0301modable. Montre re\u0301alise\u0301e en acier mat avec cadran de 43 mm et guichet de date. La boucle de\u0301ployante comple\u0300te le mode\u0300le et offre une plus grande se\u0301curite\u0301. E\u0301tanche a\u0300 5 ATM(50 me\u0300tres). Collection Emporio Armani\u2026","rel":"","context":"Article similaire","block_context":{"text":"Article similaire","link":""},"img":{"alt_text":"","src":"https:\/\/i0.wp.com\/r-mboutique.com\/wp-content\/uploads\/2025\/10\/img_0295.jpeg?fit=938%2C938&ssl=1&resize=350%2C200","width":350,"height":200,"srcset":"https:\/\/i0.wp.com\/r-mboutique.com\/wp-content\/uploads\/2025\/10\/img_0295.jpeg?fit=938%2C938&ssl=1&resize=350%2C200 1x, https:\/\/i0.wp.com\/r-mboutique.com\/wp-content\/uploads\/2025\/10\/img_0295.jpeg?fit=938%2C938&ssl=1&resize=525%2C300 1.5x, https:\/\/i0.wp.com\/r-mboutique.com\/wp-content\/uploads\/2025\/10\/img_0295.jpeg?fit=938%2C938&ssl=1&resize=700%2C400 2x"},"classes":[]},{"id":1918,"url":"https:\/\/r-mboutique.com\/index.php\/product\/festina-boyfriend-f20503-3\/","url_meta":{"origin":7666,"position":5},"title":".Festina Boyfriend F20503\/3","author":"Ramzi Merabtine","date":"09\/12\/2021","format":false,"excerpt":"Diver style ladies watch with date bubble","rel":"","context":"Article similaire","block_context":{"text":"Article similaire","link":""},"img":{"alt_text":"","src":"https:\/\/i0.wp.com\/r-mboutique.com\/wp-content\/uploads\/2021\/09\/D105D0D0-C3B1-4DA3-AE3C-D0A6E1B9CD27.jpeg?fit=1200%2C1200&ssl=1&resize=350%2C200","width":350,"height":200,"srcset":"https:\/\/i0.wp.com\/r-mboutique.com\/wp-content\/uploads\/2021\/09\/D105D0D0-C3B1-4DA3-AE3C-D0A6E1B9CD27.jpeg?fit=1200%2C1200&ssl=1&resize=350%2C200 1x, https:\/\/i0.wp.com\/r-mboutique.com\/wp-content\/uploads\/2021\/09\/D105D0D0-C3B1-4DA3-AE3C-D0A6E1B9CD27.jpeg?fit=1200%2C1200&ssl=1&resize=525%2C300 1.5x, https:\/\/i0.wp.com\/r-mboutique.com\/wp-content\/uploads\/2021\/09\/D105D0D0-C3B1-4DA3-AE3C-D0A6E1B9CD27.jpeg?fit=1200%2C1200&ssl=1&resize=700%2C400 2x, https:\/\/i0.wp.com\/r-mboutique.com\/wp-content\/uploads\/2021\/09\/D105D0D0-C3B1-4DA3-AE3C-D0A6E1B9CD27.jpeg?fit=1200%2C1200&ssl=1&resize=1050%2C600 3x"},"classes":[]}],"_links":{"self":[{"href":"https:\/\/r-mboutique.com\/index.php\/wp-json\/wp\/v2\/product\/7666"}],"collection":[{"href":"https:\/\/r-mboutique.com\/index.php\/wp-json\/wp\/v2\/product"}],"about":[{"href":"https:\/\/r-mboutique.com\/index.php\/wp-json\/wp\/v2\/types\/product"}],"replies":[{"embeddable":true,"href":"https:\/\/r-mboutique.com\/index.php\/wp-json\/wp\/v2\/comments?post=7666"}],"wp:featuredmedia":[{"embeddable":true,"href":"https:\/\/r-mboutique.com\/index.php\/wp-json\/wp\/v2\/media\/8842"}],"wp:attachment":[{"href":"https:\/\/r-mboutique.com\/index.php\/wp-json\/wp\/v2\/media?parent=7666"}],"wp:term":[{"taxonomy":"product_cat","embeddable":true,"href":"https:\/\/r-mboutique.com\/index.php\/wp-json\/wp\/v2\/product_cat?post=7666"},{"taxonomy":"product_tag","embeddable":true,"href":"https:\/\/r-mboutique.com\/index.php\/wp-json\/wp\/v2\/product_tag?post=7666"}],"curies":[{"name":"wp","href":"https:\/\/api.w.org\/{rel}","templated":true}]}}