{"id":7678,"date":"2023-08-23T22:11:04","date_gmt":"2023-08-23T21:11:04","guid":{"rendered":"https:\/\/r-mboutique.com\/index.php\/product\/casio-lwa-300h-7e2v\/"},"modified":"2026-02-12T23:26:38","modified_gmt":"2026-02-12T22:26:38","slug":"casio-lwa-300h-7e2v","status":"publish","type":"product","link":"https:\/\/r-mboutique.com\/index.php\/product\/casio-lwa-300h-7e2v\/","title":{"rendered":"Casio LWA-300H-7E2V"},"content":{"rendered":"<p>Cette montre Casio \u00e0 un bo\u00eetier en R\u00e9sine et acier avec un diam\u00e8tre de 42mm et poss\u00e8de un bracelet en R\u00e9sine. Le bo\u00eetier de la montre contient un mouvement et un cristal min\u00e9ral.<\/p>\n<p style=\"margin: 0px 0px 20px;padding: 0px;border: 0px;font-style: normal;font-weight: normal;line-height: inherit;font-family: Karla, Arial, Helvetica, sans-serif;font-size: 14px;vertical-align: baseline;letter-spacing: normal;text-align: start;text-indent: 0px;text-transform: none;text-decoration: none\"><span style=\"margin: 0px;padding: 0px;border: 0px;font-style: normal;font-weight: normal;line-height: inherit;font-family: Karla, Arial, Helvetica, sans-serif;font-size: 14px;vertical-align: baseline;letter-spacing: normal;text-align: start;text-indent: 0px;text-transform: none;text-decoration: none;float: none\">La montre est \u00e9tanche \u00e0 10ATM. Cela signifie que la montre est \u00e9tanche pour nager.<\/span><\/p>\n","protected":false},"excerpt":{"rendered":"<p>Cette montre Casio \u00e0 un bo\u00eetier en R\u00e9sine et acier avec un diam\u00e8tre de 42mm et poss\u00e8de un bracelet en<\/p>\n","protected":false},"featured_media":7677,"comment_status":"open","ping_status":"closed","template":"","meta":{"om_disable_all_campaigns":false},"product_cat":[37,46,26,30],"product_tag":[],"jetpack-related-posts":[{"id":6152,"url":"https:\/\/r-mboutique.com\/index.php\/product\/casio-lwa-300hrg-5evef\/","url_meta":{"origin":7678,"position":0},"title":"Casio LWA-300HRG-5EVEF","author":"Ramzi Merabtine","date":"08\/18\/2022","format":false,"excerpt":"Cette montre Casio \u00e0 un bo\u00eetier en R\u00e9sine et acier avec un diam\u00e8tre de 42mm et poss\u00e8de un bracelet en R\u00e9sine. Le bo\u00eetier de la montre contient un mouvement et un cristal min\u00e9ral. La montre est \u00e9tanche \u00e0 10ATM. Cela signifie que la montre est \u00e9tanche pour nager.","rel":"","context":"Article similaire","block_context":{"text":"Article similaire","link":""},"img":{"alt_text":"","src":"https:\/\/i0.wp.com\/r-mboutique.com\/wp-content\/uploads\/2022\/08\/img_0593.jpeg?fit=500%2C500&ssl=1&resize=350%2C200","width":350,"height":200},"classes":[]},{"id":6107,"url":"https:\/\/r-mboutique.com\/index.php\/product\/casio-w-218hc-4avef\/","url_meta":{"origin":7678,"position":1},"title":"Casio W-218HC-4AVEF","author":"Ramzi Merabtine","date":"08\/14\/2022","format":false,"excerpt":"Cette montre Casio \u00e0 un bo\u00eetier en R\u00e9sine avec un diam\u00e8tre de 44mm et poss\u00e8de un bracelet en R\u00e9sine. Le bo\u00eetier de la montre contient un mouvement et un cristal Plexi. La montre est \u00e9tanche \u00e0 5ATM. Cela signifie que la montre est \u00e9tanche pour la douche.","rel":"","context":"Article similaire","block_context":{"text":"Article similaire","link":""},"img":{"alt_text":"","src":"https:\/\/i0.wp.com\/r-mboutique.com\/wp-content\/uploads\/2022\/08\/img_0583.jpeg?fit=500%2C500&ssl=1&resize=350%2C200","width":350,"height":200},"classes":[]},{"id":6115,"url":"https:\/\/r-mboutique.com\/index.php\/product\/casio-w-218hc-8avef\/","url_meta":{"origin":7678,"position":2},"title":"Casio W-218HC-8AVEF","author":"Ramzi Merabtine","date":"08\/14\/2022","format":false,"excerpt":"Cette montre Casio \u00e0 un bo\u00eetier en R\u00e9sine avec un diam\u00e8tre de 44mm et poss\u00e8de un bracelet en R\u00e9sine. Le bo\u00eetier de la montre contient un mouvement et un cristal Plexi. La montre est \u00e9tanche \u00e0 5ATM. Cela signifie que la montre est \u00e9tanche pour la douche.","rel":"","context":"Article similaire","block_context":{"text":"Article similaire","link":""},"img":{"alt_text":"","src":"https:\/\/i0.wp.com\/r-mboutique.com\/wp-content\/uploads\/2022\/08\/img_0582.jpeg?fit=500%2C500&ssl=1&resize=350%2C200","width":350,"height":200},"classes":[]},{"id":6142,"url":"https:\/\/r-mboutique.com\/index.php\/product\/casio-lwa-300h-7evef\/","url_meta":{"origin":7678,"position":3},"title":"Casio LWA-300H-7EVEF","author":"Ramzi Merabtine","date":"08\/18\/2022","format":false,"excerpt":"Cette montre Casio \u00e0 un bo\u00eetier en R\u00e9sine et acier avec un diam\u00e8tre de 42mm et poss\u00e8de un bracelet en R\u00e9sine. Le bo\u00eetier de la montre contient un mouvement et un cristal min\u00e9ral. La montre est \u00e9tanche \u00e0 10ATM. Cela signifie que la montre est \u00e9tanche pour nager.","rel":"","context":"Article similaire","block_context":{"text":"Article similaire","link":""},"img":{"alt_text":"","src":"https:\/\/i0.wp.com\/r-mboutique.com\/wp-content\/uploads\/2022\/08\/img_0591-2.jpeg?fit=500%2C500&ssl=1&resize=350%2C200","width":350,"height":200},"classes":[]},{"id":6148,"url":"https:\/\/r-mboutique.com\/index.php\/product\/casio-lwa-300h-2evef\/","url_meta":{"origin":7678,"position":4},"title":"Casio LWA-300H-2EVEF","author":"Ramzi Merabtine","date":"08\/18\/2022","format":false,"excerpt":"Cette montre Casio \u00e0 un bo\u00eetier en R\u00e9sine et acier avec un diam\u00e8tre de 42mm et poss\u00e8de un bracelet en R\u00e9sine. Le bo\u00eetier de la montre contient un mouvement et un cristal min\u00e9ral. La montre est \u00e9tanche \u00e0 10ATM. Cela signifie que la montre est \u00e9tanche pour nager.","rel":"","context":"Article similaire","block_context":{"text":"Article similaire","link":""},"img":{"alt_text":"","src":"https:\/\/i0.wp.com\/r-mboutique.com\/wp-content\/uploads\/2022\/08\/img_0592-1.jpeg?fit=500%2C500&ssl=1&resize=350%2C200","width":350,"height":200},"classes":[]},{"id":6103,"url":"https:\/\/r-mboutique.com\/index.php\/product\/casio-w-218hc-2avef\/","url_meta":{"origin":7678,"position":5},"title":"Casio W-218HC-2AVEF","author":"Ramzi Merabtine","date":"08\/14\/2022","format":false,"excerpt":"Cette montre Casio \u00e0 un bo\u00eetier en R\u00e9sine avec un diam\u00e8tre de 44mm et poss\u00e8de un bracelet en R\u00e9sine. Le bo\u00eetier de la montre contient un mouvement et un cristal Plexi. La montre est \u00e9tanche \u00e0 5ATM. Cela signifie que la montre est \u00e9tanche pour la douche.","rel":"","context":"Article similaire","block_context":{"text":"Article similaire","link":""},"img":{"alt_text":"","src":"https:\/\/i0.wp.com\/r-mboutique.com\/wp-content\/uploads\/2022\/08\/img_0585.jpeg?fit=500%2C500&ssl=1&resize=350%2C200","width":350,"height":200},"classes":[]}],"_links":{"self":[{"href":"https:\/\/r-mboutique.com\/index.php\/wp-json\/wp\/v2\/product\/7678"}],"collection":[{"href":"https:\/\/r-mboutique.com\/index.php\/wp-json\/wp\/v2\/product"}],"about":[{"href":"https:\/\/r-mboutique.com\/index.php\/wp-json\/wp\/v2\/types\/product"}],"replies":[{"embeddable":true,"href":"https:\/\/r-mboutique.com\/index.php\/wp-json\/wp\/v2\/comments?post=7678"}],"wp:featuredmedia":[{"embeddable":true,"href":"https:\/\/r-mboutique.com\/index.php\/wp-json\/wp\/v2\/media\/7677"}],"wp:attachment":[{"href":"https:\/\/r-mboutique.com\/index.php\/wp-json\/wp\/v2\/media?parent=7678"}],"wp:term":[{"taxonomy":"product_cat","embeddable":true,"href":"https:\/\/r-mboutique.com\/index.php\/wp-json\/wp\/v2\/product_cat?post=7678"},{"taxonomy":"product_tag","embeddable":true,"href":"https:\/\/r-mboutique.com\/index.php\/wp-json\/wp\/v2\/product_tag?post=7678"}],"curies":[{"name":"wp","href":"https:\/\/api.w.org\/{rel}","templated":true}]}}