{"id":7710,"date":"2023-08-23T23:52:10","date_gmt":"2023-08-23T22:52:10","guid":{"rendered":"https:\/\/r-mboutique.com\/index.php\/product\/casio-ltp-v005gl-9b\/"},"modified":"2025-09-18T06:21:51","modified_gmt":"2025-09-18T05:21:51","slug":"casio-ltp-v005gl-9b","status":"publish","type":"product","link":"https:\/\/r-mboutique.com\/index.php\/product\/casio-ltp-v005gl-9b\/","title":{"rendered":"Casio LTP-V005GL-9B"},"content":{"rendered":"<p><strong style=\"font-weight: bold;margin: 0px;padding: 0px;border: 0px;font-style: inherit;line-height: inherit;font-family: inherit;font-size: 22px;vertical-align: baseline\">Informations de base<\/strong><\/p>\n<p style=\"margin: 0px 0px 20px;padding: 0px;border: 0px;font-style: normal;font-weight: 400;line-height: inherit;font-family: Karla, Arial, Helvetica, sans-serif;font-size: 14px;vertical-align: baseline;letter-spacing: normal;text-align: start;text-indent: 0px;text-transform: none;text-decoration: none\">Taille du bo\u00eetier (L \u00d7 L \u00d7 H): 34 \u00d7 28,2 \u00d7 7,5 mm<\/p>\n<p style=\"margin: 0px 0px 20px;padding: 0px;border: 0px;font-style: normal;font-weight: 400;line-height: inherit;font-family: Karla, Arial, Helvetica, sans-serif;font-size: 14px;vertical-align: baseline;letter-spacing: normal;text-align: start;text-indent: 0px;text-transform: none;text-decoration: none\">Poids : 52g<\/p>\n<p style=\"margin: 0px 0px 20px;padding: 0px;border: 0px;font-style: normal;font-weight: 400;line-height: inherit;font-family: Karla, Arial, Helvetica, sans-serif;font-size: 14px;vertical-align: baseline;letter-spacing: normal;text-align: start;text-indent: 0px;text-transform: none;text-decoration: none\">Mat\u00e9riau du bo\u00eetier et de la lunette<\/p>\n<p style=\"margin: 0px 0px 20px;padding: 0px;border: 0px;font-style: normal;font-weight: 400;line-height: inherit;font-family: Karla, Arial, Helvetica, sans-serif;font-size: 14px;vertical-align: baseline;letter-spacing: normal;text-align: start;text-indent: 0px;text-transform: none;text-decoration: none\">Bande en cuir<\/p>\n<p style=\"margin: 0px 0px 20px;padding: 0px;border: 0px;font-style: normal;font-weight: 400;line-height: inherit;font-family: Karla, Arial, Helvetica, sans-serif;font-size: 14px;vertical-align: baseline;letter-spacing: normal;text-align: start;text-indent: 0px;text-transform: none;text-decoration: none\">Fermoir a boucle<\/p>\n<p style=\"margin: 0px 0px 20px;padding: 0px;border: 0px;font-style: normal;font-weight: 400;line-height: inherit;font-family: Karla, Arial, Helvetica, sans-serif;font-size: 14px;vertical-align: baseline;letter-spacing: normal;text-align: start;text-indent: 0px;text-transform: none;text-decoration: none\">R\u00e9sistant \u00e0 l\u2019eau<\/p>\n<p style=\"margin: 0px 0px 20px;padding: 0px;border: 0px;font-style: normal;font-weight: 400;line-height: inherit;font-family: Karla, Arial, Helvetica, sans-serif;font-size: 14px;vertical-align: baseline;letter-spacing: normal;text-align: start;text-indent: 0px;text-transform: none;text-decoration: none\">Alimentation et autonomie de la batterie<\/p>\n<p style=\"margin: 0px 0px 20px;padding: 0px;border: 0px;font-style: normal;font-weight: 400;line-height: inherit;font-family: Karla, Arial, Helvetica, sans-serif;font-size: 14px;vertical-align: baseline;letter-spacing: normal;text-align: start;text-indent: 0px;text-transform: none;text-decoration: none\">Environ. Autonomie de la batterie : 3 ans sur SR626SW<\/p>\n<h3 style=\"font-family: Karla, Arial, Helvetica, sans-serif;font-weight: inherit;line-height: 1.4;margin: 0px 0px 20px;font-size: 22px;padding: 0px;border: 0px;font-style: normal;vertical-align: baseline;letter-spacing: normal;text-align: start;text-indent: 0px;text-transform: none;text-decoration: none\"><strong style=\"font-weight: bold;margin: 0px;padding: 0px;border: 0px;font-style: inherit;line-height: inherit;font-family: inherit;font-size: 22px;vertical-align: baseline\">Ext\u00e9rieur<\/strong><\/h3>\n<p style=\"margin: 0px 0px 20px;padding: 0px;border: 0px;font-style: normal;font-weight: 400;line-height: inherit;font-family: Karla, Arial, Helvetica, sans-serif;font-size: 14px;vertical-align: baseline;letter-spacing: normal;text-align: start;text-indent: 0px;text-transform: none;text-decoration: none\">verre min\u00e9ral<\/p>\n<p style=\"margin: 0px 0px 20px;padding: 0px;border: 0px;font-style: normal;font-weight: 400;line-height: inherit;font-family: Karla, Arial, Helvetica, sans-serif;font-size: 14px;vertical-align: baseline;letter-spacing: normal;text-align: start;text-indent: 0px;text-transform: none;text-decoration: none\">Traitement de surface<\/p>\n<p style=\"margin: 0px 0px 20px;padding: 0px;border: 0px;font-style: normal;font-weight: 400;line-height: inherit;font-family: Karla, Arial, Helvetica, sans-serif;font-size: 14px;vertical-align: baseline;letter-spacing: normal;text-align: start;text-indent: 0px;text-transform: none;text-decoration: none\">cuir marron<\/p>\n<p style=\"margin: 0px 0px 20px;padding: 0px;border: 0px;font-style: normal;font-weight: 400;line-height: inherit;font-family: Karla, Arial, Helvetica, sans-serif;font-size: 14px;vertical-align: baseline;letter-spacing: normal;text-align: start;text-indent: 0px;text-transform: none;text-decoration: none\">Bo\u00eetier plaqu\u00e9 or<\/p>\n<h3 style=\"font-family: Karla, Arial, Helvetica, sans-serif;font-weight: inherit;line-height: 1.4;margin: 0px 0px 20px;font-size: 22px;padding: 0px;border: 0px;font-style: normal;vertical-align: baseline;letter-spacing: normal;text-align: start;text-indent: 0px;text-transform: none;text-decoration: none\"><strong style=\"font-weight: bold;margin: 0px;padding: 0px;border: 0px;font-style: inherit;line-height: inherit;font-family: inherit;font-size: 22px;vertical-align: baseline\">Fonctionnalit\u00e9s de la montre<\/strong><\/h3>\n<p style=\"margin: 0px 0px 20px;padding: 0px;border: 0px;font-style: normal;font-weight: 400;line-height: inherit;font-family: Karla, Arial, Helvetica, sans-serif;font-size: 14px;vertical-align: baseline;letter-spacing: normal;text-align: start;text-indent: 0px;text-transform: none;text-decoration: none\">Pr\u00e9cision<\/p>\n<p style=\"margin: 0px 0px 20px;padding: 0px;border: 0px;font-style: normal;font-weight: 400;line-height: inherit;font-family: Karla, Arial, Helvetica, sans-serif;font-size: 14px;vertical-align: baseline;letter-spacing: normal;text-align: start;text-indent: 0px;text-transform: none;text-decoration: none\">Pr\u00e9cision&nbsp;: \u00b120 secondes par mois<\/p>\n<p style=\"margin: 0px 0px 20px;padding: 0px;border: 0px;font-style: normal;font-weight: 400;line-height: inherit;font-family: Karla, Arial, Helvetica, sans-serif;font-size: 14px;vertical-align: baseline;letter-spacing: normal;text-align: start;text-indent: 0px;text-transform: none;text-decoration: none\">Autres caract\u00e9ristiques<\/p>\n<p style=\"margin: 0px 0px 20px;padding: 0px;border: 0px;font-style: normal;font-weight: 400;line-height: inherit;font-family: Karla, Arial, Helvetica, sans-serif;font-size: 14px;vertical-align: baseline;letter-spacing: normal;text-align: start;text-indent: 0px;text-transform: none;text-decoration: none\">Chronom\u00e9trage r\u00e9gulier&nbsp;:<\/p>\n<p style=\"margin: 0px 0px 20px;padding: 0px;border: 0px;font-style: normal;font-weight: 400;line-height: inherit;font-family: Karla, Arial, Helvetica, sans-serif;font-size: 14px;vertical-align: baseline;letter-spacing: normal;text-align: start;text-indent: 0px;text-transform: none;text-decoration: none\">Analogique : 3 aiguilles (heure, minute, seconde)<\/p>\n","protected":false},"excerpt":{"rendered":"<p>Informations de base Taille du bo\u00eetier (L \u00d7 L \u00d7 H): 34 \u00d7 28,2 \u00d7 7,5 mm Poids : 52g<\/p>\n","protected":false},"featured_media":7707,"comment_status":"open","ping_status":"closed","template":"","meta":{"om_disable_all_campaigns":false},"product_cat":[37,46,26,30],"product_tag":[],"jetpack-related-posts":[{"id":8272,"url":"https:\/\/r-mboutique.com\/index.php\/product\/casio-ltp-v005gl-9a\/","url_meta":{"origin":7710,"position":0},"title":"Casio LTP-V005GL-9A","author":"Ramzi Merabtine","date":"01\/04\/2024","format":false,"excerpt":"Description Informations de base Taille du bo\u00eetier (L \u00d7 L \u00d7 H): 34 \u00d7 28,2 \u00d7 7,5 mm Poids : 52g Mat\u00e9riau du bo\u00eetier et de la lunette Bande en cuir Fermoir a boucle R\u00e9sistant \u00e0 l\u2019eau Alimentation et autonomie de la batterie Environ. Autonomie de la batterie : 3\u2026","rel":"","context":"Avec 1 commentaire","block_context":{"text":"Avec 1 commentaire","link":"https:\/\/r-mboutique.com\/index.php\/product\/casio-ltp-v005gl-9a\/#comments"},"img":{"alt_text":"","src":"https:\/\/i0.wp.com\/r-mboutique.com\/wp-content\/uploads\/2024\/01\/7aa9998b-7c85-4910-9e93-a5b92aa419ca.jpeg?fit=1200%2C1200&ssl=1&resize=350%2C200","width":350,"height":200,"srcset":"https:\/\/i0.wp.com\/r-mboutique.com\/wp-content\/uploads\/2024\/01\/7aa9998b-7c85-4910-9e93-a5b92aa419ca.jpeg?fit=1200%2C1200&ssl=1&resize=350%2C200 1x, https:\/\/i0.wp.com\/r-mboutique.com\/wp-content\/uploads\/2024\/01\/7aa9998b-7c85-4910-9e93-a5b92aa419ca.jpeg?fit=1200%2C1200&ssl=1&resize=525%2C300 1.5x, https:\/\/i0.wp.com\/r-mboutique.com\/wp-content\/uploads\/2024\/01\/7aa9998b-7c85-4910-9e93-a5b92aa419ca.jpeg?fit=1200%2C1200&ssl=1&resize=700%2C400 2x, https:\/\/i0.wp.com\/r-mboutique.com\/wp-content\/uploads\/2024\/01\/7aa9998b-7c85-4910-9e93-a5b92aa419ca.jpeg?fit=1200%2C1200&ssl=1&resize=1050%2C600 3x"},"classes":[]},{"id":7706,"url":"https:\/\/r-mboutique.com\/index.php\/product\/casio-ltp-v005gl-1b\/","url_meta":{"origin":7710,"position":1},"title":"Casio LTP-V005GL-1B","author":"Ramzi Merabtine","date":"08\/23\/2023","format":false,"excerpt":"Informations de base Taille du bo\u00eetier (L \u00d7 L \u00d7 H): 34 \u00d7 28,2 \u00d7 7,5 mm Poids : 52g Mat\u00e9riau du bo\u00eetier et de la lunette Bande en cuir Fermoir a boucle R\u00e9sistant \u00e0 l\u2019eau Alimentation et autonomie de la batterie Environ. Autonomie de la batterie : 3 ans\u2026","rel":"","context":"Article similaire","block_context":{"text":"Article similaire","link":""},"img":{"alt_text":"","src":"https:\/\/i0.wp.com\/r-mboutique.com\/wp-content\/uploads\/2023\/08\/img_5605.jpeg?fit=1176%2C1176&ssl=1&resize=350%2C200","width":350,"height":200,"srcset":"https:\/\/i0.wp.com\/r-mboutique.com\/wp-content\/uploads\/2023\/08\/img_5605.jpeg?fit=1176%2C1176&ssl=1&resize=350%2C200 1x, https:\/\/i0.wp.com\/r-mboutique.com\/wp-content\/uploads\/2023\/08\/img_5605.jpeg?fit=1176%2C1176&ssl=1&resize=525%2C300 1.5x, https:\/\/i0.wp.com\/r-mboutique.com\/wp-content\/uploads\/2023\/08\/img_5605.jpeg?fit=1176%2C1176&ssl=1&resize=700%2C400 2x, https:\/\/i0.wp.com\/r-mboutique.com\/wp-content\/uploads\/2023\/08\/img_5605.jpeg?fit=1176%2C1176&ssl=1&resize=1050%2C600 3x"},"classes":[]},{"id":7682,"url":"https:\/\/r-mboutique.com\/index.php\/product\/casio-ltp-v005g-1b\/","url_meta":{"origin":7710,"position":2},"title":"Casio LTP-V005G-1B","author":"Ramzi Merabtine","date":"08\/23\/2023","format":false,"excerpt":"Informations de base Taille du bo\u00eetier (L \u00d7 L \u00d7 H): 34 \u00d7 28,2 \u00d7 7,5 mm Poids : 52g Mat\u00e9riau du bo\u00eetier et de la lunette Bande en acier inoxydable Fermoir triple R\u00e9sistant \u00e0 l'eau Alimentation et autonomie de la batterie Environ. Autonomie de la batterie : 3 ans\u2026","rel":"","context":"Article similaire","block_context":{"text":"Article similaire","link":""},"img":{"alt_text":"","src":"https:\/\/i0.wp.com\/r-mboutique.com\/wp-content\/uploads\/2023\/08\/img_5588.jpeg?fit=1153%2C1153&ssl=1&resize=350%2C200","width":350,"height":200,"srcset":"https:\/\/i0.wp.com\/r-mboutique.com\/wp-content\/uploads\/2023\/08\/img_5588.jpeg?fit=1153%2C1153&ssl=1&resize=350%2C200 1x, https:\/\/i0.wp.com\/r-mboutique.com\/wp-content\/uploads\/2023\/08\/img_5588.jpeg?fit=1153%2C1153&ssl=1&resize=525%2C300 1.5x, https:\/\/i0.wp.com\/r-mboutique.com\/wp-content\/uploads\/2023\/08\/img_5588.jpeg?fit=1153%2C1153&ssl=1&resize=700%2C400 2x, https:\/\/i0.wp.com\/r-mboutique.com\/wp-content\/uploads\/2023\/08\/img_5588.jpeg?fit=1153%2C1153&ssl=1&resize=1050%2C600 3x"},"classes":[]},{"id":7686,"url":"https:\/\/r-mboutique.com\/index.php\/product\/casio-ltp-v005g-9a\/","url_meta":{"origin":7710,"position":3},"title":"Casio LTP-V005G-9A","author":"Ramzi Merabtine","date":"08\/23\/2023","format":false,"excerpt":"Informations de base Taille du bo\u00eetier (L \u00d7 L \u00d7 H): 34 \u00d7 28,2 \u00d7 7,5 mm Poids : 52g Mat\u00e9riau du bo\u00eetier et de la lunette Bande en acier inoxydable Fermoir triple R\u00e9sistant \u00e0 l\u2019eau Alimentation et autonomie de la batterie Environ. Autonomie de la batterie : 3 ans\u2026","rel":"","context":"Article similaire","block_context":{"text":"Article similaire","link":""},"img":{"alt_text":"","src":"https:\/\/i0.wp.com\/r-mboutique.com\/wp-content\/uploads\/2023\/08\/img_5594.jpeg?fit=1165%2C1165&ssl=1&resize=350%2C200","width":350,"height":200,"srcset":"https:\/\/i0.wp.com\/r-mboutique.com\/wp-content\/uploads\/2023\/08\/img_5594.jpeg?fit=1165%2C1165&ssl=1&resize=350%2C200 1x, https:\/\/i0.wp.com\/r-mboutique.com\/wp-content\/uploads\/2023\/08\/img_5594.jpeg?fit=1165%2C1165&ssl=1&resize=525%2C300 1.5x, https:\/\/i0.wp.com\/r-mboutique.com\/wp-content\/uploads\/2023\/08\/img_5594.jpeg?fit=1165%2C1165&ssl=1&resize=700%2C400 2x, https:\/\/i0.wp.com\/r-mboutique.com\/wp-content\/uploads\/2023\/08\/img_5594.jpeg?fit=1165%2C1165&ssl=1&resize=1050%2C600 3x"},"classes":[]},{"id":7690,"url":"https:\/\/r-mboutique.com\/index.php\/product\/casio-ltp-v005d-1b\/","url_meta":{"origin":7710,"position":4},"title":"Casio LTP-V005D-1B","author":"Ramzi Merabtine","date":"08\/23\/2023","format":false,"excerpt":"Informations de base Taille du bo\u00eetier (L \u00d7 L \u00d7 H): 34 \u00d7 28,2 \u00d7 7,5 mm Poids : 52g Mat\u00e9riau du bo\u00eetier et de la lunette Bande en acier inoxydable Fermoir triple R\u00e9sistant \u00e0 l\u2019eau Alimentation et autonomie de la batterie Environ. Autonomie de la batterie : 3 ans\u2026","rel":"","context":"Article similaire","block_context":{"text":"Article similaire","link":""},"img":{"alt_text":"","src":"https:\/\/i0.wp.com\/r-mboutique.com\/wp-content\/uploads\/2023\/08\/img_5587.jpeg?fit=1153%2C1153&ssl=1&resize=350%2C200","width":350,"height":200,"srcset":"https:\/\/i0.wp.com\/r-mboutique.com\/wp-content\/uploads\/2023\/08\/img_5587.jpeg?fit=1153%2C1153&ssl=1&resize=350%2C200 1x, https:\/\/i0.wp.com\/r-mboutique.com\/wp-content\/uploads\/2023\/08\/img_5587.jpeg?fit=1153%2C1153&ssl=1&resize=525%2C300 1.5x, https:\/\/i0.wp.com\/r-mboutique.com\/wp-content\/uploads\/2023\/08\/img_5587.jpeg?fit=1153%2C1153&ssl=1&resize=700%2C400 2x, https:\/\/i0.wp.com\/r-mboutique.com\/wp-content\/uploads\/2023\/08\/img_5587.jpeg?fit=1153%2C1153&ssl=1&resize=1050%2C600 3x"},"classes":[]},{"id":7694,"url":"https:\/\/r-mboutique.com\/index.php\/product\/casio-ltp-v005d-7b2\/","url_meta":{"origin":7710,"position":5},"title":"Casio LTP-V005D-7B2","author":"Ramzi Merabtine","date":"08\/23\/2023","format":false,"excerpt":"Informations de base Taille du bo\u00eetier (L \u00d7 L \u00d7 H): 34 \u00d7 28,2 \u00d7 7,5 mm Poids : 52g Mat\u00e9riau du bo\u00eetier et de la lunette Bande en acier inoxydable Fermoir triple R\u00e9sistant \u00e0 l\u2019eau Alimentation et autonomie de la batterie Environ. Autonomie de la batterie : 3 ans\u2026","rel":"","context":"Article similaire","block_context":{"text":"Article similaire","link":""},"img":{"alt_text":"","src":"https:\/\/i0.wp.com\/r-mboutique.com\/wp-content\/uploads\/2023\/08\/img_5601.jpeg?fit=1159%2C1159&ssl=1&resize=350%2C200","width":350,"height":200,"srcset":"https:\/\/i0.wp.com\/r-mboutique.com\/wp-content\/uploads\/2023\/08\/img_5601.jpeg?fit=1159%2C1159&ssl=1&resize=350%2C200 1x, https:\/\/i0.wp.com\/r-mboutique.com\/wp-content\/uploads\/2023\/08\/img_5601.jpeg?fit=1159%2C1159&ssl=1&resize=525%2C300 1.5x, https:\/\/i0.wp.com\/r-mboutique.com\/wp-content\/uploads\/2023\/08\/img_5601.jpeg?fit=1159%2C1159&ssl=1&resize=700%2C400 2x, https:\/\/i0.wp.com\/r-mboutique.com\/wp-content\/uploads\/2023\/08\/img_5601.jpeg?fit=1159%2C1159&ssl=1&resize=1050%2C600 3x"},"classes":[]}],"_links":{"self":[{"href":"https:\/\/r-mboutique.com\/index.php\/wp-json\/wp\/v2\/product\/7710"}],"collection":[{"href":"https:\/\/r-mboutique.com\/index.php\/wp-json\/wp\/v2\/product"}],"about":[{"href":"https:\/\/r-mboutique.com\/index.php\/wp-json\/wp\/v2\/types\/product"}],"replies":[{"embeddable":true,"href":"https:\/\/r-mboutique.com\/index.php\/wp-json\/wp\/v2\/comments?post=7710"}],"wp:featuredmedia":[{"embeddable":true,"href":"https:\/\/r-mboutique.com\/index.php\/wp-json\/wp\/v2\/media\/7707"}],"wp:attachment":[{"href":"https:\/\/r-mboutique.com\/index.php\/wp-json\/wp\/v2\/media?parent=7710"}],"wp:term":[{"taxonomy":"product_cat","embeddable":true,"href":"https:\/\/r-mboutique.com\/index.php\/wp-json\/wp\/v2\/product_cat?post=7710"},{"taxonomy":"product_tag","embeddable":true,"href":"https:\/\/r-mboutique.com\/index.php\/wp-json\/wp\/v2\/product_tag?post=7710"}],"curies":[{"name":"wp","href":"https:\/\/api.w.org\/{rel}","templated":true}]}}