{"id":7714,"date":"2023-08-24T00:29:49","date_gmt":"2023-08-23T23:29:49","guid":{"rendered":"https:\/\/r-mboutique.com\/index.php\/product\/casio-ltp-vt02g-3a\/"},"modified":"2025-09-18T06:21:21","modified_gmt":"2025-09-18T05:21:21","slug":"casio-ltp-vt02g-3a","status":"publish","type":"product","link":"https:\/\/r-mboutique.com\/index.php\/product\/casio-ltp-vt02g-3a\/","title":{"rendered":"Casio LTP-VT02G-3A"},"content":{"rendered":"<p>look pour le travail ou les loisirs. Cette montre simple, polyvalente et extr\u00eamement tendance vous accompagne tout au long de votre journ\u00e9e. Les index en chiffres romains aux positions 12 et 6 heures ajoutent une touche de style sophistiqu\u00e9, tandis que la r\u00e9sistance \u00e0 l&#8217;eau pour un usage quotidien vous lib\u00e8re de tout souci lorsque vous sortez sous la pluie ou faites la vaisselle.<\/p>\n<h3><strong>Informations de base<\/strong><\/h3>\n<p>Taille du bo\u00eetier (L \u00d7 L \u00d7 H) : 36 \u00d7 30 \u00d7 7,9 mm<\/p>\n<p>Poids : 52g<\/p>\n<p>Bande en acier inoxydable<\/p>\n<p>Fermoir triple<\/p>\n<p>R\u00e9sistant \u00e0 l&#8217;eau<\/p>\n<p>Alimentation et autonomie de la batterie<\/p>\n<p>Environ. Autonomie de la batterie : 3 ans sur SR626SW<\/p>\n<h3><strong>Ext\u00e9rieur<\/strong><\/h3>\n<p>verre min\u00e9ral<\/p>\n<p>Traitement de surface<\/p>\n<p>Bo\u00eetier plaqu\u00e9 or<\/p>\n<p>Bande plaqu\u00e9e or<\/p>\n<h3><strong>Fonctionnalit\u00e9s de la montre<\/strong><\/h3>\n<p>Pr\u00e9cision&nbsp;: \u00b120 secondes par mois<\/p>\n<p>Autres caract\u00e9ristiques<\/p>\n<p>Indication de l&#8217;heure r\u00e9guli\u00e8re : Analogique : 3 aiguilles (heure, minute, seconde)<\/p>\n","protected":false},"excerpt":{"rendered":"<p>look pour le travail ou les loisirs. Cette montre simple, polyvalente et extr\u00eamement tendance vous accompagne tout au long de<\/p>\n","protected":false},"featured_media":7712,"comment_status":"open","ping_status":"closed","template":"","meta":{"om_disable_all_campaigns":false},"product_cat":[37,46,26,30],"product_tag":[],"jetpack-related-posts":[{"id":7682,"url":"https:\/\/r-mboutique.com\/index.php\/product\/casio-ltp-v005g-1b\/","url_meta":{"origin":7714,"position":0},"title":"Casio LTP-V005G-1B","author":"Ramzi Merabtine","date":"08\/23\/2023","format":false,"excerpt":"Informations de base Taille du bo\u00eetier (L \u00d7 L \u00d7 H): 34 \u00d7 28,2 \u00d7 7,5 mm Poids : 52g Mat\u00e9riau du bo\u00eetier et de la lunette Bande en acier inoxydable Fermoir triple R\u00e9sistant \u00e0 l'eau Alimentation et autonomie de la batterie Environ. Autonomie de la batterie : 3 ans\u2026","rel":"","context":"Article similaire","block_context":{"text":"Article similaire","link":""},"img":{"alt_text":"","src":"https:\/\/i0.wp.com\/r-mboutique.com\/wp-content\/uploads\/2023\/08\/img_5588.jpeg?fit=1153%2C1153&ssl=1&resize=350%2C200","width":350,"height":200,"srcset":"https:\/\/i0.wp.com\/r-mboutique.com\/wp-content\/uploads\/2023\/08\/img_5588.jpeg?fit=1153%2C1153&ssl=1&resize=350%2C200 1x, https:\/\/i0.wp.com\/r-mboutique.com\/wp-content\/uploads\/2023\/08\/img_5588.jpeg?fit=1153%2C1153&ssl=1&resize=525%2C300 1.5x, https:\/\/i0.wp.com\/r-mboutique.com\/wp-content\/uploads\/2023\/08\/img_5588.jpeg?fit=1153%2C1153&ssl=1&resize=700%2C400 2x, https:\/\/i0.wp.com\/r-mboutique.com\/wp-content\/uploads\/2023\/08\/img_5588.jpeg?fit=1153%2C1153&ssl=1&resize=1050%2C600 3x"},"classes":[]},{"id":7686,"url":"https:\/\/r-mboutique.com\/index.php\/product\/casio-ltp-v005g-9a\/","url_meta":{"origin":7714,"position":1},"title":"Casio LTP-V005G-9A","author":"Ramzi Merabtine","date":"08\/23\/2023","format":false,"excerpt":"Informations de base Taille du bo\u00eetier (L \u00d7 L \u00d7 H): 34 \u00d7 28,2 \u00d7 7,5 mm Poids : 52g Mat\u00e9riau du bo\u00eetier et de la lunette Bande en acier inoxydable Fermoir triple R\u00e9sistant \u00e0 l\u2019eau Alimentation et autonomie de la batterie Environ. Autonomie de la batterie : 3 ans\u2026","rel":"","context":"Article similaire","block_context":{"text":"Article similaire","link":""},"img":{"alt_text":"","src":"https:\/\/i0.wp.com\/r-mboutique.com\/wp-content\/uploads\/2023\/08\/img_5594.jpeg?fit=1165%2C1165&ssl=1&resize=350%2C200","width":350,"height":200,"srcset":"https:\/\/i0.wp.com\/r-mboutique.com\/wp-content\/uploads\/2023\/08\/img_5594.jpeg?fit=1165%2C1165&ssl=1&resize=350%2C200 1x, https:\/\/i0.wp.com\/r-mboutique.com\/wp-content\/uploads\/2023\/08\/img_5594.jpeg?fit=1165%2C1165&ssl=1&resize=525%2C300 1.5x, https:\/\/i0.wp.com\/r-mboutique.com\/wp-content\/uploads\/2023\/08\/img_5594.jpeg?fit=1165%2C1165&ssl=1&resize=700%2C400 2x, https:\/\/i0.wp.com\/r-mboutique.com\/wp-content\/uploads\/2023\/08\/img_5594.jpeg?fit=1165%2C1165&ssl=1&resize=1050%2C600 3x"},"classes":[]},{"id":7718,"url":"https:\/\/r-mboutique.com\/index.php\/product\/casio-ltp-v007g-9e\/","url_meta":{"origin":7714,"position":2},"title":"Casio LTP-V007G-9E","author":"Ramzi Merabtine","date":"08\/24\/2023","format":false,"excerpt":"Informations de base Taille du bo\u00eetier (L \u00d7 L \u00d7 H) : 31 \u00d7 22 \u00d7 7,5 mm Poids : 51g Mat\u00e9riau du bo\u00eetier et de la lunette Bande en acier inoxydable Fermoir triple R\u00e9sistant \u00e0 l'eau Alimentation et autonomie de la batterie Environ. Autonomie de la batterie : 3\u2026","rel":"","context":"Article similaire","block_context":{"text":"Article similaire","link":""},"img":{"alt_text":"","src":"https:\/\/i0.wp.com\/r-mboutique.com\/wp-content\/uploads\/2023\/08\/img_5615.jpeg?fit=1140%2C1140&ssl=1&resize=350%2C200","width":350,"height":200,"srcset":"https:\/\/i0.wp.com\/r-mboutique.com\/wp-content\/uploads\/2023\/08\/img_5615.jpeg?fit=1140%2C1140&ssl=1&resize=350%2C200 1x, https:\/\/i0.wp.com\/r-mboutique.com\/wp-content\/uploads\/2023\/08\/img_5615.jpeg?fit=1140%2C1140&ssl=1&resize=525%2C300 1.5x, https:\/\/i0.wp.com\/r-mboutique.com\/wp-content\/uploads\/2023\/08\/img_5615.jpeg?fit=1140%2C1140&ssl=1&resize=700%2C400 2x, https:\/\/i0.wp.com\/r-mboutique.com\/wp-content\/uploads\/2023\/08\/img_5615.jpeg?fit=1140%2C1140&ssl=1&resize=1050%2C600 3x"},"classes":[]},{"id":8272,"url":"https:\/\/r-mboutique.com\/index.php\/product\/casio-ltp-v005gl-9a\/","url_meta":{"origin":7714,"position":3},"title":"Casio LTP-V005GL-9A","author":"Ramzi Merabtine","date":"01\/04\/2024","format":false,"excerpt":"Description Informations de base Taille du bo\u00eetier (L \u00d7 L \u00d7 H): 34 \u00d7 28,2 \u00d7 7,5 mm Poids : 52g Mat\u00e9riau du bo\u00eetier et de la lunette Bande en cuir Fermoir a boucle R\u00e9sistant \u00e0 l\u2019eau Alimentation et autonomie de la batterie Environ. Autonomie de la batterie : 3\u2026","rel":"","context":"Avec 1 commentaire","block_context":{"text":"Avec 1 commentaire","link":"https:\/\/r-mboutique.com\/index.php\/product\/casio-ltp-v005gl-9a\/#comments"},"img":{"alt_text":"","src":"https:\/\/i0.wp.com\/r-mboutique.com\/wp-content\/uploads\/2024\/01\/7aa9998b-7c85-4910-9e93-a5b92aa419ca.jpeg?fit=1200%2C1200&ssl=1&resize=350%2C200","width":350,"height":200,"srcset":"https:\/\/i0.wp.com\/r-mboutique.com\/wp-content\/uploads\/2024\/01\/7aa9998b-7c85-4910-9e93-a5b92aa419ca.jpeg?fit=1200%2C1200&ssl=1&resize=350%2C200 1x, https:\/\/i0.wp.com\/r-mboutique.com\/wp-content\/uploads\/2024\/01\/7aa9998b-7c85-4910-9e93-a5b92aa419ca.jpeg?fit=1200%2C1200&ssl=1&resize=525%2C300 1.5x, https:\/\/i0.wp.com\/r-mboutique.com\/wp-content\/uploads\/2024\/01\/7aa9998b-7c85-4910-9e93-a5b92aa419ca.jpeg?fit=1200%2C1200&ssl=1&resize=700%2C400 2x, https:\/\/i0.wp.com\/r-mboutique.com\/wp-content\/uploads\/2024\/01\/7aa9998b-7c85-4910-9e93-a5b92aa419ca.jpeg?fit=1200%2C1200&ssl=1&resize=1050%2C600 3x"},"classes":[]},{"id":7706,"url":"https:\/\/r-mboutique.com\/index.php\/product\/casio-ltp-v005gl-1b\/","url_meta":{"origin":7714,"position":4},"title":"Casio LTP-V005GL-1B","author":"Ramzi Merabtine","date":"08\/23\/2023","format":false,"excerpt":"Informations de base Taille du bo\u00eetier (L \u00d7 L \u00d7 H): 34 \u00d7 28,2 \u00d7 7,5 mm Poids : 52g Mat\u00e9riau du bo\u00eetier et de la lunette Bande en cuir Fermoir a boucle R\u00e9sistant \u00e0 l\u2019eau Alimentation et autonomie de la batterie Environ. Autonomie de la batterie : 3 ans\u2026","rel":"","context":"Article similaire","block_context":{"text":"Article similaire","link":""},"img":{"alt_text":"","src":"https:\/\/i0.wp.com\/r-mboutique.com\/wp-content\/uploads\/2023\/08\/img_5605.jpeg?fit=1176%2C1176&ssl=1&resize=350%2C200","width":350,"height":200,"srcset":"https:\/\/i0.wp.com\/r-mboutique.com\/wp-content\/uploads\/2023\/08\/img_5605.jpeg?fit=1176%2C1176&ssl=1&resize=350%2C200 1x, https:\/\/i0.wp.com\/r-mboutique.com\/wp-content\/uploads\/2023\/08\/img_5605.jpeg?fit=1176%2C1176&ssl=1&resize=525%2C300 1.5x, https:\/\/i0.wp.com\/r-mboutique.com\/wp-content\/uploads\/2023\/08\/img_5605.jpeg?fit=1176%2C1176&ssl=1&resize=700%2C400 2x, https:\/\/i0.wp.com\/r-mboutique.com\/wp-content\/uploads\/2023\/08\/img_5605.jpeg?fit=1176%2C1176&ssl=1&resize=1050%2C600 3x"},"classes":[]},{"id":7710,"url":"https:\/\/r-mboutique.com\/index.php\/product\/casio-ltp-v005gl-9b\/","url_meta":{"origin":7714,"position":5},"title":"Casio LTP-V005GL-9B","author":"Ramzi Merabtine","date":"08\/23\/2023","format":false,"excerpt":"Informations de base Taille du bo\u00eetier (L \u00d7 L \u00d7 H): 34 \u00d7 28,2 \u00d7 7,5 mm Poids : 52g Mat\u00e9riau du bo\u00eetier et de la lunette Bande en cuir Fermoir a boucle R\u00e9sistant \u00e0 l\u2019eau Alimentation et autonomie de la batterie Environ. Autonomie de la batterie : 3 ans\u2026","rel":"","context":"Article similaire","block_context":{"text":"Article similaire","link":""},"img":{"alt_text":"","src":"https:\/\/i0.wp.com\/r-mboutique.com\/wp-content\/uploads\/2023\/08\/img_5609.jpeg?fit=1169%2C1169&ssl=1&resize=350%2C200","width":350,"height":200,"srcset":"https:\/\/i0.wp.com\/r-mboutique.com\/wp-content\/uploads\/2023\/08\/img_5609.jpeg?fit=1169%2C1169&ssl=1&resize=350%2C200 1x, https:\/\/i0.wp.com\/r-mboutique.com\/wp-content\/uploads\/2023\/08\/img_5609.jpeg?fit=1169%2C1169&ssl=1&resize=525%2C300 1.5x, https:\/\/i0.wp.com\/r-mboutique.com\/wp-content\/uploads\/2023\/08\/img_5609.jpeg?fit=1169%2C1169&ssl=1&resize=700%2C400 2x, https:\/\/i0.wp.com\/r-mboutique.com\/wp-content\/uploads\/2023\/08\/img_5609.jpeg?fit=1169%2C1169&ssl=1&resize=1050%2C600 3x"},"classes":[]}],"_links":{"self":[{"href":"https:\/\/r-mboutique.com\/index.php\/wp-json\/wp\/v2\/product\/7714"}],"collection":[{"href":"https:\/\/r-mboutique.com\/index.php\/wp-json\/wp\/v2\/product"}],"about":[{"href":"https:\/\/r-mboutique.com\/index.php\/wp-json\/wp\/v2\/types\/product"}],"replies":[{"embeddable":true,"href":"https:\/\/r-mboutique.com\/index.php\/wp-json\/wp\/v2\/comments?post=7714"}],"wp:featuredmedia":[{"embeddable":true,"href":"https:\/\/r-mboutique.com\/index.php\/wp-json\/wp\/v2\/media\/7712"}],"wp:attachment":[{"href":"https:\/\/r-mboutique.com\/index.php\/wp-json\/wp\/v2\/media?parent=7714"}],"wp:term":[{"taxonomy":"product_cat","embeddable":true,"href":"https:\/\/r-mboutique.com\/index.php\/wp-json\/wp\/v2\/product_cat?post=7714"},{"taxonomy":"product_tag","embeddable":true,"href":"https:\/\/r-mboutique.com\/index.php\/wp-json\/wp\/v2\/product_tag?post=7714"}],"curies":[{"name":"wp","href":"https:\/\/api.w.org\/{rel}","templated":true}]}}