{"id":7738,"date":"2023-08-29T08:00:09","date_gmt":"2023-08-29T07:00:09","guid":{"rendered":"https:\/\/r-mboutique.com\/index.php\/product\/casio-mtp-v002d-1b3\/"},"modified":"2025-09-18T06:20:50","modified_gmt":"2025-09-18T05:20:50","slug":"casio-mtp-v002d-1b3","status":"publish","type":"product","link":"https:\/\/r-mboutique.com\/index.php\/product\/casio-mtp-v002d-1b3\/","title":{"rendered":"Casio MTP-V002D-1B3"},"content":{"rendered":"<p><span style=\"margin: 0px;padding: 0px;border: 0px;font-style: inherit;font-weight: inherit;line-height: inherit;font-family: inherit;font-size: 14px;vertical-align: baseline\">Cette montre<\/span><span style=\"margin: 0px;padding: 0px;border: 0px;font-style: inherit;font-weight: inherit;line-height: inherit;font-family: inherit;font-size: 14px;vertical-align: baseline\"><span class=\"Apple-converted-space\" style=\"margin: 0px;padding: 0px;border: 0px;font-style: inherit;font-weight: inherit;line-height: inherit;font-family: inherit;font-size: 14px;vertical-align: baseline\">&nbsp;<\/span><\/span>Casio<span style=\"margin: 0px;padding: 0px;border: 0px;font-style: inherit;font-weight: inherit;line-height: inherit;font-family: inherit;font-size: 14px;vertical-align: baseline\"><span class=\"Apple-converted-space\" style=\"margin: 0px;padding: 0px;border: 0px;font-style: inherit;font-weight: inherit;line-height: inherit;font-family: inherit;font-size: 14px;vertical-align: baseline\">&nbsp;<\/span><\/span><span style=\"margin: 0px;padding: 0px;border: 0px;font-style: inherit;font-weight: inherit;line-height: inherit;font-family: inherit;font-size: 14px;vertical-align: baseline\">\u00e0 un bo\u00eetier en acier inoxydable avec un diam\u00e8tre de<\/span><span style=\"margin: 0px;padding: 0px;border: 0px;font-style: inherit;font-weight: inherit;line-height: inherit;font-family: inherit;font-size: 14px;vertical-align: baseline\"><span class=\"Apple-converted-space\">&nbsp;<\/span><\/span><span style=\"margin: 0px;padding: 0px;border: 0px;font-style: inherit;font-weight: inherit;line-height: inherit;font-family: inherit;font-size: 14px;vertical-align: baseline\">44 \u00d7 37 \u00d7 9.6 mm<\/span><span style=\"margin: 0px;padding: 0px;border: 0px;font-style: inherit;font-weight: inherit;line-height: inherit;font-family: inherit;font-size: 14px;vertical-align: baseline\"><span class=\"Apple-converted-space\">&nbsp;<\/span><\/span><span style=\"margin: 0px;padding: 0px;border: 0px;font-style: inherit;font-weight: inherit;line-height: inherit;font-family: inherit;font-size: 14px;vertical-align: baseline\">et poss\u00e8de un bracelet en<\/span><span style=\"margin: 0px;padding: 0px;border: 0px;font-style: inherit;font-weight: inherit;line-height: inherit;font-family: inherit;font-size: 14px;vertical-align: baseline\"><span class=\"Apple-converted-space\" style=\"margin: 0px;padding: 0px;border: 0px;font-style: inherit;font-weight: inherit;line-height: inherit;font-family: inherit;font-size: 14px;vertical-align: baseline\">&nbsp;<\/span><\/span>acier<span style=\"margin: 0px;padding: 0px;border: 0px;font-style: inherit;font-weight: inherit;line-height: inherit;font-family: inherit;font-size: 14px;vertical-align: baseline\">.Le bo\u00eetier de la montre contient un mouvement et un cristal min\u00e9ral.<\/span><\/p>\n<p style=\"margin: 0px;padding: 0px;border: 0px;font-style: normal;font-weight: normal;line-height: inherit;font-family: Karla, Arial, Helvetica, sans-serif;font-size: 14px;vertical-align: baseline;letter-spacing: normal;text-align: start;text-indent: 0px;text-transform: none;text-decoration: none\"><span style=\"margin: 0px;padding: 0px;border: 0px;font-style: inherit;font-weight: inherit;line-height: inherit;font-family: inherit;font-size: 14px;vertical-align: baseline\">La montre est \u00e9tanche \u00e0 3ATM. Cela signifie que la montre est \u00e9tanche pour les<\/span><span style=\"margin: 0px;padding: 0px;border: 0px;font-style: inherit;font-weight: inherit;line-height: inherit;font-family: inherit;font-size: 14px;vertical-align: baseline\"><span class=\"Apple-converted-space\">&nbsp;<\/span><\/span>\u00e9claboussures<span style=\"margin: 0px;padding: 0px;border: 0px;font-style: inherit;font-weight: inherit;line-height: inherit;font-family: inherit;font-size: 14px;vertical-align: baseline\">.<\/span><span style=\"margin: 0px;padding: 0px;border: 0px;font-style: inherit;font-weight: inherit;line-height: inherit;font-family: inherit;font-size: 14px;vertical-align: baseline\"><span class=\"Apple-converted-space\" style=\"margin: 0px;padding: 0px;border: 0px;font-style: inherit;font-weight: inherit;line-height: inherit;font-family: inherit;font-size: 14px;vertical-align: baseline\">&nbsp;<\/span><\/span><\/p>\n<p style=\"margin: 0px;padding: 0px;border: 0px;font-style: normal;font-weight: normal;line-height: inherit;font-family: Karla, Arial, Helvetica, sans-serif;font-size: 14px;vertical-align: baseline;letter-spacing: normal;text-align: start;text-indent: 0px;text-transform: none;text-decoration: none\"><span style=\"margin: 0px;padding: 0px;border: 0px;font-style: inherit;font-weight: inherit;line-height: inherit;font-family: inherit;font-size: 14px;vertical-align: baseline\">La montre est livr\u00e9e avec 1 ann\u00e9e de garantie valable dans le monde entier.<\/span><\/p>\n","protected":false},"excerpt":{"rendered":"<p>Cette montre&nbsp;Casio&nbsp;\u00e0 un bo\u00eetier en acier inoxydable avec un diam\u00e8tre de&nbsp;44 \u00d7 37 \u00d7 9.6 mm&nbsp;et poss\u00e8de un bracelet en&nbsp;acier.Le<\/p>\n","protected":false},"featured_media":7737,"comment_status":"open","ping_status":"closed","template":"","meta":{"om_disable_all_campaigns":false},"product_cat":[37,46,26,28],"product_tag":[],"jetpack-related-posts":[{"id":7730,"url":"https:\/\/r-mboutique.com\/index.php\/product\/casio-mtp-v002l-1b3\/","url_meta":{"origin":7738,"position":0},"title":"Casio MTP-V002L-1B3","author":"Ramzi Merabtine","date":"08\/29\/2023","format":false,"excerpt":"Cette montre\u00a0Casio\u00a0\u00e0 un bo\u00eetier en acier inoxydable avec un diam\u00e8tre de 44 \u00d7 37 \u00d7 9.6 mm et poss\u00e8de un bracelet en\u00a0cuir.Le bo\u00eetier de la montre contient un mouvement et un cristal min\u00e9ral. La montre est \u00e9tanche \u00e0 3ATM. Cela signifie que la montre est \u00e9tanche pour les \u00e9claboussures.\u00a0 La\u2026","rel":"","context":"Article similaire","block_context":{"text":"Article similaire","link":""},"img":{"alt_text":"","src":"https:\/\/i0.wp.com\/r-mboutique.com\/wp-content\/uploads\/2023\/08\/a3278c82-cc5b-4cde-b793-58f88708a811.jpeg?fit=1200%2C1200&ssl=1&resize=350%2C200","width":350,"height":200,"srcset":"https:\/\/i0.wp.com\/r-mboutique.com\/wp-content\/uploads\/2023\/08\/a3278c82-cc5b-4cde-b793-58f88708a811.jpeg?fit=1200%2C1200&ssl=1&resize=350%2C200 1x, https:\/\/i0.wp.com\/r-mboutique.com\/wp-content\/uploads\/2023\/08\/a3278c82-cc5b-4cde-b793-58f88708a811.jpeg?fit=1200%2C1200&ssl=1&resize=525%2C300 1.5x, https:\/\/i0.wp.com\/r-mboutique.com\/wp-content\/uploads\/2023\/08\/a3278c82-cc5b-4cde-b793-58f88708a811.jpeg?fit=1200%2C1200&ssl=1&resize=700%2C400 2x, https:\/\/i0.wp.com\/r-mboutique.com\/wp-content\/uploads\/2023\/08\/a3278c82-cc5b-4cde-b793-58f88708a811.jpeg?fit=1200%2C1200&ssl=1&resize=1050%2C600 3x"},"classes":[]},{"id":7744,"url":"https:\/\/r-mboutique.com\/index.php\/product\/casio-mtp-v002d-2b3\/","url_meta":{"origin":7738,"position":1},"title":"Casio MTP-V002D-2B3","author":"Ramzi Merabtine","date":"08\/29\/2023","format":false,"excerpt":"Cette montre\u00a0Casio\u00a0\u00e0 un bo\u00eetier en acier inoxydable avec un diam\u00e8tre de\u00a044 \u00d7 37 \u00d7 9.6 mm\u00a0et poss\u00e8de un bracelet en\u00a0acier.Le bo\u00eetier de la montre contient un mouvement et un cristal min\u00e9ral. La montre est \u00e9tanche \u00e0 3ATM. Cela signifie que la montre est \u00e9tanche pour les\u00a0\u00e9claboussures.\u00a0 La montre est livr\u00e9e\u2026","rel":"","context":"Article similaire","block_context":{"text":"Article similaire","link":""},"img":{"alt_text":"","src":"https:\/\/i0.wp.com\/r-mboutique.com\/wp-content\/uploads\/2023\/08\/767365f8-8efc-4537-88cf-bebc832c4211-1.jpeg?fit=1200%2C1200&ssl=1&resize=350%2C200","width":350,"height":200,"srcset":"https:\/\/i0.wp.com\/r-mboutique.com\/wp-content\/uploads\/2023\/08\/767365f8-8efc-4537-88cf-bebc832c4211-1.jpeg?fit=1200%2C1200&ssl=1&resize=350%2C200 1x, https:\/\/i0.wp.com\/r-mboutique.com\/wp-content\/uploads\/2023\/08\/767365f8-8efc-4537-88cf-bebc832c4211-1.jpeg?fit=1200%2C1200&ssl=1&resize=525%2C300 1.5x, https:\/\/i0.wp.com\/r-mboutique.com\/wp-content\/uploads\/2023\/08\/767365f8-8efc-4537-88cf-bebc832c4211-1.jpeg?fit=1200%2C1200&ssl=1&resize=700%2C400 2x, https:\/\/i0.wp.com\/r-mboutique.com\/wp-content\/uploads\/2023\/08\/767365f8-8efc-4537-88cf-bebc832c4211-1.jpeg?fit=1200%2C1200&ssl=1&resize=1050%2C600 3x"},"classes":[]},{"id":7748,"url":"https:\/\/r-mboutique.com\/index.php\/product\/casio-mtp-v002d-7b3\/","url_meta":{"origin":7738,"position":2},"title":"Casio MTP-V002D-7B3","author":"Ramzi Merabtine","date":"08\/29\/2023","format":false,"excerpt":"Cette montre\u00a0Casio\u00a0\u00e0 un bo\u00eetier en acier inoxydable avec un diam\u00e8tre de\u00a044 \u00d7 37 \u00d7 9.6 mm\u00a0et poss\u00e8de un bracelet en\u00a0acier.Le bo\u00eetier de la montre contient un mouvement et un cristal min\u00e9ral. La montre est \u00e9tanche \u00e0 3ATM. Cela signifie que la montre est \u00e9tanche pour les\u00a0\u00e9claboussures.\u00a0 La montre est livr\u00e9e\u2026","rel":"","context":"Article similaire","block_context":{"text":"Article similaire","link":""},"img":{"alt_text":"","src":"https:\/\/i0.wp.com\/r-mboutique.com\/wp-content\/uploads\/2023\/08\/dd167087-a261-471a-86ac-546337fb088b.jpeg?fit=1200%2C1200&ssl=1&resize=350%2C200","width":350,"height":200,"srcset":"https:\/\/i0.wp.com\/r-mboutique.com\/wp-content\/uploads\/2023\/08\/dd167087-a261-471a-86ac-546337fb088b.jpeg?fit=1200%2C1200&ssl=1&resize=350%2C200 1x, https:\/\/i0.wp.com\/r-mboutique.com\/wp-content\/uploads\/2023\/08\/dd167087-a261-471a-86ac-546337fb088b.jpeg?fit=1200%2C1200&ssl=1&resize=525%2C300 1.5x, https:\/\/i0.wp.com\/r-mboutique.com\/wp-content\/uploads\/2023\/08\/dd167087-a261-471a-86ac-546337fb088b.jpeg?fit=1200%2C1200&ssl=1&resize=700%2C400 2x, https:\/\/i0.wp.com\/r-mboutique.com\/wp-content\/uploads\/2023\/08\/dd167087-a261-471a-86ac-546337fb088b.jpeg?fit=1200%2C1200&ssl=1&resize=1050%2C600 3x"},"classes":[]},{"id":7752,"url":"https:\/\/r-mboutique.com\/index.php\/product\/casio-mtp-v002d-7b\/","url_meta":{"origin":7738,"position":3},"title":"Casio MTP-V002D-7B","author":"Ramzi Merabtine","date":"08\/29\/2023","format":false,"excerpt":"Cette montre\u00a0Casio\u00a0\u00e0 un bo\u00eetier en acier inoxydable avec un diam\u00e8tre de\u00a044 \u00d7 37 \u00d7 9.6 mm\u00a0et poss\u00e8de un bracelet en\u00a0acier.Le bo\u00eetier de la montre contient un mouvement et un cristal min\u00e9ral. La montre est \u00e9tanche \u00e0 3ATM. Cela signifie que la montre est \u00e9tanche pour les\u00a0\u00e9claboussures.\u00a0 La montre est livr\u00e9e\u2026","rel":"","context":"Article similaire","block_context":{"text":"Article similaire","link":""},"img":{"alt_text":"","src":"https:\/\/i0.wp.com\/r-mboutique.com\/wp-content\/uploads\/2023\/08\/c3adb13f-edc9-4b79-b22d-bd028d5d2ab4.jpeg?fit=1200%2C1200&ssl=1&resize=350%2C200","width":350,"height":200,"srcset":"https:\/\/i0.wp.com\/r-mboutique.com\/wp-content\/uploads\/2023\/08\/c3adb13f-edc9-4b79-b22d-bd028d5d2ab4.jpeg?fit=1200%2C1200&ssl=1&resize=350%2C200 1x, https:\/\/i0.wp.com\/r-mboutique.com\/wp-content\/uploads\/2023\/08\/c3adb13f-edc9-4b79-b22d-bd028d5d2ab4.jpeg?fit=1200%2C1200&ssl=1&resize=525%2C300 1.5x, https:\/\/i0.wp.com\/r-mboutique.com\/wp-content\/uploads\/2023\/08\/c3adb13f-edc9-4b79-b22d-bd028d5d2ab4.jpeg?fit=1200%2C1200&ssl=1&resize=700%2C400 2x, https:\/\/i0.wp.com\/r-mboutique.com\/wp-content\/uploads\/2023\/08\/c3adb13f-edc9-4b79-b22d-bd028d5d2ab4.jpeg?fit=1200%2C1200&ssl=1&resize=1050%2C600 3x"},"classes":[]},{"id":4484,"url":"https:\/\/r-mboutique.com\/index.php\/product\/casio-mtp-vd01bl-1bv\/","url_meta":{"origin":7738,"position":4},"title":"Casio MTP-VD01BL-1BV","author":"Ramzi Merabtine","date":"03\/05\/2022","format":false,"excerpt":"Cette montre Casio \u00e0 un bo\u00eetier en acier inoxydable avec un diam\u00e8tre de 45mm et poss\u00e8de un bracelet en cuir. Le bo\u00eetier de la montre contient un mouvement et un cristal min\u00e9ral. La montre est \u00e9tanche \u00e0 5ATM. Cela signifie que la montre est \u00e9tanche pour la douche. La montre\u2026","rel":"","context":"Article similaire","block_context":{"text":"Article similaire","link":""},"img":{"alt_text":"","src":"https:\/\/i0.wp.com\/r-mboutique.com\/wp-content\/uploads\/2022\/03\/img_6855.jpeg?fit=625%2C625&ssl=1&resize=350%2C200","width":350,"height":200,"srcset":"https:\/\/i0.wp.com\/r-mboutique.com\/wp-content\/uploads\/2022\/03\/img_6855.jpeg?fit=625%2C625&ssl=1&resize=350%2C200 1x, https:\/\/i0.wp.com\/r-mboutique.com\/wp-content\/uploads\/2022\/03\/img_6855.jpeg?fit=625%2C625&ssl=1&resize=525%2C300 1.5x"},"classes":[]},{"id":7785,"url":"https:\/\/r-mboutique.com\/index.php\/product\/casio-mtp-vd01d-2bv\/","url_meta":{"origin":7738,"position":5},"title":"Casio MTP-VD01D-2BV","author":"Ramzi Merabtine","date":"09\/01\/2023","format":false,"excerpt":"Cette montre Casio \u00e0 un bo\u00eetier en acier inoxydable avec un diam\u00e8tre de 45mm et poss\u00e8de un bracelet en acier. Le bo\u00eetier de la montre contient un mouvement et un cristal min\u00e9ral. La montre est \u00e9tanche \u00e0 5ATM. Cela signifie que la montre est \u00e9tanche pour la douche. La montre\u2026","rel":"","context":"Article similaire","block_context":{"text":"Article similaire","link":""},"img":{"alt_text":"","src":"https:\/\/i0.wp.com\/r-mboutique.com\/wp-content\/uploads\/2023\/09\/6852a23b-3d94-4d01-918b-424ce6cf9e77.jpeg?fit=1200%2C1200&ssl=1&resize=350%2C200","width":350,"height":200,"srcset":"https:\/\/i0.wp.com\/r-mboutique.com\/wp-content\/uploads\/2023\/09\/6852a23b-3d94-4d01-918b-424ce6cf9e77.jpeg?fit=1200%2C1200&ssl=1&resize=350%2C200 1x, https:\/\/i0.wp.com\/r-mboutique.com\/wp-content\/uploads\/2023\/09\/6852a23b-3d94-4d01-918b-424ce6cf9e77.jpeg?fit=1200%2C1200&ssl=1&resize=525%2C300 1.5x, https:\/\/i0.wp.com\/r-mboutique.com\/wp-content\/uploads\/2023\/09\/6852a23b-3d94-4d01-918b-424ce6cf9e77.jpeg?fit=1200%2C1200&ssl=1&resize=700%2C400 2x, https:\/\/i0.wp.com\/r-mboutique.com\/wp-content\/uploads\/2023\/09\/6852a23b-3d94-4d01-918b-424ce6cf9e77.jpeg?fit=1200%2C1200&ssl=1&resize=1050%2C600 3x"},"classes":[]}],"_links":{"self":[{"href":"https:\/\/r-mboutique.com\/index.php\/wp-json\/wp\/v2\/product\/7738"}],"collection":[{"href":"https:\/\/r-mboutique.com\/index.php\/wp-json\/wp\/v2\/product"}],"about":[{"href":"https:\/\/r-mboutique.com\/index.php\/wp-json\/wp\/v2\/types\/product"}],"replies":[{"embeddable":true,"href":"https:\/\/r-mboutique.com\/index.php\/wp-json\/wp\/v2\/comments?post=7738"}],"wp:featuredmedia":[{"embeddable":true,"href":"https:\/\/r-mboutique.com\/index.php\/wp-json\/wp\/v2\/media\/7737"}],"wp:attachment":[{"href":"https:\/\/r-mboutique.com\/index.php\/wp-json\/wp\/v2\/media?parent=7738"}],"wp:term":[{"taxonomy":"product_cat","embeddable":true,"href":"https:\/\/r-mboutique.com\/index.php\/wp-json\/wp\/v2\/product_cat?post=7738"},{"taxonomy":"product_tag","embeddable":true,"href":"https:\/\/r-mboutique.com\/index.php\/wp-json\/wp\/v2\/product_tag?post=7738"}],"curies":[{"name":"wp","href":"https:\/\/api.w.org\/{rel}","templated":true}]}}