{"id":7756,"date":"2023-08-29T08:51:08","date_gmt":"2023-08-29T07:51:08","guid":{"rendered":"https:\/\/r-mboutique.com\/index.php\/product\/casio-mtp-1303d-7av\/"},"modified":"2025-09-22T16:11:01","modified_gmt":"2025-09-22T15:11:01","slug":"casio-mtp-1303d-7av","status":"publish","type":"product","link":"https:\/\/r-mboutique.com\/index.php\/product\/casio-mtp-1303d-7av\/","title":{"rendered":"Casio MTP-1303D-7AV"},"content":{"rendered":"<p><span style=\"margin: 0px;padding: 0px;border: 0px;font-style: inherit;font-weight: inherit;line-height: inherit;font-family: inherit;font-size: 14px;vertical-align: baseline\">Cette montre<\/span><span style=\"margin: 0px;padding: 0px;border: 0px;font-style: inherit;font-weight: inherit;line-height: inherit;font-family: inherit;font-size: 14px;vertical-align: baseline\"><span class=\"Apple-converted-space\" style=\"margin: 0px;padding: 0px;border: 0px;font-style: inherit;font-weight: inherit;line-height: inherit;font-family: inherit;font-size: 14px;vertical-align: baseline\">&nbsp;<\/span><\/span>Casio<span style=\"margin: 0px;padding: 0px;border: 0px;font-style: inherit;font-weight: inherit;line-height: inherit;font-family: inherit;font-size: 14px;vertical-align: baseline\"><span class=\"Apple-converted-space\" style=\"margin: 0px;padding: 0px;border: 0px;font-style: inherit;font-weight: inherit;line-height: inherit;font-family: inherit;font-size: 14px;vertical-align: baseline\">&nbsp;<\/span><\/span><span style=\"margin: 0px;padding: 0px;border: 0px;font-style: inherit;font-weight: inherit;line-height: inherit;font-family: inherit;font-size: 14px;vertical-align: baseline\">\u00e0 un bo\u00eetier en acier inoxydable avec un diam\u00e8tre de 40mm et poss\u00e8de un bracelet en<\/span><span style=\"margin: 0px;padding: 0px;border: 0px;font-style: inherit;font-weight: inherit;line-height: inherit;font-family: inherit;font-size: 14px;vertical-align: baseline\"><span class=\"Apple-converted-space\" style=\"margin: 0px;padding: 0px;border: 0px;font-style: inherit;font-weight: inherit;line-height: inherit;font-family: inherit;font-size: 14px;vertical-align: baseline\">&nbsp;<\/span><\/span>acier<span style=\"margin: 0px;padding: 0px;border: 0px;font-style: inherit;font-weight: inherit;line-height: inherit;font-family: inherit;font-size: 14px;vertical-align: baseline\">.Le bo\u00eetier de la montre contient un mouvement et un cristal min\u00e9ral.<\/span><\/p>\n<p style=\"margin: 0px;padding: 0px;border: 0px;font-style: normal;font-weight: normal;line-height: inherit;font-family: Karla, Arial, Helvetica, sans-serif;font-size: 14px;vertical-align: baseline;letter-spacing: normal;text-align: start;text-indent: 0px;text-transform: none;text-decoration: none\"><span style=\"margin: 0px;padding: 0px;border: 0px;font-style: inherit;font-weight: inherit;line-height: inherit;font-family: inherit;font-size: 14px;vertical-align: baseline\">La montre est \u00e9tanche \u00e0 5ATM. Cela signifie que la montre est \u00e9tanche pour la douche.<\/span><span style=\"margin: 0px;padding: 0px;border: 0px;font-style: inherit;font-weight: inherit;line-height: inherit;font-family: inherit;font-size: 14px;vertical-align: baseline\"><span class=\"Apple-converted-space\" style=\"margin: 0px;padding: 0px;border: 0px;font-style: inherit;font-weight: inherit;line-height: inherit;font-family: inherit;font-size: 14px;vertical-align: baseline\">&nbsp;<\/span><\/span><\/p>\n<p style=\"margin: 0px;padding: 0px;border: 0px;font-style: normal;font-weight: normal;line-height: inherit;font-family: Karla, Arial, Helvetica, sans-serif;font-size: 14px;vertical-align: baseline;letter-spacing: normal;text-align: start;text-indent: 0px;text-transform: none;text-decoration: none\"><span style=\"margin: 0px;padding: 0px;border: 0px;font-style: inherit;font-weight: inherit;line-height: inherit;font-family: inherit;font-size: 14px;vertical-align: baseline\">La montre est livr\u00e9e avec 1 ann\u00e9e de garantie valable dans le monde entier.<\/span><\/p>\n","protected":false},"excerpt":{"rendered":"<p>Cette montre&nbsp;Casio&nbsp;\u00e0 un bo\u00eetier en acier inoxydable avec un diam\u00e8tre de 40mm et poss\u00e8de un bracelet en&nbsp;acier.Le bo\u00eetier de la<\/p>\n","protected":false},"featured_media":7754,"comment_status":"open","ping_status":"closed","template":"","meta":{"om_disable_all_campaigns":false},"product_cat":[37,46,26,28],"product_tag":[],"jetpack-related-posts":[{"id":7760,"url":"https:\/\/r-mboutique.com\/index.php\/product\/casio-mtp-1303d-1av\/","url_meta":{"origin":7756,"position":0},"title":"Casio MTP-1303D-1AV","author":"Ramzi Merabtine","date":"08\/29\/2023","format":false,"excerpt":"Cette montre\u00a0Casio\u00a0\u00e0 un bo\u00eetier en acier inoxydable avec un diam\u00e8tre de 40mm et poss\u00e8de un bracelet en\u00a0acier.Le bo\u00eetier de la montre contient un mouvement et un cristal min\u00e9ral. La montre est \u00e9tanche \u00e0 5ATM. Cela signifie que la montre est \u00e9tanche pour la douche.\u00a0 La montre est livr\u00e9e avec 1\u2026","rel":"","context":"Article similaire","block_context":{"text":"Article similaire","link":""},"img":{"alt_text":"","src":"https:\/\/i0.wp.com\/r-mboutique.com\/wp-content\/uploads\/2023\/08\/a4d4e617-ac58-4123-bfb7-ee6975695dc3.jpeg?fit=1200%2C1200&ssl=1&resize=350%2C200","width":350,"height":200,"srcset":"https:\/\/i0.wp.com\/r-mboutique.com\/wp-content\/uploads\/2023\/08\/a4d4e617-ac58-4123-bfb7-ee6975695dc3.jpeg?fit=1200%2C1200&ssl=1&resize=350%2C200 1x, https:\/\/i0.wp.com\/r-mboutique.com\/wp-content\/uploads\/2023\/08\/a4d4e617-ac58-4123-bfb7-ee6975695dc3.jpeg?fit=1200%2C1200&ssl=1&resize=525%2C300 1.5x, https:\/\/i0.wp.com\/r-mboutique.com\/wp-content\/uploads\/2023\/08\/a4d4e617-ac58-4123-bfb7-ee6975695dc3.jpeg?fit=1200%2C1200&ssl=1&resize=700%2C400 2x, https:\/\/i0.wp.com\/r-mboutique.com\/wp-content\/uploads\/2023\/08\/a4d4e617-ac58-4123-bfb7-ee6975695dc3.jpeg?fit=1200%2C1200&ssl=1&resize=1050%2C600 3x"},"classes":[]},{"id":4516,"url":"https:\/\/r-mboutique.com\/index.php\/product\/casio-mtp-1374l-7av\/","url_meta":{"origin":7756,"position":1},"title":"Casio MTP-1374L-7AV","author":"Ramzi Merabtine","date":"03\/06\/2022","format":false,"excerpt":"Cette montre Casio \u00e0 un bo\u00eetier en acier inoxydable avec un diam\u00e8tre de 43,5mm et poss\u00e8de un bracelet en cuir. Le bo\u00eetier de la montre contient un mouvement et un cristal min\u00e9ral. La montre est \u00e9tanche \u00e0 5ATM. Cela signifie que la montre est \u00e9tanche pour la douche. La montre\u2026","rel":"","context":"Article similaire","block_context":{"text":"Article similaire","link":""},"img":{"alt_text":"","src":"https:\/\/i0.wp.com\/r-mboutique.com\/wp-content\/uploads\/2022\/03\/0b277dd5-d69f-457d-9227-6eeddbcf886e.jpeg?fit=1111%2C1111&ssl=1&resize=350%2C200","width":350,"height":200,"srcset":"https:\/\/i0.wp.com\/r-mboutique.com\/wp-content\/uploads\/2022\/03\/0b277dd5-d69f-457d-9227-6eeddbcf886e.jpeg?fit=1111%2C1111&ssl=1&resize=350%2C200 1x, https:\/\/i0.wp.com\/r-mboutique.com\/wp-content\/uploads\/2022\/03\/0b277dd5-d69f-457d-9227-6eeddbcf886e.jpeg?fit=1111%2C1111&ssl=1&resize=525%2C300 1.5x, https:\/\/i0.wp.com\/r-mboutique.com\/wp-content\/uploads\/2022\/03\/0b277dd5-d69f-457d-9227-6eeddbcf886e.jpeg?fit=1111%2C1111&ssl=1&resize=700%2C400 2x, https:\/\/i0.wp.com\/r-mboutique.com\/wp-content\/uploads\/2022\/03\/0b277dd5-d69f-457d-9227-6eeddbcf886e.jpeg?fit=1111%2C1111&ssl=1&resize=1050%2C600 3x"},"classes":[]},{"id":5069,"url":"https:\/\/r-mboutique.com\/index.php\/product\/casio-mtp-e500-7av\/","url_meta":{"origin":7756,"position":2},"title":"Casio MTP-E500-7AV","author":"Ramzi Merabtine","date":"03\/28\/2022","format":false,"excerpt":"Cette montre casio \u00e0 un bo\u00eetier en acier inoxydable avec un diam\u00e8tre de 44mm et poss\u00e8de un bracelet en silicone. Le bo\u00eetier de la montre contient un mouvement et un cristal min\u00e9ral. La montre est \u00e9tanche \u00e0 5ATM. Cela signifie que la montre est \u00e9tanche pour la douche. La montre\u2026","rel":"","context":"Article similaire","block_context":{"text":"Article similaire","link":""},"img":{"alt_text":"","src":"https:\/\/i0.wp.com\/r-mboutique.com\/wp-content\/uploads\/2022\/03\/6d20466b-97d8-423d-a9c6-834002709577.jpeg?fit=1200%2C1200&ssl=1&resize=350%2C200","width":350,"height":200,"srcset":"https:\/\/i0.wp.com\/r-mboutique.com\/wp-content\/uploads\/2022\/03\/6d20466b-97d8-423d-a9c6-834002709577.jpeg?fit=1200%2C1200&ssl=1&resize=350%2C200 1x, https:\/\/i0.wp.com\/r-mboutique.com\/wp-content\/uploads\/2022\/03\/6d20466b-97d8-423d-a9c6-834002709577.jpeg?fit=1200%2C1200&ssl=1&resize=525%2C300 1.5x, https:\/\/i0.wp.com\/r-mboutique.com\/wp-content\/uploads\/2022\/03\/6d20466b-97d8-423d-a9c6-834002709577.jpeg?fit=1200%2C1200&ssl=1&resize=700%2C400 2x, https:\/\/i0.wp.com\/r-mboutique.com\/wp-content\/uploads\/2022\/03\/6d20466b-97d8-423d-a9c6-834002709577.jpeg?fit=1200%2C1200&ssl=1&resize=1050%2C600 3x"},"classes":[]},{"id":2376,"url":"https:\/\/r-mboutique.com\/index.php\/product\/casio-mtp-1314d-7av\/","url_meta":{"origin":7756,"position":3},"title":"Casio MTP-1314D-7AV","author":"Ramzi Merabtine","date":"10\/31\/2021","format":false,"excerpt":"Montre Homme \u2013 Dimensions (HxLxD):\u00a050 x 44.9 x 9.4 mm\u00a0\u2013 Affichage de la date\u00a0\u2013\u00a0Pile dur\u00e9 de vie:\u00a03 Ans \u2013 R\u00e9sistance \u00e0 l\u2019eau de 50 m\u00e8tres \u2013\u00a0Bo\u00eetier en laiton\u00a0\u2013 Bracelet en\u00a0Acier inoxydable \u2013\u00a0Verre min\u00e9ral \u2013\u00a0Fermoir \u00e0 cliquet\u00a0\u2013 Poids: 126 g","rel":"","context":"Article similaire","block_context":{"text":"Article similaire","link":""},"img":{"alt_text":"","src":"https:\/\/i0.wp.com\/r-mboutique.com\/wp-content\/uploads\/2021\/10\/img_3943.jpeg?fit=1200%2C1200&ssl=1&resize=350%2C200","width":350,"height":200,"srcset":"https:\/\/i0.wp.com\/r-mboutique.com\/wp-content\/uploads\/2021\/10\/img_3943.jpeg?fit=1200%2C1200&ssl=1&resize=350%2C200 1x, https:\/\/i0.wp.com\/r-mboutique.com\/wp-content\/uploads\/2021\/10\/img_3943.jpeg?fit=1200%2C1200&ssl=1&resize=525%2C300 1.5x, https:\/\/i0.wp.com\/r-mboutique.com\/wp-content\/uploads\/2021\/10\/img_3943.jpeg?fit=1200%2C1200&ssl=1&resize=700%2C400 2x, https:\/\/i0.wp.com\/r-mboutique.com\/wp-content\/uploads\/2021\/10\/img_3943.jpeg?fit=1200%2C1200&ssl=1&resize=1050%2C600 3x"},"classes":[]},{"id":2652,"url":"https:\/\/r-mboutique.com\/index.php\/product\/casio-mtp-1314l-7av\/","url_meta":{"origin":7756,"position":4},"title":"Casio MTP-1314L-7AV","author":"Ramzi Merabtine","date":"12\/01\/2021","format":false,"excerpt":"Sp\u00e9cifications Bo\u00eetier \/ lunette : Plaqu\u00e9 ionique Bracelet en cuir v\u00e9ritable Verre min\u00e9ral R\u00e9sistance \u00e0 l'eau de 50 m\u00e8tres Affichage de la date Comptabilisation r\u00e9guli\u00e8re du temps Analogique : 3 aiguilles (heure, minute, seconde) Pr\u00e9cision : \u00b120 secondes par mois Autonomie approximative de la batterie : 3 ans sur SR626SW","rel":"","context":"Article similaire","block_context":{"text":"Article similaire","link":""},"img":{"alt_text":"","src":"https:\/\/i0.wp.com\/r-mboutique.com\/wp-content\/uploads\/2021\/12\/61d54169-0d96-4976-b862-3d6b4cde51c5.jpeg?fit=1137%2C1137&ssl=1&resize=350%2C200","width":350,"height":200,"srcset":"https:\/\/i0.wp.com\/r-mboutique.com\/wp-content\/uploads\/2021\/12\/61d54169-0d96-4976-b862-3d6b4cde51c5.jpeg?fit=1137%2C1137&ssl=1&resize=350%2C200 1x, https:\/\/i0.wp.com\/r-mboutique.com\/wp-content\/uploads\/2021\/12\/61d54169-0d96-4976-b862-3d6b4cde51c5.jpeg?fit=1137%2C1137&ssl=1&resize=525%2C300 1.5x, https:\/\/i0.wp.com\/r-mboutique.com\/wp-content\/uploads\/2021\/12\/61d54169-0d96-4976-b862-3d6b4cde51c5.jpeg?fit=1137%2C1137&ssl=1&resize=700%2C400 2x, https:\/\/i0.wp.com\/r-mboutique.com\/wp-content\/uploads\/2021\/12\/61d54169-0d96-4976-b862-3d6b4cde51c5.jpeg?fit=1137%2C1137&ssl=1&resize=1050%2C600 3x"},"classes":[]},{"id":5754,"url":"https:\/\/r-mboutique.com\/index.php\/product\/casio-mwa-100h-7av\/","url_meta":{"origin":7756,"position":5},"title":"Casio MWA-100H-7AV","author":"Ramzi Merabtine","date":"06\/08\/2022","format":false,"excerpt":"Une version sportive d'un design classique pour une montre \u00e0 la fois fonctionnelle et \u00e9l\u00e9gante. Complet avec une r\u00e9sistance \u00e0 l'eau de 100 m\u00e8tres pour une douche et une baignade sans tracas et une lumi\u00e8re LED pour assurer une lecture facile dans les espaces clairs ou sombres. Pratique et \u00e9l\u00e9gant\u2026","rel":"","context":"Article similaire","block_context":{"text":"Article similaire","link":""},"img":{"alt_text":"","src":"https:\/\/i0.wp.com\/r-mboutique.com\/wp-content\/uploads\/2022\/06\/img_9632.jpeg?fit=683%2C683&ssl=1&resize=350%2C200","width":350,"height":200,"srcset":"https:\/\/i0.wp.com\/r-mboutique.com\/wp-content\/uploads\/2022\/06\/img_9632.jpeg?fit=683%2C683&ssl=1&resize=350%2C200 1x, https:\/\/i0.wp.com\/r-mboutique.com\/wp-content\/uploads\/2022\/06\/img_9632.jpeg?fit=683%2C683&ssl=1&resize=525%2C300 1.5x"},"classes":[]}],"_links":{"self":[{"href":"https:\/\/r-mboutique.com\/index.php\/wp-json\/wp\/v2\/product\/7756"}],"collection":[{"href":"https:\/\/r-mboutique.com\/index.php\/wp-json\/wp\/v2\/product"}],"about":[{"href":"https:\/\/r-mboutique.com\/index.php\/wp-json\/wp\/v2\/types\/product"}],"replies":[{"embeddable":true,"href":"https:\/\/r-mboutique.com\/index.php\/wp-json\/wp\/v2\/comments?post=7756"}],"wp:featuredmedia":[{"embeddable":true,"href":"https:\/\/r-mboutique.com\/index.php\/wp-json\/wp\/v2\/media\/7754"}],"wp:attachment":[{"href":"https:\/\/r-mboutique.com\/index.php\/wp-json\/wp\/v2\/media?parent=7756"}],"wp:term":[{"taxonomy":"product_cat","embeddable":true,"href":"https:\/\/r-mboutique.com\/index.php\/wp-json\/wp\/v2\/product_cat?post=7756"},{"taxonomy":"product_tag","embeddable":true,"href":"https:\/\/r-mboutique.com\/index.php\/wp-json\/wp\/v2\/product_tag?post=7756"}],"curies":[{"name":"wp","href":"https:\/\/api.w.org\/{rel}","templated":true}]}}