{"id":7769,"date":"2023-08-29T15:40:46","date_gmt":"2023-08-29T14:40:46","guid":{"rendered":"https:\/\/r-mboutique.com\/index.php\/product\/casio-lws-2200h-4av\/"},"modified":"2026-02-01T12:53:31","modified_gmt":"2026-02-01T11:53:31","slug":"casio-lws-2200h-4av","status":"publish","type":"product","link":"https:\/\/r-mboutique.com\/index.php\/product\/casio-lws-2200h-4av\/","title":{"rendered":"Casio LWS-2200H-4AV"},"content":{"rendered":"<p>Restez en phase et sur la bonne voie avec fonctionnalit\u00e9 et style.<\/p>\n<p>Prenez le contr\u00f4le avec le soutien dont vous avez besoin pour rester en bonne sant\u00e9 et g\u00e9rer votre exercice. Le tracker de pas compte automatiquement les pas d\u00e8s que vous commencez \u00e0 bouger, gr\u00e2ce \u00e0 l&#8217;acc\u00e9l\u00e9rom\u00e8tre \u00e0 3 axes. Enregistrez jusqu&#8217;\u00e0 200 temps au tour sur votre montre et suivez les temps de course tout en affichant l&#8217;heure actuelle simultan\u00e9ment. Les pas effectu\u00e9s sont affich\u00e9s dans un graphique \u00e0 barres facile \u00e0 lire, ainsi que les journaux de pas pass\u00e9s, les progr\u00e8s r\u00e9alis\u00e9s par rapport aux objectifs d&#8217;entra\u00eenement et d&#8217;autres donn\u00e9es. L&#8217;\u00e9clairage LED garantit que toutes ces informations sont clairement visibles au bout de vos doigts, m\u00eame la nuit&nbsp;!<\/p>\n<p>Des trous plus finement espac\u00e9s dans le bracelet permettent des ajustements subtils pour garantir un ajustement plus confortable et plus pr\u00e9cis. Et des d\u00e9tails tels que les boutons avant con\u00e7us pour une utilisation facile m\u00eame pendant la course feront certainement de cette montre un favori.<\/p>\n<p>Choisissez l\u2019une des trois couleurs simples pour une montre qui deviendra \u00e0 coup s\u00fbr votre accessoire de mode athl\u00e9tique pr\u00e9f\u00e9r\u00e9.<\/p>\n<h3><strong>Informations de base<\/strong><\/h3>\n<p>Taille du bo\u00eetier (L \u00d7 L \u00d7 H) : 42,6 \u00d7 37,6 \u00d7 11,9 mm<\/p>\n<p>Poids : 29g<\/p>\n<p>Mat\u00e9riau du bo\u00eetier et de la lunette<\/p>\n<p>R\u00e9sine<\/p>\n<p>R\u00e9sistance \u00e0 l&#8217;eau jusqu&#8217;\u00e0 100 m\u00e8tres<\/p>\n<p>Alimentation et autonomie de la batterie<\/p>\n<p>Environ. Autonomie de la pile : 2 ans sur CR1620<\/p>\n<h3>Fonctionnalit\u00e9 de capteur<\/h3>\n<p>Nombre de pas \u00e0 l&#8217;aide d&#8217;un capteur d&#8217;acc\u00e9l\u00e9ration \u00e0 3 axes&nbsp;: plage d&#8217;affichage du nombre de pas de 0 \u00e0 999&nbsp;999<\/p>\n<p>Affichage de l&#8217;historique du nombre de pas&nbsp;: donn\u00e9es quotidiennes (8 jours)<\/p>\n<p>Affichage de la progression de l&#8217;objectif de pas (plage de r\u00e9glage de l&#8217;objectif de nombre de pas&nbsp;: 1 000 \u00e0 50 000, incr\u00e9ments de 1 000 pas)<\/p>\n<p>Graphique du nombre de pas&nbsp;: nombre de pas horaires au cours des 7 derni\u00e8res heures sur un graphique \u00e0 6&nbsp;niveaux<\/p>\n<p>Indicateur de pas<\/p>\n<p>\u00c9conomie d&#8217;\u00e9nergie&nbsp;: entr\u00e9e automatique de l&#8217;\u00e9tat de veille du capteur apr\u00e8s une p\u00e9riode fixe de non-activit\u00e9<\/p>\n<h3><strong>Ext\u00e9rieur<\/strong><\/h3>\n<p>Verre en r\u00e9sine<\/p>\n<p>Taille de bracelet compatible : 125 \u00e0 180 mm<\/p>\n<h3><strong>Fonctionnalit\u00e9s de la montre<\/strong><\/h3>\n<p>Horaire international<\/p>\n<p>Double fuseau horaire (changement d&#8217;heure \u00e0 domicile)<\/p>\n<p>Chronom\u00e8tre 1\/100 seconde<\/p>\n<p>Capacit\u00e9 de mesure&nbsp;: 00&#8217;00&#8243;00~59&#8217;59&#8243;99 (pour les 60 premi\u00e8res minutes)<\/p>\n<p>1:00&#8217;00~23:59&#8217;59 (apr\u00e8s 60 minutes)<\/p>\n<p>Unit\u00e9 de mesure : 1\/100 seconde (pour les 60 premi\u00e8res minutes)<\/p>\n<p>1 seconde (apr\u00e8s 60 minutes)<\/p>\n<p>Capacit\u00e9 de m\u00e9moire&nbsp;: jusqu&#8217;\u00e0 200&nbsp;enregistrements (mois de d\u00e9but de mesure, date, heure, minute, temps au tour\/interm\u00e9diaire)<\/p>\n<p>Minuteur<\/p>\n<p>Compte \u00e0 rebours<\/p>\n<p>Unit\u00e9 de mesure : 1 seconde<\/p>\n<p>Plage de compte \u00e0 rebours&nbsp;: 60&nbsp;minutes<\/p>\n<p>Plage de r\u00e9glage de l&#8217;heure de d\u00e9but du compte \u00e0 rebours&nbsp;: 1 seconde \u00e0 60 minutes (incr\u00e9ments de 1 seconde et incr\u00e9ments de 1 minute)<\/p>\n<p>Alarme\/signal horaire<\/p>\n<p>5 alarmes quotidiennes<\/p>\n<p>Lumi\u00e8re LED<\/p>\n<p>Dur\u00e9e d&#8217;\u00e9clairage s\u00e9lectionnable (1,5 seconde ou 3 secondes), r\u00e9manence<\/p>\n<p>Couleur claire<\/p>\n<p>LED: Ambre<\/p>\n<p>Calendrier automatique complet (jusqu&#8217;\u00e0 l&#8217;ann\u00e9e 2099)<\/p>\n<p>Fonction muet<\/p>\n<p>Tonalit\u00e9 de fonctionnement des boutons marche\/arr\u00eat<\/p>\n<h3><strong>Pr\u00e9cision<\/strong><\/h3>\n<p>Pr\u00e9cision&nbsp;: \u00b130 secondes par mois<\/p>\n<p>Autres caract\u00e9ristiques<\/p>\n<p>Format 12\/24 heures<\/p>\n<p>Chronom\u00e9trage r\u00e9gulier&nbsp;:<\/p>\n<p>Heure, minute, seconde, apr\u00e8s-midi, ann\u00e9e, mois, date, jour<\/p>\n","protected":false},"excerpt":{"rendered":"<p>Restez en phase et sur la bonne voie avec fonctionnalit\u00e9 et style. Prenez le contr\u00f4le avec le soutien dont vous<\/p>\n","protected":false},"featured_media":7768,"comment_status":"open","ping_status":"closed","template":"","meta":{"om_disable_all_campaigns":false},"product_cat":[37,46,26,30],"product_tag":[],"jetpack-related-posts":[{"id":7773,"url":"https:\/\/r-mboutique.com\/index.php\/product\/casio-lws-2200h-8av\/","url_meta":{"origin":7769,"position":0},"title":"Casio LWS-2200H-8AV","author":"Ramzi Merabtine","date":"08\/29\/2023","format":false,"excerpt":"Restez en phase et sur la bonne voie avec fonctionnalit\u00e9 et style. Prenez le contr\u00f4le avec le soutien dont vous avez besoin pour rester en bonne sant\u00e9 et g\u00e9rer votre exercice. Le tracker de pas compte automatiquement les pas d\u00e8s que vous commencez \u00e0 bouger, gr\u00e2ce \u00e0 l\u2019acc\u00e9l\u00e9rom\u00e8tre \u00e0 3\u2026","rel":"","context":"Article similaire","block_context":{"text":"Article similaire","link":""},"img":{"alt_text":"","src":"https:\/\/i0.wp.com\/r-mboutique.com\/wp-content\/uploads\/2023\/08\/img_5822.jpeg?fit=1161%2C1161&ssl=1&resize=350%2C200","width":350,"height":200,"srcset":"https:\/\/i0.wp.com\/r-mboutique.com\/wp-content\/uploads\/2023\/08\/img_5822.jpeg?fit=1161%2C1161&ssl=1&resize=350%2C200 1x, https:\/\/i0.wp.com\/r-mboutique.com\/wp-content\/uploads\/2023\/08\/img_5822.jpeg?fit=1161%2C1161&ssl=1&resize=525%2C300 1.5x, https:\/\/i0.wp.com\/r-mboutique.com\/wp-content\/uploads\/2023\/08\/img_5822.jpeg?fit=1161%2C1161&ssl=1&resize=700%2C400 2x, https:\/\/i0.wp.com\/r-mboutique.com\/wp-content\/uploads\/2023\/08\/img_5822.jpeg?fit=1161%2C1161&ssl=1&resize=1050%2C600 3x"},"classes":[]},{"id":2326,"url":"https:\/\/r-mboutique.com\/index.php\/product\/casio-retro-vintage\/","url_meta":{"origin":7769,"position":1},"title":"Casio r\u00e9tro Vintage A168WG-9","author":"Ramzi Merabtine","date":"10\/14\/2021","format":false,"excerpt":"Sp\u00e9cifications techniques Illuminateur Un panneau \u00e9lectroluminescent fait briller tout le visage pour une lecture facile. Fonction chronom\u00e8tre - 1\/100 sec. - 1 heure Le temps \u00e9coul\u00e9, le temps interm\u00e9diaire et le temps final sont mesur\u00e9s avec une pr\u00e9cision de 1\/100 s. La montre peut mesurer des temps allant jusqu'\u00e0 1\u2026","rel":"","context":"Article similaire","block_context":{"text":"Article similaire","link":""},"img":{"alt_text":"","src":"https:\/\/i0.wp.com\/r-mboutique.com\/wp-content\/uploads\/2021\/10\/img_3672.jpeg?fit=500%2C500&ssl=1&resize=350%2C200","width":350,"height":200},"classes":[]},{"id":2333,"url":"https:\/\/r-mboutique.com\/index.php\/product\/casio-edgy-vintage\/","url_meta":{"origin":7769,"position":2},"title":"Casio Edgy Vintage B640WB-1A","author":"Ramzi Merabtine","date":"10\/14\/2021","format":false,"excerpt":"D\u00c9TAILS \/ SP\u00c9CIFICATIONS Alarme multiple, bip horaire Vous pouvez programmer une alarme quotidienne (r\u00e9glage de l'heure uniquement) ou une alarme pour un jour et une heure sp\u00e9cifiques (r\u00e9glage du mois, du jour et de l'heure). La valeur indiqu\u00e9e correspond au nombre d'alarmes multiples disponibles. Si la fonction de bip horaire\u2026","rel":"","context":"Article similaire","block_context":{"text":"Article similaire","link":""},"img":{"alt_text":"","src":"https:\/\/i0.wp.com\/r-mboutique.com\/wp-content\/uploads\/2021\/10\/img_3686.jpeg?fit=500%2C500&ssl=1&resize=350%2C200","width":350,"height":200},"classes":[]},{"id":7583,"url":"https:\/\/r-mboutique.com\/index.php\/product\/casio-edgy-vintage-b640wcg-5\/","url_meta":{"origin":7769,"position":3},"title":"Casio Edgy Vintage B640WCG-5","author":"Ramzi Merabtine","date":"08\/09\/2023","format":false,"excerpt":"D\u00c9TAILS \/ SP\u00c9CIFICATIONS Alarme multiple, bip horaire Vous pouvez programmer une alarme quotidienne (r\u00e9glage de l\u2019heure uniquement) ou une alarme pour un jour et une heure sp\u00e9cifiques (r\u00e9glage du mois, du jour et de l\u2019heure). La valeur indiqu\u00e9e correspond au nombre d\u2019alarmes multiples disponibles. Si la fonction de bip horaire\u2026","rel":"","context":"Article similaire","block_context":{"text":"Article similaire","link":""},"img":{"alt_text":"","src":"https:\/\/i0.wp.com\/r-mboutique.com\/wp-content\/uploads\/2023\/08\/img_5213.jpeg?fit=525%2C525&ssl=1&resize=350%2C200","width":350,"height":200,"srcset":"https:\/\/i0.wp.com\/r-mboutique.com\/wp-content\/uploads\/2023\/08\/img_5213.jpeg?fit=525%2C525&ssl=1&resize=350%2C200 1x, https:\/\/i0.wp.com\/r-mboutique.com\/wp-content\/uploads\/2023\/08\/img_5213.jpeg?fit=525%2C525&ssl=1&resize=525%2C300 1.5x"},"classes":[]},{"id":6074,"url":"https:\/\/r-mboutique.com\/index.php\/product\/casio-w-219h-1avef\/","url_meta":{"origin":7769,"position":4},"title":"Casio W-219H-1AVEF","author":"Ramzi Merabtine","date":"08\/05\/2022","format":false,"excerpt":"SP\u00c9CIFICATIONS Alarme quotidienne Une alarme sonore vous rappelle quotidiennement vos \u00e9ch\u00e9ances \u00e0 l'heure programm\u00e9e.\u00a0 Bracelet en r\u00e9sine Gr\u00e2ce \u00e0 son extr\u00eame durabilit\u00e9 et sa souplesse, la r\u00e9sine synth\u00e9tique constitue un mat\u00e9riau id\u00e9al pour les bracelets.\u00a0 7\u00a0ans - 1\u00a0pile La pile procure \u00e0 la montre l'\u00e9nergie n\u00e9cessaire pendant env. 7\u00a0ans.\u00a0 \u00c9clairage\u2026","rel":"","context":"Article similaire","block_context":{"text":"Article similaire","link":""},"img":{"alt_text":"","src":"https:\/\/i0.wp.com\/r-mboutique.com\/wp-content\/uploads\/2022\/08\/img_0374.jpeg?fit=1140%2C1140&ssl=1&resize=350%2C200","width":350,"height":200,"srcset":"https:\/\/i0.wp.com\/r-mboutique.com\/wp-content\/uploads\/2022\/08\/img_0374.jpeg?fit=1140%2C1140&ssl=1&resize=350%2C200 1x, https:\/\/i0.wp.com\/r-mboutique.com\/wp-content\/uploads\/2022\/08\/img_0374.jpeg?fit=1140%2C1140&ssl=1&resize=525%2C300 1.5x, https:\/\/i0.wp.com\/r-mboutique.com\/wp-content\/uploads\/2022\/08\/img_0374.jpeg?fit=1140%2C1140&ssl=1&resize=700%2C400 2x, https:\/\/i0.wp.com\/r-mboutique.com\/wp-content\/uploads\/2022\/08\/img_0374.jpeg?fit=1140%2C1140&ssl=1&resize=1050%2C600 3x"},"classes":[]},{"id":6056,"url":"https:\/\/r-mboutique.com\/index.php\/product\/casio-w-219h-2a2vef\/","url_meta":{"origin":7769,"position":5},"title":"Casio W-219H-2A2VEF","author":"Ramzi Merabtine","date":"08\/05\/2022","format":false,"excerpt":"SP\u00c9CIFICATIONS Alarme quotidienne Une alarme sonore vous rappelle quotidiennement vos \u00e9ch\u00e9ances \u00e0 l'heure programm\u00e9e.\u00a0 Bracelet en r\u00e9sine Gr\u00e2ce \u00e0 son extr\u00eame durabilit\u00e9 et sa souplesse, la r\u00e9sine synth\u00e9tique constitue un mat\u00e9riau id\u00e9al pour les bracelets.\u00a0 7\u00a0ans - 1\u00a0pile La pile procure \u00e0 la montre l'\u00e9nergie n\u00e9cessaire pendant env. 7\u00a0ans.\u00a0 \u00c9clairage\u2026","rel":"","context":"Article similaire","block_context":{"text":"Article similaire","link":""},"img":{"alt_text":"","src":"https:\/\/i0.wp.com\/r-mboutique.com\/wp-content\/uploads\/2022\/08\/img_0376-1-3.jpeg?fit=1182%2C1182&ssl=1&resize=350%2C200","width":350,"height":200,"srcset":"https:\/\/i0.wp.com\/r-mboutique.com\/wp-content\/uploads\/2022\/08\/img_0376-1-3.jpeg?fit=1182%2C1182&ssl=1&resize=350%2C200 1x, https:\/\/i0.wp.com\/r-mboutique.com\/wp-content\/uploads\/2022\/08\/img_0376-1-3.jpeg?fit=1182%2C1182&ssl=1&resize=525%2C300 1.5x, https:\/\/i0.wp.com\/r-mboutique.com\/wp-content\/uploads\/2022\/08\/img_0376-1-3.jpeg?fit=1182%2C1182&ssl=1&resize=700%2C400 2x, https:\/\/i0.wp.com\/r-mboutique.com\/wp-content\/uploads\/2022\/08\/img_0376-1-3.jpeg?fit=1182%2C1182&ssl=1&resize=1050%2C600 3x"},"classes":[]}],"_links":{"self":[{"href":"https:\/\/r-mboutique.com\/index.php\/wp-json\/wp\/v2\/product\/7769"}],"collection":[{"href":"https:\/\/r-mboutique.com\/index.php\/wp-json\/wp\/v2\/product"}],"about":[{"href":"https:\/\/r-mboutique.com\/index.php\/wp-json\/wp\/v2\/types\/product"}],"replies":[{"embeddable":true,"href":"https:\/\/r-mboutique.com\/index.php\/wp-json\/wp\/v2\/comments?post=7769"}],"wp:featuredmedia":[{"embeddable":true,"href":"https:\/\/r-mboutique.com\/index.php\/wp-json\/wp\/v2\/media\/7768"}],"wp:attachment":[{"href":"https:\/\/r-mboutique.com\/index.php\/wp-json\/wp\/v2\/media?parent=7769"}],"wp:term":[{"taxonomy":"product_cat","embeddable":true,"href":"https:\/\/r-mboutique.com\/index.php\/wp-json\/wp\/v2\/product_cat?post=7769"},{"taxonomy":"product_tag","embeddable":true,"href":"https:\/\/r-mboutique.com\/index.php\/wp-json\/wp\/v2\/product_tag?post=7769"}],"curies":[{"name":"wp","href":"https:\/\/api.w.org\/{rel}","templated":true}]}}