{"id":7868,"date":"2023-09-27T18:37:41","date_gmt":"2023-09-27T17:37:41","guid":{"rendered":"https:\/\/r-mboutique.com\/index.php\/product\/casio-mrw-210h-5av\/"},"modified":"2025-09-18T06:20:13","modified_gmt":"2025-09-18T05:20:13","slug":"casio-mrw-210h-5av","status":"publish","type":"product","link":"https:\/\/r-mboutique.com\/index.php\/product\/casio-mrw-210h-5av\/","title":{"rendered":"Casio MRW-210H-5AV"},"content":{"rendered":"<p><span>Cette montre simple et sportive au design audacieux et aux fonctionnalit\u00e9s pratiques que vous recherchez. Gr\u00e2ce \u00e0 sa r\u00e9sistance \u00e0 l&#8217;eau jusqu&#8217;\u00e0 100 m\u00e8tres, lib\u00e9rez-vous de toutes vos inqui\u00e9tudes lorsque vous \u00eates sous la pluie ou que vous faites la vaisselle. L&#8217;affichage du jour et de la date, tr\u00e8s lisible, vous permet de travailler au maximum tout au long de la journ\u00e9e.<\/span><\/p>\n<h3><strong>Informations de base : <\/strong><\/h3>\n<div class=\"p-product_detail-spec-accordion__item\" data-cmp-hook-accordion=\"item\">\n<div data-cmp-hook-accordion=\"panel\" class=\"p-product_detail-spec-accordion__panel p-product_detail-spec-accordion__panel--hidden\" aria-hidden=\"false\" style=\"overflow: hidden;height: 440px\">\n<ul class=\"p-product_detail-spec-accordion__panel-inner\" style=\"margin: 0px auto 0px 0px;padding-left: 0px;width: 386.9375px;flex-flow: column wrap;justify-content: space-between;padding-bottom: 5px\">\n<li class=\"p-product_detail-spec-accordion__panel-item\" style=\"margin-left: auto;list-style-type: none;width: 321.15625px;border-top-width: medium;border-top-style: none;border-top-color: currentcolor;padding: 8.046875px 0px;margin-right: auto\">\n<div class=\"p-product_detail-spec-accordion__panel-item-ttl\" style=\"font-size: 3.2vw;margin-bottom: 10px;align-content: center\">\n<h4 style=\"margin: 0px;padding: 0px;line-height: 1.5\">Taille du bo\u00eetier (L\u00d7 l\u00d7 H)<\/h4>\n<\/div>\n<\/li>\n<li class=\"p-product_detail-spec-accordion__panel-item\" style=\"margin-left: auto;list-style-type: none;width: 321.15625px;border-top-width: medium;border-top-style: none;border-top-color: currentcolor;padding: 8.046875px 0px;margin-right: auto\">\n<div class=\"p-product_detail-spec-accordion__panel-item-cont\" style=\"font-size: 3.2vw;font-weight: 700\"><strong>55 \u00d7 52.6 \u00d7 14.2 mm<\/strong><\/div>\n<\/li>\n<li class=\"p-product_detail-spec-accordion__panel-item\" style=\"margin-left: auto;list-style-type: none;width: 321.15625px;border-top-width: 1px;border-top-style: solid;padding: 8.046875px 0px;margin-right: auto\">\n<div class=\"p-product_detail-spec-accordion__panel-item-ttl\" style=\"font-size: 3.2vw;margin-bottom: 10px;align-content: center\">\n<h4 style=\"margin: 0px;padding: 0px;line-height: 1.5\">Poids<\/h4>\n<\/div>\n<\/li>\n<li class=\"p-product_detail-spec-accordion__panel-item\" style=\"margin-left: auto;list-style-type: none;width: 321.15625px;border-top-width: 1px;border-top-style: solid;padding: 8.046875px 0px;margin-right: auto\">\n<div class=\"p-product_detail-spec-accordion__panel-item-cont\" style=\"font-size: 3.2vw;font-weight: 700\"><strong>61 g<\/strong><\/div>\n<\/li>\n<li class=\"p-product_detail-spec-accordion__panel-item\" style=\"margin-left: auto;list-style-type: none;width: 321.15625px;border-top-width: 1px;border-top-style: solid;padding: 8.046875px 0px;margin-right: auto\">\n<div class=\"p-product_detail-spec-accordion__panel-item-ttl\" style=\"font-size: 3.2vw;margin-bottom: 10px;align-content: center\">\n<h4 style=\"margin: 0px;padding: 0px;line-height: 1.5\">Mat\u00e9riau du bo\u00eetier et du cadre<\/h4>\n<\/div>\n<\/li>\n<li class=\"p-product_detail-spec-accordion__panel-item\" style=\"margin-left: auto;list-style-type: none;width: 321.15625px;border-top-width: 1px;border-top-style: solid;padding: 8.046875px 0px;margin-right: auto\">\n<div class=\"p-product_detail-spec-accordion__panel-item-cont\" style=\"font-size: 3.2vw;font-weight: 700\"><strong>R\u00e9sine<\/strong><\/div>\n<\/li>\n<li class=\"p-product_detail-spec-accordion__panel-item\" style=\"margin-left: auto;list-style-type: none;width: 321.15625px;border-top-width: 1px;border-top-style: solid;padding: 8.046875px 0px;margin-right: auto\">\n<div class=\"p-product_detail-spec-accordion__panel-item-ttl\" style=\"font-size: 3.2vw;margin-bottom: 10px;align-content: center\">\n<h4 style=\"margin: 0px;padding: 0px;line-height: 1.5\">Bracelet<\/h4>\n<\/div>\n<\/li>\n<li class=\"p-product_detail-spec-accordion__panel-item\" style=\"margin-left: auto;list-style-type: none;width: 321.15625px;border-top-width: 1px;border-top-style: solid;padding: 8.046875px 0px;margin-right: auto\">\n<div class=\"p-product_detail-spec-accordion__panel-item-cont\" style=\"font-size: 3.2vw;font-weight: 700\"><strong>Bracelet en r\u00e9sine<\/strong><\/div>\n<\/li>\n<li class=\"p-product_detail-spec-accordion__panel-item\" style=\"margin-left: auto;list-style-type: none;width: 321.15625px;border-top-width: 1px;border-top-style: solid;padding: 8.046875px 0px;margin-right: auto\">\n<div class=\"p-product_detail-spec-accordion__panel-item-ttl\" style=\"font-size: 3.2vw;margin-bottom: 10px;align-content: center\">\n<h4 style=\"margin: 0px;padding: 0px;line-height: 1.5\">\u00c9tanch\u00e9it\u00e9<\/h4>\n<\/div>\n<\/li>\n<li class=\"p-product_detail-spec-accordion__panel-item\" style=\"margin-left: auto;list-style-type: none;width: 321.15625px;border-top-width: 1px;border-top-style: solid;padding: 8.046875px 0px;margin-right: auto\">\n<div class=\"p-product_detail-spec-accordion__panel-item-cont\" style=\"font-size: 3.2vw;font-weight: 700\"><strong>\u00c9tanche jusqu&#8217;\u00e0 10 bar<\/strong><\/div>\n<\/li>\n<li class=\"p-product_detail-spec-accordion__panel-item\" style=\"margin-left: auto;list-style-type: none;width: 321.15625px;border-top-width: 1px;border-top-style: solid;padding: 8.046875px 0px;margin-right: auto\">\n<div class=\"p-product_detail-spec-accordion__panel-item-ttl\" style=\"font-size: 3.2vw;margin-bottom: 10px;align-content: center\">\n<h4 style=\"margin: 0px;padding: 0px;line-height: 1.5\">Alimentation et autonomie de la batterie<\/h4>\n<\/div>\n<\/li>\n<li class=\"p-product_detail-spec-accordion__panel-item\" style=\"margin-left: auto;list-style-type: none;width: 321.15625px;border-top-width: 1px;border-top-style: solid;padding: 8.046875px 0px;margin-right: auto\">\n<div class=\"p-product_detail-spec-accordion__panel-item-cont\" style=\"font-size: 3.2vw;font-weight: 700\"><strong>Autonomie approximative de la batterie&nbsp;: 3&nbsp;ans sur SR927SW<\/strong><\/div>\n<\/li>\n<\/ul>\n<\/div>\n<\/div>\n<div class=\"p-product_detail-spec-accordion__item\" data-cmp-hook-accordion=\"item\">\n<h3 class=\"p-product_detail-spec-accordion__header is-open\" style=\"margin: 0px;padding: 5.33333vw 0px;line-height: 1\">Ext\u00e9rieur :<\/h3>\n<div data-cmp-hook-accordion=\"panel\" class=\"p-product_detail-spec-accordion__panel p-product_detail-spec-accordion__panel--hidden\" aria-hidden=\"false\" style=\"overflow: hidden;height: 142px\">\n<ul class=\"p-product_detail-spec-accordion__panel-inner\" style=\"margin: 0px auto 0px 0px;padding-left: 0px;width: 386.9375px;flex-flow: column wrap;justify-content: space-between;padding-bottom: 5px\">\n<li class=\"p-product_detail-spec-accordion__panel-item\" style=\"margin-left: auto;list-style-type: none;width: 321.15625px;border-top-width: medium;border-top-style: none;border-top-color: currentcolor;padding: 8.046875px 0px;margin-right: auto\">\n<div class=\"p-product_detail-spec-accordion__panel-item-ttl\" style=\"font-size: 3.2vw;margin-bottom: 10px;align-content: center\">\n<h4 style=\"margin: 0px;padding: 0px;line-height: 1.5\">Verre<\/h4>\n<\/div>\n<\/li>\n<li class=\"p-product_detail-spec-accordion__panel-item\" style=\"margin-left: auto;list-style-type: none;width: 321.15625px;border-top-width: medium;border-top-style: none;border-top-color: currentcolor;padding: 8.046875px 0px;margin-right: auto\">\n<div class=\"p-product_detail-spec-accordion__panel-item-cont\" style=\"font-size: 3.2vw;font-weight: 700\"><strong>Verre en r\u00e9sine<\/strong><\/div>\n<\/li>\n<li class=\"p-product_detail-spec-accordion__panel-item\" style=\"margin-left: auto;list-style-type: none;width: 321.15625px;border-top-width: 1px;border-top-style: solid;padding: 8.046875px 0px;margin-right: auto\">\n<div class=\"p-product_detail-spec-accordion__panel-item-ttl\" style=\"font-size: 3.2vw;margin-bottom: 10px;align-content: center\">\n<h4 style=\"margin: 0px;padding: 0px;line-height: 1.5\">Fonctions de la lunette<\/h4>\n<\/div>\n<\/li>\n<li class=\"p-product_detail-spec-accordion__panel-item\" style=\"margin-left: auto;list-style-type: none;width: 321.15625px;border-top-width: 1px;border-top-style: solid;padding: 8.046875px 0px;margin-right: auto\">\n<div class=\"p-product_detail-spec-accordion__panel-item-cont\" style=\"font-size: 3.2vw;font-weight: 700\"><strong>Lunette de minuterie<\/strong><\/div>\n<\/li>\n<\/ul>\n<\/div>\n<\/div>\n<div class=\"p-product_detail-spec-accordion__item\" data-cmp-hook-accordion=\"item\">\n<h3 class=\"p-product_detail-spec-accordion__header is-open\" style=\"margin: 0px;padding: 5.33333vw 0px;line-height: 1\">Fonctions de la montre :<\/h3>\n<div data-cmp-hook-accordion=\"panel\" class=\"p-product_detail-spec-accordion__panel p-product_detail-spec-accordion__panel--hidden\" aria-hidden=\"false\" style=\"overflow: hidden;height: 184px\">\n<ul class=\"p-product_detail-spec-accordion__panel-inner\" style=\"margin: 0px auto 0px 0px;padding-left: 0px;width: 386.9375px;flex-flow: column wrap;justify-content: space-between;padding-bottom: 5px\">\n<li class=\"p-product_detail-spec-accordion__panel-item\" style=\"margin-left: auto;list-style-type: none;width: 321.15625px;border-top-width: medium;border-top-style: none;border-top-color: currentcolor;padding: 8.046875px 0px;margin-right: auto\">\n<div class=\"p-product_detail-spec-accordion__panel-item-ttl\" style=\"font-size: 3.2vw;margin-bottom: 10px;align-content: center\">\n<h4 style=\"margin: 0px;padding: 0px;line-height: 1.5\">Pr\u00e9cision<\/h4>\n<\/div>\n<\/li>\n<li class=\"p-product_detail-spec-accordion__panel-item\" style=\"margin-left: auto;list-style-type: none;width: 321.15625px;border-top-width: medium;border-top-style: none;border-top-color: currentcolor;padding: 8.046875px 0px;margin-right: auto\">\n<div class=\"p-product_detail-spec-accordion__panel-item-cont\" style=\"font-size: 3.2vw;font-weight: 700\"><strong>Pr\u00e9cision&nbsp;: \u00b120&nbsp;secondes par mois<\/strong><\/div>\n<\/li>\n<li class=\"p-product_detail-spec-accordion__panel-item\" style=\"margin-left: auto;list-style-type: none;width: 321.15625px;border-top-width: 1px;border-top-style: solid;padding: 8.046875px 0px;margin-right: auto\">\n<div class=\"p-product_detail-spec-accordion__panel-item-ttl\" style=\"font-size: 3.2vw;margin-bottom: 10px;align-content: center\">\n<h4 style=\"margin: 0px;padding: 0px;line-height: 1.5\">Autres fonctions<\/h4>\n<\/div>\n<\/li>\n<li class=\"p-product_detail-spec-accordion__panel-item\" style=\"margin-left: auto;list-style-type: none;width: 321.15625px;border-top-width: 1px;border-top-style: solid;padding: 8.046875px 0px;margin-right: auto\">\n<div class=\"p-product_detail-spec-accordion__panel-item-cont\" style=\"font-size: 3.2vw;font-weight: 700\"><strong>Indication de l&#8217;heure standard&nbsp;:<br \/>\nAnalogique&nbsp;: 3&nbsp;aiguilles (heure, minute, seconde)<\/strong><\/div>\n<\/li>\n<li class=\"p-product_detail-spec-accordion__panel-item\" style=\"margin-left: auto;list-style-type: none;width: 321.15625px;border-top-width: 1px;border-top-style: solid;padding: 8.046875px 0px;margin-right: auto\">\n<div class=\"p-product_detail-spec-accordion__panel-item-cont\" style=\"font-size: 3.2vw;font-weight: 700\"><strong>Affichage du jour et de la date<\/strong><\/div>\n<\/li>\n<\/ul>\n<\/div>\n<\/div>\n","protected":false},"excerpt":{"rendered":"<p>Cette montre simple et sportive au design audacieux et aux fonctionnalit\u00e9s pratiques que vous recherchez. Gr\u00e2ce \u00e0 sa r\u00e9sistance \u00e0<\/p>\n","protected":false},"featured_media":7866,"comment_status":"open","ping_status":"closed","template":"","meta":{"om_disable_all_campaigns":false},"product_cat":[37,46,26,28],"product_tag":[],"jetpack-related-posts":[{"id":5764,"url":"https:\/\/r-mboutique.com\/index.php\/product\/casio-ws-1300h-8av\/","url_meta":{"origin":7868,"position":0},"title":"Casio WS-1300H-8AV","author":"Ramzi Merabtine","date":"06\/10\/2022","format":false,"excerpt":"Les amateurs d'eau en prennent note ! Le compagnon id\u00e9al pour tous ceux qui pratiquent les sports nautiques. Ces montres commencent par un design ext\u00e9rieur durable, une r\u00e9sistance \u00e0 l'eau de 100 m\u00e8tres et une autonomie de batterie de 10 ans. Ajoutez ensuite un graphique des mar\u00e9es int\u00e9gr\u00e9, des donn\u00e9es\u2026","rel":"","context":"Article similaire","block_context":{"text":"Article similaire","link":""},"img":{"alt_text":"","src":"https:\/\/i0.wp.com\/r-mboutique.com\/wp-content\/uploads\/2022\/06\/img_9689.jpeg?fit=620%2C620&ssl=1&resize=350%2C200","width":350,"height":200,"srcset":"https:\/\/i0.wp.com\/r-mboutique.com\/wp-content\/uploads\/2022\/06\/img_9689.jpeg?fit=620%2C620&ssl=1&resize=350%2C200 1x, https:\/\/i0.wp.com\/r-mboutique.com\/wp-content\/uploads\/2022\/06\/img_9689.jpeg?fit=620%2C620&ssl=1&resize=525%2C300 1.5x"},"classes":[]},{"id":5769,"url":"https:\/\/r-mboutique.com\/index.php\/product\/casio-ws-1300h-2av\/","url_meta":{"origin":7868,"position":1},"title":"Casio WS-1300H-2AV","author":"Ramzi Merabtine","date":"06\/10\/2022","format":false,"excerpt":"Les amateurs d'eau en prennent note ! Le compagnon id\u00e9al pour tous ceux qui pratiquent les sports nautiques. Ces montres commencent par un design ext\u00e9rieur durable, une r\u00e9sistance \u00e0 l'eau de 100 m\u00e8tres et une autonomie de batterie de 10 ans. Ajoutez ensuite un graphique des mar\u00e9es int\u00e9gr\u00e9, des donn\u00e9es\u2026","rel":"","context":"Article similaire","block_context":{"text":"Article similaire","link":""},"img":{"alt_text":"","src":"https:\/\/i0.wp.com\/r-mboutique.com\/wp-content\/uploads\/2022\/06\/img_9691.jpeg?fit=624%2C624&ssl=1&resize=350%2C200","width":350,"height":200,"srcset":"https:\/\/i0.wp.com\/r-mboutique.com\/wp-content\/uploads\/2022\/06\/img_9691.jpeg?fit=624%2C624&ssl=1&resize=350%2C200 1x, https:\/\/i0.wp.com\/r-mboutique.com\/wp-content\/uploads\/2022\/06\/img_9691.jpeg?fit=624%2C624&ssl=1&resize=525%2C300 1.5x"},"classes":[]},{"id":5774,"url":"https:\/\/r-mboutique.com\/index.php\/product\/casio-ws-1300h-1av\/","url_meta":{"origin":7868,"position":2},"title":"Casio WS-1300H-1AV","author":"Ramzi Merabtine","date":"06\/10\/2022","format":false,"excerpt":"Les amateurs d'eau en prennent note ! Le compagnon id\u00e9al pour tous ceux qui pratiquent les sports nautiques. Ces montres commencent par un design ext\u00e9rieur durable, une r\u00e9sistance \u00e0 l'eau de 100 m\u00e8tres et une autonomie de batterie de 10 ans. Ajoutez ensuite un graphique des mar\u00e9es int\u00e9gr\u00e9, des donn\u00e9es\u2026","rel":"","context":"Article similaire","block_context":{"text":"Article similaire","link":""},"img":{"alt_text":"","src":"https:\/\/i0.wp.com\/r-mboutique.com\/wp-content\/uploads\/2022\/06\/img_9695.jpeg?fit=619%2C619&ssl=1&resize=350%2C200","width":350,"height":200,"srcset":"https:\/\/i0.wp.com\/r-mboutique.com\/wp-content\/uploads\/2022\/06\/img_9695.jpeg?fit=619%2C619&ssl=1&resize=350%2C200 1x, https:\/\/i0.wp.com\/r-mboutique.com\/wp-content\/uploads\/2022\/06\/img_9695.jpeg?fit=619%2C619&ssl=1&resize=525%2C300 1.5x"},"classes":[]},{"id":7470,"url":"https:\/\/r-mboutique.com\/index.php\/product\/casio-ws-1400h-1bvef\/","url_meta":{"origin":7868,"position":3},"title":"Casio WS-1400H-1BVEF","author":"Ramzi Merabtine","date":"07\/20\/2023","format":false,"excerpt":"Cette montre Casio a un bo\u00eetier plastique 44 mm en diam\u00e8tre et est \u00e9quip\u00e9e d'un bracelet R\u00e9sine. Le bo\u00eetier contient un mouvement Casio et la montre est dot\u00e9e d'un cristal Plexi.. La montre est 10 ATM. Cela signifie que la montre est adapt\u00e9e \u00e0 la natation. La montre est livr\u00e9e\u2026","rel":"","context":"Article similaire","block_context":{"text":"Article similaire","link":""},"img":{"alt_text":"","src":"https:\/\/i0.wp.com\/r-mboutique.com\/wp-content\/uploads\/2023\/07\/img_4720.jpeg?fit=1090%2C1090&ssl=1&resize=350%2C200","width":350,"height":200,"srcset":"https:\/\/i0.wp.com\/r-mboutique.com\/wp-content\/uploads\/2023\/07\/img_4720.jpeg?fit=1090%2C1090&ssl=1&resize=350%2C200 1x, https:\/\/i0.wp.com\/r-mboutique.com\/wp-content\/uploads\/2023\/07\/img_4720.jpeg?fit=1090%2C1090&ssl=1&resize=525%2C300 1.5x, https:\/\/i0.wp.com\/r-mboutique.com\/wp-content\/uploads\/2023\/07\/img_4720.jpeg?fit=1090%2C1090&ssl=1&resize=700%2C400 2x, https:\/\/i0.wp.com\/r-mboutique.com\/wp-content\/uploads\/2023\/07\/img_4720.jpeg?fit=1090%2C1090&ssl=1&resize=1050%2C600 3x"},"classes":[]},{"id":7475,"url":"https:\/\/r-mboutique.com\/index.php\/product\/casio-ws-1400h-3av\/","url_meta":{"origin":7868,"position":4},"title":"Casio WS-1400H-3AV","author":"Ramzi Merabtine","date":"07\/20\/2023","format":false,"excerpt":"Cette montre Casio a un bo\u00eetier plastique 44 mm en diam\u00e8tre et est \u00e9quip\u00e9e d\u2019un bracelet R\u00e9sine. Le bo\u00eetier contient un mouvement Casio et la montre est dot\u00e9e d\u2019un cristal Plexi.. La montre est 10 ATM. Cela signifie que la montre est adapt\u00e9e \u00e0 la natation.\u00a0La montre est livr\u00e9e avec\u2026","rel":"","context":"Article similaire","block_context":{"text":"Article similaire","link":""},"img":{"alt_text":"","src":"https:\/\/i0.wp.com\/r-mboutique.com\/wp-content\/uploads\/2023\/07\/img_4722.jpeg?fit=1087%2C1087&ssl=1&resize=350%2C200","width":350,"height":200,"srcset":"https:\/\/i0.wp.com\/r-mboutique.com\/wp-content\/uploads\/2023\/07\/img_4722.jpeg?fit=1087%2C1087&ssl=1&resize=350%2C200 1x, https:\/\/i0.wp.com\/r-mboutique.com\/wp-content\/uploads\/2023\/07\/img_4722.jpeg?fit=1087%2C1087&ssl=1&resize=525%2C300 1.5x, https:\/\/i0.wp.com\/r-mboutique.com\/wp-content\/uploads\/2023\/07\/img_4722.jpeg?fit=1087%2C1087&ssl=1&resize=700%2C400 2x, https:\/\/i0.wp.com\/r-mboutique.com\/wp-content\/uploads\/2023\/07\/img_4722.jpeg?fit=1087%2C1087&ssl=1&resize=1050%2C600 3x"},"classes":[]},{"id":2180,"url":"https:\/\/r-mboutique.com\/index.php\/product\/bernard-florentin-paris-marbre\/","url_meta":{"origin":7868,"position":5},"title":"Bernard Florentin Paris Marbr\u00e9","author":"Ramzi Merabtine","date":"10\/05\/2021","format":false,"excerpt":"Cette jolie montre a un boi\u0302tier noir de 38 Mm et un cadran marbre\u0301 avec indice plat le tout attache\u0301 avec un bracelet a\u0300 maille milanais qui ce finit par un fermoir a\u0300 clip coulissant Mouvement a\u0300 Quartz.","rel":"","context":"Article similaire","block_context":{"text":"Article similaire","link":""},"img":{"alt_text":"","src":"https:\/\/i0.wp.com\/r-mboutique.com\/wp-content\/uploads\/2021\/10\/img_3383.jpeg?fit=1200%2C1200&ssl=1&resize=350%2C200","width":350,"height":200,"srcset":"https:\/\/i0.wp.com\/r-mboutique.com\/wp-content\/uploads\/2021\/10\/img_3383.jpeg?fit=1200%2C1200&ssl=1&resize=350%2C200 1x, https:\/\/i0.wp.com\/r-mboutique.com\/wp-content\/uploads\/2021\/10\/img_3383.jpeg?fit=1200%2C1200&ssl=1&resize=525%2C300 1.5x, https:\/\/i0.wp.com\/r-mboutique.com\/wp-content\/uploads\/2021\/10\/img_3383.jpeg?fit=1200%2C1200&ssl=1&resize=700%2C400 2x, https:\/\/i0.wp.com\/r-mboutique.com\/wp-content\/uploads\/2021\/10\/img_3383.jpeg?fit=1200%2C1200&ssl=1&resize=1050%2C600 3x"},"classes":[]}],"_links":{"self":[{"href":"https:\/\/r-mboutique.com\/index.php\/wp-json\/wp\/v2\/product\/7868"}],"collection":[{"href":"https:\/\/r-mboutique.com\/index.php\/wp-json\/wp\/v2\/product"}],"about":[{"href":"https:\/\/r-mboutique.com\/index.php\/wp-json\/wp\/v2\/types\/product"}],"replies":[{"embeddable":true,"href":"https:\/\/r-mboutique.com\/index.php\/wp-json\/wp\/v2\/comments?post=7868"}],"wp:featuredmedia":[{"embeddable":true,"href":"https:\/\/r-mboutique.com\/index.php\/wp-json\/wp\/v2\/media\/7866"}],"wp:attachment":[{"href":"https:\/\/r-mboutique.com\/index.php\/wp-json\/wp\/v2\/media?parent=7868"}],"wp:term":[{"taxonomy":"product_cat","embeddable":true,"href":"https:\/\/r-mboutique.com\/index.php\/wp-json\/wp\/v2\/product_cat?post=7868"},{"taxonomy":"product_tag","embeddable":true,"href":"https:\/\/r-mboutique.com\/index.php\/wp-json\/wp\/v2\/product_tag?post=7868"}],"curies":[{"name":"wp","href":"https:\/\/api.w.org\/{rel}","templated":true}]}}