{"id":7876,"date":"2023-09-28T10:27:29","date_gmt":"2023-09-28T09:27:29","guid":{"rendered":"https:\/\/r-mboutique.com\/index.php\/product\/casio-mtp-1374d-5av\/"},"modified":"2026-02-01T12:51:45","modified_gmt":"2026-02-01T11:51:45","slug":"casio-mtp-1374d-5av","status":"publish","type":"product","link":"https:\/\/r-mboutique.com\/index.php\/product\/casio-mtp-1374d-5av\/","title":{"rendered":"Casio MTP-1374D-5AV"},"content":{"rendered":"<p><span style=\"margin: 0px;padding: 0px;border: 0px;font-style: inherit;font-weight: inherit;line-height: inherit;font-family: inherit;font-size: 14px;vertical-align: baseline\">Cette montre Casio \u00e0 un bo\u00eetier en acier inoxydable avec un diam\u00e8tre de 43,5mm et poss\u00e8de un bracelet en<\/span><span style=\"margin: 0px;padding: 0px;border: 0px;font-style: inherit;font-weight: inherit;line-height: inherit;font-family: inherit;font-size: 14px;vertical-align: baseline\"><span class=\"Apple-converted-space\">&nbsp;<\/span><\/span>m\u00e9tal<span style=\"margin: 0px;padding: 0px;border: 0px;font-style: inherit;font-weight: inherit;line-height: inherit;font-family: inherit;font-size: 14px;vertical-align: baseline\">. Le bo\u00eetier de la montre contient un mouvement et un cristal min\u00e9ral.<\/span><\/p>\n<p style=\"margin: 0px;padding: 0px;border: 0px;font-style: normal;font-weight: normal;line-height: inherit;font-family: Karla, Arial, Helvetica, sans-serif;font-size: 14px;vertical-align: baseline;letter-spacing: normal;text-align: start;text-indent: 0px;text-transform: none;text-decoration: none\"><span style=\"margin: 0px;padding: 0px;border: 0px;font-style: inherit;font-weight: inherit;line-height: inherit;font-family: inherit;font-size: 14px;vertical-align: baseline\">La montre est \u00e9tanche \u00e0 5ATM. Cela signifie que la montre est \u00e9tanche pour la douche. La montre est livr\u00e9e avec 1 ann\u00e9e de garantie valable dans le monde entier.<\/span><\/p>\n","protected":false},"excerpt":{"rendered":"<p>Cette montre Casio \u00e0 un bo\u00eetier en acier inoxydable avec un diam\u00e8tre de 43,5mm et poss\u00e8de un bracelet en&nbsp;m\u00e9tal. Le<\/p>\n","protected":false},"featured_media":7872,"comment_status":"open","ping_status":"closed","template":"","meta":{"om_disable_all_campaigns":false},"product_cat":[37,46,26,28],"product_tag":[],"jetpack-related-posts":[{"id":6152,"url":"https:\/\/r-mboutique.com\/index.php\/product\/casio-lwa-300hrg-5evef\/","url_meta":{"origin":7876,"position":0},"title":"Casio LWA-300HRG-5EVEF","author":"Ramzi Merabtine","date":"08\/18\/2022","format":false,"excerpt":"Cette montre Casio \u00e0 un bo\u00eetier en R\u00e9sine et acier avec un diam\u00e8tre de 42mm et poss\u00e8de un bracelet en R\u00e9sine. Le bo\u00eetier de la montre contient un mouvement et un cristal min\u00e9ral. La montre est \u00e9tanche \u00e0 10ATM. Cela signifie que la montre est \u00e9tanche pour nager.","rel":"","context":"Article similaire","block_context":{"text":"Article similaire","link":""},"img":{"alt_text":"","src":"https:\/\/i0.wp.com\/r-mboutique.com\/wp-content\/uploads\/2022\/08\/img_0593.jpeg?fit=500%2C500&ssl=1&resize=350%2C200","width":350,"height":200},"classes":[]},{"id":7678,"url":"https:\/\/r-mboutique.com\/index.php\/product\/casio-lwa-300h-7e2v\/","url_meta":{"origin":7876,"position":1},"title":"Casio LWA-300H-7E2V","author":"Ramzi Merabtine","date":"08\/23\/2023","format":false,"excerpt":"Cette montre Casio \u00e0 un bo\u00eetier en R\u00e9sine et acier avec un diam\u00e8tre de 42mm et poss\u00e8de un bracelet en R\u00e9sine. Le bo\u00eetier de la montre contient un mouvement et un cristal min\u00e9ral. La montre est \u00e9tanche \u00e0 10ATM. Cela signifie que la montre est \u00e9tanche pour nager.","rel":"","context":"Article similaire","block_context":{"text":"Article similaire","link":""},"img":{"alt_text":"","src":"https:\/\/i0.wp.com\/r-mboutique.com\/wp-content\/uploads\/2023\/08\/img_5583.jpeg?fit=1200%2C1200&ssl=1&resize=350%2C200","width":350,"height":200,"srcset":"https:\/\/i0.wp.com\/r-mboutique.com\/wp-content\/uploads\/2023\/08\/img_5583.jpeg?fit=1200%2C1200&ssl=1&resize=350%2C200 1x, https:\/\/i0.wp.com\/r-mboutique.com\/wp-content\/uploads\/2023\/08\/img_5583.jpeg?fit=1200%2C1200&ssl=1&resize=525%2C300 1.5x, https:\/\/i0.wp.com\/r-mboutique.com\/wp-content\/uploads\/2023\/08\/img_5583.jpeg?fit=1200%2C1200&ssl=1&resize=700%2C400 2x, https:\/\/i0.wp.com\/r-mboutique.com\/wp-content\/uploads\/2023\/08\/img_5583.jpeg?fit=1200%2C1200&ssl=1&resize=1050%2C600 3x"},"classes":[]},{"id":6107,"url":"https:\/\/r-mboutique.com\/index.php\/product\/casio-w-218hc-4avef\/","url_meta":{"origin":7876,"position":2},"title":"Casio W-218HC-4AVEF","author":"Ramzi Merabtine","date":"08\/14\/2022","format":false,"excerpt":"Cette montre Casio \u00e0 un bo\u00eetier en R\u00e9sine avec un diam\u00e8tre de 44mm et poss\u00e8de un bracelet en R\u00e9sine. Le bo\u00eetier de la montre contient un mouvement et un cristal Plexi. La montre est \u00e9tanche \u00e0 5ATM. Cela signifie que la montre est \u00e9tanche pour la douche.","rel":"","context":"Article similaire","block_context":{"text":"Article similaire","link":""},"img":{"alt_text":"","src":"https:\/\/i0.wp.com\/r-mboutique.com\/wp-content\/uploads\/2022\/08\/img_0583.jpeg?fit=500%2C500&ssl=1&resize=350%2C200","width":350,"height":200},"classes":[]},{"id":6115,"url":"https:\/\/r-mboutique.com\/index.php\/product\/casio-w-218hc-8avef\/","url_meta":{"origin":7876,"position":3},"title":"Casio W-218HC-8AVEF","author":"Ramzi Merabtine","date":"08\/14\/2022","format":false,"excerpt":"Cette montre Casio \u00e0 un bo\u00eetier en R\u00e9sine avec un diam\u00e8tre de 44mm et poss\u00e8de un bracelet en R\u00e9sine. Le bo\u00eetier de la montre contient un mouvement et un cristal Plexi. La montre est \u00e9tanche \u00e0 5ATM. Cela signifie que la montre est \u00e9tanche pour la douche.","rel":"","context":"Article similaire","block_context":{"text":"Article similaire","link":""},"img":{"alt_text":"","src":"https:\/\/i0.wp.com\/r-mboutique.com\/wp-content\/uploads\/2022\/08\/img_0582.jpeg?fit=500%2C500&ssl=1&resize=350%2C200","width":350,"height":200},"classes":[]},{"id":6126,"url":"https:\/\/r-mboutique.com\/index.php\/product\/casio-ltp-v006d-7budf\/","url_meta":{"origin":7876,"position":4},"title":"Casio LTP-V006D-7BUDF","author":"Ramzi Merabtine","date":"08\/17\/2022","format":false,"excerpt":"Cette montre casio \u00e0 un bo\u00eetier en acier inoxydable avec un diam\u00e8tre de 25mm et poss\u00e8de un bracelet en\u00a0acier. Le bo\u00eetier de la montre contient un mouvement et un cristal min\u00e9ral. La montre est \u00e9tanche \u00e0 5ATM. Cela signifie que la montre est \u00e9tanche pour la\u00a0douche.\u00a0","rel":"","context":"Article similaire","block_context":{"text":"Article similaire","link":""},"img":{"alt_text":"","src":"https:\/\/i0.wp.com\/r-mboutique.com\/wp-content\/uploads\/2022\/08\/img_0628.jpeg?fit=490%2C480&ssl=1&resize=350%2C200","width":350,"height":200},"classes":[]},{"id":6132,"url":"https:\/\/r-mboutique.com\/index.php\/product\/casio-ltp-v006d-4budf\/","url_meta":{"origin":7876,"position":5},"title":"Casio LTP-V006D-4BUDF","author":"Ramzi Merabtine","date":"08\/17\/2022","format":false,"excerpt":"Cette montre casio \u00e0 un bo\u00eetier en acier inoxydable avec un diam\u00e8tre de 25mm et poss\u00e8de un bracelet en\u00a0acier. Le bo\u00eetier de la montre contient un mouvement et un cristal min\u00e9ral. La montre est \u00e9tanche \u00e0 5ATM. Cela signifie que la montre est \u00e9tanche pour la\u00a0douche.\u00a0","rel":"","context":"Article similaire","block_context":{"text":"Article similaire","link":""},"img":{"alt_text":"","src":"https:\/\/i0.wp.com\/r-mboutique.com\/wp-content\/uploads\/2022\/08\/img_0627.jpeg?fit=600%2C600&ssl=1&resize=350%2C200","width":350,"height":200,"srcset":"https:\/\/i0.wp.com\/r-mboutique.com\/wp-content\/uploads\/2022\/08\/img_0627.jpeg?fit=600%2C600&ssl=1&resize=350%2C200 1x, https:\/\/i0.wp.com\/r-mboutique.com\/wp-content\/uploads\/2022\/08\/img_0627.jpeg?fit=600%2C600&ssl=1&resize=525%2C300 1.5x"},"classes":[]}],"_links":{"self":[{"href":"https:\/\/r-mboutique.com\/index.php\/wp-json\/wp\/v2\/product\/7876"}],"collection":[{"href":"https:\/\/r-mboutique.com\/index.php\/wp-json\/wp\/v2\/product"}],"about":[{"href":"https:\/\/r-mboutique.com\/index.php\/wp-json\/wp\/v2\/types\/product"}],"replies":[{"embeddable":true,"href":"https:\/\/r-mboutique.com\/index.php\/wp-json\/wp\/v2\/comments?post=7876"}],"wp:featuredmedia":[{"embeddable":true,"href":"https:\/\/r-mboutique.com\/index.php\/wp-json\/wp\/v2\/media\/7872"}],"wp:attachment":[{"href":"https:\/\/r-mboutique.com\/index.php\/wp-json\/wp\/v2\/media?parent=7876"}],"wp:term":[{"taxonomy":"product_cat","embeddable":true,"href":"https:\/\/r-mboutique.com\/index.php\/wp-json\/wp\/v2\/product_cat?post=7876"},{"taxonomy":"product_tag","embeddable":true,"href":"https:\/\/r-mboutique.com\/index.php\/wp-json\/wp\/v2\/product_tag?post=7876"}],"curies":[{"name":"wp","href":"https:\/\/api.w.org\/{rel}","templated":true}]}}