{"id":8024,"date":"2023-11-28T19:38:24","date_gmt":"2023-11-28T18:38:24","guid":{"rendered":"https:\/\/r-mboutique.com\/index.php\/product\/viceroy-colors-coffret-471143-37\/"},"modified":"2025-10-26T22:03:25","modified_gmt":"2025-10-26T21:03:25","slug":"viceroy-colors-coffret-471143-37","status":"publish","type":"product","link":"https:\/\/r-mboutique.com\/index.php\/product\/viceroy-colors-coffret-471143-37\/","title":{"rendered":"Viceroy Colors Coffret 471143-37"},"content":{"rendered":"<p><span style=\"margin: 0px;padding: 0px;border: 0px;font-style: inherit;font-weight: inherit;line-height: inherit;font-family: inherit;font-size: 14px;vertical-align: baseline\">Cette montre Viceroy \u00e0 un bo\u00eetier en acier inoxydable avec un diam\u00e8tre de 40mm et poss\u00e8de un bracelet en<\/span><span style=\"margin: 0px;padding: 0px;border: 0px;font-style: inherit;font-weight: inherit;line-height: inherit;font-family: inherit;font-size: 14px;vertical-align: baseline\"><span class=\"Apple-converted-space\" style=\"margin: 0px;padding: 0px;border: 0px;font-style: inherit;font-weight: inherit;line-height: inherit;font-family: inherit;font-size: 14px;vertical-align: baseline\">&nbsp;<\/span><\/span>Nat<span style=\"margin: 0px;padding: 0px;border: 0px;font-style: inherit;font-weight: inherit;line-height: inherit;font-family: inherit;font-size: 14px;vertical-align: baseline\">o cuir plus un <\/span>bracelet de rechange<span style=\"margin: 0px;padding: 0px;border: 0px;font-style: inherit;font-weight: inherit;line-height: inherit;font-family: inherit;font-size: 14px;vertical-align: baseline\"> en <\/span>silicone<span style=\"margin: 0px;padding: 0px;border: 0px;font-style: inherit;font-weight: inherit;line-height: inherit;font-family: inherit;font-size: 14px;vertical-align: baseline\">. Le bo\u00eetier de la montre contient un mouvement et un cristal min\u00e9ral.<\/span><\/p>\n<p style=\"margin: 0px;padding: 0px;border: 0px;font-style: normal;font-weight: normal;line-height: inherit;font-family: Karla, Arial, Helvetica, sans-serif;font-size: 14px;vertical-align: baseline;letter-spacing: normal;text-align: start;text-indent: 0px;text-transform: none;text-decoration: none\"><span style=\"margin: 0px;padding: 0px;border: 0px;font-style: inherit;font-weight: inherit;line-height: inherit;font-family: inherit;font-size: 14px;vertical-align: baseline\">La montre est \u00e9tanche \u00e0 5ATM. Cela signifie que la montre est \u00e9tanche pour la<\/span><span style=\"margin: 0px;padding: 0px;border: 0px;font-style: inherit;font-weight: inherit;line-height: inherit;font-family: inherit;font-size: 14px;vertical-align: baseline\"><span class=\"Apple-converted-space\">&nbsp;<\/span><\/span>douche<span style=\"margin: 0px;padding: 0px;border: 0px;font-style: inherit;font-weight: inherit;line-height: inherit;font-family: inherit;font-size: 14px;vertical-align: baseline\">.<\/span><span style=\"margin: 0px;padding: 0px;border: 0px;font-style: inherit;font-weight: inherit;line-height: inherit;font-family: inherit;font-size: 14px;vertical-align: baseline\"><span class=\"Apple-converted-space\" style=\"margin: 0px;padding: 0px;border: 0px;font-style: inherit;font-weight: inherit;line-height: inherit;font-family: inherit;font-size: 14px;vertical-align: baseline\">&nbsp;<\/span><\/span><\/p>\n<p style=\"margin: 0px;padding: 0px;border: 0px;font-style: normal;font-weight: normal;line-height: inherit;font-family: Karla, Arial, Helvetica, sans-serif;font-size: 14px;vertical-align: baseline;letter-spacing: normal;text-align: start;text-indent: 0px;text-transform: none;text-decoration: none\"><span style=\"margin: 0px;padding: 0px;border: 0px;font-style: inherit;font-weight: inherit;line-height: inherit;font-family: inherit;font-size: 14px;vertical-align: baseline\">La montre est livr\u00e9e avec 2 ann\u00e9es de garantie valable dans le monde entier.<\/span><\/p>\n","protected":false},"excerpt":{"rendered":"<p>Cette montre Viceroy \u00e0 un bo\u00eetier en acier inoxydable avec un diam\u00e8tre de 40mm et poss\u00e8de un bracelet en&nbsp;Nato cuir<\/p>\n","protected":false},"featured_media":8023,"comment_status":"open","ping_status":"closed","template":"","meta":{"om_disable_all_campaigns":false},"product_cat":[37,45,26,28],"product_tag":[],"jetpack-related-posts":[{"id":1843,"url":"https:\/\/r-mboutique.com\/index.php\/product\/viceroy-40151-57\/","url_meta":{"origin":8024,"position":0},"title":"Viceroy 40151-57","author":"Ramzi Merabtine","date":"09\/08\/2020","format":false,"excerpt":"401051-57 collection de montres homme Viceroy Antonio Banderas design sph\u00e8re en acier IP transparente. Man. Bo\u00eetier: acier inoxydable. Bracelet: Acier inoxydable. Mouvement: Quartz. Crystal: Mineral. Diam\u00e8tre du bo\u00eetier (mm): 41. Bo\u00eete Epaisseur: Largeur 11. Bracelet (mm)","rel":"","context":"Article similaire","block_context":{"text":"Article similaire","link":""},"img":{"alt_text":"","src":"https:\/\/i0.wp.com\/r-mboutique.com\/wp-content\/uploads\/2020\/09\/viceroy-401051-5701.jpg?fit=735%2C735&ssl=1&resize=350%2C200","width":350,"height":200,"srcset":"https:\/\/i0.wp.com\/r-mboutique.com\/wp-content\/uploads\/2020\/09\/viceroy-401051-5701.jpg?fit=735%2C735&ssl=1&resize=350%2C200 1x, https:\/\/i0.wp.com\/r-mboutique.com\/wp-content\/uploads\/2020\/09\/viceroy-401051-5701.jpg?fit=735%2C735&ssl=1&resize=525%2C300 1.5x, https:\/\/i0.wp.com\/r-mboutique.com\/wp-content\/uploads\/2020\/09\/viceroy-401051-5701.jpg?fit=735%2C735&ssl=1&resize=700%2C400 2x"},"classes":[]},{"id":1857,"url":"https:\/\/r-mboutique.com\/index.php\/product\/viceroy-471090-95\/","url_meta":{"origin":8024,"position":1},"title":"viceroy 471090-95","author":"Ramzi Merabtine","date":"09\/08\/2020","format":false,"excerpt":"Montre Viceroy. envios gratuitement. Montre Viceroy Ladies. Quartz trois aiguilles. Bo\u00eetier et bracelet acier. Taille 28\u00a0mm \u00e9tanche 30\u00a0m. Garantie 2\u00a0ans. Par l'achat est livr\u00e9 un Obsequio.","rel":"","context":"Article similaire","block_context":{"text":"Article similaire","link":""},"img":{"alt_text":"","src":"https:\/\/i0.wp.com\/r-mboutique.com\/wp-content\/uploads\/2020\/09\/viceroy-471012-2303.jpg?fit=684%2C684&ssl=1&resize=350%2C200","width":350,"height":200,"srcset":"https:\/\/i0.wp.com\/r-mboutique.com\/wp-content\/uploads\/2020\/09\/viceroy-471012-2303.jpg?fit=684%2C684&ssl=1&resize=350%2C200 1x, https:\/\/i0.wp.com\/r-mboutique.com\/wp-content\/uploads\/2020\/09\/viceroy-471012-2303.jpg?fit=684%2C684&ssl=1&resize=525%2C300 1.5x"},"classes":[]},{"id":1840,"url":"https:\/\/r-mboutique.com\/index.php\/product\/viceroy-401053\/","url_meta":{"origin":8024,"position":2},"title":"viceroy 401053","author":"Ramzi Merabtine","date":"09\/08\/2020","format":false,"excerpt":"Montre bracelet 401053-37 pour homme \u00e0 quartz, avec une bo\u00eetier de acier inoxydable d\u2019un diam\u00e8tre de 41 mm, avec un cadran bleu et avec un bracelet de acier inoxydable en couleur noir.","rel":"","context":"Article similaire","block_context":{"text":"Article similaire","link":""},"img":{"alt_text":"","src":"https:\/\/i0.wp.com\/r-mboutique.com\/wp-content\/uploads\/2020\/09\/viceroy-40105301.jpg?fit=890%2C890&ssl=1&resize=350%2C200","width":350,"height":200,"srcset":"https:\/\/i0.wp.com\/r-mboutique.com\/wp-content\/uploads\/2020\/09\/viceroy-40105301.jpg?fit=890%2C890&ssl=1&resize=350%2C200 1x, https:\/\/i0.wp.com\/r-mboutique.com\/wp-content\/uploads\/2020\/09\/viceroy-40105301.jpg?fit=890%2C890&ssl=1&resize=525%2C300 1.5x, https:\/\/i0.wp.com\/r-mboutique.com\/wp-content\/uploads\/2020\/09\/viceroy-40105301.jpg?fit=890%2C890&ssl=1&resize=700%2C400 2x"},"classes":[]},{"id":8766,"url":"https:\/\/r-mboutique.com\/index.php\/product\/viceroy-42255-35\/","url_meta":{"origin":8024,"position":3},"title":"Viceroy 42255-35","author":"Ramzi Merabtine","date":"06\/26\/2025","format":false,"excerpt":"Cette montre\u00a0Viceroy\u00a0\u00e0 un bo\u00eetier en acier inoxydable avec un diam\u00e8tre de 43mm et poss\u00e8de un bracelet en caoutchouc. Le bo\u00eetier de la montre contient un mouvement et un cristal min\u00e9ral. La montre est \u00e9tanche \u00e0 10ATM. Cela signifie que la montre est \u00e9tanche pour la douche. La montre est livr\u00e9e\u2026","rel":"","context":"Article similaire","block_context":{"text":"Article similaire","link":""},"img":{"alt_text":"","src":"https:\/\/i0.wp.com\/r-mboutique.com\/wp-content\/uploads\/2025\/06\/2011af52-67fd-4860-b3ef-987f72bd86d9-scaled.jpeg?fit=1200%2C1200&ssl=1&resize=350%2C200","width":350,"height":200,"srcset":"https:\/\/i0.wp.com\/r-mboutique.com\/wp-content\/uploads\/2025\/06\/2011af52-67fd-4860-b3ef-987f72bd86d9-scaled.jpeg?fit=1200%2C1200&ssl=1&resize=350%2C200 1x, https:\/\/i0.wp.com\/r-mboutique.com\/wp-content\/uploads\/2025\/06\/2011af52-67fd-4860-b3ef-987f72bd86d9-scaled.jpeg?fit=1200%2C1200&ssl=1&resize=525%2C300 1.5x, https:\/\/i0.wp.com\/r-mboutique.com\/wp-content\/uploads\/2025\/06\/2011af52-67fd-4860-b3ef-987f72bd86d9-scaled.jpeg?fit=1200%2C1200&ssl=1&resize=700%2C400 2x, https:\/\/i0.wp.com\/r-mboutique.com\/wp-content\/uploads\/2025\/06\/2011af52-67fd-4860-b3ef-987f72bd86d9-scaled.jpeg?fit=1200%2C1200&ssl=1&resize=1050%2C600 3x"},"classes":[]},{"id":8665,"url":"https:\/\/r-mboutique.com\/index.php\/product\/viceroy-lady-46300-50\/","url_meta":{"origin":8024,"position":4},"title":"Viceroy Lady 46300-50","author":"Ramzi Merabtine","date":"04\/21\/2025","format":false,"excerpt":"Cette montre Viceroy \u00e0 un bo\u00eetier en acier inoxydable\u00a0\u00a0avec un diam\u00e8tre de 18mm et poss\u00e8de un bracelet en\u00a0acier. Le bo\u00eetier de la montre contient un mouvement et un cristal min\u00e9ral. La montre est \u00e9tanche \u00e0 3ATM. Cela signifie que la montre est \u00e9tanche pour lavage des mains.\u00a0 La montre est\u2026","rel":"","context":"Article similaire","block_context":{"text":"Article similaire","link":""},"img":{"alt_text":"","src":"https:\/\/i0.wp.com\/r-mboutique.com\/wp-content\/uploads\/2025\/04\/img_6612.jpeg?fit=1200%2C1200&ssl=1&resize=350%2C200","width":350,"height":200,"srcset":"https:\/\/i0.wp.com\/r-mboutique.com\/wp-content\/uploads\/2025\/04\/img_6612.jpeg?fit=1200%2C1200&ssl=1&resize=350%2C200 1x, https:\/\/i0.wp.com\/r-mboutique.com\/wp-content\/uploads\/2025\/04\/img_6612.jpeg?fit=1200%2C1200&ssl=1&resize=525%2C300 1.5x, https:\/\/i0.wp.com\/r-mboutique.com\/wp-content\/uploads\/2025\/04\/img_6612.jpeg?fit=1200%2C1200&ssl=1&resize=700%2C400 2x, https:\/\/i0.wp.com\/r-mboutique.com\/wp-content\/uploads\/2025\/04\/img_6612.jpeg?fit=1200%2C1200&ssl=1&resize=1050%2C600 3x"},"classes":[]},{"id":4820,"url":"https:\/\/r-mboutique.com\/index.php\/product\/viceroy-ceramic-47686-07\/","url_meta":{"origin":8024,"position":5},"title":"Viceroy Ceramic 47686-07","author":"Ramzi Merabtine","date":"03\/14\/2022","format":false,"excerpt":"Cette montre Viceroy \u00e0 un bo\u00eetier en\u00a0c\u00e9ramique\u00a0avec un diam\u00e8tre de 34mm et poss\u00e8de un bracelet en\u00a0c\u00e9ramique. Le bo\u00eetier de la montre contient un mouvement et un cristal\u00a0min\u00e9ral. La montre est \u00e9tanche \u00e0 3ATM. Cela signifie que la montre est \u00e9tanche pour les\u00a0\u00e9claboussures.\u00a0 La montre est livr\u00e9e avec 2 ann\u00e9es de\u2026","rel":"","context":"Article similaire","block_context":{"text":"Article similaire","link":""},"img":{"alt_text":"","src":"https:\/\/i0.wp.com\/r-mboutique.com\/wp-content\/uploads\/2023\/12\/843340e2-8592-45ca-aadf-2b4d6a2dd584-1-scaled.jpeg?fit=1200%2C1200&ssl=1&resize=350%2C200","width":350,"height":200,"srcset":"https:\/\/i0.wp.com\/r-mboutique.com\/wp-content\/uploads\/2023\/12\/843340e2-8592-45ca-aadf-2b4d6a2dd584-1-scaled.jpeg?fit=1200%2C1200&ssl=1&resize=350%2C200 1x, https:\/\/i0.wp.com\/r-mboutique.com\/wp-content\/uploads\/2023\/12\/843340e2-8592-45ca-aadf-2b4d6a2dd584-1-scaled.jpeg?fit=1200%2C1200&ssl=1&resize=525%2C300 1.5x, https:\/\/i0.wp.com\/r-mboutique.com\/wp-content\/uploads\/2023\/12\/843340e2-8592-45ca-aadf-2b4d6a2dd584-1-scaled.jpeg?fit=1200%2C1200&ssl=1&resize=700%2C400 2x, https:\/\/i0.wp.com\/r-mboutique.com\/wp-content\/uploads\/2023\/12\/843340e2-8592-45ca-aadf-2b4d6a2dd584-1-scaled.jpeg?fit=1200%2C1200&ssl=1&resize=1050%2C600 3x"},"classes":[]}],"_links":{"self":[{"href":"https:\/\/r-mboutique.com\/index.php\/wp-json\/wp\/v2\/product\/8024"}],"collection":[{"href":"https:\/\/r-mboutique.com\/index.php\/wp-json\/wp\/v2\/product"}],"about":[{"href":"https:\/\/r-mboutique.com\/index.php\/wp-json\/wp\/v2\/types\/product"}],"replies":[{"embeddable":true,"href":"https:\/\/r-mboutique.com\/index.php\/wp-json\/wp\/v2\/comments?post=8024"}],"wp:featuredmedia":[{"embeddable":true,"href":"https:\/\/r-mboutique.com\/index.php\/wp-json\/wp\/v2\/media\/8023"}],"wp:attachment":[{"href":"https:\/\/r-mboutique.com\/index.php\/wp-json\/wp\/v2\/media?parent=8024"}],"wp:term":[{"taxonomy":"product_cat","embeddable":true,"href":"https:\/\/r-mboutique.com\/index.php\/wp-json\/wp\/v2\/product_cat?post=8024"},{"taxonomy":"product_tag","embeddable":true,"href":"https:\/\/r-mboutique.com\/index.php\/wp-json\/wp\/v2\/product_tag?post=8024"}],"curies":[{"name":"wp","href":"https:\/\/api.w.org\/{rel}","templated":true}]}}